{"id":55355,"date":"2025-02-17T19:09:46","date_gmt":"2025-02-17T17:09:46","guid":{"rendered":"https:\/\/miumjau.ee\/toode\/ontario-tray-pastetas-katems-su-vistiena-ir-jautiena-115-g\/"},"modified":"2025-02-17T19:09:46","modified_gmt":"2025-02-17T17:09:46","slug":"ontario-tray-pastetas-katems-su-vistiena-ir-jautiena-115-g","status":"publish","type":"product","link":"https:\/\/miumjau.ee\/lt\/produktas\/ontario-tray-pastetas-katems-su-vistiena-ir-jautiena-115-g\/","title":{"rendered":"Ontario Tray pa\u0161tetas kat\u0117ms su vi\u0161tiena ir jautiena 115 g"},"content":{"rendered":"","protected":false},"excerpt":{"rendered":"<p data-start=\"823\" data-end=\"923\">Visavertis konservuotas pa\u0161aras kat\u0117ms \u2013 mink\u0161tas pa\u0161tetas. Lengvai valgomas ir lengvai vir\u0161kinamas.<\/p>\n<p data-start=\"925\" data-end=\"1163\">Pagamintas auk\u0161toje temperat\u016broje ir sl\u0117gyje, siekiant i\u0161saugoti visus vitaminus ir svarbias maistines med\u017eiagas. Sud\u0117tyje yra taurino, kuris palaiko kat\u0117s reg\u0117jim\u0105, nerv\u0173 sistem\u0105 ir bendr\u0105 sveikat\u0105. Skanus vi\u0161tienos ir jautienos derinys.<\/p>\n<p data-start=\"1165\" data-end=\"1182\"><strong data-start=\"1165\" data-end=\"1176\">Svoris:<\/strong> 115 g<\/p>\n<p data-start=\"1184\" data-end=\"1299\"><strong data-start=\"1184\" data-end=\"1196\">Sud\u0117tis:<\/strong> 93% m\u0117sa ir gyv\u016bnin\u0117s kilm\u0117s \u0161alutiniai produktai (81% vi\u0161tiena, 19% jautiena), mineralin\u0117s med\u017eiagos.<\/p>\n","protected":false},"featured_media":55356,"template":"","meta":[],"product_brand":[],"product_cat":[526],"product_tag":[],"class_list":{"0":"post-55355","1":"product","2":"type-product","3":"status-publish","4":"has-post-thumbnail","6":"product_cat-slapias-maistas","8":"first","9":"instock","10":"downloadable","11":"taxable","12":"shipping-taxable","13":"purchasable","14":"product-type-simple"},"yoast_head":"<!-- This site is optimized with the Yoast SEO plugin v27.4 - https:\/\/yoast.com\/product\/yoast-seo-wordpress\/ -->\n<title>Ontario Tray pa\u0161tetas kat\u0117ms su vi\u0161tiena ir jautiena 115 g - MiuMjau<\/title>\n<meta name=\"robots\" content=\"index, follow, max-snippet:-1, max-image-preview:large, max-video-preview:-1\" \/>\n<link rel=\"canonical\" href=\"https:\/\/miumjau.ee\/lt\/produktas\/ontario-tray-pastetas-katems-su-vistiena-ir-jautiena-115-g\/\" \/>\n<meta property=\"og:locale\" content=\"lt_LT\" \/>\n<meta property=\"og:type\" content=\"article\" \/>\n<meta property=\"og:title\" content=\"Ontario Tray pa\u0161tetas kat\u0117ms su vi\u0161tiena ir jautiena 115 g - MiuMjau\" \/>\n<meta property=\"og:description\" content=\"Visavertis konservuotas pa\u0161aras kat\u0117ms \u2013 mink\u0161tas pa\u0161tetas. Lengvai valgomas ir lengvai vir\u0161kinamas. Pagamintas auk\u0161toje temperat\u016broje ir sl\u0117gyje, siekiant i\u0161saugoti visus vitaminus ir svarbias maistines med\u017eiagas. Sud\u0117tyje yra taurino, kuris palaiko kat\u0117s reg\u0117jim\u0105, nerv\u0173 sistem\u0105 ir bendr\u0105 sveikat\u0105. Skanus vi\u0161tienos ir jautienos derinys. Svoris: 115 g Sud\u0117tis: 93% m\u0117sa ir gyv\u016bnin\u0117s kilm\u0117s \u0161alutiniai produktai (81% vi\u0161tiena, 19% jautiena), mineralin\u0117s med\u017eiagos.\" \/>\n<meta property=\"og:url\" content=\"https:\/\/miumjau.ee\/lt\/produktas\/ontario-tray-pastetas-katems-su-vistiena-ir-jautiena-115-g\/\" \/>\n<meta property=\"og:site_name\" content=\"MiuMjau\" \/>\n<meta property=\"article:publisher\" content=\"https:\/\/www.facebook.com\/miumjaupood\/\" \/>\n<meta property=\"og:image\" content=\"https:\/\/miumjau.ee\/wp-content\/uploads\/2025\/02\/ontario-tray-pasteet2.jpg\" \/>\n\t<meta property=\"og:image:width\" content=\"600\" \/>\n\t<meta property=\"og:image:height\" content=\"800\" \/>\n\t<meta property=\"og:image:type\" content=\"image\/jpeg\" \/>\n<meta name=\"twitter:card\" content=\"summary_large_image\" \/>\n<script type=\"application\/ld+json\" class=\"yoast-schema-graph\">{\"@context\":\"https:\\\/\\\/schema.org\",\"@graph\":[{\"@type\":\"WebPage\",\"@id\":\"https:\\\/\\\/miumjau.ee\\\/lt\\\/produktas\\\/ontario-tray-pastetas-katems-su-vistiena-ir-jautiena-115-g\\\/\",\"url\":\"https:\\\/\\\/miumjau.ee\\\/lt\\\/produktas\\\/ontario-tray-pastetas-katems-su-vistiena-ir-jautiena-115-g\\\/\",\"name\":\"Ontario Tray pa\u0161tetas kat\u0117ms su vi\u0161tiena ir jautiena 115 g - MiuMjau\",\"isPartOf\":{\"@id\":\"https:\\\/\\\/miumjau.ee\\\/#website\"},\"primaryImageOfPage\":{\"@id\":\"https:\\\/\\\/miumjau.ee\\\/lt\\\/produktas\\\/ontario-tray-pastetas-katems-su-vistiena-ir-jautiena-115-g\\\/#primaryimage\"},\"image\":{\"@id\":\"https:\\\/\\\/miumjau.ee\\\/lt\\\/produktas\\\/ontario-tray-pastetas-katems-su-vistiena-ir-jautiena-115-g\\\/#primaryimage\"},\"thumbnailUrl\":\"https:\\\/\\\/miumjau.ee\\\/wp-content\\\/uploads\\\/2025\\\/02\\\/ontario-tray-pasteet2.jpg\",\"datePublished\":\"2025-02-17T17:09:46+00:00\",\"breadcrumb\":{\"@id\":\"https:\\\/\\\/miumjau.ee\\\/lt\\\/produktas\\\/ontario-tray-pastetas-katems-su-vistiena-ir-jautiena-115-g\\\/#breadcrumb\"},\"inLanguage\":\"lt-LT\",\"potentialAction\":[{\"@type\":\"ReadAction\",\"target\":[\"https:\\\/\\\/miumjau.ee\\\/lt\\\/produktas\\\/ontario-tray-pastetas-katems-su-vistiena-ir-jautiena-115-g\\\/\"]}]},{\"@type\":\"ImageObject\",\"inLanguage\":\"lt-LT\",\"@id\":\"https:\\\/\\\/miumjau.ee\\\/lt\\\/produktas\\\/ontario-tray-pastetas-katems-su-vistiena-ir-jautiena-115-g\\\/#primaryimage\",\"url\":\"https:\\\/\\\/miumjau.ee\\\/wp-content\\\/uploads\\\/2025\\\/02\\\/ontario-tray-pasteet2.jpg\",\"contentUrl\":\"https:\\\/\\\/miumjau.ee\\\/wp-content\\\/uploads\\\/2025\\\/02\\\/ontario-tray-pasteet2.jpg\",\"width\":600,\"height\":800},{\"@type\":\"BreadcrumbList\",\"@id\":\"https:\\\/\\\/miumjau.ee\\\/lt\\\/produktas\\\/ontario-tray-pastetas-katems-su-vistiena-ir-jautiena-115-g\\\/#breadcrumb\",\"itemListElement\":[{\"@type\":\"ListItem\",\"position\":1,\"name\":\"Home\",\"item\":\"https:\\\/\\\/miumjau.ee\\\/lt\\\/\"},{\"@type\":\"ListItem\",\"position\":2,\"name\":\"Parduotuv\u0117\",\"item\":\"https:\\\/\\\/miumjau.ee\\\/lt\\\/parduotuve\\\/\"},{\"@type\":\"ListItem\",\"position\":3,\"name\":\"Ontario Tray pa\u0161tetas kat\u0117ms su vi\u0161tiena ir jautiena 115 g\"}]},{\"@type\":\"WebSite\",\"@id\":\"https:\\\/\\\/miumjau.ee\\\/#website\",\"url\":\"https:\\\/\\\/miumjau.ee\\\/\",\"name\":\"MiuMjau\",\"description\":\"Kraapimispuud kassidele\",\"publisher\":{\"@id\":\"https:\\\/\\\/miumjau.ee\\\/#organization\"},\"potentialAction\":[{\"@type\":\"SearchAction\",\"target\":{\"@type\":\"EntryPoint\",\"urlTemplate\":\"https:\\\/\\\/miumjau.ee\\\/?s={search_term_string}\"},\"query-input\":{\"@type\":\"PropertyValueSpecification\",\"valueRequired\":true,\"valueName\":\"search_term_string\"}}],\"inLanguage\":\"lt-LT\"},{\"@type\":\"Organization\",\"@id\":\"https:\\\/\\\/miumjau.ee\\\/#organization\",\"name\":\"MiuMjau O\u00dc\",\"url\":\"https:\\\/\\\/miumjau.ee\\\/\",\"logo\":{\"@type\":\"ImageObject\",\"inLanguage\":\"lt-LT\",\"@id\":\"https:\\\/\\\/miumjau.ee\\\/#\\\/schema\\\/logo\\\/image\\\/\",\"url\":\"https:\\\/\\\/miumjau.ee\\\/wp-content\\\/uploads\\\/2022\\\/04\\\/MiuMjau-logo-kollane.png\",\"contentUrl\":\"https:\\\/\\\/miumjau.ee\\\/wp-content\\\/uploads\\\/2022\\\/04\\\/MiuMjau-logo-kollane.png\",\"width\":219,\"height\":100,\"caption\":\"MiuMjau O\u00dc\"},\"image\":{\"@id\":\"https:\\\/\\\/miumjau.ee\\\/#\\\/schema\\\/logo\\\/image\\\/\"},\"sameAs\":[\"https:\\\/\\\/www.facebook.com\\\/miumjaupood\\\/\"]}]}<\/script>\n<!-- \/ Yoast SEO plugin. -->","yoast_head_json":{"title":"Ontario Tray pa\u0161tetas kat\u0117ms su vi\u0161tiena ir jautiena 115 g - MiuMjau","robots":{"index":"index","follow":"follow","max-snippet":"max-snippet:-1","max-image-preview":"max-image-preview:large","max-video-preview":"max-video-preview:-1"},"canonical":"https:\/\/miumjau.ee\/lt\/produktas\/ontario-tray-pastetas-katems-su-vistiena-ir-jautiena-115-g\/","og_locale":"lt_LT","og_type":"article","og_title":"Ontario Tray pa\u0161tetas kat\u0117ms su vi\u0161tiena ir jautiena 115 g - MiuMjau","og_description":"Visavertis konservuotas pa\u0161aras kat\u0117ms \u2013 mink\u0161tas pa\u0161tetas. Lengvai valgomas ir lengvai vir\u0161kinamas. Pagamintas auk\u0161toje temperat\u016broje ir sl\u0117gyje, siekiant i\u0161saugoti visus vitaminus ir svarbias maistines med\u017eiagas. Sud\u0117tyje yra taurino, kuris palaiko kat\u0117s reg\u0117jim\u0105, nerv\u0173 sistem\u0105 ir bendr\u0105 sveikat\u0105. Skanus vi\u0161tienos ir jautienos derinys. Svoris: 115 g Sud\u0117tis: 93% m\u0117sa ir gyv\u016bnin\u0117s kilm\u0117s \u0161alutiniai produktai (81% vi\u0161tiena, 19% jautiena), mineralin\u0117s med\u017eiagos.","og_url":"https:\/\/miumjau.ee\/lt\/produktas\/ontario-tray-pastetas-katems-su-vistiena-ir-jautiena-115-g\/","og_site_name":"MiuMjau","article_publisher":"https:\/\/www.facebook.com\/miumjaupood\/","og_image":[{"width":600,"height":800,"url":"https:\/\/miumjau.ee\/wp-content\/uploads\/2025\/02\/ontario-tray-pasteet2.jpg","type":"image\/jpeg"}],"twitter_card":"summary_large_image","schema":{"@context":"https:\/\/schema.org","@graph":[{"@type":"WebPage","@id":"https:\/\/miumjau.ee\/lt\/produktas\/ontario-tray-pastetas-katems-su-vistiena-ir-jautiena-115-g\/","url":"https:\/\/miumjau.ee\/lt\/produktas\/ontario-tray-pastetas-katems-su-vistiena-ir-jautiena-115-g\/","name":"Ontario Tray pa\u0161tetas kat\u0117ms su vi\u0161tiena ir jautiena 115 g - MiuMjau","isPartOf":{"@id":"https:\/\/miumjau.ee\/#website"},"primaryImageOfPage":{"@id":"https:\/\/miumjau.ee\/lt\/produktas\/ontario-tray-pastetas-katems-su-vistiena-ir-jautiena-115-g\/#primaryimage"},"image":{"@id":"https:\/\/miumjau.ee\/lt\/produktas\/ontario-tray-pastetas-katems-su-vistiena-ir-jautiena-115-g\/#primaryimage"},"thumbnailUrl":"https:\/\/miumjau.ee\/wp-content\/uploads\/2025\/02\/ontario-tray-pasteet2.jpg","datePublished":"2025-02-17T17:09:46+00:00","breadcrumb":{"@id":"https:\/\/miumjau.ee\/lt\/produktas\/ontario-tray-pastetas-katems-su-vistiena-ir-jautiena-115-g\/#breadcrumb"},"inLanguage":"lt-LT","potentialAction":[{"@type":"ReadAction","target":["https:\/\/miumjau.ee\/lt\/produktas\/ontario-tray-pastetas-katems-su-vistiena-ir-jautiena-115-g\/"]}]},{"@type":"ImageObject","inLanguage":"lt-LT","@id":"https:\/\/miumjau.ee\/lt\/produktas\/ontario-tray-pastetas-katems-su-vistiena-ir-jautiena-115-g\/#primaryimage","url":"https:\/\/miumjau.ee\/wp-content\/uploads\/2025\/02\/ontario-tray-pasteet2.jpg","contentUrl":"https:\/\/miumjau.ee\/wp-content\/uploads\/2025\/02\/ontario-tray-pasteet2.jpg","width":600,"height":800},{"@type":"BreadcrumbList","@id":"https:\/\/miumjau.ee\/lt\/produktas\/ontario-tray-pastetas-katems-su-vistiena-ir-jautiena-115-g\/#breadcrumb","itemListElement":[{"@type":"ListItem","position":1,"name":"Home","item":"https:\/\/miumjau.ee\/lt\/"},{"@type":"ListItem","position":2,"name":"Parduotuv\u0117","item":"https:\/\/miumjau.ee\/lt\/parduotuve\/"},{"@type":"ListItem","position":3,"name":"Ontario Tray pa\u0161tetas kat\u0117ms su vi\u0161tiena ir jautiena 115 g"}]},{"@type":"WebSite","@id":"https:\/\/miumjau.ee\/#website","url":"https:\/\/miumjau.ee\/","name":"MiuMjau","description":"Kraapimispuud kassidele","publisher":{"@id":"https:\/\/miumjau.ee\/#organization"},"potentialAction":[{"@type":"SearchAction","target":{"@type":"EntryPoint","urlTemplate":"https:\/\/miumjau.ee\/?s={search_term_string}"},"query-input":{"@type":"PropertyValueSpecification","valueRequired":true,"valueName":"search_term_string"}}],"inLanguage":"lt-LT"},{"@type":"Organization","@id":"https:\/\/miumjau.ee\/#organization","name":"MiuMjau O\u00dc","url":"https:\/\/miumjau.ee\/","logo":{"@type":"ImageObject","inLanguage":"lt-LT","@id":"https:\/\/miumjau.ee\/#\/schema\/logo\/image\/","url":"https:\/\/miumjau.ee\/wp-content\/uploads\/2022\/04\/MiuMjau-logo-kollane.png","contentUrl":"https:\/\/miumjau.ee\/wp-content\/uploads\/2022\/04\/MiuMjau-logo-kollane.png","width":219,"height":100,"caption":"MiuMjau O\u00dc"},"image":{"@id":"https:\/\/miumjau.ee\/#\/schema\/logo\/image\/"},"sameAs":["https:\/\/www.facebook.com\/miumjaupood\/"]}]}},"_links":{"self":[{"href":"https:\/\/miumjau.ee\/lt\/wp-json\/wp\/v2\/product\/55355","targetHints":{"allow":["GET"]}}],"collection":[{"href":"https:\/\/miumjau.ee\/lt\/wp-json\/wp\/v2\/product"}],"about":[{"href":"https:\/\/miumjau.ee\/lt\/wp-json\/wp\/v2\/types\/product"}],"wp:featuredmedia":[{"embeddable":true,"href":"https:\/\/miumjau.ee\/lt\/wp-json\/wp\/v2\/media\/55356"}],"wp:attachment":[{"href":"https:\/\/miumjau.ee\/lt\/wp-json\/wp\/v2\/media?parent=55355"}],"wp:term":[{"taxonomy":"product_brand","embeddable":true,"href":"https:\/\/miumjau.ee\/lt\/wp-json\/wp\/v2\/product_brand?post=55355"},{"taxonomy":"product_cat","embeddable":true,"href":"https:\/\/miumjau.ee\/lt\/wp-json\/wp\/v2\/product_cat?post=55355"},{"taxonomy":"product_tag","embeddable":true,"href":"https:\/\/miumjau.ee\/lt\/wp-json\/wp\/v2\/product_tag?post=55355"}],"curies":[{"name":"wp","href":"https:\/\/api.w.org\/{rel}","templated":true}]}}