{"id":55352,"date":"2025-02-17T21:19:13","date_gmt":"2025-02-17T19:19:13","guid":{"rendered":"https:\/\/miumjau.ee\/toode\/ontario-herb-dregnas-pasaras-katems-su-vistiena-krevetemis-ir-rozmarinu-80-g\/"},"modified":"2025-02-17T21:19:13","modified_gmt":"2025-02-17T19:19:13","slug":"ontario-herb-dregnas-pasaras-katems-su-vistiena-krevetemis-ir-rozmarinu-80-g","status":"publish","type":"product","link":"https:\/\/miumjau.ee\/lt\/produktas\/ontario-herb-dregnas-pasaras-katems-su-vistiena-krevetemis-ir-rozmarinu-80-g\/","title":{"rendered":"Ontario Herb dr\u0117gnas pa\u0161aras kat\u0117ms su vi\u0161tiena, krevet\u0117mis ir rozmarinu 80 g"},"content":{"rendered":"","protected":false},"excerpt":{"rendered":"<p data-start=\"1399\" data-end=\"1574\">Puikus pasirinkimas kat\u0117ms, kurios m\u0117gsta skan\u0173 ir sveik\u0105 maist\u0105 \u2013 vi\u0161tiena ir krevet\u0117s suteikia prabang\u0173 skon\u012f, tuo pa\u010diu palaikydamos j\u016bs\u0173 augintinio sveikat\u0105 ir vir\u0161kinim\u0105!<\/p>\n<p data-start=\"1576\" data-end=\"1761\">Papildomas pa\u0161aras suaugusioms kat\u0117ms. Skan\u016bs vi\u0161tienos gabal\u0117liai su krevet\u0117mis ir \u017eirniais gard\u017eiame pada\u017ee, kuris skatina skys\u010di\u0173 suvartojim\u0105 ir suteikia racionui malonios \u012fvairov\u0117s.<\/p>\n<p data-start=\"1763\" data-end=\"2191\">\u2714 45% vi\u0161tiena \u2013 puikus baltym\u0173 \u0161altinis stipriems raumenims ir gerai sveikatai.<br data-start=\"1843\" data-end=\"1846\" \/>\u2714 8% krevet\u0117s \u2013 skanus ir maistingas j\u016bros g\u0117rybi\u0173 priedas, turtingas omega-3 riebal\u0173 r\u016bg\u0161timis.<br data-start=\"1942\" data-end=\"1945\" \/>\u2714 Rozmarinas \u2013 palaiko vir\u0161kinim\u0105 ir veikia kaip nat\u016bralus antioksidantas.<br data-start=\"2019\" data-end=\"2022\" \/>\u2714 Nat\u016brali ir kokybi\u0161ka sud\u0117tis \u2013 be dirbtini\u0173 da\u017eikli\u0173, konservant\u0173 ir pried\u0173.<br data-start=\"2101\" data-end=\"2104\" \/>\u2714 Universalus naudojimas \u2013 puikiai tinka kaip u\u017ekandis arba papildas prie sauso pa\u0161aro.<\/p>\n<p data-start=\"2193\" data-end=\"2273\"><strong data-start=\"2193\" data-end=\"2205\">Sud\u0117tis:<\/strong> 45% vi\u0161tiena, 8% krevet\u0117s, 3% \u017eirniai, 1% ry\u017eiai, rozmarinas ir kt.<\/p>\n<p data-start=\"2275\" data-end=\"2368\"><strong data-start=\"2275\" data-end=\"2297\">Analitin\u0117 sud\u0117tis:<\/strong> Baltymai 10%, riebalai 0,2%, skaidulos 0,3%, pelenai 1,5%, dr\u0117gm\u0117 88%.<\/p>\n<p data-start=\"2370\" data-end=\"2515\" data-is-last-node=\"\" data-is-only-node=\"\"><strong data-start=\"2370\" data-end=\"2383\">Laikymas:<\/strong> Laikyti sausoje ir v\u0117sioje vietoje. Atidarius laikyti \u0161aldytuve ir sunaudoti per 3 dienas. U\u017etikrinti prieig\u0105 prie \u0161vie\u017eio vandens.<\/p>\n","protected":false},"featured_media":52487,"template":"","meta":[],"product_brand":[],"product_cat":[526],"product_tag":[],"class_list":{"0":"post-55352","1":"product","2":"type-product","3":"status-publish","4":"has-post-thumbnail","6":"product_cat-slapias-maistas","8":"first","9":"outofstock","10":"sale","11":"taxable","12":"shipping-taxable","13":"purchasable","14":"product-type-simple"},"yoast_head":"<!-- This site is optimized with the Yoast SEO plugin v27.4 - https:\/\/yoast.com\/product\/yoast-seo-wordpress\/ -->\n<title>Ontario Herb dr\u0117gnas pa\u0161aras kat\u0117ms su vi\u0161tiena, krevet\u0117mis ir rozmarinu 80 g - MiuMjau<\/title>\n<meta name=\"robots\" content=\"index, follow, max-snippet:-1, max-image-preview:large, max-video-preview:-1\" \/>\n<link rel=\"canonical\" href=\"https:\/\/miumjau.ee\/lt\/produktas\/ontario-herb-dregnas-pasaras-katems-su-vistiena-krevetemis-ir-rozmarinu-80-g\/\" \/>\n<meta property=\"og:locale\" content=\"lt_LT\" \/>\n<meta property=\"og:type\" content=\"article\" \/>\n<meta property=\"og:title\" content=\"Ontario Herb dr\u0117gnas pa\u0161aras kat\u0117ms su vi\u0161tiena, krevet\u0117mis ir rozmarinu 80 g - MiuMjau\" \/>\n<meta property=\"og:description\" content=\"Puikus pasirinkimas kat\u0117ms, kurios m\u0117gsta skan\u0173 ir sveik\u0105 maist\u0105 \u2013 vi\u0161tiena ir krevet\u0117s suteikia prabang\u0173 skon\u012f, tuo pa\u010diu palaikydamos j\u016bs\u0173 augintinio sveikat\u0105 ir vir\u0161kinim\u0105! Papildomas pa\u0161aras suaugusioms kat\u0117ms. Skan\u016bs vi\u0161tienos gabal\u0117liai su krevet\u0117mis ir \u017eirniais gard\u017eiame pada\u017ee, kuris skatina skys\u010di\u0173 suvartojim\u0105 ir suteikia racionui malonios \u012fvairov\u0117s. \u2714 45% vi\u0161tiena \u2013 puikus baltym\u0173 \u0161altinis stipriems raumenims ir gerai sveikatai.\u2714 8% krevet\u0117s \u2013 skanus ir maistingas j\u016bros g\u0117rybi\u0173 priedas, turtingas omega-3 riebal\u0173 r\u016bg\u0161timis.\u2714 Rozmarinas \u2013 palaiko vir\u0161kinim\u0105 ir veikia kaip nat\u016bralus antioksidantas.\u2714 Nat\u016brali ir kokybi\u0161ka sud\u0117tis \u2013 be dirbtini\u0173 da\u017eikli\u0173, konservant\u0173 ir pried\u0173.\u2714 Universalus naudojimas \u2013 puikiai tinka kaip u\u017ekandis arba papildas prie sauso pa\u0161aro. Sud\u0117tis: 45% vi\u0161tiena, 8% krevet\u0117s, 3% \u017eirniai, 1% ry\u017eiai, rozmarinas ir kt. Analitin\u0117 sud\u0117tis: Baltymai 10%, riebalai 0,2%, skaidulos 0,3%, pelenai 1,5%, dr\u0117gm\u0117 88%. Laikymas: Laikyti sausoje ir v\u0117sioje vietoje. Atidarius laikyti \u0161aldytuve ir sunaudoti per 3 dienas. U\u017etikrinti prieig\u0105 prie \u0161vie\u017eio vandens.\" \/>\n<meta property=\"og:url\" content=\"https:\/\/miumjau.ee\/lt\/produktas\/ontario-herb-dregnas-pasaras-katems-su-vistiena-krevetemis-ir-rozmarinu-80-g\/\" \/>\n<meta property=\"og:site_name\" content=\"MiuMjau\" \/>\n<meta property=\"article:publisher\" content=\"https:\/\/www.facebook.com\/miumjaupood\/\" \/>\n<meta property=\"og:image\" content=\"https:\/\/miumjau.ee\/wp-content\/uploads\/2025\/02\/ontario-herb-margtoit-kassile3.jpg\" \/>\n\t<meta property=\"og:image:width\" content=\"600\" \/>\n\t<meta property=\"og:image:height\" content=\"800\" \/>\n\t<meta property=\"og:image:type\" content=\"image\/jpeg\" \/>\n<meta name=\"twitter:card\" content=\"summary_large_image\" \/>\n<script type=\"application\/ld+json\" class=\"yoast-schema-graph\">{\"@context\":\"https:\\\/\\\/schema.org\",\"@graph\":[{\"@type\":\"WebPage\",\"@id\":\"https:\\\/\\\/miumjau.ee\\\/lt\\\/produktas\\\/ontario-herb-dregnas-pasaras-katems-su-vistiena-krevetemis-ir-rozmarinu-80-g\\\/\",\"url\":\"https:\\\/\\\/miumjau.ee\\\/lt\\\/produktas\\\/ontario-herb-dregnas-pasaras-katems-su-vistiena-krevetemis-ir-rozmarinu-80-g\\\/\",\"name\":\"Ontario Herb dr\u0117gnas pa\u0161aras kat\u0117ms su vi\u0161tiena, krevet\u0117mis ir rozmarinu 80 g - MiuMjau\",\"isPartOf\":{\"@id\":\"https:\\\/\\\/miumjau.ee\\\/#website\"},\"primaryImageOfPage\":{\"@id\":\"https:\\\/\\\/miumjau.ee\\\/lt\\\/produktas\\\/ontario-herb-dregnas-pasaras-katems-su-vistiena-krevetemis-ir-rozmarinu-80-g\\\/#primaryimage\"},\"image\":{\"@id\":\"https:\\\/\\\/miumjau.ee\\\/lt\\\/produktas\\\/ontario-herb-dregnas-pasaras-katems-su-vistiena-krevetemis-ir-rozmarinu-80-g\\\/#primaryimage\"},\"thumbnailUrl\":\"https:\\\/\\\/miumjau.ee\\\/wp-content\\\/uploads\\\/2025\\\/02\\\/ontario-herb-margtoit-kassile3.jpg\",\"datePublished\":\"2025-02-17T19:19:13+00:00\",\"breadcrumb\":{\"@id\":\"https:\\\/\\\/miumjau.ee\\\/lt\\\/produktas\\\/ontario-herb-dregnas-pasaras-katems-su-vistiena-krevetemis-ir-rozmarinu-80-g\\\/#breadcrumb\"},\"inLanguage\":\"lt-LT\",\"potentialAction\":[{\"@type\":\"ReadAction\",\"target\":[\"https:\\\/\\\/miumjau.ee\\\/lt\\\/produktas\\\/ontario-herb-dregnas-pasaras-katems-su-vistiena-krevetemis-ir-rozmarinu-80-g\\\/\"]}]},{\"@type\":\"ImageObject\",\"inLanguage\":\"lt-LT\",\"@id\":\"https:\\\/\\\/miumjau.ee\\\/lt\\\/produktas\\\/ontario-herb-dregnas-pasaras-katems-su-vistiena-krevetemis-ir-rozmarinu-80-g\\\/#primaryimage\",\"url\":\"https:\\\/\\\/miumjau.ee\\\/wp-content\\\/uploads\\\/2025\\\/02\\\/ontario-herb-margtoit-kassile3.jpg\",\"contentUrl\":\"https:\\\/\\\/miumjau.ee\\\/wp-content\\\/uploads\\\/2025\\\/02\\\/ontario-herb-margtoit-kassile3.jpg\",\"width\":600,\"height\":800,\"caption\":\"Ontario Herb m\u00e4rgtoit kassile kana, krevettide ja rosmariiniga 80g\"},{\"@type\":\"BreadcrumbList\",\"@id\":\"https:\\\/\\\/miumjau.ee\\\/lt\\\/produktas\\\/ontario-herb-dregnas-pasaras-katems-su-vistiena-krevetemis-ir-rozmarinu-80-g\\\/#breadcrumb\",\"itemListElement\":[{\"@type\":\"ListItem\",\"position\":1,\"name\":\"Home\",\"item\":\"https:\\\/\\\/miumjau.ee\\\/lt\\\/\"},{\"@type\":\"ListItem\",\"position\":2,\"name\":\"Parduotuv\u0117\",\"item\":\"https:\\\/\\\/miumjau.ee\\\/lt\\\/parduotuve\\\/\"},{\"@type\":\"ListItem\",\"position\":3,\"name\":\"Ontario Herb dr\u0117gnas pa\u0161aras kat\u0117ms su vi\u0161tiena, krevet\u0117mis ir rozmarinu 80 g\"}]},{\"@type\":\"WebSite\",\"@id\":\"https:\\\/\\\/miumjau.ee\\\/#website\",\"url\":\"https:\\\/\\\/miumjau.ee\\\/\",\"name\":\"MiuMjau\",\"description\":\"Kraapimispuud kassidele\",\"publisher\":{\"@id\":\"https:\\\/\\\/miumjau.ee\\\/#organization\"},\"potentialAction\":[{\"@type\":\"SearchAction\",\"target\":{\"@type\":\"EntryPoint\",\"urlTemplate\":\"https:\\\/\\\/miumjau.ee\\\/?s={search_term_string}\"},\"query-input\":{\"@type\":\"PropertyValueSpecification\",\"valueRequired\":true,\"valueName\":\"search_term_string\"}}],\"inLanguage\":\"lt-LT\"},{\"@type\":\"Organization\",\"@id\":\"https:\\\/\\\/miumjau.ee\\\/#organization\",\"name\":\"MiuMjau O\u00dc\",\"url\":\"https:\\\/\\\/miumjau.ee\\\/\",\"logo\":{\"@type\":\"ImageObject\",\"inLanguage\":\"lt-LT\",\"@id\":\"https:\\\/\\\/miumjau.ee\\\/#\\\/schema\\\/logo\\\/image\\\/\",\"url\":\"https:\\\/\\\/miumjau.ee\\\/wp-content\\\/uploads\\\/2022\\\/04\\\/MiuMjau-logo-kollane.png\",\"contentUrl\":\"https:\\\/\\\/miumjau.ee\\\/wp-content\\\/uploads\\\/2022\\\/04\\\/MiuMjau-logo-kollane.png\",\"width\":219,\"height\":100,\"caption\":\"MiuMjau O\u00dc\"},\"image\":{\"@id\":\"https:\\\/\\\/miumjau.ee\\\/#\\\/schema\\\/logo\\\/image\\\/\"},\"sameAs\":[\"https:\\\/\\\/www.facebook.com\\\/miumjaupood\\\/\"]}]}<\/script>\n<!-- \/ Yoast SEO plugin. -->","yoast_head_json":{"title":"Ontario Herb dr\u0117gnas pa\u0161aras kat\u0117ms su vi\u0161tiena, krevet\u0117mis ir rozmarinu 80 g - MiuMjau","robots":{"index":"index","follow":"follow","max-snippet":"max-snippet:-1","max-image-preview":"max-image-preview:large","max-video-preview":"max-video-preview:-1"},"canonical":"https:\/\/miumjau.ee\/lt\/produktas\/ontario-herb-dregnas-pasaras-katems-su-vistiena-krevetemis-ir-rozmarinu-80-g\/","og_locale":"lt_LT","og_type":"article","og_title":"Ontario Herb dr\u0117gnas pa\u0161aras kat\u0117ms su vi\u0161tiena, krevet\u0117mis ir rozmarinu 80 g - MiuMjau","og_description":"Puikus pasirinkimas kat\u0117ms, kurios m\u0117gsta skan\u0173 ir sveik\u0105 maist\u0105 \u2013 vi\u0161tiena ir krevet\u0117s suteikia prabang\u0173 skon\u012f, tuo pa\u010diu palaikydamos j\u016bs\u0173 augintinio sveikat\u0105 ir vir\u0161kinim\u0105! Papildomas pa\u0161aras suaugusioms kat\u0117ms. Skan\u016bs vi\u0161tienos gabal\u0117liai su krevet\u0117mis ir \u017eirniais gard\u017eiame pada\u017ee, kuris skatina skys\u010di\u0173 suvartojim\u0105 ir suteikia racionui malonios \u012fvairov\u0117s. \u2714 45% vi\u0161tiena \u2013 puikus baltym\u0173 \u0161altinis stipriems raumenims ir gerai sveikatai.\u2714 8% krevet\u0117s \u2013 skanus ir maistingas j\u016bros g\u0117rybi\u0173 priedas, turtingas omega-3 riebal\u0173 r\u016bg\u0161timis.\u2714 Rozmarinas \u2013 palaiko vir\u0161kinim\u0105 ir veikia kaip nat\u016bralus antioksidantas.\u2714 Nat\u016brali ir kokybi\u0161ka sud\u0117tis \u2013 be dirbtini\u0173 da\u017eikli\u0173, konservant\u0173 ir pried\u0173.\u2714 Universalus naudojimas \u2013 puikiai tinka kaip u\u017ekandis arba papildas prie sauso pa\u0161aro. Sud\u0117tis: 45% vi\u0161tiena, 8% krevet\u0117s, 3% \u017eirniai, 1% ry\u017eiai, rozmarinas ir kt. Analitin\u0117 sud\u0117tis: Baltymai 10%, riebalai 0,2%, skaidulos 0,3%, pelenai 1,5%, dr\u0117gm\u0117 88%. Laikymas: Laikyti sausoje ir v\u0117sioje vietoje. Atidarius laikyti \u0161aldytuve ir sunaudoti per 3 dienas. U\u017etikrinti prieig\u0105 prie \u0161vie\u017eio vandens.","og_url":"https:\/\/miumjau.ee\/lt\/produktas\/ontario-herb-dregnas-pasaras-katems-su-vistiena-krevetemis-ir-rozmarinu-80-g\/","og_site_name":"MiuMjau","article_publisher":"https:\/\/www.facebook.com\/miumjaupood\/","og_image":[{"width":600,"height":800,"url":"https:\/\/miumjau.ee\/wp-content\/uploads\/2025\/02\/ontario-herb-margtoit-kassile3.jpg","type":"image\/jpeg"}],"twitter_card":"summary_large_image","schema":{"@context":"https:\/\/schema.org","@graph":[{"@type":"WebPage","@id":"https:\/\/miumjau.ee\/lt\/produktas\/ontario-herb-dregnas-pasaras-katems-su-vistiena-krevetemis-ir-rozmarinu-80-g\/","url":"https:\/\/miumjau.ee\/lt\/produktas\/ontario-herb-dregnas-pasaras-katems-su-vistiena-krevetemis-ir-rozmarinu-80-g\/","name":"Ontario Herb dr\u0117gnas pa\u0161aras kat\u0117ms su vi\u0161tiena, krevet\u0117mis ir rozmarinu 80 g - MiuMjau","isPartOf":{"@id":"https:\/\/miumjau.ee\/#website"},"primaryImageOfPage":{"@id":"https:\/\/miumjau.ee\/lt\/produktas\/ontario-herb-dregnas-pasaras-katems-su-vistiena-krevetemis-ir-rozmarinu-80-g\/#primaryimage"},"image":{"@id":"https:\/\/miumjau.ee\/lt\/produktas\/ontario-herb-dregnas-pasaras-katems-su-vistiena-krevetemis-ir-rozmarinu-80-g\/#primaryimage"},"thumbnailUrl":"https:\/\/miumjau.ee\/wp-content\/uploads\/2025\/02\/ontario-herb-margtoit-kassile3.jpg","datePublished":"2025-02-17T19:19:13+00:00","breadcrumb":{"@id":"https:\/\/miumjau.ee\/lt\/produktas\/ontario-herb-dregnas-pasaras-katems-su-vistiena-krevetemis-ir-rozmarinu-80-g\/#breadcrumb"},"inLanguage":"lt-LT","potentialAction":[{"@type":"ReadAction","target":["https:\/\/miumjau.ee\/lt\/produktas\/ontario-herb-dregnas-pasaras-katems-su-vistiena-krevetemis-ir-rozmarinu-80-g\/"]}]},{"@type":"ImageObject","inLanguage":"lt-LT","@id":"https:\/\/miumjau.ee\/lt\/produktas\/ontario-herb-dregnas-pasaras-katems-su-vistiena-krevetemis-ir-rozmarinu-80-g\/#primaryimage","url":"https:\/\/miumjau.ee\/wp-content\/uploads\/2025\/02\/ontario-herb-margtoit-kassile3.jpg","contentUrl":"https:\/\/miumjau.ee\/wp-content\/uploads\/2025\/02\/ontario-herb-margtoit-kassile3.jpg","width":600,"height":800,"caption":"Ontario Herb m\u00e4rgtoit kassile kana, krevettide ja rosmariiniga 80g"},{"@type":"BreadcrumbList","@id":"https:\/\/miumjau.ee\/lt\/produktas\/ontario-herb-dregnas-pasaras-katems-su-vistiena-krevetemis-ir-rozmarinu-80-g\/#breadcrumb","itemListElement":[{"@type":"ListItem","position":1,"name":"Home","item":"https:\/\/miumjau.ee\/lt\/"},{"@type":"ListItem","position":2,"name":"Parduotuv\u0117","item":"https:\/\/miumjau.ee\/lt\/parduotuve\/"},{"@type":"ListItem","position":3,"name":"Ontario Herb dr\u0117gnas pa\u0161aras kat\u0117ms su vi\u0161tiena, krevet\u0117mis ir rozmarinu 80 g"}]},{"@type":"WebSite","@id":"https:\/\/miumjau.ee\/#website","url":"https:\/\/miumjau.ee\/","name":"MiuMjau","description":"Kraapimispuud kassidele","publisher":{"@id":"https:\/\/miumjau.ee\/#organization"},"potentialAction":[{"@type":"SearchAction","target":{"@type":"EntryPoint","urlTemplate":"https:\/\/miumjau.ee\/?s={search_term_string}"},"query-input":{"@type":"PropertyValueSpecification","valueRequired":true,"valueName":"search_term_string"}}],"inLanguage":"lt-LT"},{"@type":"Organization","@id":"https:\/\/miumjau.ee\/#organization","name":"MiuMjau O\u00dc","url":"https:\/\/miumjau.ee\/","logo":{"@type":"ImageObject","inLanguage":"lt-LT","@id":"https:\/\/miumjau.ee\/#\/schema\/logo\/image\/","url":"https:\/\/miumjau.ee\/wp-content\/uploads\/2022\/04\/MiuMjau-logo-kollane.png","contentUrl":"https:\/\/miumjau.ee\/wp-content\/uploads\/2022\/04\/MiuMjau-logo-kollane.png","width":219,"height":100,"caption":"MiuMjau O\u00dc"},"image":{"@id":"https:\/\/miumjau.ee\/#\/schema\/logo\/image\/"},"sameAs":["https:\/\/www.facebook.com\/miumjaupood\/"]}]}},"_links":{"self":[{"href":"https:\/\/miumjau.ee\/lt\/wp-json\/wp\/v2\/product\/55352","targetHints":{"allow":["GET"]}}],"collection":[{"href":"https:\/\/miumjau.ee\/lt\/wp-json\/wp\/v2\/product"}],"about":[{"href":"https:\/\/miumjau.ee\/lt\/wp-json\/wp\/v2\/types\/product"}],"wp:featuredmedia":[{"embeddable":true,"href":"https:\/\/miumjau.ee\/lt\/wp-json\/wp\/v2\/media\/52487"}],"wp:attachment":[{"href":"https:\/\/miumjau.ee\/lt\/wp-json\/wp\/v2\/media?parent=55352"}],"wp:term":[{"taxonomy":"product_brand","embeddable":true,"href":"https:\/\/miumjau.ee\/lt\/wp-json\/wp\/v2\/product_brand?post=55352"},{"taxonomy":"product_cat","embeddable":true,"href":"https:\/\/miumjau.ee\/lt\/wp-json\/wp\/v2\/product_cat?post=55352"},{"taxonomy":"product_tag","embeddable":true,"href":"https:\/\/miumjau.ee\/lt\/wp-json\/wp\/v2\/product_tag?post=55352"}],"curies":[{"name":"wp","href":"https:\/\/api.w.org\/{rel}","templated":true}]}}