{"id":55335,"date":"2025-03-23T13:45:16","date_gmt":"2025-03-23T11:45:16","guid":{"rendered":"https:\/\/miumjau.ee\/toode\/treniravimo-skanestai-sana-su-kalakutiena-naturalus-1-kg\/"},"modified":"2025-03-23T13:45:16","modified_gmt":"2025-03-23T11:45:16","slug":"treniravimo-skanestai-sana-su-kalakutiena-naturalus-1-kg","status":"publish","type":"product","link":"https:\/\/miumjau.ee\/lt\/produktas\/treniravimo-skanestai-sana-su-kalakutiena-naturalus-1-kg\/","title":{"rendered":"Treniravimo skan\u0117stai Sana su kalakutiena, nat\u016bral\u016bs 1 kg"},"content":{"rendered":"","protected":false},"excerpt":{"rendered":"<div class=\"flex flex-col text-sm pb-25\">\n<section class=\"text-token-text-primary w-full focus:outline-none [--shadow-height:45px] has-data-writing-block:pointer-events-none has-data-writing-block:-mt-(--shadow-height) has-data-writing-block:pt-(--shadow-height) [&amp;:has([data-writing-block])&gt;*]:pointer-events-auto scroll-mt-[calc(var(--header-height)+min(200px,max(70px,20svh)))]\" dir=\"auto\" data-turn-id=\"request-WEB:082b08e1-047e-470e-9692-5c915d909c3c-4\" data-testid=\"conversation-turn-10\" data-scroll-anchor=\"true\" data-turn=\"assistant\">\n<div class=\"text-base my-auto mx-auto pb-10 [--thread-content-margin:var(--thread-content-margin-xs,calc(var(--spacing)*4))] @w-sm\/main:[--thread-content-margin:var(--thread-content-margin-sm,calc(var(--spacing)*6))] @w-lg\/main:[--thread-content-margin:var(--thread-content-margin-lg,calc(var(--spacing)*16))] px-(--thread-content-margin)\">\n<div class=\"[--thread-content-max-width:40rem] @w-lg\/main:[--thread-content-max-width:48rem] mx-auto max-w-(--thread-content-max-width) flex-1 group\/turn-messages focus-visible:outline-hidden relative flex w-full min-w-0 flex-col agent-turn\">\n<div class=\"flex max-w-full flex-col gap-4 grow\">\n<div class=\"min-h-8 text-message relative flex w-full flex-col items-end gap-2 text-start break-words whitespace-normal outline-none keyboard-focused:focus-ring [.text-message+&amp;]:mt-1\" dir=\"auto\" tabindex=\"0\" data-message-author-role=\"assistant\" data-message-id=\"13050959-f4d1-4d46-8f25-c371271385c6\" data-message-model-slug=\"gpt-5-3\" data-turn-start-message=\"true\">\n<div class=\"flex w-full flex-col gap-1 empty:hidden\">\n<div class=\"markdown prose dark:prose-invert w-full wrap-break-word light markdown-new-styling\">\n<p data-start=\"2924\" data-end=\"3296\">SANADOG treniravimo skan\u0117stai, pagaminti i\u0161 grynos m\u0117sos ir supermaisto ingredient\u0173, yra sveiki, mink\u0161tos tekst\u016bros, tod\u0117l puikiai tinka kasdieniams treniruo\u010di\u0173 apdovanojimams ir motyvacijai. Jie idealiai tinka naudojant teigiamo pastiprinimo treniravimo metodus. Taip j\u016bs\u0173 \u0161uo gauna teigiam\u0105 gr\u012f\u017etam\u0105j\u012f ry\u0161\u012f pagyrimo arba skan\u0117sto pavidalu, apdovanojant u\u017e norim\u0105 elges\u012f.<\/p>\n<p data-start=\"3298\" data-end=\"3511\">\u017daliavos gaunamos i\u0161 vietini\u0173 gamintoj\u0173 ir yra 100% atsekamos. D\u0117l m\u016bs\u0173 \u0161velnaus gamybos proceso i\u0161saugomos ingredientuose esan\u010dios maistin\u0117s med\u017eiagos, padedan\u010dios j\u016bs\u0173 \u0161uniui ilgai i\u0161likti sveikam ir gyvybingam.<\/p>\n<p data-start=\"3513\" data-end=\"3712\">SANADOG skan\u0117stai suteikia j\u016bs\u0173 \u0161uniui neatsispiriam\u0105, skan\u0173 ir sveik\u0105 apdovanojimo u\u017ekand\u012f. Jie netrupa ir netampa rieb\u016bs, tod\u0117l juos patogu laikyti ki\u0161en\u0117je ir jie puikiai tinka treniruot\u0117ms lauke.<\/p>\n<p data-start=\"3714\" data-end=\"3805\"><strong data-start=\"3714\" data-end=\"3726\">Sud\u0117tis:<\/strong> 95% kalakutiena, 5% nat\u016bralus augalinis glicerinas. Papildomas pa\u0161aras \u0161unims.<\/p>\n<p data-start=\"3807\" data-end=\"3894\"><strong data-start=\"3807\" data-end=\"3819\">Analiz\u0117:<\/strong> Baltymai \u2013 36%, riebalai \u2013 19%, dr\u0117gm\u0117 \u2013 8%, pelenai \u2013 6%, skaidulos \u2013 1%.<\/p>\n<p data-start=\"3896\" data-end=\"3922\">Papildomas pa\u0161aras \u0161unims.<\/p>\n<p data-start=\"3924\" data-end=\"4038\"><strong data-start=\"3924\" data-end=\"3937\">Laikymas:<\/strong> Laikyti v\u0117sioje ir sausoje vietoje, apsaugotoje nuo tiesiogini\u0173 saul\u0117s spinduli\u0173. Tai taip paprasta!<\/p>\n<p data-start=\"4040\" data-end=\"4204\" data-is-last-node=\"\" data-is-only-node=\"\"><strong data-start=\"4040\" data-end=\"4065\">\u0160\u0117rimo rekomendacija:<\/strong> Tinka \u0161uniukams nuo 12 savai\u010di\u0173 am\u017eiaus.<br data-start=\"4106\" data-end=\"4109\" \/>Pra\u0161ome steb\u0117ti savo \u0161un\u012f \u0161\u0117rimo metu ir visada u\u017etikrinti \u0161vie\u017ei\u0105 bei \u0161var\u0173 geriam\u0105j\u012f vanden\u012f.<\/p>\n<\/div>\n<\/div>\n<\/div>\n<\/div>\n<\/div>\n<\/div>\n<\/section>\n<\/div>\n","protected":false},"featured_media":55336,"template":"","meta":[],"product_brand":[],"product_cat":[540],"product_tag":[],"class_list":{"0":"post-55335","1":"product","2":"type-product","3":"status-publish","4":"has-post-thumbnail","6":"product_cat-skanestai-sunims","8":"first","9":"instock","10":"sale","11":"taxable","12":"shipping-taxable","13":"purchasable","14":"product-type-simple"},"yoast_head":"<!-- This site is optimized with the Yoast SEO plugin v27.4 - https:\/\/yoast.com\/product\/yoast-seo-wordpress\/ -->\n<title>Treniravimo skan\u0117stai Sana su kalakutiena, nat\u016bral\u016bs 1 kg - MiuMjau<\/title>\n<meta name=\"robots\" content=\"index, follow, max-snippet:-1, max-image-preview:large, max-video-preview:-1\" \/>\n<link rel=\"canonical\" href=\"https:\/\/miumjau.ee\/lt\/produktas\/treniravimo-skanestai-sana-su-kalakutiena-naturalus-1-kg\/\" \/>\n<meta property=\"og:locale\" content=\"lt_LT\" \/>\n<meta property=\"og:type\" content=\"article\" \/>\n<meta property=\"og:title\" content=\"Treniravimo skan\u0117stai Sana su kalakutiena, nat\u016bral\u016bs 1 kg - MiuMjau\" \/>\n<meta property=\"og:description\" content=\"SANADOG treniravimo skan\u0117stai, pagaminti i\u0161 grynos m\u0117sos ir supermaisto ingredient\u0173, yra sveiki, mink\u0161tos tekst\u016bros, tod\u0117l puikiai tinka kasdieniams treniruo\u010di\u0173 apdovanojimams ir motyvacijai. Jie idealiai tinka naudojant teigiamo pastiprinimo treniravimo metodus. Taip j\u016bs\u0173 \u0161uo gauna teigiam\u0105 gr\u012f\u017etam\u0105j\u012f ry\u0161\u012f pagyrimo arba skan\u0117sto pavidalu, apdovanojant u\u017e norim\u0105 elges\u012f. \u017daliavos gaunamos i\u0161 vietini\u0173 gamintoj\u0173 ir yra 100% atsekamos. D\u0117l m\u016bs\u0173 \u0161velnaus gamybos proceso i\u0161saugomos ingredientuose esan\u010dios maistin\u0117s med\u017eiagos, padedan\u010dios j\u016bs\u0173 \u0161uniui ilgai i\u0161likti sveikam ir gyvybingam. SANADOG skan\u0117stai suteikia j\u016bs\u0173 \u0161uniui neatsispiriam\u0105, skan\u0173 ir sveik\u0105 apdovanojimo u\u017ekand\u012f. Jie netrupa ir netampa rieb\u016bs, tod\u0117l juos patogu laikyti ki\u0161en\u0117je ir jie puikiai tinka treniruot\u0117ms lauke. Sud\u0117tis: 95% kalakutiena, 5% nat\u016bralus augalinis glicerinas. Papildomas pa\u0161aras \u0161unims. Analiz\u0117: Baltymai \u2013 36%, riebalai \u2013 19%, dr\u0117gm\u0117 \u2013 8%, pelenai \u2013 6%, skaidulos \u2013 1%. Papildomas pa\u0161aras \u0161unims. Laikymas: Laikyti v\u0117sioje ir sausoje vietoje, apsaugotoje nuo tiesiogini\u0173 saul\u0117s spinduli\u0173. Tai taip paprasta! \u0160\u0117rimo rekomendacija: Tinka \u0161uniukams nuo 12 savai\u010di\u0173 am\u017eiaus.Pra\u0161ome steb\u0117ti savo \u0161un\u012f \u0161\u0117rimo metu ir visada u\u017etikrinti \u0161vie\u017ei\u0105 bei \u0161var\u0173 geriam\u0105j\u012f vanden\u012f.\" \/>\n<meta property=\"og:url\" content=\"https:\/\/miumjau.ee\/lt\/produktas\/treniravimo-skanestai-sana-su-kalakutiena-naturalus-1-kg\/\" \/>\n<meta property=\"og:site_name\" content=\"MiuMjau\" \/>\n<meta property=\"article:publisher\" content=\"https:\/\/www.facebook.com\/miumjaupood\/\" \/>\n<meta property=\"og:image\" content=\"https:\/\/miumjau.ee\/wp-content\/uploads\/2025\/03\/treeningmaius-sana-kalkun-1kg.webp\" \/>\n\t<meta property=\"og:image:width\" content=\"600\" \/>\n\t<meta property=\"og:image:height\" content=\"800\" \/>\n\t<meta property=\"og:image:type\" content=\"image\/webp\" \/>\n<meta name=\"twitter:card\" content=\"summary_large_image\" \/>\n<script type=\"application\/ld+json\" class=\"yoast-schema-graph\">{\"@context\":\"https:\\\/\\\/schema.org\",\"@graph\":[{\"@type\":\"WebPage\",\"@id\":\"https:\\\/\\\/miumjau.ee\\\/lt\\\/produktas\\\/treniravimo-skanestai-sana-su-kalakutiena-naturalus-1-kg\\\/\",\"url\":\"https:\\\/\\\/miumjau.ee\\\/lt\\\/produktas\\\/treniravimo-skanestai-sana-su-kalakutiena-naturalus-1-kg\\\/\",\"name\":\"Treniravimo skan\u0117stai Sana su kalakutiena, nat\u016bral\u016bs 1 kg - MiuMjau\",\"isPartOf\":{\"@id\":\"https:\\\/\\\/miumjau.ee\\\/#website\"},\"primaryImageOfPage\":{\"@id\":\"https:\\\/\\\/miumjau.ee\\\/lt\\\/produktas\\\/treniravimo-skanestai-sana-su-kalakutiena-naturalus-1-kg\\\/#primaryimage\"},\"image\":{\"@id\":\"https:\\\/\\\/miumjau.ee\\\/lt\\\/produktas\\\/treniravimo-skanestai-sana-su-kalakutiena-naturalus-1-kg\\\/#primaryimage\"},\"thumbnailUrl\":\"https:\\\/\\\/miumjau.ee\\\/wp-content\\\/uploads\\\/2025\\\/03\\\/treeningmaius-sana-kalkun-1kg.webp\",\"datePublished\":\"2025-03-23T11:45:16+00:00\",\"breadcrumb\":{\"@id\":\"https:\\\/\\\/miumjau.ee\\\/lt\\\/produktas\\\/treniravimo-skanestai-sana-su-kalakutiena-naturalus-1-kg\\\/#breadcrumb\"},\"inLanguage\":\"lt-LT\",\"potentialAction\":[{\"@type\":\"ReadAction\",\"target\":[\"https:\\\/\\\/miumjau.ee\\\/lt\\\/produktas\\\/treniravimo-skanestai-sana-su-kalakutiena-naturalus-1-kg\\\/\"]}]},{\"@type\":\"ImageObject\",\"inLanguage\":\"lt-LT\",\"@id\":\"https:\\\/\\\/miumjau.ee\\\/lt\\\/produktas\\\/treniravimo-skanestai-sana-su-kalakutiena-naturalus-1-kg\\\/#primaryimage\",\"url\":\"https:\\\/\\\/miumjau.ee\\\/wp-content\\\/uploads\\\/2025\\\/03\\\/treeningmaius-sana-kalkun-1kg.webp\",\"contentUrl\":\"https:\\\/\\\/miumjau.ee\\\/wp-content\\\/uploads\\\/2025\\\/03\\\/treeningmaius-sana-kalkun-1kg.webp\",\"width\":600,\"height\":800},{\"@type\":\"BreadcrumbList\",\"@id\":\"https:\\\/\\\/miumjau.ee\\\/lt\\\/produktas\\\/treniravimo-skanestai-sana-su-kalakutiena-naturalus-1-kg\\\/#breadcrumb\",\"itemListElement\":[{\"@type\":\"ListItem\",\"position\":1,\"name\":\"Home\",\"item\":\"https:\\\/\\\/miumjau.ee\\\/lt\\\/\"},{\"@type\":\"ListItem\",\"position\":2,\"name\":\"Parduotuv\u0117\",\"item\":\"https:\\\/\\\/miumjau.ee\\\/lt\\\/parduotuve\\\/\"},{\"@type\":\"ListItem\",\"position\":3,\"name\":\"Treniravimo skan\u0117stai Sana su kalakutiena, nat\u016bral\u016bs 1 kg\"}]},{\"@type\":\"WebSite\",\"@id\":\"https:\\\/\\\/miumjau.ee\\\/#website\",\"url\":\"https:\\\/\\\/miumjau.ee\\\/\",\"name\":\"MiuMjau\",\"description\":\"Kraapimispuud kassidele\",\"publisher\":{\"@id\":\"https:\\\/\\\/miumjau.ee\\\/#organization\"},\"potentialAction\":[{\"@type\":\"SearchAction\",\"target\":{\"@type\":\"EntryPoint\",\"urlTemplate\":\"https:\\\/\\\/miumjau.ee\\\/?s={search_term_string}\"},\"query-input\":{\"@type\":\"PropertyValueSpecification\",\"valueRequired\":true,\"valueName\":\"search_term_string\"}}],\"inLanguage\":\"lt-LT\"},{\"@type\":\"Organization\",\"@id\":\"https:\\\/\\\/miumjau.ee\\\/#organization\",\"name\":\"MiuMjau O\u00dc\",\"url\":\"https:\\\/\\\/miumjau.ee\\\/\",\"logo\":{\"@type\":\"ImageObject\",\"inLanguage\":\"lt-LT\",\"@id\":\"https:\\\/\\\/miumjau.ee\\\/#\\\/schema\\\/logo\\\/image\\\/\",\"url\":\"https:\\\/\\\/miumjau.ee\\\/wp-content\\\/uploads\\\/2022\\\/04\\\/MiuMjau-logo-kollane.png\",\"contentUrl\":\"https:\\\/\\\/miumjau.ee\\\/wp-content\\\/uploads\\\/2022\\\/04\\\/MiuMjau-logo-kollane.png\",\"width\":219,\"height\":100,\"caption\":\"MiuMjau O\u00dc\"},\"image\":{\"@id\":\"https:\\\/\\\/miumjau.ee\\\/#\\\/schema\\\/logo\\\/image\\\/\"},\"sameAs\":[\"https:\\\/\\\/www.facebook.com\\\/miumjaupood\\\/\"]}]}<\/script>\n<!-- \/ Yoast SEO plugin. -->","yoast_head_json":{"title":"Treniravimo skan\u0117stai Sana su kalakutiena, nat\u016bral\u016bs 1 kg - MiuMjau","robots":{"index":"index","follow":"follow","max-snippet":"max-snippet:-1","max-image-preview":"max-image-preview:large","max-video-preview":"max-video-preview:-1"},"canonical":"https:\/\/miumjau.ee\/lt\/produktas\/treniravimo-skanestai-sana-su-kalakutiena-naturalus-1-kg\/","og_locale":"lt_LT","og_type":"article","og_title":"Treniravimo skan\u0117stai Sana su kalakutiena, nat\u016bral\u016bs 1 kg - MiuMjau","og_description":"SANADOG treniravimo skan\u0117stai, pagaminti i\u0161 grynos m\u0117sos ir supermaisto ingredient\u0173, yra sveiki, mink\u0161tos tekst\u016bros, tod\u0117l puikiai tinka kasdieniams treniruo\u010di\u0173 apdovanojimams ir motyvacijai. Jie idealiai tinka naudojant teigiamo pastiprinimo treniravimo metodus. Taip j\u016bs\u0173 \u0161uo gauna teigiam\u0105 gr\u012f\u017etam\u0105j\u012f ry\u0161\u012f pagyrimo arba skan\u0117sto pavidalu, apdovanojant u\u017e norim\u0105 elges\u012f. \u017daliavos gaunamos i\u0161 vietini\u0173 gamintoj\u0173 ir yra 100% atsekamos. D\u0117l m\u016bs\u0173 \u0161velnaus gamybos proceso i\u0161saugomos ingredientuose esan\u010dios maistin\u0117s med\u017eiagos, padedan\u010dios j\u016bs\u0173 \u0161uniui ilgai i\u0161likti sveikam ir gyvybingam. SANADOG skan\u0117stai suteikia j\u016bs\u0173 \u0161uniui neatsispiriam\u0105, skan\u0173 ir sveik\u0105 apdovanojimo u\u017ekand\u012f. Jie netrupa ir netampa rieb\u016bs, tod\u0117l juos patogu laikyti ki\u0161en\u0117je ir jie puikiai tinka treniruot\u0117ms lauke. Sud\u0117tis: 95% kalakutiena, 5% nat\u016bralus augalinis glicerinas. Papildomas pa\u0161aras \u0161unims. Analiz\u0117: Baltymai \u2013 36%, riebalai \u2013 19%, dr\u0117gm\u0117 \u2013 8%, pelenai \u2013 6%, skaidulos \u2013 1%. Papildomas pa\u0161aras \u0161unims. Laikymas: Laikyti v\u0117sioje ir sausoje vietoje, apsaugotoje nuo tiesiogini\u0173 saul\u0117s spinduli\u0173. Tai taip paprasta! \u0160\u0117rimo rekomendacija: Tinka \u0161uniukams nuo 12 savai\u010di\u0173 am\u017eiaus.Pra\u0161ome steb\u0117ti savo \u0161un\u012f \u0161\u0117rimo metu ir visada u\u017etikrinti \u0161vie\u017ei\u0105 bei \u0161var\u0173 geriam\u0105j\u012f vanden\u012f.","og_url":"https:\/\/miumjau.ee\/lt\/produktas\/treniravimo-skanestai-sana-su-kalakutiena-naturalus-1-kg\/","og_site_name":"MiuMjau","article_publisher":"https:\/\/www.facebook.com\/miumjaupood\/","og_image":[{"width":600,"height":800,"url":"https:\/\/miumjau.ee\/wp-content\/uploads\/2025\/03\/treeningmaius-sana-kalkun-1kg.webp","type":"image\/webp"}],"twitter_card":"summary_large_image","schema":{"@context":"https:\/\/schema.org","@graph":[{"@type":"WebPage","@id":"https:\/\/miumjau.ee\/lt\/produktas\/treniravimo-skanestai-sana-su-kalakutiena-naturalus-1-kg\/","url":"https:\/\/miumjau.ee\/lt\/produktas\/treniravimo-skanestai-sana-su-kalakutiena-naturalus-1-kg\/","name":"Treniravimo skan\u0117stai Sana su kalakutiena, nat\u016bral\u016bs 1 kg - MiuMjau","isPartOf":{"@id":"https:\/\/miumjau.ee\/#website"},"primaryImageOfPage":{"@id":"https:\/\/miumjau.ee\/lt\/produktas\/treniravimo-skanestai-sana-su-kalakutiena-naturalus-1-kg\/#primaryimage"},"image":{"@id":"https:\/\/miumjau.ee\/lt\/produktas\/treniravimo-skanestai-sana-su-kalakutiena-naturalus-1-kg\/#primaryimage"},"thumbnailUrl":"https:\/\/miumjau.ee\/wp-content\/uploads\/2025\/03\/treeningmaius-sana-kalkun-1kg.webp","datePublished":"2025-03-23T11:45:16+00:00","breadcrumb":{"@id":"https:\/\/miumjau.ee\/lt\/produktas\/treniravimo-skanestai-sana-su-kalakutiena-naturalus-1-kg\/#breadcrumb"},"inLanguage":"lt-LT","potentialAction":[{"@type":"ReadAction","target":["https:\/\/miumjau.ee\/lt\/produktas\/treniravimo-skanestai-sana-su-kalakutiena-naturalus-1-kg\/"]}]},{"@type":"ImageObject","inLanguage":"lt-LT","@id":"https:\/\/miumjau.ee\/lt\/produktas\/treniravimo-skanestai-sana-su-kalakutiena-naturalus-1-kg\/#primaryimage","url":"https:\/\/miumjau.ee\/wp-content\/uploads\/2025\/03\/treeningmaius-sana-kalkun-1kg.webp","contentUrl":"https:\/\/miumjau.ee\/wp-content\/uploads\/2025\/03\/treeningmaius-sana-kalkun-1kg.webp","width":600,"height":800},{"@type":"BreadcrumbList","@id":"https:\/\/miumjau.ee\/lt\/produktas\/treniravimo-skanestai-sana-su-kalakutiena-naturalus-1-kg\/#breadcrumb","itemListElement":[{"@type":"ListItem","position":1,"name":"Home","item":"https:\/\/miumjau.ee\/lt\/"},{"@type":"ListItem","position":2,"name":"Parduotuv\u0117","item":"https:\/\/miumjau.ee\/lt\/parduotuve\/"},{"@type":"ListItem","position":3,"name":"Treniravimo skan\u0117stai Sana su kalakutiena, nat\u016bral\u016bs 1 kg"}]},{"@type":"WebSite","@id":"https:\/\/miumjau.ee\/#website","url":"https:\/\/miumjau.ee\/","name":"MiuMjau","description":"Kraapimispuud kassidele","publisher":{"@id":"https:\/\/miumjau.ee\/#organization"},"potentialAction":[{"@type":"SearchAction","target":{"@type":"EntryPoint","urlTemplate":"https:\/\/miumjau.ee\/?s={search_term_string}"},"query-input":{"@type":"PropertyValueSpecification","valueRequired":true,"valueName":"search_term_string"}}],"inLanguage":"lt-LT"},{"@type":"Organization","@id":"https:\/\/miumjau.ee\/#organization","name":"MiuMjau O\u00dc","url":"https:\/\/miumjau.ee\/","logo":{"@type":"ImageObject","inLanguage":"lt-LT","@id":"https:\/\/miumjau.ee\/#\/schema\/logo\/image\/","url":"https:\/\/miumjau.ee\/wp-content\/uploads\/2022\/04\/MiuMjau-logo-kollane.png","contentUrl":"https:\/\/miumjau.ee\/wp-content\/uploads\/2022\/04\/MiuMjau-logo-kollane.png","width":219,"height":100,"caption":"MiuMjau O\u00dc"},"image":{"@id":"https:\/\/miumjau.ee\/#\/schema\/logo\/image\/"},"sameAs":["https:\/\/www.facebook.com\/miumjaupood\/"]}]}},"_links":{"self":[{"href":"https:\/\/miumjau.ee\/lt\/wp-json\/wp\/v2\/product\/55335","targetHints":{"allow":["GET"]}}],"collection":[{"href":"https:\/\/miumjau.ee\/lt\/wp-json\/wp\/v2\/product"}],"about":[{"href":"https:\/\/miumjau.ee\/lt\/wp-json\/wp\/v2\/types\/product"}],"wp:featuredmedia":[{"embeddable":true,"href":"https:\/\/miumjau.ee\/lt\/wp-json\/wp\/v2\/media\/55336"}],"wp:attachment":[{"href":"https:\/\/miumjau.ee\/lt\/wp-json\/wp\/v2\/media?parent=55335"}],"wp:term":[{"taxonomy":"product_brand","embeddable":true,"href":"https:\/\/miumjau.ee\/lt\/wp-json\/wp\/v2\/product_brand?post=55335"},{"taxonomy":"product_cat","embeddable":true,"href":"https:\/\/miumjau.ee\/lt\/wp-json\/wp\/v2\/product_cat?post=55335"},{"taxonomy":"product_tag","embeddable":true,"href":"https:\/\/miumjau.ee\/lt\/wp-json\/wp\/v2\/product_tag?post=55335"}],"curies":[{"name":"wp","href":"https:\/\/api.w.org\/{rel}","templated":true}]}}