{"id":55272,"date":"2026-01-27T09:32:12","date_gmt":"2026-01-27T07:32:12","guid":{"rendered":"https:\/\/miumjau.ee\/toode\/afp-pingpong-spider-traski-zaislas-su-katzole\/"},"modified":"2026-01-27T09:32:12","modified_gmt":"2026-01-27T07:32:12","slug":"afp-pingpong-spider-traski-zaislas-su-katzole","status":"publish","type":"product","link":"https:\/\/miumjau.ee\/lt\/produktas\/afp-pingpong-spider-traski-zaislas-su-katzole\/","title":{"rendered":"AFP PingPong Spider tra\u0161ki \u017eaislas su kat\u017eole"},"content":{"rendered":"","protected":false},"excerpt":{"rendered":"<p data-start=\"1153\" data-end=\"1211\">\u017daislas, kuris skatina j\u016bs\u0173 kat\u0117s med\u017eiokl\u0117s instinktus!<\/p>\n<p data-start=\"1213\" data-end=\"1443\">\u0160iame \u017eaisle yra tra\u0161ki u\u017epildo dalis ir prid\u0117ta kat\u017eol\u0117 (catnip), kas dar labiau sustiprina \u017eaidimo malonum\u0105! Su dviem ilgomis kojomis ir fliso bei pliu\u0161o deriniu jis tiesiog ne\u012fveikiamas kat\u0117ms. Pagaminta i\u0161 patvari\u0173 med\u017eiag\u0173.<\/p>\n<p data-start=\"1445\" data-end=\"1554\"><strong data-start=\"1445\" data-end=\"1458\">Med\u017eiaga:<\/strong> Flisas ir mink\u0161tas pliu\u0161as<br data-start=\"1485\" data-end=\"1488\" \/><strong data-start=\"1488\" data-end=\"1501\">Papildai:<\/strong> Tra\u0161ki garsas ir kat\u017eol\u0117<br data-start=\"1526\" data-end=\"1529\" \/><strong data-start=\"1529\" data-end=\"1540\">Spalva:<\/strong> Atsitiktin\u0117<\/p>\n","protected":false},"featured_media":53033,"template":"","meta":[],"product_brand":[],"product_cat":[520],"product_tag":[],"class_list":{"0":"post-55272","1":"product","2":"type-product","3":"status-publish","4":"has-post-thumbnail","6":"product_cat-kaciu-zaislai","8":"first","9":"instock","10":"taxable","11":"shipping-taxable","12":"purchasable","13":"product-type-simple"},"yoast_head":"<!-- This site is optimized with the Yoast SEO plugin v27.4 - https:\/\/yoast.com\/product\/yoast-seo-wordpress\/ -->\n<title>AFP PingPong Spider tra\u0161ki \u017eaislas su kat\u017eole - MiuMjau<\/title>\n<meta name=\"robots\" content=\"index, follow, max-snippet:-1, max-image-preview:large, max-video-preview:-1\" \/>\n<link rel=\"canonical\" href=\"https:\/\/miumjau.ee\/lt\/produktas\/afp-pingpong-spider-traski-zaislas-su-katzole\/\" \/>\n<meta property=\"og:locale\" content=\"lt_LT\" \/>\n<meta property=\"og:type\" content=\"article\" \/>\n<meta property=\"og:title\" content=\"AFP PingPong Spider tra\u0161ki \u017eaislas su kat\u017eole - MiuMjau\" \/>\n<meta property=\"og:description\" content=\"\u017daislas, kuris skatina j\u016bs\u0173 kat\u0117s med\u017eiokl\u0117s instinktus! \u0160iame \u017eaisle yra tra\u0161ki u\u017epildo dalis ir prid\u0117ta kat\u017eol\u0117 (catnip), kas dar labiau sustiprina \u017eaidimo malonum\u0105! Su dviem ilgomis kojomis ir fliso bei pliu\u0161o deriniu jis tiesiog ne\u012fveikiamas kat\u0117ms. Pagaminta i\u0161 patvari\u0173 med\u017eiag\u0173. Med\u017eiaga: Flisas ir mink\u0161tas pliu\u0161asPapildai: Tra\u0161ki garsas ir kat\u017eol\u0117Spalva: Atsitiktin\u0117\" \/>\n<meta property=\"og:url\" content=\"https:\/\/miumjau.ee\/lt\/produktas\/afp-pingpong-spider-traski-zaislas-su-katzole\/\" \/>\n<meta property=\"og:site_name\" content=\"MiuMjau\" \/>\n<meta property=\"article:publisher\" content=\"https:\/\/www.facebook.com\/miumjaupood\/\" \/>\n<meta property=\"og:image\" content=\"https:\/\/miumjau.ee\/wp-content\/uploads\/2026\/01\/manguasikassile4.jpg\" \/>\n\t<meta property=\"og:image:width\" content=\"600\" \/>\n\t<meta property=\"og:image:height\" content=\"800\" \/>\n\t<meta property=\"og:image:type\" content=\"image\/jpeg\" \/>\n<meta name=\"twitter:card\" content=\"summary_large_image\" \/>\n<script type=\"application\/ld+json\" class=\"yoast-schema-graph\">{\"@context\":\"https:\\\/\\\/schema.org\",\"@graph\":[{\"@type\":\"WebPage\",\"@id\":\"https:\\\/\\\/miumjau.ee\\\/lt\\\/produktas\\\/afp-pingpong-spider-traski-zaislas-su-katzole\\\/\",\"url\":\"https:\\\/\\\/miumjau.ee\\\/lt\\\/produktas\\\/afp-pingpong-spider-traski-zaislas-su-katzole\\\/\",\"name\":\"AFP PingPong Spider tra\u0161ki \u017eaislas su kat\u017eole - MiuMjau\",\"isPartOf\":{\"@id\":\"https:\\\/\\\/miumjau.ee\\\/#website\"},\"primaryImageOfPage\":{\"@id\":\"https:\\\/\\\/miumjau.ee\\\/lt\\\/produktas\\\/afp-pingpong-spider-traski-zaislas-su-katzole\\\/#primaryimage\"},\"image\":{\"@id\":\"https:\\\/\\\/miumjau.ee\\\/lt\\\/produktas\\\/afp-pingpong-spider-traski-zaislas-su-katzole\\\/#primaryimage\"},\"thumbnailUrl\":\"https:\\\/\\\/miumjau.ee\\\/wp-content\\\/uploads\\\/2026\\\/01\\\/manguasikassile4.jpg\",\"datePublished\":\"2026-01-27T07:32:12+00:00\",\"breadcrumb\":{\"@id\":\"https:\\\/\\\/miumjau.ee\\\/lt\\\/produktas\\\/afp-pingpong-spider-traski-zaislas-su-katzole\\\/#breadcrumb\"},\"inLanguage\":\"lt-LT\",\"potentialAction\":[{\"@type\":\"ReadAction\",\"target\":[\"https:\\\/\\\/miumjau.ee\\\/lt\\\/produktas\\\/afp-pingpong-spider-traski-zaislas-su-katzole\\\/\"]}]},{\"@type\":\"ImageObject\",\"inLanguage\":\"lt-LT\",\"@id\":\"https:\\\/\\\/miumjau.ee\\\/lt\\\/produktas\\\/afp-pingpong-spider-traski-zaislas-su-katzole\\\/#primaryimage\",\"url\":\"https:\\\/\\\/miumjau.ee\\\/wp-content\\\/uploads\\\/2026\\\/01\\\/manguasikassile4.jpg\",\"contentUrl\":\"https:\\\/\\\/miumjau.ee\\\/wp-content\\\/uploads\\\/2026\\\/01\\\/manguasikassile4.jpg\",\"width\":600,\"height\":800,\"caption\":\"AFP PingPong Spider kr\u00f5bisev catnipiga m\u00e4nguasi kassile\"},{\"@type\":\"BreadcrumbList\",\"@id\":\"https:\\\/\\\/miumjau.ee\\\/lt\\\/produktas\\\/afp-pingpong-spider-traski-zaislas-su-katzole\\\/#breadcrumb\",\"itemListElement\":[{\"@type\":\"ListItem\",\"position\":1,\"name\":\"Home\",\"item\":\"https:\\\/\\\/miumjau.ee\\\/lt\\\/\"},{\"@type\":\"ListItem\",\"position\":2,\"name\":\"Parduotuv\u0117\",\"item\":\"https:\\\/\\\/miumjau.ee\\\/lt\\\/parduotuve\\\/\"},{\"@type\":\"ListItem\",\"position\":3,\"name\":\"AFP PingPong Spider tra\u0161ki \u017eaislas su kat\u017eole\"}]},{\"@type\":\"WebSite\",\"@id\":\"https:\\\/\\\/miumjau.ee\\\/#website\",\"url\":\"https:\\\/\\\/miumjau.ee\\\/\",\"name\":\"MiuMjau\",\"description\":\"Kraapimispuud kassidele\",\"publisher\":{\"@id\":\"https:\\\/\\\/miumjau.ee\\\/#organization\"},\"potentialAction\":[{\"@type\":\"SearchAction\",\"target\":{\"@type\":\"EntryPoint\",\"urlTemplate\":\"https:\\\/\\\/miumjau.ee\\\/?s={search_term_string}\"},\"query-input\":{\"@type\":\"PropertyValueSpecification\",\"valueRequired\":true,\"valueName\":\"search_term_string\"}}],\"inLanguage\":\"lt-LT\"},{\"@type\":\"Organization\",\"@id\":\"https:\\\/\\\/miumjau.ee\\\/#organization\",\"name\":\"MiuMjau O\u00dc\",\"url\":\"https:\\\/\\\/miumjau.ee\\\/\",\"logo\":{\"@type\":\"ImageObject\",\"inLanguage\":\"lt-LT\",\"@id\":\"https:\\\/\\\/miumjau.ee\\\/#\\\/schema\\\/logo\\\/image\\\/\",\"url\":\"https:\\\/\\\/miumjau.ee\\\/wp-content\\\/uploads\\\/2022\\\/04\\\/MiuMjau-logo-kollane.png\",\"contentUrl\":\"https:\\\/\\\/miumjau.ee\\\/wp-content\\\/uploads\\\/2022\\\/04\\\/MiuMjau-logo-kollane.png\",\"width\":219,\"height\":100,\"caption\":\"MiuMjau O\u00dc\"},\"image\":{\"@id\":\"https:\\\/\\\/miumjau.ee\\\/#\\\/schema\\\/logo\\\/image\\\/\"},\"sameAs\":[\"https:\\\/\\\/www.facebook.com\\\/miumjaupood\\\/\"]}]}<\/script>\n<!-- \/ Yoast SEO plugin. -->","yoast_head_json":{"title":"AFP PingPong Spider tra\u0161ki \u017eaislas su kat\u017eole - MiuMjau","robots":{"index":"index","follow":"follow","max-snippet":"max-snippet:-1","max-image-preview":"max-image-preview:large","max-video-preview":"max-video-preview:-1"},"canonical":"https:\/\/miumjau.ee\/lt\/produktas\/afp-pingpong-spider-traski-zaislas-su-katzole\/","og_locale":"lt_LT","og_type":"article","og_title":"AFP PingPong Spider tra\u0161ki \u017eaislas su kat\u017eole - MiuMjau","og_description":"\u017daislas, kuris skatina j\u016bs\u0173 kat\u0117s med\u017eiokl\u0117s instinktus! \u0160iame \u017eaisle yra tra\u0161ki u\u017epildo dalis ir prid\u0117ta kat\u017eol\u0117 (catnip), kas dar labiau sustiprina \u017eaidimo malonum\u0105! Su dviem ilgomis kojomis ir fliso bei pliu\u0161o deriniu jis tiesiog ne\u012fveikiamas kat\u0117ms. Pagaminta i\u0161 patvari\u0173 med\u017eiag\u0173. Med\u017eiaga: Flisas ir mink\u0161tas pliu\u0161asPapildai: Tra\u0161ki garsas ir kat\u017eol\u0117Spalva: Atsitiktin\u0117","og_url":"https:\/\/miumjau.ee\/lt\/produktas\/afp-pingpong-spider-traski-zaislas-su-katzole\/","og_site_name":"MiuMjau","article_publisher":"https:\/\/www.facebook.com\/miumjaupood\/","og_image":[{"width":600,"height":800,"url":"https:\/\/miumjau.ee\/wp-content\/uploads\/2026\/01\/manguasikassile4.jpg","type":"image\/jpeg"}],"twitter_card":"summary_large_image","schema":{"@context":"https:\/\/schema.org","@graph":[{"@type":"WebPage","@id":"https:\/\/miumjau.ee\/lt\/produktas\/afp-pingpong-spider-traski-zaislas-su-katzole\/","url":"https:\/\/miumjau.ee\/lt\/produktas\/afp-pingpong-spider-traski-zaislas-su-katzole\/","name":"AFP PingPong Spider tra\u0161ki \u017eaislas su kat\u017eole - MiuMjau","isPartOf":{"@id":"https:\/\/miumjau.ee\/#website"},"primaryImageOfPage":{"@id":"https:\/\/miumjau.ee\/lt\/produktas\/afp-pingpong-spider-traski-zaislas-su-katzole\/#primaryimage"},"image":{"@id":"https:\/\/miumjau.ee\/lt\/produktas\/afp-pingpong-spider-traski-zaislas-su-katzole\/#primaryimage"},"thumbnailUrl":"https:\/\/miumjau.ee\/wp-content\/uploads\/2026\/01\/manguasikassile4.jpg","datePublished":"2026-01-27T07:32:12+00:00","breadcrumb":{"@id":"https:\/\/miumjau.ee\/lt\/produktas\/afp-pingpong-spider-traski-zaislas-su-katzole\/#breadcrumb"},"inLanguage":"lt-LT","potentialAction":[{"@type":"ReadAction","target":["https:\/\/miumjau.ee\/lt\/produktas\/afp-pingpong-spider-traski-zaislas-su-katzole\/"]}]},{"@type":"ImageObject","inLanguage":"lt-LT","@id":"https:\/\/miumjau.ee\/lt\/produktas\/afp-pingpong-spider-traski-zaislas-su-katzole\/#primaryimage","url":"https:\/\/miumjau.ee\/wp-content\/uploads\/2026\/01\/manguasikassile4.jpg","contentUrl":"https:\/\/miumjau.ee\/wp-content\/uploads\/2026\/01\/manguasikassile4.jpg","width":600,"height":800,"caption":"AFP PingPong Spider kr\u00f5bisev catnipiga m\u00e4nguasi kassile"},{"@type":"BreadcrumbList","@id":"https:\/\/miumjau.ee\/lt\/produktas\/afp-pingpong-spider-traski-zaislas-su-katzole\/#breadcrumb","itemListElement":[{"@type":"ListItem","position":1,"name":"Home","item":"https:\/\/miumjau.ee\/lt\/"},{"@type":"ListItem","position":2,"name":"Parduotuv\u0117","item":"https:\/\/miumjau.ee\/lt\/parduotuve\/"},{"@type":"ListItem","position":3,"name":"AFP PingPong Spider tra\u0161ki \u017eaislas su kat\u017eole"}]},{"@type":"WebSite","@id":"https:\/\/miumjau.ee\/#website","url":"https:\/\/miumjau.ee\/","name":"MiuMjau","description":"Kraapimispuud kassidele","publisher":{"@id":"https:\/\/miumjau.ee\/#organization"},"potentialAction":[{"@type":"SearchAction","target":{"@type":"EntryPoint","urlTemplate":"https:\/\/miumjau.ee\/?s={search_term_string}"},"query-input":{"@type":"PropertyValueSpecification","valueRequired":true,"valueName":"search_term_string"}}],"inLanguage":"lt-LT"},{"@type":"Organization","@id":"https:\/\/miumjau.ee\/#organization","name":"MiuMjau O\u00dc","url":"https:\/\/miumjau.ee\/","logo":{"@type":"ImageObject","inLanguage":"lt-LT","@id":"https:\/\/miumjau.ee\/#\/schema\/logo\/image\/","url":"https:\/\/miumjau.ee\/wp-content\/uploads\/2022\/04\/MiuMjau-logo-kollane.png","contentUrl":"https:\/\/miumjau.ee\/wp-content\/uploads\/2022\/04\/MiuMjau-logo-kollane.png","width":219,"height":100,"caption":"MiuMjau O\u00dc"},"image":{"@id":"https:\/\/miumjau.ee\/#\/schema\/logo\/image\/"},"sameAs":["https:\/\/www.facebook.com\/miumjaupood\/"]}]}},"_links":{"self":[{"href":"https:\/\/miumjau.ee\/lt\/wp-json\/wp\/v2\/product\/55272","targetHints":{"allow":["GET"]}}],"collection":[{"href":"https:\/\/miumjau.ee\/lt\/wp-json\/wp\/v2\/product"}],"about":[{"href":"https:\/\/miumjau.ee\/lt\/wp-json\/wp\/v2\/types\/product"}],"wp:featuredmedia":[{"embeddable":true,"href":"https:\/\/miumjau.ee\/lt\/wp-json\/wp\/v2\/media\/53033"}],"wp:attachment":[{"href":"https:\/\/miumjau.ee\/lt\/wp-json\/wp\/v2\/media?parent=55272"}],"wp:term":[{"taxonomy":"product_brand","embeddable":true,"href":"https:\/\/miumjau.ee\/lt\/wp-json\/wp\/v2\/product_brand?post=55272"},{"taxonomy":"product_cat","embeddable":true,"href":"https:\/\/miumjau.ee\/lt\/wp-json\/wp\/v2\/product_cat?post=55272"},{"taxonomy":"product_tag","embeddable":true,"href":"https:\/\/miumjau.ee\/lt\/wp-json\/wp\/v2\/product_tag?post=55272"}],"curies":[{"name":"wp","href":"https:\/\/api.w.org\/{rel}","templated":true}]}}