{"id":55251,"date":"2026-01-27T09:47:27","date_gmt":"2026-01-27T07:47:27","guid":{"rendered":"https:\/\/miumjau.ee\/toode\/cozy-dog-bunny-sildoma-suns-zaislas\/"},"modified":"2026-01-27T09:47:27","modified_gmt":"2026-01-27T07:47:27","slug":"cozy-dog-bunny-sildoma-suns-zaislas","status":"publish","type":"product","link":"https:\/\/miumjau.ee\/lt\/produktas\/cozy-dog-bunny-sildoma-suns-zaislas\/","title":{"rendered":"Cozy Dog Bunny \u0161ildoma \u0161uns \u017eaislas"},"content":{"rendered":"","protected":false},"excerpt":{"rendered":"<p data-start=\"2661\" data-end=\"2912\"><strong data-start=\"2661\" data-end=\"2709\">Cozy Dog Bunny \u2013 mielas zuikutis J\u016bs\u0173 \u0161uniui<\/strong><br data-start=\"2709\" data-end=\"2712\" \/>Padovanokite savo \u0161uniui \u0161ilum\u0105 ir komfort\u0105 su \u017eavingu Cozy Dog Bunny! \u0160is mink\u0161tas \u017eaislas ne tik mink\u0161tas, bet ir turi \u0161irdies formos \u012frengin\u012f, kuris aktyvavus imituoja \u0161irdies plakim\u0105 10 minu\u010di\u0173.<\/p>\n<p data-start=\"2914\" data-end=\"3237\">Kiekvienas Cozy Dog Bunny turi atskir\u0105 mai\u0161el\u012f su turmalino akmenukais, kuriuos galima trumpai pa\u0161ildyti mikrobang\u0173 krosnel\u0117je. \u017daislas skleid\u017eia maloni\u0105 \u0161ilum\u0105. \u0160ilumos, levand\u0173 aromato ir \u0161irdies plakimo derinys ramina \u0161un\u012f. Puikiai tinka \u0161uniukams, neramiems \u0161unims arba bet kuriuo metu, kai reikia papildomo komforto.<\/p>\n<p data-start=\"3239\" data-end=\"3266\"><strong data-start=\"3239\" data-end=\"3264\">Naudojimo instrukcija<\/strong><\/p>\n<ol data-start=\"3267\" data-end=\"3620\">\n<li data-section-id=\"1oiehf\" data-start=\"3267\" data-end=\"3323\">\n<p data-start=\"3270\" data-end=\"3323\">I\u0161imkite mai\u0161el\u012f su turmalino akmenukais i\u0161 \u017eaislo.<\/p>\n<\/li>\n<li data-section-id=\"y0vf7o\" data-start=\"3324\" data-end=\"3367\">\n<p data-start=\"3327\" data-end=\"3367\">\u012ed\u0117kite mai\u0161el\u012f \u012f mikrobang\u0173 krosnel\u0119.<\/p>\n<\/li>\n<li data-section-id=\"1xe0eby\" data-start=\"3368\" data-end=\"3432\">\n<p data-start=\"3371\" data-end=\"3432\">\u012esp\u0117jimas: pernelyg ilgas \u0161ildymas gali i\u0161tirpinti mai\u0161el\u012f.<\/p>\n<\/li>\n<li data-section-id=\"t5olfq\" data-start=\"3433\" data-end=\"3513\">\n<p data-start=\"3436\" data-end=\"3513\">Pirmiausia \u0161ildykite 10 sekund\u017ei\u0173, po to patikrinkite akmenuk\u0173 temperat\u016br\u0105.<\/p>\n<\/li>\n<li data-section-id=\"jhg5am\" data-start=\"3514\" data-end=\"3620\">\n<p data-start=\"3517\" data-end=\"3620\">\u0160ildykite palaipsniui, kad akmenukai neperkaist\u0173; niekas nenori nusideginti sav\u0119s ar savo augintinio.<\/p>\n<\/li>\n<\/ol>\n<p data-start=\"3622\" data-end=\"3684\"><strong data-start=\"3622\" data-end=\"3633\">Svarbu:<\/strong> Tai n\u0117ra kramtoma \u017eaislas; naudokite pri\u017ei\u016brint.<\/p>\n<p data-start=\"3686\" data-end=\"3712\"><strong data-start=\"3686\" data-end=\"3710\">Produkto informacija<\/strong><\/p>\n<ul data-start=\"3713\" data-end=\"3824\">\n<li data-section-id=\"11zcihd\" data-start=\"3713\" data-end=\"3737\">\n<p data-start=\"3715\" data-end=\"3737\">Matmenys: 20 x 30 cm<\/p>\n<\/li>\n<li data-section-id=\"a3c477\" data-start=\"3738\" data-end=\"3824\">\n<p data-start=\"3740\" data-end=\"3824\">Savyb\u0117s: \u0160irdies plakimo imitacija, \u0161ildomas mai\u0161elis, raminantis levand\u0173 aromatas<\/p>\n<\/li>\n<\/ul>\n","protected":false},"featured_media":53057,"template":"","meta":[],"product_brand":[],"product_cat":[541],"product_tag":[],"class_list":{"0":"post-55251","1":"product","2":"type-product","3":"status-publish","4":"has-post-thumbnail","6":"product_cat-zaislai-sunims","8":"first","9":"instock","10":"taxable","11":"shipping-taxable","12":"purchasable","13":"product-type-simple"},"yoast_head":"<!-- This site is optimized with the Yoast SEO plugin v27.4 - https:\/\/yoast.com\/product\/yoast-seo-wordpress\/ -->\n<title>Cozy Dog Bunny \u0161ildoma \u0161uns \u017eaislas - MiuMjau<\/title>\n<meta name=\"robots\" content=\"index, follow, max-snippet:-1, max-image-preview:large, max-video-preview:-1\" \/>\n<link rel=\"canonical\" href=\"https:\/\/miumjau.ee\/lt\/produktas\/cozy-dog-bunny-sildoma-suns-zaislas\/\" \/>\n<meta property=\"og:locale\" content=\"lt_LT\" \/>\n<meta property=\"og:type\" content=\"article\" \/>\n<meta property=\"og:title\" content=\"Cozy Dog Bunny \u0161ildoma \u0161uns \u017eaislas - MiuMjau\" \/>\n<meta property=\"og:description\" content=\"Cozy Dog Bunny \u2013 mielas zuikutis J\u016bs\u0173 \u0161uniuiPadovanokite savo \u0161uniui \u0161ilum\u0105 ir komfort\u0105 su \u017eavingu Cozy Dog Bunny! \u0160is mink\u0161tas \u017eaislas ne tik mink\u0161tas, bet ir turi \u0161irdies formos \u012frengin\u012f, kuris aktyvavus imituoja \u0161irdies plakim\u0105 10 minu\u010di\u0173. Kiekvienas Cozy Dog Bunny turi atskir\u0105 mai\u0161el\u012f su turmalino akmenukais, kuriuos galima trumpai pa\u0161ildyti mikrobang\u0173 krosnel\u0117je. \u017daislas skleid\u017eia maloni\u0105 \u0161ilum\u0105. \u0160ilumos, levand\u0173 aromato ir \u0161irdies plakimo derinys ramina \u0161un\u012f. Puikiai tinka \u0161uniukams, neramiems \u0161unims arba bet kuriuo metu, kai reikia papildomo komforto. Naudojimo instrukcija     I\u0161imkite mai\u0161el\u012f su turmalino akmenukais i\u0161 \u017eaislo.    \u012ed\u0117kite mai\u0161el\u012f \u012f mikrobang\u0173 krosnel\u0119.    \u012esp\u0117jimas: pernelyg ilgas \u0161ildymas gali i\u0161tirpinti mai\u0161el\u012f.    Pirmiausia \u0161ildykite 10 sekund\u017ei\u0173, po to patikrinkite akmenuk\u0173 temperat\u016br\u0105.    \u0160ildykite palaipsniui, kad akmenukai neperkaist\u0173; niekas nenori nusideginti sav\u0119s ar savo augintinio.   Svarbu: Tai n\u0117ra kramtoma \u017eaislas; naudokite pri\u017ei\u016brint. Produkto informacija     Matmenys: 20 x 30 cm    Savyb\u0117s: \u0160irdies plakimo imitacija, \u0161ildomas mai\u0161elis, raminantis levand\u0173 aromatas\" \/>\n<meta property=\"og:url\" content=\"https:\/\/miumjau.ee\/lt\/produktas\/cozy-dog-bunny-sildoma-suns-zaislas\/\" \/>\n<meta property=\"og:site_name\" content=\"MiuMjau\" \/>\n<meta property=\"article:publisher\" content=\"https:\/\/www.facebook.com\/miumjaupood\/\" \/>\n<meta property=\"og:image\" content=\"https:\/\/miumjau.ee\/wp-content\/uploads\/2026\/01\/manguasi-koerale-roheline-janes2.jpg\" \/>\n\t<meta property=\"og:image:width\" content=\"600\" \/>\n\t<meta property=\"og:image:height\" content=\"800\" \/>\n\t<meta property=\"og:image:type\" content=\"image\/jpeg\" \/>\n<meta name=\"twitter:card\" content=\"summary_large_image\" \/>\n<script type=\"application\/ld+json\" class=\"yoast-schema-graph\">{\"@context\":\"https:\\\/\\\/schema.org\",\"@graph\":[{\"@type\":\"WebPage\",\"@id\":\"https:\\\/\\\/miumjau.ee\\\/lt\\\/produktas\\\/cozy-dog-bunny-sildoma-suns-zaislas\\\/\",\"url\":\"https:\\\/\\\/miumjau.ee\\\/lt\\\/produktas\\\/cozy-dog-bunny-sildoma-suns-zaislas\\\/\",\"name\":\"Cozy Dog Bunny \u0161ildoma \u0161uns \u017eaislas - MiuMjau\",\"isPartOf\":{\"@id\":\"https:\\\/\\\/miumjau.ee\\\/#website\"},\"primaryImageOfPage\":{\"@id\":\"https:\\\/\\\/miumjau.ee\\\/lt\\\/produktas\\\/cozy-dog-bunny-sildoma-suns-zaislas\\\/#primaryimage\"},\"image\":{\"@id\":\"https:\\\/\\\/miumjau.ee\\\/lt\\\/produktas\\\/cozy-dog-bunny-sildoma-suns-zaislas\\\/#primaryimage\"},\"thumbnailUrl\":\"https:\\\/\\\/miumjau.ee\\\/wp-content\\\/uploads\\\/2026\\\/01\\\/manguasi-koerale-roheline-janes2.jpg\",\"datePublished\":\"2026-01-27T07:47:27+00:00\",\"breadcrumb\":{\"@id\":\"https:\\\/\\\/miumjau.ee\\\/lt\\\/produktas\\\/cozy-dog-bunny-sildoma-suns-zaislas\\\/#breadcrumb\"},\"inLanguage\":\"lt-LT\",\"potentialAction\":[{\"@type\":\"ReadAction\",\"target\":[\"https:\\\/\\\/miumjau.ee\\\/lt\\\/produktas\\\/cozy-dog-bunny-sildoma-suns-zaislas\\\/\"]}]},{\"@type\":\"ImageObject\",\"inLanguage\":\"lt-LT\",\"@id\":\"https:\\\/\\\/miumjau.ee\\\/lt\\\/produktas\\\/cozy-dog-bunny-sildoma-suns-zaislas\\\/#primaryimage\",\"url\":\"https:\\\/\\\/miumjau.ee\\\/wp-content\\\/uploads\\\/2026\\\/01\\\/manguasi-koerale-roheline-janes2.jpg\",\"contentUrl\":\"https:\\\/\\\/miumjau.ee\\\/wp-content\\\/uploads\\\/2026\\\/01\\\/manguasi-koerale-roheline-janes2.jpg\",\"width\":600,\"height\":800,\"caption\":\"Cozy Dog Bunny soojendusega m\u00e4nguasi koerale\"},{\"@type\":\"BreadcrumbList\",\"@id\":\"https:\\\/\\\/miumjau.ee\\\/lt\\\/produktas\\\/cozy-dog-bunny-sildoma-suns-zaislas\\\/#breadcrumb\",\"itemListElement\":[{\"@type\":\"ListItem\",\"position\":1,\"name\":\"Home\",\"item\":\"https:\\\/\\\/miumjau.ee\\\/lt\\\/\"},{\"@type\":\"ListItem\",\"position\":2,\"name\":\"Parduotuv\u0117\",\"item\":\"https:\\\/\\\/miumjau.ee\\\/lt\\\/parduotuve\\\/\"},{\"@type\":\"ListItem\",\"position\":3,\"name\":\"Cozy Dog Bunny \u0161ildoma \u0161uns \u017eaislas\"}]},{\"@type\":\"WebSite\",\"@id\":\"https:\\\/\\\/miumjau.ee\\\/#website\",\"url\":\"https:\\\/\\\/miumjau.ee\\\/\",\"name\":\"MiuMjau\",\"description\":\"Kraapimispuud kassidele\",\"publisher\":{\"@id\":\"https:\\\/\\\/miumjau.ee\\\/#organization\"},\"potentialAction\":[{\"@type\":\"SearchAction\",\"target\":{\"@type\":\"EntryPoint\",\"urlTemplate\":\"https:\\\/\\\/miumjau.ee\\\/?s={search_term_string}\"},\"query-input\":{\"@type\":\"PropertyValueSpecification\",\"valueRequired\":true,\"valueName\":\"search_term_string\"}}],\"inLanguage\":\"lt-LT\"},{\"@type\":\"Organization\",\"@id\":\"https:\\\/\\\/miumjau.ee\\\/#organization\",\"name\":\"MiuMjau O\u00dc\",\"url\":\"https:\\\/\\\/miumjau.ee\\\/\",\"logo\":{\"@type\":\"ImageObject\",\"inLanguage\":\"lt-LT\",\"@id\":\"https:\\\/\\\/miumjau.ee\\\/#\\\/schema\\\/logo\\\/image\\\/\",\"url\":\"https:\\\/\\\/miumjau.ee\\\/wp-content\\\/uploads\\\/2022\\\/04\\\/MiuMjau-logo-kollane.png\",\"contentUrl\":\"https:\\\/\\\/miumjau.ee\\\/wp-content\\\/uploads\\\/2022\\\/04\\\/MiuMjau-logo-kollane.png\",\"width\":219,\"height\":100,\"caption\":\"MiuMjau O\u00dc\"},\"image\":{\"@id\":\"https:\\\/\\\/miumjau.ee\\\/#\\\/schema\\\/logo\\\/image\\\/\"},\"sameAs\":[\"https:\\\/\\\/www.facebook.com\\\/miumjaupood\\\/\"]}]}<\/script>\n<!-- \/ Yoast SEO plugin. -->","yoast_head_json":{"title":"Cozy Dog Bunny \u0161ildoma \u0161uns \u017eaislas - MiuMjau","robots":{"index":"index","follow":"follow","max-snippet":"max-snippet:-1","max-image-preview":"max-image-preview:large","max-video-preview":"max-video-preview:-1"},"canonical":"https:\/\/miumjau.ee\/lt\/produktas\/cozy-dog-bunny-sildoma-suns-zaislas\/","og_locale":"lt_LT","og_type":"article","og_title":"Cozy Dog Bunny \u0161ildoma \u0161uns \u017eaislas - MiuMjau","og_description":"Cozy Dog Bunny \u2013 mielas zuikutis J\u016bs\u0173 \u0161uniuiPadovanokite savo \u0161uniui \u0161ilum\u0105 ir komfort\u0105 su \u017eavingu Cozy Dog Bunny! \u0160is mink\u0161tas \u017eaislas ne tik mink\u0161tas, bet ir turi \u0161irdies formos \u012frengin\u012f, kuris aktyvavus imituoja \u0161irdies plakim\u0105 10 minu\u010di\u0173. Kiekvienas Cozy Dog Bunny turi atskir\u0105 mai\u0161el\u012f su turmalino akmenukais, kuriuos galima trumpai pa\u0161ildyti mikrobang\u0173 krosnel\u0117je. \u017daislas skleid\u017eia maloni\u0105 \u0161ilum\u0105. \u0160ilumos, levand\u0173 aromato ir \u0161irdies plakimo derinys ramina \u0161un\u012f. Puikiai tinka \u0161uniukams, neramiems \u0161unims arba bet kuriuo metu, kai reikia papildomo komforto. Naudojimo instrukcija     I\u0161imkite mai\u0161el\u012f su turmalino akmenukais i\u0161 \u017eaislo.    \u012ed\u0117kite mai\u0161el\u012f \u012f mikrobang\u0173 krosnel\u0119.    \u012esp\u0117jimas: pernelyg ilgas \u0161ildymas gali i\u0161tirpinti mai\u0161el\u012f.    Pirmiausia \u0161ildykite 10 sekund\u017ei\u0173, po to patikrinkite akmenuk\u0173 temperat\u016br\u0105.    \u0160ildykite palaipsniui, kad akmenukai neperkaist\u0173; niekas nenori nusideginti sav\u0119s ar savo augintinio.   Svarbu: Tai n\u0117ra kramtoma \u017eaislas; naudokite pri\u017ei\u016brint. Produkto informacija     Matmenys: 20 x 30 cm    Savyb\u0117s: \u0160irdies plakimo imitacija, \u0161ildomas mai\u0161elis, raminantis levand\u0173 aromatas","og_url":"https:\/\/miumjau.ee\/lt\/produktas\/cozy-dog-bunny-sildoma-suns-zaislas\/","og_site_name":"MiuMjau","article_publisher":"https:\/\/www.facebook.com\/miumjaupood\/","og_image":[{"width":600,"height":800,"url":"https:\/\/miumjau.ee\/wp-content\/uploads\/2026\/01\/manguasi-koerale-roheline-janes2.jpg","type":"image\/jpeg"}],"twitter_card":"summary_large_image","schema":{"@context":"https:\/\/schema.org","@graph":[{"@type":"WebPage","@id":"https:\/\/miumjau.ee\/lt\/produktas\/cozy-dog-bunny-sildoma-suns-zaislas\/","url":"https:\/\/miumjau.ee\/lt\/produktas\/cozy-dog-bunny-sildoma-suns-zaislas\/","name":"Cozy Dog Bunny \u0161ildoma \u0161uns \u017eaislas - MiuMjau","isPartOf":{"@id":"https:\/\/miumjau.ee\/#website"},"primaryImageOfPage":{"@id":"https:\/\/miumjau.ee\/lt\/produktas\/cozy-dog-bunny-sildoma-suns-zaislas\/#primaryimage"},"image":{"@id":"https:\/\/miumjau.ee\/lt\/produktas\/cozy-dog-bunny-sildoma-suns-zaislas\/#primaryimage"},"thumbnailUrl":"https:\/\/miumjau.ee\/wp-content\/uploads\/2026\/01\/manguasi-koerale-roheline-janes2.jpg","datePublished":"2026-01-27T07:47:27+00:00","breadcrumb":{"@id":"https:\/\/miumjau.ee\/lt\/produktas\/cozy-dog-bunny-sildoma-suns-zaislas\/#breadcrumb"},"inLanguage":"lt-LT","potentialAction":[{"@type":"ReadAction","target":["https:\/\/miumjau.ee\/lt\/produktas\/cozy-dog-bunny-sildoma-suns-zaislas\/"]}]},{"@type":"ImageObject","inLanguage":"lt-LT","@id":"https:\/\/miumjau.ee\/lt\/produktas\/cozy-dog-bunny-sildoma-suns-zaislas\/#primaryimage","url":"https:\/\/miumjau.ee\/wp-content\/uploads\/2026\/01\/manguasi-koerale-roheline-janes2.jpg","contentUrl":"https:\/\/miumjau.ee\/wp-content\/uploads\/2026\/01\/manguasi-koerale-roheline-janes2.jpg","width":600,"height":800,"caption":"Cozy Dog Bunny soojendusega m\u00e4nguasi koerale"},{"@type":"BreadcrumbList","@id":"https:\/\/miumjau.ee\/lt\/produktas\/cozy-dog-bunny-sildoma-suns-zaislas\/#breadcrumb","itemListElement":[{"@type":"ListItem","position":1,"name":"Home","item":"https:\/\/miumjau.ee\/lt\/"},{"@type":"ListItem","position":2,"name":"Parduotuv\u0117","item":"https:\/\/miumjau.ee\/lt\/parduotuve\/"},{"@type":"ListItem","position":3,"name":"Cozy Dog Bunny \u0161ildoma \u0161uns \u017eaislas"}]},{"@type":"WebSite","@id":"https:\/\/miumjau.ee\/#website","url":"https:\/\/miumjau.ee\/","name":"MiuMjau","description":"Kraapimispuud kassidele","publisher":{"@id":"https:\/\/miumjau.ee\/#organization"},"potentialAction":[{"@type":"SearchAction","target":{"@type":"EntryPoint","urlTemplate":"https:\/\/miumjau.ee\/?s={search_term_string}"},"query-input":{"@type":"PropertyValueSpecification","valueRequired":true,"valueName":"search_term_string"}}],"inLanguage":"lt-LT"},{"@type":"Organization","@id":"https:\/\/miumjau.ee\/#organization","name":"MiuMjau O\u00dc","url":"https:\/\/miumjau.ee\/","logo":{"@type":"ImageObject","inLanguage":"lt-LT","@id":"https:\/\/miumjau.ee\/#\/schema\/logo\/image\/","url":"https:\/\/miumjau.ee\/wp-content\/uploads\/2022\/04\/MiuMjau-logo-kollane.png","contentUrl":"https:\/\/miumjau.ee\/wp-content\/uploads\/2022\/04\/MiuMjau-logo-kollane.png","width":219,"height":100,"caption":"MiuMjau O\u00dc"},"image":{"@id":"https:\/\/miumjau.ee\/#\/schema\/logo\/image\/"},"sameAs":["https:\/\/www.facebook.com\/miumjaupood\/"]}]}},"_links":{"self":[{"href":"https:\/\/miumjau.ee\/lt\/wp-json\/wp\/v2\/product\/55251","targetHints":{"allow":["GET"]}}],"collection":[{"href":"https:\/\/miumjau.ee\/lt\/wp-json\/wp\/v2\/product"}],"about":[{"href":"https:\/\/miumjau.ee\/lt\/wp-json\/wp\/v2\/types\/product"}],"wp:featuredmedia":[{"embeddable":true,"href":"https:\/\/miumjau.ee\/lt\/wp-json\/wp\/v2\/media\/53057"}],"wp:attachment":[{"href":"https:\/\/miumjau.ee\/lt\/wp-json\/wp\/v2\/media?parent=55251"}],"wp:term":[{"taxonomy":"product_brand","embeddable":true,"href":"https:\/\/miumjau.ee\/lt\/wp-json\/wp\/v2\/product_brand?post=55251"},{"taxonomy":"product_cat","embeddable":true,"href":"https:\/\/miumjau.ee\/lt\/wp-json\/wp\/v2\/product_cat?post=55251"},{"taxonomy":"product_tag","embeddable":true,"href":"https:\/\/miumjau.ee\/lt\/wp-json\/wp\/v2\/product_tag?post=55251"}],"curies":[{"name":"wp","href":"https:\/\/api.w.org\/{rel}","templated":true}]}}