{"id":55246,"date":"2026-01-27T09:50:34","date_gmt":"2026-01-27T07:50:34","guid":{"rendered":"https:\/\/miumjau.ee\/toode\/kong-floppy-knots-bunny-zaislas-sunims\/"},"modified":"2026-01-27T09:50:34","modified_gmt":"2026-01-27T07:50:34","slug":"kong-floppy-knots-bunny-zaislas-sunims","status":"publish","type":"product","link":"https:\/\/miumjau.ee\/lt\/produktas\/kong-floppy-knots-bunny-zaislas-sunims\/","title":{"rendered":"KONG Floppy Knots Bunny \u017eaislas \u0161unims"},"content":{"rendered":"","protected":false},"excerpt":{"rendered":"<p data-start=\"1502\" data-end=\"1872\">KONG Floppy Knots yra naujausi Knots \u0161eimos nariai, kuri\u0173 linksmas ir \u201clankstus\u201d dizainas suteikia \u0161unims smag\u0173 kratymo malonum\u0105. Vidin\u0117 susiri\u0161usi virv\u0117 atrodo tikrovi\u0161ka po \u0161uns dantimis ir patenkina jo med\u017eiokl\u0117s instinkt\u0105, tuo tarpu skirtingos tekst\u016bros ir \u010dir\u0161kikliai skatina \u017eaisti. Minimalus u\u017epildas suma\u017eina netvark\u0105\u2014pasiruo\u0161kite linksmoms \u017eaidimo akimirkoms!<\/p>\n<ul data-start=\"1874\" data-end=\"2100\">\n<li data-section-id=\"1ny4wd3\" data-start=\"1874\" data-end=\"1965\">\n<p data-start=\"1876\" data-end=\"1965\"><strong data-start=\"1876\" data-end=\"1925\">Vidin\u0117 susiri\u0161usi virv\u0117 ir lankstus dizainas:<\/strong> Patenkina \u0161uns nat\u016bralius instinktus.<\/p>\n<\/li>\n<li data-section-id=\"1cl3yok\" data-start=\"1966\" data-end=\"2026\">\n<p data-start=\"1968\" data-end=\"2026\"><strong data-start=\"1968\" data-end=\"2008\">Skirtingos tekst\u016bros ir \u010dir\u0161kikliai:<\/strong> Skatina \u017eaisti.<\/p>\n<\/li>\n<li data-section-id=\"1159otf\" data-start=\"2027\" data-end=\"2100\">\n<p data-start=\"2029\" data-end=\"2100\"><strong data-start=\"2029\" data-end=\"2052\">Minimalus u\u017epildas:<\/strong> Ma\u017eiau netvarkos, jei \u017eaislas bus sugadintas.<\/p>\n<\/li>\n<\/ul>\n","protected":false},"featured_media":53027,"template":"","meta":[],"product_brand":[],"product_cat":[541],"product_tag":[],"class_list":{"0":"post-55246","1":"product","2":"type-product","3":"status-publish","4":"has-post-thumbnail","6":"product_cat-zaislai-sunims","8":"first","9":"instock","10":"taxable","11":"shipping-taxable","12":"purchasable","13":"product-type-simple"},"yoast_head":"<!-- This site is optimized with the Yoast SEO plugin v27.2 - https:\/\/yoast.com\/product\/yoast-seo-wordpress\/ -->\n<title>KONG Floppy Knots Bunny \u017eaislas \u0161unims - MiuMjau<\/title>\n<meta name=\"robots\" content=\"index, follow, max-snippet:-1, max-image-preview:large, max-video-preview:-1\" \/>\n<link rel=\"canonical\" href=\"https:\/\/miumjau.ee\/lt\/produktas\/kong-floppy-knots-bunny-zaislas-sunims\/\" \/>\n<meta property=\"og:locale\" content=\"lt_LT\" \/>\n<meta property=\"og:type\" content=\"article\" \/>\n<meta property=\"og:title\" content=\"KONG Floppy Knots Bunny \u017eaislas \u0161unims - MiuMjau\" \/>\n<meta property=\"og:description\" content=\"KONG Floppy Knots yra naujausi Knots \u0161eimos nariai, kuri\u0173 linksmas ir \u201clankstus\u201d dizainas suteikia \u0161unims smag\u0173 kratymo malonum\u0105. Vidin\u0117 susiri\u0161usi virv\u0117 atrodo tikrovi\u0161ka po \u0161uns dantimis ir patenkina jo med\u017eiokl\u0117s instinkt\u0105, tuo tarpu skirtingos tekst\u016bros ir \u010dir\u0161kikliai skatina \u017eaisti. Minimalus u\u017epildas suma\u017eina netvark\u0105\u2014pasiruo\u0161kite linksmoms \u017eaidimo akimirkoms!     Vidin\u0117 susiri\u0161usi virv\u0117 ir lankstus dizainas: Patenkina \u0161uns nat\u016bralius instinktus.    Skirtingos tekst\u016bros ir \u010dir\u0161kikliai: Skatina \u017eaisti.    Minimalus u\u017epildas: Ma\u017eiau netvarkos, jei \u017eaislas bus sugadintas.\" \/>\n<meta property=\"og:url\" content=\"https:\/\/miumjau.ee\/lt\/produktas\/kong-floppy-knots-bunny-zaislas-sunims\/\" \/>\n<meta property=\"og:site_name\" content=\"MiuMjau\" \/>\n<meta property=\"article:publisher\" content=\"https:\/\/www.facebook.com\/miumjaupood\/\" \/>\n<meta property=\"og:image\" content=\"https:\/\/miumjau.ee\/wp-content\/uploads\/2026\/01\/kong-manguasi-koerale4.jpg\" \/>\n\t<meta property=\"og:image:width\" content=\"600\" \/>\n\t<meta property=\"og:image:height\" content=\"800\" \/>\n\t<meta property=\"og:image:type\" content=\"image\/jpeg\" \/>\n<meta name=\"twitter:card\" content=\"summary_large_image\" \/>\n<script type=\"application\/ld+json\" class=\"yoast-schema-graph\">{\"@context\":\"https:\/\/schema.org\",\"@graph\":[{\"@type\":\"WebPage\",\"@id\":\"https:\/\/miumjau.ee\/lt\/produktas\/kong-floppy-knots-bunny-zaislas-sunims\/\",\"url\":\"https:\/\/miumjau.ee\/lt\/produktas\/kong-floppy-knots-bunny-zaislas-sunims\/\",\"name\":\"KONG Floppy Knots Bunny \u017eaislas \u0161unims - MiuMjau\",\"isPartOf\":{\"@id\":\"https:\/\/miumjau.ee\/#website\"},\"primaryImageOfPage\":{\"@id\":\"https:\/\/miumjau.ee\/lt\/produktas\/kong-floppy-knots-bunny-zaislas-sunims\/#primaryimage\"},\"image\":{\"@id\":\"https:\/\/miumjau.ee\/lt\/produktas\/kong-floppy-knots-bunny-zaislas-sunims\/#primaryimage\"},\"thumbnailUrl\":\"https:\/\/miumjau.ee\/wp-content\/uploads\/2026\/01\/kong-manguasi-koerale4.jpg\",\"datePublished\":\"2026-01-27T07:50:34+00:00\",\"breadcrumb\":{\"@id\":\"https:\/\/miumjau.ee\/lt\/produktas\/kong-floppy-knots-bunny-zaislas-sunims\/#breadcrumb\"},\"inLanguage\":\"lt-LT\",\"potentialAction\":[{\"@type\":\"ReadAction\",\"target\":[\"https:\/\/miumjau.ee\/lt\/produktas\/kong-floppy-knots-bunny-zaislas-sunims\/\"]}]},{\"@type\":\"ImageObject\",\"inLanguage\":\"lt-LT\",\"@id\":\"https:\/\/miumjau.ee\/lt\/produktas\/kong-floppy-knots-bunny-zaislas-sunims\/#primaryimage\",\"url\":\"https:\/\/miumjau.ee\/wp-content\/uploads\/2026\/01\/kong-manguasi-koerale4.jpg\",\"contentUrl\":\"https:\/\/miumjau.ee\/wp-content\/uploads\/2026\/01\/kong-manguasi-koerale4.jpg\",\"width\":600,\"height\":800,\"caption\":\"KONG Floppy Knots Bunny m\u00e4nguasi koerale\"},{\"@type\":\"BreadcrumbList\",\"@id\":\"https:\/\/miumjau.ee\/lt\/produktas\/kong-floppy-knots-bunny-zaislas-sunims\/#breadcrumb\",\"itemListElement\":[{\"@type\":\"ListItem\",\"position\":1,\"name\":\"Home\",\"item\":\"https:\/\/miumjau.ee\/lt\/\"},{\"@type\":\"ListItem\",\"position\":2,\"name\":\"Parduotuv\u0117\",\"item\":\"https:\/\/miumjau.ee\/lt\/parduotuve\/\"},{\"@type\":\"ListItem\",\"position\":3,\"name\":\"KONG Floppy Knots Bunny \u017eaislas \u0161unims\"}]},{\"@type\":\"WebSite\",\"@id\":\"https:\/\/miumjau.ee\/#website\",\"url\":\"https:\/\/miumjau.ee\/\",\"name\":\"MiuMjau\",\"description\":\"Kraapimispuud kassidele\",\"publisher\":{\"@id\":\"https:\/\/miumjau.ee\/#organization\"},\"potentialAction\":[{\"@type\":\"SearchAction\",\"target\":{\"@type\":\"EntryPoint\",\"urlTemplate\":\"https:\/\/miumjau.ee\/?s={search_term_string}\"},\"query-input\":{\"@type\":\"PropertyValueSpecification\",\"valueRequired\":true,\"valueName\":\"search_term_string\"}}],\"inLanguage\":\"lt-LT\"},{\"@type\":\"Organization\",\"@id\":\"https:\/\/miumjau.ee\/#organization\",\"name\":\"MiuMjau O\u00dc\",\"url\":\"https:\/\/miumjau.ee\/\",\"logo\":{\"@type\":\"ImageObject\",\"inLanguage\":\"lt-LT\",\"@id\":\"https:\/\/miumjau.ee\/#\/schema\/logo\/image\/\",\"url\":\"https:\/\/miumjau.ee\/wp-content\/uploads\/2022\/04\/MiuMjau-logo-kollane.png\",\"contentUrl\":\"https:\/\/miumjau.ee\/wp-content\/uploads\/2022\/04\/MiuMjau-logo-kollane.png\",\"width\":219,\"height\":100,\"caption\":\"MiuMjau O\u00dc\"},\"image\":{\"@id\":\"https:\/\/miumjau.ee\/#\/schema\/logo\/image\/\"},\"sameAs\":[\"https:\/\/www.facebook.com\/miumjaupood\/\"]}]}<\/script>\n<!-- \/ Yoast SEO plugin. -->","yoast_head_json":{"title":"KONG Floppy Knots Bunny \u017eaislas \u0161unims - MiuMjau","robots":{"index":"index","follow":"follow","max-snippet":"max-snippet:-1","max-image-preview":"max-image-preview:large","max-video-preview":"max-video-preview:-1"},"canonical":"https:\/\/miumjau.ee\/lt\/produktas\/kong-floppy-knots-bunny-zaislas-sunims\/","og_locale":"lt_LT","og_type":"article","og_title":"KONG Floppy Knots Bunny \u017eaislas \u0161unims - MiuMjau","og_description":"KONG Floppy Knots yra naujausi Knots \u0161eimos nariai, kuri\u0173 linksmas ir \u201clankstus\u201d dizainas suteikia \u0161unims smag\u0173 kratymo malonum\u0105. Vidin\u0117 susiri\u0161usi virv\u0117 atrodo tikrovi\u0161ka po \u0161uns dantimis ir patenkina jo med\u017eiokl\u0117s instinkt\u0105, tuo tarpu skirtingos tekst\u016bros ir \u010dir\u0161kikliai skatina \u017eaisti. Minimalus u\u017epildas suma\u017eina netvark\u0105\u2014pasiruo\u0161kite linksmoms \u017eaidimo akimirkoms!     Vidin\u0117 susiri\u0161usi virv\u0117 ir lankstus dizainas: Patenkina \u0161uns nat\u016bralius instinktus.    Skirtingos tekst\u016bros ir \u010dir\u0161kikliai: Skatina \u017eaisti.    Minimalus u\u017epildas: Ma\u017eiau netvarkos, jei \u017eaislas bus sugadintas.","og_url":"https:\/\/miumjau.ee\/lt\/produktas\/kong-floppy-knots-bunny-zaislas-sunims\/","og_site_name":"MiuMjau","article_publisher":"https:\/\/www.facebook.com\/miumjaupood\/","og_image":[{"width":600,"height":800,"url":"https:\/\/miumjau.ee\/wp-content\/uploads\/2026\/01\/kong-manguasi-koerale4.jpg","type":"image\/jpeg"}],"twitter_card":"summary_large_image","schema":{"@context":"https:\/\/schema.org","@graph":[{"@type":"WebPage","@id":"https:\/\/miumjau.ee\/lt\/produktas\/kong-floppy-knots-bunny-zaislas-sunims\/","url":"https:\/\/miumjau.ee\/lt\/produktas\/kong-floppy-knots-bunny-zaislas-sunims\/","name":"KONG Floppy Knots Bunny \u017eaislas \u0161unims - MiuMjau","isPartOf":{"@id":"https:\/\/miumjau.ee\/#website"},"primaryImageOfPage":{"@id":"https:\/\/miumjau.ee\/lt\/produktas\/kong-floppy-knots-bunny-zaislas-sunims\/#primaryimage"},"image":{"@id":"https:\/\/miumjau.ee\/lt\/produktas\/kong-floppy-knots-bunny-zaislas-sunims\/#primaryimage"},"thumbnailUrl":"https:\/\/miumjau.ee\/wp-content\/uploads\/2026\/01\/kong-manguasi-koerale4.jpg","datePublished":"2026-01-27T07:50:34+00:00","breadcrumb":{"@id":"https:\/\/miumjau.ee\/lt\/produktas\/kong-floppy-knots-bunny-zaislas-sunims\/#breadcrumb"},"inLanguage":"lt-LT","potentialAction":[{"@type":"ReadAction","target":["https:\/\/miumjau.ee\/lt\/produktas\/kong-floppy-knots-bunny-zaislas-sunims\/"]}]},{"@type":"ImageObject","inLanguage":"lt-LT","@id":"https:\/\/miumjau.ee\/lt\/produktas\/kong-floppy-knots-bunny-zaislas-sunims\/#primaryimage","url":"https:\/\/miumjau.ee\/wp-content\/uploads\/2026\/01\/kong-manguasi-koerale4.jpg","contentUrl":"https:\/\/miumjau.ee\/wp-content\/uploads\/2026\/01\/kong-manguasi-koerale4.jpg","width":600,"height":800,"caption":"KONG Floppy Knots Bunny m\u00e4nguasi koerale"},{"@type":"BreadcrumbList","@id":"https:\/\/miumjau.ee\/lt\/produktas\/kong-floppy-knots-bunny-zaislas-sunims\/#breadcrumb","itemListElement":[{"@type":"ListItem","position":1,"name":"Home","item":"https:\/\/miumjau.ee\/lt\/"},{"@type":"ListItem","position":2,"name":"Parduotuv\u0117","item":"https:\/\/miumjau.ee\/lt\/parduotuve\/"},{"@type":"ListItem","position":3,"name":"KONG Floppy Knots Bunny \u017eaislas \u0161unims"}]},{"@type":"WebSite","@id":"https:\/\/miumjau.ee\/#website","url":"https:\/\/miumjau.ee\/","name":"MiuMjau","description":"Kraapimispuud kassidele","publisher":{"@id":"https:\/\/miumjau.ee\/#organization"},"potentialAction":[{"@type":"SearchAction","target":{"@type":"EntryPoint","urlTemplate":"https:\/\/miumjau.ee\/?s={search_term_string}"},"query-input":{"@type":"PropertyValueSpecification","valueRequired":true,"valueName":"search_term_string"}}],"inLanguage":"lt-LT"},{"@type":"Organization","@id":"https:\/\/miumjau.ee\/#organization","name":"MiuMjau O\u00dc","url":"https:\/\/miumjau.ee\/","logo":{"@type":"ImageObject","inLanguage":"lt-LT","@id":"https:\/\/miumjau.ee\/#\/schema\/logo\/image\/","url":"https:\/\/miumjau.ee\/wp-content\/uploads\/2022\/04\/MiuMjau-logo-kollane.png","contentUrl":"https:\/\/miumjau.ee\/wp-content\/uploads\/2022\/04\/MiuMjau-logo-kollane.png","width":219,"height":100,"caption":"MiuMjau O\u00dc"},"image":{"@id":"https:\/\/miumjau.ee\/#\/schema\/logo\/image\/"},"sameAs":["https:\/\/www.facebook.com\/miumjaupood\/"]}]}},"_links":{"self":[{"href":"https:\/\/miumjau.ee\/lt\/wp-json\/wp\/v2\/product\/55246","targetHints":{"allow":["GET"]}}],"collection":[{"href":"https:\/\/miumjau.ee\/lt\/wp-json\/wp\/v2\/product"}],"about":[{"href":"https:\/\/miumjau.ee\/lt\/wp-json\/wp\/v2\/types\/product"}],"wp:featuredmedia":[{"embeddable":true,"href":"https:\/\/miumjau.ee\/lt\/wp-json\/wp\/v2\/media\/53027"}],"wp:attachment":[{"href":"https:\/\/miumjau.ee\/lt\/wp-json\/wp\/v2\/media?parent=55246"}],"wp:term":[{"taxonomy":"product_brand","embeddable":true,"href":"https:\/\/miumjau.ee\/lt\/wp-json\/wp\/v2\/product_brand?post=55246"},{"taxonomy":"product_cat","embeddable":true,"href":"https:\/\/miumjau.ee\/lt\/wp-json\/wp\/v2\/product_cat?post=55246"},{"taxonomy":"product_tag","embeddable":true,"href":"https:\/\/miumjau.ee\/lt\/wp-json\/wp\/v2\/product_tag?post=55246"}],"curies":[{"name":"wp","href":"https:\/\/api.w.org\/{rel}","templated":true}]}}