{"id":55234,"date":"2026-01-27T09:55:09","date_gmt":"2026-01-27T07:55:09","guid":{"rendered":"https:\/\/miumjau.ee\/toode\/kong-maxx-tug-zaislas-sunims\/"},"modified":"2026-01-27T09:55:09","modified_gmt":"2026-01-27T07:55:09","slug":"kong-maxx-tug-zaislas-sunims","status":"publish","type":"product","link":"https:\/\/miumjau.ee\/lt\/produktas\/kong-maxx-tug-zaislas-sunims\/","title":{"rendered":"KONG Maxx Tug \u017eaislas \u0161unims"},"content":{"rendered":"","protected":false},"excerpt":{"rendered":"<p data-start=\"188\" data-end=\"754\"><strong data-start=\"188\" data-end=\"227\">KONG Maxx \u2013 sukurtas ilgai tarnauti<\/strong><br data-start=\"227\" data-end=\"230\" \/>KONG Maxx \u017eaislai sukurti iki molekulinio lygio, kad u\u017etikrint\u0173 maksimal\u0173 atsparum\u0105, ilgalaik\u012f \u017eaidimo malonum\u0105 ir patenkint\u0173 net stipriausi\u0173 \u0161un\u0173 atne\u0161imo instinktus. \u017daislai padengti med\u017eiaga, kuri yra iki penki\u0173 kart\u0173 atspariau \u012fdurimams nei \u012fprasta pliu\u0161as. \u0160ie mink\u0161ti, bet patvar\u016bs \u017eaislai pagaminti i\u0161 itin stiprios si\u016bl\u0117s ir minimaliai si\u016bti, kad b\u016bt\u0173 u\u017etikrinta ilgaam\u017ei\u0161kumas bet kokioje situacijoje. Dvigubas audinys suteikia patvarumo nuotyki\u0173 kupinoms pramogoms, o vidinis \u010dir\u0161kutis palaiko \u0161uns susidom\u0117jim\u0105.<\/p>\n<p data-start=\"756\" data-end=\"782\"><strong data-start=\"756\" data-end=\"780\">Produkto privalumai:<\/strong><\/p>\n<ul data-start=\"783\" data-end=\"1275\">\n<li data-section-id=\"uy8aod\" data-start=\"783\" data-end=\"847\">\n<p data-start=\"785\" data-end=\"847\"><strong data-start=\"785\" data-end=\"806\">Dvigubas audinys:<\/strong> Didina patvarum\u0105 aktyviems nuotykiams.<\/p>\n<\/li>\n<li data-section-id=\"cf1o1t\" data-start=\"848\" data-end=\"910\">\n<p data-start=\"850\" data-end=\"910\"><strong data-start=\"850\" data-end=\"872\">Vidinis \u010dir\u0161kutis:<\/strong> Skatina nat\u016bralius \u0161uns instinktus.<\/p>\n<\/li>\n<li data-section-id=\"10imb43\" data-start=\"911\" data-end=\"997\">\n<p data-start=\"913\" data-end=\"997\"><strong data-start=\"913\" data-end=\"955\">Idealiai tinka interaktyviam \u017eaidimui:<\/strong> Galima naudoti tiek viduje, tiek lauke.<\/p>\n<\/li>\n<li data-section-id=\"1v7zz2o\" data-start=\"998\" data-end=\"1087\">\n<p data-start=\"1000\" data-end=\"1087\"><strong data-start=\"1000\" data-end=\"1025\">I\u0161skirtinai patvarus:<\/strong> Sukurtas rimtiems atne\u0161imo \u017eaidimams ir stipriam kramtymui.<\/p>\n<\/li>\n<li data-section-id=\"zl2f99\" data-start=\"1088\" data-end=\"1173\">\n<p data-start=\"1090\" data-end=\"1173\"><strong data-start=\"1090\" data-end=\"1133\">\u017dymiai stipresnis nei \u012fprastas pliu\u0161as:<\/strong> U\u017etikrina ilgalaik\u012f \u017eaidimo malonum\u0105.<\/p>\n<\/li>\n<li data-section-id=\"vwvd2b\" data-start=\"1174\" data-end=\"1275\">\n<p data-start=\"1176\" data-end=\"1275\"><strong data-start=\"1176\" data-end=\"1218\">Ypa\u010d stipri si\u016bl\u0117 ir minimal\u016bs si\u016bv\u0117s:<\/strong> Maksimalus tvirtumas net intensyviausiuose \u017eaidimuose.<\/p>\n<\/li>\n<\/ul>\n","protected":false},"featured_media":53021,"template":"","meta":[],"product_brand":[],"product_cat":[541],"product_tag":[],"class_list":{"0":"post-55234","1":"product","2":"type-product","3":"status-publish","4":"has-post-thumbnail","6":"product_cat-zaislai-sunims","8":"first","9":"instock","10":"taxable","11":"shipping-taxable","12":"purchasable","13":"product-type-simple"},"yoast_head":"<!-- This site is optimized with the Yoast SEO plugin v27.2 - https:\/\/yoast.com\/product\/yoast-seo-wordpress\/ -->\n<title>KONG Maxx Tug \u017eaislas \u0161unims - MiuMjau<\/title>\n<meta name=\"robots\" content=\"index, follow, max-snippet:-1, max-image-preview:large, max-video-preview:-1\" \/>\n<link rel=\"canonical\" href=\"https:\/\/miumjau.ee\/lt\/produktas\/kong-maxx-tug-zaislas-sunims\/\" \/>\n<meta property=\"og:locale\" content=\"lt_LT\" \/>\n<meta property=\"og:type\" content=\"article\" \/>\n<meta property=\"og:title\" content=\"KONG Maxx Tug \u017eaislas \u0161unims - MiuMjau\" \/>\n<meta property=\"og:description\" content=\"KONG Maxx \u2013 sukurtas ilgai tarnautiKONG Maxx \u017eaislai sukurti iki molekulinio lygio, kad u\u017etikrint\u0173 maksimal\u0173 atsparum\u0105, ilgalaik\u012f \u017eaidimo malonum\u0105 ir patenkint\u0173 net stipriausi\u0173 \u0161un\u0173 atne\u0161imo instinktus. \u017daislai padengti med\u017eiaga, kuri yra iki penki\u0173 kart\u0173 atspariau \u012fdurimams nei \u012fprasta pliu\u0161as. \u0160ie mink\u0161ti, bet patvar\u016bs \u017eaislai pagaminti i\u0161 itin stiprios si\u016bl\u0117s ir minimaliai si\u016bti, kad b\u016bt\u0173 u\u017etikrinta ilgaam\u017ei\u0161kumas bet kokioje situacijoje. Dvigubas audinys suteikia patvarumo nuotyki\u0173 kupinoms pramogoms, o vidinis \u010dir\u0161kutis palaiko \u0161uns susidom\u0117jim\u0105. Produkto privalumai:     Dvigubas audinys: Didina patvarum\u0105 aktyviems nuotykiams.    Vidinis \u010dir\u0161kutis: Skatina nat\u016bralius \u0161uns instinktus.    Idealiai tinka interaktyviam \u017eaidimui: Galima naudoti tiek viduje, tiek lauke.    I\u0161skirtinai patvarus: Sukurtas rimtiems atne\u0161imo \u017eaidimams ir stipriam kramtymui.    \u017dymiai stipresnis nei \u012fprastas pliu\u0161as: U\u017etikrina ilgalaik\u012f \u017eaidimo malonum\u0105.    Ypa\u010d stipri si\u016bl\u0117 ir minimal\u016bs si\u016bv\u0117s: Maksimalus tvirtumas net intensyviausiuose \u017eaidimuose.\" \/>\n<meta property=\"og:url\" content=\"https:\/\/miumjau.ee\/lt\/produktas\/kong-maxx-tug-zaislas-sunims\/\" \/>\n<meta property=\"og:site_name\" content=\"MiuMjau\" \/>\n<meta property=\"article:publisher\" content=\"https:\/\/www.facebook.com\/miumjaupood\/\" \/>\n<meta property=\"og:image\" content=\"https:\/\/miumjau.ee\/wp-content\/uploads\/2026\/01\/kong-manguasi-koerale3.jpg\" \/>\n\t<meta property=\"og:image:width\" content=\"600\" \/>\n\t<meta property=\"og:image:height\" content=\"800\" \/>\n\t<meta property=\"og:image:type\" content=\"image\/jpeg\" \/>\n<meta name=\"twitter:card\" content=\"summary_large_image\" \/>\n<script type=\"application\/ld+json\" class=\"yoast-schema-graph\">{\"@context\":\"https:\/\/schema.org\",\"@graph\":[{\"@type\":\"WebPage\",\"@id\":\"https:\/\/miumjau.ee\/lt\/produktas\/kong-maxx-tug-zaislas-sunims\/\",\"url\":\"https:\/\/miumjau.ee\/lt\/produktas\/kong-maxx-tug-zaislas-sunims\/\",\"name\":\"KONG Maxx Tug \u017eaislas \u0161unims - MiuMjau\",\"isPartOf\":{\"@id\":\"https:\/\/miumjau.ee\/#website\"},\"primaryImageOfPage\":{\"@id\":\"https:\/\/miumjau.ee\/lt\/produktas\/kong-maxx-tug-zaislas-sunims\/#primaryimage\"},\"image\":{\"@id\":\"https:\/\/miumjau.ee\/lt\/produktas\/kong-maxx-tug-zaislas-sunims\/#primaryimage\"},\"thumbnailUrl\":\"https:\/\/miumjau.ee\/wp-content\/uploads\/2026\/01\/kong-manguasi-koerale3.jpg\",\"datePublished\":\"2026-01-27T07:55:09+00:00\",\"breadcrumb\":{\"@id\":\"https:\/\/miumjau.ee\/lt\/produktas\/kong-maxx-tug-zaislas-sunims\/#breadcrumb\"},\"inLanguage\":\"lt-LT\",\"potentialAction\":[{\"@type\":\"ReadAction\",\"target\":[\"https:\/\/miumjau.ee\/lt\/produktas\/kong-maxx-tug-zaislas-sunims\/\"]}]},{\"@type\":\"ImageObject\",\"inLanguage\":\"lt-LT\",\"@id\":\"https:\/\/miumjau.ee\/lt\/produktas\/kong-maxx-tug-zaislas-sunims\/#primaryimage\",\"url\":\"https:\/\/miumjau.ee\/wp-content\/uploads\/2026\/01\/kong-manguasi-koerale3.jpg\",\"contentUrl\":\"https:\/\/miumjau.ee\/wp-content\/uploads\/2026\/01\/kong-manguasi-koerale3.jpg\",\"width\":600,\"height\":800,\"caption\":\"KONG Maxx Tug sikutamise m\u00e4nguasi koerale\"},{\"@type\":\"BreadcrumbList\",\"@id\":\"https:\/\/miumjau.ee\/lt\/produktas\/kong-maxx-tug-zaislas-sunims\/#breadcrumb\",\"itemListElement\":[{\"@type\":\"ListItem\",\"position\":1,\"name\":\"Home\",\"item\":\"https:\/\/miumjau.ee\/lt\/\"},{\"@type\":\"ListItem\",\"position\":2,\"name\":\"Parduotuv\u0117\",\"item\":\"https:\/\/miumjau.ee\/lt\/parduotuve\/\"},{\"@type\":\"ListItem\",\"position\":3,\"name\":\"KONG Maxx Tug \u017eaislas \u0161unims\"}]},{\"@type\":\"WebSite\",\"@id\":\"https:\/\/miumjau.ee\/#website\",\"url\":\"https:\/\/miumjau.ee\/\",\"name\":\"MiuMjau\",\"description\":\"Kraapimispuud kassidele\",\"publisher\":{\"@id\":\"https:\/\/miumjau.ee\/#organization\"},\"potentialAction\":[{\"@type\":\"SearchAction\",\"target\":{\"@type\":\"EntryPoint\",\"urlTemplate\":\"https:\/\/miumjau.ee\/?s={search_term_string}\"},\"query-input\":{\"@type\":\"PropertyValueSpecification\",\"valueRequired\":true,\"valueName\":\"search_term_string\"}}],\"inLanguage\":\"lt-LT\"},{\"@type\":\"Organization\",\"@id\":\"https:\/\/miumjau.ee\/#organization\",\"name\":\"MiuMjau O\u00dc\",\"url\":\"https:\/\/miumjau.ee\/\",\"logo\":{\"@type\":\"ImageObject\",\"inLanguage\":\"lt-LT\",\"@id\":\"https:\/\/miumjau.ee\/#\/schema\/logo\/image\/\",\"url\":\"https:\/\/miumjau.ee\/wp-content\/uploads\/2022\/04\/MiuMjau-logo-kollane.png\",\"contentUrl\":\"https:\/\/miumjau.ee\/wp-content\/uploads\/2022\/04\/MiuMjau-logo-kollane.png\",\"width\":219,\"height\":100,\"caption\":\"MiuMjau O\u00dc\"},\"image\":{\"@id\":\"https:\/\/miumjau.ee\/#\/schema\/logo\/image\/\"},\"sameAs\":[\"https:\/\/www.facebook.com\/miumjaupood\/\"]}]}<\/script>\n<!-- \/ Yoast SEO plugin. -->","yoast_head_json":{"title":"KONG Maxx Tug \u017eaislas \u0161unims - MiuMjau","robots":{"index":"index","follow":"follow","max-snippet":"max-snippet:-1","max-image-preview":"max-image-preview:large","max-video-preview":"max-video-preview:-1"},"canonical":"https:\/\/miumjau.ee\/lt\/produktas\/kong-maxx-tug-zaislas-sunims\/","og_locale":"lt_LT","og_type":"article","og_title":"KONG Maxx Tug \u017eaislas \u0161unims - MiuMjau","og_description":"KONG Maxx \u2013 sukurtas ilgai tarnautiKONG Maxx \u017eaislai sukurti iki molekulinio lygio, kad u\u017etikrint\u0173 maksimal\u0173 atsparum\u0105, ilgalaik\u012f \u017eaidimo malonum\u0105 ir patenkint\u0173 net stipriausi\u0173 \u0161un\u0173 atne\u0161imo instinktus. \u017daislai padengti med\u017eiaga, kuri yra iki penki\u0173 kart\u0173 atspariau \u012fdurimams nei \u012fprasta pliu\u0161as. \u0160ie mink\u0161ti, bet patvar\u016bs \u017eaislai pagaminti i\u0161 itin stiprios si\u016bl\u0117s ir minimaliai si\u016bti, kad b\u016bt\u0173 u\u017etikrinta ilgaam\u017ei\u0161kumas bet kokioje situacijoje. Dvigubas audinys suteikia patvarumo nuotyki\u0173 kupinoms pramogoms, o vidinis \u010dir\u0161kutis palaiko \u0161uns susidom\u0117jim\u0105. Produkto privalumai:     Dvigubas audinys: Didina patvarum\u0105 aktyviems nuotykiams.    Vidinis \u010dir\u0161kutis: Skatina nat\u016bralius \u0161uns instinktus.    Idealiai tinka interaktyviam \u017eaidimui: Galima naudoti tiek viduje, tiek lauke.    I\u0161skirtinai patvarus: Sukurtas rimtiems atne\u0161imo \u017eaidimams ir stipriam kramtymui.    \u017dymiai stipresnis nei \u012fprastas pliu\u0161as: U\u017etikrina ilgalaik\u012f \u017eaidimo malonum\u0105.    Ypa\u010d stipri si\u016bl\u0117 ir minimal\u016bs si\u016bv\u0117s: Maksimalus tvirtumas net intensyviausiuose \u017eaidimuose.","og_url":"https:\/\/miumjau.ee\/lt\/produktas\/kong-maxx-tug-zaislas-sunims\/","og_site_name":"MiuMjau","article_publisher":"https:\/\/www.facebook.com\/miumjaupood\/","og_image":[{"width":600,"height":800,"url":"https:\/\/miumjau.ee\/wp-content\/uploads\/2026\/01\/kong-manguasi-koerale3.jpg","type":"image\/jpeg"}],"twitter_card":"summary_large_image","schema":{"@context":"https:\/\/schema.org","@graph":[{"@type":"WebPage","@id":"https:\/\/miumjau.ee\/lt\/produktas\/kong-maxx-tug-zaislas-sunims\/","url":"https:\/\/miumjau.ee\/lt\/produktas\/kong-maxx-tug-zaislas-sunims\/","name":"KONG Maxx Tug \u017eaislas \u0161unims - MiuMjau","isPartOf":{"@id":"https:\/\/miumjau.ee\/#website"},"primaryImageOfPage":{"@id":"https:\/\/miumjau.ee\/lt\/produktas\/kong-maxx-tug-zaislas-sunims\/#primaryimage"},"image":{"@id":"https:\/\/miumjau.ee\/lt\/produktas\/kong-maxx-tug-zaislas-sunims\/#primaryimage"},"thumbnailUrl":"https:\/\/miumjau.ee\/wp-content\/uploads\/2026\/01\/kong-manguasi-koerale3.jpg","datePublished":"2026-01-27T07:55:09+00:00","breadcrumb":{"@id":"https:\/\/miumjau.ee\/lt\/produktas\/kong-maxx-tug-zaislas-sunims\/#breadcrumb"},"inLanguage":"lt-LT","potentialAction":[{"@type":"ReadAction","target":["https:\/\/miumjau.ee\/lt\/produktas\/kong-maxx-tug-zaislas-sunims\/"]}]},{"@type":"ImageObject","inLanguage":"lt-LT","@id":"https:\/\/miumjau.ee\/lt\/produktas\/kong-maxx-tug-zaislas-sunims\/#primaryimage","url":"https:\/\/miumjau.ee\/wp-content\/uploads\/2026\/01\/kong-manguasi-koerale3.jpg","contentUrl":"https:\/\/miumjau.ee\/wp-content\/uploads\/2026\/01\/kong-manguasi-koerale3.jpg","width":600,"height":800,"caption":"KONG Maxx Tug sikutamise m\u00e4nguasi koerale"},{"@type":"BreadcrumbList","@id":"https:\/\/miumjau.ee\/lt\/produktas\/kong-maxx-tug-zaislas-sunims\/#breadcrumb","itemListElement":[{"@type":"ListItem","position":1,"name":"Home","item":"https:\/\/miumjau.ee\/lt\/"},{"@type":"ListItem","position":2,"name":"Parduotuv\u0117","item":"https:\/\/miumjau.ee\/lt\/parduotuve\/"},{"@type":"ListItem","position":3,"name":"KONG Maxx Tug \u017eaislas \u0161unims"}]},{"@type":"WebSite","@id":"https:\/\/miumjau.ee\/#website","url":"https:\/\/miumjau.ee\/","name":"MiuMjau","description":"Kraapimispuud kassidele","publisher":{"@id":"https:\/\/miumjau.ee\/#organization"},"potentialAction":[{"@type":"SearchAction","target":{"@type":"EntryPoint","urlTemplate":"https:\/\/miumjau.ee\/?s={search_term_string}"},"query-input":{"@type":"PropertyValueSpecification","valueRequired":true,"valueName":"search_term_string"}}],"inLanguage":"lt-LT"},{"@type":"Organization","@id":"https:\/\/miumjau.ee\/#organization","name":"MiuMjau O\u00dc","url":"https:\/\/miumjau.ee\/","logo":{"@type":"ImageObject","inLanguage":"lt-LT","@id":"https:\/\/miumjau.ee\/#\/schema\/logo\/image\/","url":"https:\/\/miumjau.ee\/wp-content\/uploads\/2022\/04\/MiuMjau-logo-kollane.png","contentUrl":"https:\/\/miumjau.ee\/wp-content\/uploads\/2022\/04\/MiuMjau-logo-kollane.png","width":219,"height":100,"caption":"MiuMjau O\u00dc"},"image":{"@id":"https:\/\/miumjau.ee\/#\/schema\/logo\/image\/"},"sameAs":["https:\/\/www.facebook.com\/miumjaupood\/"]}]}},"_links":{"self":[{"href":"https:\/\/miumjau.ee\/lt\/wp-json\/wp\/v2\/product\/55234","targetHints":{"allow":["GET"]}}],"collection":[{"href":"https:\/\/miumjau.ee\/lt\/wp-json\/wp\/v2\/product"}],"about":[{"href":"https:\/\/miumjau.ee\/lt\/wp-json\/wp\/v2\/types\/product"}],"wp:featuredmedia":[{"embeddable":true,"href":"https:\/\/miumjau.ee\/lt\/wp-json\/wp\/v2\/media\/53021"}],"wp:attachment":[{"href":"https:\/\/miumjau.ee\/lt\/wp-json\/wp\/v2\/media?parent=55234"}],"wp:term":[{"taxonomy":"product_brand","embeddable":true,"href":"https:\/\/miumjau.ee\/lt\/wp-json\/wp\/v2\/product_brand?post=55234"},{"taxonomy":"product_cat","embeddable":true,"href":"https:\/\/miumjau.ee\/lt\/wp-json\/wp\/v2\/product_cat?post=55234"},{"taxonomy":"product_tag","embeddable":true,"href":"https:\/\/miumjau.ee\/lt\/wp-json\/wp\/v2\/product_tag?post=55234"}],"curies":[{"name":"wp","href":"https:\/\/api.w.org\/{rel}","templated":true}]}}