{"id":55223,"date":"2026-01-29T14:28:58","date_gmt":"2026-01-29T12:28:58","guid":{"rendered":"https:\/\/miumjau.ee\/toode\/ibero-begrudis-sunu-edalas-medium-maxi-adult-salmon-12-kg\/"},"modified":"2026-01-29T14:28:58","modified_gmt":"2026-01-29T12:28:58","slug":"ibero-begrudis-sunu-edalas-medium-maxi-adult-salmon-12-kg","status":"publish","type":"product","link":"https:\/\/miumjau.ee\/lt\/produktas\/ibero-begrudis-sunu-edalas-medium-maxi-adult-salmon-12-kg\/","title":{"rendered":"Ibero begr\u016bdis \u0161un\u0173 \u0117dalas Medium &#038; Maxi Adult Salmon, 12 kg"},"content":{"rendered":"","protected":false},"excerpt":{"rendered":"<p data-start=\"5591\" data-end=\"5834\">Visavertis, begr\u016bdis super premium klas\u0117s pa\u0161aras vidutini\u0173 ir dideli\u0173 veisli\u0173 suaugusiems \u0161unims nuo 1 met\u0173 am\u017eiaus, pagamintas i\u0161 didelio kiekio la\u0161i\u0161os ir sardini\u0173 \u2013 puikus pasirinkimas odos, kailio ir bendros gyvybingumo b\u016bkl\u0117s palaikymui.<\/p>\n<p data-start=\"5836\" data-end=\"5864\"><strong data-start=\"5836\" data-end=\"5864\">Pagrindiniai privalumai:<\/strong><\/p>\n<p data-start=\"5866\" data-end=\"6536\">Begr\u016bd\u0117 formul\u0117 \u2013 be kvie\u010di\u0173, kukur\u016bz\u0173 ir mie\u017ei\u0173; tinka jautriems \u0161unims ir turintiems maisto netoleravim\u0105.<br data-start=\"5973\" data-end=\"5976\" \/>Didelis la\u0161i\u0161os kiekis (30%) \u2013 d\u017eiovinta la\u0161i\u0161a kaip pagrindinis baltym\u0173 \u0161altinis lengvai vir\u0161kinama ir turtinga omega-3 riebal\u0173 r\u016bg\u0161timis.<br data-start=\"6115\" data-end=\"6118\" \/>D\u017eiovintos sardin\u0117s (6%) \u2013 nat\u016bralus baltym\u0173, EPA ir DHA \u0161altinis.<br data-start=\"6184\" data-end=\"6187\" \/>La\u0161i\u0161\u0173 aliejus (14%) \u2013 palaiko \u0161irdies ir smegen\u0173 veikl\u0105 bei suteikia kailiui blizgesio.<br data-start=\"6275\" data-end=\"6278\" \/>Nat\u016bral\u016bs energijos \u0161altiniai \u2013 sald\u017eiosios bulv\u0117s ir jamsai suteikia ilgalaik\u0119 energij\u0105.<br data-start=\"6367\" data-end=\"6370\" \/>\u010cija s\u0117klos \u2013 gausios skaidul\u0173 ir antioksidant\u0173.<br data-start=\"6418\" data-end=\"6421\" \/>100% nat\u016bralu \u2013 be gr\u016bd\u0173, GMO ir dirbtini\u0173 pried\u0173.<br data-start=\"6471\" data-end=\"6474\" \/>Funkcin\u0117s sudedamosios dalys \u2013 palaiko vir\u0161kinim\u0105 ir s\u0105narius.<\/p>\n<p data-start=\"6538\" data-end=\"6548\"><strong data-start=\"6538\" data-end=\"6548\">Tinka:<\/strong><\/p>\n<p data-start=\"6550\" data-end=\"6738\">\u2714 Vidutini\u0173 ir dideli\u0173 veisli\u0173 suaugusiems \u0161unims<br data-start=\"6599\" data-end=\"6602\" \/>\u2714 \u0160unims su odos problemomis ar prastu kailiu<br data-start=\"6647\" data-end=\"6650\" \/>\u2714 Jautrios vir\u0161kinimo sistemos \u0161unims<br data-start=\"6687\" data-end=\"6690\" \/>\u2714 \u0160unims, kuriems reikalingas begr\u016bdis maistas<\/p>\n<p data-start=\"6740\" data-end=\"7060\"><strong data-start=\"6740\" data-end=\"6752\">SUD\u0116TIS:<\/strong> D\u017eiovinta la\u0161i\u0161a 30%, sald\u017eiosios bulv\u0117s, d\u017eiovintos bulv\u0117s, la\u0161i\u0161\u0173 aliejus 14%, d\u017eiovintos sardin\u0117s 6%, d\u017eiovintas moli\u016bgas 2%, d\u017eiovintos morkos 1,2%, \u010dija s\u0117klos 0,1%, lin\u0173 s\u0117menys, cikorij\u0173 ekstraktas, jukos ekstraktas, beta-gliukanai, gliukozaminas, chondroitino sulfatas, vitamin\u0173 ir mineral\u0173 mi\u0161inys.<\/p>\n<p data-start=\"7062\" data-end=\"7203\"><strong data-start=\"7062\" data-end=\"7084\">ANALITIN\u0116 SUD\u0116TIS:<\/strong> Baltymai 25%, riebalai 14%, skaidulos 3,2%, pelenai 7,5%, kalcis 1,1%, fosforas 0,85%, natris 0,15%, dr\u0117gm\u0117 maks. 10%.<\/p>\n<p data-start=\"7205\" data-end=\"7698\"><strong data-start=\"7205\" data-end=\"7222\">PRIEDAI (kg):<\/strong> Vitaminas A 16300 TV, vitaminas D3 1630 TV, vitaminas E 160 mg, vitaminas B1 4,8 mg, vitaminas B2 8 mg, vitaminas B6 6,4 mg, vitaminas B12 0,07 mg, niacinas 40 mg, pantoteno r\u016bg\u0161tis 16 mg, folio r\u016bg\u0161tis 0,64 mg, biotinas 0,4 mg, vitaminas C 160 mg, jodas 4 mg, selenas 0,35 mg, gele\u017eis 96 mg, varis 12 mg, cinkas 120 mg, manganas 12 mg, cholino chloridas 1728 mg, gliukozaminas 400 mg, chondroitino sulfatas 350 mg. Antioksidantai: tokoferoli\u0173 turtingi augaliniai ekstraktai.<\/p>\n<p data-start=\"7700\" data-end=\"7740\">Metabolizuojama energija: 3790 kcal\/kg<\/p>\n<p data-start=\"7742\" data-end=\"7854\"><strong data-start=\"7742\" data-end=\"7777\">\u0160\u0117rimo ir laikymo instrukcijos:<\/strong><br data-start=\"7777\" data-end=\"7780\" \/>Duoti saus\u0105. U\u017etikrinti \u0161vie\u017ei\u0105 vanden\u012f. Laikyti v\u0117sioje, sausoje vietoje.<\/p>\n","protected":false},"featured_media":53305,"template":"","meta":[],"product_brand":[],"product_cat":[538],"product_tag":[],"class_list":{"0":"post-55223","1":"product","2":"type-product","3":"status-publish","4":"has-post-thumbnail","6":"product_cat-sausas-maistas-sunims","8":"first","9":"instock","10":"taxable","11":"shipping-taxable","12":"purchasable","13":"product-type-simple"},"yoast_head":"<!-- This site is optimized with the Yoast SEO plugin v27.4 - https:\/\/yoast.com\/product\/yoast-seo-wordpress\/ -->\n<title>Ibero begr\u016bdis \u0161un\u0173 \u0117dalas Medium &amp; Maxi Adult Salmon, 12 kg - MiuMjau<\/title>\n<meta name=\"robots\" content=\"index, follow, max-snippet:-1, max-image-preview:large, max-video-preview:-1\" \/>\n<link rel=\"canonical\" href=\"https:\/\/miumjau.ee\/lt\/produktas\/ibero-begrudis-sunu-edalas-medium-maxi-adult-salmon-12-kg\/\" \/>\n<meta property=\"og:locale\" content=\"lt_LT\" \/>\n<meta property=\"og:type\" content=\"article\" \/>\n<meta property=\"og:title\" content=\"Ibero begr\u016bdis \u0161un\u0173 \u0117dalas Medium &amp; Maxi Adult Salmon, 12 kg - MiuMjau\" \/>\n<meta property=\"og:description\" content=\"Visavertis, begr\u016bdis super premium klas\u0117s pa\u0161aras vidutini\u0173 ir dideli\u0173 veisli\u0173 suaugusiems \u0161unims nuo 1 met\u0173 am\u017eiaus, pagamintas i\u0161 didelio kiekio la\u0161i\u0161os ir sardini\u0173 \u2013 puikus pasirinkimas odos, kailio ir bendros gyvybingumo b\u016bkl\u0117s palaikymui. Pagrindiniai privalumai: Begr\u016bd\u0117 formul\u0117 \u2013 be kvie\u010di\u0173, kukur\u016bz\u0173 ir mie\u017ei\u0173; tinka jautriems \u0161unims ir turintiems maisto netoleravim\u0105.Didelis la\u0161i\u0161os kiekis (30%) \u2013 d\u017eiovinta la\u0161i\u0161a kaip pagrindinis baltym\u0173 \u0161altinis lengvai vir\u0161kinama ir turtinga omega-3 riebal\u0173 r\u016bg\u0161timis.D\u017eiovintos sardin\u0117s (6%) \u2013 nat\u016bralus baltym\u0173, EPA ir DHA \u0161altinis.La\u0161i\u0161\u0173 aliejus (14%) \u2013 palaiko \u0161irdies ir smegen\u0173 veikl\u0105 bei suteikia kailiui blizgesio.Nat\u016bral\u016bs energijos \u0161altiniai \u2013 sald\u017eiosios bulv\u0117s ir jamsai suteikia ilgalaik\u0119 energij\u0105.\u010cija s\u0117klos \u2013 gausios skaidul\u0173 ir antioksidant\u0173.100% nat\u016bralu \u2013 be gr\u016bd\u0173, GMO ir dirbtini\u0173 pried\u0173.Funkcin\u0117s sudedamosios dalys \u2013 palaiko vir\u0161kinim\u0105 ir s\u0105narius. Tinka: \u2714 Vidutini\u0173 ir dideli\u0173 veisli\u0173 suaugusiems \u0161unims\u2714 \u0160unims su odos problemomis ar prastu kailiu\u2714 Jautrios vir\u0161kinimo sistemos \u0161unims\u2714 \u0160unims, kuriems reikalingas begr\u016bdis maistas SUD\u0116TIS: D\u017eiovinta la\u0161i\u0161a 30%, sald\u017eiosios bulv\u0117s, d\u017eiovintos bulv\u0117s, la\u0161i\u0161\u0173 aliejus 14%, d\u017eiovintos sardin\u0117s 6%, d\u017eiovintas moli\u016bgas 2%, d\u017eiovintos morkos 1,2%, \u010dija s\u0117klos 0,1%, lin\u0173 s\u0117menys, cikorij\u0173 ekstraktas, jukos ekstraktas, beta-gliukanai, gliukozaminas, chondroitino sulfatas, vitamin\u0173 ir mineral\u0173 mi\u0161inys. ANALITIN\u0116 SUD\u0116TIS: Baltymai 25%, riebalai 14%, skaidulos 3,2%, pelenai 7,5%, kalcis 1,1%, fosforas 0,85%, natris 0,15%, dr\u0117gm\u0117 maks. 10%. PRIEDAI (kg): Vitaminas A 16300 TV, vitaminas D3 1630 TV, vitaminas E 160 mg, vitaminas B1 4,8 mg, vitaminas B2 8 mg, vitaminas B6 6,4 mg, vitaminas B12 0,07 mg, niacinas 40 mg, pantoteno r\u016bg\u0161tis 16 mg, folio r\u016bg\u0161tis 0,64 mg, biotinas 0,4 mg, vitaminas C 160 mg, jodas 4 mg, selenas 0,35 mg, gele\u017eis 96 mg, varis 12 mg, cinkas 120 mg, manganas 12 mg, cholino chloridas 1728 mg, gliukozaminas 400 mg, chondroitino sulfatas 350 mg. Antioksidantai: tokoferoli\u0173 turtingi augaliniai ekstraktai. Metabolizuojama energija: 3790 kcal\/kg \u0160\u0117rimo ir laikymo instrukcijos:Duoti saus\u0105. U\u017etikrinti \u0161vie\u017ei\u0105 vanden\u012f. Laikyti v\u0117sioje, sausoje vietoje.\" \/>\n<meta property=\"og:url\" content=\"https:\/\/miumjau.ee\/lt\/produktas\/ibero-begrudis-sunu-edalas-medium-maxi-adult-salmon-12-kg\/\" \/>\n<meta property=\"og:site_name\" content=\"MiuMjau\" \/>\n<meta property=\"article:publisher\" content=\"https:\/\/www.facebook.com\/miumjaupood\/\" \/>\n<meta property=\"og:image\" content=\"https:\/\/miumjau.ee\/wp-content\/uploads\/2026\/01\/ibero-GF-ML-lohe-12kg-2.jpg\" \/>\n\t<meta property=\"og:image:width\" content=\"600\" \/>\n\t<meta property=\"og:image:height\" content=\"800\" \/>\n\t<meta property=\"og:image:type\" content=\"image\/jpeg\" \/>\n<meta name=\"twitter:card\" content=\"summary_large_image\" \/>\n<script type=\"application\/ld+json\" class=\"yoast-schema-graph\">{\"@context\":\"https:\\\/\\\/schema.org\",\"@graph\":[{\"@type\":\"WebPage\",\"@id\":\"https:\\\/\\\/miumjau.ee\\\/lt\\\/produktas\\\/ibero-begrudis-sunu-edalas-medium-maxi-adult-salmon-12-kg\\\/\",\"url\":\"https:\\\/\\\/miumjau.ee\\\/lt\\\/produktas\\\/ibero-begrudis-sunu-edalas-medium-maxi-adult-salmon-12-kg\\\/\",\"name\":\"Ibero begr\u016bdis \u0161un\u0173 \u0117dalas Medium & Maxi Adult Salmon, 12 kg - MiuMjau\",\"isPartOf\":{\"@id\":\"https:\\\/\\\/miumjau.ee\\\/#website\"},\"primaryImageOfPage\":{\"@id\":\"https:\\\/\\\/miumjau.ee\\\/lt\\\/produktas\\\/ibero-begrudis-sunu-edalas-medium-maxi-adult-salmon-12-kg\\\/#primaryimage\"},\"image\":{\"@id\":\"https:\\\/\\\/miumjau.ee\\\/lt\\\/produktas\\\/ibero-begrudis-sunu-edalas-medium-maxi-adult-salmon-12-kg\\\/#primaryimage\"},\"thumbnailUrl\":\"https:\\\/\\\/miumjau.ee\\\/wp-content\\\/uploads\\\/2026\\\/01\\\/ibero-GF-ML-lohe-12kg-2.jpg\",\"datePublished\":\"2026-01-29T12:28:58+00:00\",\"breadcrumb\":{\"@id\":\"https:\\\/\\\/miumjau.ee\\\/lt\\\/produktas\\\/ibero-begrudis-sunu-edalas-medium-maxi-adult-salmon-12-kg\\\/#breadcrumb\"},\"inLanguage\":\"lt-LT\",\"potentialAction\":[{\"@type\":\"ReadAction\",\"target\":[\"https:\\\/\\\/miumjau.ee\\\/lt\\\/produktas\\\/ibero-begrudis-sunu-edalas-medium-maxi-adult-salmon-12-kg\\\/\"]}]},{\"@type\":\"ImageObject\",\"inLanguage\":\"lt-LT\",\"@id\":\"https:\\\/\\\/miumjau.ee\\\/lt\\\/produktas\\\/ibero-begrudis-sunu-edalas-medium-maxi-adult-salmon-12-kg\\\/#primaryimage\",\"url\":\"https:\\\/\\\/miumjau.ee\\\/wp-content\\\/uploads\\\/2026\\\/01\\\/ibero-GF-ML-lohe-12kg-2.jpg\",\"contentUrl\":\"https:\\\/\\\/miumjau.ee\\\/wp-content\\\/uploads\\\/2026\\\/01\\\/ibero-GF-ML-lohe-12kg-2.jpg\",\"width\":600,\"height\":800,\"caption\":\"Ibero Grain-free Dog Medium & Maxi Adult Salmon, 12kg\"},{\"@type\":\"BreadcrumbList\",\"@id\":\"https:\\\/\\\/miumjau.ee\\\/lt\\\/produktas\\\/ibero-begrudis-sunu-edalas-medium-maxi-adult-salmon-12-kg\\\/#breadcrumb\",\"itemListElement\":[{\"@type\":\"ListItem\",\"position\":1,\"name\":\"Home\",\"item\":\"https:\\\/\\\/miumjau.ee\\\/lt\\\/\"},{\"@type\":\"ListItem\",\"position\":2,\"name\":\"Parduotuv\u0117\",\"item\":\"https:\\\/\\\/miumjau.ee\\\/lt\\\/parduotuve\\\/\"},{\"@type\":\"ListItem\",\"position\":3,\"name\":\"Ibero begr\u016bdis \u0161un\u0173 \u0117dalas Medium &#038; Maxi Adult Salmon, 12 kg\"}]},{\"@type\":\"WebSite\",\"@id\":\"https:\\\/\\\/miumjau.ee\\\/#website\",\"url\":\"https:\\\/\\\/miumjau.ee\\\/\",\"name\":\"MiuMjau\",\"description\":\"Kraapimispuud kassidele\",\"publisher\":{\"@id\":\"https:\\\/\\\/miumjau.ee\\\/#organization\"},\"potentialAction\":[{\"@type\":\"SearchAction\",\"target\":{\"@type\":\"EntryPoint\",\"urlTemplate\":\"https:\\\/\\\/miumjau.ee\\\/?s={search_term_string}\"},\"query-input\":{\"@type\":\"PropertyValueSpecification\",\"valueRequired\":true,\"valueName\":\"search_term_string\"}}],\"inLanguage\":\"lt-LT\"},{\"@type\":\"Organization\",\"@id\":\"https:\\\/\\\/miumjau.ee\\\/#organization\",\"name\":\"MiuMjau O\u00dc\",\"url\":\"https:\\\/\\\/miumjau.ee\\\/\",\"logo\":{\"@type\":\"ImageObject\",\"inLanguage\":\"lt-LT\",\"@id\":\"https:\\\/\\\/miumjau.ee\\\/#\\\/schema\\\/logo\\\/image\\\/\",\"url\":\"https:\\\/\\\/miumjau.ee\\\/wp-content\\\/uploads\\\/2022\\\/04\\\/MiuMjau-logo-kollane.png\",\"contentUrl\":\"https:\\\/\\\/miumjau.ee\\\/wp-content\\\/uploads\\\/2022\\\/04\\\/MiuMjau-logo-kollane.png\",\"width\":219,\"height\":100,\"caption\":\"MiuMjau O\u00dc\"},\"image\":{\"@id\":\"https:\\\/\\\/miumjau.ee\\\/#\\\/schema\\\/logo\\\/image\\\/\"},\"sameAs\":[\"https:\\\/\\\/www.facebook.com\\\/miumjaupood\\\/\"]}]}<\/script>\n<!-- \/ Yoast SEO plugin. -->","yoast_head_json":{"title":"Ibero begr\u016bdis \u0161un\u0173 \u0117dalas Medium & Maxi Adult Salmon, 12 kg - MiuMjau","robots":{"index":"index","follow":"follow","max-snippet":"max-snippet:-1","max-image-preview":"max-image-preview:large","max-video-preview":"max-video-preview:-1"},"canonical":"https:\/\/miumjau.ee\/lt\/produktas\/ibero-begrudis-sunu-edalas-medium-maxi-adult-salmon-12-kg\/","og_locale":"lt_LT","og_type":"article","og_title":"Ibero begr\u016bdis \u0161un\u0173 \u0117dalas Medium & Maxi Adult Salmon, 12 kg - MiuMjau","og_description":"Visavertis, begr\u016bdis super premium klas\u0117s pa\u0161aras vidutini\u0173 ir dideli\u0173 veisli\u0173 suaugusiems \u0161unims nuo 1 met\u0173 am\u017eiaus, pagamintas i\u0161 didelio kiekio la\u0161i\u0161os ir sardini\u0173 \u2013 puikus pasirinkimas odos, kailio ir bendros gyvybingumo b\u016bkl\u0117s palaikymui. Pagrindiniai privalumai: Begr\u016bd\u0117 formul\u0117 \u2013 be kvie\u010di\u0173, kukur\u016bz\u0173 ir mie\u017ei\u0173; tinka jautriems \u0161unims ir turintiems maisto netoleravim\u0105.Didelis la\u0161i\u0161os kiekis (30%) \u2013 d\u017eiovinta la\u0161i\u0161a kaip pagrindinis baltym\u0173 \u0161altinis lengvai vir\u0161kinama ir turtinga omega-3 riebal\u0173 r\u016bg\u0161timis.D\u017eiovintos sardin\u0117s (6%) \u2013 nat\u016bralus baltym\u0173, EPA ir DHA \u0161altinis.La\u0161i\u0161\u0173 aliejus (14%) \u2013 palaiko \u0161irdies ir smegen\u0173 veikl\u0105 bei suteikia kailiui blizgesio.Nat\u016bral\u016bs energijos \u0161altiniai \u2013 sald\u017eiosios bulv\u0117s ir jamsai suteikia ilgalaik\u0119 energij\u0105.\u010cija s\u0117klos \u2013 gausios skaidul\u0173 ir antioksidant\u0173.100% nat\u016bralu \u2013 be gr\u016bd\u0173, GMO ir dirbtini\u0173 pried\u0173.Funkcin\u0117s sudedamosios dalys \u2013 palaiko vir\u0161kinim\u0105 ir s\u0105narius. Tinka: \u2714 Vidutini\u0173 ir dideli\u0173 veisli\u0173 suaugusiems \u0161unims\u2714 \u0160unims su odos problemomis ar prastu kailiu\u2714 Jautrios vir\u0161kinimo sistemos \u0161unims\u2714 \u0160unims, kuriems reikalingas begr\u016bdis maistas SUD\u0116TIS: D\u017eiovinta la\u0161i\u0161a 30%, sald\u017eiosios bulv\u0117s, d\u017eiovintos bulv\u0117s, la\u0161i\u0161\u0173 aliejus 14%, d\u017eiovintos sardin\u0117s 6%, d\u017eiovintas moli\u016bgas 2%, d\u017eiovintos morkos 1,2%, \u010dija s\u0117klos 0,1%, lin\u0173 s\u0117menys, cikorij\u0173 ekstraktas, jukos ekstraktas, beta-gliukanai, gliukozaminas, chondroitino sulfatas, vitamin\u0173 ir mineral\u0173 mi\u0161inys. ANALITIN\u0116 SUD\u0116TIS: Baltymai 25%, riebalai 14%, skaidulos 3,2%, pelenai 7,5%, kalcis 1,1%, fosforas 0,85%, natris 0,15%, dr\u0117gm\u0117 maks. 10%. PRIEDAI (kg): Vitaminas A 16300 TV, vitaminas D3 1630 TV, vitaminas E 160 mg, vitaminas B1 4,8 mg, vitaminas B2 8 mg, vitaminas B6 6,4 mg, vitaminas B12 0,07 mg, niacinas 40 mg, pantoteno r\u016bg\u0161tis 16 mg, folio r\u016bg\u0161tis 0,64 mg, biotinas 0,4 mg, vitaminas C 160 mg, jodas 4 mg, selenas 0,35 mg, gele\u017eis 96 mg, varis 12 mg, cinkas 120 mg, manganas 12 mg, cholino chloridas 1728 mg, gliukozaminas 400 mg, chondroitino sulfatas 350 mg. Antioksidantai: tokoferoli\u0173 turtingi augaliniai ekstraktai. Metabolizuojama energija: 3790 kcal\/kg \u0160\u0117rimo ir laikymo instrukcijos:Duoti saus\u0105. U\u017etikrinti \u0161vie\u017ei\u0105 vanden\u012f. Laikyti v\u0117sioje, sausoje vietoje.","og_url":"https:\/\/miumjau.ee\/lt\/produktas\/ibero-begrudis-sunu-edalas-medium-maxi-adult-salmon-12-kg\/","og_site_name":"MiuMjau","article_publisher":"https:\/\/www.facebook.com\/miumjaupood\/","og_image":[{"width":600,"height":800,"url":"https:\/\/miumjau.ee\/wp-content\/uploads\/2026\/01\/ibero-GF-ML-lohe-12kg-2.jpg","type":"image\/jpeg"}],"twitter_card":"summary_large_image","schema":{"@context":"https:\/\/schema.org","@graph":[{"@type":"WebPage","@id":"https:\/\/miumjau.ee\/lt\/produktas\/ibero-begrudis-sunu-edalas-medium-maxi-adult-salmon-12-kg\/","url":"https:\/\/miumjau.ee\/lt\/produktas\/ibero-begrudis-sunu-edalas-medium-maxi-adult-salmon-12-kg\/","name":"Ibero begr\u016bdis \u0161un\u0173 \u0117dalas Medium & Maxi Adult Salmon, 12 kg - MiuMjau","isPartOf":{"@id":"https:\/\/miumjau.ee\/#website"},"primaryImageOfPage":{"@id":"https:\/\/miumjau.ee\/lt\/produktas\/ibero-begrudis-sunu-edalas-medium-maxi-adult-salmon-12-kg\/#primaryimage"},"image":{"@id":"https:\/\/miumjau.ee\/lt\/produktas\/ibero-begrudis-sunu-edalas-medium-maxi-adult-salmon-12-kg\/#primaryimage"},"thumbnailUrl":"https:\/\/miumjau.ee\/wp-content\/uploads\/2026\/01\/ibero-GF-ML-lohe-12kg-2.jpg","datePublished":"2026-01-29T12:28:58+00:00","breadcrumb":{"@id":"https:\/\/miumjau.ee\/lt\/produktas\/ibero-begrudis-sunu-edalas-medium-maxi-adult-salmon-12-kg\/#breadcrumb"},"inLanguage":"lt-LT","potentialAction":[{"@type":"ReadAction","target":["https:\/\/miumjau.ee\/lt\/produktas\/ibero-begrudis-sunu-edalas-medium-maxi-adult-salmon-12-kg\/"]}]},{"@type":"ImageObject","inLanguage":"lt-LT","@id":"https:\/\/miumjau.ee\/lt\/produktas\/ibero-begrudis-sunu-edalas-medium-maxi-adult-salmon-12-kg\/#primaryimage","url":"https:\/\/miumjau.ee\/wp-content\/uploads\/2026\/01\/ibero-GF-ML-lohe-12kg-2.jpg","contentUrl":"https:\/\/miumjau.ee\/wp-content\/uploads\/2026\/01\/ibero-GF-ML-lohe-12kg-2.jpg","width":600,"height":800,"caption":"Ibero Grain-free Dog Medium & Maxi Adult Salmon, 12kg"},{"@type":"BreadcrumbList","@id":"https:\/\/miumjau.ee\/lt\/produktas\/ibero-begrudis-sunu-edalas-medium-maxi-adult-salmon-12-kg\/#breadcrumb","itemListElement":[{"@type":"ListItem","position":1,"name":"Home","item":"https:\/\/miumjau.ee\/lt\/"},{"@type":"ListItem","position":2,"name":"Parduotuv\u0117","item":"https:\/\/miumjau.ee\/lt\/parduotuve\/"},{"@type":"ListItem","position":3,"name":"Ibero begr\u016bdis \u0161un\u0173 \u0117dalas Medium &#038; Maxi Adult Salmon, 12 kg"}]},{"@type":"WebSite","@id":"https:\/\/miumjau.ee\/#website","url":"https:\/\/miumjau.ee\/","name":"MiuMjau","description":"Kraapimispuud kassidele","publisher":{"@id":"https:\/\/miumjau.ee\/#organization"},"potentialAction":[{"@type":"SearchAction","target":{"@type":"EntryPoint","urlTemplate":"https:\/\/miumjau.ee\/?s={search_term_string}"},"query-input":{"@type":"PropertyValueSpecification","valueRequired":true,"valueName":"search_term_string"}}],"inLanguage":"lt-LT"},{"@type":"Organization","@id":"https:\/\/miumjau.ee\/#organization","name":"MiuMjau O\u00dc","url":"https:\/\/miumjau.ee\/","logo":{"@type":"ImageObject","inLanguage":"lt-LT","@id":"https:\/\/miumjau.ee\/#\/schema\/logo\/image\/","url":"https:\/\/miumjau.ee\/wp-content\/uploads\/2022\/04\/MiuMjau-logo-kollane.png","contentUrl":"https:\/\/miumjau.ee\/wp-content\/uploads\/2022\/04\/MiuMjau-logo-kollane.png","width":219,"height":100,"caption":"MiuMjau O\u00dc"},"image":{"@id":"https:\/\/miumjau.ee\/#\/schema\/logo\/image\/"},"sameAs":["https:\/\/www.facebook.com\/miumjaupood\/"]}]}},"_links":{"self":[{"href":"https:\/\/miumjau.ee\/lt\/wp-json\/wp\/v2\/product\/55223","targetHints":{"allow":["GET"]}}],"collection":[{"href":"https:\/\/miumjau.ee\/lt\/wp-json\/wp\/v2\/product"}],"about":[{"href":"https:\/\/miumjau.ee\/lt\/wp-json\/wp\/v2\/types\/product"}],"wp:featuredmedia":[{"embeddable":true,"href":"https:\/\/miumjau.ee\/lt\/wp-json\/wp\/v2\/media\/53305"}],"wp:attachment":[{"href":"https:\/\/miumjau.ee\/lt\/wp-json\/wp\/v2\/media?parent=55223"}],"wp:term":[{"taxonomy":"product_brand","embeddable":true,"href":"https:\/\/miumjau.ee\/lt\/wp-json\/wp\/v2\/product_brand?post=55223"},{"taxonomy":"product_cat","embeddable":true,"href":"https:\/\/miumjau.ee\/lt\/wp-json\/wp\/v2\/product_cat?post=55223"},{"taxonomy":"product_tag","embeddable":true,"href":"https:\/\/miumjau.ee\/lt\/wp-json\/wp\/v2\/product_tag?post=55223"}],"curies":[{"name":"wp","href":"https:\/\/api.w.org\/{rel}","templated":true}]}}