{"id":55197,"date":"2026-01-29T14:29:03","date_gmt":"2026-01-29T12:29:03","guid":{"rendered":"https:\/\/miumjau.ee\/toode\/ibero-grain-free-dog-mini-adult-lamb-2-kg\/"},"modified":"2026-01-29T14:29:03","modified_gmt":"2026-01-29T12:29:03","slug":"ibero-grain-free-dog-mini-adult-lamb-2-kg","status":"publish","type":"product","link":"https:\/\/miumjau.ee\/lt\/produktas\/ibero-grain-free-dog-mini-adult-lamb-2-kg\/","title":{"rendered":"Ibero Grain-free Dog Mini Adult Lamb, 2 kg"},"content":{"rendered":"","protected":false},"excerpt":{"rendered":"<p data-start=\"5469\" data-end=\"5545\">Pilnavertis superpremium be gr\u016bd\u0173 maistas suaugusiems ma\u017e\u0173 veisli\u0173 \u0161unims.<\/p>\n<p data-start=\"5547\" data-end=\"5577\"><strong data-start=\"5547\" data-end=\"5575\">Pagrindiniai privalumai:<\/strong><\/p>\n<ul data-start=\"5579\" data-end=\"6537\">\n<li data-section-id=\"pe7vlz\" data-start=\"5579\" data-end=\"5718\">\n<p data-start=\"5581\" data-end=\"5718\"><strong data-start=\"5581\" data-end=\"5593\">Be gr\u016bd\u0173<\/strong> \u2013 be kvie\u010di\u0173, kukur\u016bz\u0173 ar mie\u017ei\u0173, idealiai tinka ma\u017eiems \u0161unims su jautriu vir\u0161kinimu ar linkusiems \u012f maisto netoleravim\u0105.<\/p>\n<\/li>\n<li data-section-id=\"17wgem\" data-start=\"5719\" data-end=\"5896\">\n<p data-start=\"5721\" data-end=\"5896\"><strong data-start=\"5721\" data-end=\"5752\">Didelis \u0117riuko kiekis (34%)<\/strong> \u2013 d\u017eiovinta \u0117riena kaip pagrindinis gyv\u016bnini\u0173 baltym\u0173 \u0161altinis lengvai vir\u0161kinama, hipoalergin\u0117 ir labai gardi net i\u0161rankiems ma\u017eiems \u0161unims.<\/p>\n<\/li>\n<li data-section-id=\"1gm865o\" data-start=\"5897\" data-end=\"6030\">\n<p data-start=\"5899\" data-end=\"6030\"><strong data-start=\"5899\" data-end=\"5932\">Nat\u016bral\u016bs energijos \u0161altiniai<\/strong> \u2013 sald\u017eiosios bulv\u0117s ir jamai u\u017etikrina pastov\u0173 ir subalansuot\u0105 energijos tiekim\u0105 visai dienai.<\/p>\n<\/li>\n<li data-section-id=\"8k7c8\" data-start=\"6031\" data-end=\"6137\">\n<p data-start=\"6033\" data-end=\"6137\"><strong data-start=\"6033\" data-end=\"6051\">\u0116riuko kepenys<\/strong> \u2013 turtingos B grup\u0117s vitaminais, palaiko med\u017eiag\u0173 apykait\u0105, gyvybingum\u0105 ir apetit\u0105.<\/p>\n<\/li>\n<li data-section-id=\"1ml9j5t\" data-start=\"6138\" data-end=\"6257\">\n<p data-start=\"6140\" data-end=\"6257\"><strong data-start=\"6140\" data-end=\"6155\">\u010cija s\u0117klos<\/strong> \u2013 omega-3 riebal\u0173 r\u016bg\u0161\u010di\u0173, antioksidant\u0173 ir skaidul\u0173 \u0161altinis sveikai odai, kailiui ir vir\u0161kinimui.<\/p>\n<\/li>\n<li data-section-id=\"wxtgqc\" data-start=\"6258\" data-end=\"6350\">\n<p data-start=\"6260\" data-end=\"6350\"><strong data-start=\"6260\" data-end=\"6277\">100% nat\u016bralu<\/strong> \u2013 be gr\u016bd\u0173, chemini\u0173 med\u017eiag\u0173, GMO, dirbtini\u0173 konservant\u0173 ar da\u017eikli\u0173.<\/p>\n<\/li>\n<li data-section-id=\"mhdvsu\" data-start=\"6351\" data-end=\"6537\">\n<p data-start=\"6353\" data-end=\"6537\"><strong data-start=\"6353\" data-end=\"6376\">Funkcin\u0117s med\u017eiagos<\/strong> \u2013 cikorij\u0173 ekstraktas, jukos ekstraktas, beta gliukanai, gliukozaminas, chondroitinas \u2013 palaiko imunitet\u0105, ger\u0105 vir\u0161kinim\u0105 ir sveikus s\u0105narius ma\u017eiems \u0161unims.<\/p>\n<\/li>\n<\/ul>\n<p data-start=\"6539\" data-end=\"6738\"><strong data-start=\"6539\" data-end=\"6549\">Tinka:<\/strong><br data-start=\"6549\" data-end=\"6552\" \/>\u2714 Ma\u017e\u0173 veisli\u0173 suaugusiems \u0161unims<br data-start=\"6585\" data-end=\"6588\" \/>\u2714 \u0160unims su jautriu vir\u0161kinimu ar maisto netoleravimu<br data-start=\"6641\" data-end=\"6644\" \/>\u2714 Ma\u017eiems \u0161unims, kurie m\u0117gsta gard\u0173 ir lengvai vir\u0161kinam\u0105 maist\u0105<br data-start=\"6709\" data-end=\"6712\" \/>\u2714 \u0160unims be gr\u016bd\u0173 dietos<\/p>\n<p data-start=\"6740\" data-end=\"7094\"><strong data-start=\"6740\" data-end=\"6752\">Sud\u0117tis:<\/strong> D\u017eiovinta \u0117riena 34%, sald\u017eiosios bulv\u0117s, d\u017eiovinti bulviai, jautienos riebalai 14%, \u0117riuko kepenys 5%, d\u017eiovinta moli\u016bgai 2%, d\u017eiovintos \u0117riuko kepenys 2%, d\u017eiovinti morkos 1,2%, Ispanin\u0117 \u0161alavija 0,1%, lin\u0173 s\u0117klos, cikorij\u0173 ekstraktas, jukos ekstraktas, beta gliukanai, gliukozaminas, chondroitino sulfatas, vitamin\u0173 ir mineral\u0173 mi\u0161inys.<\/p>\n<p data-start=\"7096\" data-end=\"7238\"><strong data-start=\"7096\" data-end=\"7118\">Analitin\u0117 sud\u0117tis:<\/strong> baltymai 26%, riebalai 14%, skaidulos 3,2%, pelenai 6,9%, kalcis 1,1%, fosforas 0,85%, natrio 0,15%, dr\u0117gm\u0117 max. 10%.<\/p>\n<p data-start=\"7240\" data-end=\"7673\"><strong data-start=\"7240\" data-end=\"7258\">Papildai (kg):<\/strong> Vitamino A 16,800 TV, D3 1,680 TV, E 168 mg, B1 4,8 mg, B2 8 mg, B6 6,4 mg, B12 0,07 mg, niacinas 40 mg, pantoteno r\u016bg\u0161tis 16 mg, folio r\u016bg\u0161tis 0,64 mg, biotinas 0,4 mg, C 160 mg, jodas 4 mg, selenas 0,35 mg, gele\u017eis 96 mg, varis 12 mg, cinkas 120 mg, manganas 12 mg, cholino chloridas 1,728 mg, gliukozaminas 400 mg, chondroitino sulfatas 350 mg. Antioksidantai: tokoferoliais turtingi augal\u0173 aliej\u0173 ekstraktai.<\/p>\n<p data-start=\"7675\" data-end=\"7720\"><strong data-start=\"7675\" data-end=\"7704\">Metabolizuojama energija:<\/strong> 3,870 kcal\/kg<\/p>\n<p data-start=\"7722\" data-end=\"8136\"><strong data-start=\"7722\" data-end=\"7757\">\u0160\u0117rimo ir laikymo instrukcijos:<\/strong><br data-start=\"7757\" data-end=\"7760\" \/>Patiekti sausoje formoje. U\u017etikrinkite, kad \u0161uo tur\u0117t\u0173 prieig\u0105 prie \u0161vie\u017eio vandens. Individual\u016bs mitybos poreikiai priklauso nuo am\u017eiaus, veisl\u0117s, aktyvumo lygio ir fiziologin\u0117s b\u016bkl\u0117s. Po \u0161\u0117rimo u\u017etikrinkite, kad pakuot\u0117 b\u016bt\u0173 sandariai u\u017edaryta, laikykite v\u0117sioje, sausoje vietoje, apsaugotoje nuo tiesiogini\u0173 saul\u0117s spinduli\u0173. Geriausias iki \/ partijos data: \u017er. pakuot\u0119.<\/p>\n","protected":false},"featured_media":53287,"template":"","meta":[],"product_brand":[],"product_cat":[538],"product_tag":[],"class_list":{"0":"post-55197","1":"product","2":"type-product","3":"status-publish","4":"has-post-thumbnail","6":"product_cat-sausas-maistas-sunims","8":"first","9":"instock","10":"sale","11":"taxable","12":"shipping-taxable","13":"purchasable","14":"product-type-simple"},"yoast_head":"<!-- This site is optimized with the Yoast SEO plugin v27.4 - https:\/\/yoast.com\/product\/yoast-seo-wordpress\/ -->\n<title>Ibero Grain-free Dog Mini Adult Lamb, 2 kg - MiuMjau<\/title>\n<meta name=\"robots\" content=\"index, follow, max-snippet:-1, max-image-preview:large, max-video-preview:-1\" \/>\n<link rel=\"canonical\" href=\"https:\/\/miumjau.ee\/lt\/produktas\/ibero-grain-free-dog-mini-adult-lamb-2-kg\/\" \/>\n<meta property=\"og:locale\" content=\"lt_LT\" \/>\n<meta property=\"og:type\" content=\"article\" \/>\n<meta property=\"og:title\" content=\"Ibero Grain-free Dog Mini Adult Lamb, 2 kg - MiuMjau\" \/>\n<meta property=\"og:description\" content=\"Pilnavertis superpremium be gr\u016bd\u0173 maistas suaugusiems ma\u017e\u0173 veisli\u0173 \u0161unims. Pagrindiniai privalumai:     Be gr\u016bd\u0173 \u2013 be kvie\u010di\u0173, kukur\u016bz\u0173 ar mie\u017ei\u0173, idealiai tinka ma\u017eiems \u0161unims su jautriu vir\u0161kinimu ar linkusiems \u012f maisto netoleravim\u0105.    Didelis \u0117riuko kiekis (34%) \u2013 d\u017eiovinta \u0117riena kaip pagrindinis gyv\u016bnini\u0173 baltym\u0173 \u0161altinis lengvai vir\u0161kinama, hipoalergin\u0117 ir labai gardi net i\u0161rankiems ma\u017eiems \u0161unims.    Nat\u016bral\u016bs energijos \u0161altiniai \u2013 sald\u017eiosios bulv\u0117s ir jamai u\u017etikrina pastov\u0173 ir subalansuot\u0105 energijos tiekim\u0105 visai dienai.    \u0116riuko kepenys \u2013 turtingos B grup\u0117s vitaminais, palaiko med\u017eiag\u0173 apykait\u0105, gyvybingum\u0105 ir apetit\u0105.    \u010cija s\u0117klos \u2013 omega-3 riebal\u0173 r\u016bg\u0161\u010di\u0173, antioksidant\u0173 ir skaidul\u0173 \u0161altinis sveikai odai, kailiui ir vir\u0161kinimui.    100% nat\u016bralu \u2013 be gr\u016bd\u0173, chemini\u0173 med\u017eiag\u0173, GMO, dirbtini\u0173 konservant\u0173 ar da\u017eikli\u0173.    Funkcin\u0117s med\u017eiagos \u2013 cikorij\u0173 ekstraktas, jukos ekstraktas, beta gliukanai, gliukozaminas, chondroitinas \u2013 palaiko imunitet\u0105, ger\u0105 vir\u0161kinim\u0105 ir sveikus s\u0105narius ma\u017eiems \u0161unims.   Tinka:\u2714 Ma\u017e\u0173 veisli\u0173 suaugusiems \u0161unims\u2714 \u0160unims su jautriu vir\u0161kinimu ar maisto netoleravimu\u2714 Ma\u017eiems \u0161unims, kurie m\u0117gsta gard\u0173 ir lengvai vir\u0161kinam\u0105 maist\u0105\u2714 \u0160unims be gr\u016bd\u0173 dietos Sud\u0117tis: D\u017eiovinta \u0117riena 34%, sald\u017eiosios bulv\u0117s, d\u017eiovinti bulviai, jautienos riebalai 14%, \u0117riuko kepenys 5%, d\u017eiovinta moli\u016bgai 2%, d\u017eiovintos \u0117riuko kepenys 2%, d\u017eiovinti morkos 1,2%, Ispanin\u0117 \u0161alavija 0,1%, lin\u0173 s\u0117klos, cikorij\u0173 ekstraktas, jukos ekstraktas, beta gliukanai, gliukozaminas, chondroitino sulfatas, vitamin\u0173 ir mineral\u0173 mi\u0161inys. Analitin\u0117 sud\u0117tis: baltymai 26%, riebalai 14%, skaidulos 3,2%, pelenai 6,9%, kalcis 1,1%, fosforas 0,85%, natrio 0,15%, dr\u0117gm\u0117 max. 10%. Papildai (kg): Vitamino A 16,800 TV, D3 1,680 TV, E 168 mg, B1 4,8 mg, B2 8 mg, B6 6,4 mg, B12 0,07 mg, niacinas 40 mg, pantoteno r\u016bg\u0161tis 16 mg, folio r\u016bg\u0161tis 0,64 mg, biotinas 0,4 mg, C 160 mg, jodas 4 mg, selenas 0,35 mg, gele\u017eis 96 mg, varis 12 mg, cinkas 120 mg, manganas 12 mg, cholino chloridas 1,728 mg, gliukozaminas 400 mg, chondroitino sulfatas 350 mg. Antioksidantai: tokoferoliais turtingi augal\u0173 aliej\u0173 ekstraktai. Metabolizuojama energija: 3,870 kcal\/kg \u0160\u0117rimo ir laikymo instrukcijos:Patiekti sausoje formoje. U\u017etikrinkite, kad \u0161uo tur\u0117t\u0173 prieig\u0105 prie \u0161vie\u017eio vandens. Individual\u016bs mitybos poreikiai priklauso nuo am\u017eiaus, veisl\u0117s, aktyvumo lygio ir fiziologin\u0117s b\u016bkl\u0117s. Po \u0161\u0117rimo u\u017etikrinkite, kad pakuot\u0117 b\u016bt\u0173 sandariai u\u017edaryta, laikykite v\u0117sioje, sausoje vietoje, apsaugotoje nuo tiesiogini\u0173 saul\u0117s spinduli\u0173. Geriausias iki \/ partijos data: \u017er. pakuot\u0119.\" \/>\n<meta property=\"og:url\" content=\"https:\/\/miumjau.ee\/lt\/produktas\/ibero-grain-free-dog-mini-adult-lamb-2-kg\/\" \/>\n<meta property=\"og:site_name\" content=\"MiuMjau\" \/>\n<meta property=\"article:publisher\" content=\"https:\/\/www.facebook.com\/miumjaupood\/\" \/>\n<meta property=\"og:image\" content=\"https:\/\/miumjau.ee\/wp-content\/uploads\/2026\/01\/ibero-grainfree-mini-adult-lamb2.jpg\" \/>\n\t<meta property=\"og:image:width\" content=\"600\" \/>\n\t<meta property=\"og:image:height\" content=\"800\" \/>\n\t<meta property=\"og:image:type\" content=\"image\/jpeg\" \/>\n<meta name=\"twitter:card\" content=\"summary_large_image\" \/>\n<script type=\"application\/ld+json\" class=\"yoast-schema-graph\">{\"@context\":\"https:\\\/\\\/schema.org\",\"@graph\":[{\"@type\":\"WebPage\",\"@id\":\"https:\\\/\\\/miumjau.ee\\\/lt\\\/produktas\\\/ibero-grain-free-dog-mini-adult-lamb-2-kg\\\/\",\"url\":\"https:\\\/\\\/miumjau.ee\\\/lt\\\/produktas\\\/ibero-grain-free-dog-mini-adult-lamb-2-kg\\\/\",\"name\":\"Ibero Grain-free Dog Mini Adult Lamb, 2 kg - MiuMjau\",\"isPartOf\":{\"@id\":\"https:\\\/\\\/miumjau.ee\\\/#website\"},\"primaryImageOfPage\":{\"@id\":\"https:\\\/\\\/miumjau.ee\\\/lt\\\/produktas\\\/ibero-grain-free-dog-mini-adult-lamb-2-kg\\\/#primaryimage\"},\"image\":{\"@id\":\"https:\\\/\\\/miumjau.ee\\\/lt\\\/produktas\\\/ibero-grain-free-dog-mini-adult-lamb-2-kg\\\/#primaryimage\"},\"thumbnailUrl\":\"https:\\\/\\\/miumjau.ee\\\/wp-content\\\/uploads\\\/2026\\\/01\\\/ibero-grainfree-mini-adult-lamb2.jpg\",\"datePublished\":\"2026-01-29T12:29:03+00:00\",\"breadcrumb\":{\"@id\":\"https:\\\/\\\/miumjau.ee\\\/lt\\\/produktas\\\/ibero-grain-free-dog-mini-adult-lamb-2-kg\\\/#breadcrumb\"},\"inLanguage\":\"lt-LT\",\"potentialAction\":[{\"@type\":\"ReadAction\",\"target\":[\"https:\\\/\\\/miumjau.ee\\\/lt\\\/produktas\\\/ibero-grain-free-dog-mini-adult-lamb-2-kg\\\/\"]}]},{\"@type\":\"ImageObject\",\"inLanguage\":\"lt-LT\",\"@id\":\"https:\\\/\\\/miumjau.ee\\\/lt\\\/produktas\\\/ibero-grain-free-dog-mini-adult-lamb-2-kg\\\/#primaryimage\",\"url\":\"https:\\\/\\\/miumjau.ee\\\/wp-content\\\/uploads\\\/2026\\\/01\\\/ibero-grainfree-mini-adult-lamb2.jpg\",\"contentUrl\":\"https:\\\/\\\/miumjau.ee\\\/wp-content\\\/uploads\\\/2026\\\/01\\\/ibero-grainfree-mini-adult-lamb2.jpg\",\"width\":600,\"height\":800,\"caption\":\"Ibero Grain-free Dog Mini Adult Lamb, 2kg\"},{\"@type\":\"BreadcrumbList\",\"@id\":\"https:\\\/\\\/miumjau.ee\\\/lt\\\/produktas\\\/ibero-grain-free-dog-mini-adult-lamb-2-kg\\\/#breadcrumb\",\"itemListElement\":[{\"@type\":\"ListItem\",\"position\":1,\"name\":\"Home\",\"item\":\"https:\\\/\\\/miumjau.ee\\\/lt\\\/\"},{\"@type\":\"ListItem\",\"position\":2,\"name\":\"Parduotuv\u0117\",\"item\":\"https:\\\/\\\/miumjau.ee\\\/lt\\\/parduotuve\\\/\"},{\"@type\":\"ListItem\",\"position\":3,\"name\":\"Ibero Grain-free Dog Mini Adult Lamb, 2 kg\"}]},{\"@type\":\"WebSite\",\"@id\":\"https:\\\/\\\/miumjau.ee\\\/#website\",\"url\":\"https:\\\/\\\/miumjau.ee\\\/\",\"name\":\"MiuMjau\",\"description\":\"Kraapimispuud kassidele\",\"publisher\":{\"@id\":\"https:\\\/\\\/miumjau.ee\\\/#organization\"},\"potentialAction\":[{\"@type\":\"SearchAction\",\"target\":{\"@type\":\"EntryPoint\",\"urlTemplate\":\"https:\\\/\\\/miumjau.ee\\\/?s={search_term_string}\"},\"query-input\":{\"@type\":\"PropertyValueSpecification\",\"valueRequired\":true,\"valueName\":\"search_term_string\"}}],\"inLanguage\":\"lt-LT\"},{\"@type\":\"Organization\",\"@id\":\"https:\\\/\\\/miumjau.ee\\\/#organization\",\"name\":\"MiuMjau O\u00dc\",\"url\":\"https:\\\/\\\/miumjau.ee\\\/\",\"logo\":{\"@type\":\"ImageObject\",\"inLanguage\":\"lt-LT\",\"@id\":\"https:\\\/\\\/miumjau.ee\\\/#\\\/schema\\\/logo\\\/image\\\/\",\"url\":\"https:\\\/\\\/miumjau.ee\\\/wp-content\\\/uploads\\\/2022\\\/04\\\/MiuMjau-logo-kollane.png\",\"contentUrl\":\"https:\\\/\\\/miumjau.ee\\\/wp-content\\\/uploads\\\/2022\\\/04\\\/MiuMjau-logo-kollane.png\",\"width\":219,\"height\":100,\"caption\":\"MiuMjau O\u00dc\"},\"image\":{\"@id\":\"https:\\\/\\\/miumjau.ee\\\/#\\\/schema\\\/logo\\\/image\\\/\"},\"sameAs\":[\"https:\\\/\\\/www.facebook.com\\\/miumjaupood\\\/\"]}]}<\/script>\n<!-- \/ Yoast SEO plugin. -->","yoast_head_json":{"title":"Ibero Grain-free Dog Mini Adult Lamb, 2 kg - MiuMjau","robots":{"index":"index","follow":"follow","max-snippet":"max-snippet:-1","max-image-preview":"max-image-preview:large","max-video-preview":"max-video-preview:-1"},"canonical":"https:\/\/miumjau.ee\/lt\/produktas\/ibero-grain-free-dog-mini-adult-lamb-2-kg\/","og_locale":"lt_LT","og_type":"article","og_title":"Ibero Grain-free Dog Mini Adult Lamb, 2 kg - MiuMjau","og_description":"Pilnavertis superpremium be gr\u016bd\u0173 maistas suaugusiems ma\u017e\u0173 veisli\u0173 \u0161unims. Pagrindiniai privalumai:     Be gr\u016bd\u0173 \u2013 be kvie\u010di\u0173, kukur\u016bz\u0173 ar mie\u017ei\u0173, idealiai tinka ma\u017eiems \u0161unims su jautriu vir\u0161kinimu ar linkusiems \u012f maisto netoleravim\u0105.    Didelis \u0117riuko kiekis (34%) \u2013 d\u017eiovinta \u0117riena kaip pagrindinis gyv\u016bnini\u0173 baltym\u0173 \u0161altinis lengvai vir\u0161kinama, hipoalergin\u0117 ir labai gardi net i\u0161rankiems ma\u017eiems \u0161unims.    Nat\u016bral\u016bs energijos \u0161altiniai \u2013 sald\u017eiosios bulv\u0117s ir jamai u\u017etikrina pastov\u0173 ir subalansuot\u0105 energijos tiekim\u0105 visai dienai.    \u0116riuko kepenys \u2013 turtingos B grup\u0117s vitaminais, palaiko med\u017eiag\u0173 apykait\u0105, gyvybingum\u0105 ir apetit\u0105.    \u010cija s\u0117klos \u2013 omega-3 riebal\u0173 r\u016bg\u0161\u010di\u0173, antioksidant\u0173 ir skaidul\u0173 \u0161altinis sveikai odai, kailiui ir vir\u0161kinimui.    100% nat\u016bralu \u2013 be gr\u016bd\u0173, chemini\u0173 med\u017eiag\u0173, GMO, dirbtini\u0173 konservant\u0173 ar da\u017eikli\u0173.    Funkcin\u0117s med\u017eiagos \u2013 cikorij\u0173 ekstraktas, jukos ekstraktas, beta gliukanai, gliukozaminas, chondroitinas \u2013 palaiko imunitet\u0105, ger\u0105 vir\u0161kinim\u0105 ir sveikus s\u0105narius ma\u017eiems \u0161unims.   Tinka:\u2714 Ma\u017e\u0173 veisli\u0173 suaugusiems \u0161unims\u2714 \u0160unims su jautriu vir\u0161kinimu ar maisto netoleravimu\u2714 Ma\u017eiems \u0161unims, kurie m\u0117gsta gard\u0173 ir lengvai vir\u0161kinam\u0105 maist\u0105\u2714 \u0160unims be gr\u016bd\u0173 dietos Sud\u0117tis: D\u017eiovinta \u0117riena 34%, sald\u017eiosios bulv\u0117s, d\u017eiovinti bulviai, jautienos riebalai 14%, \u0117riuko kepenys 5%, d\u017eiovinta moli\u016bgai 2%, d\u017eiovintos \u0117riuko kepenys 2%, d\u017eiovinti morkos 1,2%, Ispanin\u0117 \u0161alavija 0,1%, lin\u0173 s\u0117klos, cikorij\u0173 ekstraktas, jukos ekstraktas, beta gliukanai, gliukozaminas, chondroitino sulfatas, vitamin\u0173 ir mineral\u0173 mi\u0161inys. Analitin\u0117 sud\u0117tis: baltymai 26%, riebalai 14%, skaidulos 3,2%, pelenai 6,9%, kalcis 1,1%, fosforas 0,85%, natrio 0,15%, dr\u0117gm\u0117 max. 10%. Papildai (kg): Vitamino A 16,800 TV, D3 1,680 TV, E 168 mg, B1 4,8 mg, B2 8 mg, B6 6,4 mg, B12 0,07 mg, niacinas 40 mg, pantoteno r\u016bg\u0161tis 16 mg, folio r\u016bg\u0161tis 0,64 mg, biotinas 0,4 mg, C 160 mg, jodas 4 mg, selenas 0,35 mg, gele\u017eis 96 mg, varis 12 mg, cinkas 120 mg, manganas 12 mg, cholino chloridas 1,728 mg, gliukozaminas 400 mg, chondroitino sulfatas 350 mg. Antioksidantai: tokoferoliais turtingi augal\u0173 aliej\u0173 ekstraktai. Metabolizuojama energija: 3,870 kcal\/kg \u0160\u0117rimo ir laikymo instrukcijos:Patiekti sausoje formoje. U\u017etikrinkite, kad \u0161uo tur\u0117t\u0173 prieig\u0105 prie \u0161vie\u017eio vandens. Individual\u016bs mitybos poreikiai priklauso nuo am\u017eiaus, veisl\u0117s, aktyvumo lygio ir fiziologin\u0117s b\u016bkl\u0117s. Po \u0161\u0117rimo u\u017etikrinkite, kad pakuot\u0117 b\u016bt\u0173 sandariai u\u017edaryta, laikykite v\u0117sioje, sausoje vietoje, apsaugotoje nuo tiesiogini\u0173 saul\u0117s spinduli\u0173. Geriausias iki \/ partijos data: \u017er. pakuot\u0119.","og_url":"https:\/\/miumjau.ee\/lt\/produktas\/ibero-grain-free-dog-mini-adult-lamb-2-kg\/","og_site_name":"MiuMjau","article_publisher":"https:\/\/www.facebook.com\/miumjaupood\/","og_image":[{"width":600,"height":800,"url":"https:\/\/miumjau.ee\/wp-content\/uploads\/2026\/01\/ibero-grainfree-mini-adult-lamb2.jpg","type":"image\/jpeg"}],"twitter_card":"summary_large_image","schema":{"@context":"https:\/\/schema.org","@graph":[{"@type":"WebPage","@id":"https:\/\/miumjau.ee\/lt\/produktas\/ibero-grain-free-dog-mini-adult-lamb-2-kg\/","url":"https:\/\/miumjau.ee\/lt\/produktas\/ibero-grain-free-dog-mini-adult-lamb-2-kg\/","name":"Ibero Grain-free Dog Mini Adult Lamb, 2 kg - MiuMjau","isPartOf":{"@id":"https:\/\/miumjau.ee\/#website"},"primaryImageOfPage":{"@id":"https:\/\/miumjau.ee\/lt\/produktas\/ibero-grain-free-dog-mini-adult-lamb-2-kg\/#primaryimage"},"image":{"@id":"https:\/\/miumjau.ee\/lt\/produktas\/ibero-grain-free-dog-mini-adult-lamb-2-kg\/#primaryimage"},"thumbnailUrl":"https:\/\/miumjau.ee\/wp-content\/uploads\/2026\/01\/ibero-grainfree-mini-adult-lamb2.jpg","datePublished":"2026-01-29T12:29:03+00:00","breadcrumb":{"@id":"https:\/\/miumjau.ee\/lt\/produktas\/ibero-grain-free-dog-mini-adult-lamb-2-kg\/#breadcrumb"},"inLanguage":"lt-LT","potentialAction":[{"@type":"ReadAction","target":["https:\/\/miumjau.ee\/lt\/produktas\/ibero-grain-free-dog-mini-adult-lamb-2-kg\/"]}]},{"@type":"ImageObject","inLanguage":"lt-LT","@id":"https:\/\/miumjau.ee\/lt\/produktas\/ibero-grain-free-dog-mini-adult-lamb-2-kg\/#primaryimage","url":"https:\/\/miumjau.ee\/wp-content\/uploads\/2026\/01\/ibero-grainfree-mini-adult-lamb2.jpg","contentUrl":"https:\/\/miumjau.ee\/wp-content\/uploads\/2026\/01\/ibero-grainfree-mini-adult-lamb2.jpg","width":600,"height":800,"caption":"Ibero Grain-free Dog Mini Adult Lamb, 2kg"},{"@type":"BreadcrumbList","@id":"https:\/\/miumjau.ee\/lt\/produktas\/ibero-grain-free-dog-mini-adult-lamb-2-kg\/#breadcrumb","itemListElement":[{"@type":"ListItem","position":1,"name":"Home","item":"https:\/\/miumjau.ee\/lt\/"},{"@type":"ListItem","position":2,"name":"Parduotuv\u0117","item":"https:\/\/miumjau.ee\/lt\/parduotuve\/"},{"@type":"ListItem","position":3,"name":"Ibero Grain-free Dog Mini Adult Lamb, 2 kg"}]},{"@type":"WebSite","@id":"https:\/\/miumjau.ee\/#website","url":"https:\/\/miumjau.ee\/","name":"MiuMjau","description":"Kraapimispuud kassidele","publisher":{"@id":"https:\/\/miumjau.ee\/#organization"},"potentialAction":[{"@type":"SearchAction","target":{"@type":"EntryPoint","urlTemplate":"https:\/\/miumjau.ee\/?s={search_term_string}"},"query-input":{"@type":"PropertyValueSpecification","valueRequired":true,"valueName":"search_term_string"}}],"inLanguage":"lt-LT"},{"@type":"Organization","@id":"https:\/\/miumjau.ee\/#organization","name":"MiuMjau O\u00dc","url":"https:\/\/miumjau.ee\/","logo":{"@type":"ImageObject","inLanguage":"lt-LT","@id":"https:\/\/miumjau.ee\/#\/schema\/logo\/image\/","url":"https:\/\/miumjau.ee\/wp-content\/uploads\/2022\/04\/MiuMjau-logo-kollane.png","contentUrl":"https:\/\/miumjau.ee\/wp-content\/uploads\/2022\/04\/MiuMjau-logo-kollane.png","width":219,"height":100,"caption":"MiuMjau O\u00dc"},"image":{"@id":"https:\/\/miumjau.ee\/#\/schema\/logo\/image\/"},"sameAs":["https:\/\/www.facebook.com\/miumjaupood\/"]}]}},"_links":{"self":[{"href":"https:\/\/miumjau.ee\/lt\/wp-json\/wp\/v2\/product\/55197","targetHints":{"allow":["GET"]}}],"collection":[{"href":"https:\/\/miumjau.ee\/lt\/wp-json\/wp\/v2\/product"}],"about":[{"href":"https:\/\/miumjau.ee\/lt\/wp-json\/wp\/v2\/types\/product"}],"wp:featuredmedia":[{"embeddable":true,"href":"https:\/\/miumjau.ee\/lt\/wp-json\/wp\/v2\/media\/53287"}],"wp:attachment":[{"href":"https:\/\/miumjau.ee\/lt\/wp-json\/wp\/v2\/media?parent=55197"}],"wp:term":[{"taxonomy":"product_brand","embeddable":true,"href":"https:\/\/miumjau.ee\/lt\/wp-json\/wp\/v2\/product_brand?post=55197"},{"taxonomy":"product_cat","embeddable":true,"href":"https:\/\/miumjau.ee\/lt\/wp-json\/wp\/v2\/product_cat?post=55197"},{"taxonomy":"product_tag","embeddable":true,"href":"https:\/\/miumjau.ee\/lt\/wp-json\/wp\/v2\/product_tag?post=55197"}],"curies":[{"name":"wp","href":"https:\/\/api.w.org\/{rel}","templated":true}]}}