{"id":55192,"date":"2026-02-03T11:41:26","date_gmt":"2026-02-03T09:41:26","guid":{"rendered":"https:\/\/miumjau.ee\/toode\/aatas-cat-creamy-chicken-mix-24-x-80-g\/"},"modified":"2026-02-03T11:41:26","modified_gmt":"2026-02-03T09:41:26","slug":"aatas-cat-creamy-chicken-mix-24-x-80-g","status":"publish","type":"product","link":"https:\/\/miumjau.ee\/lt\/produktas\/aatas-cat-creamy-chicken-mix-24-x-80-g\/","title":{"rendered":"Aatas Cat Creamy Chicken MIX 24 \u00d7 80 g"},"content":{"rendered":"","protected":false},"excerpt":{"rendered":"<p data-start=\"4064\" data-end=\"4412\"><strong data-start=\"4064\" data-end=\"4096\">MIUMJAU POPULIARIAUSIAS 2025<\/strong><br data-start=\"4096\" data-end=\"4099\" \/>Skanus papildomas maistas kat\u0117ms, pagamintas su daug m\u0117sa. Rinkin\u012f sudaro MIX skoniai i\u0161 Creamy serijos, bent 3 skirtingi skoniai. Kat\u0117s m\u0117gsta \u012fvairov\u0119! Visi Creamy konservai pagr\u012fsti vi\u0161tiena, papildyti j\u016bros g\u0117ryb\u0117mis ir pada\u017eu. Jei kat\u0117 m\u0117gsta m\u0117s\u0105 be pada\u017eo, pa\u017ei\u016br\u0117kite Aatas Tantalizing Tuna MIX rinkin\u012f.<\/p>\n<p data-start=\"4414\" data-end=\"4435\"><strong data-start=\"4414\" data-end=\"4433\">Galimi skoniai:<\/strong><\/p>\n<ul data-start=\"4436\" data-end=\"5323\">\n<li data-section-id=\"1xv994j\" data-start=\"4436\" data-end=\"4649\">\n<p data-start=\"4438\" data-end=\"4649\">Vi\u0161tiena ir surimi: vi\u0161tienos sultinys, vi\u0161tiena, surimi, tir\u0161tikliai (modifikuotas tapiokos krakmolas, ksantano guma)<br data-start=\"4556\" data-end=\"4559\" \/>Analitin\u0117 sud\u0117tis: baltymai \u22659%, riebalai \u22650,3%, skaidulos \u22641%, pelenai \u22642%, dr\u0117gm\u0117 \u226489%<\/p>\n<\/li>\n<li data-section-id=\"1xwf64v\" data-start=\"4651\" data-end=\"4813\">\n<p data-start=\"4653\" data-end=\"4813\">Vi\u0161tiena ir tunas: vi\u0161tienos sultinys, vi\u0161tiena, tunas, tir\u0161tikliai<br data-start=\"4720\" data-end=\"4723\" \/>Analitin\u0117 sud\u0117tis: baltymai \u22659%, riebalai \u22650,3%, skaidulos \u22641%, pelenai \u22642%, dr\u0117gm\u0117 \u226489%<\/p>\n<\/li>\n<li data-section-id=\"1blc9wv\" data-start=\"4815\" data-end=\"4981\">\n<p data-start=\"4817\" data-end=\"4981\">Vi\u0161tiena ir sardin\u0117: vi\u0161tienos sultinys, vi\u0161tiena, sardin\u0117, tir\u0161tikliai<br data-start=\"4888\" data-end=\"4891\" \/>Analitin\u0117 sud\u0117tis: baltymai \u22659%, riebalai \u22650,3%, skaidulos \u22641%, pelenai \u22642%, dr\u0117gm\u0117 \u226489%<\/p>\n<\/li>\n<li data-section-id=\"b3ahhr\" data-start=\"4983\" data-end=\"5157\">\n<p data-start=\"4985\" data-end=\"5157\">Vi\u0161tiena ir balta \u017euvis: vi\u0161tienos sultinys, vi\u0161tiena, balta \u017euvis, tir\u0161tikliai<br data-start=\"5064\" data-end=\"5067\" \/>Analitin\u0117 sud\u0117tis: baltymai \u22659%, riebalai \u22650,3%, skaidulos \u22641%, pelenai \u22642%, dr\u0117gm\u0117 \u226489%<\/p>\n<\/li>\n<li data-section-id=\"1983men\" data-start=\"5159\" data-end=\"5323\">\n<p data-start=\"5161\" data-end=\"5323\">Vi\u0161tiena ir krabas: vi\u0161tienos sultinys, vi\u0161tiena, krabas, tir\u0161tikliai<br data-start=\"5230\" data-end=\"5233\" \/>Analitin\u0117 sud\u0117tis: baltymai \u22659%, riebalai \u22650,3%, skaidulos \u22641%, pelenai \u22642%, dr\u0117gm\u0117 \u226489%<\/p>\n<\/li>\n<\/ul>\n<p data-start=\"5325\" data-end=\"5339\"><strong data-start=\"5325\" data-end=\"5337\">Savyb\u0117s:<\/strong><\/p>\n<ul data-start=\"5340\" data-end=\"5508\">\n<li data-section-id=\"1yivb9i\" data-start=\"5340\" data-end=\"5357\">\n<p data-start=\"5342\" data-end=\"5357\">Nat\u016brali m\u0117sa<\/p>\n<\/li>\n<li data-section-id=\"10e6a1s\" data-start=\"5358\" data-end=\"5387\">\n<p data-start=\"5360\" data-end=\"5387\">Ma\u017eai riebal\u0173 ir kalorij\u0173<\/p>\n<\/li>\n<li data-section-id=\"lsn74s\" data-start=\"5388\" data-end=\"5420\">\n<p data-start=\"5390\" data-end=\"5420\">Patinka beveik visoms kat\u0117ms<\/p>\n<\/li>\n<li data-section-id=\"1m6x0li\" data-start=\"5421\" data-end=\"5433\">\n<p data-start=\"5423\" data-end=\"5433\">Be gr\u016bd\u0173<\/p>\n<\/li>\n<li data-section-id=\"1q16ef3\" data-start=\"5434\" data-end=\"5452\">\n<p data-start=\"5436\" data-end=\"5452\">Be konservant\u0173<\/p>\n<\/li>\n<li data-section-id=\"2odglm\" data-start=\"5453\" data-end=\"5463\">\n<p data-start=\"5455\" data-end=\"5463\">Be GMO<\/p>\n<\/li>\n<li data-section-id=\"bua31f\" data-start=\"5464\" data-end=\"5508\">\n<p data-start=\"5466\" data-end=\"5508\">I\u0161 viso 24 konservai, po 80 g kiekvienas<\/p>\n<\/li>\n<\/ul>\n<p data-start=\"5510\" data-end=\"5730\"><strong data-start=\"5510\" data-end=\"5534\">\u0160\u0117rimo instrukcijos:<\/strong><br data-start=\"5534\" data-end=\"5537\" \/>Neatidarytus konservus laikyti kambario temperat\u016broje. Nesaldinti. Likus\u012f maist\u0105 laikyti \u0161aldytuve. Tik kat\u0117ms. Patarimas: jei maistas per \u0161altas, galima pa\u0161ildyti dubenyje su \u0161iltu vandeniu.<\/p>\n","protected":false},"featured_media":53382,"template":"","meta":[],"product_brand":[],"product_cat":[526],"product_tag":[],"class_list":{"0":"post-55192","1":"product","2":"type-product","3":"status-publish","4":"has-post-thumbnail","6":"product_cat-slapias-maistas","8":"first","9":"instock","10":"taxable","11":"shipping-taxable","12":"purchasable","13":"product-type-simple"},"yoast_head":"<!-- This site is optimized with the Yoast SEO plugin v27.4 - https:\/\/yoast.com\/product\/yoast-seo-wordpress\/ -->\n<title>Aatas Cat Creamy Chicken MIX 24 \u00d7 80 g - MiuMjau<\/title>\n<meta name=\"robots\" content=\"index, follow, max-snippet:-1, max-image-preview:large, max-video-preview:-1\" \/>\n<link rel=\"canonical\" href=\"https:\/\/miumjau.ee\/lt\/produktas\/aatas-cat-creamy-chicken-mix-24-x-80-g\/\" \/>\n<meta property=\"og:locale\" content=\"lt_LT\" \/>\n<meta property=\"og:type\" content=\"article\" \/>\n<meta property=\"og:title\" content=\"Aatas Cat Creamy Chicken MIX 24 \u00d7 80 g - MiuMjau\" \/>\n<meta property=\"og:description\" content=\"MIUMJAU POPULIARIAUSIAS 2025Skanus papildomas maistas kat\u0117ms, pagamintas su daug m\u0117sa. Rinkin\u012f sudaro MIX skoniai i\u0161 Creamy serijos, bent 3 skirtingi skoniai. Kat\u0117s m\u0117gsta \u012fvairov\u0119! Visi Creamy konservai pagr\u012fsti vi\u0161tiena, papildyti j\u016bros g\u0117ryb\u0117mis ir pada\u017eu. Jei kat\u0117 m\u0117gsta m\u0117s\u0105 be pada\u017eo, pa\u017ei\u016br\u0117kite Aatas Tantalizing Tuna MIX rinkin\u012f. Galimi skoniai:     Vi\u0161tiena ir surimi: vi\u0161tienos sultinys, vi\u0161tiena, surimi, tir\u0161tikliai (modifikuotas tapiokos krakmolas, ksantano guma)Analitin\u0117 sud\u0117tis: baltymai \u22659%, riebalai \u22650,3%, skaidulos \u22641%, pelenai \u22642%, dr\u0117gm\u0117 \u226489%    Vi\u0161tiena ir tunas: vi\u0161tienos sultinys, vi\u0161tiena, tunas, tir\u0161tikliaiAnalitin\u0117 sud\u0117tis: baltymai \u22659%, riebalai \u22650,3%, skaidulos \u22641%, pelenai \u22642%, dr\u0117gm\u0117 \u226489%    Vi\u0161tiena ir sardin\u0117: vi\u0161tienos sultinys, vi\u0161tiena, sardin\u0117, tir\u0161tikliaiAnalitin\u0117 sud\u0117tis: baltymai \u22659%, riebalai \u22650,3%, skaidulos \u22641%, pelenai \u22642%, dr\u0117gm\u0117 \u226489%    Vi\u0161tiena ir balta \u017euvis: vi\u0161tienos sultinys, vi\u0161tiena, balta \u017euvis, tir\u0161tikliaiAnalitin\u0117 sud\u0117tis: baltymai \u22659%, riebalai \u22650,3%, skaidulos \u22641%, pelenai \u22642%, dr\u0117gm\u0117 \u226489%    Vi\u0161tiena ir krabas: vi\u0161tienos sultinys, vi\u0161tiena, krabas, tir\u0161tikliaiAnalitin\u0117 sud\u0117tis: baltymai \u22659%, riebalai \u22650,3%, skaidulos \u22641%, pelenai \u22642%, dr\u0117gm\u0117 \u226489%   Savyb\u0117s:     Nat\u016brali m\u0117sa    Ma\u017eai riebal\u0173 ir kalorij\u0173    Patinka beveik visoms kat\u0117ms    Be gr\u016bd\u0173    Be konservant\u0173    Be GMO    I\u0161 viso 24 konservai, po 80 g kiekvienas   \u0160\u0117rimo instrukcijos:Neatidarytus konservus laikyti kambario temperat\u016broje. Nesaldinti. Likus\u012f maist\u0105 laikyti \u0161aldytuve. Tik kat\u0117ms. Patarimas: jei maistas per \u0161altas, galima pa\u0161ildyti dubenyje su \u0161iltu vandeniu.\" \/>\n<meta property=\"og:url\" content=\"https:\/\/miumjau.ee\/lt\/produktas\/aatas-cat-creamy-chicken-mix-24-x-80-g\/\" \/>\n<meta property=\"og:site_name\" content=\"MiuMjau\" \/>\n<meta property=\"article:publisher\" content=\"https:\/\/www.facebook.com\/miumjaupood\/\" \/>\n<meta property=\"og:image\" content=\"https:\/\/miumjau.ee\/wp-content\/uploads\/2026\/02\/aatas-creamy-mix.png\" \/>\n\t<meta property=\"og:image:width\" content=\"600\" \/>\n\t<meta property=\"og:image:height\" content=\"800\" \/>\n\t<meta property=\"og:image:type\" content=\"image\/png\" \/>\n<meta name=\"twitter:card\" content=\"summary_large_image\" \/>\n<script type=\"application\/ld+json\" class=\"yoast-schema-graph\">{\"@context\":\"https:\\\/\\\/schema.org\",\"@graph\":[{\"@type\":\"WebPage\",\"@id\":\"https:\\\/\\\/miumjau.ee\\\/lt\\\/produktas\\\/aatas-cat-creamy-chicken-mix-24-x-80-g\\\/\",\"url\":\"https:\\\/\\\/miumjau.ee\\\/lt\\\/produktas\\\/aatas-cat-creamy-chicken-mix-24-x-80-g\\\/\",\"name\":\"Aatas Cat Creamy Chicken MIX 24 \u00d7 80 g - MiuMjau\",\"isPartOf\":{\"@id\":\"https:\\\/\\\/miumjau.ee\\\/#website\"},\"primaryImageOfPage\":{\"@id\":\"https:\\\/\\\/miumjau.ee\\\/lt\\\/produktas\\\/aatas-cat-creamy-chicken-mix-24-x-80-g\\\/#primaryimage\"},\"image\":{\"@id\":\"https:\\\/\\\/miumjau.ee\\\/lt\\\/produktas\\\/aatas-cat-creamy-chicken-mix-24-x-80-g\\\/#primaryimage\"},\"thumbnailUrl\":\"https:\\\/\\\/miumjau.ee\\\/wp-content\\\/uploads\\\/2026\\\/02\\\/aatas-creamy-mix.png\",\"datePublished\":\"2026-02-03T09:41:26+00:00\",\"breadcrumb\":{\"@id\":\"https:\\\/\\\/miumjau.ee\\\/lt\\\/produktas\\\/aatas-cat-creamy-chicken-mix-24-x-80-g\\\/#breadcrumb\"},\"inLanguage\":\"lt-LT\",\"potentialAction\":[{\"@type\":\"ReadAction\",\"target\":[\"https:\\\/\\\/miumjau.ee\\\/lt\\\/produktas\\\/aatas-cat-creamy-chicken-mix-24-x-80-g\\\/\"]}]},{\"@type\":\"ImageObject\",\"inLanguage\":\"lt-LT\",\"@id\":\"https:\\\/\\\/miumjau.ee\\\/lt\\\/produktas\\\/aatas-cat-creamy-chicken-mix-24-x-80-g\\\/#primaryimage\",\"url\":\"https:\\\/\\\/miumjau.ee\\\/wp-content\\\/uploads\\\/2026\\\/02\\\/aatas-creamy-mix.png\",\"contentUrl\":\"https:\\\/\\\/miumjau.ee\\\/wp-content\\\/uploads\\\/2026\\\/02\\\/aatas-creamy-mix.png\",\"width\":600,\"height\":800,\"caption\":\"Aatas Cat Creamy Chicken MIX 24 x 80g\"},{\"@type\":\"BreadcrumbList\",\"@id\":\"https:\\\/\\\/miumjau.ee\\\/lt\\\/produktas\\\/aatas-cat-creamy-chicken-mix-24-x-80-g\\\/#breadcrumb\",\"itemListElement\":[{\"@type\":\"ListItem\",\"position\":1,\"name\":\"Home\",\"item\":\"https:\\\/\\\/miumjau.ee\\\/lt\\\/\"},{\"@type\":\"ListItem\",\"position\":2,\"name\":\"Parduotuv\u0117\",\"item\":\"https:\\\/\\\/miumjau.ee\\\/lt\\\/parduotuve\\\/\"},{\"@type\":\"ListItem\",\"position\":3,\"name\":\"Aatas Cat Creamy Chicken MIX 24 \u00d7 80 g\"}]},{\"@type\":\"WebSite\",\"@id\":\"https:\\\/\\\/miumjau.ee\\\/#website\",\"url\":\"https:\\\/\\\/miumjau.ee\\\/\",\"name\":\"MiuMjau\",\"description\":\"Kraapimispuud kassidele\",\"publisher\":{\"@id\":\"https:\\\/\\\/miumjau.ee\\\/#organization\"},\"potentialAction\":[{\"@type\":\"SearchAction\",\"target\":{\"@type\":\"EntryPoint\",\"urlTemplate\":\"https:\\\/\\\/miumjau.ee\\\/?s={search_term_string}\"},\"query-input\":{\"@type\":\"PropertyValueSpecification\",\"valueRequired\":true,\"valueName\":\"search_term_string\"}}],\"inLanguage\":\"lt-LT\"},{\"@type\":\"Organization\",\"@id\":\"https:\\\/\\\/miumjau.ee\\\/#organization\",\"name\":\"MiuMjau O\u00dc\",\"url\":\"https:\\\/\\\/miumjau.ee\\\/\",\"logo\":{\"@type\":\"ImageObject\",\"inLanguage\":\"lt-LT\",\"@id\":\"https:\\\/\\\/miumjau.ee\\\/#\\\/schema\\\/logo\\\/image\\\/\",\"url\":\"https:\\\/\\\/miumjau.ee\\\/wp-content\\\/uploads\\\/2022\\\/04\\\/MiuMjau-logo-kollane.png\",\"contentUrl\":\"https:\\\/\\\/miumjau.ee\\\/wp-content\\\/uploads\\\/2022\\\/04\\\/MiuMjau-logo-kollane.png\",\"width\":219,\"height\":100,\"caption\":\"MiuMjau O\u00dc\"},\"image\":{\"@id\":\"https:\\\/\\\/miumjau.ee\\\/#\\\/schema\\\/logo\\\/image\\\/\"},\"sameAs\":[\"https:\\\/\\\/www.facebook.com\\\/miumjaupood\\\/\"]}]}<\/script>\n<!-- \/ Yoast SEO plugin. -->","yoast_head_json":{"title":"Aatas Cat Creamy Chicken MIX 24 \u00d7 80 g - MiuMjau","robots":{"index":"index","follow":"follow","max-snippet":"max-snippet:-1","max-image-preview":"max-image-preview:large","max-video-preview":"max-video-preview:-1"},"canonical":"https:\/\/miumjau.ee\/lt\/produktas\/aatas-cat-creamy-chicken-mix-24-x-80-g\/","og_locale":"lt_LT","og_type":"article","og_title":"Aatas Cat Creamy Chicken MIX 24 \u00d7 80 g - MiuMjau","og_description":"MIUMJAU POPULIARIAUSIAS 2025Skanus papildomas maistas kat\u0117ms, pagamintas su daug m\u0117sa. Rinkin\u012f sudaro MIX skoniai i\u0161 Creamy serijos, bent 3 skirtingi skoniai. Kat\u0117s m\u0117gsta \u012fvairov\u0119! Visi Creamy konservai pagr\u012fsti vi\u0161tiena, papildyti j\u016bros g\u0117ryb\u0117mis ir pada\u017eu. Jei kat\u0117 m\u0117gsta m\u0117s\u0105 be pada\u017eo, pa\u017ei\u016br\u0117kite Aatas Tantalizing Tuna MIX rinkin\u012f. Galimi skoniai:     Vi\u0161tiena ir surimi: vi\u0161tienos sultinys, vi\u0161tiena, surimi, tir\u0161tikliai (modifikuotas tapiokos krakmolas, ksantano guma)Analitin\u0117 sud\u0117tis: baltymai \u22659%, riebalai \u22650,3%, skaidulos \u22641%, pelenai \u22642%, dr\u0117gm\u0117 \u226489%    Vi\u0161tiena ir tunas: vi\u0161tienos sultinys, vi\u0161tiena, tunas, tir\u0161tikliaiAnalitin\u0117 sud\u0117tis: baltymai \u22659%, riebalai \u22650,3%, skaidulos \u22641%, pelenai \u22642%, dr\u0117gm\u0117 \u226489%    Vi\u0161tiena ir sardin\u0117: vi\u0161tienos sultinys, vi\u0161tiena, sardin\u0117, tir\u0161tikliaiAnalitin\u0117 sud\u0117tis: baltymai \u22659%, riebalai \u22650,3%, skaidulos \u22641%, pelenai \u22642%, dr\u0117gm\u0117 \u226489%    Vi\u0161tiena ir balta \u017euvis: vi\u0161tienos sultinys, vi\u0161tiena, balta \u017euvis, tir\u0161tikliaiAnalitin\u0117 sud\u0117tis: baltymai \u22659%, riebalai \u22650,3%, skaidulos \u22641%, pelenai \u22642%, dr\u0117gm\u0117 \u226489%    Vi\u0161tiena ir krabas: vi\u0161tienos sultinys, vi\u0161tiena, krabas, tir\u0161tikliaiAnalitin\u0117 sud\u0117tis: baltymai \u22659%, riebalai \u22650,3%, skaidulos \u22641%, pelenai \u22642%, dr\u0117gm\u0117 \u226489%   Savyb\u0117s:     Nat\u016brali m\u0117sa    Ma\u017eai riebal\u0173 ir kalorij\u0173    Patinka beveik visoms kat\u0117ms    Be gr\u016bd\u0173    Be konservant\u0173    Be GMO    I\u0161 viso 24 konservai, po 80 g kiekvienas   \u0160\u0117rimo instrukcijos:Neatidarytus konservus laikyti kambario temperat\u016broje. Nesaldinti. Likus\u012f maist\u0105 laikyti \u0161aldytuve. Tik kat\u0117ms. Patarimas: jei maistas per \u0161altas, galima pa\u0161ildyti dubenyje su \u0161iltu vandeniu.","og_url":"https:\/\/miumjau.ee\/lt\/produktas\/aatas-cat-creamy-chicken-mix-24-x-80-g\/","og_site_name":"MiuMjau","article_publisher":"https:\/\/www.facebook.com\/miumjaupood\/","og_image":[{"width":600,"height":800,"url":"https:\/\/miumjau.ee\/wp-content\/uploads\/2026\/02\/aatas-creamy-mix.png","type":"image\/png"}],"twitter_card":"summary_large_image","schema":{"@context":"https:\/\/schema.org","@graph":[{"@type":"WebPage","@id":"https:\/\/miumjau.ee\/lt\/produktas\/aatas-cat-creamy-chicken-mix-24-x-80-g\/","url":"https:\/\/miumjau.ee\/lt\/produktas\/aatas-cat-creamy-chicken-mix-24-x-80-g\/","name":"Aatas Cat Creamy Chicken MIX 24 \u00d7 80 g - MiuMjau","isPartOf":{"@id":"https:\/\/miumjau.ee\/#website"},"primaryImageOfPage":{"@id":"https:\/\/miumjau.ee\/lt\/produktas\/aatas-cat-creamy-chicken-mix-24-x-80-g\/#primaryimage"},"image":{"@id":"https:\/\/miumjau.ee\/lt\/produktas\/aatas-cat-creamy-chicken-mix-24-x-80-g\/#primaryimage"},"thumbnailUrl":"https:\/\/miumjau.ee\/wp-content\/uploads\/2026\/02\/aatas-creamy-mix.png","datePublished":"2026-02-03T09:41:26+00:00","breadcrumb":{"@id":"https:\/\/miumjau.ee\/lt\/produktas\/aatas-cat-creamy-chicken-mix-24-x-80-g\/#breadcrumb"},"inLanguage":"lt-LT","potentialAction":[{"@type":"ReadAction","target":["https:\/\/miumjau.ee\/lt\/produktas\/aatas-cat-creamy-chicken-mix-24-x-80-g\/"]}]},{"@type":"ImageObject","inLanguage":"lt-LT","@id":"https:\/\/miumjau.ee\/lt\/produktas\/aatas-cat-creamy-chicken-mix-24-x-80-g\/#primaryimage","url":"https:\/\/miumjau.ee\/wp-content\/uploads\/2026\/02\/aatas-creamy-mix.png","contentUrl":"https:\/\/miumjau.ee\/wp-content\/uploads\/2026\/02\/aatas-creamy-mix.png","width":600,"height":800,"caption":"Aatas Cat Creamy Chicken MIX 24 x 80g"},{"@type":"BreadcrumbList","@id":"https:\/\/miumjau.ee\/lt\/produktas\/aatas-cat-creamy-chicken-mix-24-x-80-g\/#breadcrumb","itemListElement":[{"@type":"ListItem","position":1,"name":"Home","item":"https:\/\/miumjau.ee\/lt\/"},{"@type":"ListItem","position":2,"name":"Parduotuv\u0117","item":"https:\/\/miumjau.ee\/lt\/parduotuve\/"},{"@type":"ListItem","position":3,"name":"Aatas Cat Creamy Chicken MIX 24 \u00d7 80 g"}]},{"@type":"WebSite","@id":"https:\/\/miumjau.ee\/#website","url":"https:\/\/miumjau.ee\/","name":"MiuMjau","description":"Kraapimispuud kassidele","publisher":{"@id":"https:\/\/miumjau.ee\/#organization"},"potentialAction":[{"@type":"SearchAction","target":{"@type":"EntryPoint","urlTemplate":"https:\/\/miumjau.ee\/?s={search_term_string}"},"query-input":{"@type":"PropertyValueSpecification","valueRequired":true,"valueName":"search_term_string"}}],"inLanguage":"lt-LT"},{"@type":"Organization","@id":"https:\/\/miumjau.ee\/#organization","name":"MiuMjau O\u00dc","url":"https:\/\/miumjau.ee\/","logo":{"@type":"ImageObject","inLanguage":"lt-LT","@id":"https:\/\/miumjau.ee\/#\/schema\/logo\/image\/","url":"https:\/\/miumjau.ee\/wp-content\/uploads\/2022\/04\/MiuMjau-logo-kollane.png","contentUrl":"https:\/\/miumjau.ee\/wp-content\/uploads\/2022\/04\/MiuMjau-logo-kollane.png","width":219,"height":100,"caption":"MiuMjau O\u00dc"},"image":{"@id":"https:\/\/miumjau.ee\/#\/schema\/logo\/image\/"},"sameAs":["https:\/\/www.facebook.com\/miumjaupood\/"]}]}},"_links":{"self":[{"href":"https:\/\/miumjau.ee\/lt\/wp-json\/wp\/v2\/product\/55192","targetHints":{"allow":["GET"]}}],"collection":[{"href":"https:\/\/miumjau.ee\/lt\/wp-json\/wp\/v2\/product"}],"about":[{"href":"https:\/\/miumjau.ee\/lt\/wp-json\/wp\/v2\/types\/product"}],"wp:featuredmedia":[{"embeddable":true,"href":"https:\/\/miumjau.ee\/lt\/wp-json\/wp\/v2\/media\/53382"}],"wp:attachment":[{"href":"https:\/\/miumjau.ee\/lt\/wp-json\/wp\/v2\/media?parent=55192"}],"wp:term":[{"taxonomy":"product_brand","embeddable":true,"href":"https:\/\/miumjau.ee\/lt\/wp-json\/wp\/v2\/product_brand?post=55192"},{"taxonomy":"product_cat","embeddable":true,"href":"https:\/\/miumjau.ee\/lt\/wp-json\/wp\/v2\/product_cat?post=55192"},{"taxonomy":"product_tag","embeddable":true,"href":"https:\/\/miumjau.ee\/lt\/wp-json\/wp\/v2\/product_tag?post=55192"}],"curies":[{"name":"wp","href":"https:\/\/api.w.org\/{rel}","templated":true}]}}