{"id":55187,"date":"2026-02-03T12:13:40","date_gmt":"2026-02-03T10:13:40","guid":{"rendered":"https:\/\/miumjau.ee\/toode\/nutrolin-gut-flora-maistine-pasta-katems-ir-sunims-200-g\/"},"modified":"2026-02-03T12:13:40","modified_gmt":"2026-02-03T10:13:40","slug":"nutrolin-gut-flora-maistine-pasta-katems-ir-sunims-200-g","status":"publish","type":"product","link":"https:\/\/miumjau.ee\/lt\/produktas\/nutrolin-gut-flora-maistine-pasta-katems-ir-sunims-200-g\/","title":{"rendered":"Nutrolin Gut &#038; Flora maistin\u0117 pasta kat\u0117ms ir \u0161unims 200 g"},"content":{"rendered":"","protected":false},"excerpt":{"rendered":"<p data-start=\"2630\" data-end=\"2919\">Nutrolin Gut &amp; Flora \u2013 kasdienis papildas kat\u0117ms ir \u0161unims. Sud\u0117tyje yra Omega-3 riebal\u0173 r\u016bg\u0161\u010di\u0173, kurios saugo \u017earnyno sienel\u0119, o probiotikai ir prebiotikai palaiko mikroflor\u0105. Dvigubas poveikis maksimaliam efektui. Stabilizuota formul\u0117, be vandens. Skanus ir lengvai naudojamas oleogelis.<\/p>\n<p data-start=\"2921\" data-end=\"3053\"><strong data-start=\"2921\" data-end=\"2950\">Paros doz\u0117 20 kg gyv\u016bnui:<\/strong><br data-start=\"2950\" data-end=\"2953\" \/>1000 mg Omega-3 EPA ir DHA,<br data-start=\"2980\" data-end=\"2983\" \/>1 mlrd. gyv\u0173 bakterij\u0173 (<em data-start=\"3007\" data-end=\"3029\">Enterococcus faecium<\/em>),<br data-start=\"3031\" data-end=\"3034\" \/>50 mg vitamino E.<\/p>\n<p data-start=\"3055\" data-end=\"3283\"><strong data-start=\"3055\" data-end=\"3067\">Sud\u0117tis:<\/strong> \u017euv\u0173 taukai*, miel\u0117s, inulinas, krilis (<em data-start=\"3108\" data-end=\"3127\">Euphausia superba<\/em>), Omega-3, MOS, beta-gliukanas, chitinas, FOS, fosfolipidai. Priedai: <em data-start=\"3198\" data-end=\"3220\">Enterococcus faecium<\/em> DSM 10663\/NCIMB 10415, vitaminas E, tokoferolis, rozmarinas.<\/p>\n<p data-start=\"3285\" data-end=\"3368\"><strong data-start=\"3285\" data-end=\"3307\">Analitin\u0117 sud\u0117tis:<\/strong> riebalai 75,7%, baltymai 7,1%, skaidulos 8,1%, pelenai 5%.<\/p>\n<p data-start=\"3370\" data-end=\"3456\"><strong data-start=\"3370\" data-end=\"3392\">Vienoje porcijoje:<\/strong> Omega-3 \u2013 1000 mg, bakterijos \u2013 10\u2079 CFU, vitaminas E \u2013 50 mg.<\/p>\n","protected":false},"featured_media":53388,"template":"","meta":[],"product_brand":[],"product_cat":[871,879],"product_tag":[],"class_list":{"0":"post-55187","1":"product","2":"type-product","3":"status-publish","4":"has-post-thumbnail","6":"product_cat-maisto-papildai-sunims","7":"product_cat-vitaminai-ir-papildai-katems","9":"first","10":"instock","11":"sale","12":"taxable","13":"shipping-taxable","14":"purchasable","15":"product-type-simple"},"yoast_head":"<!-- This site is optimized with the Yoast SEO plugin v27.4 - https:\/\/yoast.com\/product\/yoast-seo-wordpress\/ -->\n<title>Nutrolin Gut &amp; Flora maistin\u0117 pasta kat\u0117ms ir \u0161unims 200 g - MiuMjau<\/title>\n<meta name=\"robots\" content=\"index, follow, max-snippet:-1, max-image-preview:large, max-video-preview:-1\" \/>\n<link rel=\"canonical\" href=\"https:\/\/miumjau.ee\/lt\/produktas\/nutrolin-gut-flora-maistine-pasta-katems-ir-sunims-200-g\/\" \/>\n<meta property=\"og:locale\" content=\"lt_LT\" \/>\n<meta property=\"og:type\" content=\"article\" \/>\n<meta property=\"og:title\" content=\"Nutrolin Gut &amp; Flora maistin\u0117 pasta kat\u0117ms ir \u0161unims 200 g - MiuMjau\" \/>\n<meta property=\"og:description\" content=\"Nutrolin Gut &amp; Flora \u2013 kasdienis papildas kat\u0117ms ir \u0161unims. Sud\u0117tyje yra Omega-3 riebal\u0173 r\u016bg\u0161\u010di\u0173, kurios saugo \u017earnyno sienel\u0119, o probiotikai ir prebiotikai palaiko mikroflor\u0105. Dvigubas poveikis maksimaliam efektui. Stabilizuota formul\u0117, be vandens. Skanus ir lengvai naudojamas oleogelis. Paros doz\u0117 20 kg gyv\u016bnui:1000 mg Omega-3 EPA ir DHA,1 mlrd. gyv\u0173 bakterij\u0173 (Enterococcus faecium),50 mg vitamino E. Sud\u0117tis: \u017euv\u0173 taukai*, miel\u0117s, inulinas, krilis (Euphausia superba), Omega-3, MOS, beta-gliukanas, chitinas, FOS, fosfolipidai. Priedai: Enterococcus faecium DSM 10663\/NCIMB 10415, vitaminas E, tokoferolis, rozmarinas. Analitin\u0117 sud\u0117tis: riebalai 75,7%, baltymai 7,1%, skaidulos 8,1%, pelenai 5%. Vienoje porcijoje: Omega-3 \u2013 1000 mg, bakterijos \u2013 10\u2079 CFU, vitaminas E \u2013 50 mg.\" \/>\n<meta property=\"og:url\" content=\"https:\/\/miumjau.ee\/lt\/produktas\/nutrolin-gut-flora-maistine-pasta-katems-ir-sunims-200-g\/\" \/>\n<meta property=\"og:site_name\" content=\"MiuMjau\" \/>\n<meta property=\"article:publisher\" content=\"https:\/\/www.facebook.com\/miumjaupood\/\" \/>\n<meta property=\"og:image\" content=\"https:\/\/miumjau.ee\/wp-content\/uploads\/2026\/02\/Nutrolin\u00aeGUTFLORApastewhitebg.jpg\" \/>\n\t<meta property=\"og:image:width\" content=\"600\" \/>\n\t<meta property=\"og:image:height\" content=\"800\" \/>\n\t<meta property=\"og:image:type\" content=\"image\/jpeg\" \/>\n<meta name=\"twitter:card\" content=\"summary_large_image\" \/>\n<script type=\"application\/ld+json\" class=\"yoast-schema-graph\">{\"@context\":\"https:\\\/\\\/schema.org\",\"@graph\":[{\"@type\":\"WebPage\",\"@id\":\"https:\\\/\\\/miumjau.ee\\\/lt\\\/produktas\\\/nutrolin-gut-flora-maistine-pasta-katems-ir-sunims-200-g\\\/\",\"url\":\"https:\\\/\\\/miumjau.ee\\\/lt\\\/produktas\\\/nutrolin-gut-flora-maistine-pasta-katems-ir-sunims-200-g\\\/\",\"name\":\"Nutrolin Gut & Flora maistin\u0117 pasta kat\u0117ms ir \u0161unims 200 g - MiuMjau\",\"isPartOf\":{\"@id\":\"https:\\\/\\\/miumjau.ee\\\/#website\"},\"primaryImageOfPage\":{\"@id\":\"https:\\\/\\\/miumjau.ee\\\/lt\\\/produktas\\\/nutrolin-gut-flora-maistine-pasta-katems-ir-sunims-200-g\\\/#primaryimage\"},\"image\":{\"@id\":\"https:\\\/\\\/miumjau.ee\\\/lt\\\/produktas\\\/nutrolin-gut-flora-maistine-pasta-katems-ir-sunims-200-g\\\/#primaryimage\"},\"thumbnailUrl\":\"https:\\\/\\\/miumjau.ee\\\/wp-content\\\/uploads\\\/2026\\\/02\\\/Nutrolin\u00aeGUTFLORApastewhitebg.jpg\",\"datePublished\":\"2026-02-03T10:13:40+00:00\",\"breadcrumb\":{\"@id\":\"https:\\\/\\\/miumjau.ee\\\/lt\\\/produktas\\\/nutrolin-gut-flora-maistine-pasta-katems-ir-sunims-200-g\\\/#breadcrumb\"},\"inLanguage\":\"lt-LT\",\"potentialAction\":[{\"@type\":\"ReadAction\",\"target\":[\"https:\\\/\\\/miumjau.ee\\\/lt\\\/produktas\\\/nutrolin-gut-flora-maistine-pasta-katems-ir-sunims-200-g\\\/\"]}]},{\"@type\":\"ImageObject\",\"inLanguage\":\"lt-LT\",\"@id\":\"https:\\\/\\\/miumjau.ee\\\/lt\\\/produktas\\\/nutrolin-gut-flora-maistine-pasta-katems-ir-sunims-200-g\\\/#primaryimage\",\"url\":\"https:\\\/\\\/miumjau.ee\\\/wp-content\\\/uploads\\\/2026\\\/02\\\/Nutrolin\u00aeGUTFLORApastewhitebg.jpg\",\"contentUrl\":\"https:\\\/\\\/miumjau.ee\\\/wp-content\\\/uploads\\\/2026\\\/02\\\/Nutrolin\u00aeGUTFLORApastewhitebg.jpg\",\"width\":600,\"height\":800,\"caption\":\"Nutrolin Gut&Flora toitainetepasta kassidele ja koertele 200g\"},{\"@type\":\"BreadcrumbList\",\"@id\":\"https:\\\/\\\/miumjau.ee\\\/lt\\\/produktas\\\/nutrolin-gut-flora-maistine-pasta-katems-ir-sunims-200-g\\\/#breadcrumb\",\"itemListElement\":[{\"@type\":\"ListItem\",\"position\":1,\"name\":\"Home\",\"item\":\"https:\\\/\\\/miumjau.ee\\\/lt\\\/\"},{\"@type\":\"ListItem\",\"position\":2,\"name\":\"Parduotuv\u0117\",\"item\":\"https:\\\/\\\/miumjau.ee\\\/lt\\\/parduotuve\\\/\"},{\"@type\":\"ListItem\",\"position\":3,\"name\":\"Nutrolin Gut &#038; Flora maistin\u0117 pasta kat\u0117ms ir \u0161unims 200 g\"}]},{\"@type\":\"WebSite\",\"@id\":\"https:\\\/\\\/miumjau.ee\\\/#website\",\"url\":\"https:\\\/\\\/miumjau.ee\\\/\",\"name\":\"MiuMjau\",\"description\":\"Kraapimispuud kassidele\",\"publisher\":{\"@id\":\"https:\\\/\\\/miumjau.ee\\\/#organization\"},\"potentialAction\":[{\"@type\":\"SearchAction\",\"target\":{\"@type\":\"EntryPoint\",\"urlTemplate\":\"https:\\\/\\\/miumjau.ee\\\/?s={search_term_string}\"},\"query-input\":{\"@type\":\"PropertyValueSpecification\",\"valueRequired\":true,\"valueName\":\"search_term_string\"}}],\"inLanguage\":\"lt-LT\"},{\"@type\":\"Organization\",\"@id\":\"https:\\\/\\\/miumjau.ee\\\/#organization\",\"name\":\"MiuMjau O\u00dc\",\"url\":\"https:\\\/\\\/miumjau.ee\\\/\",\"logo\":{\"@type\":\"ImageObject\",\"inLanguage\":\"lt-LT\",\"@id\":\"https:\\\/\\\/miumjau.ee\\\/#\\\/schema\\\/logo\\\/image\\\/\",\"url\":\"https:\\\/\\\/miumjau.ee\\\/wp-content\\\/uploads\\\/2022\\\/04\\\/MiuMjau-logo-kollane.png\",\"contentUrl\":\"https:\\\/\\\/miumjau.ee\\\/wp-content\\\/uploads\\\/2022\\\/04\\\/MiuMjau-logo-kollane.png\",\"width\":219,\"height\":100,\"caption\":\"MiuMjau O\u00dc\"},\"image\":{\"@id\":\"https:\\\/\\\/miumjau.ee\\\/#\\\/schema\\\/logo\\\/image\\\/\"},\"sameAs\":[\"https:\\\/\\\/www.facebook.com\\\/miumjaupood\\\/\"]}]}<\/script>\n<!-- \/ Yoast SEO plugin. -->","yoast_head_json":{"title":"Nutrolin Gut & Flora maistin\u0117 pasta kat\u0117ms ir \u0161unims 200 g - MiuMjau","robots":{"index":"index","follow":"follow","max-snippet":"max-snippet:-1","max-image-preview":"max-image-preview:large","max-video-preview":"max-video-preview:-1"},"canonical":"https:\/\/miumjau.ee\/lt\/produktas\/nutrolin-gut-flora-maistine-pasta-katems-ir-sunims-200-g\/","og_locale":"lt_LT","og_type":"article","og_title":"Nutrolin Gut & Flora maistin\u0117 pasta kat\u0117ms ir \u0161unims 200 g - MiuMjau","og_description":"Nutrolin Gut &amp; Flora \u2013 kasdienis papildas kat\u0117ms ir \u0161unims. Sud\u0117tyje yra Omega-3 riebal\u0173 r\u016bg\u0161\u010di\u0173, kurios saugo \u017earnyno sienel\u0119, o probiotikai ir prebiotikai palaiko mikroflor\u0105. Dvigubas poveikis maksimaliam efektui. Stabilizuota formul\u0117, be vandens. Skanus ir lengvai naudojamas oleogelis. Paros doz\u0117 20 kg gyv\u016bnui:1000 mg Omega-3 EPA ir DHA,1 mlrd. gyv\u0173 bakterij\u0173 (Enterococcus faecium),50 mg vitamino E. Sud\u0117tis: \u017euv\u0173 taukai*, miel\u0117s, inulinas, krilis (Euphausia superba), Omega-3, MOS, beta-gliukanas, chitinas, FOS, fosfolipidai. Priedai: Enterococcus faecium DSM 10663\/NCIMB 10415, vitaminas E, tokoferolis, rozmarinas. Analitin\u0117 sud\u0117tis: riebalai 75,7%, baltymai 7,1%, skaidulos 8,1%, pelenai 5%. Vienoje porcijoje: Omega-3 \u2013 1000 mg, bakterijos \u2013 10\u2079 CFU, vitaminas E \u2013 50 mg.","og_url":"https:\/\/miumjau.ee\/lt\/produktas\/nutrolin-gut-flora-maistine-pasta-katems-ir-sunims-200-g\/","og_site_name":"MiuMjau","article_publisher":"https:\/\/www.facebook.com\/miumjaupood\/","og_image":[{"width":600,"height":800,"url":"https:\/\/miumjau.ee\/wp-content\/uploads\/2026\/02\/Nutrolin\u00aeGUTFLORApastewhitebg.jpg","type":"image\/jpeg"}],"twitter_card":"summary_large_image","schema":{"@context":"https:\/\/schema.org","@graph":[{"@type":"WebPage","@id":"https:\/\/miumjau.ee\/lt\/produktas\/nutrolin-gut-flora-maistine-pasta-katems-ir-sunims-200-g\/","url":"https:\/\/miumjau.ee\/lt\/produktas\/nutrolin-gut-flora-maistine-pasta-katems-ir-sunims-200-g\/","name":"Nutrolin Gut & Flora maistin\u0117 pasta kat\u0117ms ir \u0161unims 200 g - MiuMjau","isPartOf":{"@id":"https:\/\/miumjau.ee\/#website"},"primaryImageOfPage":{"@id":"https:\/\/miumjau.ee\/lt\/produktas\/nutrolin-gut-flora-maistine-pasta-katems-ir-sunims-200-g\/#primaryimage"},"image":{"@id":"https:\/\/miumjau.ee\/lt\/produktas\/nutrolin-gut-flora-maistine-pasta-katems-ir-sunims-200-g\/#primaryimage"},"thumbnailUrl":"https:\/\/miumjau.ee\/wp-content\/uploads\/2026\/02\/Nutrolin\u00aeGUTFLORApastewhitebg.jpg","datePublished":"2026-02-03T10:13:40+00:00","breadcrumb":{"@id":"https:\/\/miumjau.ee\/lt\/produktas\/nutrolin-gut-flora-maistine-pasta-katems-ir-sunims-200-g\/#breadcrumb"},"inLanguage":"lt-LT","potentialAction":[{"@type":"ReadAction","target":["https:\/\/miumjau.ee\/lt\/produktas\/nutrolin-gut-flora-maistine-pasta-katems-ir-sunims-200-g\/"]}]},{"@type":"ImageObject","inLanguage":"lt-LT","@id":"https:\/\/miumjau.ee\/lt\/produktas\/nutrolin-gut-flora-maistine-pasta-katems-ir-sunims-200-g\/#primaryimage","url":"https:\/\/miumjau.ee\/wp-content\/uploads\/2026\/02\/Nutrolin\u00aeGUTFLORApastewhitebg.jpg","contentUrl":"https:\/\/miumjau.ee\/wp-content\/uploads\/2026\/02\/Nutrolin\u00aeGUTFLORApastewhitebg.jpg","width":600,"height":800,"caption":"Nutrolin Gut&Flora toitainetepasta kassidele ja koertele 200g"},{"@type":"BreadcrumbList","@id":"https:\/\/miumjau.ee\/lt\/produktas\/nutrolin-gut-flora-maistine-pasta-katems-ir-sunims-200-g\/#breadcrumb","itemListElement":[{"@type":"ListItem","position":1,"name":"Home","item":"https:\/\/miumjau.ee\/lt\/"},{"@type":"ListItem","position":2,"name":"Parduotuv\u0117","item":"https:\/\/miumjau.ee\/lt\/parduotuve\/"},{"@type":"ListItem","position":3,"name":"Nutrolin Gut &#038; Flora maistin\u0117 pasta kat\u0117ms ir \u0161unims 200 g"}]},{"@type":"WebSite","@id":"https:\/\/miumjau.ee\/#website","url":"https:\/\/miumjau.ee\/","name":"MiuMjau","description":"Kraapimispuud kassidele","publisher":{"@id":"https:\/\/miumjau.ee\/#organization"},"potentialAction":[{"@type":"SearchAction","target":{"@type":"EntryPoint","urlTemplate":"https:\/\/miumjau.ee\/?s={search_term_string}"},"query-input":{"@type":"PropertyValueSpecification","valueRequired":true,"valueName":"search_term_string"}}],"inLanguage":"lt-LT"},{"@type":"Organization","@id":"https:\/\/miumjau.ee\/#organization","name":"MiuMjau O\u00dc","url":"https:\/\/miumjau.ee\/","logo":{"@type":"ImageObject","inLanguage":"lt-LT","@id":"https:\/\/miumjau.ee\/#\/schema\/logo\/image\/","url":"https:\/\/miumjau.ee\/wp-content\/uploads\/2022\/04\/MiuMjau-logo-kollane.png","contentUrl":"https:\/\/miumjau.ee\/wp-content\/uploads\/2022\/04\/MiuMjau-logo-kollane.png","width":219,"height":100,"caption":"MiuMjau O\u00dc"},"image":{"@id":"https:\/\/miumjau.ee\/#\/schema\/logo\/image\/"},"sameAs":["https:\/\/www.facebook.com\/miumjaupood\/"]}]}},"_links":{"self":[{"href":"https:\/\/miumjau.ee\/lt\/wp-json\/wp\/v2\/product\/55187","targetHints":{"allow":["GET"]}}],"collection":[{"href":"https:\/\/miumjau.ee\/lt\/wp-json\/wp\/v2\/product"}],"about":[{"href":"https:\/\/miumjau.ee\/lt\/wp-json\/wp\/v2\/types\/product"}],"wp:featuredmedia":[{"embeddable":true,"href":"https:\/\/miumjau.ee\/lt\/wp-json\/wp\/v2\/media\/53388"}],"wp:attachment":[{"href":"https:\/\/miumjau.ee\/lt\/wp-json\/wp\/v2\/media?parent=55187"}],"wp:term":[{"taxonomy":"product_brand","embeddable":true,"href":"https:\/\/miumjau.ee\/lt\/wp-json\/wp\/v2\/product_brand?post=55187"},{"taxonomy":"product_cat","embeddable":true,"href":"https:\/\/miumjau.ee\/lt\/wp-json\/wp\/v2\/product_cat?post=55187"},{"taxonomy":"product_tag","embeddable":true,"href":"https:\/\/miumjau.ee\/lt\/wp-json\/wp\/v2\/product_tag?post=55187"}],"curies":[{"name":"wp","href":"https:\/\/api.w.org\/{rel}","templated":true}]}}