{"id":55161,"date":"2026-02-25T10:19:05","date_gmt":"2026-02-25T08:19:05","guid":{"rendered":"https:\/\/miumjau.ee\/toode\/brit-mono-protein-konservai-sunims-su-kalakutiena-6-x-400-g\/"},"modified":"2026-02-25T10:19:05","modified_gmt":"2026-02-25T08:19:05","slug":"brit-mono-protein-konservai-sunims-su-kalakutiena-6-x-400-g","status":"publish","type":"product","link":"https:\/\/miumjau.ee\/lt\/produktas\/brit-mono-protein-konservai-sunims-su-kalakutiena-6-x-400-g\/","title":{"rendered":"Brit Mono Protein konservai \u0161unims su kalakutiena 6 \u00d7 400 g"},"content":{"rendered":"","protected":false},"excerpt":{"rendered":"<p data-start=\"2392\" data-end=\"2596\">100% GRYNAS KALAKUTIENOS BALTYMAS. Brit Mono Protein u\u017etikrina visavert\u0119 ir subalansuot\u0105 mityb\u0105. Formul\u0117 pagr\u012fsta vienu baltym\u0173 \u0161altiniu ir idealiai tinka suma\u017einti maisto alergij\u0173 ir netoleravimo rizik\u0105.<\/p>\n<p data-start=\"2598\" data-end=\"2859\">Puikiai tinka \u0161unims su jautria vir\u0161kinimo sistema, alergijomis ar netoleravimu.<br data-start=\"2678\" data-end=\"2681\" \/>Didelis m\u0117sos kiekis ir kruop\u0161tus apdorojimas u\u017etikrina puik\u0173 skon\u012f ir aromat\u0105.<br data-start=\"2760\" data-end=\"2763\" \/>Puikus papildas sausam pa\u0161arui \u2013 gerina \u0117dim\u0105 ir hidratacij\u0105.<br data-start=\"2824\" data-end=\"2827\" \/>BE GLITIMO \/ BE SOJOS \/ BE GMO<\/p>\n<p data-start=\"2861\" data-end=\"2952\"><strong data-start=\"2861\" data-end=\"2873\">Sud\u0117tis:<\/strong> 74% kalakutiena (m\u0117sa ir organai), 3% \u017eirni\u0173 krakmolas, 1% \u017eirni\u0173 skaidulos.<\/p>\n<p data-start=\"2954\" data-end=\"3120\"><strong data-start=\"2954\" data-end=\"2988\">Analitin\u0117s sudedamosios dalys:<\/strong> \u017eali baltymai 9%, \u017eali riebalai 10%, \u017eali pelenai 2%, dr\u0117gm\u0117 78%, \u017ealia l\u0105steliena 0,5%, kalcis 0,2%, fosforas 0,3%, natris 0,4%.<\/p>\n<p data-start=\"3122\" data-end=\"3433\"><strong data-start=\"3122\" data-end=\"3145\">Maistiniai priedai:<\/strong> vitaminas D3 (3a671) 250 TV, vitaminas E (3a700) 100 mg, cinkas (3b606) 15 mg, gele\u017eis (3b106) 10 mg, manganas (3b504) 3 mg, kalio jodidas (3b204) 0,5 mg, kalio jodidas (3b201) 0,5 mg, biotinas (3a880) 0,2 mg. Technologiniai priedai 1 kg: sald\u017eiavaisio pupmed\u017eio derva (E410) 5 000 mg.<\/p>\n<p data-start=\"3435\" data-end=\"3480\"><strong data-start=\"3435\" data-end=\"3464\">Metabolizuojama energija:<\/strong> 1 260 kcal\/kg<\/p>\n","protected":false},"featured_media":54242,"template":"","meta":[],"product_brand":[],"product_cat":[539],"product_tag":[],"class_list":{"0":"post-55161","1":"product","2":"type-product","3":"status-publish","4":"has-post-thumbnail","6":"product_cat-slapias-maistas-sunims","8":"first","9":"instock","10":"taxable","11":"shipping-taxable","12":"purchasable","13":"product-type-simple"},"yoast_head":"<!-- This site is optimized with the Yoast SEO plugin v27.4 - https:\/\/yoast.com\/product\/yoast-seo-wordpress\/ -->\n<title>Brit Mono Protein konservai \u0161unims su kalakutiena 6 \u00d7 400 g - MiuMjau<\/title>\n<meta name=\"robots\" content=\"index, follow, max-snippet:-1, max-image-preview:large, max-video-preview:-1\" \/>\n<link rel=\"canonical\" href=\"https:\/\/miumjau.ee\/lt\/produktas\/brit-mono-protein-konservai-sunims-su-kalakutiena-6-x-400-g\/\" \/>\n<meta property=\"og:locale\" content=\"lt_LT\" \/>\n<meta property=\"og:type\" content=\"article\" \/>\n<meta property=\"og:title\" content=\"Brit Mono Protein konservai \u0161unims su kalakutiena 6 \u00d7 400 g - MiuMjau\" \/>\n<meta property=\"og:description\" content=\"100% GRYNAS KALAKUTIENOS BALTYMAS. Brit Mono Protein u\u017etikrina visavert\u0119 ir subalansuot\u0105 mityb\u0105. Formul\u0117 pagr\u012fsta vienu baltym\u0173 \u0161altiniu ir idealiai tinka suma\u017einti maisto alergij\u0173 ir netoleravimo rizik\u0105. Puikiai tinka \u0161unims su jautria vir\u0161kinimo sistema, alergijomis ar netoleravimu.Didelis m\u0117sos kiekis ir kruop\u0161tus apdorojimas u\u017etikrina puik\u0173 skon\u012f ir aromat\u0105.Puikus papildas sausam pa\u0161arui \u2013 gerina \u0117dim\u0105 ir hidratacij\u0105.BE GLITIMO \/ BE SOJOS \/ BE GMO Sud\u0117tis: 74% kalakutiena (m\u0117sa ir organai), 3% \u017eirni\u0173 krakmolas, 1% \u017eirni\u0173 skaidulos. Analitin\u0117s sudedamosios dalys: \u017eali baltymai 9%, \u017eali riebalai 10%, \u017eali pelenai 2%, dr\u0117gm\u0117 78%, \u017ealia l\u0105steliena 0,5%, kalcis 0,2%, fosforas 0,3%, natris 0,4%. Maistiniai priedai: vitaminas D3 (3a671) 250 TV, vitaminas E (3a700) 100 mg, cinkas (3b606) 15 mg, gele\u017eis (3b106) 10 mg, manganas (3b504) 3 mg, kalio jodidas (3b204) 0,5 mg, kalio jodidas (3b201) 0,5 mg, biotinas (3a880) 0,2 mg. Technologiniai priedai 1 kg: sald\u017eiavaisio pupmed\u017eio derva (E410) 5 000 mg. Metabolizuojama energija: 1 260 kcal\/kg\" \/>\n<meta property=\"og:url\" content=\"https:\/\/miumjau.ee\/lt\/produktas\/brit-mono-protein-konservai-sunims-su-kalakutiena-6-x-400-g\/\" \/>\n<meta property=\"og:site_name\" content=\"MiuMjau\" \/>\n<meta property=\"article:publisher\" content=\"https:\/\/www.facebook.com\/miumjaupood\/\" \/>\n<meta property=\"og:image\" content=\"https:\/\/miumjau.ee\/wp-content\/uploads\/2026\/02\/brit-mono-turkey-square-600x800px.jpg\" \/>\n\t<meta property=\"og:image:width\" content=\"600\" \/>\n\t<meta property=\"og:image:height\" content=\"800\" \/>\n\t<meta property=\"og:image:type\" content=\"image\/jpeg\" \/>\n<meta name=\"twitter:card\" content=\"summary_large_image\" \/>\n<script type=\"application\/ld+json\" class=\"yoast-schema-graph\">{\"@context\":\"https:\\\/\\\/schema.org\",\"@graph\":[{\"@type\":\"WebPage\",\"@id\":\"https:\\\/\\\/miumjau.ee\\\/lt\\\/produktas\\\/brit-mono-protein-konservai-sunims-su-kalakutiena-6-x-400-g\\\/\",\"url\":\"https:\\\/\\\/miumjau.ee\\\/lt\\\/produktas\\\/brit-mono-protein-konservai-sunims-su-kalakutiena-6-x-400-g\\\/\",\"name\":\"Brit Mono Protein konservai \u0161unims su kalakutiena 6 \u00d7 400 g - MiuMjau\",\"isPartOf\":{\"@id\":\"https:\\\/\\\/miumjau.ee\\\/#website\"},\"primaryImageOfPage\":{\"@id\":\"https:\\\/\\\/miumjau.ee\\\/lt\\\/produktas\\\/brit-mono-protein-konservai-sunims-su-kalakutiena-6-x-400-g\\\/#primaryimage\"},\"image\":{\"@id\":\"https:\\\/\\\/miumjau.ee\\\/lt\\\/produktas\\\/brit-mono-protein-konservai-sunims-su-kalakutiena-6-x-400-g\\\/#primaryimage\"},\"thumbnailUrl\":\"https:\\\/\\\/miumjau.ee\\\/wp-content\\\/uploads\\\/2026\\\/02\\\/brit-mono-turkey-square-600x800px.jpg\",\"datePublished\":\"2026-02-25T08:19:05+00:00\",\"breadcrumb\":{\"@id\":\"https:\\\/\\\/miumjau.ee\\\/lt\\\/produktas\\\/brit-mono-protein-konservai-sunims-su-kalakutiena-6-x-400-g\\\/#breadcrumb\"},\"inLanguage\":\"lt-LT\",\"potentialAction\":[{\"@type\":\"ReadAction\",\"target\":[\"https:\\\/\\\/miumjau.ee\\\/lt\\\/produktas\\\/brit-mono-protein-konservai-sunims-su-kalakutiena-6-x-400-g\\\/\"]}]},{\"@type\":\"ImageObject\",\"inLanguage\":\"lt-LT\",\"@id\":\"https:\\\/\\\/miumjau.ee\\\/lt\\\/produktas\\\/brit-mono-protein-konservai-sunims-su-kalakutiena-6-x-400-g\\\/#primaryimage\",\"url\":\"https:\\\/\\\/miumjau.ee\\\/wp-content\\\/uploads\\\/2026\\\/02\\\/brit-mono-turkey-square-600x800px.jpg\",\"contentUrl\":\"https:\\\/\\\/miumjau.ee\\\/wp-content\\\/uploads\\\/2026\\\/02\\\/brit-mono-turkey-square-600x800px.jpg\",\"width\":600,\"height\":800},{\"@type\":\"BreadcrumbList\",\"@id\":\"https:\\\/\\\/miumjau.ee\\\/lt\\\/produktas\\\/brit-mono-protein-konservai-sunims-su-kalakutiena-6-x-400-g\\\/#breadcrumb\",\"itemListElement\":[{\"@type\":\"ListItem\",\"position\":1,\"name\":\"Home\",\"item\":\"https:\\\/\\\/miumjau.ee\\\/lt\\\/\"},{\"@type\":\"ListItem\",\"position\":2,\"name\":\"Parduotuv\u0117\",\"item\":\"https:\\\/\\\/miumjau.ee\\\/lt\\\/parduotuve\\\/\"},{\"@type\":\"ListItem\",\"position\":3,\"name\":\"Brit Mono Protein konservai \u0161unims su kalakutiena 6 \u00d7 400 g\"}]},{\"@type\":\"WebSite\",\"@id\":\"https:\\\/\\\/miumjau.ee\\\/#website\",\"url\":\"https:\\\/\\\/miumjau.ee\\\/\",\"name\":\"MiuMjau\",\"description\":\"Kraapimispuud kassidele\",\"publisher\":{\"@id\":\"https:\\\/\\\/miumjau.ee\\\/#organization\"},\"potentialAction\":[{\"@type\":\"SearchAction\",\"target\":{\"@type\":\"EntryPoint\",\"urlTemplate\":\"https:\\\/\\\/miumjau.ee\\\/?s={search_term_string}\"},\"query-input\":{\"@type\":\"PropertyValueSpecification\",\"valueRequired\":true,\"valueName\":\"search_term_string\"}}],\"inLanguage\":\"lt-LT\"},{\"@type\":\"Organization\",\"@id\":\"https:\\\/\\\/miumjau.ee\\\/#organization\",\"name\":\"MiuMjau O\u00dc\",\"url\":\"https:\\\/\\\/miumjau.ee\\\/\",\"logo\":{\"@type\":\"ImageObject\",\"inLanguage\":\"lt-LT\",\"@id\":\"https:\\\/\\\/miumjau.ee\\\/#\\\/schema\\\/logo\\\/image\\\/\",\"url\":\"https:\\\/\\\/miumjau.ee\\\/wp-content\\\/uploads\\\/2022\\\/04\\\/MiuMjau-logo-kollane.png\",\"contentUrl\":\"https:\\\/\\\/miumjau.ee\\\/wp-content\\\/uploads\\\/2022\\\/04\\\/MiuMjau-logo-kollane.png\",\"width\":219,\"height\":100,\"caption\":\"MiuMjau O\u00dc\"},\"image\":{\"@id\":\"https:\\\/\\\/miumjau.ee\\\/#\\\/schema\\\/logo\\\/image\\\/\"},\"sameAs\":[\"https:\\\/\\\/www.facebook.com\\\/miumjaupood\\\/\"]}]}<\/script>\n<!-- \/ Yoast SEO plugin. -->","yoast_head_json":{"title":"Brit Mono Protein konservai \u0161unims su kalakutiena 6 \u00d7 400 g - MiuMjau","robots":{"index":"index","follow":"follow","max-snippet":"max-snippet:-1","max-image-preview":"max-image-preview:large","max-video-preview":"max-video-preview:-1"},"canonical":"https:\/\/miumjau.ee\/lt\/produktas\/brit-mono-protein-konservai-sunims-su-kalakutiena-6-x-400-g\/","og_locale":"lt_LT","og_type":"article","og_title":"Brit Mono Protein konservai \u0161unims su kalakutiena 6 \u00d7 400 g - MiuMjau","og_description":"100% GRYNAS KALAKUTIENOS BALTYMAS. Brit Mono Protein u\u017etikrina visavert\u0119 ir subalansuot\u0105 mityb\u0105. Formul\u0117 pagr\u012fsta vienu baltym\u0173 \u0161altiniu ir idealiai tinka suma\u017einti maisto alergij\u0173 ir netoleravimo rizik\u0105. Puikiai tinka \u0161unims su jautria vir\u0161kinimo sistema, alergijomis ar netoleravimu.Didelis m\u0117sos kiekis ir kruop\u0161tus apdorojimas u\u017etikrina puik\u0173 skon\u012f ir aromat\u0105.Puikus papildas sausam pa\u0161arui \u2013 gerina \u0117dim\u0105 ir hidratacij\u0105.BE GLITIMO \/ BE SOJOS \/ BE GMO Sud\u0117tis: 74% kalakutiena (m\u0117sa ir organai), 3% \u017eirni\u0173 krakmolas, 1% \u017eirni\u0173 skaidulos. Analitin\u0117s sudedamosios dalys: \u017eali baltymai 9%, \u017eali riebalai 10%, \u017eali pelenai 2%, dr\u0117gm\u0117 78%, \u017ealia l\u0105steliena 0,5%, kalcis 0,2%, fosforas 0,3%, natris 0,4%. Maistiniai priedai: vitaminas D3 (3a671) 250 TV, vitaminas E (3a700) 100 mg, cinkas (3b606) 15 mg, gele\u017eis (3b106) 10 mg, manganas (3b504) 3 mg, kalio jodidas (3b204) 0,5 mg, kalio jodidas (3b201) 0,5 mg, biotinas (3a880) 0,2 mg. Technologiniai priedai 1 kg: sald\u017eiavaisio pupmed\u017eio derva (E410) 5 000 mg. Metabolizuojama energija: 1 260 kcal\/kg","og_url":"https:\/\/miumjau.ee\/lt\/produktas\/brit-mono-protein-konservai-sunims-su-kalakutiena-6-x-400-g\/","og_site_name":"MiuMjau","article_publisher":"https:\/\/www.facebook.com\/miumjaupood\/","og_image":[{"width":600,"height":800,"url":"https:\/\/miumjau.ee\/wp-content\/uploads\/2026\/02\/brit-mono-turkey-square-600x800px.jpg","type":"image\/jpeg"}],"twitter_card":"summary_large_image","schema":{"@context":"https:\/\/schema.org","@graph":[{"@type":"WebPage","@id":"https:\/\/miumjau.ee\/lt\/produktas\/brit-mono-protein-konservai-sunims-su-kalakutiena-6-x-400-g\/","url":"https:\/\/miumjau.ee\/lt\/produktas\/brit-mono-protein-konservai-sunims-su-kalakutiena-6-x-400-g\/","name":"Brit Mono Protein konservai \u0161unims su kalakutiena 6 \u00d7 400 g - MiuMjau","isPartOf":{"@id":"https:\/\/miumjau.ee\/#website"},"primaryImageOfPage":{"@id":"https:\/\/miumjau.ee\/lt\/produktas\/brit-mono-protein-konservai-sunims-su-kalakutiena-6-x-400-g\/#primaryimage"},"image":{"@id":"https:\/\/miumjau.ee\/lt\/produktas\/brit-mono-protein-konservai-sunims-su-kalakutiena-6-x-400-g\/#primaryimage"},"thumbnailUrl":"https:\/\/miumjau.ee\/wp-content\/uploads\/2026\/02\/brit-mono-turkey-square-600x800px.jpg","datePublished":"2026-02-25T08:19:05+00:00","breadcrumb":{"@id":"https:\/\/miumjau.ee\/lt\/produktas\/brit-mono-protein-konservai-sunims-su-kalakutiena-6-x-400-g\/#breadcrumb"},"inLanguage":"lt-LT","potentialAction":[{"@type":"ReadAction","target":["https:\/\/miumjau.ee\/lt\/produktas\/brit-mono-protein-konservai-sunims-su-kalakutiena-6-x-400-g\/"]}]},{"@type":"ImageObject","inLanguage":"lt-LT","@id":"https:\/\/miumjau.ee\/lt\/produktas\/brit-mono-protein-konservai-sunims-su-kalakutiena-6-x-400-g\/#primaryimage","url":"https:\/\/miumjau.ee\/wp-content\/uploads\/2026\/02\/brit-mono-turkey-square-600x800px.jpg","contentUrl":"https:\/\/miumjau.ee\/wp-content\/uploads\/2026\/02\/brit-mono-turkey-square-600x800px.jpg","width":600,"height":800},{"@type":"BreadcrumbList","@id":"https:\/\/miumjau.ee\/lt\/produktas\/brit-mono-protein-konservai-sunims-su-kalakutiena-6-x-400-g\/#breadcrumb","itemListElement":[{"@type":"ListItem","position":1,"name":"Home","item":"https:\/\/miumjau.ee\/lt\/"},{"@type":"ListItem","position":2,"name":"Parduotuv\u0117","item":"https:\/\/miumjau.ee\/lt\/parduotuve\/"},{"@type":"ListItem","position":3,"name":"Brit Mono Protein konservai \u0161unims su kalakutiena 6 \u00d7 400 g"}]},{"@type":"WebSite","@id":"https:\/\/miumjau.ee\/#website","url":"https:\/\/miumjau.ee\/","name":"MiuMjau","description":"Kraapimispuud kassidele","publisher":{"@id":"https:\/\/miumjau.ee\/#organization"},"potentialAction":[{"@type":"SearchAction","target":{"@type":"EntryPoint","urlTemplate":"https:\/\/miumjau.ee\/?s={search_term_string}"},"query-input":{"@type":"PropertyValueSpecification","valueRequired":true,"valueName":"search_term_string"}}],"inLanguage":"lt-LT"},{"@type":"Organization","@id":"https:\/\/miumjau.ee\/#organization","name":"MiuMjau O\u00dc","url":"https:\/\/miumjau.ee\/","logo":{"@type":"ImageObject","inLanguage":"lt-LT","@id":"https:\/\/miumjau.ee\/#\/schema\/logo\/image\/","url":"https:\/\/miumjau.ee\/wp-content\/uploads\/2022\/04\/MiuMjau-logo-kollane.png","contentUrl":"https:\/\/miumjau.ee\/wp-content\/uploads\/2022\/04\/MiuMjau-logo-kollane.png","width":219,"height":100,"caption":"MiuMjau O\u00dc"},"image":{"@id":"https:\/\/miumjau.ee\/#\/schema\/logo\/image\/"},"sameAs":["https:\/\/www.facebook.com\/miumjaupood\/"]}]}},"_links":{"self":[{"href":"https:\/\/miumjau.ee\/lt\/wp-json\/wp\/v2\/product\/55161","targetHints":{"allow":["GET"]}}],"collection":[{"href":"https:\/\/miumjau.ee\/lt\/wp-json\/wp\/v2\/product"}],"about":[{"href":"https:\/\/miumjau.ee\/lt\/wp-json\/wp\/v2\/types\/product"}],"wp:featuredmedia":[{"embeddable":true,"href":"https:\/\/miumjau.ee\/lt\/wp-json\/wp\/v2\/media\/54242"}],"wp:attachment":[{"href":"https:\/\/miumjau.ee\/lt\/wp-json\/wp\/v2\/media?parent=55161"}],"wp:term":[{"taxonomy":"product_brand","embeddable":true,"href":"https:\/\/miumjau.ee\/lt\/wp-json\/wp\/v2\/product_brand?post=55161"},{"taxonomy":"product_cat","embeddable":true,"href":"https:\/\/miumjau.ee\/lt\/wp-json\/wp\/v2\/product_cat?post=55161"},{"taxonomy":"product_tag","embeddable":true,"href":"https:\/\/miumjau.ee\/lt\/wp-json\/wp\/v2\/product_tag?post=55161"}],"curies":[{"name":"wp","href":"https:\/\/api.w.org\/{rel}","templated":true}]}}