{"id":55132,"date":"2026-02-25T10:23:00","date_gmt":"2026-02-25T08:23:00","guid":{"rendered":"https:\/\/miumjau.ee\/toode\/brit-mono-protein-sunu-konservai-su-aviena-6x400g\/"},"modified":"2026-02-25T10:23:00","modified_gmt":"2026-02-25T08:23:00","slug":"brit-mono-protein-sunu-konservai-su-aviena-6x400g","status":"publish","type":"product","link":"https:\/\/miumjau.ee\/lt\/produktas\/brit-mono-protein-sunu-konservai-su-aviena-6x400g\/","title":{"rendered":"Brit Mono Protein \u0161un\u0173 konservai su aviena 6x400g"},"content":{"rendered":"","protected":false},"excerpt":{"rendered":"<p data-start=\"3658\" data-end=\"3853\">100 % GRYNAS AVIENOS BALTYMAS. Brit Mono Protein u\u017etikrina pilnavert\u0119 ir subalansuot\u0105 mityb\u0105. Formul\u0117 pagr\u012fsta vieno tipo baltymu ir yra ideali maisto alergijos ar netoleravimo rizikos ma\u017einimui.<\/p>\n<ul data-start=\"3855\" data-end=\"4147\">\n<li data-section-id=\"lyq8k1\" data-start=\"3855\" data-end=\"3931\">\n<p data-start=\"3857\" data-end=\"3931\">Idealu \u0161unims su jautriu vir\u0161kinimu, maisto alergijomis ar netoleravimu.<\/p>\n<\/li>\n<li data-section-id=\"sk94s2\" data-start=\"3932\" data-end=\"4023\">\n<p data-start=\"3934\" data-end=\"4023\">Auk\u0161tos kokyb\u0117s m\u0117sos kiekis ir kruop\u0161tus apdorojimas u\u017etikrina puik\u0173 skon\u012f ir aromat\u0105.<\/p>\n<\/li>\n<li data-section-id=\"1tg8as3\" data-start=\"4024\" data-end=\"4111\">\n<p data-start=\"4026\" data-end=\"4111\">Puikus papildas sausam pa\u0161arui, padeda pagerinti maisto suvartojim\u0105 ir hidratacij\u0105.<\/p>\n<\/li>\n<li data-section-id=\"1t497t3\" data-start=\"4112\" data-end=\"4147\">\n<p data-start=\"4114\" data-end=\"4147\">BE GLIUTENO \/ BE SOJOS \/ BE GMO<\/p>\n<\/li>\n<\/ul>\n<p data-start=\"4149\" data-end=\"4242\"><strong data-start=\"4149\" data-end=\"4161\">Sud\u0117tis:<\/strong> 74 % aviena (m\u0117sa ir vidaus organai), 3 % \u017eirni\u0173 krakmolas, 1 % \u017eirni\u0173 pluo\u0161tas.<\/p>\n<p data-start=\"4244\" data-end=\"4408\"><strong data-start=\"4244\" data-end=\"4266\">Analitin\u0117 sud\u0117tis:<\/strong> \u017dali baltymai 9 %, \u017eali riebalai 7 %, \u017eali pelenai 2 %, dr\u0117gm\u0117 78 %, \u017eali skaidulos 0,5 %, kalcis 0,2 %, fosforas 0,3 %, natrio kiekis 0,4 %.<\/p>\n<p data-start=\"4410\" data-end=\"4695\"><strong data-start=\"4410\" data-end=\"4441\">Maistin\u0117s med\u017eiagos (1 kg):<\/strong> D3 vitaminas (3a671) 250 TV, E vitaminas (3a700) 100 mg, cinkas (3b606) 15 mg, gele\u017eis (3b106) 10 mg, manganas (3b504) 3 mg, kalio jodidas (3b201) 0,5 mg, biotinas (3a880) 0,2 mg.<br data-start=\"4621\" data-end=\"4624\" \/><strong data-start=\"4624\" data-end=\"4659\">Technologin\u0117s med\u017eiagos (1 kg):<\/strong> Johano vaisi\u0173 guma (E410) 5 000 mg.<\/p>\n<p data-start=\"4697\" data-end=\"4739\"><strong data-start=\"4697\" data-end=\"4726\">Metabolizuojama energija:<\/strong> 1120 kcal\/kg<\/p>\n","protected":false},"featured_media":54224,"template":"","meta":[],"product_brand":[],"product_cat":[539],"product_tag":[],"class_list":{"0":"post-55132","1":"product","2":"type-product","3":"status-publish","4":"has-post-thumbnail","6":"product_cat-slapias-maistas-sunims","8":"first","9":"instock","10":"taxable","11":"shipping-taxable","12":"purchasable","13":"product-type-simple"},"yoast_head":"<!-- This site is optimized with the Yoast SEO plugin v27.4 - https:\/\/yoast.com\/product\/yoast-seo-wordpress\/ -->\n<title>Brit Mono Protein \u0161un\u0173 konservai su aviena 6x400g - MiuMjau<\/title>\n<meta name=\"robots\" content=\"index, follow, max-snippet:-1, max-image-preview:large, max-video-preview:-1\" \/>\n<link rel=\"canonical\" href=\"https:\/\/miumjau.ee\/lt\/produktas\/brit-mono-protein-sunu-konservai-su-aviena-6x400g\/\" \/>\n<meta property=\"og:locale\" content=\"lt_LT\" \/>\n<meta property=\"og:type\" content=\"article\" \/>\n<meta property=\"og:title\" content=\"Brit Mono Protein \u0161un\u0173 konservai su aviena 6x400g - MiuMjau\" \/>\n<meta property=\"og:description\" content=\"100 % GRYNAS AVIENOS BALTYMAS. Brit Mono Protein u\u017etikrina pilnavert\u0119 ir subalansuot\u0105 mityb\u0105. Formul\u0117 pagr\u012fsta vieno tipo baltymu ir yra ideali maisto alergijos ar netoleravimo rizikos ma\u017einimui.     Idealu \u0161unims su jautriu vir\u0161kinimu, maisto alergijomis ar netoleravimu.    Auk\u0161tos kokyb\u0117s m\u0117sos kiekis ir kruop\u0161tus apdorojimas u\u017etikrina puik\u0173 skon\u012f ir aromat\u0105.    Puikus papildas sausam pa\u0161arui, padeda pagerinti maisto suvartojim\u0105 ir hidratacij\u0105.    BE GLIUTENO \/ BE SOJOS \/ BE GMO   Sud\u0117tis: 74 % aviena (m\u0117sa ir vidaus organai), 3 % \u017eirni\u0173 krakmolas, 1 % \u017eirni\u0173 pluo\u0161tas. Analitin\u0117 sud\u0117tis: \u017dali baltymai 9 %, \u017eali riebalai 7 %, \u017eali pelenai 2 %, dr\u0117gm\u0117 78 %, \u017eali skaidulos 0,5 %, kalcis 0,2 %, fosforas 0,3 %, natrio kiekis 0,4 %. Maistin\u0117s med\u017eiagos (1 kg): D3 vitaminas (3a671) 250 TV, E vitaminas (3a700) 100 mg, cinkas (3b606) 15 mg, gele\u017eis (3b106) 10 mg, manganas (3b504) 3 mg, kalio jodidas (3b201) 0,5 mg, biotinas (3a880) 0,2 mg.Technologin\u0117s med\u017eiagos (1 kg): Johano vaisi\u0173 guma (E410) 5 000 mg. Metabolizuojama energija: 1120 kcal\/kg\" \/>\n<meta property=\"og:url\" content=\"https:\/\/miumjau.ee\/lt\/produktas\/brit-mono-protein-sunu-konservai-su-aviena-6x400g\/\" \/>\n<meta property=\"og:site_name\" content=\"MiuMjau\" \/>\n<meta property=\"article:publisher\" content=\"https:\/\/www.facebook.com\/miumjaupood\/\" \/>\n<meta property=\"og:image\" content=\"https:\/\/miumjau.ee\/wp-content\/uploads\/2026\/02\/brit-mono-lamb-600x800px.jpg\" \/>\n\t<meta property=\"og:image:width\" content=\"600\" \/>\n\t<meta property=\"og:image:height\" content=\"800\" \/>\n\t<meta property=\"og:image:type\" content=\"image\/jpeg\" \/>\n<meta name=\"twitter:card\" content=\"summary_large_image\" \/>\n<script type=\"application\/ld+json\" class=\"yoast-schema-graph\">{\"@context\":\"https:\\\/\\\/schema.org\",\"@graph\":[{\"@type\":\"WebPage\",\"@id\":\"https:\\\/\\\/miumjau.ee\\\/lt\\\/produktas\\\/brit-mono-protein-sunu-konservai-su-aviena-6x400g\\\/\",\"url\":\"https:\\\/\\\/miumjau.ee\\\/lt\\\/produktas\\\/brit-mono-protein-sunu-konservai-su-aviena-6x400g\\\/\",\"name\":\"Brit Mono Protein \u0161un\u0173 konservai su aviena 6x400g - MiuMjau\",\"isPartOf\":{\"@id\":\"https:\\\/\\\/miumjau.ee\\\/#website\"},\"primaryImageOfPage\":{\"@id\":\"https:\\\/\\\/miumjau.ee\\\/lt\\\/produktas\\\/brit-mono-protein-sunu-konservai-su-aviena-6x400g\\\/#primaryimage\"},\"image\":{\"@id\":\"https:\\\/\\\/miumjau.ee\\\/lt\\\/produktas\\\/brit-mono-protein-sunu-konservai-su-aviena-6x400g\\\/#primaryimage\"},\"thumbnailUrl\":\"https:\\\/\\\/miumjau.ee\\\/wp-content\\\/uploads\\\/2026\\\/02\\\/brit-mono-lamb-600x800px.jpg\",\"datePublished\":\"2026-02-25T08:23:00+00:00\",\"breadcrumb\":{\"@id\":\"https:\\\/\\\/miumjau.ee\\\/lt\\\/produktas\\\/brit-mono-protein-sunu-konservai-su-aviena-6x400g\\\/#breadcrumb\"},\"inLanguage\":\"lt-LT\",\"potentialAction\":[{\"@type\":\"ReadAction\",\"target\":[\"https:\\\/\\\/miumjau.ee\\\/lt\\\/produktas\\\/brit-mono-protein-sunu-konservai-su-aviena-6x400g\\\/\"]}]},{\"@type\":\"ImageObject\",\"inLanguage\":\"lt-LT\",\"@id\":\"https:\\\/\\\/miumjau.ee\\\/lt\\\/produktas\\\/brit-mono-protein-sunu-konservai-su-aviena-6x400g\\\/#primaryimage\",\"url\":\"https:\\\/\\\/miumjau.ee\\\/wp-content\\\/uploads\\\/2026\\\/02\\\/brit-mono-lamb-600x800px.jpg\",\"contentUrl\":\"https:\\\/\\\/miumjau.ee\\\/wp-content\\\/uploads\\\/2026\\\/02\\\/brit-mono-lamb-600x800px.jpg\",\"width\":600,\"height\":800,\"caption\":\"Brit Mono Protein koera konserv lambalihaga 6x 400g\"},{\"@type\":\"BreadcrumbList\",\"@id\":\"https:\\\/\\\/miumjau.ee\\\/lt\\\/produktas\\\/brit-mono-protein-sunu-konservai-su-aviena-6x400g\\\/#breadcrumb\",\"itemListElement\":[{\"@type\":\"ListItem\",\"position\":1,\"name\":\"Home\",\"item\":\"https:\\\/\\\/miumjau.ee\\\/lt\\\/\"},{\"@type\":\"ListItem\",\"position\":2,\"name\":\"Parduotuv\u0117\",\"item\":\"https:\\\/\\\/miumjau.ee\\\/lt\\\/parduotuve\\\/\"},{\"@type\":\"ListItem\",\"position\":3,\"name\":\"Brit Mono Protein \u0161un\u0173 konservai su aviena 6x400g\"}]},{\"@type\":\"WebSite\",\"@id\":\"https:\\\/\\\/miumjau.ee\\\/#website\",\"url\":\"https:\\\/\\\/miumjau.ee\\\/\",\"name\":\"MiuMjau\",\"description\":\"Kraapimispuud kassidele\",\"publisher\":{\"@id\":\"https:\\\/\\\/miumjau.ee\\\/#organization\"},\"potentialAction\":[{\"@type\":\"SearchAction\",\"target\":{\"@type\":\"EntryPoint\",\"urlTemplate\":\"https:\\\/\\\/miumjau.ee\\\/?s={search_term_string}\"},\"query-input\":{\"@type\":\"PropertyValueSpecification\",\"valueRequired\":true,\"valueName\":\"search_term_string\"}}],\"inLanguage\":\"lt-LT\"},{\"@type\":\"Organization\",\"@id\":\"https:\\\/\\\/miumjau.ee\\\/#organization\",\"name\":\"MiuMjau O\u00dc\",\"url\":\"https:\\\/\\\/miumjau.ee\\\/\",\"logo\":{\"@type\":\"ImageObject\",\"inLanguage\":\"lt-LT\",\"@id\":\"https:\\\/\\\/miumjau.ee\\\/#\\\/schema\\\/logo\\\/image\\\/\",\"url\":\"https:\\\/\\\/miumjau.ee\\\/wp-content\\\/uploads\\\/2022\\\/04\\\/MiuMjau-logo-kollane.png\",\"contentUrl\":\"https:\\\/\\\/miumjau.ee\\\/wp-content\\\/uploads\\\/2022\\\/04\\\/MiuMjau-logo-kollane.png\",\"width\":219,\"height\":100,\"caption\":\"MiuMjau O\u00dc\"},\"image\":{\"@id\":\"https:\\\/\\\/miumjau.ee\\\/#\\\/schema\\\/logo\\\/image\\\/\"},\"sameAs\":[\"https:\\\/\\\/www.facebook.com\\\/miumjaupood\\\/\"]}]}<\/script>\n<!-- \/ Yoast SEO plugin. -->","yoast_head_json":{"title":"Brit Mono Protein \u0161un\u0173 konservai su aviena 6x400g - MiuMjau","robots":{"index":"index","follow":"follow","max-snippet":"max-snippet:-1","max-image-preview":"max-image-preview:large","max-video-preview":"max-video-preview:-1"},"canonical":"https:\/\/miumjau.ee\/lt\/produktas\/brit-mono-protein-sunu-konservai-su-aviena-6x400g\/","og_locale":"lt_LT","og_type":"article","og_title":"Brit Mono Protein \u0161un\u0173 konservai su aviena 6x400g - MiuMjau","og_description":"100 % GRYNAS AVIENOS BALTYMAS. Brit Mono Protein u\u017etikrina pilnavert\u0119 ir subalansuot\u0105 mityb\u0105. Formul\u0117 pagr\u012fsta vieno tipo baltymu ir yra ideali maisto alergijos ar netoleravimo rizikos ma\u017einimui.     Idealu \u0161unims su jautriu vir\u0161kinimu, maisto alergijomis ar netoleravimu.    Auk\u0161tos kokyb\u0117s m\u0117sos kiekis ir kruop\u0161tus apdorojimas u\u017etikrina puik\u0173 skon\u012f ir aromat\u0105.    Puikus papildas sausam pa\u0161arui, padeda pagerinti maisto suvartojim\u0105 ir hidratacij\u0105.    BE GLIUTENO \/ BE SOJOS \/ BE GMO   Sud\u0117tis: 74 % aviena (m\u0117sa ir vidaus organai), 3 % \u017eirni\u0173 krakmolas, 1 % \u017eirni\u0173 pluo\u0161tas. Analitin\u0117 sud\u0117tis: \u017dali baltymai 9 %, \u017eali riebalai 7 %, \u017eali pelenai 2 %, dr\u0117gm\u0117 78 %, \u017eali skaidulos 0,5 %, kalcis 0,2 %, fosforas 0,3 %, natrio kiekis 0,4 %. Maistin\u0117s med\u017eiagos (1 kg): D3 vitaminas (3a671) 250 TV, E vitaminas (3a700) 100 mg, cinkas (3b606) 15 mg, gele\u017eis (3b106) 10 mg, manganas (3b504) 3 mg, kalio jodidas (3b201) 0,5 mg, biotinas (3a880) 0,2 mg.Technologin\u0117s med\u017eiagos (1 kg): Johano vaisi\u0173 guma (E410) 5 000 mg. Metabolizuojama energija: 1120 kcal\/kg","og_url":"https:\/\/miumjau.ee\/lt\/produktas\/brit-mono-protein-sunu-konservai-su-aviena-6x400g\/","og_site_name":"MiuMjau","article_publisher":"https:\/\/www.facebook.com\/miumjaupood\/","og_image":[{"width":600,"height":800,"url":"https:\/\/miumjau.ee\/wp-content\/uploads\/2026\/02\/brit-mono-lamb-600x800px.jpg","type":"image\/jpeg"}],"twitter_card":"summary_large_image","schema":{"@context":"https:\/\/schema.org","@graph":[{"@type":"WebPage","@id":"https:\/\/miumjau.ee\/lt\/produktas\/brit-mono-protein-sunu-konservai-su-aviena-6x400g\/","url":"https:\/\/miumjau.ee\/lt\/produktas\/brit-mono-protein-sunu-konservai-su-aviena-6x400g\/","name":"Brit Mono Protein \u0161un\u0173 konservai su aviena 6x400g - MiuMjau","isPartOf":{"@id":"https:\/\/miumjau.ee\/#website"},"primaryImageOfPage":{"@id":"https:\/\/miumjau.ee\/lt\/produktas\/brit-mono-protein-sunu-konservai-su-aviena-6x400g\/#primaryimage"},"image":{"@id":"https:\/\/miumjau.ee\/lt\/produktas\/brit-mono-protein-sunu-konservai-su-aviena-6x400g\/#primaryimage"},"thumbnailUrl":"https:\/\/miumjau.ee\/wp-content\/uploads\/2026\/02\/brit-mono-lamb-600x800px.jpg","datePublished":"2026-02-25T08:23:00+00:00","breadcrumb":{"@id":"https:\/\/miumjau.ee\/lt\/produktas\/brit-mono-protein-sunu-konservai-su-aviena-6x400g\/#breadcrumb"},"inLanguage":"lt-LT","potentialAction":[{"@type":"ReadAction","target":["https:\/\/miumjau.ee\/lt\/produktas\/brit-mono-protein-sunu-konservai-su-aviena-6x400g\/"]}]},{"@type":"ImageObject","inLanguage":"lt-LT","@id":"https:\/\/miumjau.ee\/lt\/produktas\/brit-mono-protein-sunu-konservai-su-aviena-6x400g\/#primaryimage","url":"https:\/\/miumjau.ee\/wp-content\/uploads\/2026\/02\/brit-mono-lamb-600x800px.jpg","contentUrl":"https:\/\/miumjau.ee\/wp-content\/uploads\/2026\/02\/brit-mono-lamb-600x800px.jpg","width":600,"height":800,"caption":"Brit Mono Protein koera konserv lambalihaga 6x 400g"},{"@type":"BreadcrumbList","@id":"https:\/\/miumjau.ee\/lt\/produktas\/brit-mono-protein-sunu-konservai-su-aviena-6x400g\/#breadcrumb","itemListElement":[{"@type":"ListItem","position":1,"name":"Home","item":"https:\/\/miumjau.ee\/lt\/"},{"@type":"ListItem","position":2,"name":"Parduotuv\u0117","item":"https:\/\/miumjau.ee\/lt\/parduotuve\/"},{"@type":"ListItem","position":3,"name":"Brit Mono Protein \u0161un\u0173 konservai su aviena 6x400g"}]},{"@type":"WebSite","@id":"https:\/\/miumjau.ee\/#website","url":"https:\/\/miumjau.ee\/","name":"MiuMjau","description":"Kraapimispuud kassidele","publisher":{"@id":"https:\/\/miumjau.ee\/#organization"},"potentialAction":[{"@type":"SearchAction","target":{"@type":"EntryPoint","urlTemplate":"https:\/\/miumjau.ee\/?s={search_term_string}"},"query-input":{"@type":"PropertyValueSpecification","valueRequired":true,"valueName":"search_term_string"}}],"inLanguage":"lt-LT"},{"@type":"Organization","@id":"https:\/\/miumjau.ee\/#organization","name":"MiuMjau O\u00dc","url":"https:\/\/miumjau.ee\/","logo":{"@type":"ImageObject","inLanguage":"lt-LT","@id":"https:\/\/miumjau.ee\/#\/schema\/logo\/image\/","url":"https:\/\/miumjau.ee\/wp-content\/uploads\/2022\/04\/MiuMjau-logo-kollane.png","contentUrl":"https:\/\/miumjau.ee\/wp-content\/uploads\/2022\/04\/MiuMjau-logo-kollane.png","width":219,"height":100,"caption":"MiuMjau O\u00dc"},"image":{"@id":"https:\/\/miumjau.ee\/#\/schema\/logo\/image\/"},"sameAs":["https:\/\/www.facebook.com\/miumjaupood\/"]}]}},"_links":{"self":[{"href":"https:\/\/miumjau.ee\/lt\/wp-json\/wp\/v2\/product\/55132","targetHints":{"allow":["GET"]}}],"collection":[{"href":"https:\/\/miumjau.ee\/lt\/wp-json\/wp\/v2\/product"}],"about":[{"href":"https:\/\/miumjau.ee\/lt\/wp-json\/wp\/v2\/types\/product"}],"wp:featuredmedia":[{"embeddable":true,"href":"https:\/\/miumjau.ee\/lt\/wp-json\/wp\/v2\/media\/54224"}],"wp:attachment":[{"href":"https:\/\/miumjau.ee\/lt\/wp-json\/wp\/v2\/media?parent=55132"}],"wp:term":[{"taxonomy":"product_brand","embeddable":true,"href":"https:\/\/miumjau.ee\/lt\/wp-json\/wp\/v2\/product_brand?post=55132"},{"taxonomy":"product_cat","embeddable":true,"href":"https:\/\/miumjau.ee\/lt\/wp-json\/wp\/v2\/product_cat?post=55132"},{"taxonomy":"product_tag","embeddable":true,"href":"https:\/\/miumjau.ee\/lt\/wp-json\/wp\/v2\/product_tag?post=55132"}],"curies":[{"name":"wp","href":"https:\/\/api.w.org\/{rel}","templated":true}]}}