{"id":55127,"date":"2026-03-10T08:40:48","date_gmt":"2026-03-10T06:40:48","guid":{"rendered":"https:\/\/miumjau.ee\/toode\/petrebels-estate-170-kates-laipiojimo-medis-baltas\/"},"modified":"2026-03-10T08:40:48","modified_gmt":"2026-03-10T06:40:48","slug":"petrebels-estate-170-kates-laipiojimo-medis-baltas","status":"publish","type":"product","link":"https:\/\/miumjau.ee\/lt\/produktas\/petrebels-estate-170-kates-laipiojimo-medis-baltas\/","title":{"rendered":"Petrebels Estate 170 kat\u0117s laipiojimo medis, baltas"},"content":{"rendered":"","protected":false},"excerpt":{"rendered":"<p data-start=\"3114\" data-end=\"3152\">Prabangus kat\u0117s medis didel\u0117ms kat\u0117ms!<\/p>\n<p data-start=\"3154\" data-end=\"3321\">\u0160i draskymo med\u017eio konstrukcija yra \u012fsp\u016bdingai auk\u0161ta, i\u0161maniai suprojektuota ir visi\u0161kai padengta mink\u0161tu veli\u016bru. D\u0117l to tai tikras \u017eaidim\u0173 ir draskymo rojus kat\u0117ms.<\/p>\n<p data-start=\"3323\" data-end=\"3712\">Nesvarbu, ar turite Ragdoll, Norvegijos mi\u0161ko kat\u0119 ar \u012fprast\u0105 nam\u0173 kat\u0119 \u2013 kiekviena kat\u0117 jausis kaip namuose \u0161iame draskymo medyje. Jame yra XXL dyd\u017eio miego urvas mieguistoms kat\u0117ms, poilsio krep\u0161ys su geriausiu vaizdu ir hamakas viduryje patogiam poilsiui. D\u0117l laipteli\u0173 ir platform\u0173 \u0161is kat\u0117s medis tinka ir vyresn\u0117ms kat\u0117ms arba kat\u0117ms, kurios n\u0117ra stiprios laipiotojos ar \u0161uolinink\u0117s.<\/p>\n<p data-start=\"3714\" data-end=\"3771\"><strong data-start=\"3714\" data-end=\"3727\">Matmenys:<\/strong> Ilgis 80 cm, Plotis 62 cm, Auk\u0161tis 170 cm<\/p>\n<ul data-start=\"3772\" data-end=\"3909\">\n<li data-section-id=\"3sl3h8\" data-start=\"3772\" data-end=\"3815\">\n<p data-start=\"3774\" data-end=\"3815\">Tinka didel\u0117ms ir sunkios svorio kat\u0117ms<\/p>\n<\/li>\n<li data-section-id=\"15jgoqg\" data-start=\"3816\" data-end=\"3855\">\n<p data-start=\"3818\" data-end=\"3855\">Tinka vyresn\u0117ms ir aktyvioms kat\u0117ms<\/p>\n<\/li>\n<li data-section-id=\"14ln2z4\" data-start=\"3856\" data-end=\"3909\">\n<p data-start=\"3858\" data-end=\"3909\">Pagalv\u0117l\u0117s ir hamakas skalbiami skalbimo ma\u0161inoje<\/p>\n<\/li>\n<\/ul>\n<p data-start=\"3911\" data-end=\"3974\">Produktas pristatomas pirk\u0117jui 3 pakuot\u0117se ir sveria 43,2 kg.<\/p>\n","protected":false},"featured_media":54523,"template":"","meta":[],"product_brand":[],"product_cat":[510,515],"product_tag":[],"class_list":{"0":"post-55127","1":"product","2":"type-product","3":"status-publish","4":"has-post-thumbnail","6":"product_cat-dideli-draskymo-medziai","7":"product_cat-petrebels-produktai-dideliems-katems","9":"first","10":"outofstock","11":"sale","12":"taxable","13":"shipping-taxable","14":"purchasable","15":"product-type-simple"},"yoast_head":"<!-- This site is optimized with the Yoast SEO plugin v27.4 - https:\/\/yoast.com\/product\/yoast-seo-wordpress\/ -->\n<title>Petrebels Estate 170 kat\u0117s laipiojimo medis, baltas - MiuMjau<\/title>\n<meta name=\"robots\" content=\"index, follow, max-snippet:-1, max-image-preview:large, max-video-preview:-1\" \/>\n<link rel=\"canonical\" href=\"https:\/\/miumjau.ee\/lt\/produktas\/petrebels-estate-170-kates-laipiojimo-medis-baltas\/\" \/>\n<meta property=\"og:locale\" content=\"lt_LT\" \/>\n<meta property=\"og:type\" content=\"article\" \/>\n<meta property=\"og:title\" content=\"Petrebels Estate 170 kat\u0117s laipiojimo medis, baltas - MiuMjau\" \/>\n<meta property=\"og:description\" content=\"Prabangus kat\u0117s medis didel\u0117ms kat\u0117ms! \u0160i draskymo med\u017eio konstrukcija yra \u012fsp\u016bdingai auk\u0161ta, i\u0161maniai suprojektuota ir visi\u0161kai padengta mink\u0161tu veli\u016bru. D\u0117l to tai tikras \u017eaidim\u0173 ir draskymo rojus kat\u0117ms. Nesvarbu, ar turite Ragdoll, Norvegijos mi\u0161ko kat\u0119 ar \u012fprast\u0105 nam\u0173 kat\u0119 \u2013 kiekviena kat\u0117 jausis kaip namuose \u0161iame draskymo medyje. Jame yra XXL dyd\u017eio miego urvas mieguistoms kat\u0117ms, poilsio krep\u0161ys su geriausiu vaizdu ir hamakas viduryje patogiam poilsiui. D\u0117l laipteli\u0173 ir platform\u0173 \u0161is kat\u0117s medis tinka ir vyresn\u0117ms kat\u0117ms arba kat\u0117ms, kurios n\u0117ra stiprios laipiotojos ar \u0161uolinink\u0117s. Matmenys: Ilgis 80 cm, Plotis 62 cm, Auk\u0161tis 170 cm     Tinka didel\u0117ms ir sunkios svorio kat\u0117ms    Tinka vyresn\u0117ms ir aktyvioms kat\u0117ms    Pagalv\u0117l\u0117s ir hamakas skalbiami skalbimo ma\u0161inoje   Produktas pristatomas pirk\u0117jui 3 pakuot\u0117se ir sveria 43,2 kg.\" \/>\n<meta property=\"og:url\" content=\"https:\/\/miumjau.ee\/lt\/produktas\/petrebels-estate-170-kates-laipiojimo-medis-baltas\/\" \/>\n<meta property=\"og:site_name\" content=\"MiuMjau\" \/>\n<meta property=\"article:publisher\" content=\"https:\/\/www.facebook.com\/miumjaupood\/\" \/>\n<meta property=\"og:image\" content=\"https:\/\/miumjau.ee\/wp-content\/uploads\/2026\/03\/petrebels-estate-ronimispuu-valge3.jpg\" \/>\n\t<meta property=\"og:image:width\" content=\"600\" \/>\n\t<meta property=\"og:image:height\" content=\"800\" \/>\n\t<meta property=\"og:image:type\" content=\"image\/jpeg\" \/>\n<meta name=\"twitter:card\" content=\"summary_large_image\" \/>\n<script type=\"application\/ld+json\" class=\"yoast-schema-graph\">{\"@context\":\"https:\\\/\\\/schema.org\",\"@graph\":[{\"@type\":\"WebPage\",\"@id\":\"https:\\\/\\\/miumjau.ee\\\/lt\\\/produktas\\\/petrebels-estate-170-kates-laipiojimo-medis-baltas\\\/\",\"url\":\"https:\\\/\\\/miumjau.ee\\\/lt\\\/produktas\\\/petrebels-estate-170-kates-laipiojimo-medis-baltas\\\/\",\"name\":\"Petrebels Estate 170 kat\u0117s laipiojimo medis, baltas - MiuMjau\",\"isPartOf\":{\"@id\":\"https:\\\/\\\/miumjau.ee\\\/#website\"},\"primaryImageOfPage\":{\"@id\":\"https:\\\/\\\/miumjau.ee\\\/lt\\\/produktas\\\/petrebels-estate-170-kates-laipiojimo-medis-baltas\\\/#primaryimage\"},\"image\":{\"@id\":\"https:\\\/\\\/miumjau.ee\\\/lt\\\/produktas\\\/petrebels-estate-170-kates-laipiojimo-medis-baltas\\\/#primaryimage\"},\"thumbnailUrl\":\"https:\\\/\\\/miumjau.ee\\\/wp-content\\\/uploads\\\/2026\\\/03\\\/petrebels-estate-ronimispuu-valge3.jpg\",\"datePublished\":\"2026-03-10T06:40:48+00:00\",\"breadcrumb\":{\"@id\":\"https:\\\/\\\/miumjau.ee\\\/lt\\\/produktas\\\/petrebels-estate-170-kates-laipiojimo-medis-baltas\\\/#breadcrumb\"},\"inLanguage\":\"lt-LT\",\"potentialAction\":[{\"@type\":\"ReadAction\",\"target\":[\"https:\\\/\\\/miumjau.ee\\\/lt\\\/produktas\\\/petrebels-estate-170-kates-laipiojimo-medis-baltas\\\/\"]}]},{\"@type\":\"ImageObject\",\"inLanguage\":\"lt-LT\",\"@id\":\"https:\\\/\\\/miumjau.ee\\\/lt\\\/produktas\\\/petrebels-estate-170-kates-laipiojimo-medis-baltas\\\/#primaryimage\",\"url\":\"https:\\\/\\\/miumjau.ee\\\/wp-content\\\/uploads\\\/2026\\\/03\\\/petrebels-estate-ronimispuu-valge3.jpg\",\"contentUrl\":\"https:\\\/\\\/miumjau.ee\\\/wp-content\\\/uploads\\\/2026\\\/03\\\/petrebels-estate-ronimispuu-valge3.jpg\",\"width\":600,\"height\":800,\"caption\":\"Ronimispuu kassidele Petrebels Estate 170, valge\"},{\"@type\":\"BreadcrumbList\",\"@id\":\"https:\\\/\\\/miumjau.ee\\\/lt\\\/produktas\\\/petrebels-estate-170-kates-laipiojimo-medis-baltas\\\/#breadcrumb\",\"itemListElement\":[{\"@type\":\"ListItem\",\"position\":1,\"name\":\"Home\",\"item\":\"https:\\\/\\\/miumjau.ee\\\/lt\\\/\"},{\"@type\":\"ListItem\",\"position\":2,\"name\":\"Parduotuv\u0117\",\"item\":\"https:\\\/\\\/miumjau.ee\\\/lt\\\/parduotuve\\\/\"},{\"@type\":\"ListItem\",\"position\":3,\"name\":\"Petrebels Estate 170 kat\u0117s laipiojimo medis, baltas\"}]},{\"@type\":\"WebSite\",\"@id\":\"https:\\\/\\\/miumjau.ee\\\/#website\",\"url\":\"https:\\\/\\\/miumjau.ee\\\/\",\"name\":\"MiuMjau\",\"description\":\"Kraapimispuud kassidele\",\"publisher\":{\"@id\":\"https:\\\/\\\/miumjau.ee\\\/#organization\"},\"potentialAction\":[{\"@type\":\"SearchAction\",\"target\":{\"@type\":\"EntryPoint\",\"urlTemplate\":\"https:\\\/\\\/miumjau.ee\\\/?s={search_term_string}\"},\"query-input\":{\"@type\":\"PropertyValueSpecification\",\"valueRequired\":true,\"valueName\":\"search_term_string\"}}],\"inLanguage\":\"lt-LT\"},{\"@type\":\"Organization\",\"@id\":\"https:\\\/\\\/miumjau.ee\\\/#organization\",\"name\":\"MiuMjau O\u00dc\",\"url\":\"https:\\\/\\\/miumjau.ee\\\/\",\"logo\":{\"@type\":\"ImageObject\",\"inLanguage\":\"lt-LT\",\"@id\":\"https:\\\/\\\/miumjau.ee\\\/#\\\/schema\\\/logo\\\/image\\\/\",\"url\":\"https:\\\/\\\/miumjau.ee\\\/wp-content\\\/uploads\\\/2022\\\/04\\\/MiuMjau-logo-kollane.png\",\"contentUrl\":\"https:\\\/\\\/miumjau.ee\\\/wp-content\\\/uploads\\\/2022\\\/04\\\/MiuMjau-logo-kollane.png\",\"width\":219,\"height\":100,\"caption\":\"MiuMjau O\u00dc\"},\"image\":{\"@id\":\"https:\\\/\\\/miumjau.ee\\\/#\\\/schema\\\/logo\\\/image\\\/\"},\"sameAs\":[\"https:\\\/\\\/www.facebook.com\\\/miumjaupood\\\/\"]}]}<\/script>\n<!-- \/ Yoast SEO plugin. -->","yoast_head_json":{"title":"Petrebels Estate 170 kat\u0117s laipiojimo medis, baltas - MiuMjau","robots":{"index":"index","follow":"follow","max-snippet":"max-snippet:-1","max-image-preview":"max-image-preview:large","max-video-preview":"max-video-preview:-1"},"canonical":"https:\/\/miumjau.ee\/lt\/produktas\/petrebels-estate-170-kates-laipiojimo-medis-baltas\/","og_locale":"lt_LT","og_type":"article","og_title":"Petrebels Estate 170 kat\u0117s laipiojimo medis, baltas - MiuMjau","og_description":"Prabangus kat\u0117s medis didel\u0117ms kat\u0117ms! \u0160i draskymo med\u017eio konstrukcija yra \u012fsp\u016bdingai auk\u0161ta, i\u0161maniai suprojektuota ir visi\u0161kai padengta mink\u0161tu veli\u016bru. D\u0117l to tai tikras \u017eaidim\u0173 ir draskymo rojus kat\u0117ms. Nesvarbu, ar turite Ragdoll, Norvegijos mi\u0161ko kat\u0119 ar \u012fprast\u0105 nam\u0173 kat\u0119 \u2013 kiekviena kat\u0117 jausis kaip namuose \u0161iame draskymo medyje. Jame yra XXL dyd\u017eio miego urvas mieguistoms kat\u0117ms, poilsio krep\u0161ys su geriausiu vaizdu ir hamakas viduryje patogiam poilsiui. D\u0117l laipteli\u0173 ir platform\u0173 \u0161is kat\u0117s medis tinka ir vyresn\u0117ms kat\u0117ms arba kat\u0117ms, kurios n\u0117ra stiprios laipiotojos ar \u0161uolinink\u0117s. Matmenys: Ilgis 80 cm, Plotis 62 cm, Auk\u0161tis 170 cm     Tinka didel\u0117ms ir sunkios svorio kat\u0117ms    Tinka vyresn\u0117ms ir aktyvioms kat\u0117ms    Pagalv\u0117l\u0117s ir hamakas skalbiami skalbimo ma\u0161inoje   Produktas pristatomas pirk\u0117jui 3 pakuot\u0117se ir sveria 43,2 kg.","og_url":"https:\/\/miumjau.ee\/lt\/produktas\/petrebels-estate-170-kates-laipiojimo-medis-baltas\/","og_site_name":"MiuMjau","article_publisher":"https:\/\/www.facebook.com\/miumjaupood\/","og_image":[{"width":600,"height":800,"url":"https:\/\/miumjau.ee\/wp-content\/uploads\/2026\/03\/petrebels-estate-ronimispuu-valge3.jpg","type":"image\/jpeg"}],"twitter_card":"summary_large_image","schema":{"@context":"https:\/\/schema.org","@graph":[{"@type":"WebPage","@id":"https:\/\/miumjau.ee\/lt\/produktas\/petrebels-estate-170-kates-laipiojimo-medis-baltas\/","url":"https:\/\/miumjau.ee\/lt\/produktas\/petrebels-estate-170-kates-laipiojimo-medis-baltas\/","name":"Petrebels Estate 170 kat\u0117s laipiojimo medis, baltas - MiuMjau","isPartOf":{"@id":"https:\/\/miumjau.ee\/#website"},"primaryImageOfPage":{"@id":"https:\/\/miumjau.ee\/lt\/produktas\/petrebels-estate-170-kates-laipiojimo-medis-baltas\/#primaryimage"},"image":{"@id":"https:\/\/miumjau.ee\/lt\/produktas\/petrebels-estate-170-kates-laipiojimo-medis-baltas\/#primaryimage"},"thumbnailUrl":"https:\/\/miumjau.ee\/wp-content\/uploads\/2026\/03\/petrebels-estate-ronimispuu-valge3.jpg","datePublished":"2026-03-10T06:40:48+00:00","breadcrumb":{"@id":"https:\/\/miumjau.ee\/lt\/produktas\/petrebels-estate-170-kates-laipiojimo-medis-baltas\/#breadcrumb"},"inLanguage":"lt-LT","potentialAction":[{"@type":"ReadAction","target":["https:\/\/miumjau.ee\/lt\/produktas\/petrebels-estate-170-kates-laipiojimo-medis-baltas\/"]}]},{"@type":"ImageObject","inLanguage":"lt-LT","@id":"https:\/\/miumjau.ee\/lt\/produktas\/petrebels-estate-170-kates-laipiojimo-medis-baltas\/#primaryimage","url":"https:\/\/miumjau.ee\/wp-content\/uploads\/2026\/03\/petrebels-estate-ronimispuu-valge3.jpg","contentUrl":"https:\/\/miumjau.ee\/wp-content\/uploads\/2026\/03\/petrebels-estate-ronimispuu-valge3.jpg","width":600,"height":800,"caption":"Ronimispuu kassidele Petrebels Estate 170, valge"},{"@type":"BreadcrumbList","@id":"https:\/\/miumjau.ee\/lt\/produktas\/petrebels-estate-170-kates-laipiojimo-medis-baltas\/#breadcrumb","itemListElement":[{"@type":"ListItem","position":1,"name":"Home","item":"https:\/\/miumjau.ee\/lt\/"},{"@type":"ListItem","position":2,"name":"Parduotuv\u0117","item":"https:\/\/miumjau.ee\/lt\/parduotuve\/"},{"@type":"ListItem","position":3,"name":"Petrebels Estate 170 kat\u0117s laipiojimo medis, baltas"}]},{"@type":"WebSite","@id":"https:\/\/miumjau.ee\/#website","url":"https:\/\/miumjau.ee\/","name":"MiuMjau","description":"Kraapimispuud kassidele","publisher":{"@id":"https:\/\/miumjau.ee\/#organization"},"potentialAction":[{"@type":"SearchAction","target":{"@type":"EntryPoint","urlTemplate":"https:\/\/miumjau.ee\/?s={search_term_string}"},"query-input":{"@type":"PropertyValueSpecification","valueRequired":true,"valueName":"search_term_string"}}],"inLanguage":"lt-LT"},{"@type":"Organization","@id":"https:\/\/miumjau.ee\/#organization","name":"MiuMjau O\u00dc","url":"https:\/\/miumjau.ee\/","logo":{"@type":"ImageObject","inLanguage":"lt-LT","@id":"https:\/\/miumjau.ee\/#\/schema\/logo\/image\/","url":"https:\/\/miumjau.ee\/wp-content\/uploads\/2022\/04\/MiuMjau-logo-kollane.png","contentUrl":"https:\/\/miumjau.ee\/wp-content\/uploads\/2022\/04\/MiuMjau-logo-kollane.png","width":219,"height":100,"caption":"MiuMjau O\u00dc"},"image":{"@id":"https:\/\/miumjau.ee\/#\/schema\/logo\/image\/"},"sameAs":["https:\/\/www.facebook.com\/miumjaupood\/"]}]}},"_links":{"self":[{"href":"https:\/\/miumjau.ee\/lt\/wp-json\/wp\/v2\/product\/55127","targetHints":{"allow":["GET"]}}],"collection":[{"href":"https:\/\/miumjau.ee\/lt\/wp-json\/wp\/v2\/product"}],"about":[{"href":"https:\/\/miumjau.ee\/lt\/wp-json\/wp\/v2\/types\/product"}],"wp:featuredmedia":[{"embeddable":true,"href":"https:\/\/miumjau.ee\/lt\/wp-json\/wp\/v2\/media\/54523"}],"wp:attachment":[{"href":"https:\/\/miumjau.ee\/lt\/wp-json\/wp\/v2\/media?parent=55127"}],"wp:term":[{"taxonomy":"product_brand","embeddable":true,"href":"https:\/\/miumjau.ee\/lt\/wp-json\/wp\/v2\/product_brand?post=55127"},{"taxonomy":"product_cat","embeddable":true,"href":"https:\/\/miumjau.ee\/lt\/wp-json\/wp\/v2\/product_cat?post=55127"},{"taxonomy":"product_tag","embeddable":true,"href":"https:\/\/miumjau.ee\/lt\/wp-json\/wp\/v2\/product_tag?post=55127"}],"curies":[{"name":"wp","href":"https:\/\/api.w.org\/{rel}","templated":true}]}}