{"id":55122,"date":"2026-03-10T09:59:05","date_gmt":"2026-03-10T07:59:05","guid":{"rendered":"https:\/\/miumjau.ee\/toode\/ibero-natural-triusienos-juosteles-sunims-15-vnt\/"},"modified":"2026-03-10T09:59:05","modified_gmt":"2026-03-10T07:59:05","slug":"ibero-natural-triusienos-juosteles-sunims-15-vnt","status":"publish","type":"product","link":"https:\/\/miumjau.ee\/lt\/produktas\/ibero-natural-triusienos-juosteles-sunims-15-vnt\/","title":{"rendered":"Ibero Natural triu\u0161ienos juostel\u0117s \u0161unims, 15 vnt."},"content":{"rendered":"","protected":false},"excerpt":{"rendered":"<p data-start=\"5339\" data-end=\"5365\">Papildomas maistas \u0161unims.<\/p>\n<p data-start=\"5367\" data-end=\"5455\"><strong data-start=\"5367\" data-end=\"5379\">Sud\u0117tis:<\/strong> m\u0117sa ir gyv\u016bnin\u0117s kilm\u0117s produktai (triu\u0161iena) 98 %, pa\u0161ar\u0173 glicerinas 2 %.<\/p>\n<p data-start=\"5457\" data-end=\"5579\"><strong data-start=\"5457\" data-end=\"5479\">Analitin\u0117 sud\u0117tis:<\/strong> \u017dali baltymai 41,9 %, \u017eali riebalai 24,3 %, \u017eali pelenai 19,07 %, \u017eali skaidulos 2,2 %, dr\u0117gm\u0117 8 %.<\/p>\n<p data-start=\"5581\" data-end=\"5807\">Duoti kaip skan\u0117st\u0105 \u017eaidimo ar treniruo\u010di\u0173 metu, pritaikant kiek\u012f pagal poreik\u012f. Visada u\u017etikrinti pakankam\u0105 g\u0117lo vandens kiek\u012f. Laikyti sausoje ir v\u0117sioje vietoje. Partijos numeris ir tinkamumo iki data pa\u017eym\u0117ti ant pakuot\u0117s.<\/p>\n<p data-start=\"5809\" data-end=\"5984\"><strong data-start=\"5809\" data-end=\"5845\">Kod\u0117l verta rinktis \u0161\u012f skan\u0117st\u0105?<\/strong><br data-start=\"5845\" data-end=\"5848\" \/>\ud83d\udc07 <strong data-start=\"5851\" data-end=\"5884\">1. Labai didelis m\u0117sos kiekis<\/strong><br data-start=\"5884\" data-end=\"5887\" \/>Skan\u0117stas turi 98 % triu\u0161ienos, suteikia daug auk\u0161tos kokyb\u0117s gyv\u016bninio baltymo, kuris palaiko:<\/p>\n<ul data-start=\"5985\" data-end=\"6070\">\n<li data-section-id=\"1vyo9so\" data-start=\"5985\" data-end=\"6006\">\n<p data-start=\"5987\" data-end=\"6006\">raumen\u0173 vystym\u0105si<\/p>\n<\/li>\n<li data-section-id=\"1bbb9hc\" data-start=\"6007\" data-end=\"6034\">\n<p data-start=\"6009\" data-end=\"6034\">energij\u0105 ir gyvybingum\u0105<\/p>\n<\/li>\n<li data-section-id=\"15b8juh\" data-start=\"6035\" data-end=\"6070\">\n<p data-start=\"6037\" data-end=\"6070\">nat\u016brali\u0105 \u0161unims tinkam\u0105 mityb\u0105<\/p>\n<\/li>\n<\/ul>\n<p data-start=\"6072\" data-end=\"6192\">\ud83c\udf3f <strong data-start=\"6075\" data-end=\"6107\">2. Paprasta ir \u0161vari sud\u0117tis<\/strong><br data-start=\"6107\" data-end=\"6110\" \/>Sud\u0117tis labai trumpa \u2013 tik triu\u0161iena ir nedidelis glicerino kiekis. Tai rei\u0161kia:<\/p>\n<ul data-start=\"6193\" data-end=\"6283\">\n<li data-section-id=\"p0gta\" data-start=\"6193\" data-end=\"6223\">\n<p data-start=\"6195\" data-end=\"6223\">ma\u017eiau nereikaling\u0173 pried\u0173<\/p>\n<\/li>\n<li data-section-id=\"1xd5505\" data-start=\"6224\" data-end=\"6252\">\n<p data-start=\"6226\" data-end=\"6252\">ma\u017eesn\u0117 alergijos rizika<\/p>\n<\/li>\n<li data-section-id=\"1lwvm06\" data-start=\"6253\" data-end=\"6283\">\n<p data-start=\"6255\" data-end=\"6283\">tinkamiau jautriems \u0161unims<\/p>\n<\/li>\n<\/ul>\n<p data-start=\"6285\" data-end=\"6354\">\ud83d\udcaa <strong data-start=\"6288\" data-end=\"6323\">3. Labai didelis baltym\u0173 kiekis<\/strong><br data-start=\"6323\" data-end=\"6326\" \/>41,9 % \u017eali\u0173 baltym\u0173, kas:<\/p>\n<ul data-start=\"6355\" data-end=\"6476\">\n<li data-section-id=\"p209nv\" data-start=\"6355\" data-end=\"6388\">\n<p data-start=\"6357\" data-end=\"6388\">padeda i\u0161laikyti raumen\u0173 mas\u0119<\/p>\n<\/li>\n<li data-section-id=\"ogxypm\" data-start=\"6389\" data-end=\"6431\">\n<p data-start=\"6391\" data-end=\"6431\">palaiko aktyvi\u0173 \u0161un\u0173 energijos poreik\u012f<\/p>\n<\/li>\n<li data-section-id=\"1u1vpmy\" data-start=\"6432\" data-end=\"6476\">\n<p data-start=\"6434\" data-end=\"6476\">puikiai tinka kaip treniruo\u010di\u0173 skan\u0117stas<\/p>\n<\/li>\n<\/ul>\n<p data-start=\"6478\" data-end=\"6573\">\ud83e\uddb7 <strong data-start=\"6481\" data-end=\"6516\">4. Kramtymo skatinanti tekst\u016bra<\/strong><br data-start=\"6516\" data-end=\"6519\" \/>Juosteli\u0173 forma ver\u010dia \u0161un\u012f \u0161iek tiek kramtyti, kas:<\/p>\n<ul data-start=\"6574\" data-end=\"6652\">\n<li data-section-id=\"x6mzck\" data-start=\"6574\" data-end=\"6594\">\n<p data-start=\"6576\" data-end=\"6594\">suteikia veiklos<\/p>\n<\/li>\n<li data-section-id=\"1e8nbuo\" data-start=\"6595\" data-end=\"6631\">\n<p data-start=\"6597\" data-end=\"6631\">padeda mechani\u0161kai valyti dantis<\/p>\n<\/li>\n<li data-section-id=\"1ldq053\" data-start=\"6632\" data-end=\"6652\">\n<p data-start=\"6634\" data-end=\"6652\">ma\u017eina nuobodul\u012f<\/p>\n<\/li>\n<\/ul>\n<p data-start=\"6654\" data-end=\"6705\">\ud83d\udc15 <strong data-start=\"6657\" data-end=\"6683\">5. Idealu treniruot\u0117ms<\/strong><br data-start=\"6683\" data-end=\"6686\" \/>Juosteles lengva:<\/p>\n<ul data-start=\"6706\" data-end=\"6800\">\n<li data-section-id=\"13zsf97\" data-start=\"6706\" data-end=\"6742\">\n<p data-start=\"6708\" data-end=\"6742\">sulau\u017eyti \u012f ma\u017eesnius gabal\u0117lius<\/p>\n<\/li>\n<li data-section-id=\"ap3cw8\" data-start=\"6743\" data-end=\"6800\">\n<p data-start=\"6745\" data-end=\"6800\">naudoti kaip apdovanojim\u0105 \u017eaidimo ar treniruo\u010di\u0173 metu<\/p>\n<\/li>\n<\/ul>\n<p data-start=\"6802\" data-end=\"6859\">\ud83c\udf1f <strong data-start=\"6805\" data-end=\"6840\">6. Triu\u0161iena lengvai vir\u0161kinama<\/strong><br data-start=\"6840\" data-end=\"6843\" \/>Triu\u0161iena yra:<\/p>\n<ul data-start=\"6860\" data-end=\"6977\">\n<li data-section-id=\"83n49o\" data-start=\"6860\" data-end=\"6911\">\n<p data-start=\"6862\" data-end=\"6911\">\u0161velnus ir lengvai vir\u0161kinamas baltym\u0173 \u0161altinis<\/p>\n<\/li>\n<li data-section-id=\"1fx694d\" data-start=\"6912\" data-end=\"6977\">\n<p data-start=\"6914\" data-end=\"6977\">da\u017enai tinkama \u0161unims su maisto alergija ar jautriu skrand\u017eiu<\/p>\n<\/li>\n<\/ul>\n","protected":false},"featured_media":54558,"template":"","meta":[],"product_brand":[],"product_cat":[540],"product_tag":[],"class_list":{"0":"post-55122","1":"product","2":"type-product","3":"status-publish","4":"has-post-thumbnail","6":"product_cat-skanestai-sunims","8":"first","9":"instock","10":"sale","11":"taxable","12":"shipping-taxable","13":"purchasable","14":"product-type-simple"},"yoast_head":"<!-- This site is optimized with the Yoast SEO plugin v27.4 - https:\/\/yoast.com\/product\/yoast-seo-wordpress\/ -->\n<title>Ibero Natural triu\u0161ienos juostel\u0117s \u0161unims, 15 vnt. - MiuMjau<\/title>\n<meta name=\"robots\" content=\"index, follow, max-snippet:-1, max-image-preview:large, max-video-preview:-1\" \/>\n<link rel=\"canonical\" href=\"https:\/\/miumjau.ee\/lt\/produktas\/ibero-natural-triusienos-juosteles-sunims-15-vnt\/\" \/>\n<meta property=\"og:locale\" content=\"lt_LT\" \/>\n<meta property=\"og:type\" content=\"article\" \/>\n<meta property=\"og:title\" content=\"Ibero Natural triu\u0161ienos juostel\u0117s \u0161unims, 15 vnt. - MiuMjau\" \/>\n<meta property=\"og:description\" content=\"Papildomas maistas \u0161unims. Sud\u0117tis: m\u0117sa ir gyv\u016bnin\u0117s kilm\u0117s produktai (triu\u0161iena) 98 %, pa\u0161ar\u0173 glicerinas 2 %. Analitin\u0117 sud\u0117tis: \u017dali baltymai 41,9 %, \u017eali riebalai 24,3 %, \u017eali pelenai 19,07 %, \u017eali skaidulos 2,2 %, dr\u0117gm\u0117 8 %. Duoti kaip skan\u0117st\u0105 \u017eaidimo ar treniruo\u010di\u0173 metu, pritaikant kiek\u012f pagal poreik\u012f. Visada u\u017etikrinti pakankam\u0105 g\u0117lo vandens kiek\u012f. Laikyti sausoje ir v\u0117sioje vietoje. Partijos numeris ir tinkamumo iki data pa\u017eym\u0117ti ant pakuot\u0117s. Kod\u0117l verta rinktis \u0161\u012f skan\u0117st\u0105?\ud83d\udc07 1. Labai didelis m\u0117sos kiekisSkan\u0117stas turi 98 % triu\u0161ienos, suteikia daug auk\u0161tos kokyb\u0117s gyv\u016bninio baltymo, kuris palaiko:     raumen\u0173 vystym\u0105si    energij\u0105 ir gyvybingum\u0105    nat\u016brali\u0105 \u0161unims tinkam\u0105 mityb\u0105   \ud83c\udf3f 2. Paprasta ir \u0161vari sud\u0117tisSud\u0117tis labai trumpa \u2013 tik triu\u0161iena ir nedidelis glicerino kiekis. Tai rei\u0161kia:     ma\u017eiau nereikaling\u0173 pried\u0173    ma\u017eesn\u0117 alergijos rizika    tinkamiau jautriems \u0161unims   \ud83d\udcaa 3. Labai didelis baltym\u0173 kiekis41,9 % \u017eali\u0173 baltym\u0173, kas:     padeda i\u0161laikyti raumen\u0173 mas\u0119    palaiko aktyvi\u0173 \u0161un\u0173 energijos poreik\u012f    puikiai tinka kaip treniruo\u010di\u0173 skan\u0117stas   \ud83e\uddb7 4. Kramtymo skatinanti tekst\u016braJuosteli\u0173 forma ver\u010dia \u0161un\u012f \u0161iek tiek kramtyti, kas:     suteikia veiklos    padeda mechani\u0161kai valyti dantis    ma\u017eina nuobodul\u012f   \ud83d\udc15 5. Idealu treniruot\u0117msJuosteles lengva:     sulau\u017eyti \u012f ma\u017eesnius gabal\u0117lius    naudoti kaip apdovanojim\u0105 \u017eaidimo ar treniruo\u010di\u0173 metu   \ud83c\udf1f 6. Triu\u0161iena lengvai vir\u0161kinamaTriu\u0161iena yra:     \u0161velnus ir lengvai vir\u0161kinamas baltym\u0173 \u0161altinis    da\u017enai tinkama \u0161unims su maisto alergija ar jautriu skrand\u017eiu\" \/>\n<meta property=\"og:url\" content=\"https:\/\/miumjau.ee\/lt\/produktas\/ibero-natural-triusienos-juosteles-sunims-15-vnt\/\" \/>\n<meta property=\"og:site_name\" content=\"MiuMjau\" \/>\n<meta property=\"article:publisher\" content=\"https:\/\/www.facebook.com\/miumjaupood\/\" \/>\n<meta property=\"og:image\" content=\"https:\/\/miumjau.ee\/wp-content\/uploads\/2026\/03\/ibero-rabbit-stripes-15tk.jpg\" \/>\n\t<meta property=\"og:image:width\" content=\"600\" \/>\n\t<meta property=\"og:image:height\" content=\"800\" \/>\n\t<meta property=\"og:image:type\" content=\"image\/jpeg\" \/>\n<meta name=\"twitter:card\" content=\"summary_large_image\" \/>\n<script type=\"application\/ld+json\" class=\"yoast-schema-graph\">{\"@context\":\"https:\\\/\\\/schema.org\",\"@graph\":[{\"@type\":\"WebPage\",\"@id\":\"https:\\\/\\\/miumjau.ee\\\/lt\\\/produktas\\\/ibero-natural-triusienos-juosteles-sunims-15-vnt\\\/\",\"url\":\"https:\\\/\\\/miumjau.ee\\\/lt\\\/produktas\\\/ibero-natural-triusienos-juosteles-sunims-15-vnt\\\/\",\"name\":\"Ibero Natural triu\u0161ienos juostel\u0117s \u0161unims, 15 vnt. - MiuMjau\",\"isPartOf\":{\"@id\":\"https:\\\/\\\/miumjau.ee\\\/#website\"},\"primaryImageOfPage\":{\"@id\":\"https:\\\/\\\/miumjau.ee\\\/lt\\\/produktas\\\/ibero-natural-triusienos-juosteles-sunims-15-vnt\\\/#primaryimage\"},\"image\":{\"@id\":\"https:\\\/\\\/miumjau.ee\\\/lt\\\/produktas\\\/ibero-natural-triusienos-juosteles-sunims-15-vnt\\\/#primaryimage\"},\"thumbnailUrl\":\"https:\\\/\\\/miumjau.ee\\\/wp-content\\\/uploads\\\/2026\\\/03\\\/ibero-rabbit-stripes-15tk.jpg\",\"datePublished\":\"2026-03-10T07:59:05+00:00\",\"breadcrumb\":{\"@id\":\"https:\\\/\\\/miumjau.ee\\\/lt\\\/produktas\\\/ibero-natural-triusienos-juosteles-sunims-15-vnt\\\/#breadcrumb\"},\"inLanguage\":\"lt-LT\",\"potentialAction\":[{\"@type\":\"ReadAction\",\"target\":[\"https:\\\/\\\/miumjau.ee\\\/lt\\\/produktas\\\/ibero-natural-triusienos-juosteles-sunims-15-vnt\\\/\"]}]},{\"@type\":\"ImageObject\",\"inLanguage\":\"lt-LT\",\"@id\":\"https:\\\/\\\/miumjau.ee\\\/lt\\\/produktas\\\/ibero-natural-triusienos-juosteles-sunims-15-vnt\\\/#primaryimage\",\"url\":\"https:\\\/\\\/miumjau.ee\\\/wp-content\\\/uploads\\\/2026\\\/03\\\/ibero-rabbit-stripes-15tk.jpg\",\"contentUrl\":\"https:\\\/\\\/miumjau.ee\\\/wp-content\\\/uploads\\\/2026\\\/03\\\/ibero-rabbit-stripes-15tk.jpg\",\"width\":600,\"height\":800,\"caption\":\"Ibero k\u00fc\u00fclikuribad koertele, 15tk\"},{\"@type\":\"BreadcrumbList\",\"@id\":\"https:\\\/\\\/miumjau.ee\\\/lt\\\/produktas\\\/ibero-natural-triusienos-juosteles-sunims-15-vnt\\\/#breadcrumb\",\"itemListElement\":[{\"@type\":\"ListItem\",\"position\":1,\"name\":\"Home\",\"item\":\"https:\\\/\\\/miumjau.ee\\\/lt\\\/\"},{\"@type\":\"ListItem\",\"position\":2,\"name\":\"Parduotuv\u0117\",\"item\":\"https:\\\/\\\/miumjau.ee\\\/lt\\\/parduotuve\\\/\"},{\"@type\":\"ListItem\",\"position\":3,\"name\":\"Ibero Natural triu\u0161ienos juostel\u0117s \u0161unims, 15 vnt.\"}]},{\"@type\":\"WebSite\",\"@id\":\"https:\\\/\\\/miumjau.ee\\\/#website\",\"url\":\"https:\\\/\\\/miumjau.ee\\\/\",\"name\":\"MiuMjau\",\"description\":\"Kraapimispuud kassidele\",\"publisher\":{\"@id\":\"https:\\\/\\\/miumjau.ee\\\/#organization\"},\"potentialAction\":[{\"@type\":\"SearchAction\",\"target\":{\"@type\":\"EntryPoint\",\"urlTemplate\":\"https:\\\/\\\/miumjau.ee\\\/?s={search_term_string}\"},\"query-input\":{\"@type\":\"PropertyValueSpecification\",\"valueRequired\":true,\"valueName\":\"search_term_string\"}}],\"inLanguage\":\"lt-LT\"},{\"@type\":\"Organization\",\"@id\":\"https:\\\/\\\/miumjau.ee\\\/#organization\",\"name\":\"MiuMjau O\u00dc\",\"url\":\"https:\\\/\\\/miumjau.ee\\\/\",\"logo\":{\"@type\":\"ImageObject\",\"inLanguage\":\"lt-LT\",\"@id\":\"https:\\\/\\\/miumjau.ee\\\/#\\\/schema\\\/logo\\\/image\\\/\",\"url\":\"https:\\\/\\\/miumjau.ee\\\/wp-content\\\/uploads\\\/2022\\\/04\\\/MiuMjau-logo-kollane.png\",\"contentUrl\":\"https:\\\/\\\/miumjau.ee\\\/wp-content\\\/uploads\\\/2022\\\/04\\\/MiuMjau-logo-kollane.png\",\"width\":219,\"height\":100,\"caption\":\"MiuMjau O\u00dc\"},\"image\":{\"@id\":\"https:\\\/\\\/miumjau.ee\\\/#\\\/schema\\\/logo\\\/image\\\/\"},\"sameAs\":[\"https:\\\/\\\/www.facebook.com\\\/miumjaupood\\\/\"]}]}<\/script>\n<!-- \/ Yoast SEO plugin. -->","yoast_head_json":{"title":"Ibero Natural triu\u0161ienos juostel\u0117s \u0161unims, 15 vnt. - MiuMjau","robots":{"index":"index","follow":"follow","max-snippet":"max-snippet:-1","max-image-preview":"max-image-preview:large","max-video-preview":"max-video-preview:-1"},"canonical":"https:\/\/miumjau.ee\/lt\/produktas\/ibero-natural-triusienos-juosteles-sunims-15-vnt\/","og_locale":"lt_LT","og_type":"article","og_title":"Ibero Natural triu\u0161ienos juostel\u0117s \u0161unims, 15 vnt. - MiuMjau","og_description":"Papildomas maistas \u0161unims. Sud\u0117tis: m\u0117sa ir gyv\u016bnin\u0117s kilm\u0117s produktai (triu\u0161iena) 98 %, pa\u0161ar\u0173 glicerinas 2 %. Analitin\u0117 sud\u0117tis: \u017dali baltymai 41,9 %, \u017eali riebalai 24,3 %, \u017eali pelenai 19,07 %, \u017eali skaidulos 2,2 %, dr\u0117gm\u0117 8 %. Duoti kaip skan\u0117st\u0105 \u017eaidimo ar treniruo\u010di\u0173 metu, pritaikant kiek\u012f pagal poreik\u012f. Visada u\u017etikrinti pakankam\u0105 g\u0117lo vandens kiek\u012f. Laikyti sausoje ir v\u0117sioje vietoje. Partijos numeris ir tinkamumo iki data pa\u017eym\u0117ti ant pakuot\u0117s. Kod\u0117l verta rinktis \u0161\u012f skan\u0117st\u0105?\ud83d\udc07 1. Labai didelis m\u0117sos kiekisSkan\u0117stas turi 98 % triu\u0161ienos, suteikia daug auk\u0161tos kokyb\u0117s gyv\u016bninio baltymo, kuris palaiko:     raumen\u0173 vystym\u0105si    energij\u0105 ir gyvybingum\u0105    nat\u016brali\u0105 \u0161unims tinkam\u0105 mityb\u0105   \ud83c\udf3f 2. Paprasta ir \u0161vari sud\u0117tisSud\u0117tis labai trumpa \u2013 tik triu\u0161iena ir nedidelis glicerino kiekis. Tai rei\u0161kia:     ma\u017eiau nereikaling\u0173 pried\u0173    ma\u017eesn\u0117 alergijos rizika    tinkamiau jautriems \u0161unims   \ud83d\udcaa 3. Labai didelis baltym\u0173 kiekis41,9 % \u017eali\u0173 baltym\u0173, kas:     padeda i\u0161laikyti raumen\u0173 mas\u0119    palaiko aktyvi\u0173 \u0161un\u0173 energijos poreik\u012f    puikiai tinka kaip treniruo\u010di\u0173 skan\u0117stas   \ud83e\uddb7 4. Kramtymo skatinanti tekst\u016braJuosteli\u0173 forma ver\u010dia \u0161un\u012f \u0161iek tiek kramtyti, kas:     suteikia veiklos    padeda mechani\u0161kai valyti dantis    ma\u017eina nuobodul\u012f   \ud83d\udc15 5. Idealu treniruot\u0117msJuosteles lengva:     sulau\u017eyti \u012f ma\u017eesnius gabal\u0117lius    naudoti kaip apdovanojim\u0105 \u017eaidimo ar treniruo\u010di\u0173 metu   \ud83c\udf1f 6. Triu\u0161iena lengvai vir\u0161kinamaTriu\u0161iena yra:     \u0161velnus ir lengvai vir\u0161kinamas baltym\u0173 \u0161altinis    da\u017enai tinkama \u0161unims su maisto alergija ar jautriu skrand\u017eiu","og_url":"https:\/\/miumjau.ee\/lt\/produktas\/ibero-natural-triusienos-juosteles-sunims-15-vnt\/","og_site_name":"MiuMjau","article_publisher":"https:\/\/www.facebook.com\/miumjaupood\/","og_image":[{"width":600,"height":800,"url":"https:\/\/miumjau.ee\/wp-content\/uploads\/2026\/03\/ibero-rabbit-stripes-15tk.jpg","type":"image\/jpeg"}],"twitter_card":"summary_large_image","schema":{"@context":"https:\/\/schema.org","@graph":[{"@type":"WebPage","@id":"https:\/\/miumjau.ee\/lt\/produktas\/ibero-natural-triusienos-juosteles-sunims-15-vnt\/","url":"https:\/\/miumjau.ee\/lt\/produktas\/ibero-natural-triusienos-juosteles-sunims-15-vnt\/","name":"Ibero Natural triu\u0161ienos juostel\u0117s \u0161unims, 15 vnt. - MiuMjau","isPartOf":{"@id":"https:\/\/miumjau.ee\/#website"},"primaryImageOfPage":{"@id":"https:\/\/miumjau.ee\/lt\/produktas\/ibero-natural-triusienos-juosteles-sunims-15-vnt\/#primaryimage"},"image":{"@id":"https:\/\/miumjau.ee\/lt\/produktas\/ibero-natural-triusienos-juosteles-sunims-15-vnt\/#primaryimage"},"thumbnailUrl":"https:\/\/miumjau.ee\/wp-content\/uploads\/2026\/03\/ibero-rabbit-stripes-15tk.jpg","datePublished":"2026-03-10T07:59:05+00:00","breadcrumb":{"@id":"https:\/\/miumjau.ee\/lt\/produktas\/ibero-natural-triusienos-juosteles-sunims-15-vnt\/#breadcrumb"},"inLanguage":"lt-LT","potentialAction":[{"@type":"ReadAction","target":["https:\/\/miumjau.ee\/lt\/produktas\/ibero-natural-triusienos-juosteles-sunims-15-vnt\/"]}]},{"@type":"ImageObject","inLanguage":"lt-LT","@id":"https:\/\/miumjau.ee\/lt\/produktas\/ibero-natural-triusienos-juosteles-sunims-15-vnt\/#primaryimage","url":"https:\/\/miumjau.ee\/wp-content\/uploads\/2026\/03\/ibero-rabbit-stripes-15tk.jpg","contentUrl":"https:\/\/miumjau.ee\/wp-content\/uploads\/2026\/03\/ibero-rabbit-stripes-15tk.jpg","width":600,"height":800,"caption":"Ibero k\u00fc\u00fclikuribad koertele, 15tk"},{"@type":"BreadcrumbList","@id":"https:\/\/miumjau.ee\/lt\/produktas\/ibero-natural-triusienos-juosteles-sunims-15-vnt\/#breadcrumb","itemListElement":[{"@type":"ListItem","position":1,"name":"Home","item":"https:\/\/miumjau.ee\/lt\/"},{"@type":"ListItem","position":2,"name":"Parduotuv\u0117","item":"https:\/\/miumjau.ee\/lt\/parduotuve\/"},{"@type":"ListItem","position":3,"name":"Ibero Natural triu\u0161ienos juostel\u0117s \u0161unims, 15 vnt."}]},{"@type":"WebSite","@id":"https:\/\/miumjau.ee\/#website","url":"https:\/\/miumjau.ee\/","name":"MiuMjau","description":"Kraapimispuud kassidele","publisher":{"@id":"https:\/\/miumjau.ee\/#organization"},"potentialAction":[{"@type":"SearchAction","target":{"@type":"EntryPoint","urlTemplate":"https:\/\/miumjau.ee\/?s={search_term_string}"},"query-input":{"@type":"PropertyValueSpecification","valueRequired":true,"valueName":"search_term_string"}}],"inLanguage":"lt-LT"},{"@type":"Organization","@id":"https:\/\/miumjau.ee\/#organization","name":"MiuMjau O\u00dc","url":"https:\/\/miumjau.ee\/","logo":{"@type":"ImageObject","inLanguage":"lt-LT","@id":"https:\/\/miumjau.ee\/#\/schema\/logo\/image\/","url":"https:\/\/miumjau.ee\/wp-content\/uploads\/2022\/04\/MiuMjau-logo-kollane.png","contentUrl":"https:\/\/miumjau.ee\/wp-content\/uploads\/2022\/04\/MiuMjau-logo-kollane.png","width":219,"height":100,"caption":"MiuMjau O\u00dc"},"image":{"@id":"https:\/\/miumjau.ee\/#\/schema\/logo\/image\/"},"sameAs":["https:\/\/www.facebook.com\/miumjaupood\/"]}]}},"_links":{"self":[{"href":"https:\/\/miumjau.ee\/lt\/wp-json\/wp\/v2\/product\/55122","targetHints":{"allow":["GET"]}}],"collection":[{"href":"https:\/\/miumjau.ee\/lt\/wp-json\/wp\/v2\/product"}],"about":[{"href":"https:\/\/miumjau.ee\/lt\/wp-json\/wp\/v2\/types\/product"}],"wp:featuredmedia":[{"embeddable":true,"href":"https:\/\/miumjau.ee\/lt\/wp-json\/wp\/v2\/media\/54558"}],"wp:attachment":[{"href":"https:\/\/miumjau.ee\/lt\/wp-json\/wp\/v2\/media?parent=55122"}],"wp:term":[{"taxonomy":"product_brand","embeddable":true,"href":"https:\/\/miumjau.ee\/lt\/wp-json\/wp\/v2\/product_brand?post=55122"},{"taxonomy":"product_cat","embeddable":true,"href":"https:\/\/miumjau.ee\/lt\/wp-json\/wp\/v2\/product_cat?post=55122"},{"taxonomy":"product_tag","embeddable":true,"href":"https:\/\/miumjau.ee\/lt\/wp-json\/wp\/v2\/product_tag?post=55122"}],"curies":[{"name":"wp","href":"https:\/\/api.w.org\/{rel}","templated":true}]}}