{"id":55117,"date":"2026-03-10T10:50:47","date_gmt":"2026-03-10T08:50:47","guid":{"rendered":"https:\/\/miumjau.ee\/toode\/ibero-natural-saltai-spaustas-pasaras-jauniems-m-l-su-eriena-2-kg\/"},"modified":"2026-03-10T10:50:47","modified_gmt":"2026-03-10T08:50:47","slug":"ibero-natural-saltai-spaustas-pasaras-jauniems-m-l-su-eriena-2-kg","status":"publish","type":"product","link":"https:\/\/miumjau.ee\/lt\/produktas\/ibero-natural-saltai-spaustas-pasaras-jauniems-m-l-su-eriena-2-kg\/","title":{"rendered":"Ibero Natural \u0161altai spaustas pa\u0161aras jauniems M\/L su \u0117riena, 2 kg"},"content":{"rendered":"","protected":false},"excerpt":{"rendered":"<p data-start=\"235\" data-end=\"472\">\u0160altai spaustas visavertis pa\u0161aras, kuriame yra visi vidutini\u0173 ir dideli\u0173 veisli\u0173 jaun\u0173 \u0161un\u0173 augimui reikalingi maistingi elementai. Pagamintas \u017eemoje temperat\u016broje, kad i\u0161laikyt\u0173 nat\u016bralias maistines med\u017eiagas \u2013 idealus augimo periodui.<\/p>\n<p data-start=\"474\" data-end=\"613\">\u0160is pa\u0161aras skirtas vidutini\u0173 ir dideli\u0173 veisli\u0173 \u0161uniukams ir jauniems \u0161unims. Atsi\u017evelgiama \u012f jaun\u0173 \u0161un\u0173 specifinius poreikius, \u012fskaitant:<\/p>\n<ul data-start=\"615\" data-end=\"1174\">\n<li data-section-id=\"tf79uy\" data-start=\"615\" data-end=\"747\">\n<p data-start=\"617\" data-end=\"747\">Kontroliuojamas ir lengvai vir\u0161kinamas baltym\u0173 kiekis, padedantis i\u0161vengti per greito ilg\u0173 kaul\u0173 augimo ir apsaugantis s\u0105narius.<\/p>\n<\/li>\n<li data-section-id=\"1pd1uhq\" data-start=\"748\" data-end=\"828\">\n<p data-start=\"750\" data-end=\"828\">Gliukozaminas ir chondroitinas \u2013 svarbi papildoma parama s\u0105nari\u0173 vystymuisi.<\/p>\n<\/li>\n<li data-section-id=\"2ea3vh\" data-start=\"829\" data-end=\"877\">\n<p data-start=\"831\" data-end=\"877\">Beta gliukanai, palaikantys imunin\u0119 sistem\u0105.<\/p>\n<\/li>\n<li data-section-id=\"1ytbrcu\" data-start=\"878\" data-end=\"971\">\n<p data-start=\"880\" data-end=\"971\">Neso\u010diosios riebal\u0173 r\u016bg\u0161tys \u2013 jauno organizmo vystymuisi ir atsparumui stresui stiprinti.<\/p>\n<\/li>\n<li data-section-id=\"qw0qym\" data-start=\"972\" data-end=\"1021\">\n<p data-start=\"974\" data-end=\"1021\">Biotinas ir cinkas \u2013 sveikai odai ir kailiui.<\/p>\n<\/li>\n<li data-section-id=\"1sl5mux\" data-start=\"1022\" data-end=\"1174\">\n<p data-start=\"1024\" data-end=\"1174\">Labai koncentruota sud\u0117tis u\u017etikrina reikiam\u0173 maistini\u0173 med\u017eiag\u0173 suvartojim\u0105 ma\u017eesniu kiekiu, padedant suma\u017einti skrand\u017eio sukties rizik\u0105 \u0161uniukams.<\/p>\n<\/li>\n<\/ul>\n<p data-start=\"1176\" data-end=\"1574\"><strong data-start=\"1176\" data-end=\"1188\">Sud\u0117tis:<\/strong> D\u017eiovinta \u0117riena (34%), d\u017eiovintos sald\u017eiosios bulv\u0117s, d\u017eiovintos bulv\u0117s, gyv\u016bn\u0173 riebalai (jautiena) (15%), ry\u017ei\u0173 miltai (8%), \u0117rienos kepenys (5%), avi\u017einiai dribsniai (4%), d\u017eiovintas moli\u016bgas (2%), kukur\u016bz\u0173 dribsniai, d\u017eiovintos morkos (1,2%), lin\u0173 s\u0117menys, cikorijos ekstraktas, d\u017eiovinti augalai, beta gliukanai, gliukozaminas, chondroitino sulfatas, vitamin\u0173 ir mineral\u0173 mi\u0161inys.<\/p>\n<p data-start=\"1576\" data-end=\"1742\"><strong data-start=\"1576\" data-end=\"1598\">Analitin\u0117 sud\u0117tis:<\/strong> \u017dali baltymai 25%, \u017eali riebalai 14%, \u017eali skaidulos 3,4%, \u017eali pelenai 6,8%, kalcis 1,3%, fosforas 0,95%, natrio kiekis 0,15%, dr\u0117gm\u0117 iki 10%.<\/p>\n<p data-start=\"1744\" data-end=\"2021\"><strong data-start=\"1744\" data-end=\"1763\">Priedai (1 kg):<\/strong><br data-start=\"1763\" data-end=\"1766\" \/>Vitaminai: A 17 331 TV, D3 1 733 TV, E 173 mg, B1 5,09 mg, B2 9 mg, B6 6,9 mg, B12 0,07 mg, C 173 mg, niacinas 43,1 mg, pantoteno r\u016bg\u0161tis 17,8 mg.<br data-start=\"1912\" data-end=\"1915\" \/>Technologiniai priedai: nat\u016bral\u016bs antioksidantai (augalinio aliejaus ekstraktas, turtingas tokoferoliais).<\/p>\n<p data-start=\"2023\" data-end=\"2057\">Metabolin\u0117 energija: 4 120 kcal\/kg<\/p>\n<p data-start=\"2059\" data-end=\"2152\"><strong data-start=\"2059\" data-end=\"2072\">Laikymas:<\/strong> Laikyti sausoje, v\u0117sioje vietoje, apsaugotoje nuo tiesiogini\u0173 saul\u0117s spinduli\u0173.<\/p>\n<p data-start=\"2154\" data-end=\"2537\"><strong data-start=\"2154\" data-end=\"2178\">\u0160\u0117rimo instrukcijos:<\/strong><br data-start=\"2178\" data-end=\"2181\" \/>\u0160\u0117rim\u0105 pritaikyti pagal \u0161uns b\u016bkl\u0119 ir poreik\u012f. Visada u\u017etikrinti prieig\u0105 prie \u0161vie\u017eio vandens. Pereinant nuo ekstruduoto (\u012fprastai apdoroto) pa\u0161aro prie \u0161altai spausto, daryti palaipsniui per 7\u201310 dien\u0173. \u0160ie pa\u0161arai vir\u0161kinami skirtingai \u2013 \u0161altai spaustas pa\u0161aras i\u0161tirpsta skrandyje, o ne tinsta, tod\u0117l staigus pakeitimas gali sukelti vir\u0161kinimo problem\u0173.<\/p>\n","protected":false},"featured_media":54608,"template":"","meta":[],"product_brand":[],"product_cat":[538],"product_tag":[],"class_list":{"0":"post-55117","1":"product","2":"type-product","3":"status-publish","4":"has-post-thumbnail","6":"product_cat-sausas-maistas-sunims","8":"first","9":"instock","10":"sale","11":"taxable","12":"shipping-taxable","13":"purchasable","14":"product-type-simple"},"yoast_head":"<!-- This site is optimized with the Yoast SEO plugin v27.4 - https:\/\/yoast.com\/product\/yoast-seo-wordpress\/ -->\n<title>Ibero Natural \u0161altai spaustas pa\u0161aras jauniems M\/L su \u0117riena, 2 kg - MiuMjau<\/title>\n<meta name=\"robots\" content=\"index, follow, max-snippet:-1, max-image-preview:large, max-video-preview:-1\" \/>\n<link rel=\"canonical\" href=\"https:\/\/miumjau.ee\/lt\/produktas\/ibero-natural-saltai-spaustas-pasaras-jauniems-m-l-su-eriena-2-kg\/\" \/>\n<meta property=\"og:locale\" content=\"lt_LT\" \/>\n<meta property=\"og:type\" content=\"article\" \/>\n<meta property=\"og:title\" content=\"Ibero Natural \u0161altai spaustas pa\u0161aras jauniems M\/L su \u0117riena, 2 kg - MiuMjau\" \/>\n<meta property=\"og:description\" content=\"\u0160altai spaustas visavertis pa\u0161aras, kuriame yra visi vidutini\u0173 ir dideli\u0173 veisli\u0173 jaun\u0173 \u0161un\u0173 augimui reikalingi maistingi elementai. Pagamintas \u017eemoje temperat\u016broje, kad i\u0161laikyt\u0173 nat\u016bralias maistines med\u017eiagas \u2013 idealus augimo periodui. \u0160is pa\u0161aras skirtas vidutini\u0173 ir dideli\u0173 veisli\u0173 \u0161uniukams ir jauniems \u0161unims. Atsi\u017evelgiama \u012f jaun\u0173 \u0161un\u0173 specifinius poreikius, \u012fskaitant:     Kontroliuojamas ir lengvai vir\u0161kinamas baltym\u0173 kiekis, padedantis i\u0161vengti per greito ilg\u0173 kaul\u0173 augimo ir apsaugantis s\u0105narius.    Gliukozaminas ir chondroitinas \u2013 svarbi papildoma parama s\u0105nari\u0173 vystymuisi.    Beta gliukanai, palaikantys imunin\u0119 sistem\u0105.    Neso\u010diosios riebal\u0173 r\u016bg\u0161tys \u2013 jauno organizmo vystymuisi ir atsparumui stresui stiprinti.    Biotinas ir cinkas \u2013 sveikai odai ir kailiui.    Labai koncentruota sud\u0117tis u\u017etikrina reikiam\u0173 maistini\u0173 med\u017eiag\u0173 suvartojim\u0105 ma\u017eesniu kiekiu, padedant suma\u017einti skrand\u017eio sukties rizik\u0105 \u0161uniukams.   Sud\u0117tis: D\u017eiovinta \u0117riena (34%), d\u017eiovintos sald\u017eiosios bulv\u0117s, d\u017eiovintos bulv\u0117s, gyv\u016bn\u0173 riebalai (jautiena) (15%), ry\u017ei\u0173 miltai (8%), \u0117rienos kepenys (5%), avi\u017einiai dribsniai (4%), d\u017eiovintas moli\u016bgas (2%), kukur\u016bz\u0173 dribsniai, d\u017eiovintos morkos (1,2%), lin\u0173 s\u0117menys, cikorijos ekstraktas, d\u017eiovinti augalai, beta gliukanai, gliukozaminas, chondroitino sulfatas, vitamin\u0173 ir mineral\u0173 mi\u0161inys. Analitin\u0117 sud\u0117tis: \u017dali baltymai 25%, \u017eali riebalai 14%, \u017eali skaidulos 3,4%, \u017eali pelenai 6,8%, kalcis 1,3%, fosforas 0,95%, natrio kiekis 0,15%, dr\u0117gm\u0117 iki 10%. Priedai (1 kg):Vitaminai: A 17 331 TV, D3 1 733 TV, E 173 mg, B1 5,09 mg, B2 9 mg, B6 6,9 mg, B12 0,07 mg, C 173 mg, niacinas 43,1 mg, pantoteno r\u016bg\u0161tis 17,8 mg.Technologiniai priedai: nat\u016bral\u016bs antioksidantai (augalinio aliejaus ekstraktas, turtingas tokoferoliais). Metabolin\u0117 energija: 4 120 kcal\/kg Laikymas: Laikyti sausoje, v\u0117sioje vietoje, apsaugotoje nuo tiesiogini\u0173 saul\u0117s spinduli\u0173. \u0160\u0117rimo instrukcijos:\u0160\u0117rim\u0105 pritaikyti pagal \u0161uns b\u016bkl\u0119 ir poreik\u012f. Visada u\u017etikrinti prieig\u0105 prie \u0161vie\u017eio vandens. Pereinant nuo ekstruduoto (\u012fprastai apdoroto) pa\u0161aro prie \u0161altai spausto, daryti palaipsniui per 7\u201310 dien\u0173. \u0160ie pa\u0161arai vir\u0161kinami skirtingai \u2013 \u0161altai spaustas pa\u0161aras i\u0161tirpsta skrandyje, o ne tinsta, tod\u0117l staigus pakeitimas gali sukelti vir\u0161kinimo problem\u0173.\" \/>\n<meta property=\"og:url\" content=\"https:\/\/miumjau.ee\/lt\/produktas\/ibero-natural-saltai-spaustas-pasaras-jauniems-m-l-su-eriena-2-kg\/\" \/>\n<meta property=\"og:site_name\" content=\"MiuMjau\" \/>\n<meta property=\"article:publisher\" content=\"https:\/\/www.facebook.com\/miumjaupood\/\" \/>\n<meta property=\"og:image\" content=\"https:\/\/miumjau.ee\/wp-content\/uploads\/2026\/03\/ibero-koertele-kulmpress-ml-junior-lamb-2kg.jpg\" \/>\n\t<meta property=\"og:image:width\" content=\"600\" \/>\n\t<meta property=\"og:image:height\" content=\"800\" \/>\n\t<meta property=\"og:image:type\" content=\"image\/jpeg\" \/>\n<meta name=\"twitter:card\" content=\"summary_large_image\" \/>\n<script type=\"application\/ld+json\" class=\"yoast-schema-graph\">{\"@context\":\"https:\\\/\\\/schema.org\",\"@graph\":[{\"@type\":\"WebPage\",\"@id\":\"https:\\\/\\\/miumjau.ee\\\/lt\\\/produktas\\\/ibero-natural-saltai-spaustas-pasaras-jauniems-m-l-su-eriena-2-kg\\\/\",\"url\":\"https:\\\/\\\/miumjau.ee\\\/lt\\\/produktas\\\/ibero-natural-saltai-spaustas-pasaras-jauniems-m-l-su-eriena-2-kg\\\/\",\"name\":\"Ibero Natural \u0161altai spaustas pa\u0161aras jauniems M\\\/L su \u0117riena, 2 kg - MiuMjau\",\"isPartOf\":{\"@id\":\"https:\\\/\\\/miumjau.ee\\\/#website\"},\"primaryImageOfPage\":{\"@id\":\"https:\\\/\\\/miumjau.ee\\\/lt\\\/produktas\\\/ibero-natural-saltai-spaustas-pasaras-jauniems-m-l-su-eriena-2-kg\\\/#primaryimage\"},\"image\":{\"@id\":\"https:\\\/\\\/miumjau.ee\\\/lt\\\/produktas\\\/ibero-natural-saltai-spaustas-pasaras-jauniems-m-l-su-eriena-2-kg\\\/#primaryimage\"},\"thumbnailUrl\":\"https:\\\/\\\/miumjau.ee\\\/wp-content\\\/uploads\\\/2026\\\/03\\\/ibero-koertele-kulmpress-ml-junior-lamb-2kg.jpg\",\"datePublished\":\"2026-03-10T08:50:47+00:00\",\"breadcrumb\":{\"@id\":\"https:\\\/\\\/miumjau.ee\\\/lt\\\/produktas\\\/ibero-natural-saltai-spaustas-pasaras-jauniems-m-l-su-eriena-2-kg\\\/#breadcrumb\"},\"inLanguage\":\"lt-LT\",\"potentialAction\":[{\"@type\":\"ReadAction\",\"target\":[\"https:\\\/\\\/miumjau.ee\\\/lt\\\/produktas\\\/ibero-natural-saltai-spaustas-pasaras-jauniems-m-l-su-eriena-2-kg\\\/\"]}]},{\"@type\":\"ImageObject\",\"inLanguage\":\"lt-LT\",\"@id\":\"https:\\\/\\\/miumjau.ee\\\/lt\\\/produktas\\\/ibero-natural-saltai-spaustas-pasaras-jauniems-m-l-su-eriena-2-kg\\\/#primaryimage\",\"url\":\"https:\\\/\\\/miumjau.ee\\\/wp-content\\\/uploads\\\/2026\\\/03\\\/ibero-koertele-kulmpress-ml-junior-lamb-2kg.jpg\",\"contentUrl\":\"https:\\\/\\\/miumjau.ee\\\/wp-content\\\/uploads\\\/2026\\\/03\\\/ibero-koertele-kulmpress-ml-junior-lamb-2kg.jpg\",\"width\":600,\"height\":800,\"caption\":\"Ibero Natural k\u00fclmpress juunior M\\\/L lambaga, 2kg\"},{\"@type\":\"BreadcrumbList\",\"@id\":\"https:\\\/\\\/miumjau.ee\\\/lt\\\/produktas\\\/ibero-natural-saltai-spaustas-pasaras-jauniems-m-l-su-eriena-2-kg\\\/#breadcrumb\",\"itemListElement\":[{\"@type\":\"ListItem\",\"position\":1,\"name\":\"Home\",\"item\":\"https:\\\/\\\/miumjau.ee\\\/lt\\\/\"},{\"@type\":\"ListItem\",\"position\":2,\"name\":\"Parduotuv\u0117\",\"item\":\"https:\\\/\\\/miumjau.ee\\\/lt\\\/parduotuve\\\/\"},{\"@type\":\"ListItem\",\"position\":3,\"name\":\"Ibero Natural \u0161altai spaustas pa\u0161aras jauniems M\\\/L su \u0117riena, 2 kg\"}]},{\"@type\":\"WebSite\",\"@id\":\"https:\\\/\\\/miumjau.ee\\\/#website\",\"url\":\"https:\\\/\\\/miumjau.ee\\\/\",\"name\":\"MiuMjau\",\"description\":\"Kraapimispuud kassidele\",\"publisher\":{\"@id\":\"https:\\\/\\\/miumjau.ee\\\/#organization\"},\"potentialAction\":[{\"@type\":\"SearchAction\",\"target\":{\"@type\":\"EntryPoint\",\"urlTemplate\":\"https:\\\/\\\/miumjau.ee\\\/?s={search_term_string}\"},\"query-input\":{\"@type\":\"PropertyValueSpecification\",\"valueRequired\":true,\"valueName\":\"search_term_string\"}}],\"inLanguage\":\"lt-LT\"},{\"@type\":\"Organization\",\"@id\":\"https:\\\/\\\/miumjau.ee\\\/#organization\",\"name\":\"MiuMjau O\u00dc\",\"url\":\"https:\\\/\\\/miumjau.ee\\\/\",\"logo\":{\"@type\":\"ImageObject\",\"inLanguage\":\"lt-LT\",\"@id\":\"https:\\\/\\\/miumjau.ee\\\/#\\\/schema\\\/logo\\\/image\\\/\",\"url\":\"https:\\\/\\\/miumjau.ee\\\/wp-content\\\/uploads\\\/2022\\\/04\\\/MiuMjau-logo-kollane.png\",\"contentUrl\":\"https:\\\/\\\/miumjau.ee\\\/wp-content\\\/uploads\\\/2022\\\/04\\\/MiuMjau-logo-kollane.png\",\"width\":219,\"height\":100,\"caption\":\"MiuMjau O\u00dc\"},\"image\":{\"@id\":\"https:\\\/\\\/miumjau.ee\\\/#\\\/schema\\\/logo\\\/image\\\/\"},\"sameAs\":[\"https:\\\/\\\/www.facebook.com\\\/miumjaupood\\\/\"]}]}<\/script>\n<!-- \/ Yoast SEO plugin. -->","yoast_head_json":{"title":"Ibero Natural \u0161altai spaustas pa\u0161aras jauniems M\/L su \u0117riena, 2 kg - MiuMjau","robots":{"index":"index","follow":"follow","max-snippet":"max-snippet:-1","max-image-preview":"max-image-preview:large","max-video-preview":"max-video-preview:-1"},"canonical":"https:\/\/miumjau.ee\/lt\/produktas\/ibero-natural-saltai-spaustas-pasaras-jauniems-m-l-su-eriena-2-kg\/","og_locale":"lt_LT","og_type":"article","og_title":"Ibero Natural \u0161altai spaustas pa\u0161aras jauniems M\/L su \u0117riena, 2 kg - MiuMjau","og_description":"\u0160altai spaustas visavertis pa\u0161aras, kuriame yra visi vidutini\u0173 ir dideli\u0173 veisli\u0173 jaun\u0173 \u0161un\u0173 augimui reikalingi maistingi elementai. Pagamintas \u017eemoje temperat\u016broje, kad i\u0161laikyt\u0173 nat\u016bralias maistines med\u017eiagas \u2013 idealus augimo periodui. \u0160is pa\u0161aras skirtas vidutini\u0173 ir dideli\u0173 veisli\u0173 \u0161uniukams ir jauniems \u0161unims. Atsi\u017evelgiama \u012f jaun\u0173 \u0161un\u0173 specifinius poreikius, \u012fskaitant:     Kontroliuojamas ir lengvai vir\u0161kinamas baltym\u0173 kiekis, padedantis i\u0161vengti per greito ilg\u0173 kaul\u0173 augimo ir apsaugantis s\u0105narius.    Gliukozaminas ir chondroitinas \u2013 svarbi papildoma parama s\u0105nari\u0173 vystymuisi.    Beta gliukanai, palaikantys imunin\u0119 sistem\u0105.    Neso\u010diosios riebal\u0173 r\u016bg\u0161tys \u2013 jauno organizmo vystymuisi ir atsparumui stresui stiprinti.    Biotinas ir cinkas \u2013 sveikai odai ir kailiui.    Labai koncentruota sud\u0117tis u\u017etikrina reikiam\u0173 maistini\u0173 med\u017eiag\u0173 suvartojim\u0105 ma\u017eesniu kiekiu, padedant suma\u017einti skrand\u017eio sukties rizik\u0105 \u0161uniukams.   Sud\u0117tis: D\u017eiovinta \u0117riena (34%), d\u017eiovintos sald\u017eiosios bulv\u0117s, d\u017eiovintos bulv\u0117s, gyv\u016bn\u0173 riebalai (jautiena) (15%), ry\u017ei\u0173 miltai (8%), \u0117rienos kepenys (5%), avi\u017einiai dribsniai (4%), d\u017eiovintas moli\u016bgas (2%), kukur\u016bz\u0173 dribsniai, d\u017eiovintos morkos (1,2%), lin\u0173 s\u0117menys, cikorijos ekstraktas, d\u017eiovinti augalai, beta gliukanai, gliukozaminas, chondroitino sulfatas, vitamin\u0173 ir mineral\u0173 mi\u0161inys. Analitin\u0117 sud\u0117tis: \u017dali baltymai 25%, \u017eali riebalai 14%, \u017eali skaidulos 3,4%, \u017eali pelenai 6,8%, kalcis 1,3%, fosforas 0,95%, natrio kiekis 0,15%, dr\u0117gm\u0117 iki 10%. Priedai (1 kg):Vitaminai: A 17 331 TV, D3 1 733 TV, E 173 mg, B1 5,09 mg, B2 9 mg, B6 6,9 mg, B12 0,07 mg, C 173 mg, niacinas 43,1 mg, pantoteno r\u016bg\u0161tis 17,8 mg.Technologiniai priedai: nat\u016bral\u016bs antioksidantai (augalinio aliejaus ekstraktas, turtingas tokoferoliais). Metabolin\u0117 energija: 4 120 kcal\/kg Laikymas: Laikyti sausoje, v\u0117sioje vietoje, apsaugotoje nuo tiesiogini\u0173 saul\u0117s spinduli\u0173. \u0160\u0117rimo instrukcijos:\u0160\u0117rim\u0105 pritaikyti pagal \u0161uns b\u016bkl\u0119 ir poreik\u012f. Visada u\u017etikrinti prieig\u0105 prie \u0161vie\u017eio vandens. Pereinant nuo ekstruduoto (\u012fprastai apdoroto) pa\u0161aro prie \u0161altai spausto, daryti palaipsniui per 7\u201310 dien\u0173. \u0160ie pa\u0161arai vir\u0161kinami skirtingai \u2013 \u0161altai spaustas pa\u0161aras i\u0161tirpsta skrandyje, o ne tinsta, tod\u0117l staigus pakeitimas gali sukelti vir\u0161kinimo problem\u0173.","og_url":"https:\/\/miumjau.ee\/lt\/produktas\/ibero-natural-saltai-spaustas-pasaras-jauniems-m-l-su-eriena-2-kg\/","og_site_name":"MiuMjau","article_publisher":"https:\/\/www.facebook.com\/miumjaupood\/","og_image":[{"width":600,"height":800,"url":"https:\/\/miumjau.ee\/wp-content\/uploads\/2026\/03\/ibero-koertele-kulmpress-ml-junior-lamb-2kg.jpg","type":"image\/jpeg"}],"twitter_card":"summary_large_image","schema":{"@context":"https:\/\/schema.org","@graph":[{"@type":"WebPage","@id":"https:\/\/miumjau.ee\/lt\/produktas\/ibero-natural-saltai-spaustas-pasaras-jauniems-m-l-su-eriena-2-kg\/","url":"https:\/\/miumjau.ee\/lt\/produktas\/ibero-natural-saltai-spaustas-pasaras-jauniems-m-l-su-eriena-2-kg\/","name":"Ibero Natural \u0161altai spaustas pa\u0161aras jauniems M\/L su \u0117riena, 2 kg - MiuMjau","isPartOf":{"@id":"https:\/\/miumjau.ee\/#website"},"primaryImageOfPage":{"@id":"https:\/\/miumjau.ee\/lt\/produktas\/ibero-natural-saltai-spaustas-pasaras-jauniems-m-l-su-eriena-2-kg\/#primaryimage"},"image":{"@id":"https:\/\/miumjau.ee\/lt\/produktas\/ibero-natural-saltai-spaustas-pasaras-jauniems-m-l-su-eriena-2-kg\/#primaryimage"},"thumbnailUrl":"https:\/\/miumjau.ee\/wp-content\/uploads\/2026\/03\/ibero-koertele-kulmpress-ml-junior-lamb-2kg.jpg","datePublished":"2026-03-10T08:50:47+00:00","breadcrumb":{"@id":"https:\/\/miumjau.ee\/lt\/produktas\/ibero-natural-saltai-spaustas-pasaras-jauniems-m-l-su-eriena-2-kg\/#breadcrumb"},"inLanguage":"lt-LT","potentialAction":[{"@type":"ReadAction","target":["https:\/\/miumjau.ee\/lt\/produktas\/ibero-natural-saltai-spaustas-pasaras-jauniems-m-l-su-eriena-2-kg\/"]}]},{"@type":"ImageObject","inLanguage":"lt-LT","@id":"https:\/\/miumjau.ee\/lt\/produktas\/ibero-natural-saltai-spaustas-pasaras-jauniems-m-l-su-eriena-2-kg\/#primaryimage","url":"https:\/\/miumjau.ee\/wp-content\/uploads\/2026\/03\/ibero-koertele-kulmpress-ml-junior-lamb-2kg.jpg","contentUrl":"https:\/\/miumjau.ee\/wp-content\/uploads\/2026\/03\/ibero-koertele-kulmpress-ml-junior-lamb-2kg.jpg","width":600,"height":800,"caption":"Ibero Natural k\u00fclmpress juunior M\/L lambaga, 2kg"},{"@type":"BreadcrumbList","@id":"https:\/\/miumjau.ee\/lt\/produktas\/ibero-natural-saltai-spaustas-pasaras-jauniems-m-l-su-eriena-2-kg\/#breadcrumb","itemListElement":[{"@type":"ListItem","position":1,"name":"Home","item":"https:\/\/miumjau.ee\/lt\/"},{"@type":"ListItem","position":2,"name":"Parduotuv\u0117","item":"https:\/\/miumjau.ee\/lt\/parduotuve\/"},{"@type":"ListItem","position":3,"name":"Ibero Natural \u0161altai spaustas pa\u0161aras jauniems M\/L su \u0117riena, 2 kg"}]},{"@type":"WebSite","@id":"https:\/\/miumjau.ee\/#website","url":"https:\/\/miumjau.ee\/","name":"MiuMjau","description":"Kraapimispuud kassidele","publisher":{"@id":"https:\/\/miumjau.ee\/#organization"},"potentialAction":[{"@type":"SearchAction","target":{"@type":"EntryPoint","urlTemplate":"https:\/\/miumjau.ee\/?s={search_term_string}"},"query-input":{"@type":"PropertyValueSpecification","valueRequired":true,"valueName":"search_term_string"}}],"inLanguage":"lt-LT"},{"@type":"Organization","@id":"https:\/\/miumjau.ee\/#organization","name":"MiuMjau O\u00dc","url":"https:\/\/miumjau.ee\/","logo":{"@type":"ImageObject","inLanguage":"lt-LT","@id":"https:\/\/miumjau.ee\/#\/schema\/logo\/image\/","url":"https:\/\/miumjau.ee\/wp-content\/uploads\/2022\/04\/MiuMjau-logo-kollane.png","contentUrl":"https:\/\/miumjau.ee\/wp-content\/uploads\/2022\/04\/MiuMjau-logo-kollane.png","width":219,"height":100,"caption":"MiuMjau O\u00dc"},"image":{"@id":"https:\/\/miumjau.ee\/#\/schema\/logo\/image\/"},"sameAs":["https:\/\/www.facebook.com\/miumjaupood\/"]}]}},"_links":{"self":[{"href":"https:\/\/miumjau.ee\/lt\/wp-json\/wp\/v2\/product\/55117","targetHints":{"allow":["GET"]}}],"collection":[{"href":"https:\/\/miumjau.ee\/lt\/wp-json\/wp\/v2\/product"}],"about":[{"href":"https:\/\/miumjau.ee\/lt\/wp-json\/wp\/v2\/types\/product"}],"wp:featuredmedia":[{"embeddable":true,"href":"https:\/\/miumjau.ee\/lt\/wp-json\/wp\/v2\/media\/54608"}],"wp:attachment":[{"href":"https:\/\/miumjau.ee\/lt\/wp-json\/wp\/v2\/media?parent=55117"}],"wp:term":[{"taxonomy":"product_brand","embeddable":true,"href":"https:\/\/miumjau.ee\/lt\/wp-json\/wp\/v2\/product_brand?post=55117"},{"taxonomy":"product_cat","embeddable":true,"href":"https:\/\/miumjau.ee\/lt\/wp-json\/wp\/v2\/product_cat?post=55117"},{"taxonomy":"product_tag","embeddable":true,"href":"https:\/\/miumjau.ee\/lt\/wp-json\/wp\/v2\/product_tag?post=55117"}],"curies":[{"name":"wp","href":"https:\/\/api.w.org\/{rel}","templated":true}]}}