{"id":55112,"date":"2026-03-10T10:51:44","date_gmt":"2026-03-10T08:51:44","guid":{"rendered":"https:\/\/miumjau.ee\/toode\/ibero-natural-saltai-spaustas-pasaras-jauniems-s-su-eriena-2-kg\/"},"modified":"2026-03-10T10:51:44","modified_gmt":"2026-03-10T08:51:44","slug":"ibero-natural-saltai-spaustas-pasaras-jauniems-s-su-eriena-2-kg","status":"publish","type":"product","link":"https:\/\/miumjau.ee\/lt\/produktas\/ibero-natural-saltai-spaustas-pasaras-jauniems-s-su-eriena-2-kg\/","title":{"rendered":"Ibero Natural \u0161altai spaustas pa\u0161aras jauniems S su \u0117riena, 2 kg"},"content":{"rendered":"","protected":false},"excerpt":{"rendered":"<p data-start=\"132\" data-end=\"250\">Visavertis \u0161altai spaustas \u0161un\u0173 pa\u0161aras, kuriame yra visos reikalingos maistin\u0117s med\u017eiagos ma\u017e\u0173 veisli\u0173 JUNIOR \u0161unims.<\/p>\n<p data-start=\"252\" data-end=\"327\">Sujungia \u0161altai spausto pa\u0161aro privalumus ir naujus skonius Ibero serijoje.<\/p>\n<p data-start=\"329\" data-end=\"429\">Ibero serija i\u0161laiko pagrindinius privalumus \u2013 daug d\u017eiovintos m\u0117sos, m\u0117sa gaunama i\u0161 vietini\u0173 \u016bki\u0173.<\/p>\n<p data-start=\"431\" data-end=\"500\"><strong data-start=\"431\" data-end=\"449\">100% NAT\u016aRALUS<\/strong> \u2013 kaip ir visa Ibero serija \u2013 be chemikal\u0173 ir GMO.<\/p>\n<p data-start=\"502\" data-end=\"663\">\u0160altai spausto pa\u0161aro reikia ma\u017eiau \u2013 jis yra maistingesnis, tod\u0117l net jei jo kaina didesn\u0117, ilgainiui jis gali b\u016bti ekonomi\u0161kesnis, nes pakuot\u0117 tarnauja ilgiau.<\/p>\n<p data-start=\"665\" data-end=\"699\"><strong data-start=\"665\" data-end=\"699\">\u0160altai spaustas pa\u0161aras tinka:<\/strong><\/p>\n<p data-start=\"701\" data-end=\"1193\">Stres\u0105 patiriantiems \u0161unims \u2013 koncentruotas pa\u0161aras, didesn\u0117 maistin\u0117 vert\u0117<br data-start=\"776\" data-end=\"779\" \/>N\u0117\u0161\u010dioms kal\u0117ms \u2013 maistingas racionas tiek motinai, tiek \u0161uniukams, padeda suma\u017einti pilvo apkrov\u0105 augant vaisiui<br data-start=\"892\" data-end=\"895\" \/>Veis\u0117jams ir j\u0173 partneriams, kurie renkasi kitokias apdorojimo technologijas \u2013 nat\u016bralesnis mitybos b\u016bdas su saugiu apdorojimu veterinaro prie\u017ei\u016broje, nereikalaujant speciali\u0173 mitybos \u017eini\u0173 \u2013 visi receptai turi tinkamai subalansuotas maistines med\u017eiagas \u0161uniukams ir suaugusiems \u0161unims pagal dyd\u012f<\/p>\n<p data-start=\"1195\" data-end=\"1221\"><strong data-start=\"1195\" data-end=\"1221\">Naudojimo instrukcija:<\/strong><\/p>\n<p data-start=\"1223\" data-end=\"1316\">Palaipsniui pereikite prie \u0161io sauso pa\u0161aro.<br data-start=\"1267\" data-end=\"1270\" \/>Visada u\u017etikrinkite \u0161vie\u017ei\u0105 geriam\u0105j\u012f vanden\u012f.<\/p>\n<p data-start=\"1318\" data-end=\"1712\"><strong data-start=\"1318\" data-end=\"1330\">SUD\u0116TIS:<\/strong> D\u017eiovinta \u0117riena (34 %), d\u017eiovintos sald\u017eiosios bulv\u0117s, d\u017eiovintos bulv\u0117s, jautienos riebalai (15 %), ry\u017ei\u0173 miltai (8 %), \u0117rienos kepenys (5 %), avi\u017einiai dribsniai (4 %), d\u017eiovintas moli\u016bgas (2 %), d\u017eiovintos \u0117rienos kepenys (2 %), kukur\u016bz\u0173 dribsniai, d\u017eiovintos morkos (1,2 %), lin\u0173 s\u0117menys, cikorijos ekstraktas, d\u017eiovintos \u017eolel\u0117s, beta gliukanai, vitamin\u0173 ir mineral\u0173 mi\u0161inys.<\/p>\n<p data-start=\"1714\" data-end=\"1890\"><strong data-start=\"1714\" data-end=\"1745\">ANALITIN\u0116S SUD\u0116TIN\u0116S DALYS:<\/strong> \u017dali baltymai 26 %, \u017eali riebalai 14 %, \u017eali skaidulos 3,4 %, \u017eali pelenai 6,8 %, kalcis 1,3 %, fosforas 0,95 %, natris 0,15 %, dr\u0117gm\u0117 iki 10 %.<\/p>\n<p data-start=\"1892\" data-end=\"2315\"><strong data-start=\"1892\" data-end=\"1911\">Priedai (1 kg):<\/strong><br data-start=\"1911\" data-end=\"1914\" \/>Vitaminai: A 16988 TV, D3 1698 TV, E 170 mg, B1 4,98 mg, B2 8,83 mg, B6 6,78 mg, B12 0,07 mg, C 118 mg, niacinas 42,25 mg, pantoteno r\u016bg\u0161tis 17,47 mg, folio r\u016bg\u0161tis 0,68 mg, biotinas 0,42 mg.<br data-start=\"2105\" data-end=\"2108\" \/>Mineralai: jodas 4,07 mg, selenas 0,37 mg, gele\u017eis 99 mg, varis 11,88 mg, cinkas 125,7 mg, manganas 11,88 mg, cholino chloridas 1835 mg.<br data-start=\"2244\" data-end=\"2247\" \/>Antioksidantai: augalini\u0173 aliej\u0173 ekstraktai, turtingi tokoferoliais.<\/p>\n<p data-start=\"2317\" data-end=\"2350\">Metabolin\u0117 energija: 3860 kcal\/kg<\/p>\n<p data-start=\"2352\" data-end=\"2432\"><strong data-start=\"2352\" data-end=\"2432\">Rekomenduojama dienos norma JUNIOR \u0161uniukams pagal am\u017ei\u0173 ir suaugusio svor\u012f:<\/strong><\/p>\n<p data-start=\"2434\" data-end=\"2724\">Am\u017eius \/ Suaugusio svoris | 1 kg | 2 kg | 3 kg | 5 kg | 7 kg | 10 kg<br data-start=\"2502\" data-end=\"2505\" \/>2\u20133 m\u0117n. | 30 g | 35 g | 50 g | 60 g | 75 g | 100 g<br data-start=\"2556\" data-end=\"2559\" \/>3\u20134 m\u0117n. | 45 g | 50 g | 65 g | 75 g | 90 g | 130 g<br data-start=\"2610\" data-end=\"2613\" \/>4\u20136 m\u0117n. | 55 g | 60 g | 75 g | 90 g | 120 g | 150 g<br data-start=\"2665\" data-end=\"2668\" \/>6\u201312 m\u0117n. | 60 g | 65 g | 80 g | 120 g | 140 g | 180 g<\/p>\n","protected":false},"featured_media":54620,"template":"","meta":[],"product_brand":[],"product_cat":[538],"product_tag":[],"class_list":{"0":"post-55112","1":"product","2":"type-product","3":"status-publish","4":"has-post-thumbnail","6":"product_cat-sausas-maistas-sunims","8":"first","9":"instock","10":"sale","11":"taxable","12":"shipping-taxable","13":"purchasable","14":"product-type-simple"},"yoast_head":"<!-- This site is optimized with the Yoast SEO plugin v27.4 - https:\/\/yoast.com\/product\/yoast-seo-wordpress\/ -->\n<title>Ibero Natural \u0161altai spaustas pa\u0161aras jauniems S su \u0117riena, 2 kg - MiuMjau<\/title>\n<meta name=\"robots\" content=\"index, follow, max-snippet:-1, max-image-preview:large, max-video-preview:-1\" \/>\n<link rel=\"canonical\" href=\"https:\/\/miumjau.ee\/lt\/produktas\/ibero-natural-saltai-spaustas-pasaras-jauniems-s-su-eriena-2-kg\/\" \/>\n<meta property=\"og:locale\" content=\"lt_LT\" \/>\n<meta property=\"og:type\" content=\"article\" \/>\n<meta property=\"og:title\" content=\"Ibero Natural \u0161altai spaustas pa\u0161aras jauniems S su \u0117riena, 2 kg - MiuMjau\" \/>\n<meta property=\"og:description\" content=\"Visavertis \u0161altai spaustas \u0161un\u0173 pa\u0161aras, kuriame yra visos reikalingos maistin\u0117s med\u017eiagos ma\u017e\u0173 veisli\u0173 JUNIOR \u0161unims. Sujungia \u0161altai spausto pa\u0161aro privalumus ir naujus skonius Ibero serijoje. Ibero serija i\u0161laiko pagrindinius privalumus \u2013 daug d\u017eiovintos m\u0117sos, m\u0117sa gaunama i\u0161 vietini\u0173 \u016bki\u0173. 100% NAT\u016aRALUS \u2013 kaip ir visa Ibero serija \u2013 be chemikal\u0173 ir GMO. \u0160altai spausto pa\u0161aro reikia ma\u017eiau \u2013 jis yra maistingesnis, tod\u0117l net jei jo kaina didesn\u0117, ilgainiui jis gali b\u016bti ekonomi\u0161kesnis, nes pakuot\u0117 tarnauja ilgiau. \u0160altai spaustas pa\u0161aras tinka: Stres\u0105 patiriantiems \u0161unims \u2013 koncentruotas pa\u0161aras, didesn\u0117 maistin\u0117 vert\u0117N\u0117\u0161\u010dioms kal\u0117ms \u2013 maistingas racionas tiek motinai, tiek \u0161uniukams, padeda suma\u017einti pilvo apkrov\u0105 augant vaisiuiVeis\u0117jams ir j\u0173 partneriams, kurie renkasi kitokias apdorojimo technologijas \u2013 nat\u016bralesnis mitybos b\u016bdas su saugiu apdorojimu veterinaro prie\u017ei\u016broje, nereikalaujant speciali\u0173 mitybos \u017eini\u0173 \u2013 visi receptai turi tinkamai subalansuotas maistines med\u017eiagas \u0161uniukams ir suaugusiems \u0161unims pagal dyd\u012f Naudojimo instrukcija: Palaipsniui pereikite prie \u0161io sauso pa\u0161aro.Visada u\u017etikrinkite \u0161vie\u017ei\u0105 geriam\u0105j\u012f vanden\u012f. SUD\u0116TIS: D\u017eiovinta \u0117riena (34 %), d\u017eiovintos sald\u017eiosios bulv\u0117s, d\u017eiovintos bulv\u0117s, jautienos riebalai (15 %), ry\u017ei\u0173 miltai (8 %), \u0117rienos kepenys (5 %), avi\u017einiai dribsniai (4 %), d\u017eiovintas moli\u016bgas (2 %), d\u017eiovintos \u0117rienos kepenys (2 %), kukur\u016bz\u0173 dribsniai, d\u017eiovintos morkos (1,2 %), lin\u0173 s\u0117menys, cikorijos ekstraktas, d\u017eiovintos \u017eolel\u0117s, beta gliukanai, vitamin\u0173 ir mineral\u0173 mi\u0161inys. ANALITIN\u0116S SUD\u0116TIN\u0116S DALYS: \u017dali baltymai 26 %, \u017eali riebalai 14 %, \u017eali skaidulos 3,4 %, \u017eali pelenai 6,8 %, kalcis 1,3 %, fosforas 0,95 %, natris 0,15 %, dr\u0117gm\u0117 iki 10 %. Priedai (1 kg):Vitaminai: A 16988 TV, D3 1698 TV, E 170 mg, B1 4,98 mg, B2 8,83 mg, B6 6,78 mg, B12 0,07 mg, C 118 mg, niacinas 42,25 mg, pantoteno r\u016bg\u0161tis 17,47 mg, folio r\u016bg\u0161tis 0,68 mg, biotinas 0,42 mg.Mineralai: jodas 4,07 mg, selenas 0,37 mg, gele\u017eis 99 mg, varis 11,88 mg, cinkas 125,7 mg, manganas 11,88 mg, cholino chloridas 1835 mg.Antioksidantai: augalini\u0173 aliej\u0173 ekstraktai, turtingi tokoferoliais. Metabolin\u0117 energija: 3860 kcal\/kg Rekomenduojama dienos norma JUNIOR \u0161uniukams pagal am\u017ei\u0173 ir suaugusio svor\u012f: Am\u017eius \/ Suaugusio svoris | 1 kg | 2 kg | 3 kg | 5 kg | 7 kg | 10 kg2\u20133 m\u0117n. | 30 g | 35 g | 50 g | 60 g | 75 g | 100 g3\u20134 m\u0117n. | 45 g | 50 g | 65 g | 75 g | 90 g | 130 g4\u20136 m\u0117n. | 55 g | 60 g | 75 g | 90 g | 120 g | 150 g6\u201312 m\u0117n. | 60 g | 65 g | 80 g | 120 g | 140 g | 180 g\" \/>\n<meta property=\"og:url\" content=\"https:\/\/miumjau.ee\/lt\/produktas\/ibero-natural-saltai-spaustas-pasaras-jauniems-s-su-eriena-2-kg\/\" \/>\n<meta property=\"og:site_name\" content=\"MiuMjau\" \/>\n<meta property=\"article:publisher\" content=\"https:\/\/www.facebook.com\/miumjaupood\/\" \/>\n<meta property=\"og:image\" content=\"https:\/\/miumjau.ee\/wp-content\/uploads\/2026\/03\/ibero-kulmpress-2kg-S-junior-lamb.jpg\" \/>\n\t<meta property=\"og:image:width\" content=\"600\" \/>\n\t<meta property=\"og:image:height\" content=\"800\" \/>\n\t<meta property=\"og:image:type\" content=\"image\/jpeg\" \/>\n<meta name=\"twitter:card\" content=\"summary_large_image\" \/>\n<script type=\"application\/ld+json\" class=\"yoast-schema-graph\">{\"@context\":\"https:\\\/\\\/schema.org\",\"@graph\":[{\"@type\":\"WebPage\",\"@id\":\"https:\\\/\\\/miumjau.ee\\\/lt\\\/produktas\\\/ibero-natural-saltai-spaustas-pasaras-jauniems-s-su-eriena-2-kg\\\/\",\"url\":\"https:\\\/\\\/miumjau.ee\\\/lt\\\/produktas\\\/ibero-natural-saltai-spaustas-pasaras-jauniems-s-su-eriena-2-kg\\\/\",\"name\":\"Ibero Natural \u0161altai spaustas pa\u0161aras jauniems S su \u0117riena, 2 kg - MiuMjau\",\"isPartOf\":{\"@id\":\"https:\\\/\\\/miumjau.ee\\\/#website\"},\"primaryImageOfPage\":{\"@id\":\"https:\\\/\\\/miumjau.ee\\\/lt\\\/produktas\\\/ibero-natural-saltai-spaustas-pasaras-jauniems-s-su-eriena-2-kg\\\/#primaryimage\"},\"image\":{\"@id\":\"https:\\\/\\\/miumjau.ee\\\/lt\\\/produktas\\\/ibero-natural-saltai-spaustas-pasaras-jauniems-s-su-eriena-2-kg\\\/#primaryimage\"},\"thumbnailUrl\":\"https:\\\/\\\/miumjau.ee\\\/wp-content\\\/uploads\\\/2026\\\/03\\\/ibero-kulmpress-2kg-S-junior-lamb.jpg\",\"datePublished\":\"2026-03-10T08:51:44+00:00\",\"breadcrumb\":{\"@id\":\"https:\\\/\\\/miumjau.ee\\\/lt\\\/produktas\\\/ibero-natural-saltai-spaustas-pasaras-jauniems-s-su-eriena-2-kg\\\/#breadcrumb\"},\"inLanguage\":\"lt-LT\",\"potentialAction\":[{\"@type\":\"ReadAction\",\"target\":[\"https:\\\/\\\/miumjau.ee\\\/lt\\\/produktas\\\/ibero-natural-saltai-spaustas-pasaras-jauniems-s-su-eriena-2-kg\\\/\"]}]},{\"@type\":\"ImageObject\",\"inLanguage\":\"lt-LT\",\"@id\":\"https:\\\/\\\/miumjau.ee\\\/lt\\\/produktas\\\/ibero-natural-saltai-spaustas-pasaras-jauniems-s-su-eriena-2-kg\\\/#primaryimage\",\"url\":\"https:\\\/\\\/miumjau.ee\\\/wp-content\\\/uploads\\\/2026\\\/03\\\/ibero-kulmpress-2kg-S-junior-lamb.jpg\",\"contentUrl\":\"https:\\\/\\\/miumjau.ee\\\/wp-content\\\/uploads\\\/2026\\\/03\\\/ibero-kulmpress-2kg-S-junior-lamb.jpg\",\"width\":600,\"height\":800,\"caption\":\"Ibero Natural k\u00fclmpress juunior S lambaga, 2kg\"},{\"@type\":\"BreadcrumbList\",\"@id\":\"https:\\\/\\\/miumjau.ee\\\/lt\\\/produktas\\\/ibero-natural-saltai-spaustas-pasaras-jauniems-s-su-eriena-2-kg\\\/#breadcrumb\",\"itemListElement\":[{\"@type\":\"ListItem\",\"position\":1,\"name\":\"Home\",\"item\":\"https:\\\/\\\/miumjau.ee\\\/lt\\\/\"},{\"@type\":\"ListItem\",\"position\":2,\"name\":\"Parduotuv\u0117\",\"item\":\"https:\\\/\\\/miumjau.ee\\\/lt\\\/parduotuve\\\/\"},{\"@type\":\"ListItem\",\"position\":3,\"name\":\"Ibero Natural \u0161altai spaustas pa\u0161aras jauniems S su \u0117riena, 2 kg\"}]},{\"@type\":\"WebSite\",\"@id\":\"https:\\\/\\\/miumjau.ee\\\/#website\",\"url\":\"https:\\\/\\\/miumjau.ee\\\/\",\"name\":\"MiuMjau\",\"description\":\"Kraapimispuud kassidele\",\"publisher\":{\"@id\":\"https:\\\/\\\/miumjau.ee\\\/#organization\"},\"potentialAction\":[{\"@type\":\"SearchAction\",\"target\":{\"@type\":\"EntryPoint\",\"urlTemplate\":\"https:\\\/\\\/miumjau.ee\\\/?s={search_term_string}\"},\"query-input\":{\"@type\":\"PropertyValueSpecification\",\"valueRequired\":true,\"valueName\":\"search_term_string\"}}],\"inLanguage\":\"lt-LT\"},{\"@type\":\"Organization\",\"@id\":\"https:\\\/\\\/miumjau.ee\\\/#organization\",\"name\":\"MiuMjau O\u00dc\",\"url\":\"https:\\\/\\\/miumjau.ee\\\/\",\"logo\":{\"@type\":\"ImageObject\",\"inLanguage\":\"lt-LT\",\"@id\":\"https:\\\/\\\/miumjau.ee\\\/#\\\/schema\\\/logo\\\/image\\\/\",\"url\":\"https:\\\/\\\/miumjau.ee\\\/wp-content\\\/uploads\\\/2022\\\/04\\\/MiuMjau-logo-kollane.png\",\"contentUrl\":\"https:\\\/\\\/miumjau.ee\\\/wp-content\\\/uploads\\\/2022\\\/04\\\/MiuMjau-logo-kollane.png\",\"width\":219,\"height\":100,\"caption\":\"MiuMjau O\u00dc\"},\"image\":{\"@id\":\"https:\\\/\\\/miumjau.ee\\\/#\\\/schema\\\/logo\\\/image\\\/\"},\"sameAs\":[\"https:\\\/\\\/www.facebook.com\\\/miumjaupood\\\/\"]}]}<\/script>\n<!-- \/ Yoast SEO plugin. -->","yoast_head_json":{"title":"Ibero Natural \u0161altai spaustas pa\u0161aras jauniems S su \u0117riena, 2 kg - MiuMjau","robots":{"index":"index","follow":"follow","max-snippet":"max-snippet:-1","max-image-preview":"max-image-preview:large","max-video-preview":"max-video-preview:-1"},"canonical":"https:\/\/miumjau.ee\/lt\/produktas\/ibero-natural-saltai-spaustas-pasaras-jauniems-s-su-eriena-2-kg\/","og_locale":"lt_LT","og_type":"article","og_title":"Ibero Natural \u0161altai spaustas pa\u0161aras jauniems S su \u0117riena, 2 kg - MiuMjau","og_description":"Visavertis \u0161altai spaustas \u0161un\u0173 pa\u0161aras, kuriame yra visos reikalingos maistin\u0117s med\u017eiagos ma\u017e\u0173 veisli\u0173 JUNIOR \u0161unims. Sujungia \u0161altai spausto pa\u0161aro privalumus ir naujus skonius Ibero serijoje. Ibero serija i\u0161laiko pagrindinius privalumus \u2013 daug d\u017eiovintos m\u0117sos, m\u0117sa gaunama i\u0161 vietini\u0173 \u016bki\u0173. 100% NAT\u016aRALUS \u2013 kaip ir visa Ibero serija \u2013 be chemikal\u0173 ir GMO. \u0160altai spausto pa\u0161aro reikia ma\u017eiau \u2013 jis yra maistingesnis, tod\u0117l net jei jo kaina didesn\u0117, ilgainiui jis gali b\u016bti ekonomi\u0161kesnis, nes pakuot\u0117 tarnauja ilgiau. \u0160altai spaustas pa\u0161aras tinka: Stres\u0105 patiriantiems \u0161unims \u2013 koncentruotas pa\u0161aras, didesn\u0117 maistin\u0117 vert\u0117N\u0117\u0161\u010dioms kal\u0117ms \u2013 maistingas racionas tiek motinai, tiek \u0161uniukams, padeda suma\u017einti pilvo apkrov\u0105 augant vaisiuiVeis\u0117jams ir j\u0173 partneriams, kurie renkasi kitokias apdorojimo technologijas \u2013 nat\u016bralesnis mitybos b\u016bdas su saugiu apdorojimu veterinaro prie\u017ei\u016broje, nereikalaujant speciali\u0173 mitybos \u017eini\u0173 \u2013 visi receptai turi tinkamai subalansuotas maistines med\u017eiagas \u0161uniukams ir suaugusiems \u0161unims pagal dyd\u012f Naudojimo instrukcija: Palaipsniui pereikite prie \u0161io sauso pa\u0161aro.Visada u\u017etikrinkite \u0161vie\u017ei\u0105 geriam\u0105j\u012f vanden\u012f. SUD\u0116TIS: D\u017eiovinta \u0117riena (34 %), d\u017eiovintos sald\u017eiosios bulv\u0117s, d\u017eiovintos bulv\u0117s, jautienos riebalai (15 %), ry\u017ei\u0173 miltai (8 %), \u0117rienos kepenys (5 %), avi\u017einiai dribsniai (4 %), d\u017eiovintas moli\u016bgas (2 %), d\u017eiovintos \u0117rienos kepenys (2 %), kukur\u016bz\u0173 dribsniai, d\u017eiovintos morkos (1,2 %), lin\u0173 s\u0117menys, cikorijos ekstraktas, d\u017eiovintos \u017eolel\u0117s, beta gliukanai, vitamin\u0173 ir mineral\u0173 mi\u0161inys. ANALITIN\u0116S SUD\u0116TIN\u0116S DALYS: \u017dali baltymai 26 %, \u017eali riebalai 14 %, \u017eali skaidulos 3,4 %, \u017eali pelenai 6,8 %, kalcis 1,3 %, fosforas 0,95 %, natris 0,15 %, dr\u0117gm\u0117 iki 10 %. Priedai (1 kg):Vitaminai: A 16988 TV, D3 1698 TV, E 170 mg, B1 4,98 mg, B2 8,83 mg, B6 6,78 mg, B12 0,07 mg, C 118 mg, niacinas 42,25 mg, pantoteno r\u016bg\u0161tis 17,47 mg, folio r\u016bg\u0161tis 0,68 mg, biotinas 0,42 mg.Mineralai: jodas 4,07 mg, selenas 0,37 mg, gele\u017eis 99 mg, varis 11,88 mg, cinkas 125,7 mg, manganas 11,88 mg, cholino chloridas 1835 mg.Antioksidantai: augalini\u0173 aliej\u0173 ekstraktai, turtingi tokoferoliais. Metabolin\u0117 energija: 3860 kcal\/kg Rekomenduojama dienos norma JUNIOR \u0161uniukams pagal am\u017ei\u0173 ir suaugusio svor\u012f: Am\u017eius \/ Suaugusio svoris | 1 kg | 2 kg | 3 kg | 5 kg | 7 kg | 10 kg2\u20133 m\u0117n. | 30 g | 35 g | 50 g | 60 g | 75 g | 100 g3\u20134 m\u0117n. | 45 g | 50 g | 65 g | 75 g | 90 g | 130 g4\u20136 m\u0117n. | 55 g | 60 g | 75 g | 90 g | 120 g | 150 g6\u201312 m\u0117n. | 60 g | 65 g | 80 g | 120 g | 140 g | 180 g","og_url":"https:\/\/miumjau.ee\/lt\/produktas\/ibero-natural-saltai-spaustas-pasaras-jauniems-s-su-eriena-2-kg\/","og_site_name":"MiuMjau","article_publisher":"https:\/\/www.facebook.com\/miumjaupood\/","og_image":[{"width":600,"height":800,"url":"https:\/\/miumjau.ee\/wp-content\/uploads\/2026\/03\/ibero-kulmpress-2kg-S-junior-lamb.jpg","type":"image\/jpeg"}],"twitter_card":"summary_large_image","schema":{"@context":"https:\/\/schema.org","@graph":[{"@type":"WebPage","@id":"https:\/\/miumjau.ee\/lt\/produktas\/ibero-natural-saltai-spaustas-pasaras-jauniems-s-su-eriena-2-kg\/","url":"https:\/\/miumjau.ee\/lt\/produktas\/ibero-natural-saltai-spaustas-pasaras-jauniems-s-su-eriena-2-kg\/","name":"Ibero Natural \u0161altai spaustas pa\u0161aras jauniems S su \u0117riena, 2 kg - MiuMjau","isPartOf":{"@id":"https:\/\/miumjau.ee\/#website"},"primaryImageOfPage":{"@id":"https:\/\/miumjau.ee\/lt\/produktas\/ibero-natural-saltai-spaustas-pasaras-jauniems-s-su-eriena-2-kg\/#primaryimage"},"image":{"@id":"https:\/\/miumjau.ee\/lt\/produktas\/ibero-natural-saltai-spaustas-pasaras-jauniems-s-su-eriena-2-kg\/#primaryimage"},"thumbnailUrl":"https:\/\/miumjau.ee\/wp-content\/uploads\/2026\/03\/ibero-kulmpress-2kg-S-junior-lamb.jpg","datePublished":"2026-03-10T08:51:44+00:00","breadcrumb":{"@id":"https:\/\/miumjau.ee\/lt\/produktas\/ibero-natural-saltai-spaustas-pasaras-jauniems-s-su-eriena-2-kg\/#breadcrumb"},"inLanguage":"lt-LT","potentialAction":[{"@type":"ReadAction","target":["https:\/\/miumjau.ee\/lt\/produktas\/ibero-natural-saltai-spaustas-pasaras-jauniems-s-su-eriena-2-kg\/"]}]},{"@type":"ImageObject","inLanguage":"lt-LT","@id":"https:\/\/miumjau.ee\/lt\/produktas\/ibero-natural-saltai-spaustas-pasaras-jauniems-s-su-eriena-2-kg\/#primaryimage","url":"https:\/\/miumjau.ee\/wp-content\/uploads\/2026\/03\/ibero-kulmpress-2kg-S-junior-lamb.jpg","contentUrl":"https:\/\/miumjau.ee\/wp-content\/uploads\/2026\/03\/ibero-kulmpress-2kg-S-junior-lamb.jpg","width":600,"height":800,"caption":"Ibero Natural k\u00fclmpress juunior S lambaga, 2kg"},{"@type":"BreadcrumbList","@id":"https:\/\/miumjau.ee\/lt\/produktas\/ibero-natural-saltai-spaustas-pasaras-jauniems-s-su-eriena-2-kg\/#breadcrumb","itemListElement":[{"@type":"ListItem","position":1,"name":"Home","item":"https:\/\/miumjau.ee\/lt\/"},{"@type":"ListItem","position":2,"name":"Parduotuv\u0117","item":"https:\/\/miumjau.ee\/lt\/parduotuve\/"},{"@type":"ListItem","position":3,"name":"Ibero Natural \u0161altai spaustas pa\u0161aras jauniems S su \u0117riena, 2 kg"}]},{"@type":"WebSite","@id":"https:\/\/miumjau.ee\/#website","url":"https:\/\/miumjau.ee\/","name":"MiuMjau","description":"Kraapimispuud kassidele","publisher":{"@id":"https:\/\/miumjau.ee\/#organization"},"potentialAction":[{"@type":"SearchAction","target":{"@type":"EntryPoint","urlTemplate":"https:\/\/miumjau.ee\/?s={search_term_string}"},"query-input":{"@type":"PropertyValueSpecification","valueRequired":true,"valueName":"search_term_string"}}],"inLanguage":"lt-LT"},{"@type":"Organization","@id":"https:\/\/miumjau.ee\/#organization","name":"MiuMjau O\u00dc","url":"https:\/\/miumjau.ee\/","logo":{"@type":"ImageObject","inLanguage":"lt-LT","@id":"https:\/\/miumjau.ee\/#\/schema\/logo\/image\/","url":"https:\/\/miumjau.ee\/wp-content\/uploads\/2022\/04\/MiuMjau-logo-kollane.png","contentUrl":"https:\/\/miumjau.ee\/wp-content\/uploads\/2022\/04\/MiuMjau-logo-kollane.png","width":219,"height":100,"caption":"MiuMjau O\u00dc"},"image":{"@id":"https:\/\/miumjau.ee\/#\/schema\/logo\/image\/"},"sameAs":["https:\/\/www.facebook.com\/miumjaupood\/"]}]}},"_links":{"self":[{"href":"https:\/\/miumjau.ee\/lt\/wp-json\/wp\/v2\/product\/55112","targetHints":{"allow":["GET"]}}],"collection":[{"href":"https:\/\/miumjau.ee\/lt\/wp-json\/wp\/v2\/product"}],"about":[{"href":"https:\/\/miumjau.ee\/lt\/wp-json\/wp\/v2\/types\/product"}],"wp:featuredmedia":[{"embeddable":true,"href":"https:\/\/miumjau.ee\/lt\/wp-json\/wp\/v2\/media\/54620"}],"wp:attachment":[{"href":"https:\/\/miumjau.ee\/lt\/wp-json\/wp\/v2\/media?parent=55112"}],"wp:term":[{"taxonomy":"product_brand","embeddable":true,"href":"https:\/\/miumjau.ee\/lt\/wp-json\/wp\/v2\/product_brand?post=55112"},{"taxonomy":"product_cat","embeddable":true,"href":"https:\/\/miumjau.ee\/lt\/wp-json\/wp\/v2\/product_cat?post=55112"},{"taxonomy":"product_tag","embeddable":true,"href":"https:\/\/miumjau.ee\/lt\/wp-json\/wp\/v2\/product_tag?post=55112"}],"curies":[{"name":"wp","href":"https:\/\/api.w.org\/{rel}","templated":true}]}}