{"id":55104,"date":"2026-03-10T12:36:36","date_gmt":"2026-03-10T10:36:36","guid":{"rendered":"https:\/\/miumjau.ee\/toode\/kong-istraukiamas-pavadelis-terrain-black-m\/"},"modified":"2026-03-10T12:36:36","modified_gmt":"2026-03-10T10:36:36","slug":"kong-istraukiamas-pavadelis-terrain-black-m","status":"publish","type":"product","link":"https:\/\/miumjau.ee\/lt\/produktas\/kong-istraukiamas-pavadelis-terrain-black-m\/","title":{"rendered":"KONG i\u0161traukiamas pavad\u0117lis, Terrain Black M"},"content":{"rendered":"","protected":false},"excerpt":{"rendered":"<p data-start=\"2921\" data-end=\"2984\">Su KONG i\u0161traukiamais pavad\u0117liais viskas visada kontroliuojama!<\/p>\n<p data-start=\"2986\" data-end=\"3231\">KONG pavad\u0117liai pasi\u017eymi mink\u0161ta rankena, tod\u0117l juos patogu laikyti. Praktin\u0117 ir gerai apgalvota stabdymo sistema skland\u017eiai veikia kartu su j\u016bs\u0173 ir j\u016bs\u0173 \u0161uns jud\u0117jimu. Kaip ir visi KONG produktai, \u0161ie pavad\u0117liai yra patvar\u016bs ir auk\u0161tos kokyb\u0117s.<\/p>\n<p data-start=\"3233\" data-end=\"3247\"><strong data-start=\"3233\" data-end=\"3247\">Privalumai<\/strong><\/p>\n<p data-start=\"3249\" data-end=\"3443\">Mink\u0161ta ir patogi rankena<br data-start=\"3274\" data-end=\"3277\" \/>Lengva stabdyti ir u\u017erakinti<br data-start=\"3305\" data-end=\"3308\" \/>KONG gumin\u0117 nyk\u0161\u010dio atrama<br data-start=\"3334\" data-end=\"3337\" \/>Nuo susisukimo apsauganti sistema ir \u0161vies\u0105 atspindin\u010dios si\u016bl\u0117s<br data-start=\"3401\" data-end=\"3404\" \/>Tvirtas metalinis sukamasis karabinas<\/p>\n<p data-start=\"3445\" data-end=\"3457\"><strong data-start=\"3445\" data-end=\"3457\">Matmenys<\/strong><\/p>\n<p data-start=\"3459\" data-end=\"3603\">XS: 11,4 \u00d7 15,1 \u00d7 3,2 cm (lengvai telpa \u012f ki\u0161en\u0119 ir tinka vaikams)<br data-start=\"3525\" data-end=\"3528\" \/>S: 15,4 \u00d7 12,6 \u00d7 3,6 cm<br data-start=\"3551\" data-end=\"3554\" \/>M: 16,8 \u00d7 14,7 \u00d7 3,8 cm<br data-start=\"3577\" data-end=\"3580\" \/>L: 22,2 \u00d7 15,9 \u00d7 4 cm<\/p>\n<p data-start=\"3605\" data-end=\"3616\"><strong data-start=\"3605\" data-end=\"3616\">Savyb\u0117s<\/strong><\/p>\n<p data-start=\"3618\" data-end=\"3788\">XS: 3 m pavad\u0117lis, tinka \u0161unims 3\u201312 kg<br data-start=\"3657\" data-end=\"3660\" \/>S: 5 m pavad\u0117lis, tinka \u0161unims iki 20 kg<br data-start=\"3700\" data-end=\"3703\" \/>M: 5 m pavad\u0117lis, tinka \u0161unims iki 30 kg<br data-start=\"3743\" data-end=\"3746\" \/>L: 5 m pavad\u0117lis, tinka \u0161unims iki 50 kg<\/p>\n","protected":false},"featured_media":54698,"template":"","meta":[],"product_brand":[],"product_cat":[864],"product_tag":[],"class_list":{"0":"post-55104","1":"product","2":"type-product","3":"status-publish","4":"has-post-thumbnail","6":"product_cat-sunu-drabuziai-avalyne","8":"first","9":"instock","10":"taxable","11":"shipping-taxable","12":"purchasable","13":"product-type-simple"},"yoast_head":"<!-- This site is optimized with the Yoast SEO plugin v27.4 - https:\/\/yoast.com\/product\/yoast-seo-wordpress\/ -->\n<title>KONG i\u0161traukiamas pavad\u0117lis, Terrain Black M - MiuMjau<\/title>\n<meta name=\"robots\" content=\"index, follow, max-snippet:-1, max-image-preview:large, max-video-preview:-1\" \/>\n<link rel=\"canonical\" href=\"https:\/\/miumjau.ee\/lt\/produktas\/kong-istraukiamas-pavadelis-terrain-black-m\/\" \/>\n<meta property=\"og:locale\" content=\"lt_LT\" \/>\n<meta property=\"og:type\" content=\"article\" \/>\n<meta property=\"og:title\" content=\"KONG i\u0161traukiamas pavad\u0117lis, Terrain Black M - MiuMjau\" \/>\n<meta property=\"og:description\" content=\"Su KONG i\u0161traukiamais pavad\u0117liais viskas visada kontroliuojama! KONG pavad\u0117liai pasi\u017eymi mink\u0161ta rankena, tod\u0117l juos patogu laikyti. Praktin\u0117 ir gerai apgalvota stabdymo sistema skland\u017eiai veikia kartu su j\u016bs\u0173 ir j\u016bs\u0173 \u0161uns jud\u0117jimu. Kaip ir visi KONG produktai, \u0161ie pavad\u0117liai yra patvar\u016bs ir auk\u0161tos kokyb\u0117s. Privalumai Mink\u0161ta ir patogi rankenaLengva stabdyti ir u\u017erakintiKONG gumin\u0117 nyk\u0161\u010dio atramaNuo susisukimo apsauganti sistema ir \u0161vies\u0105 atspindin\u010dios si\u016bl\u0117sTvirtas metalinis sukamasis karabinas Matmenys XS: 11,4 \u00d7 15,1 \u00d7 3,2 cm (lengvai telpa \u012f ki\u0161en\u0119 ir tinka vaikams)S: 15,4 \u00d7 12,6 \u00d7 3,6 cmM: 16,8 \u00d7 14,7 \u00d7 3,8 cmL: 22,2 \u00d7 15,9 \u00d7 4 cm Savyb\u0117s XS: 3 m pavad\u0117lis, tinka \u0161unims 3\u201312 kgS: 5 m pavad\u0117lis, tinka \u0161unims iki 20 kgM: 5 m pavad\u0117lis, tinka \u0161unims iki 30 kgL: 5 m pavad\u0117lis, tinka \u0161unims iki 50 kg\" \/>\n<meta property=\"og:url\" content=\"https:\/\/miumjau.ee\/lt\/produktas\/kong-istraukiamas-pavadelis-terrain-black-m\/\" \/>\n<meta property=\"og:site_name\" content=\"MiuMjau\" \/>\n<meta property=\"article:publisher\" content=\"https:\/\/www.facebook.com\/miumjaupood\/\" \/>\n<meta property=\"og:image\" content=\"https:\/\/miumjau.ee\/wp-content\/uploads\/2026\/03\/KONGTRNMDBK-main.jpg\" \/>\n\t<meta property=\"og:image:width\" content=\"600\" \/>\n\t<meta property=\"og:image:height\" content=\"800\" \/>\n\t<meta property=\"og:image:type\" content=\"image\/jpeg\" \/>\n<meta name=\"twitter:card\" content=\"summary_large_image\" \/>\n<script type=\"application\/ld+json\" class=\"yoast-schema-graph\">{\"@context\":\"https:\\\/\\\/schema.org\",\"@graph\":[{\"@type\":\"WebPage\",\"@id\":\"https:\\\/\\\/miumjau.ee\\\/lt\\\/produktas\\\/kong-istraukiamas-pavadelis-terrain-black-m\\\/\",\"url\":\"https:\\\/\\\/miumjau.ee\\\/lt\\\/produktas\\\/kong-istraukiamas-pavadelis-terrain-black-m\\\/\",\"name\":\"KONG i\u0161traukiamas pavad\u0117lis, Terrain Black M - MiuMjau\",\"isPartOf\":{\"@id\":\"https:\\\/\\\/miumjau.ee\\\/#website\"},\"primaryImageOfPage\":{\"@id\":\"https:\\\/\\\/miumjau.ee\\\/lt\\\/produktas\\\/kong-istraukiamas-pavadelis-terrain-black-m\\\/#primaryimage\"},\"image\":{\"@id\":\"https:\\\/\\\/miumjau.ee\\\/lt\\\/produktas\\\/kong-istraukiamas-pavadelis-terrain-black-m\\\/#primaryimage\"},\"thumbnailUrl\":\"https:\\\/\\\/miumjau.ee\\\/wp-content\\\/uploads\\\/2026\\\/03\\\/KONGTRNMDBK-main.jpg\",\"datePublished\":\"2026-03-10T10:36:36+00:00\",\"breadcrumb\":{\"@id\":\"https:\\\/\\\/miumjau.ee\\\/lt\\\/produktas\\\/kong-istraukiamas-pavadelis-terrain-black-m\\\/#breadcrumb\"},\"inLanguage\":\"lt-LT\",\"potentialAction\":[{\"@type\":\"ReadAction\",\"target\":[\"https:\\\/\\\/miumjau.ee\\\/lt\\\/produktas\\\/kong-istraukiamas-pavadelis-terrain-black-m\\\/\"]}]},{\"@type\":\"ImageObject\",\"inLanguage\":\"lt-LT\",\"@id\":\"https:\\\/\\\/miumjau.ee\\\/lt\\\/produktas\\\/kong-istraukiamas-pavadelis-terrain-black-m\\\/#primaryimage\",\"url\":\"https:\\\/\\\/miumjau.ee\\\/wp-content\\\/uploads\\\/2026\\\/03\\\/KONGTRNMDBK-main.jpg\",\"contentUrl\":\"https:\\\/\\\/miumjau.ee\\\/wp-content\\\/uploads\\\/2026\\\/03\\\/KONGTRNMDBK-main.jpg\",\"width\":600,\"height\":800,\"caption\":\"Kong rullikrihm, Terrain Black M\"},{\"@type\":\"BreadcrumbList\",\"@id\":\"https:\\\/\\\/miumjau.ee\\\/lt\\\/produktas\\\/kong-istraukiamas-pavadelis-terrain-black-m\\\/#breadcrumb\",\"itemListElement\":[{\"@type\":\"ListItem\",\"position\":1,\"name\":\"Home\",\"item\":\"https:\\\/\\\/miumjau.ee\\\/lt\\\/\"},{\"@type\":\"ListItem\",\"position\":2,\"name\":\"Parduotuv\u0117\",\"item\":\"https:\\\/\\\/miumjau.ee\\\/lt\\\/parduotuve\\\/\"},{\"@type\":\"ListItem\",\"position\":3,\"name\":\"KONG i\u0161traukiamas pavad\u0117lis, Terrain Black M\"}]},{\"@type\":\"WebSite\",\"@id\":\"https:\\\/\\\/miumjau.ee\\\/#website\",\"url\":\"https:\\\/\\\/miumjau.ee\\\/\",\"name\":\"MiuMjau\",\"description\":\"Kraapimispuud kassidele\",\"publisher\":{\"@id\":\"https:\\\/\\\/miumjau.ee\\\/#organization\"},\"potentialAction\":[{\"@type\":\"SearchAction\",\"target\":{\"@type\":\"EntryPoint\",\"urlTemplate\":\"https:\\\/\\\/miumjau.ee\\\/?s={search_term_string}\"},\"query-input\":{\"@type\":\"PropertyValueSpecification\",\"valueRequired\":true,\"valueName\":\"search_term_string\"}}],\"inLanguage\":\"lt-LT\"},{\"@type\":\"Organization\",\"@id\":\"https:\\\/\\\/miumjau.ee\\\/#organization\",\"name\":\"MiuMjau O\u00dc\",\"url\":\"https:\\\/\\\/miumjau.ee\\\/\",\"logo\":{\"@type\":\"ImageObject\",\"inLanguage\":\"lt-LT\",\"@id\":\"https:\\\/\\\/miumjau.ee\\\/#\\\/schema\\\/logo\\\/image\\\/\",\"url\":\"https:\\\/\\\/miumjau.ee\\\/wp-content\\\/uploads\\\/2022\\\/04\\\/MiuMjau-logo-kollane.png\",\"contentUrl\":\"https:\\\/\\\/miumjau.ee\\\/wp-content\\\/uploads\\\/2022\\\/04\\\/MiuMjau-logo-kollane.png\",\"width\":219,\"height\":100,\"caption\":\"MiuMjau O\u00dc\"},\"image\":{\"@id\":\"https:\\\/\\\/miumjau.ee\\\/#\\\/schema\\\/logo\\\/image\\\/\"},\"sameAs\":[\"https:\\\/\\\/www.facebook.com\\\/miumjaupood\\\/\"]}]}<\/script>\n<!-- \/ Yoast SEO plugin. -->","yoast_head_json":{"title":"KONG i\u0161traukiamas pavad\u0117lis, Terrain Black M - MiuMjau","robots":{"index":"index","follow":"follow","max-snippet":"max-snippet:-1","max-image-preview":"max-image-preview:large","max-video-preview":"max-video-preview:-1"},"canonical":"https:\/\/miumjau.ee\/lt\/produktas\/kong-istraukiamas-pavadelis-terrain-black-m\/","og_locale":"lt_LT","og_type":"article","og_title":"KONG i\u0161traukiamas pavad\u0117lis, Terrain Black M - MiuMjau","og_description":"Su KONG i\u0161traukiamais pavad\u0117liais viskas visada kontroliuojama! KONG pavad\u0117liai pasi\u017eymi mink\u0161ta rankena, tod\u0117l juos patogu laikyti. Praktin\u0117 ir gerai apgalvota stabdymo sistema skland\u017eiai veikia kartu su j\u016bs\u0173 ir j\u016bs\u0173 \u0161uns jud\u0117jimu. Kaip ir visi KONG produktai, \u0161ie pavad\u0117liai yra patvar\u016bs ir auk\u0161tos kokyb\u0117s. Privalumai Mink\u0161ta ir patogi rankenaLengva stabdyti ir u\u017erakintiKONG gumin\u0117 nyk\u0161\u010dio atramaNuo susisukimo apsauganti sistema ir \u0161vies\u0105 atspindin\u010dios si\u016bl\u0117sTvirtas metalinis sukamasis karabinas Matmenys XS: 11,4 \u00d7 15,1 \u00d7 3,2 cm (lengvai telpa \u012f ki\u0161en\u0119 ir tinka vaikams)S: 15,4 \u00d7 12,6 \u00d7 3,6 cmM: 16,8 \u00d7 14,7 \u00d7 3,8 cmL: 22,2 \u00d7 15,9 \u00d7 4 cm Savyb\u0117s XS: 3 m pavad\u0117lis, tinka \u0161unims 3\u201312 kgS: 5 m pavad\u0117lis, tinka \u0161unims iki 20 kgM: 5 m pavad\u0117lis, tinka \u0161unims iki 30 kgL: 5 m pavad\u0117lis, tinka \u0161unims iki 50 kg","og_url":"https:\/\/miumjau.ee\/lt\/produktas\/kong-istraukiamas-pavadelis-terrain-black-m\/","og_site_name":"MiuMjau","article_publisher":"https:\/\/www.facebook.com\/miumjaupood\/","og_image":[{"width":600,"height":800,"url":"https:\/\/miumjau.ee\/wp-content\/uploads\/2026\/03\/KONGTRNMDBK-main.jpg","type":"image\/jpeg"}],"twitter_card":"summary_large_image","schema":{"@context":"https:\/\/schema.org","@graph":[{"@type":"WebPage","@id":"https:\/\/miumjau.ee\/lt\/produktas\/kong-istraukiamas-pavadelis-terrain-black-m\/","url":"https:\/\/miumjau.ee\/lt\/produktas\/kong-istraukiamas-pavadelis-terrain-black-m\/","name":"KONG i\u0161traukiamas pavad\u0117lis, Terrain Black M - MiuMjau","isPartOf":{"@id":"https:\/\/miumjau.ee\/#website"},"primaryImageOfPage":{"@id":"https:\/\/miumjau.ee\/lt\/produktas\/kong-istraukiamas-pavadelis-terrain-black-m\/#primaryimage"},"image":{"@id":"https:\/\/miumjau.ee\/lt\/produktas\/kong-istraukiamas-pavadelis-terrain-black-m\/#primaryimage"},"thumbnailUrl":"https:\/\/miumjau.ee\/wp-content\/uploads\/2026\/03\/KONGTRNMDBK-main.jpg","datePublished":"2026-03-10T10:36:36+00:00","breadcrumb":{"@id":"https:\/\/miumjau.ee\/lt\/produktas\/kong-istraukiamas-pavadelis-terrain-black-m\/#breadcrumb"},"inLanguage":"lt-LT","potentialAction":[{"@type":"ReadAction","target":["https:\/\/miumjau.ee\/lt\/produktas\/kong-istraukiamas-pavadelis-terrain-black-m\/"]}]},{"@type":"ImageObject","inLanguage":"lt-LT","@id":"https:\/\/miumjau.ee\/lt\/produktas\/kong-istraukiamas-pavadelis-terrain-black-m\/#primaryimage","url":"https:\/\/miumjau.ee\/wp-content\/uploads\/2026\/03\/KONGTRNMDBK-main.jpg","contentUrl":"https:\/\/miumjau.ee\/wp-content\/uploads\/2026\/03\/KONGTRNMDBK-main.jpg","width":600,"height":800,"caption":"Kong rullikrihm, Terrain Black M"},{"@type":"BreadcrumbList","@id":"https:\/\/miumjau.ee\/lt\/produktas\/kong-istraukiamas-pavadelis-terrain-black-m\/#breadcrumb","itemListElement":[{"@type":"ListItem","position":1,"name":"Home","item":"https:\/\/miumjau.ee\/lt\/"},{"@type":"ListItem","position":2,"name":"Parduotuv\u0117","item":"https:\/\/miumjau.ee\/lt\/parduotuve\/"},{"@type":"ListItem","position":3,"name":"KONG i\u0161traukiamas pavad\u0117lis, Terrain Black M"}]},{"@type":"WebSite","@id":"https:\/\/miumjau.ee\/#website","url":"https:\/\/miumjau.ee\/","name":"MiuMjau","description":"Kraapimispuud kassidele","publisher":{"@id":"https:\/\/miumjau.ee\/#organization"},"potentialAction":[{"@type":"SearchAction","target":{"@type":"EntryPoint","urlTemplate":"https:\/\/miumjau.ee\/?s={search_term_string}"},"query-input":{"@type":"PropertyValueSpecification","valueRequired":true,"valueName":"search_term_string"}}],"inLanguage":"lt-LT"},{"@type":"Organization","@id":"https:\/\/miumjau.ee\/#organization","name":"MiuMjau O\u00dc","url":"https:\/\/miumjau.ee\/","logo":{"@type":"ImageObject","inLanguage":"lt-LT","@id":"https:\/\/miumjau.ee\/#\/schema\/logo\/image\/","url":"https:\/\/miumjau.ee\/wp-content\/uploads\/2022\/04\/MiuMjau-logo-kollane.png","contentUrl":"https:\/\/miumjau.ee\/wp-content\/uploads\/2022\/04\/MiuMjau-logo-kollane.png","width":219,"height":100,"caption":"MiuMjau O\u00dc"},"image":{"@id":"https:\/\/miumjau.ee\/#\/schema\/logo\/image\/"},"sameAs":["https:\/\/www.facebook.com\/miumjaupood\/"]}]}},"_links":{"self":[{"href":"https:\/\/miumjau.ee\/lt\/wp-json\/wp\/v2\/product\/55104","targetHints":{"allow":["GET"]}}],"collection":[{"href":"https:\/\/miumjau.ee\/lt\/wp-json\/wp\/v2\/product"}],"about":[{"href":"https:\/\/miumjau.ee\/lt\/wp-json\/wp\/v2\/types\/product"}],"wp:featuredmedia":[{"embeddable":true,"href":"https:\/\/miumjau.ee\/lt\/wp-json\/wp\/v2\/media\/54698"}],"wp:attachment":[{"href":"https:\/\/miumjau.ee\/lt\/wp-json\/wp\/v2\/media?parent=55104"}],"wp:term":[{"taxonomy":"product_brand","embeddable":true,"href":"https:\/\/miumjau.ee\/lt\/wp-json\/wp\/v2\/product_brand?post=55104"},{"taxonomy":"product_cat","embeddable":true,"href":"https:\/\/miumjau.ee\/lt\/wp-json\/wp\/v2\/product_cat?post=55104"},{"taxonomy":"product_tag","embeddable":true,"href":"https:\/\/miumjau.ee\/lt\/wp-json\/wp\/v2\/product_tag?post=55104"}],"curies":[{"name":"wp","href":"https:\/\/api.w.org\/{rel}","templated":true}]}}