{"id":55092,"date":"2026-03-10T12:31:33","date_gmt":"2026-03-10T10:31:33","guid":{"rendered":"https:\/\/miumjau.ee\/toode\/dog-comets-zaislas-astrotug-oranzinis\/"},"modified":"2026-03-10T12:31:33","modified_gmt":"2026-03-10T10:31:33","slug":"dog-comets-zaislas-astrotug-oranzinis","status":"publish","type":"product","link":"https:\/\/miumjau.ee\/lt\/produktas\/dog-comets-zaislas-astrotug-oranzinis\/","title":{"rendered":"Dog Comets \u017eaislas AstroTug, oran\u017einis"},"content":{"rendered":"","protected":false},"excerpt":{"rendered":"<p data-start=\"1253\" data-end=\"1477\">Dog Comets AstroTug yra \u0161un\u0173 \u017eaislas, kuris sujungia kamuol\u012f ir virv\u0119, tod\u0117l puikiai tinka \u0161unims, kurie m\u0117gsta atne\u0161ti ir \u017eaisti.<br data-start=\"1383\" data-end=\"1386\" \/>\u0160is \u017eaislas idealiai tinka aktyviam \u017eaidimui, kuriame svarbiausia yra metimas ir atne\u0161imas.<\/p>\n<p data-start=\"1479\" data-end=\"1573\">\u0160is produktas n\u0117ra kramtymo \u017eaislas, jis skirtas bendram \u017eaidimui. Kamuolio skersmuo yra 6 cm.<\/p>\n","protected":false},"featured_media":54686,"template":"","meta":[],"product_brand":[],"product_cat":[541],"product_tag":[],"class_list":{"0":"post-55092","1":"product","2":"type-product","3":"status-publish","4":"has-post-thumbnail","6":"product_cat-zaislai-sunims","8":"first","9":"instock","10":"taxable","11":"shipping-taxable","12":"purchasable","13":"product-type-simple"},"yoast_head":"<!-- This site is optimized with the Yoast SEO plugin v27.2 - https:\/\/yoast.com\/product\/yoast-seo-wordpress\/ -->\n<title>Dog Comets \u017eaislas AstroTug, oran\u017einis - MiuMjau<\/title>\n<meta name=\"robots\" content=\"index, follow, max-snippet:-1, max-image-preview:large, max-video-preview:-1\" \/>\n<link rel=\"canonical\" href=\"https:\/\/miumjau.ee\/lt\/produktas\/dog-comets-zaislas-astrotug-oranzinis\/\" \/>\n<meta property=\"og:locale\" content=\"lt_LT\" \/>\n<meta property=\"og:type\" content=\"article\" \/>\n<meta property=\"og:title\" content=\"Dog Comets \u017eaislas AstroTug, oran\u017einis - MiuMjau\" \/>\n<meta property=\"og:description\" content=\"Dog Comets AstroTug yra \u0161un\u0173 \u017eaislas, kuris sujungia kamuol\u012f ir virv\u0119, tod\u0117l puikiai tinka \u0161unims, kurie m\u0117gsta atne\u0161ti ir \u017eaisti.\u0160is \u017eaislas idealiai tinka aktyviam \u017eaidimui, kuriame svarbiausia yra metimas ir atne\u0161imas. \u0160is produktas n\u0117ra kramtymo \u017eaislas, jis skirtas bendram \u017eaidimui. Kamuolio skersmuo yra 6 cm.\" \/>\n<meta property=\"og:url\" content=\"https:\/\/miumjau.ee\/lt\/produktas\/dog-comets-zaislas-astrotug-oranzinis\/\" \/>\n<meta property=\"og:site_name\" content=\"MiuMjau\" \/>\n<meta property=\"article:publisher\" content=\"https:\/\/www.facebook.com\/miumjaupood\/\" \/>\n<meta property=\"og:image\" content=\"https:\/\/miumjau.ee\/wp-content\/uploads\/2026\/03\/dog-comets-strotug-orange-2.jpg\" \/>\n\t<meta property=\"og:image:width\" content=\"600\" \/>\n\t<meta property=\"og:image:height\" content=\"800\" \/>\n\t<meta property=\"og:image:type\" content=\"image\/jpeg\" \/>\n<meta name=\"twitter:card\" content=\"summary_large_image\" \/>\n<script type=\"application\/ld+json\" class=\"yoast-schema-graph\">{\"@context\":\"https:\/\/schema.org\",\"@graph\":[{\"@type\":\"WebPage\",\"@id\":\"https:\/\/miumjau.ee\/lt\/produktas\/dog-comets-zaislas-astrotug-oranzinis\/\",\"url\":\"https:\/\/miumjau.ee\/lt\/produktas\/dog-comets-zaislas-astrotug-oranzinis\/\",\"name\":\"Dog Comets \u017eaislas AstroTug, oran\u017einis - MiuMjau\",\"isPartOf\":{\"@id\":\"https:\/\/miumjau.ee\/#website\"},\"primaryImageOfPage\":{\"@id\":\"https:\/\/miumjau.ee\/lt\/produktas\/dog-comets-zaislas-astrotug-oranzinis\/#primaryimage\"},\"image\":{\"@id\":\"https:\/\/miumjau.ee\/lt\/produktas\/dog-comets-zaislas-astrotug-oranzinis\/#primaryimage\"},\"thumbnailUrl\":\"https:\/\/miumjau.ee\/wp-content\/uploads\/2026\/03\/dog-comets-strotug-orange-2.jpg\",\"datePublished\":\"2026-03-10T10:31:33+00:00\",\"breadcrumb\":{\"@id\":\"https:\/\/miumjau.ee\/lt\/produktas\/dog-comets-zaislas-astrotug-oranzinis\/#breadcrumb\"},\"inLanguage\":\"lt-LT\",\"potentialAction\":[{\"@type\":\"ReadAction\",\"target\":[\"https:\/\/miumjau.ee\/lt\/produktas\/dog-comets-zaislas-astrotug-oranzinis\/\"]}]},{\"@type\":\"ImageObject\",\"inLanguage\":\"lt-LT\",\"@id\":\"https:\/\/miumjau.ee\/lt\/produktas\/dog-comets-zaislas-astrotug-oranzinis\/#primaryimage\",\"url\":\"https:\/\/miumjau.ee\/wp-content\/uploads\/2026\/03\/dog-comets-strotug-orange-2.jpg\",\"contentUrl\":\"https:\/\/miumjau.ee\/wp-content\/uploads\/2026\/03\/dog-comets-strotug-orange-2.jpg\",\"width\":600,\"height\":800,\"caption\":\"Dog Comets m\u00e4nguasi AstroTug, oranz\"},{\"@type\":\"BreadcrumbList\",\"@id\":\"https:\/\/miumjau.ee\/lt\/produktas\/dog-comets-zaislas-astrotug-oranzinis\/#breadcrumb\",\"itemListElement\":[{\"@type\":\"ListItem\",\"position\":1,\"name\":\"Home\",\"item\":\"https:\/\/miumjau.ee\/lt\/\"},{\"@type\":\"ListItem\",\"position\":2,\"name\":\"Parduotuv\u0117\",\"item\":\"https:\/\/miumjau.ee\/lt\/parduotuve\/\"},{\"@type\":\"ListItem\",\"position\":3,\"name\":\"Dog Comets \u017eaislas AstroTug, oran\u017einis\"}]},{\"@type\":\"WebSite\",\"@id\":\"https:\/\/miumjau.ee\/#website\",\"url\":\"https:\/\/miumjau.ee\/\",\"name\":\"MiuMjau\",\"description\":\"Kraapimispuud kassidele\",\"publisher\":{\"@id\":\"https:\/\/miumjau.ee\/#organization\"},\"potentialAction\":[{\"@type\":\"SearchAction\",\"target\":{\"@type\":\"EntryPoint\",\"urlTemplate\":\"https:\/\/miumjau.ee\/?s={search_term_string}\"},\"query-input\":{\"@type\":\"PropertyValueSpecification\",\"valueRequired\":true,\"valueName\":\"search_term_string\"}}],\"inLanguage\":\"lt-LT\"},{\"@type\":\"Organization\",\"@id\":\"https:\/\/miumjau.ee\/#organization\",\"name\":\"MiuMjau O\u00dc\",\"url\":\"https:\/\/miumjau.ee\/\",\"logo\":{\"@type\":\"ImageObject\",\"inLanguage\":\"lt-LT\",\"@id\":\"https:\/\/miumjau.ee\/#\/schema\/logo\/image\/\",\"url\":\"https:\/\/miumjau.ee\/wp-content\/uploads\/2022\/04\/MiuMjau-logo-kollane.png\",\"contentUrl\":\"https:\/\/miumjau.ee\/wp-content\/uploads\/2022\/04\/MiuMjau-logo-kollane.png\",\"width\":219,\"height\":100,\"caption\":\"MiuMjau O\u00dc\"},\"image\":{\"@id\":\"https:\/\/miumjau.ee\/#\/schema\/logo\/image\/\"},\"sameAs\":[\"https:\/\/www.facebook.com\/miumjaupood\/\"]}]}<\/script>\n<!-- \/ Yoast SEO plugin. -->","yoast_head_json":{"title":"Dog Comets \u017eaislas AstroTug, oran\u017einis - MiuMjau","robots":{"index":"index","follow":"follow","max-snippet":"max-snippet:-1","max-image-preview":"max-image-preview:large","max-video-preview":"max-video-preview:-1"},"canonical":"https:\/\/miumjau.ee\/lt\/produktas\/dog-comets-zaislas-astrotug-oranzinis\/","og_locale":"lt_LT","og_type":"article","og_title":"Dog Comets \u017eaislas AstroTug, oran\u017einis - MiuMjau","og_description":"Dog Comets AstroTug yra \u0161un\u0173 \u017eaislas, kuris sujungia kamuol\u012f ir virv\u0119, tod\u0117l puikiai tinka \u0161unims, kurie m\u0117gsta atne\u0161ti ir \u017eaisti.\u0160is \u017eaislas idealiai tinka aktyviam \u017eaidimui, kuriame svarbiausia yra metimas ir atne\u0161imas. \u0160is produktas n\u0117ra kramtymo \u017eaislas, jis skirtas bendram \u017eaidimui. Kamuolio skersmuo yra 6 cm.","og_url":"https:\/\/miumjau.ee\/lt\/produktas\/dog-comets-zaislas-astrotug-oranzinis\/","og_site_name":"MiuMjau","article_publisher":"https:\/\/www.facebook.com\/miumjaupood\/","og_image":[{"width":600,"height":800,"url":"https:\/\/miumjau.ee\/wp-content\/uploads\/2026\/03\/dog-comets-strotug-orange-2.jpg","type":"image\/jpeg"}],"twitter_card":"summary_large_image","schema":{"@context":"https:\/\/schema.org","@graph":[{"@type":"WebPage","@id":"https:\/\/miumjau.ee\/lt\/produktas\/dog-comets-zaislas-astrotug-oranzinis\/","url":"https:\/\/miumjau.ee\/lt\/produktas\/dog-comets-zaislas-astrotug-oranzinis\/","name":"Dog Comets \u017eaislas AstroTug, oran\u017einis - MiuMjau","isPartOf":{"@id":"https:\/\/miumjau.ee\/#website"},"primaryImageOfPage":{"@id":"https:\/\/miumjau.ee\/lt\/produktas\/dog-comets-zaislas-astrotug-oranzinis\/#primaryimage"},"image":{"@id":"https:\/\/miumjau.ee\/lt\/produktas\/dog-comets-zaislas-astrotug-oranzinis\/#primaryimage"},"thumbnailUrl":"https:\/\/miumjau.ee\/wp-content\/uploads\/2026\/03\/dog-comets-strotug-orange-2.jpg","datePublished":"2026-03-10T10:31:33+00:00","breadcrumb":{"@id":"https:\/\/miumjau.ee\/lt\/produktas\/dog-comets-zaislas-astrotug-oranzinis\/#breadcrumb"},"inLanguage":"lt-LT","potentialAction":[{"@type":"ReadAction","target":["https:\/\/miumjau.ee\/lt\/produktas\/dog-comets-zaislas-astrotug-oranzinis\/"]}]},{"@type":"ImageObject","inLanguage":"lt-LT","@id":"https:\/\/miumjau.ee\/lt\/produktas\/dog-comets-zaislas-astrotug-oranzinis\/#primaryimage","url":"https:\/\/miumjau.ee\/wp-content\/uploads\/2026\/03\/dog-comets-strotug-orange-2.jpg","contentUrl":"https:\/\/miumjau.ee\/wp-content\/uploads\/2026\/03\/dog-comets-strotug-orange-2.jpg","width":600,"height":800,"caption":"Dog Comets m\u00e4nguasi AstroTug, oranz"},{"@type":"BreadcrumbList","@id":"https:\/\/miumjau.ee\/lt\/produktas\/dog-comets-zaislas-astrotug-oranzinis\/#breadcrumb","itemListElement":[{"@type":"ListItem","position":1,"name":"Home","item":"https:\/\/miumjau.ee\/lt\/"},{"@type":"ListItem","position":2,"name":"Parduotuv\u0117","item":"https:\/\/miumjau.ee\/lt\/parduotuve\/"},{"@type":"ListItem","position":3,"name":"Dog Comets \u017eaislas AstroTug, oran\u017einis"}]},{"@type":"WebSite","@id":"https:\/\/miumjau.ee\/#website","url":"https:\/\/miumjau.ee\/","name":"MiuMjau","description":"Kraapimispuud kassidele","publisher":{"@id":"https:\/\/miumjau.ee\/#organization"},"potentialAction":[{"@type":"SearchAction","target":{"@type":"EntryPoint","urlTemplate":"https:\/\/miumjau.ee\/?s={search_term_string}"},"query-input":{"@type":"PropertyValueSpecification","valueRequired":true,"valueName":"search_term_string"}}],"inLanguage":"lt-LT"},{"@type":"Organization","@id":"https:\/\/miumjau.ee\/#organization","name":"MiuMjau O\u00dc","url":"https:\/\/miumjau.ee\/","logo":{"@type":"ImageObject","inLanguage":"lt-LT","@id":"https:\/\/miumjau.ee\/#\/schema\/logo\/image\/","url":"https:\/\/miumjau.ee\/wp-content\/uploads\/2022\/04\/MiuMjau-logo-kollane.png","contentUrl":"https:\/\/miumjau.ee\/wp-content\/uploads\/2022\/04\/MiuMjau-logo-kollane.png","width":219,"height":100,"caption":"MiuMjau O\u00dc"},"image":{"@id":"https:\/\/miumjau.ee\/#\/schema\/logo\/image\/"},"sameAs":["https:\/\/www.facebook.com\/miumjaupood\/"]}]}},"_links":{"self":[{"href":"https:\/\/miumjau.ee\/lt\/wp-json\/wp\/v2\/product\/55092","targetHints":{"allow":["GET"]}}],"collection":[{"href":"https:\/\/miumjau.ee\/lt\/wp-json\/wp\/v2\/product"}],"about":[{"href":"https:\/\/miumjau.ee\/lt\/wp-json\/wp\/v2\/types\/product"}],"wp:featuredmedia":[{"embeddable":true,"href":"https:\/\/miumjau.ee\/lt\/wp-json\/wp\/v2\/media\/54686"}],"wp:attachment":[{"href":"https:\/\/miumjau.ee\/lt\/wp-json\/wp\/v2\/media?parent=55092"}],"wp:term":[{"taxonomy":"product_brand","embeddable":true,"href":"https:\/\/miumjau.ee\/lt\/wp-json\/wp\/v2\/product_brand?post=55092"},{"taxonomy":"product_cat","embeddable":true,"href":"https:\/\/miumjau.ee\/lt\/wp-json\/wp\/v2\/product_cat?post=55092"},{"taxonomy":"product_tag","embeddable":true,"href":"https:\/\/miumjau.ee\/lt\/wp-json\/wp\/v2\/product_tag?post=55092"}],"curies":[{"name":"wp","href":"https:\/\/api.w.org\/{rel}","templated":true}]}}