{"id":55082,"date":"2026-03-10T12:42:38","date_gmt":"2026-03-10T10:42:38","guid":{"rendered":"https:\/\/miumjau.ee\/toode\/spotted-pro-odinis-pavadelis-16-x-180-cm\/"},"modified":"2026-03-10T12:42:38","modified_gmt":"2026-03-10T10:42:38","slug":"spotted-pro-odinis-pavadelis-16-x-180-cm","status":"publish","type":"product","link":"https:\/\/miumjau.ee\/lt\/produktas\/spotted-pro-odinis-pavadelis-16-x-180-cm\/","title":{"rendered":"Spotted! Pro odinis pavad\u0117lis 1,6 x 180 cm"},"content":{"rendered":"","protected":false},"excerpt":{"rendered":"<p data-start=\"3605\" data-end=\"3666\"><strong data-start=\"3605\" data-end=\"3666\">Spotted! Pro \u2013 auk\u0161tos kokyb\u0117s odinis parodinis pavad\u0117lis<\/strong><\/p>\n<p data-start=\"3668\" data-end=\"3978\">Palepinkite save ir savo \u0161un\u012f geriausiu pasirinkimu \u2013 \u0161iuo auk\u0161\u010diausios kokyb\u0117s odiniu parodiniu pavad\u0117liu! Jis ne tik prakti\u0161kas, bet ir i\u0161skirtinis. Pavad\u0117l\u012f puo\u0161ia gra\u017ei pyn\u0117 tiek ties rankena, tiek prie antkaklio tvirtinimo vietos. Kartu su kokybi\u0161ka oda tai sukuria labai stiling\u0105 ir eleganti\u0161k\u0105 i\u0161vaizd\u0105.<\/p>\n<p data-start=\"3980\" data-end=\"4282\">Pavad\u0117lis pagamintas i\u0161 vir\u0161utinio galvij\u0173 odos sluoksnio. Oda yra pilnai i\u0161dirbta, tod\u0117l yra mink\u0161ta ir lanksti. D\u0117l \u0161io apdirbimo proceso i\u0161lieka matoma nat\u016brali odos strukt\u016bra, suteikianti jai gra\u017ei\u0105 ir nat\u016brali\u0105 i\u0161vaizd\u0105. Oda apdorota nat\u016braliu aliejumi, tod\u0117l tampa dar mink\u0161tesn\u0117 ir elastingesn\u0117.<\/p>\n<p data-start=\"4284\" data-end=\"4374\">Pavad\u0117lio metalin\u0117s dalys yra padengtos stilingu ir rustikiniu sendinto sidabro atspalviu.<\/p>\n<p data-start=\"4376\" data-end=\"4397\"><strong data-start=\"4376\" data-end=\"4397\">Produkto savyb\u0117s:<\/strong><\/p>\n<p data-start=\"4399\" data-end=\"4580\">Auk\u0161ta kokyb\u0117<br data-start=\"4412\" data-end=\"4415\" \/>Patvarumas<br data-start=\"4425\" data-end=\"4428\" \/>Lankstumas<br data-start=\"4438\" data-end=\"4441\" \/>Tinka kasdieniam naudojimui<br data-start=\"4468\" data-end=\"4471\" \/>Atsparus i\u0161oriniams veiksniams, tokiems kaip \u0161viesa, purvas ir dulk\u0117s<br data-start=\"4540\" data-end=\"4543\" \/>Stilinga i\u0161vaizda d\u0117l gra\u017eios pyn\u0117s<\/p>\n<p data-start=\"4582\" data-end=\"4722\">Padarykite sau ir savo \u0161uniui paslaug\u0105 \u2013 paverskite kiekvien\u0105 pasivaik\u0161\u010diojim\u0105 ypatingu su \u0161iuo puikiu Spotted! Pro parodiniu pavad\u0117liu! \ud83d\udc15\u2728<\/p>\n","protected":false},"featured_media":54668,"template":"","meta":[],"product_brand":[],"product_cat":[864],"product_tag":[],"class_list":{"0":"post-55082","1":"product","2":"type-product","3":"status-publish","4":"has-post-thumbnail","6":"product_cat-sunu-drabuziai-avalyne","8":"first","9":"instock","10":"taxable","11":"shipping-taxable","12":"purchasable","13":"product-type-simple"},"yoast_head":"<!-- This site is optimized with the Yoast SEO plugin v27.4 - https:\/\/yoast.com\/product\/yoast-seo-wordpress\/ -->\n<title>Spotted! Pro odinis pavad\u0117lis 1,6 x 180 cm - MiuMjau<\/title>\n<meta name=\"robots\" content=\"index, follow, max-snippet:-1, max-image-preview:large, max-video-preview:-1\" \/>\n<link rel=\"canonical\" href=\"https:\/\/miumjau.ee\/lt\/produktas\/spotted-pro-odinis-pavadelis-16-x-180-cm\/\" \/>\n<meta property=\"og:locale\" content=\"lt_LT\" \/>\n<meta property=\"og:type\" content=\"article\" \/>\n<meta property=\"og:title\" content=\"Spotted! Pro odinis pavad\u0117lis 1,6 x 180 cm - MiuMjau\" \/>\n<meta property=\"og:description\" content=\"Spotted! Pro \u2013 auk\u0161tos kokyb\u0117s odinis parodinis pavad\u0117lis Palepinkite save ir savo \u0161un\u012f geriausiu pasirinkimu \u2013 \u0161iuo auk\u0161\u010diausios kokyb\u0117s odiniu parodiniu pavad\u0117liu! Jis ne tik prakti\u0161kas, bet ir i\u0161skirtinis. Pavad\u0117l\u012f puo\u0161ia gra\u017ei pyn\u0117 tiek ties rankena, tiek prie antkaklio tvirtinimo vietos. Kartu su kokybi\u0161ka oda tai sukuria labai stiling\u0105 ir eleganti\u0161k\u0105 i\u0161vaizd\u0105. Pavad\u0117lis pagamintas i\u0161 vir\u0161utinio galvij\u0173 odos sluoksnio. Oda yra pilnai i\u0161dirbta, tod\u0117l yra mink\u0161ta ir lanksti. D\u0117l \u0161io apdirbimo proceso i\u0161lieka matoma nat\u016brali odos strukt\u016bra, suteikianti jai gra\u017ei\u0105 ir nat\u016brali\u0105 i\u0161vaizd\u0105. Oda apdorota nat\u016braliu aliejumi, tod\u0117l tampa dar mink\u0161tesn\u0117 ir elastingesn\u0117. Pavad\u0117lio metalin\u0117s dalys yra padengtos stilingu ir rustikiniu sendinto sidabro atspalviu. Produkto savyb\u0117s: Auk\u0161ta kokyb\u0117PatvarumasLankstumasTinka kasdieniam naudojimuiAtsparus i\u0161oriniams veiksniams, tokiems kaip \u0161viesa, purvas ir dulk\u0117sStilinga i\u0161vaizda d\u0117l gra\u017eios pyn\u0117s Padarykite sau ir savo \u0161uniui paslaug\u0105 \u2013 paverskite kiekvien\u0105 pasivaik\u0161\u010diojim\u0105 ypatingu su \u0161iuo puikiu Spotted! Pro parodiniu pavad\u0117liu! \ud83d\udc15\u2728\" \/>\n<meta property=\"og:url\" content=\"https:\/\/miumjau.ee\/lt\/produktas\/spotted-pro-odinis-pavadelis-16-x-180-cm\/\" \/>\n<meta property=\"og:site_name\" content=\"MiuMjau\" \/>\n<meta property=\"article:publisher\" content=\"https:\/\/www.facebook.com\/miumjaupood\/\" \/>\n<meta property=\"og:image\" content=\"https:\/\/miumjau.ee\/wp-content\/uploads\/2026\/03\/SPOT0047A2-main.jpg\" \/>\n\t<meta property=\"og:image:width\" content=\"600\" \/>\n\t<meta property=\"og:image:height\" content=\"800\" \/>\n\t<meta property=\"og:image:type\" content=\"image\/jpeg\" \/>\n<meta name=\"twitter:card\" content=\"summary_large_image\" \/>\n<script type=\"application\/ld+json\" class=\"yoast-schema-graph\">{\"@context\":\"https:\\\/\\\/schema.org\",\"@graph\":[{\"@type\":\"WebPage\",\"@id\":\"https:\\\/\\\/miumjau.ee\\\/lt\\\/produktas\\\/spotted-pro-odinis-pavadelis-16-x-180-cm\\\/\",\"url\":\"https:\\\/\\\/miumjau.ee\\\/lt\\\/produktas\\\/spotted-pro-odinis-pavadelis-16-x-180-cm\\\/\",\"name\":\"Spotted! Pro odinis pavad\u0117lis 1,6 x 180 cm - MiuMjau\",\"isPartOf\":{\"@id\":\"https:\\\/\\\/miumjau.ee\\\/#website\"},\"primaryImageOfPage\":{\"@id\":\"https:\\\/\\\/miumjau.ee\\\/lt\\\/produktas\\\/spotted-pro-odinis-pavadelis-16-x-180-cm\\\/#primaryimage\"},\"image\":{\"@id\":\"https:\\\/\\\/miumjau.ee\\\/lt\\\/produktas\\\/spotted-pro-odinis-pavadelis-16-x-180-cm\\\/#primaryimage\"},\"thumbnailUrl\":\"https:\\\/\\\/miumjau.ee\\\/wp-content\\\/uploads\\\/2026\\\/03\\\/SPOT0047A2-main.jpg\",\"datePublished\":\"2026-03-10T10:42:38+00:00\",\"breadcrumb\":{\"@id\":\"https:\\\/\\\/miumjau.ee\\\/lt\\\/produktas\\\/spotted-pro-odinis-pavadelis-16-x-180-cm\\\/#breadcrumb\"},\"inLanguage\":\"lt-LT\",\"potentialAction\":[{\"@type\":\"ReadAction\",\"target\":[\"https:\\\/\\\/miumjau.ee\\\/lt\\\/produktas\\\/spotted-pro-odinis-pavadelis-16-x-180-cm\\\/\"]}]},{\"@type\":\"ImageObject\",\"inLanguage\":\"lt-LT\",\"@id\":\"https:\\\/\\\/miumjau.ee\\\/lt\\\/produktas\\\/spotted-pro-odinis-pavadelis-16-x-180-cm\\\/#primaryimage\",\"url\":\"https:\\\/\\\/miumjau.ee\\\/wp-content\\\/uploads\\\/2026\\\/03\\\/SPOT0047A2-main.jpg\",\"contentUrl\":\"https:\\\/\\\/miumjau.ee\\\/wp-content\\\/uploads\\\/2026\\\/03\\\/SPOT0047A2-main.jpg\",\"width\":600,\"height\":800,\"caption\":\"Spotted! Pro nahast rihm 1.6 x 180 cm\"},{\"@type\":\"BreadcrumbList\",\"@id\":\"https:\\\/\\\/miumjau.ee\\\/lt\\\/produktas\\\/spotted-pro-odinis-pavadelis-16-x-180-cm\\\/#breadcrumb\",\"itemListElement\":[{\"@type\":\"ListItem\",\"position\":1,\"name\":\"Home\",\"item\":\"https:\\\/\\\/miumjau.ee\\\/lt\\\/\"},{\"@type\":\"ListItem\",\"position\":2,\"name\":\"Parduotuv\u0117\",\"item\":\"https:\\\/\\\/miumjau.ee\\\/lt\\\/parduotuve\\\/\"},{\"@type\":\"ListItem\",\"position\":3,\"name\":\"Spotted! Pro odinis pavad\u0117lis 1,6 x 180 cm\"}]},{\"@type\":\"WebSite\",\"@id\":\"https:\\\/\\\/miumjau.ee\\\/#website\",\"url\":\"https:\\\/\\\/miumjau.ee\\\/\",\"name\":\"MiuMjau\",\"description\":\"Kraapimispuud kassidele\",\"publisher\":{\"@id\":\"https:\\\/\\\/miumjau.ee\\\/#organization\"},\"potentialAction\":[{\"@type\":\"SearchAction\",\"target\":{\"@type\":\"EntryPoint\",\"urlTemplate\":\"https:\\\/\\\/miumjau.ee\\\/?s={search_term_string}\"},\"query-input\":{\"@type\":\"PropertyValueSpecification\",\"valueRequired\":true,\"valueName\":\"search_term_string\"}}],\"inLanguage\":\"lt-LT\"},{\"@type\":\"Organization\",\"@id\":\"https:\\\/\\\/miumjau.ee\\\/#organization\",\"name\":\"MiuMjau O\u00dc\",\"url\":\"https:\\\/\\\/miumjau.ee\\\/\",\"logo\":{\"@type\":\"ImageObject\",\"inLanguage\":\"lt-LT\",\"@id\":\"https:\\\/\\\/miumjau.ee\\\/#\\\/schema\\\/logo\\\/image\\\/\",\"url\":\"https:\\\/\\\/miumjau.ee\\\/wp-content\\\/uploads\\\/2022\\\/04\\\/MiuMjau-logo-kollane.png\",\"contentUrl\":\"https:\\\/\\\/miumjau.ee\\\/wp-content\\\/uploads\\\/2022\\\/04\\\/MiuMjau-logo-kollane.png\",\"width\":219,\"height\":100,\"caption\":\"MiuMjau O\u00dc\"},\"image\":{\"@id\":\"https:\\\/\\\/miumjau.ee\\\/#\\\/schema\\\/logo\\\/image\\\/\"},\"sameAs\":[\"https:\\\/\\\/www.facebook.com\\\/miumjaupood\\\/\"]}]}<\/script>\n<!-- \/ Yoast SEO plugin. -->","yoast_head_json":{"title":"Spotted! Pro odinis pavad\u0117lis 1,6 x 180 cm - MiuMjau","robots":{"index":"index","follow":"follow","max-snippet":"max-snippet:-1","max-image-preview":"max-image-preview:large","max-video-preview":"max-video-preview:-1"},"canonical":"https:\/\/miumjau.ee\/lt\/produktas\/spotted-pro-odinis-pavadelis-16-x-180-cm\/","og_locale":"lt_LT","og_type":"article","og_title":"Spotted! Pro odinis pavad\u0117lis 1,6 x 180 cm - MiuMjau","og_description":"Spotted! Pro \u2013 auk\u0161tos kokyb\u0117s odinis parodinis pavad\u0117lis Palepinkite save ir savo \u0161un\u012f geriausiu pasirinkimu \u2013 \u0161iuo auk\u0161\u010diausios kokyb\u0117s odiniu parodiniu pavad\u0117liu! Jis ne tik prakti\u0161kas, bet ir i\u0161skirtinis. Pavad\u0117l\u012f puo\u0161ia gra\u017ei pyn\u0117 tiek ties rankena, tiek prie antkaklio tvirtinimo vietos. Kartu su kokybi\u0161ka oda tai sukuria labai stiling\u0105 ir eleganti\u0161k\u0105 i\u0161vaizd\u0105. Pavad\u0117lis pagamintas i\u0161 vir\u0161utinio galvij\u0173 odos sluoksnio. Oda yra pilnai i\u0161dirbta, tod\u0117l yra mink\u0161ta ir lanksti. D\u0117l \u0161io apdirbimo proceso i\u0161lieka matoma nat\u016brali odos strukt\u016bra, suteikianti jai gra\u017ei\u0105 ir nat\u016brali\u0105 i\u0161vaizd\u0105. Oda apdorota nat\u016braliu aliejumi, tod\u0117l tampa dar mink\u0161tesn\u0117 ir elastingesn\u0117. Pavad\u0117lio metalin\u0117s dalys yra padengtos stilingu ir rustikiniu sendinto sidabro atspalviu. Produkto savyb\u0117s: Auk\u0161ta kokyb\u0117PatvarumasLankstumasTinka kasdieniam naudojimuiAtsparus i\u0161oriniams veiksniams, tokiems kaip \u0161viesa, purvas ir dulk\u0117sStilinga i\u0161vaizda d\u0117l gra\u017eios pyn\u0117s Padarykite sau ir savo \u0161uniui paslaug\u0105 \u2013 paverskite kiekvien\u0105 pasivaik\u0161\u010diojim\u0105 ypatingu su \u0161iuo puikiu Spotted! Pro parodiniu pavad\u0117liu! \ud83d\udc15\u2728","og_url":"https:\/\/miumjau.ee\/lt\/produktas\/spotted-pro-odinis-pavadelis-16-x-180-cm\/","og_site_name":"MiuMjau","article_publisher":"https:\/\/www.facebook.com\/miumjaupood\/","og_image":[{"width":600,"height":800,"url":"https:\/\/miumjau.ee\/wp-content\/uploads\/2026\/03\/SPOT0047A2-main.jpg","type":"image\/jpeg"}],"twitter_card":"summary_large_image","schema":{"@context":"https:\/\/schema.org","@graph":[{"@type":"WebPage","@id":"https:\/\/miumjau.ee\/lt\/produktas\/spotted-pro-odinis-pavadelis-16-x-180-cm\/","url":"https:\/\/miumjau.ee\/lt\/produktas\/spotted-pro-odinis-pavadelis-16-x-180-cm\/","name":"Spotted! Pro odinis pavad\u0117lis 1,6 x 180 cm - MiuMjau","isPartOf":{"@id":"https:\/\/miumjau.ee\/#website"},"primaryImageOfPage":{"@id":"https:\/\/miumjau.ee\/lt\/produktas\/spotted-pro-odinis-pavadelis-16-x-180-cm\/#primaryimage"},"image":{"@id":"https:\/\/miumjau.ee\/lt\/produktas\/spotted-pro-odinis-pavadelis-16-x-180-cm\/#primaryimage"},"thumbnailUrl":"https:\/\/miumjau.ee\/wp-content\/uploads\/2026\/03\/SPOT0047A2-main.jpg","datePublished":"2026-03-10T10:42:38+00:00","breadcrumb":{"@id":"https:\/\/miumjau.ee\/lt\/produktas\/spotted-pro-odinis-pavadelis-16-x-180-cm\/#breadcrumb"},"inLanguage":"lt-LT","potentialAction":[{"@type":"ReadAction","target":["https:\/\/miumjau.ee\/lt\/produktas\/spotted-pro-odinis-pavadelis-16-x-180-cm\/"]}]},{"@type":"ImageObject","inLanguage":"lt-LT","@id":"https:\/\/miumjau.ee\/lt\/produktas\/spotted-pro-odinis-pavadelis-16-x-180-cm\/#primaryimage","url":"https:\/\/miumjau.ee\/wp-content\/uploads\/2026\/03\/SPOT0047A2-main.jpg","contentUrl":"https:\/\/miumjau.ee\/wp-content\/uploads\/2026\/03\/SPOT0047A2-main.jpg","width":600,"height":800,"caption":"Spotted! Pro nahast rihm 1.6 x 180 cm"},{"@type":"BreadcrumbList","@id":"https:\/\/miumjau.ee\/lt\/produktas\/spotted-pro-odinis-pavadelis-16-x-180-cm\/#breadcrumb","itemListElement":[{"@type":"ListItem","position":1,"name":"Home","item":"https:\/\/miumjau.ee\/lt\/"},{"@type":"ListItem","position":2,"name":"Parduotuv\u0117","item":"https:\/\/miumjau.ee\/lt\/parduotuve\/"},{"@type":"ListItem","position":3,"name":"Spotted! Pro odinis pavad\u0117lis 1,6 x 180 cm"}]},{"@type":"WebSite","@id":"https:\/\/miumjau.ee\/#website","url":"https:\/\/miumjau.ee\/","name":"MiuMjau","description":"Kraapimispuud kassidele","publisher":{"@id":"https:\/\/miumjau.ee\/#organization"},"potentialAction":[{"@type":"SearchAction","target":{"@type":"EntryPoint","urlTemplate":"https:\/\/miumjau.ee\/?s={search_term_string}"},"query-input":{"@type":"PropertyValueSpecification","valueRequired":true,"valueName":"search_term_string"}}],"inLanguage":"lt-LT"},{"@type":"Organization","@id":"https:\/\/miumjau.ee\/#organization","name":"MiuMjau O\u00dc","url":"https:\/\/miumjau.ee\/","logo":{"@type":"ImageObject","inLanguage":"lt-LT","@id":"https:\/\/miumjau.ee\/#\/schema\/logo\/image\/","url":"https:\/\/miumjau.ee\/wp-content\/uploads\/2022\/04\/MiuMjau-logo-kollane.png","contentUrl":"https:\/\/miumjau.ee\/wp-content\/uploads\/2022\/04\/MiuMjau-logo-kollane.png","width":219,"height":100,"caption":"MiuMjau O\u00dc"},"image":{"@id":"https:\/\/miumjau.ee\/#\/schema\/logo\/image\/"},"sameAs":["https:\/\/www.facebook.com\/miumjaupood\/"]}]}},"_links":{"self":[{"href":"https:\/\/miumjau.ee\/lt\/wp-json\/wp\/v2\/product\/55082","targetHints":{"allow":["GET"]}}],"collection":[{"href":"https:\/\/miumjau.ee\/lt\/wp-json\/wp\/v2\/product"}],"about":[{"href":"https:\/\/miumjau.ee\/lt\/wp-json\/wp\/v2\/types\/product"}],"wp:featuredmedia":[{"embeddable":true,"href":"https:\/\/miumjau.ee\/lt\/wp-json\/wp\/v2\/media\/54668"}],"wp:attachment":[{"href":"https:\/\/miumjau.ee\/lt\/wp-json\/wp\/v2\/media?parent=55082"}],"wp:term":[{"taxonomy":"product_brand","embeddable":true,"href":"https:\/\/miumjau.ee\/lt\/wp-json\/wp\/v2\/product_brand?post=55082"},{"taxonomy":"product_cat","embeddable":true,"href":"https:\/\/miumjau.ee\/lt\/wp-json\/wp\/v2\/product_cat?post=55082"},{"taxonomy":"product_tag","embeddable":true,"href":"https:\/\/miumjau.ee\/lt\/wp-json\/wp\/v2\/product_tag?post=55082"}],"curies":[{"name":"wp","href":"https:\/\/api.w.org\/{rel}","templated":true}]}}