{"id":55074,"date":"2026-03-10T12:45:39","date_gmt":"2026-03-10T10:45:39","guid":{"rendered":"https:\/\/miumjau.ee\/toode\/walkabout-istraukiamas-pavadelis-rozinis-l\/"},"modified":"2026-03-10T12:45:39","modified_gmt":"2026-03-10T10:45:39","slug":"walkabout-istraukiamas-pavadelis-rozinis-l","status":"publish","type":"product","link":"https:\/\/miumjau.ee\/lt\/produktas\/walkabout-istraukiamas-pavadelis-rozinis-l\/","title":{"rendered":"Walkabout i\u0161traukiamas pavad\u0117lis, ro\u017einis L"},"content":{"rendered":"","protected":false},"excerpt":{"rendered":"<p data-start=\"1893\" data-end=\"2197\">Walkabout i\u0161traukiami pavad\u0117liai jau daugiau nei 10 met\u0173 \u017einomi kaip vieni geriausi\u0173 savo kategorijoje.<br data-start=\"1996\" data-end=\"1999\" \/>D\u0117l unikalaus mink\u0161to rankenos dizaino pavad\u0117l\u012f labai patogu laikyti, o tai u\u017etikrina optimali\u0105 kontrol\u0119. Be to, pavad\u0117lis turi rie\u0161o dir\u017eel\u012f, kuris padeda i\u0161vengti atsitiktinio i\u0161slydimo i\u0161 rankos.<\/p>\n<p data-start=\"2199\" data-end=\"2227\">Pavad\u0117lis kiekvienam \u0161uniui!<\/p>\n<p data-start=\"2229\" data-end=\"2382\">XS \u2013 \u0161unims iki 8,16 kg, ilgis 3,1 m<br data-start=\"2265\" data-end=\"2268\" \/>S \u2013 \u0161unims iki 11,34 kg, ilgis 4 m<br data-start=\"2302\" data-end=\"2305\" \/>M \u2013 \u0161unims iki 22,68 kg, ilgis 4,9 m<br data-start=\"2341\" data-end=\"2344\" \/>L \u2013 \u0161unims iki 49,89 kg, ilgis 4,9 m<\/p>\n","protected":false},"featured_media":54674,"template":"","meta":[],"product_brand":[],"product_cat":[864],"product_tag":[],"class_list":{"0":"post-55074","1":"product","2":"type-product","3":"status-publish","4":"has-post-thumbnail","6":"product_cat-sunu-drabuziai-avalyne","8":"first","9":"instock","10":"taxable","11":"shipping-taxable","12":"purchasable","13":"product-type-simple"},"yoast_head":"<!-- This site is optimized with the Yoast SEO plugin v27.4 - https:\/\/yoast.com\/product\/yoast-seo-wordpress\/ -->\n<title>Walkabout i\u0161traukiamas pavad\u0117lis, ro\u017einis L - MiuMjau<\/title>\n<meta name=\"robots\" content=\"index, follow, max-snippet:-1, max-image-preview:large, max-video-preview:-1\" \/>\n<link rel=\"canonical\" href=\"https:\/\/miumjau.ee\/lt\/produktas\/walkabout-istraukiamas-pavadelis-rozinis-l\/\" \/>\n<meta property=\"og:locale\" content=\"lt_LT\" \/>\n<meta property=\"og:type\" content=\"article\" \/>\n<meta property=\"og:title\" content=\"Walkabout i\u0161traukiamas pavad\u0117lis, ro\u017einis L - MiuMjau\" \/>\n<meta property=\"og:description\" content=\"Walkabout i\u0161traukiami pavad\u0117liai jau daugiau nei 10 met\u0173 \u017einomi kaip vieni geriausi\u0173 savo kategorijoje.D\u0117l unikalaus mink\u0161to rankenos dizaino pavad\u0117l\u012f labai patogu laikyti, o tai u\u017etikrina optimali\u0105 kontrol\u0119. Be to, pavad\u0117lis turi rie\u0161o dir\u017eel\u012f, kuris padeda i\u0161vengti atsitiktinio i\u0161slydimo i\u0161 rankos. Pavad\u0117lis kiekvienam \u0161uniui! XS \u2013 \u0161unims iki 8,16 kg, ilgis 3,1 mS \u2013 \u0161unims iki 11,34 kg, ilgis 4 mM \u2013 \u0161unims iki 22,68 kg, ilgis 4,9 mL \u2013 \u0161unims iki 49,89 kg, ilgis 4,9 m\" \/>\n<meta property=\"og:url\" content=\"https:\/\/miumjau.ee\/lt\/produktas\/walkabout-istraukiamas-pavadelis-rozinis-l\/\" \/>\n<meta property=\"og:site_name\" content=\"MiuMjau\" \/>\n<meta property=\"article:publisher\" content=\"https:\/\/www.facebook.com\/miumjaupood\/\" \/>\n<meta property=\"og:image\" content=\"https:\/\/miumjau.ee\/wp-content\/uploads\/2026\/03\/WALK02405-main.jpg\" \/>\n\t<meta property=\"og:image:width\" content=\"600\" \/>\n\t<meta property=\"og:image:height\" content=\"800\" \/>\n\t<meta property=\"og:image:type\" content=\"image\/jpeg\" \/>\n<meta name=\"twitter:card\" content=\"summary_large_image\" \/>\n<script type=\"application\/ld+json\" class=\"yoast-schema-graph\">{\"@context\":\"https:\\\/\\\/schema.org\",\"@graph\":[{\"@type\":\"WebPage\",\"@id\":\"https:\\\/\\\/miumjau.ee\\\/lt\\\/produktas\\\/walkabout-istraukiamas-pavadelis-rozinis-l\\\/\",\"url\":\"https:\\\/\\\/miumjau.ee\\\/lt\\\/produktas\\\/walkabout-istraukiamas-pavadelis-rozinis-l\\\/\",\"name\":\"Walkabout i\u0161traukiamas pavad\u0117lis, ro\u017einis L - MiuMjau\",\"isPartOf\":{\"@id\":\"https:\\\/\\\/miumjau.ee\\\/#website\"},\"primaryImageOfPage\":{\"@id\":\"https:\\\/\\\/miumjau.ee\\\/lt\\\/produktas\\\/walkabout-istraukiamas-pavadelis-rozinis-l\\\/#primaryimage\"},\"image\":{\"@id\":\"https:\\\/\\\/miumjau.ee\\\/lt\\\/produktas\\\/walkabout-istraukiamas-pavadelis-rozinis-l\\\/#primaryimage\"},\"thumbnailUrl\":\"https:\\\/\\\/miumjau.ee\\\/wp-content\\\/uploads\\\/2026\\\/03\\\/WALK02405-main.jpg\",\"datePublished\":\"2026-03-10T10:45:39+00:00\",\"breadcrumb\":{\"@id\":\"https:\\\/\\\/miumjau.ee\\\/lt\\\/produktas\\\/walkabout-istraukiamas-pavadelis-rozinis-l\\\/#breadcrumb\"},\"inLanguage\":\"lt-LT\",\"potentialAction\":[{\"@type\":\"ReadAction\",\"target\":[\"https:\\\/\\\/miumjau.ee\\\/lt\\\/produktas\\\/walkabout-istraukiamas-pavadelis-rozinis-l\\\/\"]}]},{\"@type\":\"ImageObject\",\"inLanguage\":\"lt-LT\",\"@id\":\"https:\\\/\\\/miumjau.ee\\\/lt\\\/produktas\\\/walkabout-istraukiamas-pavadelis-rozinis-l\\\/#primaryimage\",\"url\":\"https:\\\/\\\/miumjau.ee\\\/wp-content\\\/uploads\\\/2026\\\/03\\\/WALK02405-main.jpg\",\"contentUrl\":\"https:\\\/\\\/miumjau.ee\\\/wp-content\\\/uploads\\\/2026\\\/03\\\/WALK02405-main.jpg\",\"width\":600,\"height\":800},{\"@type\":\"BreadcrumbList\",\"@id\":\"https:\\\/\\\/miumjau.ee\\\/lt\\\/produktas\\\/walkabout-istraukiamas-pavadelis-rozinis-l\\\/#breadcrumb\",\"itemListElement\":[{\"@type\":\"ListItem\",\"position\":1,\"name\":\"Home\",\"item\":\"https:\\\/\\\/miumjau.ee\\\/lt\\\/\"},{\"@type\":\"ListItem\",\"position\":2,\"name\":\"Parduotuv\u0117\",\"item\":\"https:\\\/\\\/miumjau.ee\\\/lt\\\/parduotuve\\\/\"},{\"@type\":\"ListItem\",\"position\":3,\"name\":\"Walkabout i\u0161traukiamas pavad\u0117lis, ro\u017einis L\"}]},{\"@type\":\"WebSite\",\"@id\":\"https:\\\/\\\/miumjau.ee\\\/#website\",\"url\":\"https:\\\/\\\/miumjau.ee\\\/\",\"name\":\"MiuMjau\",\"description\":\"Kraapimispuud kassidele\",\"publisher\":{\"@id\":\"https:\\\/\\\/miumjau.ee\\\/#organization\"},\"potentialAction\":[{\"@type\":\"SearchAction\",\"target\":{\"@type\":\"EntryPoint\",\"urlTemplate\":\"https:\\\/\\\/miumjau.ee\\\/?s={search_term_string}\"},\"query-input\":{\"@type\":\"PropertyValueSpecification\",\"valueRequired\":true,\"valueName\":\"search_term_string\"}}],\"inLanguage\":\"lt-LT\"},{\"@type\":\"Organization\",\"@id\":\"https:\\\/\\\/miumjau.ee\\\/#organization\",\"name\":\"MiuMjau O\u00dc\",\"url\":\"https:\\\/\\\/miumjau.ee\\\/\",\"logo\":{\"@type\":\"ImageObject\",\"inLanguage\":\"lt-LT\",\"@id\":\"https:\\\/\\\/miumjau.ee\\\/#\\\/schema\\\/logo\\\/image\\\/\",\"url\":\"https:\\\/\\\/miumjau.ee\\\/wp-content\\\/uploads\\\/2022\\\/04\\\/MiuMjau-logo-kollane.png\",\"contentUrl\":\"https:\\\/\\\/miumjau.ee\\\/wp-content\\\/uploads\\\/2022\\\/04\\\/MiuMjau-logo-kollane.png\",\"width\":219,\"height\":100,\"caption\":\"MiuMjau O\u00dc\"},\"image\":{\"@id\":\"https:\\\/\\\/miumjau.ee\\\/#\\\/schema\\\/logo\\\/image\\\/\"},\"sameAs\":[\"https:\\\/\\\/www.facebook.com\\\/miumjaupood\\\/\"]}]}<\/script>\n<!-- \/ Yoast SEO plugin. -->","yoast_head_json":{"title":"Walkabout i\u0161traukiamas pavad\u0117lis, ro\u017einis L - MiuMjau","robots":{"index":"index","follow":"follow","max-snippet":"max-snippet:-1","max-image-preview":"max-image-preview:large","max-video-preview":"max-video-preview:-1"},"canonical":"https:\/\/miumjau.ee\/lt\/produktas\/walkabout-istraukiamas-pavadelis-rozinis-l\/","og_locale":"lt_LT","og_type":"article","og_title":"Walkabout i\u0161traukiamas pavad\u0117lis, ro\u017einis L - MiuMjau","og_description":"Walkabout i\u0161traukiami pavad\u0117liai jau daugiau nei 10 met\u0173 \u017einomi kaip vieni geriausi\u0173 savo kategorijoje.D\u0117l unikalaus mink\u0161to rankenos dizaino pavad\u0117l\u012f labai patogu laikyti, o tai u\u017etikrina optimali\u0105 kontrol\u0119. Be to, pavad\u0117lis turi rie\u0161o dir\u017eel\u012f, kuris padeda i\u0161vengti atsitiktinio i\u0161slydimo i\u0161 rankos. Pavad\u0117lis kiekvienam \u0161uniui! XS \u2013 \u0161unims iki 8,16 kg, ilgis 3,1 mS \u2013 \u0161unims iki 11,34 kg, ilgis 4 mM \u2013 \u0161unims iki 22,68 kg, ilgis 4,9 mL \u2013 \u0161unims iki 49,89 kg, ilgis 4,9 m","og_url":"https:\/\/miumjau.ee\/lt\/produktas\/walkabout-istraukiamas-pavadelis-rozinis-l\/","og_site_name":"MiuMjau","article_publisher":"https:\/\/www.facebook.com\/miumjaupood\/","og_image":[{"width":600,"height":800,"url":"https:\/\/miumjau.ee\/wp-content\/uploads\/2026\/03\/WALK02405-main.jpg","type":"image\/jpeg"}],"twitter_card":"summary_large_image","schema":{"@context":"https:\/\/schema.org","@graph":[{"@type":"WebPage","@id":"https:\/\/miumjau.ee\/lt\/produktas\/walkabout-istraukiamas-pavadelis-rozinis-l\/","url":"https:\/\/miumjau.ee\/lt\/produktas\/walkabout-istraukiamas-pavadelis-rozinis-l\/","name":"Walkabout i\u0161traukiamas pavad\u0117lis, ro\u017einis L - MiuMjau","isPartOf":{"@id":"https:\/\/miumjau.ee\/#website"},"primaryImageOfPage":{"@id":"https:\/\/miumjau.ee\/lt\/produktas\/walkabout-istraukiamas-pavadelis-rozinis-l\/#primaryimage"},"image":{"@id":"https:\/\/miumjau.ee\/lt\/produktas\/walkabout-istraukiamas-pavadelis-rozinis-l\/#primaryimage"},"thumbnailUrl":"https:\/\/miumjau.ee\/wp-content\/uploads\/2026\/03\/WALK02405-main.jpg","datePublished":"2026-03-10T10:45:39+00:00","breadcrumb":{"@id":"https:\/\/miumjau.ee\/lt\/produktas\/walkabout-istraukiamas-pavadelis-rozinis-l\/#breadcrumb"},"inLanguage":"lt-LT","potentialAction":[{"@type":"ReadAction","target":["https:\/\/miumjau.ee\/lt\/produktas\/walkabout-istraukiamas-pavadelis-rozinis-l\/"]}]},{"@type":"ImageObject","inLanguage":"lt-LT","@id":"https:\/\/miumjau.ee\/lt\/produktas\/walkabout-istraukiamas-pavadelis-rozinis-l\/#primaryimage","url":"https:\/\/miumjau.ee\/wp-content\/uploads\/2026\/03\/WALK02405-main.jpg","contentUrl":"https:\/\/miumjau.ee\/wp-content\/uploads\/2026\/03\/WALK02405-main.jpg","width":600,"height":800},{"@type":"BreadcrumbList","@id":"https:\/\/miumjau.ee\/lt\/produktas\/walkabout-istraukiamas-pavadelis-rozinis-l\/#breadcrumb","itemListElement":[{"@type":"ListItem","position":1,"name":"Home","item":"https:\/\/miumjau.ee\/lt\/"},{"@type":"ListItem","position":2,"name":"Parduotuv\u0117","item":"https:\/\/miumjau.ee\/lt\/parduotuve\/"},{"@type":"ListItem","position":3,"name":"Walkabout i\u0161traukiamas pavad\u0117lis, ro\u017einis L"}]},{"@type":"WebSite","@id":"https:\/\/miumjau.ee\/#website","url":"https:\/\/miumjau.ee\/","name":"MiuMjau","description":"Kraapimispuud kassidele","publisher":{"@id":"https:\/\/miumjau.ee\/#organization"},"potentialAction":[{"@type":"SearchAction","target":{"@type":"EntryPoint","urlTemplate":"https:\/\/miumjau.ee\/?s={search_term_string}"},"query-input":{"@type":"PropertyValueSpecification","valueRequired":true,"valueName":"search_term_string"}}],"inLanguage":"lt-LT"},{"@type":"Organization","@id":"https:\/\/miumjau.ee\/#organization","name":"MiuMjau O\u00dc","url":"https:\/\/miumjau.ee\/","logo":{"@type":"ImageObject","inLanguage":"lt-LT","@id":"https:\/\/miumjau.ee\/#\/schema\/logo\/image\/","url":"https:\/\/miumjau.ee\/wp-content\/uploads\/2022\/04\/MiuMjau-logo-kollane.png","contentUrl":"https:\/\/miumjau.ee\/wp-content\/uploads\/2022\/04\/MiuMjau-logo-kollane.png","width":219,"height":100,"caption":"MiuMjau O\u00dc"},"image":{"@id":"https:\/\/miumjau.ee\/#\/schema\/logo\/image\/"},"sameAs":["https:\/\/www.facebook.com\/miumjaupood\/"]}]}},"_links":{"self":[{"href":"https:\/\/miumjau.ee\/lt\/wp-json\/wp\/v2\/product\/55074","targetHints":{"allow":["GET"]}}],"collection":[{"href":"https:\/\/miumjau.ee\/lt\/wp-json\/wp\/v2\/product"}],"about":[{"href":"https:\/\/miumjau.ee\/lt\/wp-json\/wp\/v2\/types\/product"}],"wp:featuredmedia":[{"embeddable":true,"href":"https:\/\/miumjau.ee\/lt\/wp-json\/wp\/v2\/media\/54674"}],"wp:attachment":[{"href":"https:\/\/miumjau.ee\/lt\/wp-json\/wp\/v2\/media?parent=55074"}],"wp:term":[{"taxonomy":"product_brand","embeddable":true,"href":"https:\/\/miumjau.ee\/lt\/wp-json\/wp\/v2\/product_brand?post=55074"},{"taxonomy":"product_cat","embeddable":true,"href":"https:\/\/miumjau.ee\/lt\/wp-json\/wp\/v2\/product_cat?post=55074"},{"taxonomy":"product_tag","embeddable":true,"href":"https:\/\/miumjau.ee\/lt\/wp-json\/wp\/v2\/product_tag?post=55074"}],"curies":[{"name":"wp","href":"https:\/\/api.w.org\/{rel}","templated":true}]}}