{"id":55039,"date":"2026-03-15T16:15:22","date_gmt":"2026-03-15T14:15:22","guid":{"rendered":"https:\/\/miumjau.ee\/toode\/dr-malou-liofilizuoti-skanestai-su-vistienos-file-ir-mieziu-zole-50g\/"},"modified":"2026-03-15T16:15:22","modified_gmt":"2026-03-15T14:15:22","slug":"dr-malou-liofilizuoti-skanestai-su-vistienos-file-ir-mieziu-zole-50g","status":"publish","type":"product","link":"https:\/\/miumjau.ee\/lt\/produktas\/dr-malou-liofilizuoti-skanestai-su-vistienos-file-ir-mieziu-zole-50g\/","title":{"rendered":"Dr Malou liofilizuoti skan\u0117stai su vi\u0161tienos fil\u0117 ir mie\u017ei\u0173 \u017eole, 50g"},"content":{"rendered":"","protected":false},"excerpt":{"rendered":"<p data-start=\"2647\" data-end=\"2906\">Nat\u016bral\u016bs ir skan\u016bs ka\u010di\u0173 skan\u0117stai su vi\u0161tiena ir mie\u017ei\u0173 \u017eole yra sveikas papildas j\u016bs\u0173 kat\u0117s kasdieniam racionui. Liofilizuoti kubeliai su dideliu m\u0117sos kiekiu suteikia sodr\u0173 skon\u012f ir vertingas maistines med\u017eiagas, kurios palaiko kat\u0117s gerov\u0119 ir vir\u0161kinim\u0105.<\/p>\n<p data-start=\"2908\" data-end=\"3208\">Skan\u0117stai gaminami i\u0161 auk\u0161tos kokyb\u0117s vi\u0161tienos kr\u016btin\u0117l\u0117s ir vi\u0161tienos kepen\u0173, kurie yra nat\u016bralus baltym\u0173 \u0161altinis ir padeda i\u0161laikyti kat\u0119 energing\u0105 ir aktyvi\u0105. Prid\u0117ta mie\u017ei\u0173 \u017eol\u0117 yra \u017einoma d\u0117l savo skaidul\u0173 ir chlorofilo kiekio, kuris padeda palaikyti vir\u0161kinim\u0105 ir nat\u016bral\u0173 organizmo valym\u0105si.<\/p>\n<p data-start=\"3210\" data-end=\"3408\">D\u0117l liofilizacijos technologijos i\u0161saugomas nat\u016bralus ingredient\u0173 skonis, aromatas ir maistin\u0117 vert\u0117 be auk\u0161tos temperat\u016bros naudojimo. Tai padaro skan\u0117stus ypa\u010d skanius ir tuo pa\u010diu sveikus kat\u0117ms.<\/p>\n<p data-start=\"3410\" data-end=\"3558\">\u0160ie ka\u010di\u0173 skan\u0117stai puikiai tinka kaip apdovanojimas, treniruo\u010di\u0173 skan\u0117stas arba kaip kasdienio maisto papildas ir tinka vis\u0173 am\u017eiaus grupi\u0173 kat\u0117ms.<\/p>\n<p data-start=\"3560\" data-end=\"3608\">Pagrindiniai privalumai<br data-start=\"3583\" data-end=\"3586\" \/>didelis m\u0117sos kiekis<\/p>\n<p data-start=\"3610\" data-end=\"3665\">pagaminti i\u0161 vi\u0161tienos kr\u016btin\u0117l\u0117s ir vi\u0161tienos kepen\u0173<\/p>\n<p data-start=\"3667\" data-end=\"3719\">sud\u0117tyje yra mie\u017ei\u0173 \u017eol\u0117s, palaikan\u010dios vir\u0161kinim\u0105<\/p>\n<p data-start=\"3721\" data-end=\"3774\">liofilizuoti \u2013 i\u0161saugo maistines med\u017eiagas ir skon\u012f<\/p>\n<p data-start=\"3776\" data-end=\"3810\">tinka vis\u0173 am\u017eiaus grupi\u0173 kat\u0117ms<\/p>\n<p data-start=\"3812\" data-end=\"3893\">Sud\u0117tis: vi\u0161tienos kr\u016btin\u0117l\u0117 84%, vi\u0161tienos kepenys 5%, d\u017eiovinta mie\u017ei\u0173 \u017eol\u0117 5%.<\/p>\n","protected":false},"featured_media":54899,"template":"","meta":[],"product_brand":[],"product_cat":[527],"product_tag":[],"class_list":{"0":"post-55039","1":"product","2":"type-product","3":"status-publish","4":"has-post-thumbnail","6":"product_cat-skanestai","8":"first","9":"instock","10":"taxable","11":"shipping-taxable","12":"purchasable","13":"product-type-simple"},"yoast_head":"<!-- This site is optimized with the Yoast SEO plugin v27.4 - https:\/\/yoast.com\/product\/yoast-seo-wordpress\/ -->\n<title>Dr Malou liofilizuoti skan\u0117stai su vi\u0161tienos fil\u0117 ir mie\u017ei\u0173 \u017eole, 50g - MiuMjau<\/title>\n<meta name=\"robots\" content=\"index, follow, max-snippet:-1, max-image-preview:large, max-video-preview:-1\" \/>\n<link rel=\"canonical\" href=\"https:\/\/miumjau.ee\/lt\/produktas\/dr-malou-liofilizuoti-skanestai-su-vistienos-file-ir-mieziu-zole-50g\/\" \/>\n<meta property=\"og:locale\" content=\"lt_LT\" \/>\n<meta property=\"og:type\" content=\"article\" \/>\n<meta property=\"og:title\" content=\"Dr Malou liofilizuoti skan\u0117stai su vi\u0161tienos fil\u0117 ir mie\u017ei\u0173 \u017eole, 50g - MiuMjau\" \/>\n<meta property=\"og:description\" content=\"Nat\u016bral\u016bs ir skan\u016bs ka\u010di\u0173 skan\u0117stai su vi\u0161tiena ir mie\u017ei\u0173 \u017eole yra sveikas papildas j\u016bs\u0173 kat\u0117s kasdieniam racionui. Liofilizuoti kubeliai su dideliu m\u0117sos kiekiu suteikia sodr\u0173 skon\u012f ir vertingas maistines med\u017eiagas, kurios palaiko kat\u0117s gerov\u0119 ir vir\u0161kinim\u0105. Skan\u0117stai gaminami i\u0161 auk\u0161tos kokyb\u0117s vi\u0161tienos kr\u016btin\u0117l\u0117s ir vi\u0161tienos kepen\u0173, kurie yra nat\u016bralus baltym\u0173 \u0161altinis ir padeda i\u0161laikyti kat\u0119 energing\u0105 ir aktyvi\u0105. Prid\u0117ta mie\u017ei\u0173 \u017eol\u0117 yra \u017einoma d\u0117l savo skaidul\u0173 ir chlorofilo kiekio, kuris padeda palaikyti vir\u0161kinim\u0105 ir nat\u016bral\u0173 organizmo valym\u0105si. D\u0117l liofilizacijos technologijos i\u0161saugomas nat\u016bralus ingredient\u0173 skonis, aromatas ir maistin\u0117 vert\u0117 be auk\u0161tos temperat\u016bros naudojimo. Tai padaro skan\u0117stus ypa\u010d skanius ir tuo pa\u010diu sveikus kat\u0117ms. \u0160ie ka\u010di\u0173 skan\u0117stai puikiai tinka kaip apdovanojimas, treniruo\u010di\u0173 skan\u0117stas arba kaip kasdienio maisto papildas ir tinka vis\u0173 am\u017eiaus grupi\u0173 kat\u0117ms. Pagrindiniai privalumaididelis m\u0117sos kiekis pagaminti i\u0161 vi\u0161tienos kr\u016btin\u0117l\u0117s ir vi\u0161tienos kepen\u0173 sud\u0117tyje yra mie\u017ei\u0173 \u017eol\u0117s, palaikan\u010dios vir\u0161kinim\u0105 liofilizuoti \u2013 i\u0161saugo maistines med\u017eiagas ir skon\u012f tinka vis\u0173 am\u017eiaus grupi\u0173 kat\u0117ms Sud\u0117tis: vi\u0161tienos kr\u016btin\u0117l\u0117 84%, vi\u0161tienos kepenys 5%, d\u017eiovinta mie\u017ei\u0173 \u017eol\u0117 5%.\" \/>\n<meta property=\"og:url\" content=\"https:\/\/miumjau.ee\/lt\/produktas\/dr-malou-liofilizuoti-skanestai-su-vistienos-file-ir-mieziu-zole-50g\/\" \/>\n<meta property=\"og:site_name\" content=\"MiuMjau\" \/>\n<meta property=\"article:publisher\" content=\"https:\/\/www.facebook.com\/miumjaupood\/\" \/>\n<meta property=\"og:image\" content=\"https:\/\/miumjau.ee\/wp-content\/uploads\/2026\/03\/dr-malou-kassirohi-kana-50g.jpg\" \/>\n\t<meta property=\"og:image:width\" content=\"600\" \/>\n\t<meta property=\"og:image:height\" content=\"800\" \/>\n\t<meta property=\"og:image:type\" content=\"image\/jpeg\" \/>\n<meta name=\"twitter:card\" content=\"summary_large_image\" \/>\n<script type=\"application\/ld+json\" class=\"yoast-schema-graph\">{\"@context\":\"https:\\\/\\\/schema.org\",\"@graph\":[{\"@type\":\"WebPage\",\"@id\":\"https:\\\/\\\/miumjau.ee\\\/lt\\\/produktas\\\/dr-malou-liofilizuoti-skanestai-su-vistienos-file-ir-mieziu-zole-50g\\\/\",\"url\":\"https:\\\/\\\/miumjau.ee\\\/lt\\\/produktas\\\/dr-malou-liofilizuoti-skanestai-su-vistienos-file-ir-mieziu-zole-50g\\\/\",\"name\":\"Dr Malou liofilizuoti skan\u0117stai su vi\u0161tienos fil\u0117 ir mie\u017ei\u0173 \u017eole, 50g - MiuMjau\",\"isPartOf\":{\"@id\":\"https:\\\/\\\/miumjau.ee\\\/#website\"},\"primaryImageOfPage\":{\"@id\":\"https:\\\/\\\/miumjau.ee\\\/lt\\\/produktas\\\/dr-malou-liofilizuoti-skanestai-su-vistienos-file-ir-mieziu-zole-50g\\\/#primaryimage\"},\"image\":{\"@id\":\"https:\\\/\\\/miumjau.ee\\\/lt\\\/produktas\\\/dr-malou-liofilizuoti-skanestai-su-vistienos-file-ir-mieziu-zole-50g\\\/#primaryimage\"},\"thumbnailUrl\":\"https:\\\/\\\/miumjau.ee\\\/wp-content\\\/uploads\\\/2026\\\/03\\\/dr-malou-kassirohi-kana-50g.jpg\",\"datePublished\":\"2026-03-15T14:15:22+00:00\",\"breadcrumb\":{\"@id\":\"https:\\\/\\\/miumjau.ee\\\/lt\\\/produktas\\\/dr-malou-liofilizuoti-skanestai-su-vistienos-file-ir-mieziu-zole-50g\\\/#breadcrumb\"},\"inLanguage\":\"lt-LT\",\"potentialAction\":[{\"@type\":\"ReadAction\",\"target\":[\"https:\\\/\\\/miumjau.ee\\\/lt\\\/produktas\\\/dr-malou-liofilizuoti-skanestai-su-vistienos-file-ir-mieziu-zole-50g\\\/\"]}]},{\"@type\":\"ImageObject\",\"inLanguage\":\"lt-LT\",\"@id\":\"https:\\\/\\\/miumjau.ee\\\/lt\\\/produktas\\\/dr-malou-liofilizuoti-skanestai-su-vistienos-file-ir-mieziu-zole-50g\\\/#primaryimage\",\"url\":\"https:\\\/\\\/miumjau.ee\\\/wp-content\\\/uploads\\\/2026\\\/03\\\/dr-malou-kassirohi-kana-50g.jpg\",\"contentUrl\":\"https:\\\/\\\/miumjau.ee\\\/wp-content\\\/uploads\\\/2026\\\/03\\\/dr-malou-kassirohi-kana-50g.jpg\",\"width\":600,\"height\":800,\"caption\":\"Dr Malou k\u00fclmkuivatatud maiused kanafilee ja odraheinaga 50g\"},{\"@type\":\"BreadcrumbList\",\"@id\":\"https:\\\/\\\/miumjau.ee\\\/lt\\\/produktas\\\/dr-malou-liofilizuoti-skanestai-su-vistienos-file-ir-mieziu-zole-50g\\\/#breadcrumb\",\"itemListElement\":[{\"@type\":\"ListItem\",\"position\":1,\"name\":\"Home\",\"item\":\"https:\\\/\\\/miumjau.ee\\\/lt\\\/\"},{\"@type\":\"ListItem\",\"position\":2,\"name\":\"Parduotuv\u0117\",\"item\":\"https:\\\/\\\/miumjau.ee\\\/lt\\\/parduotuve\\\/\"},{\"@type\":\"ListItem\",\"position\":3,\"name\":\"Dr Malou liofilizuoti skan\u0117stai su vi\u0161tienos fil\u0117 ir mie\u017ei\u0173 \u017eole, 50g\"}]},{\"@type\":\"WebSite\",\"@id\":\"https:\\\/\\\/miumjau.ee\\\/#website\",\"url\":\"https:\\\/\\\/miumjau.ee\\\/\",\"name\":\"MiuMjau\",\"description\":\"Kraapimispuud kassidele\",\"publisher\":{\"@id\":\"https:\\\/\\\/miumjau.ee\\\/#organization\"},\"potentialAction\":[{\"@type\":\"SearchAction\",\"target\":{\"@type\":\"EntryPoint\",\"urlTemplate\":\"https:\\\/\\\/miumjau.ee\\\/?s={search_term_string}\"},\"query-input\":{\"@type\":\"PropertyValueSpecification\",\"valueRequired\":true,\"valueName\":\"search_term_string\"}}],\"inLanguage\":\"lt-LT\"},{\"@type\":\"Organization\",\"@id\":\"https:\\\/\\\/miumjau.ee\\\/#organization\",\"name\":\"MiuMjau O\u00dc\",\"url\":\"https:\\\/\\\/miumjau.ee\\\/\",\"logo\":{\"@type\":\"ImageObject\",\"inLanguage\":\"lt-LT\",\"@id\":\"https:\\\/\\\/miumjau.ee\\\/#\\\/schema\\\/logo\\\/image\\\/\",\"url\":\"https:\\\/\\\/miumjau.ee\\\/wp-content\\\/uploads\\\/2022\\\/04\\\/MiuMjau-logo-kollane.png\",\"contentUrl\":\"https:\\\/\\\/miumjau.ee\\\/wp-content\\\/uploads\\\/2022\\\/04\\\/MiuMjau-logo-kollane.png\",\"width\":219,\"height\":100,\"caption\":\"MiuMjau O\u00dc\"},\"image\":{\"@id\":\"https:\\\/\\\/miumjau.ee\\\/#\\\/schema\\\/logo\\\/image\\\/\"},\"sameAs\":[\"https:\\\/\\\/www.facebook.com\\\/miumjaupood\\\/\"]}]}<\/script>\n<!-- \/ Yoast SEO plugin. -->","yoast_head_json":{"title":"Dr Malou liofilizuoti skan\u0117stai su vi\u0161tienos fil\u0117 ir mie\u017ei\u0173 \u017eole, 50g - MiuMjau","robots":{"index":"index","follow":"follow","max-snippet":"max-snippet:-1","max-image-preview":"max-image-preview:large","max-video-preview":"max-video-preview:-1"},"canonical":"https:\/\/miumjau.ee\/lt\/produktas\/dr-malou-liofilizuoti-skanestai-su-vistienos-file-ir-mieziu-zole-50g\/","og_locale":"lt_LT","og_type":"article","og_title":"Dr Malou liofilizuoti skan\u0117stai su vi\u0161tienos fil\u0117 ir mie\u017ei\u0173 \u017eole, 50g - MiuMjau","og_description":"Nat\u016bral\u016bs ir skan\u016bs ka\u010di\u0173 skan\u0117stai su vi\u0161tiena ir mie\u017ei\u0173 \u017eole yra sveikas papildas j\u016bs\u0173 kat\u0117s kasdieniam racionui. Liofilizuoti kubeliai su dideliu m\u0117sos kiekiu suteikia sodr\u0173 skon\u012f ir vertingas maistines med\u017eiagas, kurios palaiko kat\u0117s gerov\u0119 ir vir\u0161kinim\u0105. Skan\u0117stai gaminami i\u0161 auk\u0161tos kokyb\u0117s vi\u0161tienos kr\u016btin\u0117l\u0117s ir vi\u0161tienos kepen\u0173, kurie yra nat\u016bralus baltym\u0173 \u0161altinis ir padeda i\u0161laikyti kat\u0119 energing\u0105 ir aktyvi\u0105. Prid\u0117ta mie\u017ei\u0173 \u017eol\u0117 yra \u017einoma d\u0117l savo skaidul\u0173 ir chlorofilo kiekio, kuris padeda palaikyti vir\u0161kinim\u0105 ir nat\u016bral\u0173 organizmo valym\u0105si. D\u0117l liofilizacijos technologijos i\u0161saugomas nat\u016bralus ingredient\u0173 skonis, aromatas ir maistin\u0117 vert\u0117 be auk\u0161tos temperat\u016bros naudojimo. Tai padaro skan\u0117stus ypa\u010d skanius ir tuo pa\u010diu sveikus kat\u0117ms. \u0160ie ka\u010di\u0173 skan\u0117stai puikiai tinka kaip apdovanojimas, treniruo\u010di\u0173 skan\u0117stas arba kaip kasdienio maisto papildas ir tinka vis\u0173 am\u017eiaus grupi\u0173 kat\u0117ms. Pagrindiniai privalumaididelis m\u0117sos kiekis pagaminti i\u0161 vi\u0161tienos kr\u016btin\u0117l\u0117s ir vi\u0161tienos kepen\u0173 sud\u0117tyje yra mie\u017ei\u0173 \u017eol\u0117s, palaikan\u010dios vir\u0161kinim\u0105 liofilizuoti \u2013 i\u0161saugo maistines med\u017eiagas ir skon\u012f tinka vis\u0173 am\u017eiaus grupi\u0173 kat\u0117ms Sud\u0117tis: vi\u0161tienos kr\u016btin\u0117l\u0117 84%, vi\u0161tienos kepenys 5%, d\u017eiovinta mie\u017ei\u0173 \u017eol\u0117 5%.","og_url":"https:\/\/miumjau.ee\/lt\/produktas\/dr-malou-liofilizuoti-skanestai-su-vistienos-file-ir-mieziu-zole-50g\/","og_site_name":"MiuMjau","article_publisher":"https:\/\/www.facebook.com\/miumjaupood\/","og_image":[{"width":600,"height":800,"url":"https:\/\/miumjau.ee\/wp-content\/uploads\/2026\/03\/dr-malou-kassirohi-kana-50g.jpg","type":"image\/jpeg"}],"twitter_card":"summary_large_image","schema":{"@context":"https:\/\/schema.org","@graph":[{"@type":"WebPage","@id":"https:\/\/miumjau.ee\/lt\/produktas\/dr-malou-liofilizuoti-skanestai-su-vistienos-file-ir-mieziu-zole-50g\/","url":"https:\/\/miumjau.ee\/lt\/produktas\/dr-malou-liofilizuoti-skanestai-su-vistienos-file-ir-mieziu-zole-50g\/","name":"Dr Malou liofilizuoti skan\u0117stai su vi\u0161tienos fil\u0117 ir mie\u017ei\u0173 \u017eole, 50g - MiuMjau","isPartOf":{"@id":"https:\/\/miumjau.ee\/#website"},"primaryImageOfPage":{"@id":"https:\/\/miumjau.ee\/lt\/produktas\/dr-malou-liofilizuoti-skanestai-su-vistienos-file-ir-mieziu-zole-50g\/#primaryimage"},"image":{"@id":"https:\/\/miumjau.ee\/lt\/produktas\/dr-malou-liofilizuoti-skanestai-su-vistienos-file-ir-mieziu-zole-50g\/#primaryimage"},"thumbnailUrl":"https:\/\/miumjau.ee\/wp-content\/uploads\/2026\/03\/dr-malou-kassirohi-kana-50g.jpg","datePublished":"2026-03-15T14:15:22+00:00","breadcrumb":{"@id":"https:\/\/miumjau.ee\/lt\/produktas\/dr-malou-liofilizuoti-skanestai-su-vistienos-file-ir-mieziu-zole-50g\/#breadcrumb"},"inLanguage":"lt-LT","potentialAction":[{"@type":"ReadAction","target":["https:\/\/miumjau.ee\/lt\/produktas\/dr-malou-liofilizuoti-skanestai-su-vistienos-file-ir-mieziu-zole-50g\/"]}]},{"@type":"ImageObject","inLanguage":"lt-LT","@id":"https:\/\/miumjau.ee\/lt\/produktas\/dr-malou-liofilizuoti-skanestai-su-vistienos-file-ir-mieziu-zole-50g\/#primaryimage","url":"https:\/\/miumjau.ee\/wp-content\/uploads\/2026\/03\/dr-malou-kassirohi-kana-50g.jpg","contentUrl":"https:\/\/miumjau.ee\/wp-content\/uploads\/2026\/03\/dr-malou-kassirohi-kana-50g.jpg","width":600,"height":800,"caption":"Dr Malou k\u00fclmkuivatatud maiused kanafilee ja odraheinaga 50g"},{"@type":"BreadcrumbList","@id":"https:\/\/miumjau.ee\/lt\/produktas\/dr-malou-liofilizuoti-skanestai-su-vistienos-file-ir-mieziu-zole-50g\/#breadcrumb","itemListElement":[{"@type":"ListItem","position":1,"name":"Home","item":"https:\/\/miumjau.ee\/lt\/"},{"@type":"ListItem","position":2,"name":"Parduotuv\u0117","item":"https:\/\/miumjau.ee\/lt\/parduotuve\/"},{"@type":"ListItem","position":3,"name":"Dr Malou liofilizuoti skan\u0117stai su vi\u0161tienos fil\u0117 ir mie\u017ei\u0173 \u017eole, 50g"}]},{"@type":"WebSite","@id":"https:\/\/miumjau.ee\/#website","url":"https:\/\/miumjau.ee\/","name":"MiuMjau","description":"Kraapimispuud kassidele","publisher":{"@id":"https:\/\/miumjau.ee\/#organization"},"potentialAction":[{"@type":"SearchAction","target":{"@type":"EntryPoint","urlTemplate":"https:\/\/miumjau.ee\/?s={search_term_string}"},"query-input":{"@type":"PropertyValueSpecification","valueRequired":true,"valueName":"search_term_string"}}],"inLanguage":"lt-LT"},{"@type":"Organization","@id":"https:\/\/miumjau.ee\/#organization","name":"MiuMjau O\u00dc","url":"https:\/\/miumjau.ee\/","logo":{"@type":"ImageObject","inLanguage":"lt-LT","@id":"https:\/\/miumjau.ee\/#\/schema\/logo\/image\/","url":"https:\/\/miumjau.ee\/wp-content\/uploads\/2022\/04\/MiuMjau-logo-kollane.png","contentUrl":"https:\/\/miumjau.ee\/wp-content\/uploads\/2022\/04\/MiuMjau-logo-kollane.png","width":219,"height":100,"caption":"MiuMjau O\u00dc"},"image":{"@id":"https:\/\/miumjau.ee\/#\/schema\/logo\/image\/"},"sameAs":["https:\/\/www.facebook.com\/miumjaupood\/"]}]}},"_links":{"self":[{"href":"https:\/\/miumjau.ee\/lt\/wp-json\/wp\/v2\/product\/55039","targetHints":{"allow":["GET"]}}],"collection":[{"href":"https:\/\/miumjau.ee\/lt\/wp-json\/wp\/v2\/product"}],"about":[{"href":"https:\/\/miumjau.ee\/lt\/wp-json\/wp\/v2\/types\/product"}],"wp:featuredmedia":[{"embeddable":true,"href":"https:\/\/miumjau.ee\/lt\/wp-json\/wp\/v2\/media\/54899"}],"wp:attachment":[{"href":"https:\/\/miumjau.ee\/lt\/wp-json\/wp\/v2\/media?parent=55039"}],"wp:term":[{"taxonomy":"product_brand","embeddable":true,"href":"https:\/\/miumjau.ee\/lt\/wp-json\/wp\/v2\/product_brand?post=55039"},{"taxonomy":"product_cat","embeddable":true,"href":"https:\/\/miumjau.ee\/lt\/wp-json\/wp\/v2\/product_cat?post=55039"},{"taxonomy":"product_tag","embeddable":true,"href":"https:\/\/miumjau.ee\/lt\/wp-json\/wp\/v2\/product_tag?post=55039"}],"curies":[{"name":"wp","href":"https:\/\/api.w.org\/{rel}","templated":true}]}}