{"id":55034,"date":"2026-03-15T16:27:19","date_gmt":"2026-03-15T14:27:19","guid":{"rendered":"https:\/\/miumjau.ee\/toode\/liofilizuoti-100-tuno-kubeliai-dr-malou-50g\/"},"modified":"2026-03-15T16:27:19","modified_gmt":"2026-03-15T14:27:19","slug":"liofilizuoti-100-tuno-kubeliai-dr-malou-50g","status":"publish","type":"product","link":"https:\/\/miumjau.ee\/lt\/produktas\/liofilizuoti-100-tuno-kubeliai-dr-malou-50g\/","title":{"rendered":"Liofilizuoti 100% tuno kubeliai Dr Malou, 50g"},"content":{"rendered":"","protected":false},"excerpt":{"rendered":"<p data-start=\"2486\" data-end=\"2764\">Ka\u010di\u0173 skan\u0117stai i\u0161 100% liofilizuoto tuno yra nat\u016bralus ir daug baltym\u0173 turintis u\u017ekandis, suteikiantis j\u016bs\u0173 katei puik\u0173 skon\u012f ir vertingas maistines med\u017eiagas. \u0160ie lengvi ir tra\u0161k\u016bs m\u0117sos kubeliai gaminami tik i\u0161 gryno tuno, be gr\u016bd\u0173, dirbtini\u0173 pried\u0173, da\u017eikli\u0173 ar konservant\u0173.<\/p>\n<p data-start=\"2766\" data-end=\"2952\">Tunas nat\u016braliai yra turtingas auk\u0161tos kokyb\u0117s baltymais, omega-3 riebal\u0173 r\u016bg\u0161timis ir B grup\u0117s vitaminais, kurie palaiko raumen\u0173 vystym\u0105si, odos ir kailio sveikat\u0105 bei bendr\u0105 savijaut\u0105.<\/p>\n<p data-start=\"2954\" data-end=\"3166\">D\u0117l liofilizacijos (\u0161al\u010dio d\u017eiovinimo) technologijos i\u0161saugomas nat\u016bralus m\u0117sos skonis, aromatas ir maistin\u0117s med\u017eiagos nenaudojant auk\u0161tos temperat\u016bros. Tai u\u017etikrina ypa\u010d skan\u0173 ir maisting\u0105 skan\u0117st\u0105 j\u016bs\u0173 katei.<\/p>\n<p data-start=\"3168\" data-end=\"3203\">\u0160ie ka\u010di\u0173 skan\u0117stai idealiai tinka:<\/p>\n<p data-start=\"3205\" data-end=\"3345\">kasdieniam apdovanojimui<br data-start=\"3229\" data-end=\"3232\" \/>treniruot\u0117ms<br data-start=\"3244\" data-end=\"3247\" \/>maisto pagardinimui (sutrupinkite ir prid\u0117kite prie sauso ar \u0161lapio maisto)<br data-start=\"3322\" data-end=\"3325\" \/>sveikam u\u017ekand\u017eiui<\/p>\n<p data-start=\"3347\" data-end=\"3399\">Pagrindiniai privalumai<br data-start=\"3370\" data-end=\"3373\" \/>100% liofilizuotas tunas<\/p>\n<p data-start=\"3401\" data-end=\"3425\">didelis baltym\u0173 kiekis<\/p>\n<p data-start=\"3427\" data-end=\"3465\">sud\u0117tyje yra omega-3 riebal\u0173 r\u016bg\u0161\u010di\u0173<\/p>\n<p data-start=\"3467\" data-end=\"3497\">be gr\u016bd\u0173 ir dirbtini\u0173 pried\u0173<\/p>\n<p data-start=\"3499\" data-end=\"3533\">tinka vis\u0173 am\u017eiaus grupi\u0173 kat\u0117ms<\/p>\n<p data-start=\"3535\" data-end=\"3639\">Analitin\u0117 sud\u0117tis: \u017eali baltymai 80%, \u017eali riebalai 6%, \u017eali pelenai 5%, \u017ealia l\u0105steliena 1%, dr\u0117gm\u0117 5%.<\/p>\n","protected":false},"featured_media":54905,"template":"","meta":[],"product_brand":[],"product_cat":[527],"product_tag":[],"class_list":{"0":"post-55034","1":"product","2":"type-product","3":"status-publish","4":"has-post-thumbnail","6":"product_cat-skanestai","8":"first","9":"instock","10":"taxable","11":"shipping-taxable","12":"purchasable","13":"product-type-simple"},"yoast_head":"<!-- This site is optimized with the Yoast SEO plugin v27.4 - https:\/\/yoast.com\/product\/yoast-seo-wordpress\/ -->\n<title>Liofilizuoti 100% tuno kubeliai Dr Malou, 50g - MiuMjau<\/title>\n<meta name=\"robots\" content=\"index, follow, max-snippet:-1, max-image-preview:large, max-video-preview:-1\" \/>\n<link rel=\"canonical\" href=\"https:\/\/miumjau.ee\/lt\/produktas\/liofilizuoti-100-tuno-kubeliai-dr-malou-50g\/\" \/>\n<meta property=\"og:locale\" content=\"lt_LT\" \/>\n<meta property=\"og:type\" content=\"article\" \/>\n<meta property=\"og:title\" content=\"Liofilizuoti 100% tuno kubeliai Dr Malou, 50g - MiuMjau\" \/>\n<meta property=\"og:description\" content=\"Ka\u010di\u0173 skan\u0117stai i\u0161 100% liofilizuoto tuno yra nat\u016bralus ir daug baltym\u0173 turintis u\u017ekandis, suteikiantis j\u016bs\u0173 katei puik\u0173 skon\u012f ir vertingas maistines med\u017eiagas. \u0160ie lengvi ir tra\u0161k\u016bs m\u0117sos kubeliai gaminami tik i\u0161 gryno tuno, be gr\u016bd\u0173, dirbtini\u0173 pried\u0173, da\u017eikli\u0173 ar konservant\u0173. Tunas nat\u016braliai yra turtingas auk\u0161tos kokyb\u0117s baltymais, omega-3 riebal\u0173 r\u016bg\u0161timis ir B grup\u0117s vitaminais, kurie palaiko raumen\u0173 vystym\u0105si, odos ir kailio sveikat\u0105 bei bendr\u0105 savijaut\u0105. D\u0117l liofilizacijos (\u0161al\u010dio d\u017eiovinimo) technologijos i\u0161saugomas nat\u016bralus m\u0117sos skonis, aromatas ir maistin\u0117s med\u017eiagos nenaudojant auk\u0161tos temperat\u016bros. Tai u\u017etikrina ypa\u010d skan\u0173 ir maisting\u0105 skan\u0117st\u0105 j\u016bs\u0173 katei. \u0160ie ka\u010di\u0173 skan\u0117stai idealiai tinka: kasdieniam apdovanojimuitreniruot\u0117msmaisto pagardinimui (sutrupinkite ir prid\u0117kite prie sauso ar \u0161lapio maisto)sveikam u\u017ekand\u017eiui Pagrindiniai privalumai100% liofilizuotas tunas didelis baltym\u0173 kiekis sud\u0117tyje yra omega-3 riebal\u0173 r\u016bg\u0161\u010di\u0173 be gr\u016bd\u0173 ir dirbtini\u0173 pried\u0173 tinka vis\u0173 am\u017eiaus grupi\u0173 kat\u0117ms Analitin\u0117 sud\u0117tis: \u017eali baltymai 80%, \u017eali riebalai 6%, \u017eali pelenai 5%, \u017ealia l\u0105steliena 1%, dr\u0117gm\u0117 5%.\" \/>\n<meta property=\"og:url\" content=\"https:\/\/miumjau.ee\/lt\/produktas\/liofilizuoti-100-tuno-kubeliai-dr-malou-50g\/\" \/>\n<meta property=\"og:site_name\" content=\"MiuMjau\" \/>\n<meta property=\"article:publisher\" content=\"https:\/\/www.facebook.com\/miumjaupood\/\" \/>\n<meta property=\"og:image\" content=\"https:\/\/miumjau.ee\/wp-content\/uploads\/2026\/03\/dr-malou-tuunikala-maiused-50g.jpg\" \/>\n\t<meta property=\"og:image:width\" content=\"600\" \/>\n\t<meta property=\"og:image:height\" content=\"800\" \/>\n\t<meta property=\"og:image:type\" content=\"image\/jpeg\" \/>\n<meta name=\"twitter:card\" content=\"summary_large_image\" \/>\n<script type=\"application\/ld+json\" class=\"yoast-schema-graph\">{\"@context\":\"https:\\\/\\\/schema.org\",\"@graph\":[{\"@type\":\"WebPage\",\"@id\":\"https:\\\/\\\/miumjau.ee\\\/lt\\\/produktas\\\/liofilizuoti-100-tuno-kubeliai-dr-malou-50g\\\/\",\"url\":\"https:\\\/\\\/miumjau.ee\\\/lt\\\/produktas\\\/liofilizuoti-100-tuno-kubeliai-dr-malou-50g\\\/\",\"name\":\"Liofilizuoti 100% tuno kubeliai Dr Malou, 50g - MiuMjau\",\"isPartOf\":{\"@id\":\"https:\\\/\\\/miumjau.ee\\\/#website\"},\"primaryImageOfPage\":{\"@id\":\"https:\\\/\\\/miumjau.ee\\\/lt\\\/produktas\\\/liofilizuoti-100-tuno-kubeliai-dr-malou-50g\\\/#primaryimage\"},\"image\":{\"@id\":\"https:\\\/\\\/miumjau.ee\\\/lt\\\/produktas\\\/liofilizuoti-100-tuno-kubeliai-dr-malou-50g\\\/#primaryimage\"},\"thumbnailUrl\":\"https:\\\/\\\/miumjau.ee\\\/wp-content\\\/uploads\\\/2026\\\/03\\\/dr-malou-tuunikala-maiused-50g.jpg\",\"datePublished\":\"2026-03-15T14:27:19+00:00\",\"breadcrumb\":{\"@id\":\"https:\\\/\\\/miumjau.ee\\\/lt\\\/produktas\\\/liofilizuoti-100-tuno-kubeliai-dr-malou-50g\\\/#breadcrumb\"},\"inLanguage\":\"lt-LT\",\"potentialAction\":[{\"@type\":\"ReadAction\",\"target\":[\"https:\\\/\\\/miumjau.ee\\\/lt\\\/produktas\\\/liofilizuoti-100-tuno-kubeliai-dr-malou-50g\\\/\"]}]},{\"@type\":\"ImageObject\",\"inLanguage\":\"lt-LT\",\"@id\":\"https:\\\/\\\/miumjau.ee\\\/lt\\\/produktas\\\/liofilizuoti-100-tuno-kubeliai-dr-malou-50g\\\/#primaryimage\",\"url\":\"https:\\\/\\\/miumjau.ee\\\/wp-content\\\/uploads\\\/2026\\\/03\\\/dr-malou-tuunikala-maiused-50g.jpg\",\"contentUrl\":\"https:\\\/\\\/miumjau.ee\\\/wp-content\\\/uploads\\\/2026\\\/03\\\/dr-malou-tuunikala-maiused-50g.jpg\",\"width\":600,\"height\":800,\"caption\":\"Dr Malou k\u00fclmkuivatatud tuunikala kuubikud, 50g\"},{\"@type\":\"BreadcrumbList\",\"@id\":\"https:\\\/\\\/miumjau.ee\\\/lt\\\/produktas\\\/liofilizuoti-100-tuno-kubeliai-dr-malou-50g\\\/#breadcrumb\",\"itemListElement\":[{\"@type\":\"ListItem\",\"position\":1,\"name\":\"Home\",\"item\":\"https:\\\/\\\/miumjau.ee\\\/lt\\\/\"},{\"@type\":\"ListItem\",\"position\":2,\"name\":\"Parduotuv\u0117\",\"item\":\"https:\\\/\\\/miumjau.ee\\\/lt\\\/parduotuve\\\/\"},{\"@type\":\"ListItem\",\"position\":3,\"name\":\"Liofilizuoti 100% tuno kubeliai Dr Malou, 50g\"}]},{\"@type\":\"WebSite\",\"@id\":\"https:\\\/\\\/miumjau.ee\\\/#website\",\"url\":\"https:\\\/\\\/miumjau.ee\\\/\",\"name\":\"MiuMjau\",\"description\":\"Kraapimispuud kassidele\",\"publisher\":{\"@id\":\"https:\\\/\\\/miumjau.ee\\\/#organization\"},\"potentialAction\":[{\"@type\":\"SearchAction\",\"target\":{\"@type\":\"EntryPoint\",\"urlTemplate\":\"https:\\\/\\\/miumjau.ee\\\/?s={search_term_string}\"},\"query-input\":{\"@type\":\"PropertyValueSpecification\",\"valueRequired\":true,\"valueName\":\"search_term_string\"}}],\"inLanguage\":\"lt-LT\"},{\"@type\":\"Organization\",\"@id\":\"https:\\\/\\\/miumjau.ee\\\/#organization\",\"name\":\"MiuMjau O\u00dc\",\"url\":\"https:\\\/\\\/miumjau.ee\\\/\",\"logo\":{\"@type\":\"ImageObject\",\"inLanguage\":\"lt-LT\",\"@id\":\"https:\\\/\\\/miumjau.ee\\\/#\\\/schema\\\/logo\\\/image\\\/\",\"url\":\"https:\\\/\\\/miumjau.ee\\\/wp-content\\\/uploads\\\/2022\\\/04\\\/MiuMjau-logo-kollane.png\",\"contentUrl\":\"https:\\\/\\\/miumjau.ee\\\/wp-content\\\/uploads\\\/2022\\\/04\\\/MiuMjau-logo-kollane.png\",\"width\":219,\"height\":100,\"caption\":\"MiuMjau O\u00dc\"},\"image\":{\"@id\":\"https:\\\/\\\/miumjau.ee\\\/#\\\/schema\\\/logo\\\/image\\\/\"},\"sameAs\":[\"https:\\\/\\\/www.facebook.com\\\/miumjaupood\\\/\"]}]}<\/script>\n<!-- \/ Yoast SEO plugin. -->","yoast_head_json":{"title":"Liofilizuoti 100% tuno kubeliai Dr Malou, 50g - MiuMjau","robots":{"index":"index","follow":"follow","max-snippet":"max-snippet:-1","max-image-preview":"max-image-preview:large","max-video-preview":"max-video-preview:-1"},"canonical":"https:\/\/miumjau.ee\/lt\/produktas\/liofilizuoti-100-tuno-kubeliai-dr-malou-50g\/","og_locale":"lt_LT","og_type":"article","og_title":"Liofilizuoti 100% tuno kubeliai Dr Malou, 50g - MiuMjau","og_description":"Ka\u010di\u0173 skan\u0117stai i\u0161 100% liofilizuoto tuno yra nat\u016bralus ir daug baltym\u0173 turintis u\u017ekandis, suteikiantis j\u016bs\u0173 katei puik\u0173 skon\u012f ir vertingas maistines med\u017eiagas. \u0160ie lengvi ir tra\u0161k\u016bs m\u0117sos kubeliai gaminami tik i\u0161 gryno tuno, be gr\u016bd\u0173, dirbtini\u0173 pried\u0173, da\u017eikli\u0173 ar konservant\u0173. Tunas nat\u016braliai yra turtingas auk\u0161tos kokyb\u0117s baltymais, omega-3 riebal\u0173 r\u016bg\u0161timis ir B grup\u0117s vitaminais, kurie palaiko raumen\u0173 vystym\u0105si, odos ir kailio sveikat\u0105 bei bendr\u0105 savijaut\u0105. D\u0117l liofilizacijos (\u0161al\u010dio d\u017eiovinimo) technologijos i\u0161saugomas nat\u016bralus m\u0117sos skonis, aromatas ir maistin\u0117s med\u017eiagos nenaudojant auk\u0161tos temperat\u016bros. Tai u\u017etikrina ypa\u010d skan\u0173 ir maisting\u0105 skan\u0117st\u0105 j\u016bs\u0173 katei. \u0160ie ka\u010di\u0173 skan\u0117stai idealiai tinka: kasdieniam apdovanojimuitreniruot\u0117msmaisto pagardinimui (sutrupinkite ir prid\u0117kite prie sauso ar \u0161lapio maisto)sveikam u\u017ekand\u017eiui Pagrindiniai privalumai100% liofilizuotas tunas didelis baltym\u0173 kiekis sud\u0117tyje yra omega-3 riebal\u0173 r\u016bg\u0161\u010di\u0173 be gr\u016bd\u0173 ir dirbtini\u0173 pried\u0173 tinka vis\u0173 am\u017eiaus grupi\u0173 kat\u0117ms Analitin\u0117 sud\u0117tis: \u017eali baltymai 80%, \u017eali riebalai 6%, \u017eali pelenai 5%, \u017ealia l\u0105steliena 1%, dr\u0117gm\u0117 5%.","og_url":"https:\/\/miumjau.ee\/lt\/produktas\/liofilizuoti-100-tuno-kubeliai-dr-malou-50g\/","og_site_name":"MiuMjau","article_publisher":"https:\/\/www.facebook.com\/miumjaupood\/","og_image":[{"width":600,"height":800,"url":"https:\/\/miumjau.ee\/wp-content\/uploads\/2026\/03\/dr-malou-tuunikala-maiused-50g.jpg","type":"image\/jpeg"}],"twitter_card":"summary_large_image","schema":{"@context":"https:\/\/schema.org","@graph":[{"@type":"WebPage","@id":"https:\/\/miumjau.ee\/lt\/produktas\/liofilizuoti-100-tuno-kubeliai-dr-malou-50g\/","url":"https:\/\/miumjau.ee\/lt\/produktas\/liofilizuoti-100-tuno-kubeliai-dr-malou-50g\/","name":"Liofilizuoti 100% tuno kubeliai Dr Malou, 50g - MiuMjau","isPartOf":{"@id":"https:\/\/miumjau.ee\/#website"},"primaryImageOfPage":{"@id":"https:\/\/miumjau.ee\/lt\/produktas\/liofilizuoti-100-tuno-kubeliai-dr-malou-50g\/#primaryimage"},"image":{"@id":"https:\/\/miumjau.ee\/lt\/produktas\/liofilizuoti-100-tuno-kubeliai-dr-malou-50g\/#primaryimage"},"thumbnailUrl":"https:\/\/miumjau.ee\/wp-content\/uploads\/2026\/03\/dr-malou-tuunikala-maiused-50g.jpg","datePublished":"2026-03-15T14:27:19+00:00","breadcrumb":{"@id":"https:\/\/miumjau.ee\/lt\/produktas\/liofilizuoti-100-tuno-kubeliai-dr-malou-50g\/#breadcrumb"},"inLanguage":"lt-LT","potentialAction":[{"@type":"ReadAction","target":["https:\/\/miumjau.ee\/lt\/produktas\/liofilizuoti-100-tuno-kubeliai-dr-malou-50g\/"]}]},{"@type":"ImageObject","inLanguage":"lt-LT","@id":"https:\/\/miumjau.ee\/lt\/produktas\/liofilizuoti-100-tuno-kubeliai-dr-malou-50g\/#primaryimage","url":"https:\/\/miumjau.ee\/wp-content\/uploads\/2026\/03\/dr-malou-tuunikala-maiused-50g.jpg","contentUrl":"https:\/\/miumjau.ee\/wp-content\/uploads\/2026\/03\/dr-malou-tuunikala-maiused-50g.jpg","width":600,"height":800,"caption":"Dr Malou k\u00fclmkuivatatud tuunikala kuubikud, 50g"},{"@type":"BreadcrumbList","@id":"https:\/\/miumjau.ee\/lt\/produktas\/liofilizuoti-100-tuno-kubeliai-dr-malou-50g\/#breadcrumb","itemListElement":[{"@type":"ListItem","position":1,"name":"Home","item":"https:\/\/miumjau.ee\/lt\/"},{"@type":"ListItem","position":2,"name":"Parduotuv\u0117","item":"https:\/\/miumjau.ee\/lt\/parduotuve\/"},{"@type":"ListItem","position":3,"name":"Liofilizuoti 100% tuno kubeliai Dr Malou, 50g"}]},{"@type":"WebSite","@id":"https:\/\/miumjau.ee\/#website","url":"https:\/\/miumjau.ee\/","name":"MiuMjau","description":"Kraapimispuud kassidele","publisher":{"@id":"https:\/\/miumjau.ee\/#organization"},"potentialAction":[{"@type":"SearchAction","target":{"@type":"EntryPoint","urlTemplate":"https:\/\/miumjau.ee\/?s={search_term_string}"},"query-input":{"@type":"PropertyValueSpecification","valueRequired":true,"valueName":"search_term_string"}}],"inLanguage":"lt-LT"},{"@type":"Organization","@id":"https:\/\/miumjau.ee\/#organization","name":"MiuMjau O\u00dc","url":"https:\/\/miumjau.ee\/","logo":{"@type":"ImageObject","inLanguage":"lt-LT","@id":"https:\/\/miumjau.ee\/#\/schema\/logo\/image\/","url":"https:\/\/miumjau.ee\/wp-content\/uploads\/2022\/04\/MiuMjau-logo-kollane.png","contentUrl":"https:\/\/miumjau.ee\/wp-content\/uploads\/2022\/04\/MiuMjau-logo-kollane.png","width":219,"height":100,"caption":"MiuMjau O\u00dc"},"image":{"@id":"https:\/\/miumjau.ee\/#\/schema\/logo\/image\/"},"sameAs":["https:\/\/www.facebook.com\/miumjaupood\/"]}]}},"_links":{"self":[{"href":"https:\/\/miumjau.ee\/lt\/wp-json\/wp\/v2\/product\/55034","targetHints":{"allow":["GET"]}}],"collection":[{"href":"https:\/\/miumjau.ee\/lt\/wp-json\/wp\/v2\/product"}],"about":[{"href":"https:\/\/miumjau.ee\/lt\/wp-json\/wp\/v2\/types\/product"}],"wp:featuredmedia":[{"embeddable":true,"href":"https:\/\/miumjau.ee\/lt\/wp-json\/wp\/v2\/media\/54905"}],"wp:attachment":[{"href":"https:\/\/miumjau.ee\/lt\/wp-json\/wp\/v2\/media?parent=55034"}],"wp:term":[{"taxonomy":"product_brand","embeddable":true,"href":"https:\/\/miumjau.ee\/lt\/wp-json\/wp\/v2\/product_brand?post=55034"},{"taxonomy":"product_cat","embeddable":true,"href":"https:\/\/miumjau.ee\/lt\/wp-json\/wp\/v2\/product_cat?post=55034"},{"taxonomy":"product_tag","embeddable":true,"href":"https:\/\/miumjau.ee\/lt\/wp-json\/wp\/v2\/product_tag?post=55034"}],"curies":[{"name":"wp","href":"https:\/\/api.w.org\/{rel}","templated":true}]}}