{"id":55029,"date":"2026-03-15T16:31:31","date_gmt":"2026-03-15T14:31:31","guid":{"rendered":"https:\/\/miumjau.ee\/toode\/dr-malou-liofilizuoti-vistienos-krutineles-file-kubeliai-50g\/"},"modified":"2026-03-15T16:31:31","modified_gmt":"2026-03-15T14:31:31","slug":"dr-malou-liofilizuoti-vistienos-krutineles-file-kubeliai-50g","status":"publish","type":"product","link":"https:\/\/miumjau.ee\/lt\/produktas\/dr-malou-liofilizuoti-vistienos-krutineles-file-kubeliai-50g\/","title":{"rendered":"Dr Malou liofilizuoti vi\u0161tienos kr\u016btin\u0117l\u0117s fil\u0117 kubeliai, 50g"},"content":{"rendered":"","protected":false},"excerpt":{"rendered":"<p data-start=\"2437\" data-end=\"2696\">Ka\u010di\u0173 skan\u0117stai i\u0161 100% liofilizuotos vi\u0161tienos kr\u016btin\u0117l\u0117s yra nat\u016bralus ir daug baltym\u0173 turintis u\u017ekandis, suteikiantis tikr\u0105 m\u0117sos skon\u012f. Skan\u0117stai gaminami tik i\u0161 grynos vi\u0161tienos kr\u016btin\u0117l\u0117s m\u0117sos ir neturi gr\u016bd\u0173, dirbtini\u0173 pried\u0173, da\u017eikli\u0173 ar konservant\u0173.<\/p>\n<p data-start=\"2698\" data-end=\"2987\">Vi\u0161tiena yra lengvai vir\u0161kinamas gyv\u016bnin\u0117s kilm\u0117s baltym\u0173 \u0161altinis, padedantis palaikyti kat\u0117s raumen\u0173 vystym\u0105si ir bendr\u0105 sveikat\u0105. Joje taip pat nat\u016braliai yra B grup\u0117s vitamin\u0173 (B6 ir B12), vitamino A bei vitamin\u0173 D ir E, kurie palaiko nerv\u0173 sistem\u0105, imunitet\u0105, odos ir kailio sveikat\u0105.<\/p>\n<p data-start=\"2989\" data-end=\"3223\">Skan\u0117stai gaminami naudojant liofilizacijos (\u0161al\u010dio d\u017eiovinimo) metod\u0105, kuris pa\u0161alina dr\u0117gm\u0119 esant \u017eemai temperat\u016brai. Tai padeda i\u0161saugoti nat\u016bral\u0173 m\u0117sos skon\u012f, aromat\u0105 ir maistines med\u017eiagas bei padaro kubelius lengvus ir tra\u0161kius.<\/p>\n<p data-start=\"3225\" data-end=\"3260\">\u0160ie ka\u010di\u0173 skan\u0117stai idealiai tinka:<\/p>\n<p data-start=\"3262\" data-end=\"3364\">kaip apdovanojimas ar treniruo\u010di\u0173 skan\u0117stas<br data-start=\"3305\" data-end=\"3308\" \/>kaip kasdienio maisto papildas<br data-start=\"3338\" data-end=\"3341\" \/>kaip sveikas u\u017ekandis<\/p>\n<p data-start=\"3366\" data-end=\"3399\">Tinka vis\u0173 am\u017eiaus grupi\u0173 kat\u0117ms.<\/p>\n<p data-start=\"3401\" data-end=\"3440\">Sud\u0117tis: 100% vi\u0161tienos kr\u016btin\u0117l\u0117s fil\u0117<\/p>\n<p data-start=\"3442\" data-end=\"3546\">Analitin\u0117 sud\u0117tis: \u017eali baltymai 83%, \u017eali riebalai 4%, \u017ealia l\u0105steliena 1%, \u017eali pelenai 6%, dr\u0117gm\u0117 6%.<\/p>\n<p data-start=\"3548\" data-end=\"3581\">Energin\u0117 vert\u0117: 328 kcal \/ 100 g.<\/p>\n","protected":false},"featured_media":54911,"template":"","meta":[],"product_brand":[],"product_cat":[527],"product_tag":[],"class_list":{"0":"post-55029","1":"product","2":"type-product","3":"status-publish","4":"has-post-thumbnail","6":"product_cat-skanestai","8":"first","9":"instock","10":"taxable","11":"shipping-taxable","12":"purchasable","13":"product-type-simple"},"yoast_head":"<!-- This site is optimized with the Yoast SEO plugin v27.4 - https:\/\/yoast.com\/product\/yoast-seo-wordpress\/ -->\n<title>Dr Malou liofilizuoti vi\u0161tienos kr\u016btin\u0117l\u0117s fil\u0117 kubeliai, 50g - MiuMjau<\/title>\n<meta name=\"robots\" content=\"index, follow, max-snippet:-1, max-image-preview:large, max-video-preview:-1\" \/>\n<link rel=\"canonical\" href=\"https:\/\/miumjau.ee\/lt\/produktas\/dr-malou-liofilizuoti-vistienos-krutineles-file-kubeliai-50g\/\" \/>\n<meta property=\"og:locale\" content=\"lt_LT\" \/>\n<meta property=\"og:type\" content=\"article\" \/>\n<meta property=\"og:title\" content=\"Dr Malou liofilizuoti vi\u0161tienos kr\u016btin\u0117l\u0117s fil\u0117 kubeliai, 50g - MiuMjau\" \/>\n<meta property=\"og:description\" content=\"Ka\u010di\u0173 skan\u0117stai i\u0161 100% liofilizuotos vi\u0161tienos kr\u016btin\u0117l\u0117s yra nat\u016bralus ir daug baltym\u0173 turintis u\u017ekandis, suteikiantis tikr\u0105 m\u0117sos skon\u012f. Skan\u0117stai gaminami tik i\u0161 grynos vi\u0161tienos kr\u016btin\u0117l\u0117s m\u0117sos ir neturi gr\u016bd\u0173, dirbtini\u0173 pried\u0173, da\u017eikli\u0173 ar konservant\u0173. Vi\u0161tiena yra lengvai vir\u0161kinamas gyv\u016bnin\u0117s kilm\u0117s baltym\u0173 \u0161altinis, padedantis palaikyti kat\u0117s raumen\u0173 vystym\u0105si ir bendr\u0105 sveikat\u0105. Joje taip pat nat\u016braliai yra B grup\u0117s vitamin\u0173 (B6 ir B12), vitamino A bei vitamin\u0173 D ir E, kurie palaiko nerv\u0173 sistem\u0105, imunitet\u0105, odos ir kailio sveikat\u0105. Skan\u0117stai gaminami naudojant liofilizacijos (\u0161al\u010dio d\u017eiovinimo) metod\u0105, kuris pa\u0161alina dr\u0117gm\u0119 esant \u017eemai temperat\u016brai. Tai padeda i\u0161saugoti nat\u016bral\u0173 m\u0117sos skon\u012f, aromat\u0105 ir maistines med\u017eiagas bei padaro kubelius lengvus ir tra\u0161kius. \u0160ie ka\u010di\u0173 skan\u0117stai idealiai tinka: kaip apdovanojimas ar treniruo\u010di\u0173 skan\u0117staskaip kasdienio maisto papildaskaip sveikas u\u017ekandis Tinka vis\u0173 am\u017eiaus grupi\u0173 kat\u0117ms. Sud\u0117tis: 100% vi\u0161tienos kr\u016btin\u0117l\u0117s fil\u0117 Analitin\u0117 sud\u0117tis: \u017eali baltymai 83%, \u017eali riebalai 4%, \u017ealia l\u0105steliena 1%, \u017eali pelenai 6%, dr\u0117gm\u0117 6%. Energin\u0117 vert\u0117: 328 kcal \/ 100 g.\" \/>\n<meta property=\"og:url\" content=\"https:\/\/miumjau.ee\/lt\/produktas\/dr-malou-liofilizuoti-vistienos-krutineles-file-kubeliai-50g\/\" \/>\n<meta property=\"og:site_name\" content=\"MiuMjau\" \/>\n<meta property=\"article:publisher\" content=\"https:\/\/www.facebook.com\/miumjaupood\/\" \/>\n<meta property=\"og:image\" content=\"https:\/\/miumjau.ee\/wp-content\/uploads\/2026\/03\/dr-malou-kana-rinnafilee-maiused-50g-1.jpg\" \/>\n\t<meta property=\"og:image:width\" content=\"600\" \/>\n\t<meta property=\"og:image:height\" content=\"800\" \/>\n\t<meta property=\"og:image:type\" content=\"image\/jpeg\" \/>\n<meta name=\"twitter:card\" content=\"summary_large_image\" \/>\n<script type=\"application\/ld+json\" class=\"yoast-schema-graph\">{\"@context\":\"https:\\\/\\\/schema.org\",\"@graph\":[{\"@type\":\"WebPage\",\"@id\":\"https:\\\/\\\/miumjau.ee\\\/lt\\\/produktas\\\/dr-malou-liofilizuoti-vistienos-krutineles-file-kubeliai-50g\\\/\",\"url\":\"https:\\\/\\\/miumjau.ee\\\/lt\\\/produktas\\\/dr-malou-liofilizuoti-vistienos-krutineles-file-kubeliai-50g\\\/\",\"name\":\"Dr Malou liofilizuoti vi\u0161tienos kr\u016btin\u0117l\u0117s fil\u0117 kubeliai, 50g - MiuMjau\",\"isPartOf\":{\"@id\":\"https:\\\/\\\/miumjau.ee\\\/#website\"},\"primaryImageOfPage\":{\"@id\":\"https:\\\/\\\/miumjau.ee\\\/lt\\\/produktas\\\/dr-malou-liofilizuoti-vistienos-krutineles-file-kubeliai-50g\\\/#primaryimage\"},\"image\":{\"@id\":\"https:\\\/\\\/miumjau.ee\\\/lt\\\/produktas\\\/dr-malou-liofilizuoti-vistienos-krutineles-file-kubeliai-50g\\\/#primaryimage\"},\"thumbnailUrl\":\"https:\\\/\\\/miumjau.ee\\\/wp-content\\\/uploads\\\/2026\\\/03\\\/dr-malou-kana-rinnafilee-maiused-50g-1.jpg\",\"datePublished\":\"2026-03-15T14:31:31+00:00\",\"breadcrumb\":{\"@id\":\"https:\\\/\\\/miumjau.ee\\\/lt\\\/produktas\\\/dr-malou-liofilizuoti-vistienos-krutineles-file-kubeliai-50g\\\/#breadcrumb\"},\"inLanguage\":\"lt-LT\",\"potentialAction\":[{\"@type\":\"ReadAction\",\"target\":[\"https:\\\/\\\/miumjau.ee\\\/lt\\\/produktas\\\/dr-malou-liofilizuoti-vistienos-krutineles-file-kubeliai-50g\\\/\"]}]},{\"@type\":\"ImageObject\",\"inLanguage\":\"lt-LT\",\"@id\":\"https:\\\/\\\/miumjau.ee\\\/lt\\\/produktas\\\/dr-malou-liofilizuoti-vistienos-krutineles-file-kubeliai-50g\\\/#primaryimage\",\"url\":\"https:\\\/\\\/miumjau.ee\\\/wp-content\\\/uploads\\\/2026\\\/03\\\/dr-malou-kana-rinnafilee-maiused-50g-1.jpg\",\"contentUrl\":\"https:\\\/\\\/miumjau.ee\\\/wp-content\\\/uploads\\\/2026\\\/03\\\/dr-malou-kana-rinnafilee-maiused-50g-1.jpg\",\"width\":600,\"height\":800,\"caption\":\"Dr Malou k\u00fclmkuivatatud kana rinnafilee kuubikud, 50g\"},{\"@type\":\"BreadcrumbList\",\"@id\":\"https:\\\/\\\/miumjau.ee\\\/lt\\\/produktas\\\/dr-malou-liofilizuoti-vistienos-krutineles-file-kubeliai-50g\\\/#breadcrumb\",\"itemListElement\":[{\"@type\":\"ListItem\",\"position\":1,\"name\":\"Home\",\"item\":\"https:\\\/\\\/miumjau.ee\\\/lt\\\/\"},{\"@type\":\"ListItem\",\"position\":2,\"name\":\"Parduotuv\u0117\",\"item\":\"https:\\\/\\\/miumjau.ee\\\/lt\\\/parduotuve\\\/\"},{\"@type\":\"ListItem\",\"position\":3,\"name\":\"Dr Malou liofilizuoti vi\u0161tienos kr\u016btin\u0117l\u0117s fil\u0117 kubeliai, 50g\"}]},{\"@type\":\"WebSite\",\"@id\":\"https:\\\/\\\/miumjau.ee\\\/#website\",\"url\":\"https:\\\/\\\/miumjau.ee\\\/\",\"name\":\"MiuMjau\",\"description\":\"Kraapimispuud kassidele\",\"publisher\":{\"@id\":\"https:\\\/\\\/miumjau.ee\\\/#organization\"},\"potentialAction\":[{\"@type\":\"SearchAction\",\"target\":{\"@type\":\"EntryPoint\",\"urlTemplate\":\"https:\\\/\\\/miumjau.ee\\\/?s={search_term_string}\"},\"query-input\":{\"@type\":\"PropertyValueSpecification\",\"valueRequired\":true,\"valueName\":\"search_term_string\"}}],\"inLanguage\":\"lt-LT\"},{\"@type\":\"Organization\",\"@id\":\"https:\\\/\\\/miumjau.ee\\\/#organization\",\"name\":\"MiuMjau O\u00dc\",\"url\":\"https:\\\/\\\/miumjau.ee\\\/\",\"logo\":{\"@type\":\"ImageObject\",\"inLanguage\":\"lt-LT\",\"@id\":\"https:\\\/\\\/miumjau.ee\\\/#\\\/schema\\\/logo\\\/image\\\/\",\"url\":\"https:\\\/\\\/miumjau.ee\\\/wp-content\\\/uploads\\\/2022\\\/04\\\/MiuMjau-logo-kollane.png\",\"contentUrl\":\"https:\\\/\\\/miumjau.ee\\\/wp-content\\\/uploads\\\/2022\\\/04\\\/MiuMjau-logo-kollane.png\",\"width\":219,\"height\":100,\"caption\":\"MiuMjau O\u00dc\"},\"image\":{\"@id\":\"https:\\\/\\\/miumjau.ee\\\/#\\\/schema\\\/logo\\\/image\\\/\"},\"sameAs\":[\"https:\\\/\\\/www.facebook.com\\\/miumjaupood\\\/\"]}]}<\/script>\n<!-- \/ Yoast SEO plugin. -->","yoast_head_json":{"title":"Dr Malou liofilizuoti vi\u0161tienos kr\u016btin\u0117l\u0117s fil\u0117 kubeliai, 50g - MiuMjau","robots":{"index":"index","follow":"follow","max-snippet":"max-snippet:-1","max-image-preview":"max-image-preview:large","max-video-preview":"max-video-preview:-1"},"canonical":"https:\/\/miumjau.ee\/lt\/produktas\/dr-malou-liofilizuoti-vistienos-krutineles-file-kubeliai-50g\/","og_locale":"lt_LT","og_type":"article","og_title":"Dr Malou liofilizuoti vi\u0161tienos kr\u016btin\u0117l\u0117s fil\u0117 kubeliai, 50g - MiuMjau","og_description":"Ka\u010di\u0173 skan\u0117stai i\u0161 100% liofilizuotos vi\u0161tienos kr\u016btin\u0117l\u0117s yra nat\u016bralus ir daug baltym\u0173 turintis u\u017ekandis, suteikiantis tikr\u0105 m\u0117sos skon\u012f. Skan\u0117stai gaminami tik i\u0161 grynos vi\u0161tienos kr\u016btin\u0117l\u0117s m\u0117sos ir neturi gr\u016bd\u0173, dirbtini\u0173 pried\u0173, da\u017eikli\u0173 ar konservant\u0173. Vi\u0161tiena yra lengvai vir\u0161kinamas gyv\u016bnin\u0117s kilm\u0117s baltym\u0173 \u0161altinis, padedantis palaikyti kat\u0117s raumen\u0173 vystym\u0105si ir bendr\u0105 sveikat\u0105. Joje taip pat nat\u016braliai yra B grup\u0117s vitamin\u0173 (B6 ir B12), vitamino A bei vitamin\u0173 D ir E, kurie palaiko nerv\u0173 sistem\u0105, imunitet\u0105, odos ir kailio sveikat\u0105. Skan\u0117stai gaminami naudojant liofilizacijos (\u0161al\u010dio d\u017eiovinimo) metod\u0105, kuris pa\u0161alina dr\u0117gm\u0119 esant \u017eemai temperat\u016brai. Tai padeda i\u0161saugoti nat\u016bral\u0173 m\u0117sos skon\u012f, aromat\u0105 ir maistines med\u017eiagas bei padaro kubelius lengvus ir tra\u0161kius. \u0160ie ka\u010di\u0173 skan\u0117stai idealiai tinka: kaip apdovanojimas ar treniruo\u010di\u0173 skan\u0117staskaip kasdienio maisto papildaskaip sveikas u\u017ekandis Tinka vis\u0173 am\u017eiaus grupi\u0173 kat\u0117ms. Sud\u0117tis: 100% vi\u0161tienos kr\u016btin\u0117l\u0117s fil\u0117 Analitin\u0117 sud\u0117tis: \u017eali baltymai 83%, \u017eali riebalai 4%, \u017ealia l\u0105steliena 1%, \u017eali pelenai 6%, dr\u0117gm\u0117 6%. Energin\u0117 vert\u0117: 328 kcal \/ 100 g.","og_url":"https:\/\/miumjau.ee\/lt\/produktas\/dr-malou-liofilizuoti-vistienos-krutineles-file-kubeliai-50g\/","og_site_name":"MiuMjau","article_publisher":"https:\/\/www.facebook.com\/miumjaupood\/","og_image":[{"width":600,"height":800,"url":"https:\/\/miumjau.ee\/wp-content\/uploads\/2026\/03\/dr-malou-kana-rinnafilee-maiused-50g-1.jpg","type":"image\/jpeg"}],"twitter_card":"summary_large_image","schema":{"@context":"https:\/\/schema.org","@graph":[{"@type":"WebPage","@id":"https:\/\/miumjau.ee\/lt\/produktas\/dr-malou-liofilizuoti-vistienos-krutineles-file-kubeliai-50g\/","url":"https:\/\/miumjau.ee\/lt\/produktas\/dr-malou-liofilizuoti-vistienos-krutineles-file-kubeliai-50g\/","name":"Dr Malou liofilizuoti vi\u0161tienos kr\u016btin\u0117l\u0117s fil\u0117 kubeliai, 50g - MiuMjau","isPartOf":{"@id":"https:\/\/miumjau.ee\/#website"},"primaryImageOfPage":{"@id":"https:\/\/miumjau.ee\/lt\/produktas\/dr-malou-liofilizuoti-vistienos-krutineles-file-kubeliai-50g\/#primaryimage"},"image":{"@id":"https:\/\/miumjau.ee\/lt\/produktas\/dr-malou-liofilizuoti-vistienos-krutineles-file-kubeliai-50g\/#primaryimage"},"thumbnailUrl":"https:\/\/miumjau.ee\/wp-content\/uploads\/2026\/03\/dr-malou-kana-rinnafilee-maiused-50g-1.jpg","datePublished":"2026-03-15T14:31:31+00:00","breadcrumb":{"@id":"https:\/\/miumjau.ee\/lt\/produktas\/dr-malou-liofilizuoti-vistienos-krutineles-file-kubeliai-50g\/#breadcrumb"},"inLanguage":"lt-LT","potentialAction":[{"@type":"ReadAction","target":["https:\/\/miumjau.ee\/lt\/produktas\/dr-malou-liofilizuoti-vistienos-krutineles-file-kubeliai-50g\/"]}]},{"@type":"ImageObject","inLanguage":"lt-LT","@id":"https:\/\/miumjau.ee\/lt\/produktas\/dr-malou-liofilizuoti-vistienos-krutineles-file-kubeliai-50g\/#primaryimage","url":"https:\/\/miumjau.ee\/wp-content\/uploads\/2026\/03\/dr-malou-kana-rinnafilee-maiused-50g-1.jpg","contentUrl":"https:\/\/miumjau.ee\/wp-content\/uploads\/2026\/03\/dr-malou-kana-rinnafilee-maiused-50g-1.jpg","width":600,"height":800,"caption":"Dr Malou k\u00fclmkuivatatud kana rinnafilee kuubikud, 50g"},{"@type":"BreadcrumbList","@id":"https:\/\/miumjau.ee\/lt\/produktas\/dr-malou-liofilizuoti-vistienos-krutineles-file-kubeliai-50g\/#breadcrumb","itemListElement":[{"@type":"ListItem","position":1,"name":"Home","item":"https:\/\/miumjau.ee\/lt\/"},{"@type":"ListItem","position":2,"name":"Parduotuv\u0117","item":"https:\/\/miumjau.ee\/lt\/parduotuve\/"},{"@type":"ListItem","position":3,"name":"Dr Malou liofilizuoti vi\u0161tienos kr\u016btin\u0117l\u0117s fil\u0117 kubeliai, 50g"}]},{"@type":"WebSite","@id":"https:\/\/miumjau.ee\/#website","url":"https:\/\/miumjau.ee\/","name":"MiuMjau","description":"Kraapimispuud kassidele","publisher":{"@id":"https:\/\/miumjau.ee\/#organization"},"potentialAction":[{"@type":"SearchAction","target":{"@type":"EntryPoint","urlTemplate":"https:\/\/miumjau.ee\/?s={search_term_string}"},"query-input":{"@type":"PropertyValueSpecification","valueRequired":true,"valueName":"search_term_string"}}],"inLanguage":"lt-LT"},{"@type":"Organization","@id":"https:\/\/miumjau.ee\/#organization","name":"MiuMjau O\u00dc","url":"https:\/\/miumjau.ee\/","logo":{"@type":"ImageObject","inLanguage":"lt-LT","@id":"https:\/\/miumjau.ee\/#\/schema\/logo\/image\/","url":"https:\/\/miumjau.ee\/wp-content\/uploads\/2022\/04\/MiuMjau-logo-kollane.png","contentUrl":"https:\/\/miumjau.ee\/wp-content\/uploads\/2022\/04\/MiuMjau-logo-kollane.png","width":219,"height":100,"caption":"MiuMjau O\u00dc"},"image":{"@id":"https:\/\/miumjau.ee\/#\/schema\/logo\/image\/"},"sameAs":["https:\/\/www.facebook.com\/miumjaupood\/"]}]}},"_links":{"self":[{"href":"https:\/\/miumjau.ee\/lt\/wp-json\/wp\/v2\/product\/55029","targetHints":{"allow":["GET"]}}],"collection":[{"href":"https:\/\/miumjau.ee\/lt\/wp-json\/wp\/v2\/product"}],"about":[{"href":"https:\/\/miumjau.ee\/lt\/wp-json\/wp\/v2\/types\/product"}],"wp:featuredmedia":[{"embeddable":true,"href":"https:\/\/miumjau.ee\/lt\/wp-json\/wp\/v2\/media\/54911"}],"wp:attachment":[{"href":"https:\/\/miumjau.ee\/lt\/wp-json\/wp\/v2\/media?parent=55029"}],"wp:term":[{"taxonomy":"product_brand","embeddable":true,"href":"https:\/\/miumjau.ee\/lt\/wp-json\/wp\/v2\/product_brand?post=55029"},{"taxonomy":"product_cat","embeddable":true,"href":"https:\/\/miumjau.ee\/lt\/wp-json\/wp\/v2\/product_cat?post=55029"},{"taxonomy":"product_tag","embeddable":true,"href":"https:\/\/miumjau.ee\/lt\/wp-json\/wp\/v2\/product_tag?post=55029"}],"curies":[{"name":"wp","href":"https:\/\/api.w.org\/{rel}","templated":true}]}}