{"id":54945,"date":"2026-03-16T09:50:12","date_gmt":"2026-03-16T07:50:12","guid":{"rendered":"https:\/\/miumjau.ee\/?post_type=product&#038;p=54945"},"modified":"2026-03-16T15:48:28","modified_gmt":"2026-03-16T13:48:28","slug":"ibero-natural-70-mesos-konservai-antis-ir-kriause-400g-kopeeri","status":"publish","type":"product","link":"https:\/\/miumjau.ee\/lt\/produktas\/ibero-natural-70-mesos-konservai-antis-ir-kriause-400g-kopeeri\/","title":{"rendered":"Ibero Natural 70% m\u0117sos konservai, antis ir kriau\u0161\u0117 6x400g"},"content":{"rendered":"","protected":false},"excerpt":{"rendered":"<p data-start=\"1012\" data-end=\"1096\">Pilnavert\u0117 maistas suaugusiems \u0161unims i\u0161 vis\u0173 veisli\u0173 (&gt;1 met\u0173) \u2013 antis ir kriau\u0161\u0117<\/p>\n<p data-start=\"1098\" data-end=\"1216\"><strong data-start=\"1098\" data-end=\"1110\">Sud\u0117tis:<\/strong> Kalakutiena 35%, antiena 30%, kiaulienos kepenys 5%, kriau\u0161\u0117 5%, ry\u017eiai, \u017eirni\u0173 skaidulos, lin\u0173 s\u0117klos.<\/p>\n<p data-start=\"1218\" data-end=\"1314\"><strong data-start=\"1218\" data-end=\"1240\">Analitin\u0117 sud\u0117tis:<\/strong> \u017dali baltymai 9,5%, riebalai 7%, skaidulos 1,5%, pelnai 2%, dr\u0117gm\u0117 76%.<\/p>\n<p data-start=\"1316\" data-end=\"1454\"><strong data-start=\"1316\" data-end=\"1336\">Papildai (1 kg):<\/strong> Vitaminas A 7 954 IU, D3 509 IU, E 159 IU, manganas 13 mg, gele\u017eis 29 mg, varis 2,7 mg, cinkas 44 mg, jodas 0,6 mg.<\/p>\n<p data-start=\"1456\" data-end=\"1502\"><strong data-start=\"1456\" data-end=\"1485\">Metabolizuojama energija:<\/strong> 1 170 kcal\/kg.<\/p>\n<p data-start=\"1504\" data-end=\"1594\"><strong data-start=\"1504\" data-end=\"1539\">Konservantai ir antioksidantai:<\/strong> tokoferoli\u0173 turtingi ekstraktai i\u0161 augalini\u0173 aliej\u0173.<\/p>\n<p data-start=\"1596\" data-end=\"1733\">Patiekti kambario temperat\u016broje pagal rekomenduojam\u0105 porcij\u0105. Laikyti v\u0117sioje ir sausoje vietoje. Geriausia iki \/ partija: \u017er. pakuot\u0119.<\/p>\n<p data-start=\"1735\" data-end=\"1834\" data-is-last-node=\"\" data-is-only-node=\"\">Patikimas maistas J\u016bs\u0173 \u0161uniui! Galite b\u016bti tikri, kad \u0161uo gaus visas reikiamas maistines med\u017eiagas.<\/p>\n","protected":false},"featured_media":54964,"template":"","meta":[],"product_brand":[],"product_cat":[539],"product_tag":[],"class_list":{"0":"post-54945","1":"product","2":"type-product","3":"status-publish","4":"has-post-thumbnail","6":"product_cat-slapias-maistas-sunims","8":"first","9":"instock","10":"taxable","11":"shipping-taxable","12":"purchasable","13":"product-type-simple"},"yoast_head":"<!-- This site is optimized with the Yoast SEO plugin v27.4 - https:\/\/yoast.com\/product\/yoast-seo-wordpress\/ -->\n<title>Ibero Natural 70% m\u0117sos konservai, antis ir kriau\u0161\u0117 6x400g - MiuMjau<\/title>\n<meta name=\"robots\" content=\"index, follow, max-snippet:-1, max-image-preview:large, max-video-preview:-1\" \/>\n<link rel=\"canonical\" href=\"https:\/\/miumjau.ee\/lt\/produktas\/ibero-natural-70-mesos-konservai-antis-ir-kriause-400g-kopeeri\/\" \/>\n<meta property=\"og:locale\" content=\"lt_LT\" \/>\n<meta property=\"og:type\" content=\"article\" \/>\n<meta property=\"og:title\" content=\"Ibero Natural 70% m\u0117sos konservai, antis ir kriau\u0161\u0117 6x400g - MiuMjau\" \/>\n<meta property=\"og:description\" content=\"Pilnavert\u0117 maistas suaugusiems \u0161unims i\u0161 vis\u0173 veisli\u0173 (&gt;1 met\u0173) \u2013 antis ir kriau\u0161\u0117 Sud\u0117tis: Kalakutiena 35%, antiena 30%, kiaulienos kepenys 5%, kriau\u0161\u0117 5%, ry\u017eiai, \u017eirni\u0173 skaidulos, lin\u0173 s\u0117klos. Analitin\u0117 sud\u0117tis: \u017dali baltymai 9,5%, riebalai 7%, skaidulos 1,5%, pelnai 2%, dr\u0117gm\u0117 76%. Papildai (1 kg): Vitaminas A 7 954 IU, D3 509 IU, E 159 IU, manganas 13 mg, gele\u017eis 29 mg, varis 2,7 mg, cinkas 44 mg, jodas 0,6 mg. Metabolizuojama energija: 1 170 kcal\/kg. Konservantai ir antioksidantai: tokoferoli\u0173 turtingi ekstraktai i\u0161 augalini\u0173 aliej\u0173. Patiekti kambario temperat\u016broje pagal rekomenduojam\u0105 porcij\u0105. Laikyti v\u0117sioje ir sausoje vietoje. Geriausia iki \/ partija: \u017er. pakuot\u0119. Patikimas maistas J\u016bs\u0173 \u0161uniui! Galite b\u016bti tikri, kad \u0161uo gaus visas reikiamas maistines med\u017eiagas.\" \/>\n<meta property=\"og:url\" content=\"https:\/\/miumjau.ee\/lt\/produktas\/ibero-natural-70-mesos-konservai-antis-ir-kriause-400g-kopeeri\/\" \/>\n<meta property=\"og:site_name\" content=\"MiuMjau\" \/>\n<meta property=\"article:publisher\" content=\"https:\/\/www.facebook.com\/miumjaupood\/\" \/>\n<meta property=\"article:modified_time\" content=\"2026-03-16T13:48:28+00:00\" \/>\n<meta property=\"og:image\" content=\"https:\/\/miumjau.ee\/wp-content\/uploads\/2026\/03\/ibero-taissoot-konservid-koerale3.jpg\" \/>\n\t<meta property=\"og:image:width\" content=\"600\" \/>\n\t<meta property=\"og:image:height\" content=\"800\" \/>\n\t<meta property=\"og:image:type\" content=\"image\/jpeg\" \/>\n<meta name=\"twitter:card\" content=\"summary_large_image\" \/>\n<script type=\"application\/ld+json\" class=\"yoast-schema-graph\">{\"@context\":\"https:\\\/\\\/schema.org\",\"@graph\":[{\"@type\":\"WebPage\",\"@id\":\"https:\\\/\\\/miumjau.ee\\\/lt\\\/produktas\\\/ibero-natural-70-mesos-konservai-antis-ir-kriause-400g-kopeeri\\\/\",\"url\":\"https:\\\/\\\/miumjau.ee\\\/lt\\\/produktas\\\/ibero-natural-70-mesos-konservai-antis-ir-kriause-400g-kopeeri\\\/\",\"name\":\"Ibero Natural 70% m\u0117sos konservai, antis ir kriau\u0161\u0117 6x400g - MiuMjau\",\"isPartOf\":{\"@id\":\"https:\\\/\\\/miumjau.ee\\\/#website\"},\"primaryImageOfPage\":{\"@id\":\"https:\\\/\\\/miumjau.ee\\\/lt\\\/produktas\\\/ibero-natural-70-mesos-konservai-antis-ir-kriause-400g-kopeeri\\\/#primaryimage\"},\"image\":{\"@id\":\"https:\\\/\\\/miumjau.ee\\\/lt\\\/produktas\\\/ibero-natural-70-mesos-konservai-antis-ir-kriause-400g-kopeeri\\\/#primaryimage\"},\"thumbnailUrl\":\"https:\\\/\\\/miumjau.ee\\\/wp-content\\\/uploads\\\/2026\\\/03\\\/ibero-taissoot-konservid-koerale3.jpg\",\"datePublished\":\"2026-03-16T07:50:12+00:00\",\"dateModified\":\"2026-03-16T13:48:28+00:00\",\"breadcrumb\":{\"@id\":\"https:\\\/\\\/miumjau.ee\\\/lt\\\/produktas\\\/ibero-natural-70-mesos-konservai-antis-ir-kriause-400g-kopeeri\\\/#breadcrumb\"},\"inLanguage\":\"lt-LT\",\"potentialAction\":[{\"@type\":\"ReadAction\",\"target\":[\"https:\\\/\\\/miumjau.ee\\\/lt\\\/produktas\\\/ibero-natural-70-mesos-konservai-antis-ir-kriause-400g-kopeeri\\\/\"]}]},{\"@type\":\"ImageObject\",\"inLanguage\":\"lt-LT\",\"@id\":\"https:\\\/\\\/miumjau.ee\\\/lt\\\/produktas\\\/ibero-natural-70-mesos-konservai-antis-ir-kriause-400g-kopeeri\\\/#primaryimage\",\"url\":\"https:\\\/\\\/miumjau.ee\\\/wp-content\\\/uploads\\\/2026\\\/03\\\/ibero-taissoot-konservid-koerale3.jpg\",\"contentUrl\":\"https:\\\/\\\/miumjau.ee\\\/wp-content\\\/uploads\\\/2026\\\/03\\\/ibero-taissoot-konservid-koerale3.jpg\",\"width\":600,\"height\":800,\"caption\":\"Ibero Natural 70% lihaga konserv, part ja pirn 6x400g\"},{\"@type\":\"BreadcrumbList\",\"@id\":\"https:\\\/\\\/miumjau.ee\\\/lt\\\/produktas\\\/ibero-natural-70-mesos-konservai-antis-ir-kriause-400g-kopeeri\\\/#breadcrumb\",\"itemListElement\":[{\"@type\":\"ListItem\",\"position\":1,\"name\":\"Home\",\"item\":\"https:\\\/\\\/miumjau.ee\\\/lt\\\/\"},{\"@type\":\"ListItem\",\"position\":2,\"name\":\"Parduotuv\u0117\",\"item\":\"https:\\\/\\\/miumjau.ee\\\/lt\\\/parduotuve\\\/\"},{\"@type\":\"ListItem\",\"position\":3,\"name\":\"Ibero Natural 70% m\u0117sos konservai, antis ir kriau\u0161\u0117 6x400g\"}]},{\"@type\":\"WebSite\",\"@id\":\"https:\\\/\\\/miumjau.ee\\\/#website\",\"url\":\"https:\\\/\\\/miumjau.ee\\\/\",\"name\":\"MiuMjau\",\"description\":\"Kraapimispuud kassidele\",\"publisher\":{\"@id\":\"https:\\\/\\\/miumjau.ee\\\/#organization\"},\"potentialAction\":[{\"@type\":\"SearchAction\",\"target\":{\"@type\":\"EntryPoint\",\"urlTemplate\":\"https:\\\/\\\/miumjau.ee\\\/?s={search_term_string}\"},\"query-input\":{\"@type\":\"PropertyValueSpecification\",\"valueRequired\":true,\"valueName\":\"search_term_string\"}}],\"inLanguage\":\"lt-LT\"},{\"@type\":\"Organization\",\"@id\":\"https:\\\/\\\/miumjau.ee\\\/#organization\",\"name\":\"MiuMjau O\u00dc\",\"url\":\"https:\\\/\\\/miumjau.ee\\\/\",\"logo\":{\"@type\":\"ImageObject\",\"inLanguage\":\"lt-LT\",\"@id\":\"https:\\\/\\\/miumjau.ee\\\/#\\\/schema\\\/logo\\\/image\\\/\",\"url\":\"https:\\\/\\\/miumjau.ee\\\/wp-content\\\/uploads\\\/2022\\\/04\\\/MiuMjau-logo-kollane.png\",\"contentUrl\":\"https:\\\/\\\/miumjau.ee\\\/wp-content\\\/uploads\\\/2022\\\/04\\\/MiuMjau-logo-kollane.png\",\"width\":219,\"height\":100,\"caption\":\"MiuMjau O\u00dc\"},\"image\":{\"@id\":\"https:\\\/\\\/miumjau.ee\\\/#\\\/schema\\\/logo\\\/image\\\/\"},\"sameAs\":[\"https:\\\/\\\/www.facebook.com\\\/miumjaupood\\\/\"]}]}<\/script>\n<!-- \/ Yoast SEO plugin. -->","yoast_head_json":{"title":"Ibero Natural 70% m\u0117sos konservai, antis ir kriau\u0161\u0117 6x400g - MiuMjau","robots":{"index":"index","follow":"follow","max-snippet":"max-snippet:-1","max-image-preview":"max-image-preview:large","max-video-preview":"max-video-preview:-1"},"canonical":"https:\/\/miumjau.ee\/lt\/produktas\/ibero-natural-70-mesos-konservai-antis-ir-kriause-400g-kopeeri\/","og_locale":"lt_LT","og_type":"article","og_title":"Ibero Natural 70% m\u0117sos konservai, antis ir kriau\u0161\u0117 6x400g - MiuMjau","og_description":"Pilnavert\u0117 maistas suaugusiems \u0161unims i\u0161 vis\u0173 veisli\u0173 (&gt;1 met\u0173) \u2013 antis ir kriau\u0161\u0117 Sud\u0117tis: Kalakutiena 35%, antiena 30%, kiaulienos kepenys 5%, kriau\u0161\u0117 5%, ry\u017eiai, \u017eirni\u0173 skaidulos, lin\u0173 s\u0117klos. Analitin\u0117 sud\u0117tis: \u017dali baltymai 9,5%, riebalai 7%, skaidulos 1,5%, pelnai 2%, dr\u0117gm\u0117 76%. Papildai (1 kg): Vitaminas A 7 954 IU, D3 509 IU, E 159 IU, manganas 13 mg, gele\u017eis 29 mg, varis 2,7 mg, cinkas 44 mg, jodas 0,6 mg. Metabolizuojama energija: 1 170 kcal\/kg. Konservantai ir antioksidantai: tokoferoli\u0173 turtingi ekstraktai i\u0161 augalini\u0173 aliej\u0173. Patiekti kambario temperat\u016broje pagal rekomenduojam\u0105 porcij\u0105. Laikyti v\u0117sioje ir sausoje vietoje. Geriausia iki \/ partija: \u017er. pakuot\u0119. Patikimas maistas J\u016bs\u0173 \u0161uniui! Galite b\u016bti tikri, kad \u0161uo gaus visas reikiamas maistines med\u017eiagas.","og_url":"https:\/\/miumjau.ee\/lt\/produktas\/ibero-natural-70-mesos-konservai-antis-ir-kriause-400g-kopeeri\/","og_site_name":"MiuMjau","article_publisher":"https:\/\/www.facebook.com\/miumjaupood\/","article_modified_time":"2026-03-16T13:48:28+00:00","og_image":[{"width":600,"height":800,"url":"https:\/\/miumjau.ee\/wp-content\/uploads\/2026\/03\/ibero-taissoot-konservid-koerale3.jpg","type":"image\/jpeg"}],"twitter_card":"summary_large_image","schema":{"@context":"https:\/\/schema.org","@graph":[{"@type":"WebPage","@id":"https:\/\/miumjau.ee\/lt\/produktas\/ibero-natural-70-mesos-konservai-antis-ir-kriause-400g-kopeeri\/","url":"https:\/\/miumjau.ee\/lt\/produktas\/ibero-natural-70-mesos-konservai-antis-ir-kriause-400g-kopeeri\/","name":"Ibero Natural 70% m\u0117sos konservai, antis ir kriau\u0161\u0117 6x400g - MiuMjau","isPartOf":{"@id":"https:\/\/miumjau.ee\/#website"},"primaryImageOfPage":{"@id":"https:\/\/miumjau.ee\/lt\/produktas\/ibero-natural-70-mesos-konservai-antis-ir-kriause-400g-kopeeri\/#primaryimage"},"image":{"@id":"https:\/\/miumjau.ee\/lt\/produktas\/ibero-natural-70-mesos-konservai-antis-ir-kriause-400g-kopeeri\/#primaryimage"},"thumbnailUrl":"https:\/\/miumjau.ee\/wp-content\/uploads\/2026\/03\/ibero-taissoot-konservid-koerale3.jpg","datePublished":"2026-03-16T07:50:12+00:00","dateModified":"2026-03-16T13:48:28+00:00","breadcrumb":{"@id":"https:\/\/miumjau.ee\/lt\/produktas\/ibero-natural-70-mesos-konservai-antis-ir-kriause-400g-kopeeri\/#breadcrumb"},"inLanguage":"lt-LT","potentialAction":[{"@type":"ReadAction","target":["https:\/\/miumjau.ee\/lt\/produktas\/ibero-natural-70-mesos-konservai-antis-ir-kriause-400g-kopeeri\/"]}]},{"@type":"ImageObject","inLanguage":"lt-LT","@id":"https:\/\/miumjau.ee\/lt\/produktas\/ibero-natural-70-mesos-konservai-antis-ir-kriause-400g-kopeeri\/#primaryimage","url":"https:\/\/miumjau.ee\/wp-content\/uploads\/2026\/03\/ibero-taissoot-konservid-koerale3.jpg","contentUrl":"https:\/\/miumjau.ee\/wp-content\/uploads\/2026\/03\/ibero-taissoot-konservid-koerale3.jpg","width":600,"height":800,"caption":"Ibero Natural 70% lihaga konserv, part ja pirn 6x400g"},{"@type":"BreadcrumbList","@id":"https:\/\/miumjau.ee\/lt\/produktas\/ibero-natural-70-mesos-konservai-antis-ir-kriause-400g-kopeeri\/#breadcrumb","itemListElement":[{"@type":"ListItem","position":1,"name":"Home","item":"https:\/\/miumjau.ee\/lt\/"},{"@type":"ListItem","position":2,"name":"Parduotuv\u0117","item":"https:\/\/miumjau.ee\/lt\/parduotuve\/"},{"@type":"ListItem","position":3,"name":"Ibero Natural 70% m\u0117sos konservai, antis ir kriau\u0161\u0117 6x400g"}]},{"@type":"WebSite","@id":"https:\/\/miumjau.ee\/#website","url":"https:\/\/miumjau.ee\/","name":"MiuMjau","description":"Kraapimispuud kassidele","publisher":{"@id":"https:\/\/miumjau.ee\/#organization"},"potentialAction":[{"@type":"SearchAction","target":{"@type":"EntryPoint","urlTemplate":"https:\/\/miumjau.ee\/?s={search_term_string}"},"query-input":{"@type":"PropertyValueSpecification","valueRequired":true,"valueName":"search_term_string"}}],"inLanguage":"lt-LT"},{"@type":"Organization","@id":"https:\/\/miumjau.ee\/#organization","name":"MiuMjau O\u00dc","url":"https:\/\/miumjau.ee\/","logo":{"@type":"ImageObject","inLanguage":"lt-LT","@id":"https:\/\/miumjau.ee\/#\/schema\/logo\/image\/","url":"https:\/\/miumjau.ee\/wp-content\/uploads\/2022\/04\/MiuMjau-logo-kollane.png","contentUrl":"https:\/\/miumjau.ee\/wp-content\/uploads\/2022\/04\/MiuMjau-logo-kollane.png","width":219,"height":100,"caption":"MiuMjau O\u00dc"},"image":{"@id":"https:\/\/miumjau.ee\/#\/schema\/logo\/image\/"},"sameAs":["https:\/\/www.facebook.com\/miumjaupood\/"]}]}},"_links":{"self":[{"href":"https:\/\/miumjau.ee\/lt\/wp-json\/wp\/v2\/product\/54945","targetHints":{"allow":["GET"]}}],"collection":[{"href":"https:\/\/miumjau.ee\/lt\/wp-json\/wp\/v2\/product"}],"about":[{"href":"https:\/\/miumjau.ee\/lt\/wp-json\/wp\/v2\/types\/product"}],"wp:featuredmedia":[{"embeddable":true,"href":"https:\/\/miumjau.ee\/lt\/wp-json\/wp\/v2\/media\/54964"}],"wp:attachment":[{"href":"https:\/\/miumjau.ee\/lt\/wp-json\/wp\/v2\/media?parent=54945"}],"wp:term":[{"taxonomy":"product_brand","embeddable":true,"href":"https:\/\/miumjau.ee\/lt\/wp-json\/wp\/v2\/product_brand?post=54945"},{"taxonomy":"product_cat","embeddable":true,"href":"https:\/\/miumjau.ee\/lt\/wp-json\/wp\/v2\/product_cat?post=54945"},{"taxonomy":"product_tag","embeddable":true,"href":"https:\/\/miumjau.ee\/lt\/wp-json\/wp\/v2\/product_tag?post=54945"}],"curies":[{"name":"wp","href":"https:\/\/api.w.org\/{rel}","templated":true}]}}