{"id":54838,"date":"2024-11-07T13:36:47","date_gmt":"2024-11-07T11:36:47","guid":{"rendered":"https:\/\/miumjau.ee\/toode\/platinum-meatcrisp-kitten-sausas-pasaras-kaciukams-su-vistiena-1-5-kg\/"},"modified":"2024-11-07T13:36:47","modified_gmt":"2024-11-07T11:36:47","slug":"platinum-meatcrisp-kitten-sausas-pasaras-kaciukams-su-vistiena-1-5-kg","status":"publish","type":"product","link":"https:\/\/miumjau.ee\/lt\/produktas\/platinum-meatcrisp-kitten-sausas-pasaras-kaciukams-su-vistiena-1-5-kg\/","title":{"rendered":"Platinum MeatCrisp Kitten sausas pa\u0161aras ka\u010diukams su vi\u0161tiena 1.5 kg"},"content":{"rendered":"","protected":false},"excerpt":{"rendered":"<p data-start=\"1267\" data-end=\"1764\">MeatCrisp yra pirmasis sveikas ka\u010di\u0173 pa\u0161aras, pagamintas i\u0161 d\u017eiovintos \u0161vie\u017eios m\u0117sos. Jame yra nat\u016brali\u0173 mikroelement\u0173 ir aminor\u016bg\u0161\u010di\u0173 i\u0161 \u0161vie\u017eios m\u0117sos, tod\u0117l MeatCrisp yra geresn\u0117 alternatyva nat\u016braliam kat\u0117s grobiui nei dauguma komercini\u0173 ka\u010di\u0173 pa\u0161ar\u0173. Maitinant savo kat\u0119 MeatCrisp, ji jausis stabilesn\u0117 ir ramesn\u0117, tod\u0117l bus laimingesn\u0117. Tra\u0161kus MeatCrisp k\u0105snis ir m\u0117si\u0161kas skonis yra toks skanus, kad j\u016bs\u0173 kat\u0117 nenor\u0117s valgyti nieko kito. MeatCrisp sud\u0117tyje n\u0117ra kvapi\u0173j\u0173 ar skonio pried\u0173.<\/p>\n<p data-start=\"1766\" data-end=\"1817\"><strong data-start=\"1766\" data-end=\"1817\">83 % \u0161vie\u017eios m\u0117sos (sud\u0117tyje n\u0117ra m\u0117sos milt\u0173)<\/strong><\/p>\n<p data-start=\"1819\" data-end=\"1951\">Nat\u016bral\u016bs ingredientai<br data-start=\"1841\" data-end=\"1844\" \/>Be kvapi\u0173j\u0173 ir skonio pried\u0173<br data-start=\"1872\" data-end=\"1875\" \/>Be gr\u016bd\u0173<br data-start=\"1883\" data-end=\"1886\" \/>Maistingas ir lengvai vir\u0161kinamas<br data-start=\"1919\" data-end=\"1922\" \/>Optimizuotas taurino kiekis<\/p>\n<p data-start=\"1953\" data-end=\"2212\"><strong data-start=\"1953\" data-end=\"1965\">Sud\u0117tis:<\/strong> \u0160vie\u017eia vi\u0161tiena 83 %, Flor de Ma\u00edz (smulkiai malti kukur\u016bz\u0173 miltai), \u0161vie\u017eia la\u0161i\u0161a, augalini\u0173 baltym\u0173 izoliatas*, \u017eirni\u0173* ir ry\u017ei\u0173 mi\u0161inys, alaus miel\u0117s*, augalin\u0117 l\u0105steliena*, kiau\u0161inis*, la\u0161i\u0161\u0173 aliejus, cikorijos \u0161aknis* (FOS).<br data-start=\"2197\" data-end=\"2200\" \/>(*d\u017eiovinta)<\/p>\n<p data-start=\"2214\" data-end=\"2346\"><strong data-start=\"2214\" data-end=\"2236\">Analitin\u0117 sud\u0117tis:<\/strong> \u017dali baltymai 40 %, \u017ealia l\u0105steliena 3 %, \u017eali riebalai 19 %, kalcis 1,2 %, \u017eali pelenai 6,6 %, fosforas 1 %.<\/p>\n<p data-start=\"2348\" data-end=\"2377\" data-is-last-node=\"\" data-is-only-node=\"\"><strong data-start=\"2348\" data-end=\"2368\">Kalorijos 100 g:<\/strong> 396 kcal<\/p>\n","protected":false},"featured_media":54839,"template":"","meta":[],"product_brand":[],"product_cat":[528],"product_tag":[],"class_list":{"0":"post-54838","1":"product","2":"type-product","3":"status-publish","4":"has-post-thumbnail","6":"product_cat-sausas-maistas","8":"first","9":"instock","10":"taxable","11":"shipping-taxable","12":"purchasable","13":"product-type-simple"},"yoast_head":"<!-- This site is optimized with the Yoast SEO plugin v27.4 - https:\/\/yoast.com\/product\/yoast-seo-wordpress\/ -->\n<title>Platinum MeatCrisp Kitten sausas pa\u0161aras ka\u010diukams su vi\u0161tiena 1.5 kg - MiuMjau<\/title>\n<meta name=\"robots\" content=\"index, follow, max-snippet:-1, max-image-preview:large, max-video-preview:-1\" \/>\n<link rel=\"canonical\" href=\"https:\/\/miumjau.ee\/lt\/produktas\/platinum-meatcrisp-kitten-sausas-pasaras-kaciukams-su-vistiena-1-5-kg\/\" \/>\n<meta property=\"og:locale\" content=\"lt_LT\" \/>\n<meta property=\"og:type\" content=\"article\" \/>\n<meta property=\"og:title\" content=\"Platinum MeatCrisp Kitten sausas pa\u0161aras ka\u010diukams su vi\u0161tiena 1.5 kg - MiuMjau\" \/>\n<meta property=\"og:description\" content=\"MeatCrisp yra pirmasis sveikas ka\u010di\u0173 pa\u0161aras, pagamintas i\u0161 d\u017eiovintos \u0161vie\u017eios m\u0117sos. Jame yra nat\u016brali\u0173 mikroelement\u0173 ir aminor\u016bg\u0161\u010di\u0173 i\u0161 \u0161vie\u017eios m\u0117sos, tod\u0117l MeatCrisp yra geresn\u0117 alternatyva nat\u016braliam kat\u0117s grobiui nei dauguma komercini\u0173 ka\u010di\u0173 pa\u0161ar\u0173. Maitinant savo kat\u0119 MeatCrisp, ji jausis stabilesn\u0117 ir ramesn\u0117, tod\u0117l bus laimingesn\u0117. Tra\u0161kus MeatCrisp k\u0105snis ir m\u0117si\u0161kas skonis yra toks skanus, kad j\u016bs\u0173 kat\u0117 nenor\u0117s valgyti nieko kito. MeatCrisp sud\u0117tyje n\u0117ra kvapi\u0173j\u0173 ar skonio pried\u0173. 83 % \u0161vie\u017eios m\u0117sos (sud\u0117tyje n\u0117ra m\u0117sos milt\u0173) Nat\u016bral\u016bs ingredientaiBe kvapi\u0173j\u0173 ir skonio pried\u0173Be gr\u016bd\u0173Maistingas ir lengvai vir\u0161kinamasOptimizuotas taurino kiekis Sud\u0117tis: \u0160vie\u017eia vi\u0161tiena 83 %, Flor de Ma\u00edz (smulkiai malti kukur\u016bz\u0173 miltai), \u0161vie\u017eia la\u0161i\u0161a, augalini\u0173 baltym\u0173 izoliatas*, \u017eirni\u0173* ir ry\u017ei\u0173 mi\u0161inys, alaus miel\u0117s*, augalin\u0117 l\u0105steliena*, kiau\u0161inis*, la\u0161i\u0161\u0173 aliejus, cikorijos \u0161aknis* (FOS).(*d\u017eiovinta) Analitin\u0117 sud\u0117tis: \u017dali baltymai 40 %, \u017ealia l\u0105steliena 3 %, \u017eali riebalai 19 %, kalcis 1,2 %, \u017eali pelenai 6,6 %, fosforas 1 %. Kalorijos 100 g: 396 kcal\" \/>\n<meta property=\"og:url\" content=\"https:\/\/miumjau.ee\/lt\/produktas\/platinum-meatcrisp-kitten-sausas-pasaras-kaciukams-su-vistiena-1-5-kg\/\" \/>\n<meta property=\"og:site_name\" content=\"MiuMjau\" \/>\n<meta property=\"article:publisher\" content=\"https:\/\/www.facebook.com\/miumjaupood\/\" \/>\n<meta property=\"og:image\" content=\"https:\/\/miumjau.ee\/wp-content\/uploads\/2024\/11\/platinum-kuivtoit-pood6.jpg\" \/>\n\t<meta property=\"og:image:width\" content=\"600\" \/>\n\t<meta property=\"og:image:height\" content=\"800\" \/>\n\t<meta property=\"og:image:type\" content=\"image\/jpeg\" \/>\n<meta name=\"twitter:card\" content=\"summary_large_image\" \/>\n<script type=\"application\/ld+json\" class=\"yoast-schema-graph\">{\"@context\":\"https:\\\/\\\/schema.org\",\"@graph\":[{\"@type\":\"WebPage\",\"@id\":\"https:\\\/\\\/miumjau.ee\\\/lt\\\/produktas\\\/platinum-meatcrisp-kitten-sausas-pasaras-kaciukams-su-vistiena-1-5-kg\\\/\",\"url\":\"https:\\\/\\\/miumjau.ee\\\/lt\\\/produktas\\\/platinum-meatcrisp-kitten-sausas-pasaras-kaciukams-su-vistiena-1-5-kg\\\/\",\"name\":\"Platinum MeatCrisp Kitten sausas pa\u0161aras ka\u010diukams su vi\u0161tiena 1.5 kg - MiuMjau\",\"isPartOf\":{\"@id\":\"https:\\\/\\\/miumjau.ee\\\/#website\"},\"primaryImageOfPage\":{\"@id\":\"https:\\\/\\\/miumjau.ee\\\/lt\\\/produktas\\\/platinum-meatcrisp-kitten-sausas-pasaras-kaciukams-su-vistiena-1-5-kg\\\/#primaryimage\"},\"image\":{\"@id\":\"https:\\\/\\\/miumjau.ee\\\/lt\\\/produktas\\\/platinum-meatcrisp-kitten-sausas-pasaras-kaciukams-su-vistiena-1-5-kg\\\/#primaryimage\"},\"thumbnailUrl\":\"https:\\\/\\\/miumjau.ee\\\/wp-content\\\/uploads\\\/2024\\\/11\\\/platinum-kuivtoit-pood6.jpg\",\"datePublished\":\"2024-11-07T11:36:47+00:00\",\"breadcrumb\":{\"@id\":\"https:\\\/\\\/miumjau.ee\\\/lt\\\/produktas\\\/platinum-meatcrisp-kitten-sausas-pasaras-kaciukams-su-vistiena-1-5-kg\\\/#breadcrumb\"},\"inLanguage\":\"lt-LT\",\"potentialAction\":[{\"@type\":\"ReadAction\",\"target\":[\"https:\\\/\\\/miumjau.ee\\\/lt\\\/produktas\\\/platinum-meatcrisp-kitten-sausas-pasaras-kaciukams-su-vistiena-1-5-kg\\\/\"]}]},{\"@type\":\"ImageObject\",\"inLanguage\":\"lt-LT\",\"@id\":\"https:\\\/\\\/miumjau.ee\\\/lt\\\/produktas\\\/platinum-meatcrisp-kitten-sausas-pasaras-kaciukams-su-vistiena-1-5-kg\\\/#primaryimage\",\"url\":\"https:\\\/\\\/miumjau.ee\\\/wp-content\\\/uploads\\\/2024\\\/11\\\/platinum-kuivtoit-pood6.jpg\",\"contentUrl\":\"https:\\\/\\\/miumjau.ee\\\/wp-content\\\/uploads\\\/2024\\\/11\\\/platinum-kuivtoit-pood6.jpg\",\"width\":600,\"height\":800},{\"@type\":\"BreadcrumbList\",\"@id\":\"https:\\\/\\\/miumjau.ee\\\/lt\\\/produktas\\\/platinum-meatcrisp-kitten-sausas-pasaras-kaciukams-su-vistiena-1-5-kg\\\/#breadcrumb\",\"itemListElement\":[{\"@type\":\"ListItem\",\"position\":1,\"name\":\"Home\",\"item\":\"https:\\\/\\\/miumjau.ee\\\/lt\\\/\"},{\"@type\":\"ListItem\",\"position\":2,\"name\":\"Parduotuv\u0117\",\"item\":\"https:\\\/\\\/miumjau.ee\\\/lt\\\/parduotuve\\\/\"},{\"@type\":\"ListItem\",\"position\":3,\"name\":\"Platinum MeatCrisp Kitten sausas pa\u0161aras ka\u010diukams su vi\u0161tiena 1.5 kg\"}]},{\"@type\":\"WebSite\",\"@id\":\"https:\\\/\\\/miumjau.ee\\\/#website\",\"url\":\"https:\\\/\\\/miumjau.ee\\\/\",\"name\":\"MiuMjau\",\"description\":\"Kraapimispuud kassidele\",\"publisher\":{\"@id\":\"https:\\\/\\\/miumjau.ee\\\/#organization\"},\"potentialAction\":[{\"@type\":\"SearchAction\",\"target\":{\"@type\":\"EntryPoint\",\"urlTemplate\":\"https:\\\/\\\/miumjau.ee\\\/?s={search_term_string}\"},\"query-input\":{\"@type\":\"PropertyValueSpecification\",\"valueRequired\":true,\"valueName\":\"search_term_string\"}}],\"inLanguage\":\"lt-LT\"},{\"@type\":\"Organization\",\"@id\":\"https:\\\/\\\/miumjau.ee\\\/#organization\",\"name\":\"MiuMjau O\u00dc\",\"url\":\"https:\\\/\\\/miumjau.ee\\\/\",\"logo\":{\"@type\":\"ImageObject\",\"inLanguage\":\"lt-LT\",\"@id\":\"https:\\\/\\\/miumjau.ee\\\/#\\\/schema\\\/logo\\\/image\\\/\",\"url\":\"https:\\\/\\\/miumjau.ee\\\/wp-content\\\/uploads\\\/2022\\\/04\\\/MiuMjau-logo-kollane.png\",\"contentUrl\":\"https:\\\/\\\/miumjau.ee\\\/wp-content\\\/uploads\\\/2022\\\/04\\\/MiuMjau-logo-kollane.png\",\"width\":219,\"height\":100,\"caption\":\"MiuMjau O\u00dc\"},\"image\":{\"@id\":\"https:\\\/\\\/miumjau.ee\\\/#\\\/schema\\\/logo\\\/image\\\/\"},\"sameAs\":[\"https:\\\/\\\/www.facebook.com\\\/miumjaupood\\\/\"]}]}<\/script>\n<!-- \/ Yoast SEO plugin. -->","yoast_head_json":{"title":"Platinum MeatCrisp Kitten sausas pa\u0161aras ka\u010diukams su vi\u0161tiena 1.5 kg - MiuMjau","robots":{"index":"index","follow":"follow","max-snippet":"max-snippet:-1","max-image-preview":"max-image-preview:large","max-video-preview":"max-video-preview:-1"},"canonical":"https:\/\/miumjau.ee\/lt\/produktas\/platinum-meatcrisp-kitten-sausas-pasaras-kaciukams-su-vistiena-1-5-kg\/","og_locale":"lt_LT","og_type":"article","og_title":"Platinum MeatCrisp Kitten sausas pa\u0161aras ka\u010diukams su vi\u0161tiena 1.5 kg - MiuMjau","og_description":"MeatCrisp yra pirmasis sveikas ka\u010di\u0173 pa\u0161aras, pagamintas i\u0161 d\u017eiovintos \u0161vie\u017eios m\u0117sos. Jame yra nat\u016brali\u0173 mikroelement\u0173 ir aminor\u016bg\u0161\u010di\u0173 i\u0161 \u0161vie\u017eios m\u0117sos, tod\u0117l MeatCrisp yra geresn\u0117 alternatyva nat\u016braliam kat\u0117s grobiui nei dauguma komercini\u0173 ka\u010di\u0173 pa\u0161ar\u0173. Maitinant savo kat\u0119 MeatCrisp, ji jausis stabilesn\u0117 ir ramesn\u0117, tod\u0117l bus laimingesn\u0117. Tra\u0161kus MeatCrisp k\u0105snis ir m\u0117si\u0161kas skonis yra toks skanus, kad j\u016bs\u0173 kat\u0117 nenor\u0117s valgyti nieko kito. MeatCrisp sud\u0117tyje n\u0117ra kvapi\u0173j\u0173 ar skonio pried\u0173. 83 % \u0161vie\u017eios m\u0117sos (sud\u0117tyje n\u0117ra m\u0117sos milt\u0173) Nat\u016bral\u016bs ingredientaiBe kvapi\u0173j\u0173 ir skonio pried\u0173Be gr\u016bd\u0173Maistingas ir lengvai vir\u0161kinamasOptimizuotas taurino kiekis Sud\u0117tis: \u0160vie\u017eia vi\u0161tiena 83 %, Flor de Ma\u00edz (smulkiai malti kukur\u016bz\u0173 miltai), \u0161vie\u017eia la\u0161i\u0161a, augalini\u0173 baltym\u0173 izoliatas*, \u017eirni\u0173* ir ry\u017ei\u0173 mi\u0161inys, alaus miel\u0117s*, augalin\u0117 l\u0105steliena*, kiau\u0161inis*, la\u0161i\u0161\u0173 aliejus, cikorijos \u0161aknis* (FOS).(*d\u017eiovinta) Analitin\u0117 sud\u0117tis: \u017dali baltymai 40 %, \u017ealia l\u0105steliena 3 %, \u017eali riebalai 19 %, kalcis 1,2 %, \u017eali pelenai 6,6 %, fosforas 1 %. Kalorijos 100 g: 396 kcal","og_url":"https:\/\/miumjau.ee\/lt\/produktas\/platinum-meatcrisp-kitten-sausas-pasaras-kaciukams-su-vistiena-1-5-kg\/","og_site_name":"MiuMjau","article_publisher":"https:\/\/www.facebook.com\/miumjaupood\/","og_image":[{"width":600,"height":800,"url":"https:\/\/miumjau.ee\/wp-content\/uploads\/2024\/11\/platinum-kuivtoit-pood6.jpg","type":"image\/jpeg"}],"twitter_card":"summary_large_image","schema":{"@context":"https:\/\/schema.org","@graph":[{"@type":"WebPage","@id":"https:\/\/miumjau.ee\/lt\/produktas\/platinum-meatcrisp-kitten-sausas-pasaras-kaciukams-su-vistiena-1-5-kg\/","url":"https:\/\/miumjau.ee\/lt\/produktas\/platinum-meatcrisp-kitten-sausas-pasaras-kaciukams-su-vistiena-1-5-kg\/","name":"Platinum MeatCrisp Kitten sausas pa\u0161aras ka\u010diukams su vi\u0161tiena 1.5 kg - MiuMjau","isPartOf":{"@id":"https:\/\/miumjau.ee\/#website"},"primaryImageOfPage":{"@id":"https:\/\/miumjau.ee\/lt\/produktas\/platinum-meatcrisp-kitten-sausas-pasaras-kaciukams-su-vistiena-1-5-kg\/#primaryimage"},"image":{"@id":"https:\/\/miumjau.ee\/lt\/produktas\/platinum-meatcrisp-kitten-sausas-pasaras-kaciukams-su-vistiena-1-5-kg\/#primaryimage"},"thumbnailUrl":"https:\/\/miumjau.ee\/wp-content\/uploads\/2024\/11\/platinum-kuivtoit-pood6.jpg","datePublished":"2024-11-07T11:36:47+00:00","breadcrumb":{"@id":"https:\/\/miumjau.ee\/lt\/produktas\/platinum-meatcrisp-kitten-sausas-pasaras-kaciukams-su-vistiena-1-5-kg\/#breadcrumb"},"inLanguage":"lt-LT","potentialAction":[{"@type":"ReadAction","target":["https:\/\/miumjau.ee\/lt\/produktas\/platinum-meatcrisp-kitten-sausas-pasaras-kaciukams-su-vistiena-1-5-kg\/"]}]},{"@type":"ImageObject","inLanguage":"lt-LT","@id":"https:\/\/miumjau.ee\/lt\/produktas\/platinum-meatcrisp-kitten-sausas-pasaras-kaciukams-su-vistiena-1-5-kg\/#primaryimage","url":"https:\/\/miumjau.ee\/wp-content\/uploads\/2024\/11\/platinum-kuivtoit-pood6.jpg","contentUrl":"https:\/\/miumjau.ee\/wp-content\/uploads\/2024\/11\/platinum-kuivtoit-pood6.jpg","width":600,"height":800},{"@type":"BreadcrumbList","@id":"https:\/\/miumjau.ee\/lt\/produktas\/platinum-meatcrisp-kitten-sausas-pasaras-kaciukams-su-vistiena-1-5-kg\/#breadcrumb","itemListElement":[{"@type":"ListItem","position":1,"name":"Home","item":"https:\/\/miumjau.ee\/lt\/"},{"@type":"ListItem","position":2,"name":"Parduotuv\u0117","item":"https:\/\/miumjau.ee\/lt\/parduotuve\/"},{"@type":"ListItem","position":3,"name":"Platinum MeatCrisp Kitten sausas pa\u0161aras ka\u010diukams su vi\u0161tiena 1.5 kg"}]},{"@type":"WebSite","@id":"https:\/\/miumjau.ee\/#website","url":"https:\/\/miumjau.ee\/","name":"MiuMjau","description":"Kraapimispuud kassidele","publisher":{"@id":"https:\/\/miumjau.ee\/#organization"},"potentialAction":[{"@type":"SearchAction","target":{"@type":"EntryPoint","urlTemplate":"https:\/\/miumjau.ee\/?s={search_term_string}"},"query-input":{"@type":"PropertyValueSpecification","valueRequired":true,"valueName":"search_term_string"}}],"inLanguage":"lt-LT"},{"@type":"Organization","@id":"https:\/\/miumjau.ee\/#organization","name":"MiuMjau O\u00dc","url":"https:\/\/miumjau.ee\/","logo":{"@type":"ImageObject","inLanguage":"lt-LT","@id":"https:\/\/miumjau.ee\/#\/schema\/logo\/image\/","url":"https:\/\/miumjau.ee\/wp-content\/uploads\/2022\/04\/MiuMjau-logo-kollane.png","contentUrl":"https:\/\/miumjau.ee\/wp-content\/uploads\/2022\/04\/MiuMjau-logo-kollane.png","width":219,"height":100,"caption":"MiuMjau O\u00dc"},"image":{"@id":"https:\/\/miumjau.ee\/#\/schema\/logo\/image\/"},"sameAs":["https:\/\/www.facebook.com\/miumjaupood\/"]}]}},"_links":{"self":[{"href":"https:\/\/miumjau.ee\/lt\/wp-json\/wp\/v2\/product\/54838","targetHints":{"allow":["GET"]}}],"collection":[{"href":"https:\/\/miumjau.ee\/lt\/wp-json\/wp\/v2\/product"}],"about":[{"href":"https:\/\/miumjau.ee\/lt\/wp-json\/wp\/v2\/types\/product"}],"wp:featuredmedia":[{"embeddable":true,"href":"https:\/\/miumjau.ee\/lt\/wp-json\/wp\/v2\/media\/54839"}],"wp:attachment":[{"href":"https:\/\/miumjau.ee\/lt\/wp-json\/wp\/v2\/media?parent=54838"}],"wp:term":[{"taxonomy":"product_brand","embeddable":true,"href":"https:\/\/miumjau.ee\/lt\/wp-json\/wp\/v2\/product_brand?post=54838"},{"taxonomy":"product_cat","embeddable":true,"href":"https:\/\/miumjau.ee\/lt\/wp-json\/wp\/v2\/product_cat?post=54838"},{"taxonomy":"product_tag","embeddable":true,"href":"https:\/\/miumjau.ee\/lt\/wp-json\/wp\/v2\/product_tag?post=54838"}],"curies":[{"name":"wp","href":"https:\/\/api.w.org\/{rel}","templated":true}]}}