{"id":54814,"date":"2025-06-28T15:55:38","date_gmt":"2025-06-28T12:55:38","guid":{"rendered":"https:\/\/miumjau.ee\/toode\/platinum-adult-chicken-mini-saltai-spaustas-maistas-mazu-veisliu-sunims-900-g\/"},"modified":"2025-06-28T15:55:38","modified_gmt":"2025-06-28T12:55:38","slug":"platinum-adult-chicken-mini-saltai-spaustas-maistas-mazu-veisliu-sunims-900-g","status":"publish","type":"product","link":"https:\/\/miumjau.ee\/lt\/produktas\/platinum-adult-chicken-mini-saltai-spaustas-maistas-mazu-veisliu-sunims-900-g\/","title":{"rendered":"Platinum Adult Chicken Mini, \u0161altai spaustas maistas ma\u017e\u0173 veisli\u0173 \u0161unims 900 g"},"content":{"rendered":"","protected":false},"excerpt":{"rendered":"<p data-start=\"4907\" data-end=\"5017\">PLATINUM sausas pa\u0161aras su vi\u0161tiena sudarytas tik i\u0161 auk\u0161tos kokyb\u0117s ingredient\u0173, naudojam\u0173 ir \u017emoni\u0173 maistui:<\/p>\n<p data-start=\"5019\" data-end=\"5209\">70 % \u0161vie\u017eios vi\u0161tienos<br data-start=\"5042\" data-end=\"5045\" \/>Kukur\u016bzai ir ry\u017eiai kaip kokybi\u0161ki angliavandeni\u0173 \u0161altiniai<br data-start=\"5104\" data-end=\"5107\" \/>Dar\u017eov\u0117s, turtingos nat\u016braliais antioksidantais<br data-start=\"5154\" data-end=\"5157\" \/>\u017dali\u0173j\u0173 midij\u0173 ekstraktas ir keli naudingi augalai<\/p>\n<p data-start=\"5211\" data-end=\"5629\"><strong data-start=\"5211\" data-end=\"5223\">Sud\u0117tis:<\/strong> \u0160vie\u017eia vi\u0161tiena (70 %), smulkinti ry\u017eiai, kukur\u016bzai (ne geneti\u0161kai modifikuoti), alaus miel\u0117s*, obuoli\u0173 mas\u0117*, la\u0161i\u0161\u0173 aliejus** (omega-3), jukos ekstraktas, lin\u0173 s\u0117men\u0173 aliejus** (omega-3), alyvuogi\u0173 aliejus**, \u017eali\u0173j\u0173 midij\u0173 ekstraktas, morkos*, pomidorai*, medetkos*, kiaulpien\u0117s*, brokoliai*, \u017ealioji arbata*, ramun\u0117l\u0117s*, raudon\u0117lis*, margaini\u0173 s\u0117klos*, spanguoli\u0173 s\u0117klos*, dumbliai*, kalio chloridas.<\/p>\n<p data-start=\"5631\" data-end=\"5816\"><strong data-start=\"5631\" data-end=\"5653\">Analitin\u0117 sud\u0117tis:<\/strong> \u017dali baltymai 26,0 %, \u017eali aliejai ir riebalai 16,0 %, \u017eali pelenai 7,9 %, \u017ealia l\u0105steliena 2,0 %, kalcis 1,5 %, fosforas 1,0 %, dr\u0117gm\u0117 (nat\u016bralus kiekis) 19,0 %.<\/p>\n<p data-start=\"5818\" data-end=\"6070\"><strong data-start=\"5818\" data-end=\"5830\">Priedai:<\/strong><br data-start=\"5830\" data-end=\"5833\" \/>Vitaminai: 3a672a\/vitaminas A 10 000 TV, 3a671\/vitaminas D3 1 600 TV, 3a700i\/vitaminas E 150 mg.<br data-start=\"5929\" data-end=\"5932\" \/>Mikroelementai: 3b108\/gele\u017eis 75 mg, 3b203\/jodas 3 mg, 3b413\/varis 19 mg, 3b506\/manganas 40 mg, 3b607\/cinkas 150 mg, 3b814\/selenas 0,2 mg.<\/p>\n<p data-start=\"6072\" data-end=\"6094\"><strong data-start=\"6072\" data-end=\"6094\">100 g = 364,4 kcal<\/strong><\/p>\n<p data-start=\"6096\" data-end=\"6120\"><strong data-start=\"6096\" data-end=\"6120\">\u0160\u0117rimo rekomendacija<\/strong><\/p>\n<p data-start=\"6122\" data-end=\"6279\">PLATINUM Adult Chicken tinka visiems suaugusiems \u0161unims; \u0161uniukams galima prad\u0117ti duoti nuo 5 m\u0117nesi\u0173 am\u017eiaus. PLATINUM sausas pa\u0161aras yra paruo\u0161tas vartoti.<\/p>\n<p data-start=\"6281\" data-end=\"6418\">\u0160uns svoris (kg) | Dienos pa\u0161aro kiekis (g)<br data-start=\"6324\" data-end=\"6327\" \/>1,0 \u2013 3,0 | 30 \u2013 55<br data-start=\"6346\" data-end=\"6349\" \/>3,0 \u2013 5,0 | 55 \u2013 85<br data-start=\"6368\" data-end=\"6371\" \/>5,0 \u2013 7,5 | 85 \u2013 115<br data-start=\"6391\" data-end=\"6394\" \/>7,5 \u2013 10,0 | 115 \u2013 150<\/p>\n","protected":false},"featured_media":43998,"template":"","meta":[],"product_brand":[],"product_cat":[538],"product_tag":[],"class_list":{"0":"post-54814","1":"product","2":"type-product","3":"status-publish","4":"has-post-thumbnail","6":"product_cat-sausas-maistas-sunims","8":"first","9":"instock","10":"sale","11":"taxable","12":"shipping-taxable","13":"purchasable","14":"product-type-simple"},"yoast_head":"<!-- This site is optimized with the Yoast SEO plugin v27.4 - https:\/\/yoast.com\/product\/yoast-seo-wordpress\/ -->\n<title>Platinum Adult Chicken Mini, \u0161altai spaustas maistas ma\u017e\u0173 veisli\u0173 \u0161unims 900 g - MiuMjau<\/title>\n<meta name=\"robots\" content=\"index, follow, max-snippet:-1, max-image-preview:large, max-video-preview:-1\" \/>\n<link rel=\"canonical\" href=\"https:\/\/miumjau.ee\/lt\/produktas\/platinum-adult-chicken-mini-saltai-spaustas-maistas-mazu-veisliu-sunims-900-g\/\" \/>\n<meta property=\"og:locale\" content=\"lt_LT\" \/>\n<meta property=\"og:type\" content=\"article\" \/>\n<meta property=\"og:title\" content=\"Platinum Adult Chicken Mini, \u0161altai spaustas maistas ma\u017e\u0173 veisli\u0173 \u0161unims 900 g - MiuMjau\" \/>\n<meta property=\"og:description\" content=\"PLATINUM sausas pa\u0161aras su vi\u0161tiena sudarytas tik i\u0161 auk\u0161tos kokyb\u0117s ingredient\u0173, naudojam\u0173 ir \u017emoni\u0173 maistui: 70 % \u0161vie\u017eios vi\u0161tienosKukur\u016bzai ir ry\u017eiai kaip kokybi\u0161ki angliavandeni\u0173 \u0161altiniaiDar\u017eov\u0117s, turtingos nat\u016braliais antioksidantais\u017dali\u0173j\u0173 midij\u0173 ekstraktas ir keli naudingi augalai Sud\u0117tis: \u0160vie\u017eia vi\u0161tiena (70 %), smulkinti ry\u017eiai, kukur\u016bzai (ne geneti\u0161kai modifikuoti), alaus miel\u0117s*, obuoli\u0173 mas\u0117*, la\u0161i\u0161\u0173 aliejus** (omega-3), jukos ekstraktas, lin\u0173 s\u0117men\u0173 aliejus** (omega-3), alyvuogi\u0173 aliejus**, \u017eali\u0173j\u0173 midij\u0173 ekstraktas, morkos*, pomidorai*, medetkos*, kiaulpien\u0117s*, brokoliai*, \u017ealioji arbata*, ramun\u0117l\u0117s*, raudon\u0117lis*, margaini\u0173 s\u0117klos*, spanguoli\u0173 s\u0117klos*, dumbliai*, kalio chloridas. Analitin\u0117 sud\u0117tis: \u017dali baltymai 26,0 %, \u017eali aliejai ir riebalai 16,0 %, \u017eali pelenai 7,9 %, \u017ealia l\u0105steliena 2,0 %, kalcis 1,5 %, fosforas 1,0 %, dr\u0117gm\u0117 (nat\u016bralus kiekis) 19,0 %. Priedai:Vitaminai: 3a672a\/vitaminas A 10 000 TV, 3a671\/vitaminas D3 1 600 TV, 3a700i\/vitaminas E 150 mg.Mikroelementai: 3b108\/gele\u017eis 75 mg, 3b203\/jodas 3 mg, 3b413\/varis 19 mg, 3b506\/manganas 40 mg, 3b607\/cinkas 150 mg, 3b814\/selenas 0,2 mg. 100 g = 364,4 kcal \u0160\u0117rimo rekomendacija PLATINUM Adult Chicken tinka visiems suaugusiems \u0161unims; \u0161uniukams galima prad\u0117ti duoti nuo 5 m\u0117nesi\u0173 am\u017eiaus. PLATINUM sausas pa\u0161aras yra paruo\u0161tas vartoti. \u0160uns svoris (kg) | Dienos pa\u0161aro kiekis (g)1,0 \u2013 3,0 | 30 \u2013 553,0 \u2013 5,0 | 55 \u2013 855,0 \u2013 7,5 | 85 \u2013 1157,5 \u2013 10,0 | 115 \u2013 150\" \/>\n<meta property=\"og:url\" content=\"https:\/\/miumjau.ee\/lt\/produktas\/platinum-adult-chicken-mini-saltai-spaustas-maistas-mazu-veisliu-sunims-900-g\/\" \/>\n<meta property=\"og:site_name\" content=\"MiuMjau\" \/>\n<meta property=\"article:publisher\" content=\"https:\/\/www.facebook.com\/miumjaupood\/\" \/>\n<meta property=\"og:image\" content=\"https:\/\/miumjau.ee\/wp-content\/uploads\/2025\/06\/platinum-mini-koeratoit3.jpg\" \/>\n\t<meta property=\"og:image:width\" content=\"600\" \/>\n\t<meta property=\"og:image:height\" content=\"800\" \/>\n\t<meta property=\"og:image:type\" content=\"image\/jpeg\" \/>\n<meta name=\"twitter:card\" content=\"summary_large_image\" \/>\n<script type=\"application\/ld+json\" class=\"yoast-schema-graph\">{\"@context\":\"https:\\\/\\\/schema.org\",\"@graph\":[{\"@type\":\"WebPage\",\"@id\":\"https:\\\/\\\/miumjau.ee\\\/lt\\\/produktas\\\/platinum-adult-chicken-mini-saltai-spaustas-maistas-mazu-veisliu-sunims-900-g\\\/\",\"url\":\"https:\\\/\\\/miumjau.ee\\\/lt\\\/produktas\\\/platinum-adult-chicken-mini-saltai-spaustas-maistas-mazu-veisliu-sunims-900-g\\\/\",\"name\":\"Platinum Adult Chicken Mini, \u0161altai spaustas maistas ma\u017e\u0173 veisli\u0173 \u0161unims 900 g - MiuMjau\",\"isPartOf\":{\"@id\":\"https:\\\/\\\/miumjau.ee\\\/#website\"},\"primaryImageOfPage\":{\"@id\":\"https:\\\/\\\/miumjau.ee\\\/lt\\\/produktas\\\/platinum-adult-chicken-mini-saltai-spaustas-maistas-mazu-veisliu-sunims-900-g\\\/#primaryimage\"},\"image\":{\"@id\":\"https:\\\/\\\/miumjau.ee\\\/lt\\\/produktas\\\/platinum-adult-chicken-mini-saltai-spaustas-maistas-mazu-veisliu-sunims-900-g\\\/#primaryimage\"},\"thumbnailUrl\":\"https:\\\/\\\/miumjau.ee\\\/wp-content\\\/uploads\\\/2025\\\/06\\\/platinum-mini-koeratoit3.jpg\",\"datePublished\":\"2025-06-28T12:55:38+00:00\",\"breadcrumb\":{\"@id\":\"https:\\\/\\\/miumjau.ee\\\/lt\\\/produktas\\\/platinum-adult-chicken-mini-saltai-spaustas-maistas-mazu-veisliu-sunims-900-g\\\/#breadcrumb\"},\"inLanguage\":\"lt-LT\",\"potentialAction\":[{\"@type\":\"ReadAction\",\"target\":[\"https:\\\/\\\/miumjau.ee\\\/lt\\\/produktas\\\/platinum-adult-chicken-mini-saltai-spaustas-maistas-mazu-veisliu-sunims-900-g\\\/\"]}]},{\"@type\":\"ImageObject\",\"inLanguage\":\"lt-LT\",\"@id\":\"https:\\\/\\\/miumjau.ee\\\/lt\\\/produktas\\\/platinum-adult-chicken-mini-saltai-spaustas-maistas-mazu-veisliu-sunims-900-g\\\/#primaryimage\",\"url\":\"https:\\\/\\\/miumjau.ee\\\/wp-content\\\/uploads\\\/2025\\\/06\\\/platinum-mini-koeratoit3.jpg\",\"contentUrl\":\"https:\\\/\\\/miumjau.ee\\\/wp-content\\\/uploads\\\/2025\\\/06\\\/platinum-mini-koeratoit3.jpg\",\"width\":600,\"height\":800,\"caption\":\"Platinum Adult Chicken Mini k\u00fclmpressitud toit minit\u00f5ugudele 900g\"},{\"@type\":\"BreadcrumbList\",\"@id\":\"https:\\\/\\\/miumjau.ee\\\/lt\\\/produktas\\\/platinum-adult-chicken-mini-saltai-spaustas-maistas-mazu-veisliu-sunims-900-g\\\/#breadcrumb\",\"itemListElement\":[{\"@type\":\"ListItem\",\"position\":1,\"name\":\"Home\",\"item\":\"https:\\\/\\\/miumjau.ee\\\/lt\\\/\"},{\"@type\":\"ListItem\",\"position\":2,\"name\":\"Parduotuv\u0117\",\"item\":\"https:\\\/\\\/miumjau.ee\\\/lt\\\/parduotuve\\\/\"},{\"@type\":\"ListItem\",\"position\":3,\"name\":\"Platinum Adult Chicken Mini, \u0161altai spaustas maistas ma\u017e\u0173 veisli\u0173 \u0161unims 900 g\"}]},{\"@type\":\"WebSite\",\"@id\":\"https:\\\/\\\/miumjau.ee\\\/#website\",\"url\":\"https:\\\/\\\/miumjau.ee\\\/\",\"name\":\"MiuMjau\",\"description\":\"Kraapimispuud kassidele\",\"publisher\":{\"@id\":\"https:\\\/\\\/miumjau.ee\\\/#organization\"},\"potentialAction\":[{\"@type\":\"SearchAction\",\"target\":{\"@type\":\"EntryPoint\",\"urlTemplate\":\"https:\\\/\\\/miumjau.ee\\\/?s={search_term_string}\"},\"query-input\":{\"@type\":\"PropertyValueSpecification\",\"valueRequired\":true,\"valueName\":\"search_term_string\"}}],\"inLanguage\":\"lt-LT\"},{\"@type\":\"Organization\",\"@id\":\"https:\\\/\\\/miumjau.ee\\\/#organization\",\"name\":\"MiuMjau O\u00dc\",\"url\":\"https:\\\/\\\/miumjau.ee\\\/\",\"logo\":{\"@type\":\"ImageObject\",\"inLanguage\":\"lt-LT\",\"@id\":\"https:\\\/\\\/miumjau.ee\\\/#\\\/schema\\\/logo\\\/image\\\/\",\"url\":\"https:\\\/\\\/miumjau.ee\\\/wp-content\\\/uploads\\\/2022\\\/04\\\/MiuMjau-logo-kollane.png\",\"contentUrl\":\"https:\\\/\\\/miumjau.ee\\\/wp-content\\\/uploads\\\/2022\\\/04\\\/MiuMjau-logo-kollane.png\",\"width\":219,\"height\":100,\"caption\":\"MiuMjau O\u00dc\"},\"image\":{\"@id\":\"https:\\\/\\\/miumjau.ee\\\/#\\\/schema\\\/logo\\\/image\\\/\"},\"sameAs\":[\"https:\\\/\\\/www.facebook.com\\\/miumjaupood\\\/\"]}]}<\/script>\n<!-- \/ Yoast SEO plugin. -->","yoast_head_json":{"title":"Platinum Adult Chicken Mini, \u0161altai spaustas maistas ma\u017e\u0173 veisli\u0173 \u0161unims 900 g - MiuMjau","robots":{"index":"index","follow":"follow","max-snippet":"max-snippet:-1","max-image-preview":"max-image-preview:large","max-video-preview":"max-video-preview:-1"},"canonical":"https:\/\/miumjau.ee\/lt\/produktas\/platinum-adult-chicken-mini-saltai-spaustas-maistas-mazu-veisliu-sunims-900-g\/","og_locale":"lt_LT","og_type":"article","og_title":"Platinum Adult Chicken Mini, \u0161altai spaustas maistas ma\u017e\u0173 veisli\u0173 \u0161unims 900 g - MiuMjau","og_description":"PLATINUM sausas pa\u0161aras su vi\u0161tiena sudarytas tik i\u0161 auk\u0161tos kokyb\u0117s ingredient\u0173, naudojam\u0173 ir \u017emoni\u0173 maistui: 70 % \u0161vie\u017eios vi\u0161tienosKukur\u016bzai ir ry\u017eiai kaip kokybi\u0161ki angliavandeni\u0173 \u0161altiniaiDar\u017eov\u0117s, turtingos nat\u016braliais antioksidantais\u017dali\u0173j\u0173 midij\u0173 ekstraktas ir keli naudingi augalai Sud\u0117tis: \u0160vie\u017eia vi\u0161tiena (70 %), smulkinti ry\u017eiai, kukur\u016bzai (ne geneti\u0161kai modifikuoti), alaus miel\u0117s*, obuoli\u0173 mas\u0117*, la\u0161i\u0161\u0173 aliejus** (omega-3), jukos ekstraktas, lin\u0173 s\u0117men\u0173 aliejus** (omega-3), alyvuogi\u0173 aliejus**, \u017eali\u0173j\u0173 midij\u0173 ekstraktas, morkos*, pomidorai*, medetkos*, kiaulpien\u0117s*, brokoliai*, \u017ealioji arbata*, ramun\u0117l\u0117s*, raudon\u0117lis*, margaini\u0173 s\u0117klos*, spanguoli\u0173 s\u0117klos*, dumbliai*, kalio chloridas. Analitin\u0117 sud\u0117tis: \u017dali baltymai 26,0 %, \u017eali aliejai ir riebalai 16,0 %, \u017eali pelenai 7,9 %, \u017ealia l\u0105steliena 2,0 %, kalcis 1,5 %, fosforas 1,0 %, dr\u0117gm\u0117 (nat\u016bralus kiekis) 19,0 %. Priedai:Vitaminai: 3a672a\/vitaminas A 10 000 TV, 3a671\/vitaminas D3 1 600 TV, 3a700i\/vitaminas E 150 mg.Mikroelementai: 3b108\/gele\u017eis 75 mg, 3b203\/jodas 3 mg, 3b413\/varis 19 mg, 3b506\/manganas 40 mg, 3b607\/cinkas 150 mg, 3b814\/selenas 0,2 mg. 100 g = 364,4 kcal \u0160\u0117rimo rekomendacija PLATINUM Adult Chicken tinka visiems suaugusiems \u0161unims; \u0161uniukams galima prad\u0117ti duoti nuo 5 m\u0117nesi\u0173 am\u017eiaus. PLATINUM sausas pa\u0161aras yra paruo\u0161tas vartoti. \u0160uns svoris (kg) | Dienos pa\u0161aro kiekis (g)1,0 \u2013 3,0 | 30 \u2013 553,0 \u2013 5,0 | 55 \u2013 855,0 \u2013 7,5 | 85 \u2013 1157,5 \u2013 10,0 | 115 \u2013 150","og_url":"https:\/\/miumjau.ee\/lt\/produktas\/platinum-adult-chicken-mini-saltai-spaustas-maistas-mazu-veisliu-sunims-900-g\/","og_site_name":"MiuMjau","article_publisher":"https:\/\/www.facebook.com\/miumjaupood\/","og_image":[{"width":600,"height":800,"url":"https:\/\/miumjau.ee\/wp-content\/uploads\/2025\/06\/platinum-mini-koeratoit3.jpg","type":"image\/jpeg"}],"twitter_card":"summary_large_image","schema":{"@context":"https:\/\/schema.org","@graph":[{"@type":"WebPage","@id":"https:\/\/miumjau.ee\/lt\/produktas\/platinum-adult-chicken-mini-saltai-spaustas-maistas-mazu-veisliu-sunims-900-g\/","url":"https:\/\/miumjau.ee\/lt\/produktas\/platinum-adult-chicken-mini-saltai-spaustas-maistas-mazu-veisliu-sunims-900-g\/","name":"Platinum Adult Chicken Mini, \u0161altai spaustas maistas ma\u017e\u0173 veisli\u0173 \u0161unims 900 g - MiuMjau","isPartOf":{"@id":"https:\/\/miumjau.ee\/#website"},"primaryImageOfPage":{"@id":"https:\/\/miumjau.ee\/lt\/produktas\/platinum-adult-chicken-mini-saltai-spaustas-maistas-mazu-veisliu-sunims-900-g\/#primaryimage"},"image":{"@id":"https:\/\/miumjau.ee\/lt\/produktas\/platinum-adult-chicken-mini-saltai-spaustas-maistas-mazu-veisliu-sunims-900-g\/#primaryimage"},"thumbnailUrl":"https:\/\/miumjau.ee\/wp-content\/uploads\/2025\/06\/platinum-mini-koeratoit3.jpg","datePublished":"2025-06-28T12:55:38+00:00","breadcrumb":{"@id":"https:\/\/miumjau.ee\/lt\/produktas\/platinum-adult-chicken-mini-saltai-spaustas-maistas-mazu-veisliu-sunims-900-g\/#breadcrumb"},"inLanguage":"lt-LT","potentialAction":[{"@type":"ReadAction","target":["https:\/\/miumjau.ee\/lt\/produktas\/platinum-adult-chicken-mini-saltai-spaustas-maistas-mazu-veisliu-sunims-900-g\/"]}]},{"@type":"ImageObject","inLanguage":"lt-LT","@id":"https:\/\/miumjau.ee\/lt\/produktas\/platinum-adult-chicken-mini-saltai-spaustas-maistas-mazu-veisliu-sunims-900-g\/#primaryimage","url":"https:\/\/miumjau.ee\/wp-content\/uploads\/2025\/06\/platinum-mini-koeratoit3.jpg","contentUrl":"https:\/\/miumjau.ee\/wp-content\/uploads\/2025\/06\/platinum-mini-koeratoit3.jpg","width":600,"height":800,"caption":"Platinum Adult Chicken Mini k\u00fclmpressitud toit minit\u00f5ugudele 900g"},{"@type":"BreadcrumbList","@id":"https:\/\/miumjau.ee\/lt\/produktas\/platinum-adult-chicken-mini-saltai-spaustas-maistas-mazu-veisliu-sunims-900-g\/#breadcrumb","itemListElement":[{"@type":"ListItem","position":1,"name":"Home","item":"https:\/\/miumjau.ee\/lt\/"},{"@type":"ListItem","position":2,"name":"Parduotuv\u0117","item":"https:\/\/miumjau.ee\/lt\/parduotuve\/"},{"@type":"ListItem","position":3,"name":"Platinum Adult Chicken Mini, \u0161altai spaustas maistas ma\u017e\u0173 veisli\u0173 \u0161unims 900 g"}]},{"@type":"WebSite","@id":"https:\/\/miumjau.ee\/#website","url":"https:\/\/miumjau.ee\/","name":"MiuMjau","description":"Kraapimispuud kassidele","publisher":{"@id":"https:\/\/miumjau.ee\/#organization"},"potentialAction":[{"@type":"SearchAction","target":{"@type":"EntryPoint","urlTemplate":"https:\/\/miumjau.ee\/?s={search_term_string}"},"query-input":{"@type":"PropertyValueSpecification","valueRequired":true,"valueName":"search_term_string"}}],"inLanguage":"lt-LT"},{"@type":"Organization","@id":"https:\/\/miumjau.ee\/#organization","name":"MiuMjau O\u00dc","url":"https:\/\/miumjau.ee\/","logo":{"@type":"ImageObject","inLanguage":"lt-LT","@id":"https:\/\/miumjau.ee\/#\/schema\/logo\/image\/","url":"https:\/\/miumjau.ee\/wp-content\/uploads\/2022\/04\/MiuMjau-logo-kollane.png","contentUrl":"https:\/\/miumjau.ee\/wp-content\/uploads\/2022\/04\/MiuMjau-logo-kollane.png","width":219,"height":100,"caption":"MiuMjau O\u00dc"},"image":{"@id":"https:\/\/miumjau.ee\/#\/schema\/logo\/image\/"},"sameAs":["https:\/\/www.facebook.com\/miumjaupood\/"]}]}},"_links":{"self":[{"href":"https:\/\/miumjau.ee\/lt\/wp-json\/wp\/v2\/product\/54814","targetHints":{"allow":["GET"]}}],"collection":[{"href":"https:\/\/miumjau.ee\/lt\/wp-json\/wp\/v2\/product"}],"about":[{"href":"https:\/\/miumjau.ee\/lt\/wp-json\/wp\/v2\/types\/product"}],"wp:featuredmedia":[{"embeddable":true,"href":"https:\/\/miumjau.ee\/lt\/wp-json\/wp\/v2\/media\/43998"}],"wp:attachment":[{"href":"https:\/\/miumjau.ee\/lt\/wp-json\/wp\/v2\/media?parent=54814"}],"wp:term":[{"taxonomy":"product_brand","embeddable":true,"href":"https:\/\/miumjau.ee\/lt\/wp-json\/wp\/v2\/product_brand?post=54814"},{"taxonomy":"product_cat","embeddable":true,"href":"https:\/\/miumjau.ee\/lt\/wp-json\/wp\/v2\/product_cat?post=54814"},{"taxonomy":"product_tag","embeddable":true,"href":"https:\/\/miumjau.ee\/lt\/wp-json\/wp\/v2\/product_tag?post=54814"}],"curies":[{"name":"wp","href":"https:\/\/api.w.org\/{rel}","templated":true}]}}