{"id":54807,"date":"2025-06-28T16:13:23","date_gmt":"2025-06-28T13:13:23","guid":{"rendered":"https:\/\/miumjau.ee\/toode\/platinum-puppy-chicken-saltai-spaustas-maistas-suniukams-5-kg\/"},"modified":"2025-06-28T16:13:23","modified_gmt":"2025-06-28T13:13:23","slug":"platinum-puppy-chicken-saltai-spaustas-maistas-suniukams-5-kg","status":"publish","type":"product","link":"https:\/\/miumjau.ee\/lt\/produktas\/platinum-puppy-chicken-saltai-spaustas-maistas-suniukams-5-kg\/","title":{"rendered":"Platinum Puppy Chicken, \u0161altai spaustas maistas \u0161uniukams 5 kg"},"content":{"rendered":"","protected":false},"excerpt":{"rendered":"<p data-start=\"4752\" data-end=\"4872\">PLATINUM sausas pa\u0161aras \u0161uniukams su vi\u0161tiena sudarytas tik i\u0161 auk\u0161tos kokyb\u0117s ingredient\u0173, naudojam\u0173 ir \u017emoni\u0173 maistui:<\/p>\n<p data-start=\"4874\" data-end=\"5012\">Ma\u017eiausiai 73 % \u0161vie\u017eios vi\u0161tienos<br data-start=\"4908\" data-end=\"4911\" \/>Ry\u017eiai kaip kokybi\u0161kas angliavandeni\u0173 \u0161altinis<br data-start=\"4957\" data-end=\"4960\" \/>\u0160altai spausti aliejai optimaliam riebal\u0173 balansui<\/p>\n<p data-start=\"5014\" data-end=\"5180\">Skanus, sultingas ir aromatingas maistas tavo mylimiausiam draugui. Visavertis pa\u0161aras, tod\u0117l gali b\u016bti tikras, kad tavo \u0161uo i\u0161 \u0161io maisto gauna visk\u0105, ko jam reikia.<\/p>\n<p data-start=\"5182\" data-end=\"5478\"><strong data-start=\"5182\" data-end=\"5194\">Sud\u0117tis:<\/strong> \u0160vie\u017eia vi\u0161tiena (73 %), smulkinti ry\u017eiai, dehidratuotas vi\u0161tienos baltymas, d\u017eiovinta \u017euvis, hidrolizuotas pauk\u0161tienos baltymas, d\u017eiovinta obuoli\u0173 mas\u0117, la\u0161i\u0161\u0173 aliejus, d\u017eiovintos alaus miel\u0117s, \u0161altai spaustas lin\u0173 s\u0117men\u0173 aliejus, \u0161altai spaustas alyvuogi\u0173 aliejus, kalio chloridas.<\/p>\n<p data-start=\"5480\" data-end=\"5665\"><strong data-start=\"5480\" data-end=\"5502\">Analitin\u0117 sud\u0117tis:<\/strong> \u017dali baltymai 27,0 %, \u017eali aliejai ir riebalai 16,0 %, \u017eali pelenai 7,9 %, \u017ealia l\u0105steliena 2,0 %, kalcis 1,5 %, fosforas 1,0 %, dr\u0117gm\u0117 (nat\u016bralus kiekis) 19,0 %.<\/p>\n<p data-start=\"5667\" data-end=\"5919\"><strong data-start=\"5667\" data-end=\"5679\">Priedai:<\/strong><br data-start=\"5679\" data-end=\"5682\" \/>Vitaminai: 3a672a\/vitaminas A 10 000 TV, 3a671\/vitaminas D3 1 600 TV, 3a700i\/vitaminas E 150 mg.<br data-start=\"5778\" data-end=\"5781\" \/>Mikroelementai: 3b108\/gele\u017eis 75 mg, 3b203\/jodas 3 mg, 3b413\/varis 19 mg, 3b506\/manganas 40 mg, 3b607\/cinkas 150 mg, 3b814\/selenas 0,2 mg.<\/p>\n","protected":false},"featured_media":43991,"template":"","meta":[],"product_brand":[],"product_cat":[538],"product_tag":[],"class_list":{"0":"post-54807","1":"product","2":"type-product","3":"status-publish","4":"has-post-thumbnail","6":"product_cat-sausas-maistas-sunims","8":"first","9":"instock","10":"sale","11":"taxable","12":"shipping-taxable","13":"purchasable","14":"product-type-simple"},"yoast_head":"<!-- This site is optimized with the Yoast SEO plugin v27.4 - https:\/\/yoast.com\/product\/yoast-seo-wordpress\/ -->\n<title>Platinum Puppy Chicken, \u0161altai spaustas maistas \u0161uniukams 5 kg - MiuMjau<\/title>\n<meta name=\"robots\" content=\"index, follow, max-snippet:-1, max-image-preview:large, max-video-preview:-1\" \/>\n<link rel=\"canonical\" href=\"https:\/\/miumjau.ee\/lt\/produktas\/platinum-puppy-chicken-saltai-spaustas-maistas-suniukams-5-kg\/\" \/>\n<meta property=\"og:locale\" content=\"lt_LT\" \/>\n<meta property=\"og:type\" content=\"article\" \/>\n<meta property=\"og:title\" content=\"Platinum Puppy Chicken, \u0161altai spaustas maistas \u0161uniukams 5 kg - MiuMjau\" \/>\n<meta property=\"og:description\" content=\"PLATINUM sausas pa\u0161aras \u0161uniukams su vi\u0161tiena sudarytas tik i\u0161 auk\u0161tos kokyb\u0117s ingredient\u0173, naudojam\u0173 ir \u017emoni\u0173 maistui: Ma\u017eiausiai 73 % \u0161vie\u017eios vi\u0161tienosRy\u017eiai kaip kokybi\u0161kas angliavandeni\u0173 \u0161altinis\u0160altai spausti aliejai optimaliam riebal\u0173 balansui Skanus, sultingas ir aromatingas maistas tavo mylimiausiam draugui. Visavertis pa\u0161aras, tod\u0117l gali b\u016bti tikras, kad tavo \u0161uo i\u0161 \u0161io maisto gauna visk\u0105, ko jam reikia. Sud\u0117tis: \u0160vie\u017eia vi\u0161tiena (73 %), smulkinti ry\u017eiai, dehidratuotas vi\u0161tienos baltymas, d\u017eiovinta \u017euvis, hidrolizuotas pauk\u0161tienos baltymas, d\u017eiovinta obuoli\u0173 mas\u0117, la\u0161i\u0161\u0173 aliejus, d\u017eiovintos alaus miel\u0117s, \u0161altai spaustas lin\u0173 s\u0117men\u0173 aliejus, \u0161altai spaustas alyvuogi\u0173 aliejus, kalio chloridas. Analitin\u0117 sud\u0117tis: \u017dali baltymai 27,0 %, \u017eali aliejai ir riebalai 16,0 %, \u017eali pelenai 7,9 %, \u017ealia l\u0105steliena 2,0 %, kalcis 1,5 %, fosforas 1,0 %, dr\u0117gm\u0117 (nat\u016bralus kiekis) 19,0 %. Priedai:Vitaminai: 3a672a\/vitaminas A 10 000 TV, 3a671\/vitaminas D3 1 600 TV, 3a700i\/vitaminas E 150 mg.Mikroelementai: 3b108\/gele\u017eis 75 mg, 3b203\/jodas 3 mg, 3b413\/varis 19 mg, 3b506\/manganas 40 mg, 3b607\/cinkas 150 mg, 3b814\/selenas 0,2 mg.\" \/>\n<meta property=\"og:url\" content=\"https:\/\/miumjau.ee\/lt\/produktas\/platinum-puppy-chicken-saltai-spaustas-maistas-suniukams-5-kg\/\" \/>\n<meta property=\"og:site_name\" content=\"MiuMjau\" \/>\n<meta property=\"article:publisher\" content=\"https:\/\/www.facebook.com\/miumjaupood\/\" \/>\n<meta property=\"og:image\" content=\"https:\/\/miumjau.ee\/wp-content\/uploads\/2025\/06\/platinum-koeratoit-kulmpress1.jpg\" \/>\n\t<meta property=\"og:image:width\" content=\"600\" \/>\n\t<meta property=\"og:image:height\" content=\"800\" \/>\n\t<meta property=\"og:image:type\" content=\"image\/jpeg\" \/>\n<meta name=\"twitter:card\" content=\"summary_large_image\" \/>\n<script type=\"application\/ld+json\" class=\"yoast-schema-graph\">{\"@context\":\"https:\\\/\\\/schema.org\",\"@graph\":[{\"@type\":\"WebPage\",\"@id\":\"https:\\\/\\\/miumjau.ee\\\/lt\\\/produktas\\\/platinum-puppy-chicken-saltai-spaustas-maistas-suniukams-5-kg\\\/\",\"url\":\"https:\\\/\\\/miumjau.ee\\\/lt\\\/produktas\\\/platinum-puppy-chicken-saltai-spaustas-maistas-suniukams-5-kg\\\/\",\"name\":\"Platinum Puppy Chicken, \u0161altai spaustas maistas \u0161uniukams 5 kg - MiuMjau\",\"isPartOf\":{\"@id\":\"https:\\\/\\\/miumjau.ee\\\/#website\"},\"primaryImageOfPage\":{\"@id\":\"https:\\\/\\\/miumjau.ee\\\/lt\\\/produktas\\\/platinum-puppy-chicken-saltai-spaustas-maistas-suniukams-5-kg\\\/#primaryimage\"},\"image\":{\"@id\":\"https:\\\/\\\/miumjau.ee\\\/lt\\\/produktas\\\/platinum-puppy-chicken-saltai-spaustas-maistas-suniukams-5-kg\\\/#primaryimage\"},\"thumbnailUrl\":\"https:\\\/\\\/miumjau.ee\\\/wp-content\\\/uploads\\\/2025\\\/06\\\/platinum-koeratoit-kulmpress1.jpg\",\"datePublished\":\"2025-06-28T13:13:23+00:00\",\"breadcrumb\":{\"@id\":\"https:\\\/\\\/miumjau.ee\\\/lt\\\/produktas\\\/platinum-puppy-chicken-saltai-spaustas-maistas-suniukams-5-kg\\\/#breadcrumb\"},\"inLanguage\":\"lt-LT\",\"potentialAction\":[{\"@type\":\"ReadAction\",\"target\":[\"https:\\\/\\\/miumjau.ee\\\/lt\\\/produktas\\\/platinum-puppy-chicken-saltai-spaustas-maistas-suniukams-5-kg\\\/\"]}]},{\"@type\":\"ImageObject\",\"inLanguage\":\"lt-LT\",\"@id\":\"https:\\\/\\\/miumjau.ee\\\/lt\\\/produktas\\\/platinum-puppy-chicken-saltai-spaustas-maistas-suniukams-5-kg\\\/#primaryimage\",\"url\":\"https:\\\/\\\/miumjau.ee\\\/wp-content\\\/uploads\\\/2025\\\/06\\\/platinum-koeratoit-kulmpress1.jpg\",\"contentUrl\":\"https:\\\/\\\/miumjau.ee\\\/wp-content\\\/uploads\\\/2025\\\/06\\\/platinum-koeratoit-kulmpress1.jpg\",\"width\":600,\"height\":800,\"caption\":\"Platinum Puppy Chicken k\u00fclmpressitud toit kutsikatele 1,5kg\"},{\"@type\":\"BreadcrumbList\",\"@id\":\"https:\\\/\\\/miumjau.ee\\\/lt\\\/produktas\\\/platinum-puppy-chicken-saltai-spaustas-maistas-suniukams-5-kg\\\/#breadcrumb\",\"itemListElement\":[{\"@type\":\"ListItem\",\"position\":1,\"name\":\"Home\",\"item\":\"https:\\\/\\\/miumjau.ee\\\/lt\\\/\"},{\"@type\":\"ListItem\",\"position\":2,\"name\":\"Parduotuv\u0117\",\"item\":\"https:\\\/\\\/miumjau.ee\\\/lt\\\/parduotuve\\\/\"},{\"@type\":\"ListItem\",\"position\":3,\"name\":\"Platinum Puppy Chicken, \u0161altai spaustas maistas \u0161uniukams 5 kg\"}]},{\"@type\":\"WebSite\",\"@id\":\"https:\\\/\\\/miumjau.ee\\\/#website\",\"url\":\"https:\\\/\\\/miumjau.ee\\\/\",\"name\":\"MiuMjau\",\"description\":\"Kraapimispuud kassidele\",\"publisher\":{\"@id\":\"https:\\\/\\\/miumjau.ee\\\/#organization\"},\"potentialAction\":[{\"@type\":\"SearchAction\",\"target\":{\"@type\":\"EntryPoint\",\"urlTemplate\":\"https:\\\/\\\/miumjau.ee\\\/?s={search_term_string}\"},\"query-input\":{\"@type\":\"PropertyValueSpecification\",\"valueRequired\":true,\"valueName\":\"search_term_string\"}}],\"inLanguage\":\"lt-LT\"},{\"@type\":\"Organization\",\"@id\":\"https:\\\/\\\/miumjau.ee\\\/#organization\",\"name\":\"MiuMjau O\u00dc\",\"url\":\"https:\\\/\\\/miumjau.ee\\\/\",\"logo\":{\"@type\":\"ImageObject\",\"inLanguage\":\"lt-LT\",\"@id\":\"https:\\\/\\\/miumjau.ee\\\/#\\\/schema\\\/logo\\\/image\\\/\",\"url\":\"https:\\\/\\\/miumjau.ee\\\/wp-content\\\/uploads\\\/2022\\\/04\\\/MiuMjau-logo-kollane.png\",\"contentUrl\":\"https:\\\/\\\/miumjau.ee\\\/wp-content\\\/uploads\\\/2022\\\/04\\\/MiuMjau-logo-kollane.png\",\"width\":219,\"height\":100,\"caption\":\"MiuMjau O\u00dc\"},\"image\":{\"@id\":\"https:\\\/\\\/miumjau.ee\\\/#\\\/schema\\\/logo\\\/image\\\/\"},\"sameAs\":[\"https:\\\/\\\/www.facebook.com\\\/miumjaupood\\\/\"]}]}<\/script>\n<!-- \/ Yoast SEO plugin. -->","yoast_head_json":{"title":"Platinum Puppy Chicken, \u0161altai spaustas maistas \u0161uniukams 5 kg - MiuMjau","robots":{"index":"index","follow":"follow","max-snippet":"max-snippet:-1","max-image-preview":"max-image-preview:large","max-video-preview":"max-video-preview:-1"},"canonical":"https:\/\/miumjau.ee\/lt\/produktas\/platinum-puppy-chicken-saltai-spaustas-maistas-suniukams-5-kg\/","og_locale":"lt_LT","og_type":"article","og_title":"Platinum Puppy Chicken, \u0161altai spaustas maistas \u0161uniukams 5 kg - MiuMjau","og_description":"PLATINUM sausas pa\u0161aras \u0161uniukams su vi\u0161tiena sudarytas tik i\u0161 auk\u0161tos kokyb\u0117s ingredient\u0173, naudojam\u0173 ir \u017emoni\u0173 maistui: Ma\u017eiausiai 73 % \u0161vie\u017eios vi\u0161tienosRy\u017eiai kaip kokybi\u0161kas angliavandeni\u0173 \u0161altinis\u0160altai spausti aliejai optimaliam riebal\u0173 balansui Skanus, sultingas ir aromatingas maistas tavo mylimiausiam draugui. Visavertis pa\u0161aras, tod\u0117l gali b\u016bti tikras, kad tavo \u0161uo i\u0161 \u0161io maisto gauna visk\u0105, ko jam reikia. Sud\u0117tis: \u0160vie\u017eia vi\u0161tiena (73 %), smulkinti ry\u017eiai, dehidratuotas vi\u0161tienos baltymas, d\u017eiovinta \u017euvis, hidrolizuotas pauk\u0161tienos baltymas, d\u017eiovinta obuoli\u0173 mas\u0117, la\u0161i\u0161\u0173 aliejus, d\u017eiovintos alaus miel\u0117s, \u0161altai spaustas lin\u0173 s\u0117men\u0173 aliejus, \u0161altai spaustas alyvuogi\u0173 aliejus, kalio chloridas. Analitin\u0117 sud\u0117tis: \u017dali baltymai 27,0 %, \u017eali aliejai ir riebalai 16,0 %, \u017eali pelenai 7,9 %, \u017ealia l\u0105steliena 2,0 %, kalcis 1,5 %, fosforas 1,0 %, dr\u0117gm\u0117 (nat\u016bralus kiekis) 19,0 %. Priedai:Vitaminai: 3a672a\/vitaminas A 10 000 TV, 3a671\/vitaminas D3 1 600 TV, 3a700i\/vitaminas E 150 mg.Mikroelementai: 3b108\/gele\u017eis 75 mg, 3b203\/jodas 3 mg, 3b413\/varis 19 mg, 3b506\/manganas 40 mg, 3b607\/cinkas 150 mg, 3b814\/selenas 0,2 mg.","og_url":"https:\/\/miumjau.ee\/lt\/produktas\/platinum-puppy-chicken-saltai-spaustas-maistas-suniukams-5-kg\/","og_site_name":"MiuMjau","article_publisher":"https:\/\/www.facebook.com\/miumjaupood\/","og_image":[{"width":600,"height":800,"url":"https:\/\/miumjau.ee\/wp-content\/uploads\/2025\/06\/platinum-koeratoit-kulmpress1.jpg","type":"image\/jpeg"}],"twitter_card":"summary_large_image","schema":{"@context":"https:\/\/schema.org","@graph":[{"@type":"WebPage","@id":"https:\/\/miumjau.ee\/lt\/produktas\/platinum-puppy-chicken-saltai-spaustas-maistas-suniukams-5-kg\/","url":"https:\/\/miumjau.ee\/lt\/produktas\/platinum-puppy-chicken-saltai-spaustas-maistas-suniukams-5-kg\/","name":"Platinum Puppy Chicken, \u0161altai spaustas maistas \u0161uniukams 5 kg - MiuMjau","isPartOf":{"@id":"https:\/\/miumjau.ee\/#website"},"primaryImageOfPage":{"@id":"https:\/\/miumjau.ee\/lt\/produktas\/platinum-puppy-chicken-saltai-spaustas-maistas-suniukams-5-kg\/#primaryimage"},"image":{"@id":"https:\/\/miumjau.ee\/lt\/produktas\/platinum-puppy-chicken-saltai-spaustas-maistas-suniukams-5-kg\/#primaryimage"},"thumbnailUrl":"https:\/\/miumjau.ee\/wp-content\/uploads\/2025\/06\/platinum-koeratoit-kulmpress1.jpg","datePublished":"2025-06-28T13:13:23+00:00","breadcrumb":{"@id":"https:\/\/miumjau.ee\/lt\/produktas\/platinum-puppy-chicken-saltai-spaustas-maistas-suniukams-5-kg\/#breadcrumb"},"inLanguage":"lt-LT","potentialAction":[{"@type":"ReadAction","target":["https:\/\/miumjau.ee\/lt\/produktas\/platinum-puppy-chicken-saltai-spaustas-maistas-suniukams-5-kg\/"]}]},{"@type":"ImageObject","inLanguage":"lt-LT","@id":"https:\/\/miumjau.ee\/lt\/produktas\/platinum-puppy-chicken-saltai-spaustas-maistas-suniukams-5-kg\/#primaryimage","url":"https:\/\/miumjau.ee\/wp-content\/uploads\/2025\/06\/platinum-koeratoit-kulmpress1.jpg","contentUrl":"https:\/\/miumjau.ee\/wp-content\/uploads\/2025\/06\/platinum-koeratoit-kulmpress1.jpg","width":600,"height":800,"caption":"Platinum Puppy Chicken k\u00fclmpressitud toit kutsikatele 1,5kg"},{"@type":"BreadcrumbList","@id":"https:\/\/miumjau.ee\/lt\/produktas\/platinum-puppy-chicken-saltai-spaustas-maistas-suniukams-5-kg\/#breadcrumb","itemListElement":[{"@type":"ListItem","position":1,"name":"Home","item":"https:\/\/miumjau.ee\/lt\/"},{"@type":"ListItem","position":2,"name":"Parduotuv\u0117","item":"https:\/\/miumjau.ee\/lt\/parduotuve\/"},{"@type":"ListItem","position":3,"name":"Platinum Puppy Chicken, \u0161altai spaustas maistas \u0161uniukams 5 kg"}]},{"@type":"WebSite","@id":"https:\/\/miumjau.ee\/#website","url":"https:\/\/miumjau.ee\/","name":"MiuMjau","description":"Kraapimispuud kassidele","publisher":{"@id":"https:\/\/miumjau.ee\/#organization"},"potentialAction":[{"@type":"SearchAction","target":{"@type":"EntryPoint","urlTemplate":"https:\/\/miumjau.ee\/?s={search_term_string}"},"query-input":{"@type":"PropertyValueSpecification","valueRequired":true,"valueName":"search_term_string"}}],"inLanguage":"lt-LT"},{"@type":"Organization","@id":"https:\/\/miumjau.ee\/#organization","name":"MiuMjau O\u00dc","url":"https:\/\/miumjau.ee\/","logo":{"@type":"ImageObject","inLanguage":"lt-LT","@id":"https:\/\/miumjau.ee\/#\/schema\/logo\/image\/","url":"https:\/\/miumjau.ee\/wp-content\/uploads\/2022\/04\/MiuMjau-logo-kollane.png","contentUrl":"https:\/\/miumjau.ee\/wp-content\/uploads\/2022\/04\/MiuMjau-logo-kollane.png","width":219,"height":100,"caption":"MiuMjau O\u00dc"},"image":{"@id":"https:\/\/miumjau.ee\/#\/schema\/logo\/image\/"},"sameAs":["https:\/\/www.facebook.com\/miumjaupood\/"]}]}},"_links":{"self":[{"href":"https:\/\/miumjau.ee\/lt\/wp-json\/wp\/v2\/product\/54807","targetHints":{"allow":["GET"]}}],"collection":[{"href":"https:\/\/miumjau.ee\/lt\/wp-json\/wp\/v2\/product"}],"about":[{"href":"https:\/\/miumjau.ee\/lt\/wp-json\/wp\/v2\/types\/product"}],"wp:featuredmedia":[{"embeddable":true,"href":"https:\/\/miumjau.ee\/lt\/wp-json\/wp\/v2\/media\/43991"}],"wp:attachment":[{"href":"https:\/\/miumjau.ee\/lt\/wp-json\/wp\/v2\/media?parent=54807"}],"wp:term":[{"taxonomy":"product_brand","embeddable":true,"href":"https:\/\/miumjau.ee\/lt\/wp-json\/wp\/v2\/product_brand?post=54807"},{"taxonomy":"product_cat","embeddable":true,"href":"https:\/\/miumjau.ee\/lt\/wp-json\/wp\/v2\/product_cat?post=54807"},{"taxonomy":"product_tag","embeddable":true,"href":"https:\/\/miumjau.ee\/lt\/wp-json\/wp\/v2\/product_tag?post=54807"}],"curies":[{"name":"wp","href":"https:\/\/api.w.org\/{rel}","templated":true}]}}