{"id":54799,"date":"2025-06-29T14:22:36","date_gmt":"2025-06-29T11:22:36","guid":{"rendered":"https:\/\/miumjau.ee\/toode\/platinum-adult-lamb-saltai-spaustas-sunu-maistas-su-eriena-15-kg\/"},"modified":"2025-06-29T14:22:36","modified_gmt":"2025-06-29T11:22:36","slug":"platinum-adult-lamb-saltai-spaustas-sunu-maistas-su-eriena-15-kg","status":"publish","type":"product","link":"https:\/\/miumjau.ee\/lt\/produktas\/platinum-adult-lamb-saltai-spaustas-sunu-maistas-su-eriena-15-kg\/","title":{"rendered":"Platinum Adult Lamb, \u0161altai spaustas \u0161un\u0173 maistas su \u0117riena 1,5 kg"},"content":{"rendered":"","protected":false},"excerpt":{"rendered":"<p data-start=\"5972\" data-end=\"6331\">Suaugusiems \u0161unims skirtas PLATINUM Adult Lamb d\u0117l savo nat\u016bralios, sveikos ir lengvai vir\u0161kinamos sud\u0117ties tinka visiems \u0161unims, nepriklausomai nuo am\u017eiaus ar veisl\u0117s. \u0160altai spaustas maistas \u0161unims instinktyviai patinka labiau nei \u012fprastas sausas pa\u0161aras. Jis yra daug sultingesnis, aromatingas ir tikrai skanus. Puikiai tinka ir kaip treniruo\u010di\u0173 skan\u0117stas.<\/p>\n<p data-start=\"6333\" data-end=\"6897\"><strong data-start=\"6333\" data-end=\"6345\">Sud\u0117tis:<\/strong> \u0160vie\u017eia \u0117riena (70 %), smulkinti ry\u017eiai (15 %), dehidratuotas \u0117rienos baltymas, d\u017eiovinta \u017euvis, d\u017eiovintos alaus miel\u0117s, d\u017eiovinta obuoli\u0173 mas\u0117, la\u0161i\u0161\u0173 aliejus, jukos ekstraktas, \u0161altai spaustas lin\u0173 s\u0117men\u0173 aliejus, \u0161altai spaustas alyvuogi\u0173 aliejus, \u017eali\u0173j\u0173 midij\u0173 ekstraktas, d\u017eiovintos morkos, d\u017eiovinti pomidorai, d\u017eiovintos medetkos, d\u017eiovintos kiaulpien\u0117s, d\u017eiovinti brokoliai, d\u017eiovinta \u017ealioji arbata, d\u017eiovintos ramun\u0117l\u0117s, d\u017eiovintas raudon\u0117lis, d\u017eiovintos margaini\u0173 s\u0117klos, d\u017eiovintos spanguoli\u0173 s\u0117klos, d\u017eiovinti dumbliai, kalio chloridas.<\/p>\n<p data-start=\"6899\" data-end=\"7084\"><strong data-start=\"6899\" data-end=\"6921\">Analitin\u0117 sud\u0117tis:<\/strong> \u017dali baltymai 24,0 %, \u017eali aliejai ir riebalai 12,5 %, \u017eali pelenai 6,7 %, \u017ealia l\u0105steliena 2,0 %, kalcis 1,5 %, fosforas 1,1 %, dr\u0117gm\u0117 (nat\u016bralus kiekis) 19,0 %.<\/p>\n<p data-start=\"7086\" data-end=\"7338\"><strong data-start=\"7086\" data-end=\"7098\">Priedai:<\/strong><br data-start=\"7098\" data-end=\"7101\" \/>Vitaminai: 3a672a\/vitaminas A 10 000 TV, 3a671\/vitaminas D3 1 600 TV, 3a700i\/vitaminas E 150 mg.<br data-start=\"7197\" data-end=\"7200\" \/>Mikroelementai: 3b108\/gele\u017eis 75 mg, 3b203\/jodas 3 mg, 3b413\/varis 19 mg, 3b506\/manganas 40 mg, 3b607\/cinkas 150 mg, 3b814\/selenas 0,2 mg.<\/p>\n<p data-start=\"7340\" data-end=\"7362\"><strong data-start=\"7340\" data-end=\"7362\">100 g = 351,7 kcal<\/strong><\/p>\n<p data-start=\"7364\" data-end=\"7553\"><strong data-start=\"7364\" data-end=\"7389\">\u0160\u0117rimo rekomendacija:<\/strong> PLATINUM Adult Lamb tinka visiems suaugusiems \u0161unims; \u0161uniukams galima prad\u0117ti duoti nuo 5 m\u0117nesi\u0173 am\u017eiaus. PLATINUM sausas pa\u0161aras yra paruo\u0161tas vartoti i\u0161 karto.<\/p>\n<p data-start=\"7555\" data-end=\"7898\">\u0160uns svoris (kg) | Dienos pa\u0161aro kiekis (g)<br data-start=\"7598\" data-end=\"7601\" \/>1,0 \u2013 3,0 | 35 \u2013 60<br data-start=\"7620\" data-end=\"7623\" \/>3,0 \u2013 5,0 | 60 \u2013 90<br data-start=\"7642\" data-end=\"7645\" \/>5,0 \u2013 7,5 | 90 \u2013 120<br data-start=\"7665\" data-end=\"7668\" \/>7,5 \u2013 10,0 | 120 \u2013 160<br data-start=\"7690\" data-end=\"7693\" \/>10,0 \u2013 12,5 | 160 \u2013 175<br data-start=\"7716\" data-end=\"7719\" \/>12,5 \u2013 15,0 | 175 \u2013 200<br data-start=\"7742\" data-end=\"7745\" \/>15,0 \u2013 20,0 | 200 \u2013 260<br data-start=\"7768\" data-end=\"7771\" \/>20,0 \u2013 25,0 | 260 \u2013 315<br data-start=\"7794\" data-end=\"7797\" \/>25,0 \u2013 30,0 | 315 \u2013 340<br data-start=\"7820\" data-end=\"7823\" \/>30,0 \u2013 40,0 | 340 \u2013 445<br data-start=\"7846\" data-end=\"7849\" \/>40,0 \u2013 60,0 | 445 \u2013 630<br data-start=\"7872\" data-end=\"7875\" \/>60,0 \u2013 80,0 | 630 \u2013 790<\/p>\n","protected":false},"featured_media":43992,"template":"","meta":[],"product_brand":[],"product_cat":[538],"product_tag":[],"class_list":{"0":"post-54799","1":"product","2":"type-product","3":"status-publish","4":"has-post-thumbnail","6":"product_cat-sausas-maistas-sunims","8":"first","9":"instock","10":"sale","11":"taxable","12":"shipping-taxable","13":"purchasable","14":"product-type-simple"},"yoast_head":"<!-- This site is optimized with the Yoast SEO plugin v27.4 - https:\/\/yoast.com\/product\/yoast-seo-wordpress\/ -->\n<title>Platinum Adult Lamb, \u0161altai spaustas \u0161un\u0173 maistas su \u0117riena 1,5 kg - MiuMjau<\/title>\n<meta name=\"robots\" content=\"index, follow, max-snippet:-1, max-image-preview:large, max-video-preview:-1\" \/>\n<link rel=\"canonical\" href=\"https:\/\/miumjau.ee\/lt\/produktas\/platinum-adult-lamb-saltai-spaustas-sunu-maistas-su-eriena-15-kg\/\" \/>\n<meta property=\"og:locale\" content=\"lt_LT\" \/>\n<meta property=\"og:type\" content=\"article\" \/>\n<meta property=\"og:title\" content=\"Platinum Adult Lamb, \u0161altai spaustas \u0161un\u0173 maistas su \u0117riena 1,5 kg - MiuMjau\" \/>\n<meta property=\"og:description\" content=\"Suaugusiems \u0161unims skirtas PLATINUM Adult Lamb d\u0117l savo nat\u016bralios, sveikos ir lengvai vir\u0161kinamos sud\u0117ties tinka visiems \u0161unims, nepriklausomai nuo am\u017eiaus ar veisl\u0117s. \u0160altai spaustas maistas \u0161unims instinktyviai patinka labiau nei \u012fprastas sausas pa\u0161aras. Jis yra daug sultingesnis, aromatingas ir tikrai skanus. Puikiai tinka ir kaip treniruo\u010di\u0173 skan\u0117stas. Sud\u0117tis: \u0160vie\u017eia \u0117riena (70 %), smulkinti ry\u017eiai (15 %), dehidratuotas \u0117rienos baltymas, d\u017eiovinta \u017euvis, d\u017eiovintos alaus miel\u0117s, d\u017eiovinta obuoli\u0173 mas\u0117, la\u0161i\u0161\u0173 aliejus, jukos ekstraktas, \u0161altai spaustas lin\u0173 s\u0117men\u0173 aliejus, \u0161altai spaustas alyvuogi\u0173 aliejus, \u017eali\u0173j\u0173 midij\u0173 ekstraktas, d\u017eiovintos morkos, d\u017eiovinti pomidorai, d\u017eiovintos medetkos, d\u017eiovintos kiaulpien\u0117s, d\u017eiovinti brokoliai, d\u017eiovinta \u017ealioji arbata, d\u017eiovintos ramun\u0117l\u0117s, d\u017eiovintas raudon\u0117lis, d\u017eiovintos margaini\u0173 s\u0117klos, d\u017eiovintos spanguoli\u0173 s\u0117klos, d\u017eiovinti dumbliai, kalio chloridas. Analitin\u0117 sud\u0117tis: \u017dali baltymai 24,0 %, \u017eali aliejai ir riebalai 12,5 %, \u017eali pelenai 6,7 %, \u017ealia l\u0105steliena 2,0 %, kalcis 1,5 %, fosforas 1,1 %, dr\u0117gm\u0117 (nat\u016bralus kiekis) 19,0 %. Priedai:Vitaminai: 3a672a\/vitaminas A 10 000 TV, 3a671\/vitaminas D3 1 600 TV, 3a700i\/vitaminas E 150 mg.Mikroelementai: 3b108\/gele\u017eis 75 mg, 3b203\/jodas 3 mg, 3b413\/varis 19 mg, 3b506\/manganas 40 mg, 3b607\/cinkas 150 mg, 3b814\/selenas 0,2 mg. 100 g = 351,7 kcal \u0160\u0117rimo rekomendacija: PLATINUM Adult Lamb tinka visiems suaugusiems \u0161unims; \u0161uniukams galima prad\u0117ti duoti nuo 5 m\u0117nesi\u0173 am\u017eiaus. PLATINUM sausas pa\u0161aras yra paruo\u0161tas vartoti i\u0161 karto. \u0160uns svoris (kg) | Dienos pa\u0161aro kiekis (g)1,0 \u2013 3,0 | 35 \u2013 603,0 \u2013 5,0 | 60 \u2013 905,0 \u2013 7,5 | 90 \u2013 1207,5 \u2013 10,0 | 120 \u2013 16010,0 \u2013 12,5 | 160 \u2013 17512,5 \u2013 15,0 | 175 \u2013 20015,0 \u2013 20,0 | 200 \u2013 26020,0 \u2013 25,0 | 260 \u2013 31525,0 \u2013 30,0 | 315 \u2013 34030,0 \u2013 40,0 | 340 \u2013 44540,0 \u2013 60,0 | 445 \u2013 63060,0 \u2013 80,0 | 630 \u2013 790\" \/>\n<meta property=\"og:url\" content=\"https:\/\/miumjau.ee\/lt\/produktas\/platinum-adult-lamb-saltai-spaustas-sunu-maistas-su-eriena-15-kg\/\" \/>\n<meta property=\"og:site_name\" content=\"MiuMjau\" \/>\n<meta property=\"article:publisher\" content=\"https:\/\/www.facebook.com\/miumjaupood\/\" \/>\n<meta property=\"og:image\" content=\"https:\/\/miumjau.ee\/wp-content\/uploads\/2025\/06\/platinum-koeratoit-kulmpress2.jpg\" \/>\n\t<meta property=\"og:image:width\" content=\"600\" \/>\n\t<meta property=\"og:image:height\" content=\"800\" \/>\n\t<meta property=\"og:image:type\" content=\"image\/jpeg\" \/>\n<meta name=\"twitter:card\" content=\"summary_large_image\" \/>\n<script type=\"application\/ld+json\" class=\"yoast-schema-graph\">{\"@context\":\"https:\\\/\\\/schema.org\",\"@graph\":[{\"@type\":\"WebPage\",\"@id\":\"https:\\\/\\\/miumjau.ee\\\/lt\\\/produktas\\\/platinum-adult-lamb-saltai-spaustas-sunu-maistas-su-eriena-15-kg\\\/\",\"url\":\"https:\\\/\\\/miumjau.ee\\\/lt\\\/produktas\\\/platinum-adult-lamb-saltai-spaustas-sunu-maistas-su-eriena-15-kg\\\/\",\"name\":\"Platinum Adult Lamb, \u0161altai spaustas \u0161un\u0173 maistas su \u0117riena 1,5 kg - MiuMjau\",\"isPartOf\":{\"@id\":\"https:\\\/\\\/miumjau.ee\\\/#website\"},\"primaryImageOfPage\":{\"@id\":\"https:\\\/\\\/miumjau.ee\\\/lt\\\/produktas\\\/platinum-adult-lamb-saltai-spaustas-sunu-maistas-su-eriena-15-kg\\\/#primaryimage\"},\"image\":{\"@id\":\"https:\\\/\\\/miumjau.ee\\\/lt\\\/produktas\\\/platinum-adult-lamb-saltai-spaustas-sunu-maistas-su-eriena-15-kg\\\/#primaryimage\"},\"thumbnailUrl\":\"https:\\\/\\\/miumjau.ee\\\/wp-content\\\/uploads\\\/2025\\\/06\\\/platinum-koeratoit-kulmpress2.jpg\",\"datePublished\":\"2025-06-29T11:22:36+00:00\",\"breadcrumb\":{\"@id\":\"https:\\\/\\\/miumjau.ee\\\/lt\\\/produktas\\\/platinum-adult-lamb-saltai-spaustas-sunu-maistas-su-eriena-15-kg\\\/#breadcrumb\"},\"inLanguage\":\"lt-LT\",\"potentialAction\":[{\"@type\":\"ReadAction\",\"target\":[\"https:\\\/\\\/miumjau.ee\\\/lt\\\/produktas\\\/platinum-adult-lamb-saltai-spaustas-sunu-maistas-su-eriena-15-kg\\\/\"]}]},{\"@type\":\"ImageObject\",\"inLanguage\":\"lt-LT\",\"@id\":\"https:\\\/\\\/miumjau.ee\\\/lt\\\/produktas\\\/platinum-adult-lamb-saltai-spaustas-sunu-maistas-su-eriena-15-kg\\\/#primaryimage\",\"url\":\"https:\\\/\\\/miumjau.ee\\\/wp-content\\\/uploads\\\/2025\\\/06\\\/platinum-koeratoit-kulmpress2.jpg\",\"contentUrl\":\"https:\\\/\\\/miumjau.ee\\\/wp-content\\\/uploads\\\/2025\\\/06\\\/platinum-koeratoit-kulmpress2.jpg\",\"width\":600,\"height\":800,\"caption\":\"Platinum Adult Lamb, k\u00fclmpressitud koeratoit lambaga 1.5kg\"},{\"@type\":\"BreadcrumbList\",\"@id\":\"https:\\\/\\\/miumjau.ee\\\/lt\\\/produktas\\\/platinum-adult-lamb-saltai-spaustas-sunu-maistas-su-eriena-15-kg\\\/#breadcrumb\",\"itemListElement\":[{\"@type\":\"ListItem\",\"position\":1,\"name\":\"Home\",\"item\":\"https:\\\/\\\/miumjau.ee\\\/lt\\\/\"},{\"@type\":\"ListItem\",\"position\":2,\"name\":\"Parduotuv\u0117\",\"item\":\"https:\\\/\\\/miumjau.ee\\\/lt\\\/parduotuve\\\/\"},{\"@type\":\"ListItem\",\"position\":3,\"name\":\"Platinum Adult Lamb, \u0161altai spaustas \u0161un\u0173 maistas su \u0117riena 1,5 kg\"}]},{\"@type\":\"WebSite\",\"@id\":\"https:\\\/\\\/miumjau.ee\\\/#website\",\"url\":\"https:\\\/\\\/miumjau.ee\\\/\",\"name\":\"MiuMjau\",\"description\":\"Kraapimispuud kassidele\",\"publisher\":{\"@id\":\"https:\\\/\\\/miumjau.ee\\\/#organization\"},\"potentialAction\":[{\"@type\":\"SearchAction\",\"target\":{\"@type\":\"EntryPoint\",\"urlTemplate\":\"https:\\\/\\\/miumjau.ee\\\/?s={search_term_string}\"},\"query-input\":{\"@type\":\"PropertyValueSpecification\",\"valueRequired\":true,\"valueName\":\"search_term_string\"}}],\"inLanguage\":\"lt-LT\"},{\"@type\":\"Organization\",\"@id\":\"https:\\\/\\\/miumjau.ee\\\/#organization\",\"name\":\"MiuMjau O\u00dc\",\"url\":\"https:\\\/\\\/miumjau.ee\\\/\",\"logo\":{\"@type\":\"ImageObject\",\"inLanguage\":\"lt-LT\",\"@id\":\"https:\\\/\\\/miumjau.ee\\\/#\\\/schema\\\/logo\\\/image\\\/\",\"url\":\"https:\\\/\\\/miumjau.ee\\\/wp-content\\\/uploads\\\/2022\\\/04\\\/MiuMjau-logo-kollane.png\",\"contentUrl\":\"https:\\\/\\\/miumjau.ee\\\/wp-content\\\/uploads\\\/2022\\\/04\\\/MiuMjau-logo-kollane.png\",\"width\":219,\"height\":100,\"caption\":\"MiuMjau O\u00dc\"},\"image\":{\"@id\":\"https:\\\/\\\/miumjau.ee\\\/#\\\/schema\\\/logo\\\/image\\\/\"},\"sameAs\":[\"https:\\\/\\\/www.facebook.com\\\/miumjaupood\\\/\"]}]}<\/script>\n<!-- \/ Yoast SEO plugin. -->","yoast_head_json":{"title":"Platinum Adult Lamb, \u0161altai spaustas \u0161un\u0173 maistas su \u0117riena 1,5 kg - MiuMjau","robots":{"index":"index","follow":"follow","max-snippet":"max-snippet:-1","max-image-preview":"max-image-preview:large","max-video-preview":"max-video-preview:-1"},"canonical":"https:\/\/miumjau.ee\/lt\/produktas\/platinum-adult-lamb-saltai-spaustas-sunu-maistas-su-eriena-15-kg\/","og_locale":"lt_LT","og_type":"article","og_title":"Platinum Adult Lamb, \u0161altai spaustas \u0161un\u0173 maistas su \u0117riena 1,5 kg - MiuMjau","og_description":"Suaugusiems \u0161unims skirtas PLATINUM Adult Lamb d\u0117l savo nat\u016bralios, sveikos ir lengvai vir\u0161kinamos sud\u0117ties tinka visiems \u0161unims, nepriklausomai nuo am\u017eiaus ar veisl\u0117s. \u0160altai spaustas maistas \u0161unims instinktyviai patinka labiau nei \u012fprastas sausas pa\u0161aras. Jis yra daug sultingesnis, aromatingas ir tikrai skanus. Puikiai tinka ir kaip treniruo\u010di\u0173 skan\u0117stas. Sud\u0117tis: \u0160vie\u017eia \u0117riena (70 %), smulkinti ry\u017eiai (15 %), dehidratuotas \u0117rienos baltymas, d\u017eiovinta \u017euvis, d\u017eiovintos alaus miel\u0117s, d\u017eiovinta obuoli\u0173 mas\u0117, la\u0161i\u0161\u0173 aliejus, jukos ekstraktas, \u0161altai spaustas lin\u0173 s\u0117men\u0173 aliejus, \u0161altai spaustas alyvuogi\u0173 aliejus, \u017eali\u0173j\u0173 midij\u0173 ekstraktas, d\u017eiovintos morkos, d\u017eiovinti pomidorai, d\u017eiovintos medetkos, d\u017eiovintos kiaulpien\u0117s, d\u017eiovinti brokoliai, d\u017eiovinta \u017ealioji arbata, d\u017eiovintos ramun\u0117l\u0117s, d\u017eiovintas raudon\u0117lis, d\u017eiovintos margaini\u0173 s\u0117klos, d\u017eiovintos spanguoli\u0173 s\u0117klos, d\u017eiovinti dumbliai, kalio chloridas. Analitin\u0117 sud\u0117tis: \u017dali baltymai 24,0 %, \u017eali aliejai ir riebalai 12,5 %, \u017eali pelenai 6,7 %, \u017ealia l\u0105steliena 2,0 %, kalcis 1,5 %, fosforas 1,1 %, dr\u0117gm\u0117 (nat\u016bralus kiekis) 19,0 %. Priedai:Vitaminai: 3a672a\/vitaminas A 10 000 TV, 3a671\/vitaminas D3 1 600 TV, 3a700i\/vitaminas E 150 mg.Mikroelementai: 3b108\/gele\u017eis 75 mg, 3b203\/jodas 3 mg, 3b413\/varis 19 mg, 3b506\/manganas 40 mg, 3b607\/cinkas 150 mg, 3b814\/selenas 0,2 mg. 100 g = 351,7 kcal \u0160\u0117rimo rekomendacija: PLATINUM Adult Lamb tinka visiems suaugusiems \u0161unims; \u0161uniukams galima prad\u0117ti duoti nuo 5 m\u0117nesi\u0173 am\u017eiaus. PLATINUM sausas pa\u0161aras yra paruo\u0161tas vartoti i\u0161 karto. \u0160uns svoris (kg) | Dienos pa\u0161aro kiekis (g)1,0 \u2013 3,0 | 35 \u2013 603,0 \u2013 5,0 | 60 \u2013 905,0 \u2013 7,5 | 90 \u2013 1207,5 \u2013 10,0 | 120 \u2013 16010,0 \u2013 12,5 | 160 \u2013 17512,5 \u2013 15,0 | 175 \u2013 20015,0 \u2013 20,0 | 200 \u2013 26020,0 \u2013 25,0 | 260 \u2013 31525,0 \u2013 30,0 | 315 \u2013 34030,0 \u2013 40,0 | 340 \u2013 44540,0 \u2013 60,0 | 445 \u2013 63060,0 \u2013 80,0 | 630 \u2013 790","og_url":"https:\/\/miumjau.ee\/lt\/produktas\/platinum-adult-lamb-saltai-spaustas-sunu-maistas-su-eriena-15-kg\/","og_site_name":"MiuMjau","article_publisher":"https:\/\/www.facebook.com\/miumjaupood\/","og_image":[{"width":600,"height":800,"url":"https:\/\/miumjau.ee\/wp-content\/uploads\/2025\/06\/platinum-koeratoit-kulmpress2.jpg","type":"image\/jpeg"}],"twitter_card":"summary_large_image","schema":{"@context":"https:\/\/schema.org","@graph":[{"@type":"WebPage","@id":"https:\/\/miumjau.ee\/lt\/produktas\/platinum-adult-lamb-saltai-spaustas-sunu-maistas-su-eriena-15-kg\/","url":"https:\/\/miumjau.ee\/lt\/produktas\/platinum-adult-lamb-saltai-spaustas-sunu-maistas-su-eriena-15-kg\/","name":"Platinum Adult Lamb, \u0161altai spaustas \u0161un\u0173 maistas su \u0117riena 1,5 kg - MiuMjau","isPartOf":{"@id":"https:\/\/miumjau.ee\/#website"},"primaryImageOfPage":{"@id":"https:\/\/miumjau.ee\/lt\/produktas\/platinum-adult-lamb-saltai-spaustas-sunu-maistas-su-eriena-15-kg\/#primaryimage"},"image":{"@id":"https:\/\/miumjau.ee\/lt\/produktas\/platinum-adult-lamb-saltai-spaustas-sunu-maistas-su-eriena-15-kg\/#primaryimage"},"thumbnailUrl":"https:\/\/miumjau.ee\/wp-content\/uploads\/2025\/06\/platinum-koeratoit-kulmpress2.jpg","datePublished":"2025-06-29T11:22:36+00:00","breadcrumb":{"@id":"https:\/\/miumjau.ee\/lt\/produktas\/platinum-adult-lamb-saltai-spaustas-sunu-maistas-su-eriena-15-kg\/#breadcrumb"},"inLanguage":"lt-LT","potentialAction":[{"@type":"ReadAction","target":["https:\/\/miumjau.ee\/lt\/produktas\/platinum-adult-lamb-saltai-spaustas-sunu-maistas-su-eriena-15-kg\/"]}]},{"@type":"ImageObject","inLanguage":"lt-LT","@id":"https:\/\/miumjau.ee\/lt\/produktas\/platinum-adult-lamb-saltai-spaustas-sunu-maistas-su-eriena-15-kg\/#primaryimage","url":"https:\/\/miumjau.ee\/wp-content\/uploads\/2025\/06\/platinum-koeratoit-kulmpress2.jpg","contentUrl":"https:\/\/miumjau.ee\/wp-content\/uploads\/2025\/06\/platinum-koeratoit-kulmpress2.jpg","width":600,"height":800,"caption":"Platinum Adult Lamb, k\u00fclmpressitud koeratoit lambaga 1.5kg"},{"@type":"BreadcrumbList","@id":"https:\/\/miumjau.ee\/lt\/produktas\/platinum-adult-lamb-saltai-spaustas-sunu-maistas-su-eriena-15-kg\/#breadcrumb","itemListElement":[{"@type":"ListItem","position":1,"name":"Home","item":"https:\/\/miumjau.ee\/lt\/"},{"@type":"ListItem","position":2,"name":"Parduotuv\u0117","item":"https:\/\/miumjau.ee\/lt\/parduotuve\/"},{"@type":"ListItem","position":3,"name":"Platinum Adult Lamb, \u0161altai spaustas \u0161un\u0173 maistas su \u0117riena 1,5 kg"}]},{"@type":"WebSite","@id":"https:\/\/miumjau.ee\/#website","url":"https:\/\/miumjau.ee\/","name":"MiuMjau","description":"Kraapimispuud kassidele","publisher":{"@id":"https:\/\/miumjau.ee\/#organization"},"potentialAction":[{"@type":"SearchAction","target":{"@type":"EntryPoint","urlTemplate":"https:\/\/miumjau.ee\/?s={search_term_string}"},"query-input":{"@type":"PropertyValueSpecification","valueRequired":true,"valueName":"search_term_string"}}],"inLanguage":"lt-LT"},{"@type":"Organization","@id":"https:\/\/miumjau.ee\/#organization","name":"MiuMjau O\u00dc","url":"https:\/\/miumjau.ee\/","logo":{"@type":"ImageObject","inLanguage":"lt-LT","@id":"https:\/\/miumjau.ee\/#\/schema\/logo\/image\/","url":"https:\/\/miumjau.ee\/wp-content\/uploads\/2022\/04\/MiuMjau-logo-kollane.png","contentUrl":"https:\/\/miumjau.ee\/wp-content\/uploads\/2022\/04\/MiuMjau-logo-kollane.png","width":219,"height":100,"caption":"MiuMjau O\u00dc"},"image":{"@id":"https:\/\/miumjau.ee\/#\/schema\/logo\/image\/"},"sameAs":["https:\/\/www.facebook.com\/miumjaupood\/"]}]}},"_links":{"self":[{"href":"https:\/\/miumjau.ee\/lt\/wp-json\/wp\/v2\/product\/54799","targetHints":{"allow":["GET"]}}],"collection":[{"href":"https:\/\/miumjau.ee\/lt\/wp-json\/wp\/v2\/product"}],"about":[{"href":"https:\/\/miumjau.ee\/lt\/wp-json\/wp\/v2\/types\/product"}],"wp:featuredmedia":[{"embeddable":true,"href":"https:\/\/miumjau.ee\/lt\/wp-json\/wp\/v2\/media\/43992"}],"wp:attachment":[{"href":"https:\/\/miumjau.ee\/lt\/wp-json\/wp\/v2\/media?parent=54799"}],"wp:term":[{"taxonomy":"product_brand","embeddable":true,"href":"https:\/\/miumjau.ee\/lt\/wp-json\/wp\/v2\/product_brand?post=54799"},{"taxonomy":"product_cat","embeddable":true,"href":"https:\/\/miumjau.ee\/lt\/wp-json\/wp\/v2\/product_cat?post=54799"},{"taxonomy":"product_tag","embeddable":true,"href":"https:\/\/miumjau.ee\/lt\/wp-json\/wp\/v2\/product_tag?post=54799"}],"curies":[{"name":"wp","href":"https:\/\/api.w.org\/{rel}","templated":true}]}}