{"id":54794,"date":"2025-06-29T14:32:23","date_gmt":"2025-06-29T11:32:23","guid":{"rendered":"https:\/\/miumjau.ee\/toode\/platinum-adult-iberico-saltai-spaustas-sunu-maistas-su-kiauliena-5-kg\/"},"modified":"2025-06-29T14:32:23","modified_gmt":"2025-06-29T11:32:23","slug":"platinum-adult-iberico-saltai-spaustas-sunu-maistas-su-kiauliena-5-kg","status":"publish","type":"product","link":"https:\/\/miumjau.ee\/lt\/produktas\/platinum-adult-iberico-saltai-spaustas-sunu-maistas-su-kiauliena-5-kg\/","title":{"rendered":"Platinum Adult Iberico, \u0161altai spaustas \u0161un\u0173 maistas su kiauliena 5 kg"},"content":{"rendered":"","protected":false},"excerpt":{"rendered":"<p data-start=\"5653\" data-end=\"6015\">Suaugusiems \u0161unims skirtas PLATINUM Adult Iberico d\u0117l savo nat\u016bralios, sveikos ir lengvai vir\u0161kinamos sud\u0117ties tinka visiems \u0161unims, nepriklausomai nuo am\u017eiaus ar veisl\u0117s. \u0160altai spaustas maistas \u0161unims instinktyviai patinka labiau nei \u012fprastas sausas pa\u0161aras. Jis yra daug sultingesnis, aromatingas ir tikrai skanus. Puikiai tinka ir kaip treniruo\u010di\u0173 skan\u0117stas.<\/p>\n<p data-start=\"6017\" data-end=\"6423\"><strong data-start=\"6017\" data-end=\"6029\">Sud\u0117tis:<\/strong> \u0160vie\u017eia kiauliena (70 %, tik Iberijos kiaul\u0117s m\u0117sa), bulv\u0117s*, \u017euvis*, alaus miel\u0117s*, obuoli\u0173 mas\u0117*, la\u0161i\u0161\u0173 aliejus** (omega-3), jukos ekstraktas, lin\u0173 s\u0117men\u0173 aliejus** (omega-3), alyvuogi\u0173 aliejus**, \u017eali\u0173j\u0173 midij\u0173 ekstraktas, morkos*, pomidorai*, medetkos*, kiaulpien\u0117s*, brokoliai*, \u017ealioji arbata*, ramun\u0117l\u0117s*, raudon\u0117lis*, margaini\u0173 s\u0117klos*, spanguoli\u0173 s\u0117klos*, dumbliai*, kalio chloridas.<\/p>\n<p data-start=\"6425\" data-end=\"6610\"><strong data-start=\"6425\" data-end=\"6447\">Analitin\u0117 sud\u0117tis:<\/strong> \u017dali baltymai 23,0 %, \u017eali aliejai ir riebalai 14,0 %, \u017eali pelenai 7,8 %, \u017ealia l\u0105steliena 2,0 %, kalcis 1,6 %, fosforas 1,0 %, dr\u0117gm\u0117 (nat\u016bralus kiekis) 19,0 %.<\/p>\n<p data-start=\"6612\" data-end=\"6864\"><strong data-start=\"6612\" data-end=\"6624\">Priedai:<\/strong><br data-start=\"6624\" data-end=\"6627\" \/>Vitaminai: 3a672a\/vitaminas A 10 000 TV, 3a671\/vitaminas D3 1 600 TV, 3a700i\/vitaminas E 150 mg.<br data-start=\"6723\" data-end=\"6726\" \/>Mikroelementai: 3b108\/gele\u017eis 75 mg, 3b203\/jodas 3 mg, 3b413\/varis 19 mg, 3b506\/manganas 40 mg, 3b607\/cinkas 150 mg, 3b814\/selenas 0,2 mg.<\/p>\n<p data-start=\"6866\" data-end=\"6888\"><strong data-start=\"6866\" data-end=\"6888\">100 g = 354,8 kcal<\/strong><\/p>\n<p data-start=\"6890\" data-end=\"7082\"><strong data-start=\"6890\" data-end=\"6915\">\u0160\u0117rimo rekomendacija:<\/strong> PLATINUM Adult Iberico tinka visiems suaugusiems \u0161unims; \u0161uniukams galima prad\u0117ti duoti nuo 5 m\u0117nesi\u0173 am\u017eiaus. PLATINUM sausas pa\u0161aras yra paruo\u0161tas vartoti i\u0161 karto.<\/p>\n<p data-start=\"7084\" data-end=\"7427\">\u0160uns svoris (kg) | Dienos pa\u0161aro kiekis (g)<br data-start=\"7127\" data-end=\"7130\" \/>1,0 \u2013 3,0 | 35 \u2013 60<br data-start=\"7149\" data-end=\"7152\" \/>3,0 \u2013 5,0 | 60 \u2013 90<br data-start=\"7171\" data-end=\"7174\" \/>5,0 \u2013 7,5 | 90 \u2013 120<br data-start=\"7194\" data-end=\"7197\" \/>7,5 \u2013 10,0 | 120 \u2013 160<br data-start=\"7219\" data-end=\"7222\" \/>10,0 \u2013 12,5 | 160 \u2013 175<br data-start=\"7245\" data-end=\"7248\" \/>12,5 \u2013 15,0 | 175 \u2013 200<br data-start=\"7271\" data-end=\"7274\" \/>15,0 \u2013 20,0 | 200 \u2013 260<br data-start=\"7297\" data-end=\"7300\" \/>20,0 \u2013 25,0 | 260 \u2013 315<br data-start=\"7323\" data-end=\"7326\" \/>25,0 \u2013 30,0 | 315 \u2013 340<br data-start=\"7349\" data-end=\"7352\" \/>30,0 \u2013 40,0 | 340 \u2013 445<br data-start=\"7375\" data-end=\"7378\" \/>40,0 \u2013 60,0 | 445 \u2013 630<br data-start=\"7401\" data-end=\"7404\" \/>60,0 \u2013 80,0 | 630 \u2013 790<\/p>\n","protected":false},"featured_media":43993,"template":"","meta":[],"product_brand":[],"product_cat":[538],"product_tag":[],"class_list":{"0":"post-54794","1":"product","2":"type-product","3":"status-publish","4":"has-post-thumbnail","6":"product_cat-sausas-maistas-sunims","8":"first","9":"instock","10":"sale","11":"taxable","12":"shipping-taxable","13":"purchasable","14":"product-type-simple"},"yoast_head":"<!-- This site is optimized with the Yoast SEO plugin v27.4 - https:\/\/yoast.com\/product\/yoast-seo-wordpress\/ -->\n<title>Platinum Adult Iberico, \u0161altai spaustas \u0161un\u0173 maistas su kiauliena 5 kg - MiuMjau<\/title>\n<meta name=\"robots\" content=\"index, follow, max-snippet:-1, max-image-preview:large, max-video-preview:-1\" \/>\n<link rel=\"canonical\" href=\"https:\/\/miumjau.ee\/lt\/produktas\/platinum-adult-iberico-saltai-spaustas-sunu-maistas-su-kiauliena-5-kg\/\" \/>\n<meta property=\"og:locale\" content=\"lt_LT\" \/>\n<meta property=\"og:type\" content=\"article\" \/>\n<meta property=\"og:title\" content=\"Platinum Adult Iberico, \u0161altai spaustas \u0161un\u0173 maistas su kiauliena 5 kg - MiuMjau\" \/>\n<meta property=\"og:description\" content=\"Suaugusiems \u0161unims skirtas PLATINUM Adult Iberico d\u0117l savo nat\u016bralios, sveikos ir lengvai vir\u0161kinamos sud\u0117ties tinka visiems \u0161unims, nepriklausomai nuo am\u017eiaus ar veisl\u0117s. \u0160altai spaustas maistas \u0161unims instinktyviai patinka labiau nei \u012fprastas sausas pa\u0161aras. Jis yra daug sultingesnis, aromatingas ir tikrai skanus. Puikiai tinka ir kaip treniruo\u010di\u0173 skan\u0117stas. Sud\u0117tis: \u0160vie\u017eia kiauliena (70 %, tik Iberijos kiaul\u0117s m\u0117sa), bulv\u0117s*, \u017euvis*, alaus miel\u0117s*, obuoli\u0173 mas\u0117*, la\u0161i\u0161\u0173 aliejus** (omega-3), jukos ekstraktas, lin\u0173 s\u0117men\u0173 aliejus** (omega-3), alyvuogi\u0173 aliejus**, \u017eali\u0173j\u0173 midij\u0173 ekstraktas, morkos*, pomidorai*, medetkos*, kiaulpien\u0117s*, brokoliai*, \u017ealioji arbata*, ramun\u0117l\u0117s*, raudon\u0117lis*, margaini\u0173 s\u0117klos*, spanguoli\u0173 s\u0117klos*, dumbliai*, kalio chloridas. Analitin\u0117 sud\u0117tis: \u017dali baltymai 23,0 %, \u017eali aliejai ir riebalai 14,0 %, \u017eali pelenai 7,8 %, \u017ealia l\u0105steliena 2,0 %, kalcis 1,6 %, fosforas 1,0 %, dr\u0117gm\u0117 (nat\u016bralus kiekis) 19,0 %. Priedai:Vitaminai: 3a672a\/vitaminas A 10 000 TV, 3a671\/vitaminas D3 1 600 TV, 3a700i\/vitaminas E 150 mg.Mikroelementai: 3b108\/gele\u017eis 75 mg, 3b203\/jodas 3 mg, 3b413\/varis 19 mg, 3b506\/manganas 40 mg, 3b607\/cinkas 150 mg, 3b814\/selenas 0,2 mg. 100 g = 354,8 kcal \u0160\u0117rimo rekomendacija: PLATINUM Adult Iberico tinka visiems suaugusiems \u0161unims; \u0161uniukams galima prad\u0117ti duoti nuo 5 m\u0117nesi\u0173 am\u017eiaus. PLATINUM sausas pa\u0161aras yra paruo\u0161tas vartoti i\u0161 karto. \u0160uns svoris (kg) | Dienos pa\u0161aro kiekis (g)1,0 \u2013 3,0 | 35 \u2013 603,0 \u2013 5,0 | 60 \u2013 905,0 \u2013 7,5 | 90 \u2013 1207,5 \u2013 10,0 | 120 \u2013 16010,0 \u2013 12,5 | 160 \u2013 17512,5 \u2013 15,0 | 175 \u2013 20015,0 \u2013 20,0 | 200 \u2013 26020,0 \u2013 25,0 | 260 \u2013 31525,0 \u2013 30,0 | 315 \u2013 34030,0 \u2013 40,0 | 340 \u2013 44540,0 \u2013 60,0 | 445 \u2013 63060,0 \u2013 80,0 | 630 \u2013 790\" \/>\n<meta property=\"og:url\" content=\"https:\/\/miumjau.ee\/lt\/produktas\/platinum-adult-iberico-saltai-spaustas-sunu-maistas-su-kiauliena-5-kg\/\" \/>\n<meta property=\"og:site_name\" content=\"MiuMjau\" \/>\n<meta property=\"article:publisher\" content=\"https:\/\/www.facebook.com\/miumjaupood\/\" \/>\n<meta property=\"og:image\" content=\"https:\/\/miumjau.ee\/wp-content\/uploads\/2025\/06\/platinum-koeratoit-kulmpress3.jpg\" \/>\n\t<meta property=\"og:image:width\" content=\"600\" \/>\n\t<meta property=\"og:image:height\" content=\"800\" \/>\n\t<meta property=\"og:image:type\" content=\"image\/jpeg\" \/>\n<meta name=\"twitter:card\" content=\"summary_large_image\" \/>\n<script type=\"application\/ld+json\" class=\"yoast-schema-graph\">{\"@context\":\"https:\\\/\\\/schema.org\",\"@graph\":[{\"@type\":\"WebPage\",\"@id\":\"https:\\\/\\\/miumjau.ee\\\/lt\\\/produktas\\\/platinum-adult-iberico-saltai-spaustas-sunu-maistas-su-kiauliena-5-kg\\\/\",\"url\":\"https:\\\/\\\/miumjau.ee\\\/lt\\\/produktas\\\/platinum-adult-iberico-saltai-spaustas-sunu-maistas-su-kiauliena-5-kg\\\/\",\"name\":\"Platinum Adult Iberico, \u0161altai spaustas \u0161un\u0173 maistas su kiauliena 5 kg - MiuMjau\",\"isPartOf\":{\"@id\":\"https:\\\/\\\/miumjau.ee\\\/#website\"},\"primaryImageOfPage\":{\"@id\":\"https:\\\/\\\/miumjau.ee\\\/lt\\\/produktas\\\/platinum-adult-iberico-saltai-spaustas-sunu-maistas-su-kiauliena-5-kg\\\/#primaryimage\"},\"image\":{\"@id\":\"https:\\\/\\\/miumjau.ee\\\/lt\\\/produktas\\\/platinum-adult-iberico-saltai-spaustas-sunu-maistas-su-kiauliena-5-kg\\\/#primaryimage\"},\"thumbnailUrl\":\"https:\\\/\\\/miumjau.ee\\\/wp-content\\\/uploads\\\/2025\\\/06\\\/platinum-koeratoit-kulmpress3.jpg\",\"datePublished\":\"2025-06-29T11:32:23+00:00\",\"breadcrumb\":{\"@id\":\"https:\\\/\\\/miumjau.ee\\\/lt\\\/produktas\\\/platinum-adult-iberico-saltai-spaustas-sunu-maistas-su-kiauliena-5-kg\\\/#breadcrumb\"},\"inLanguage\":\"lt-LT\",\"potentialAction\":[{\"@type\":\"ReadAction\",\"target\":[\"https:\\\/\\\/miumjau.ee\\\/lt\\\/produktas\\\/platinum-adult-iberico-saltai-spaustas-sunu-maistas-su-kiauliena-5-kg\\\/\"]}]},{\"@type\":\"ImageObject\",\"inLanguage\":\"lt-LT\",\"@id\":\"https:\\\/\\\/miumjau.ee\\\/lt\\\/produktas\\\/platinum-adult-iberico-saltai-spaustas-sunu-maistas-su-kiauliena-5-kg\\\/#primaryimage\",\"url\":\"https:\\\/\\\/miumjau.ee\\\/wp-content\\\/uploads\\\/2025\\\/06\\\/platinum-koeratoit-kulmpress3.jpg\",\"contentUrl\":\"https:\\\/\\\/miumjau.ee\\\/wp-content\\\/uploads\\\/2025\\\/06\\\/platinum-koeratoit-kulmpress3.jpg\",\"width\":600,\"height\":800,\"caption\":\"Platinum Adult Iberico, k\u00fclmpressitud koeratoit sealihaga 5kg\"},{\"@type\":\"BreadcrumbList\",\"@id\":\"https:\\\/\\\/miumjau.ee\\\/lt\\\/produktas\\\/platinum-adult-iberico-saltai-spaustas-sunu-maistas-su-kiauliena-5-kg\\\/#breadcrumb\",\"itemListElement\":[{\"@type\":\"ListItem\",\"position\":1,\"name\":\"Home\",\"item\":\"https:\\\/\\\/miumjau.ee\\\/lt\\\/\"},{\"@type\":\"ListItem\",\"position\":2,\"name\":\"Parduotuv\u0117\",\"item\":\"https:\\\/\\\/miumjau.ee\\\/lt\\\/parduotuve\\\/\"},{\"@type\":\"ListItem\",\"position\":3,\"name\":\"Platinum Adult Iberico, \u0161altai spaustas \u0161un\u0173 maistas su kiauliena 5 kg\"}]},{\"@type\":\"WebSite\",\"@id\":\"https:\\\/\\\/miumjau.ee\\\/#website\",\"url\":\"https:\\\/\\\/miumjau.ee\\\/\",\"name\":\"MiuMjau\",\"description\":\"Kraapimispuud kassidele\",\"publisher\":{\"@id\":\"https:\\\/\\\/miumjau.ee\\\/#organization\"},\"potentialAction\":[{\"@type\":\"SearchAction\",\"target\":{\"@type\":\"EntryPoint\",\"urlTemplate\":\"https:\\\/\\\/miumjau.ee\\\/?s={search_term_string}\"},\"query-input\":{\"@type\":\"PropertyValueSpecification\",\"valueRequired\":true,\"valueName\":\"search_term_string\"}}],\"inLanguage\":\"lt-LT\"},{\"@type\":\"Organization\",\"@id\":\"https:\\\/\\\/miumjau.ee\\\/#organization\",\"name\":\"MiuMjau O\u00dc\",\"url\":\"https:\\\/\\\/miumjau.ee\\\/\",\"logo\":{\"@type\":\"ImageObject\",\"inLanguage\":\"lt-LT\",\"@id\":\"https:\\\/\\\/miumjau.ee\\\/#\\\/schema\\\/logo\\\/image\\\/\",\"url\":\"https:\\\/\\\/miumjau.ee\\\/wp-content\\\/uploads\\\/2022\\\/04\\\/MiuMjau-logo-kollane.png\",\"contentUrl\":\"https:\\\/\\\/miumjau.ee\\\/wp-content\\\/uploads\\\/2022\\\/04\\\/MiuMjau-logo-kollane.png\",\"width\":219,\"height\":100,\"caption\":\"MiuMjau O\u00dc\"},\"image\":{\"@id\":\"https:\\\/\\\/miumjau.ee\\\/#\\\/schema\\\/logo\\\/image\\\/\"},\"sameAs\":[\"https:\\\/\\\/www.facebook.com\\\/miumjaupood\\\/\"]}]}<\/script>\n<!-- \/ Yoast SEO plugin. -->","yoast_head_json":{"title":"Platinum Adult Iberico, \u0161altai spaustas \u0161un\u0173 maistas su kiauliena 5 kg - MiuMjau","robots":{"index":"index","follow":"follow","max-snippet":"max-snippet:-1","max-image-preview":"max-image-preview:large","max-video-preview":"max-video-preview:-1"},"canonical":"https:\/\/miumjau.ee\/lt\/produktas\/platinum-adult-iberico-saltai-spaustas-sunu-maistas-su-kiauliena-5-kg\/","og_locale":"lt_LT","og_type":"article","og_title":"Platinum Adult Iberico, \u0161altai spaustas \u0161un\u0173 maistas su kiauliena 5 kg - MiuMjau","og_description":"Suaugusiems \u0161unims skirtas PLATINUM Adult Iberico d\u0117l savo nat\u016bralios, sveikos ir lengvai vir\u0161kinamos sud\u0117ties tinka visiems \u0161unims, nepriklausomai nuo am\u017eiaus ar veisl\u0117s. \u0160altai spaustas maistas \u0161unims instinktyviai patinka labiau nei \u012fprastas sausas pa\u0161aras. Jis yra daug sultingesnis, aromatingas ir tikrai skanus. Puikiai tinka ir kaip treniruo\u010di\u0173 skan\u0117stas. Sud\u0117tis: \u0160vie\u017eia kiauliena (70 %, tik Iberijos kiaul\u0117s m\u0117sa), bulv\u0117s*, \u017euvis*, alaus miel\u0117s*, obuoli\u0173 mas\u0117*, la\u0161i\u0161\u0173 aliejus** (omega-3), jukos ekstraktas, lin\u0173 s\u0117men\u0173 aliejus** (omega-3), alyvuogi\u0173 aliejus**, \u017eali\u0173j\u0173 midij\u0173 ekstraktas, morkos*, pomidorai*, medetkos*, kiaulpien\u0117s*, brokoliai*, \u017ealioji arbata*, ramun\u0117l\u0117s*, raudon\u0117lis*, margaini\u0173 s\u0117klos*, spanguoli\u0173 s\u0117klos*, dumbliai*, kalio chloridas. Analitin\u0117 sud\u0117tis: \u017dali baltymai 23,0 %, \u017eali aliejai ir riebalai 14,0 %, \u017eali pelenai 7,8 %, \u017ealia l\u0105steliena 2,0 %, kalcis 1,6 %, fosforas 1,0 %, dr\u0117gm\u0117 (nat\u016bralus kiekis) 19,0 %. Priedai:Vitaminai: 3a672a\/vitaminas A 10 000 TV, 3a671\/vitaminas D3 1 600 TV, 3a700i\/vitaminas E 150 mg.Mikroelementai: 3b108\/gele\u017eis 75 mg, 3b203\/jodas 3 mg, 3b413\/varis 19 mg, 3b506\/manganas 40 mg, 3b607\/cinkas 150 mg, 3b814\/selenas 0,2 mg. 100 g = 354,8 kcal \u0160\u0117rimo rekomendacija: PLATINUM Adult Iberico tinka visiems suaugusiems \u0161unims; \u0161uniukams galima prad\u0117ti duoti nuo 5 m\u0117nesi\u0173 am\u017eiaus. PLATINUM sausas pa\u0161aras yra paruo\u0161tas vartoti i\u0161 karto. \u0160uns svoris (kg) | Dienos pa\u0161aro kiekis (g)1,0 \u2013 3,0 | 35 \u2013 603,0 \u2013 5,0 | 60 \u2013 905,0 \u2013 7,5 | 90 \u2013 1207,5 \u2013 10,0 | 120 \u2013 16010,0 \u2013 12,5 | 160 \u2013 17512,5 \u2013 15,0 | 175 \u2013 20015,0 \u2013 20,0 | 200 \u2013 26020,0 \u2013 25,0 | 260 \u2013 31525,0 \u2013 30,0 | 315 \u2013 34030,0 \u2013 40,0 | 340 \u2013 44540,0 \u2013 60,0 | 445 \u2013 63060,0 \u2013 80,0 | 630 \u2013 790","og_url":"https:\/\/miumjau.ee\/lt\/produktas\/platinum-adult-iberico-saltai-spaustas-sunu-maistas-su-kiauliena-5-kg\/","og_site_name":"MiuMjau","article_publisher":"https:\/\/www.facebook.com\/miumjaupood\/","og_image":[{"width":600,"height":800,"url":"https:\/\/miumjau.ee\/wp-content\/uploads\/2025\/06\/platinum-koeratoit-kulmpress3.jpg","type":"image\/jpeg"}],"twitter_card":"summary_large_image","schema":{"@context":"https:\/\/schema.org","@graph":[{"@type":"WebPage","@id":"https:\/\/miumjau.ee\/lt\/produktas\/platinum-adult-iberico-saltai-spaustas-sunu-maistas-su-kiauliena-5-kg\/","url":"https:\/\/miumjau.ee\/lt\/produktas\/platinum-adult-iberico-saltai-spaustas-sunu-maistas-su-kiauliena-5-kg\/","name":"Platinum Adult Iberico, \u0161altai spaustas \u0161un\u0173 maistas su kiauliena 5 kg - MiuMjau","isPartOf":{"@id":"https:\/\/miumjau.ee\/#website"},"primaryImageOfPage":{"@id":"https:\/\/miumjau.ee\/lt\/produktas\/platinum-adult-iberico-saltai-spaustas-sunu-maistas-su-kiauliena-5-kg\/#primaryimage"},"image":{"@id":"https:\/\/miumjau.ee\/lt\/produktas\/platinum-adult-iberico-saltai-spaustas-sunu-maistas-su-kiauliena-5-kg\/#primaryimage"},"thumbnailUrl":"https:\/\/miumjau.ee\/wp-content\/uploads\/2025\/06\/platinum-koeratoit-kulmpress3.jpg","datePublished":"2025-06-29T11:32:23+00:00","breadcrumb":{"@id":"https:\/\/miumjau.ee\/lt\/produktas\/platinum-adult-iberico-saltai-spaustas-sunu-maistas-su-kiauliena-5-kg\/#breadcrumb"},"inLanguage":"lt-LT","potentialAction":[{"@type":"ReadAction","target":["https:\/\/miumjau.ee\/lt\/produktas\/platinum-adult-iberico-saltai-spaustas-sunu-maistas-su-kiauliena-5-kg\/"]}]},{"@type":"ImageObject","inLanguage":"lt-LT","@id":"https:\/\/miumjau.ee\/lt\/produktas\/platinum-adult-iberico-saltai-spaustas-sunu-maistas-su-kiauliena-5-kg\/#primaryimage","url":"https:\/\/miumjau.ee\/wp-content\/uploads\/2025\/06\/platinum-koeratoit-kulmpress3.jpg","contentUrl":"https:\/\/miumjau.ee\/wp-content\/uploads\/2025\/06\/platinum-koeratoit-kulmpress3.jpg","width":600,"height":800,"caption":"Platinum Adult Iberico, k\u00fclmpressitud koeratoit sealihaga 5kg"},{"@type":"BreadcrumbList","@id":"https:\/\/miumjau.ee\/lt\/produktas\/platinum-adult-iberico-saltai-spaustas-sunu-maistas-su-kiauliena-5-kg\/#breadcrumb","itemListElement":[{"@type":"ListItem","position":1,"name":"Home","item":"https:\/\/miumjau.ee\/lt\/"},{"@type":"ListItem","position":2,"name":"Parduotuv\u0117","item":"https:\/\/miumjau.ee\/lt\/parduotuve\/"},{"@type":"ListItem","position":3,"name":"Platinum Adult Iberico, \u0161altai spaustas \u0161un\u0173 maistas su kiauliena 5 kg"}]},{"@type":"WebSite","@id":"https:\/\/miumjau.ee\/#website","url":"https:\/\/miumjau.ee\/","name":"MiuMjau","description":"Kraapimispuud kassidele","publisher":{"@id":"https:\/\/miumjau.ee\/#organization"},"potentialAction":[{"@type":"SearchAction","target":{"@type":"EntryPoint","urlTemplate":"https:\/\/miumjau.ee\/?s={search_term_string}"},"query-input":{"@type":"PropertyValueSpecification","valueRequired":true,"valueName":"search_term_string"}}],"inLanguage":"lt-LT"},{"@type":"Organization","@id":"https:\/\/miumjau.ee\/#organization","name":"MiuMjau O\u00dc","url":"https:\/\/miumjau.ee\/","logo":{"@type":"ImageObject","inLanguage":"lt-LT","@id":"https:\/\/miumjau.ee\/#\/schema\/logo\/image\/","url":"https:\/\/miumjau.ee\/wp-content\/uploads\/2022\/04\/MiuMjau-logo-kollane.png","contentUrl":"https:\/\/miumjau.ee\/wp-content\/uploads\/2022\/04\/MiuMjau-logo-kollane.png","width":219,"height":100,"caption":"MiuMjau O\u00dc"},"image":{"@id":"https:\/\/miumjau.ee\/#\/schema\/logo\/image\/"},"sameAs":["https:\/\/www.facebook.com\/miumjaupood\/"]}]}},"_links":{"self":[{"href":"https:\/\/miumjau.ee\/lt\/wp-json\/wp\/v2\/product\/54794","targetHints":{"allow":["GET"]}}],"collection":[{"href":"https:\/\/miumjau.ee\/lt\/wp-json\/wp\/v2\/product"}],"about":[{"href":"https:\/\/miumjau.ee\/lt\/wp-json\/wp\/v2\/types\/product"}],"wp:featuredmedia":[{"embeddable":true,"href":"https:\/\/miumjau.ee\/lt\/wp-json\/wp\/v2\/media\/43993"}],"wp:attachment":[{"href":"https:\/\/miumjau.ee\/lt\/wp-json\/wp\/v2\/media?parent=54794"}],"wp:term":[{"taxonomy":"product_brand","embeddable":true,"href":"https:\/\/miumjau.ee\/lt\/wp-json\/wp\/v2\/product_brand?post=54794"},{"taxonomy":"product_cat","embeddable":true,"href":"https:\/\/miumjau.ee\/lt\/wp-json\/wp\/v2\/product_cat?post=54794"},{"taxonomy":"product_tag","embeddable":true,"href":"https:\/\/miumjau.ee\/lt\/wp-json\/wp\/v2\/product_tag?post=54794"}],"curies":[{"name":"wp","href":"https:\/\/api.w.org\/{rel}","templated":true}]}}