{"id":54781,"date":"2026-03-13T18:32:51","date_gmt":"2026-03-13T16:32:51","guid":{"rendered":"https:\/\/miumjau.ee\/toode\/prospera-plus-ster-1-su-vistiena-ir-morkomis-24x-85g\/"},"modified":"2026-03-13T18:32:51","modified_gmt":"2026-03-13T16:32:51","slug":"prospera-plus-ster-1-su-vistiena-ir-morkomis-24x-85g","status":"publish","type":"product","link":"https:\/\/miumjau.ee\/lt\/produktas\/prospera-plus-ster-1-su-vistiena-ir-morkomis-24x-85g\/","title":{"rendered":"Prospera Plus ster. 1+, su vi\u0161tiena ir morkomis, 24x 85g"},"content":{"rendered":"","protected":false},"excerpt":{"rendered":"<p data-start=\"2658\" data-end=\"2787\">Visavertis ir subalansuotas konservu pa\u0161aras su vi\u0161tiena ir morkomis pada\u017ee sterilizuotoms ir nesterilizuotoms kat\u0117ms nuo 1 met\u0173.<\/p>\n<p data-start=\"2789\" data-end=\"3209\">Suteikia j\u016bs\u0173 katei reikaling\u0105 sveik\u0105 mityb\u0105.<br data-start=\"2834\" data-end=\"2837\" \/>Sud\u0117tyje yra taurino \u2013 nepakei\u010diamos aminor\u016bg\u0161ties, svarbios \u0161irdies ir reg\u0117jimo sveikatai.<br data-start=\"2928\" data-end=\"2931\" \/>Auk\u0161tos kokyb\u0117s ir lengvai vir\u0161kinamos maisto med\u017eiagos padeda palaikyti raumen\u0173 sveikat\u0105 ir kailio b\u016bkl\u0119.<br data-start=\"3037\" data-end=\"3040\" \/>Skan\u016bs m\u0117sos ir dar\u017eovi\u0173 gabal\u0117liai pada\u017ee patiks net i\u0161rankiausiems augintiniams.<br data-start=\"3122\" data-end=\"3125\" \/>Padeda palaikyti sveik\u0105 \u017earnyno mikroflor\u0105.<br data-start=\"3168\" data-end=\"3171\" \/>Be sojos, gr\u016bd\u0173 ir prid\u0117tinio cukraus.<\/p>\n<p data-start=\"3211\" data-end=\"3587\"><strong data-start=\"3211\" data-end=\"3223\">Sud\u0117tis:<\/strong> m\u0117sa ir gyv\u016bnin\u0117s kilm\u0117s produktai (88 % fil\u0117*, i\u0161 j\u0173 40,6 % vi\u0161tiena, 27 % kiaulienos kepenys, 14,4 % kiauliena, 6 % jautiena*), 1,7 % mineralai, augalin\u0117s kilm\u0117s produktai (0,5 % krakmolas, 0,8 % skaidulos, 0,4 % inulinas i\u0161 cikorij\u0173), aliejai ir riebalai, dar\u017eov\u0117s (0,45 % d\u017eiovintos morkos, atitinka 4 % \u0161vie\u017ei\u0173 mork\u0173). *Fil\u0117 paprastai sudaro 34,5 % produkto.<\/p>\n<p data-start=\"3589\" data-end=\"3757\"><strong data-start=\"3589\" data-end=\"3611\">Analitin\u0117 sud\u0117tis:<\/strong> \u017ealiosios baltymai 10 %, riebalai 3 %, pelenai 1,9 %, l\u0105steliena 1 %, omega-3 riebal\u0173 r\u016bg\u0161tys 0,15 %, omega-6 riebal\u0173 r\u016bg\u0161tys 0,8 %, dr\u0117gm\u0117 82 %.<\/p>\n","protected":false},"featured_media":46249,"template":"","meta":[],"product_brand":[],"product_cat":[526],"product_tag":[],"class_list":{"0":"post-54781","1":"product","2":"type-product","3":"status-publish","4":"has-post-thumbnail","6":"product_cat-slapias-maistas","8":"first","9":"instock","10":"taxable","11":"shipping-taxable","12":"purchasable","13":"product-type-simple"},"yoast_head":"<!-- This site is optimized with the Yoast SEO plugin v27.4 - https:\/\/yoast.com\/product\/yoast-seo-wordpress\/ -->\n<title>Prospera Plus ster. 1+, su vi\u0161tiena ir morkomis, 24x 85g - MiuMjau<\/title>\n<meta name=\"robots\" content=\"index, follow, max-snippet:-1, max-image-preview:large, max-video-preview:-1\" \/>\n<link rel=\"canonical\" href=\"https:\/\/miumjau.ee\/lt\/produktas\/prospera-plus-ster-1-su-vistiena-ir-morkomis-24x-85g\/\" \/>\n<meta property=\"og:locale\" content=\"lt_LT\" \/>\n<meta property=\"og:type\" content=\"article\" \/>\n<meta property=\"og:title\" content=\"Prospera Plus ster. 1+, su vi\u0161tiena ir morkomis, 24x 85g - MiuMjau\" \/>\n<meta property=\"og:description\" content=\"Visavertis ir subalansuotas konservu pa\u0161aras su vi\u0161tiena ir morkomis pada\u017ee sterilizuotoms ir nesterilizuotoms kat\u0117ms nuo 1 met\u0173. Suteikia j\u016bs\u0173 katei reikaling\u0105 sveik\u0105 mityb\u0105.Sud\u0117tyje yra taurino \u2013 nepakei\u010diamos aminor\u016bg\u0161ties, svarbios \u0161irdies ir reg\u0117jimo sveikatai.Auk\u0161tos kokyb\u0117s ir lengvai vir\u0161kinamos maisto med\u017eiagos padeda palaikyti raumen\u0173 sveikat\u0105 ir kailio b\u016bkl\u0119.Skan\u016bs m\u0117sos ir dar\u017eovi\u0173 gabal\u0117liai pada\u017ee patiks net i\u0161rankiausiems augintiniams.Padeda palaikyti sveik\u0105 \u017earnyno mikroflor\u0105.Be sojos, gr\u016bd\u0173 ir prid\u0117tinio cukraus. Sud\u0117tis: m\u0117sa ir gyv\u016bnin\u0117s kilm\u0117s produktai (88 % fil\u0117*, i\u0161 j\u0173 40,6 % vi\u0161tiena, 27 % kiaulienos kepenys, 14,4 % kiauliena, 6 % jautiena*), 1,7 % mineralai, augalin\u0117s kilm\u0117s produktai (0,5 % krakmolas, 0,8 % skaidulos, 0,4 % inulinas i\u0161 cikorij\u0173), aliejai ir riebalai, dar\u017eov\u0117s (0,45 % d\u017eiovintos morkos, atitinka 4 % \u0161vie\u017ei\u0173 mork\u0173). *Fil\u0117 paprastai sudaro 34,5 % produkto. Analitin\u0117 sud\u0117tis: \u017ealiosios baltymai 10 %, riebalai 3 %, pelenai 1,9 %, l\u0105steliena 1 %, omega-3 riebal\u0173 r\u016bg\u0161tys 0,15 %, omega-6 riebal\u0173 r\u016bg\u0161tys 0,8 %, dr\u0117gm\u0117 82 %.\" \/>\n<meta property=\"og:url\" content=\"https:\/\/miumjau.ee\/lt\/produktas\/prospera-plus-ster-1-su-vistiena-ir-morkomis-24x-85g\/\" \/>\n<meta property=\"og:site_name\" content=\"MiuMjau\" \/>\n<meta property=\"article:publisher\" content=\"https:\/\/www.facebook.com\/miumjaupood\/\" \/>\n<meta property=\"og:image\" content=\"https:\/\/miumjau.ee\/wp-content\/uploads\/2025\/12\/prospera-plus-kassitoit-multipakk15.png\" \/>\n\t<meta property=\"og:image:width\" content=\"600\" \/>\n\t<meta property=\"og:image:height\" content=\"800\" \/>\n\t<meta property=\"og:image:type\" content=\"image\/png\" \/>\n<meta name=\"twitter:card\" content=\"summary_large_image\" \/>\n<script type=\"application\/ld+json\" class=\"yoast-schema-graph\">{\"@context\":\"https:\\\/\\\/schema.org\",\"@graph\":[{\"@type\":\"WebPage\",\"@id\":\"https:\\\/\\\/miumjau.ee\\\/lt\\\/produktas\\\/prospera-plus-ster-1-su-vistiena-ir-morkomis-24x-85g\\\/\",\"url\":\"https:\\\/\\\/miumjau.ee\\\/lt\\\/produktas\\\/prospera-plus-ster-1-su-vistiena-ir-morkomis-24x-85g\\\/\",\"name\":\"Prospera Plus ster. 1+, su vi\u0161tiena ir morkomis, 24x 85g - MiuMjau\",\"isPartOf\":{\"@id\":\"https:\\\/\\\/miumjau.ee\\\/#website\"},\"primaryImageOfPage\":{\"@id\":\"https:\\\/\\\/miumjau.ee\\\/lt\\\/produktas\\\/prospera-plus-ster-1-su-vistiena-ir-morkomis-24x-85g\\\/#primaryimage\"},\"image\":{\"@id\":\"https:\\\/\\\/miumjau.ee\\\/lt\\\/produktas\\\/prospera-plus-ster-1-su-vistiena-ir-morkomis-24x-85g\\\/#primaryimage\"},\"thumbnailUrl\":\"https:\\\/\\\/miumjau.ee\\\/wp-content\\\/uploads\\\/2025\\\/12\\\/prospera-plus-kassitoit-multipakk15.png\",\"datePublished\":\"2026-03-13T16:32:51+00:00\",\"breadcrumb\":{\"@id\":\"https:\\\/\\\/miumjau.ee\\\/lt\\\/produktas\\\/prospera-plus-ster-1-su-vistiena-ir-morkomis-24x-85g\\\/#breadcrumb\"},\"inLanguage\":\"lt-LT\",\"potentialAction\":[{\"@type\":\"ReadAction\",\"target\":[\"https:\\\/\\\/miumjau.ee\\\/lt\\\/produktas\\\/prospera-plus-ster-1-su-vistiena-ir-morkomis-24x-85g\\\/\"]}]},{\"@type\":\"ImageObject\",\"inLanguage\":\"lt-LT\",\"@id\":\"https:\\\/\\\/miumjau.ee\\\/lt\\\/produktas\\\/prospera-plus-ster-1-su-vistiena-ir-morkomis-24x-85g\\\/#primaryimage\",\"url\":\"https:\\\/\\\/miumjau.ee\\\/wp-content\\\/uploads\\\/2025\\\/12\\\/prospera-plus-kassitoit-multipakk15.png\",\"contentUrl\":\"https:\\\/\\\/miumjau.ee\\\/wp-content\\\/uploads\\\/2025\\\/12\\\/prospera-plus-kassitoit-multipakk15.png\",\"width\":600,\"height\":800,\"caption\":\"Prospera Plus ster. 1+, kana ja porgandiga, 24x85g\"},{\"@type\":\"BreadcrumbList\",\"@id\":\"https:\\\/\\\/miumjau.ee\\\/lt\\\/produktas\\\/prospera-plus-ster-1-su-vistiena-ir-morkomis-24x-85g\\\/#breadcrumb\",\"itemListElement\":[{\"@type\":\"ListItem\",\"position\":1,\"name\":\"Home\",\"item\":\"https:\\\/\\\/miumjau.ee\\\/lt\\\/\"},{\"@type\":\"ListItem\",\"position\":2,\"name\":\"Parduotuv\u0117\",\"item\":\"https:\\\/\\\/miumjau.ee\\\/lt\\\/parduotuve\\\/\"},{\"@type\":\"ListItem\",\"position\":3,\"name\":\"Prospera Plus ster. 1+, su vi\u0161tiena ir morkomis, 24x 85g\"}]},{\"@type\":\"WebSite\",\"@id\":\"https:\\\/\\\/miumjau.ee\\\/#website\",\"url\":\"https:\\\/\\\/miumjau.ee\\\/\",\"name\":\"MiuMjau\",\"description\":\"Kraapimispuud kassidele\",\"publisher\":{\"@id\":\"https:\\\/\\\/miumjau.ee\\\/#organization\"},\"potentialAction\":[{\"@type\":\"SearchAction\",\"target\":{\"@type\":\"EntryPoint\",\"urlTemplate\":\"https:\\\/\\\/miumjau.ee\\\/?s={search_term_string}\"},\"query-input\":{\"@type\":\"PropertyValueSpecification\",\"valueRequired\":true,\"valueName\":\"search_term_string\"}}],\"inLanguage\":\"lt-LT\"},{\"@type\":\"Organization\",\"@id\":\"https:\\\/\\\/miumjau.ee\\\/#organization\",\"name\":\"MiuMjau O\u00dc\",\"url\":\"https:\\\/\\\/miumjau.ee\\\/\",\"logo\":{\"@type\":\"ImageObject\",\"inLanguage\":\"lt-LT\",\"@id\":\"https:\\\/\\\/miumjau.ee\\\/#\\\/schema\\\/logo\\\/image\\\/\",\"url\":\"https:\\\/\\\/miumjau.ee\\\/wp-content\\\/uploads\\\/2022\\\/04\\\/MiuMjau-logo-kollane.png\",\"contentUrl\":\"https:\\\/\\\/miumjau.ee\\\/wp-content\\\/uploads\\\/2022\\\/04\\\/MiuMjau-logo-kollane.png\",\"width\":219,\"height\":100,\"caption\":\"MiuMjau O\u00dc\"},\"image\":{\"@id\":\"https:\\\/\\\/miumjau.ee\\\/#\\\/schema\\\/logo\\\/image\\\/\"},\"sameAs\":[\"https:\\\/\\\/www.facebook.com\\\/miumjaupood\\\/\"]}]}<\/script>\n<!-- \/ Yoast SEO plugin. -->","yoast_head_json":{"title":"Prospera Plus ster. 1+, su vi\u0161tiena ir morkomis, 24x 85g - MiuMjau","robots":{"index":"index","follow":"follow","max-snippet":"max-snippet:-1","max-image-preview":"max-image-preview:large","max-video-preview":"max-video-preview:-1"},"canonical":"https:\/\/miumjau.ee\/lt\/produktas\/prospera-plus-ster-1-su-vistiena-ir-morkomis-24x-85g\/","og_locale":"lt_LT","og_type":"article","og_title":"Prospera Plus ster. 1+, su vi\u0161tiena ir morkomis, 24x 85g - MiuMjau","og_description":"Visavertis ir subalansuotas konservu pa\u0161aras su vi\u0161tiena ir morkomis pada\u017ee sterilizuotoms ir nesterilizuotoms kat\u0117ms nuo 1 met\u0173. Suteikia j\u016bs\u0173 katei reikaling\u0105 sveik\u0105 mityb\u0105.Sud\u0117tyje yra taurino \u2013 nepakei\u010diamos aminor\u016bg\u0161ties, svarbios \u0161irdies ir reg\u0117jimo sveikatai.Auk\u0161tos kokyb\u0117s ir lengvai vir\u0161kinamos maisto med\u017eiagos padeda palaikyti raumen\u0173 sveikat\u0105 ir kailio b\u016bkl\u0119.Skan\u016bs m\u0117sos ir dar\u017eovi\u0173 gabal\u0117liai pada\u017ee patiks net i\u0161rankiausiems augintiniams.Padeda palaikyti sveik\u0105 \u017earnyno mikroflor\u0105.Be sojos, gr\u016bd\u0173 ir prid\u0117tinio cukraus. Sud\u0117tis: m\u0117sa ir gyv\u016bnin\u0117s kilm\u0117s produktai (88 % fil\u0117*, i\u0161 j\u0173 40,6 % vi\u0161tiena, 27 % kiaulienos kepenys, 14,4 % kiauliena, 6 % jautiena*), 1,7 % mineralai, augalin\u0117s kilm\u0117s produktai (0,5 % krakmolas, 0,8 % skaidulos, 0,4 % inulinas i\u0161 cikorij\u0173), aliejai ir riebalai, dar\u017eov\u0117s (0,45 % d\u017eiovintos morkos, atitinka 4 % \u0161vie\u017ei\u0173 mork\u0173). *Fil\u0117 paprastai sudaro 34,5 % produkto. Analitin\u0117 sud\u0117tis: \u017ealiosios baltymai 10 %, riebalai 3 %, pelenai 1,9 %, l\u0105steliena 1 %, omega-3 riebal\u0173 r\u016bg\u0161tys 0,15 %, omega-6 riebal\u0173 r\u016bg\u0161tys 0,8 %, dr\u0117gm\u0117 82 %.","og_url":"https:\/\/miumjau.ee\/lt\/produktas\/prospera-plus-ster-1-su-vistiena-ir-morkomis-24x-85g\/","og_site_name":"MiuMjau","article_publisher":"https:\/\/www.facebook.com\/miumjaupood\/","og_image":[{"width":600,"height":800,"url":"https:\/\/miumjau.ee\/wp-content\/uploads\/2025\/12\/prospera-plus-kassitoit-multipakk15.png","type":"image\/png"}],"twitter_card":"summary_large_image","schema":{"@context":"https:\/\/schema.org","@graph":[{"@type":"WebPage","@id":"https:\/\/miumjau.ee\/lt\/produktas\/prospera-plus-ster-1-su-vistiena-ir-morkomis-24x-85g\/","url":"https:\/\/miumjau.ee\/lt\/produktas\/prospera-plus-ster-1-su-vistiena-ir-morkomis-24x-85g\/","name":"Prospera Plus ster. 1+, su vi\u0161tiena ir morkomis, 24x 85g - MiuMjau","isPartOf":{"@id":"https:\/\/miumjau.ee\/#website"},"primaryImageOfPage":{"@id":"https:\/\/miumjau.ee\/lt\/produktas\/prospera-plus-ster-1-su-vistiena-ir-morkomis-24x-85g\/#primaryimage"},"image":{"@id":"https:\/\/miumjau.ee\/lt\/produktas\/prospera-plus-ster-1-su-vistiena-ir-morkomis-24x-85g\/#primaryimage"},"thumbnailUrl":"https:\/\/miumjau.ee\/wp-content\/uploads\/2025\/12\/prospera-plus-kassitoit-multipakk15.png","datePublished":"2026-03-13T16:32:51+00:00","breadcrumb":{"@id":"https:\/\/miumjau.ee\/lt\/produktas\/prospera-plus-ster-1-su-vistiena-ir-morkomis-24x-85g\/#breadcrumb"},"inLanguage":"lt-LT","potentialAction":[{"@type":"ReadAction","target":["https:\/\/miumjau.ee\/lt\/produktas\/prospera-plus-ster-1-su-vistiena-ir-morkomis-24x-85g\/"]}]},{"@type":"ImageObject","inLanguage":"lt-LT","@id":"https:\/\/miumjau.ee\/lt\/produktas\/prospera-plus-ster-1-su-vistiena-ir-morkomis-24x-85g\/#primaryimage","url":"https:\/\/miumjau.ee\/wp-content\/uploads\/2025\/12\/prospera-plus-kassitoit-multipakk15.png","contentUrl":"https:\/\/miumjau.ee\/wp-content\/uploads\/2025\/12\/prospera-plus-kassitoit-multipakk15.png","width":600,"height":800,"caption":"Prospera Plus ster. 1+, kana ja porgandiga, 24x85g"},{"@type":"BreadcrumbList","@id":"https:\/\/miumjau.ee\/lt\/produktas\/prospera-plus-ster-1-su-vistiena-ir-morkomis-24x-85g\/#breadcrumb","itemListElement":[{"@type":"ListItem","position":1,"name":"Home","item":"https:\/\/miumjau.ee\/lt\/"},{"@type":"ListItem","position":2,"name":"Parduotuv\u0117","item":"https:\/\/miumjau.ee\/lt\/parduotuve\/"},{"@type":"ListItem","position":3,"name":"Prospera Plus ster. 1+, su vi\u0161tiena ir morkomis, 24x 85g"}]},{"@type":"WebSite","@id":"https:\/\/miumjau.ee\/#website","url":"https:\/\/miumjau.ee\/","name":"MiuMjau","description":"Kraapimispuud kassidele","publisher":{"@id":"https:\/\/miumjau.ee\/#organization"},"potentialAction":[{"@type":"SearchAction","target":{"@type":"EntryPoint","urlTemplate":"https:\/\/miumjau.ee\/?s={search_term_string}"},"query-input":{"@type":"PropertyValueSpecification","valueRequired":true,"valueName":"search_term_string"}}],"inLanguage":"lt-LT"},{"@type":"Organization","@id":"https:\/\/miumjau.ee\/#organization","name":"MiuMjau O\u00dc","url":"https:\/\/miumjau.ee\/","logo":{"@type":"ImageObject","inLanguage":"lt-LT","@id":"https:\/\/miumjau.ee\/#\/schema\/logo\/image\/","url":"https:\/\/miumjau.ee\/wp-content\/uploads\/2022\/04\/MiuMjau-logo-kollane.png","contentUrl":"https:\/\/miumjau.ee\/wp-content\/uploads\/2022\/04\/MiuMjau-logo-kollane.png","width":219,"height":100,"caption":"MiuMjau O\u00dc"},"image":{"@id":"https:\/\/miumjau.ee\/#\/schema\/logo\/image\/"},"sameAs":["https:\/\/www.facebook.com\/miumjaupood\/"]}]}},"_links":{"self":[{"href":"https:\/\/miumjau.ee\/lt\/wp-json\/wp\/v2\/product\/54781","targetHints":{"allow":["GET"]}}],"collection":[{"href":"https:\/\/miumjau.ee\/lt\/wp-json\/wp\/v2\/product"}],"about":[{"href":"https:\/\/miumjau.ee\/lt\/wp-json\/wp\/v2\/types\/product"}],"wp:featuredmedia":[{"embeddable":true,"href":"https:\/\/miumjau.ee\/lt\/wp-json\/wp\/v2\/media\/46249"}],"wp:attachment":[{"href":"https:\/\/miumjau.ee\/lt\/wp-json\/wp\/v2\/media?parent=54781"}],"wp:term":[{"taxonomy":"product_brand","embeddable":true,"href":"https:\/\/miumjau.ee\/lt\/wp-json\/wp\/v2\/product_brand?post=54781"},{"taxonomy":"product_cat","embeddable":true,"href":"https:\/\/miumjau.ee\/lt\/wp-json\/wp\/v2\/product_cat?post=54781"},{"taxonomy":"product_tag","embeddable":true,"href":"https:\/\/miumjau.ee\/lt\/wp-json\/wp\/v2\/product_tag?post=54781"}],"curies":[{"name":"wp","href":"https:\/\/api.w.org\/{rel}","templated":true}]}}