{"id":53887,"date":"2026-02-15T12:10:52","date_gmt":"2026-02-15T10:10:52","guid":{"rendered":"https:\/\/miumjau.ee\/?post_type=product&#038;p=53887"},"modified":"2026-02-15T23:25:35","modified_gmt":"2026-02-15T21:25:35","slug":"ibero-natural-be-grudu-suaugusiems-m-l-su-eriena-12-kg-kopeeri","status":"publish","type":"product","link":"https:\/\/miumjau.ee\/lt\/produktas\/ibero-natural-be-grudu-suaugusiems-m-l-su-eriena-12-kg-kopeeri\/","title":{"rendered":"Ibero Natural be gr\u016bd\u0173, suaugusiems M\/L su \u0117riena 2kg"},"content":{"rendered":"","protected":false},"excerpt":{"rendered":"<p>Pilnavertis pa\u0161aras suaugusiems \u0161unims, vis\u0173 veisli\u0173 ir dyd\u017ei\u0173, be gr\u016bd\u0173. Puikiai tinka \u0161unims, turintiems jautri\u0105 vir\u0161kinimo sistem\u0105 arba alergij\u0105 gr\u016bdams.<br \/>\nPagrindin\u0117 sudedamoji dalis \u2013 d\u017eiovinta \u0117riena, suteikianti auk\u0161tos kokyb\u0117s baltym\u0173, palaikan\u010di\u0173 raumen\u0173 mas\u0119 ir gyvybingum\u0105. Sald\u017ei\u0173j\u0173 bulvi\u0173 ir d\u017eiovint\u0173 bulvi\u0173 derinys yra lengvai vir\u0161kinamas energijos \u0161altinis, tinkamas jautresnio vir\u0161kinimo \u0161unims. Avienos kepenys ir jautienos riebalai pagerina pa\u0161aro skon\u012f ir praturtina j\u012f svarbiomis maistin\u0117mis med\u017eiagomis.<br \/>\nMoli\u016bgas, morkos ir lin\u0173 s\u0117menys palaiko vir\u0161kinimo sistemos sveikat\u0105 ir gerina kailio kokyb\u0119. Lin\u0173 s\u0117menyse esantys omega-3 riebal\u0173 r\u016bg\u0161\u010di\u0173 \u0161altiniai palaiko sveik\u0105 od\u0105 ir nat\u016bral\u0173 kailio blizges\u012f. Funkciniai ingredientai, tokie kaip cikorijos ekstraktas, beta gliukanai, gliukozaminas ir chondroitino sulfatas, padeda palaikyti s\u0105nari\u0173 sveikat\u0105 ir stiprina imunin\u0119 sistem\u0105.<br \/>\nSubalansuotas vitamin\u0173 ir mineral\u0173 kompleksas \u2013 A, D3, E, B grup\u0117s vitaminai, cinkas, gele\u017eis ir selenas \u2013 palaiko ilgalaik\u012f \u0161uns gyvybingum\u0105 ir sveikat\u0105.<\/p>\n<p><strong>Sudedamosios dalys:<\/strong> D\u017eiovinta \u0117riena 31 %, sald\u017eiosios bulv\u0117s, d\u017eiovintos bulv\u0117s, jautienos riebalai 14 %, avienos kepenys 5 %, d\u017eiovintas moli\u016bgas 2 %, d\u017eiovintos avienos kepenys 2 %, d\u017eiovintos morkos 1,2 %, \u010dija s\u0117klos 0,1 %, lin\u0173 s\u0117menys, cikorij\u0173 ekstraktas, juka, beta gliukanai, gliukozaminas, chondroitino sulfatas, vitamin\u0173 ir mineral\u0173 mi\u0161inys.<br \/>\n<strong>Analitin\u0117 sud\u0117tis:<\/strong> \u017dali baltymai 25 %, \u017dali riebalai 14 %, \u017dalia l\u0105steliena 3,2 %, \u017dali pelenai 6,9 %, Kalcis 1,1 %, Fosforas 0,85 %, Natris 0,15 %, Maksimali dr\u0117gm\u0117 10 %.<br \/>\n<strong>Priedai (1 kg):<\/strong> Vitaminas A 16 300 TV, vitaminas D3 1 620 TV, vitaminas E 160 mg, vitaminas B1 4,8 mg, vitaminas B2 8 mg, vitaminas B6 6,4 mg, vitaminas B12 0,07 mg, niacinas 40 mg, pantoteno r\u016bg\u0161tis 16 mg, folio r\u016bg\u0161tis 0,64 mg, biotinas 0,4 mg, vitaminas C 160 mg, jodas 4 mg, selenas 0,35 mg, gele\u017eis 96 mg, varis 12 mg, cinkas 120 mg, manganas 12 mg, cholino chloridas 1 728 mg, gliukozaminas 400 mg\/kg, chondroitino sulfatas 350 mg\/kg.<br \/>\n<strong>Energijos kiekis:<\/strong> 3 790 kcal\/kg<br \/>\n<strong>\u0160\u0117rimo rekomendacijos:<\/strong> (24 val. \/ \u0161uns svoris \/ sauso pa\u0161aro kiekis): 3 kg \u2013 60 g, 5 kg \u2013 80 g, 7 kg \u2013 110 g, 10 kg \u2013 140 g, 15 kg \u2013 180 g, 20 kg \u2013 230 g, 25 kg \u2013 270 g, 30 kg \u2013 320 g, 35 kg \u2013 360 g, 40 kg \u2013 390 g, 45 kg \u2013 440 g, 50 kg \u2013 480 g, 60 kg \u2013 570 g.<br \/>\n<strong>Naudojimo instrukcija:<\/strong> duoti saus\u0105. Po adaptacijos laikotarpio \u0161erti pagal \u0161uns svor\u012f, kaip nurodyta lentel\u0117je. Nurodytas kiekis yra apytikslis \u2013 jei \u0161uo turi antsvorio, suma\u017einti kiek\u012f 10 %, jei yra per liesas \u2013 padidinti 10 %. U\u017etikrinti nuolatin\u0119 prieig\u0105 prie \u0161vie\u017eio geriamojo vandens. Laikyti v\u0117sioje ir tamsioje vietoje.<\/p>\n","protected":false},"featured_media":53894,"template":"","meta":[],"product_brand":[],"product_cat":[538,524],"product_tag":[],"class_list":{"0":"post-53887","1":"product","2":"type-product","3":"status-publish","4":"has-post-thumbnail","6":"product_cat-sausas-maistas-sunims","7":"product_cat-kaup24-lt","9":"first","10":"instock","11":"sale","12":"taxable","13":"shipping-taxable","14":"purchasable","15":"product-type-simple"},"yoast_head":"<!-- This site is optimized with the Yoast SEO plugin v27.2 - https:\/\/yoast.com\/product\/yoast-seo-wordpress\/ -->\n<title>Ibero Natural be gr\u016bd\u0173, suaugusiems M\/L su \u0117riena 2kg - MiuMjau<\/title>\n<meta name=\"robots\" content=\"index, follow, max-snippet:-1, max-image-preview:large, max-video-preview:-1\" \/>\n<link rel=\"canonical\" href=\"https:\/\/miumjau.ee\/lt\/produktas\/ibero-natural-be-grudu-suaugusiems-m-l-su-eriena-12-kg-kopeeri\/\" \/>\n<meta property=\"og:locale\" content=\"lt_LT\" \/>\n<meta property=\"og:type\" content=\"article\" \/>\n<meta property=\"og:title\" content=\"Ibero Natural be gr\u016bd\u0173, suaugusiems M\/L su \u0117riena 2kg - MiuMjau\" \/>\n<meta property=\"og:description\" content=\"Pilnavertis pa\u0161aras suaugusiems \u0161unims, vis\u0173 veisli\u0173 ir dyd\u017ei\u0173, be gr\u016bd\u0173. Puikiai tinka \u0161unims, turintiems jautri\u0105 vir\u0161kinimo sistem\u0105 arba alergij\u0105 gr\u016bdams. Pagrindin\u0117 sudedamoji dalis \u2013 d\u017eiovinta \u0117riena, suteikianti auk\u0161tos kokyb\u0117s baltym\u0173, palaikan\u010di\u0173 raumen\u0173 mas\u0119 ir gyvybingum\u0105. Sald\u017ei\u0173j\u0173 bulvi\u0173 ir d\u017eiovint\u0173 bulvi\u0173 derinys yra lengvai vir\u0161kinamas energijos \u0161altinis, tinkamas jautresnio vir\u0161kinimo \u0161unims. Avienos kepenys ir jautienos riebalai pagerina pa\u0161aro skon\u012f ir praturtina j\u012f svarbiomis maistin\u0117mis med\u017eiagomis. Moli\u016bgas, morkos ir lin\u0173 s\u0117menys palaiko vir\u0161kinimo sistemos sveikat\u0105 ir gerina kailio kokyb\u0119. Lin\u0173 s\u0117menyse esantys omega-3 riebal\u0173 r\u016bg\u0161\u010di\u0173 \u0161altiniai palaiko sveik\u0105 od\u0105 ir nat\u016bral\u0173 kailio blizges\u012f. Funkciniai ingredientai, tokie kaip cikorijos ekstraktas, beta gliukanai, gliukozaminas ir chondroitino sulfatas, padeda palaikyti s\u0105nari\u0173 sveikat\u0105 ir stiprina imunin\u0119 sistem\u0105. Subalansuotas vitamin\u0173 ir mineral\u0173 kompleksas \u2013 A, D3, E, B grup\u0117s vitaminai, cinkas, gele\u017eis ir selenas \u2013 palaiko ilgalaik\u012f \u0161uns gyvybingum\u0105 ir sveikat\u0105.  Sudedamosios dalys: D\u017eiovinta \u0117riena 31 %, sald\u017eiosios bulv\u0117s, d\u017eiovintos bulv\u0117s, jautienos riebalai 14 %, avienos kepenys 5 %, d\u017eiovintas moli\u016bgas 2 %, d\u017eiovintos avienos kepenys 2 %, d\u017eiovintos morkos 1,2 %, \u010dija s\u0117klos 0,1 %, lin\u0173 s\u0117menys, cikorij\u0173 ekstraktas, juka, beta gliukanai, gliukozaminas, chondroitino sulfatas, vitamin\u0173 ir mineral\u0173 mi\u0161inys. Analitin\u0117 sud\u0117tis: \u017dali baltymai 25 %, \u017dali riebalai 14 %, \u017dalia l\u0105steliena 3,2 %, \u017dali pelenai 6,9 %, Kalcis 1,1 %, Fosforas 0,85 %, Natris 0,15 %, Maksimali dr\u0117gm\u0117 10 %. Priedai (1 kg): Vitaminas A 16 300 TV, vitaminas D3 1 620 TV, vitaminas E 160 mg, vitaminas B1 4,8 mg, vitaminas B2 8 mg, vitaminas B6 6,4 mg, vitaminas B12 0,07 mg, niacinas 40 mg, pantoteno r\u016bg\u0161tis 16 mg, folio r\u016bg\u0161tis 0,64 mg, biotinas 0,4 mg, vitaminas C 160 mg, jodas 4 mg, selenas 0,35 mg, gele\u017eis 96 mg, varis 12 mg, cinkas 120 mg, manganas 12 mg, cholino chloridas 1 728 mg, gliukozaminas 400 mg\/kg, chondroitino sulfatas 350 mg\/kg. Energijos kiekis: 3 790 kcal\/kg \u0160\u0117rimo rekomendacijos: (24 val. \/ \u0161uns svoris \/ sauso pa\u0161aro kiekis): 3 kg \u2013 60 g, 5 kg \u2013 80 g, 7 kg \u2013 110 g, 10 kg \u2013 140 g, 15 kg \u2013 180 g, 20 kg \u2013 230 g, 25 kg \u2013 270 g, 30 kg \u2013 320 g, 35 kg \u2013 360 g, 40 kg \u2013 390 g, 45 kg \u2013 440 g, 50 kg \u2013 480 g, 60 kg \u2013 570 g. Naudojimo instrukcija: duoti saus\u0105. Po adaptacijos laikotarpio \u0161erti pagal \u0161uns svor\u012f, kaip nurodyta lentel\u0117je. Nurodytas kiekis yra apytikslis \u2013 jei \u0161uo turi antsvorio, suma\u017einti kiek\u012f 10 %, jei yra per liesas \u2013 padidinti 10 %. U\u017etikrinti nuolatin\u0119 prieig\u0105 prie \u0161vie\u017eio geriamojo vandens. Laikyti v\u0117sioje ir tamsioje vietoje.\" \/>\n<meta property=\"og:url\" content=\"https:\/\/miumjau.ee\/lt\/produktas\/ibero-natural-be-grudu-suaugusiems-m-l-su-eriena-12-kg-kopeeri\/\" \/>\n<meta property=\"og:site_name\" content=\"MiuMjau\" \/>\n<meta property=\"article:publisher\" content=\"https:\/\/www.facebook.com\/miumjaupood\/\" \/>\n<meta property=\"article:modified_time\" content=\"2026-02-15T21:25:35+00:00\" \/>\n<meta property=\"og:image\" content=\"https:\/\/miumjau.ee\/wp-content\/uploads\/2026\/02\/ibero-grainfree-ml-adult-lamb-2kg.jpg\" \/>\n\t<meta property=\"og:image:width\" content=\"600\" \/>\n\t<meta property=\"og:image:height\" content=\"800\" \/>\n\t<meta property=\"og:image:type\" content=\"image\/jpeg\" \/>\n<meta name=\"twitter:card\" content=\"summary_large_image\" \/>\n<script type=\"application\/ld+json\" class=\"yoast-schema-graph\">{\"@context\":\"https:\/\/schema.org\",\"@graph\":[{\"@type\":\"WebPage\",\"@id\":\"https:\/\/miumjau.ee\/lt\/produktas\/ibero-natural-be-grudu-suaugusiems-m-l-su-eriena-12-kg-kopeeri\/\",\"url\":\"https:\/\/miumjau.ee\/lt\/produktas\/ibero-natural-be-grudu-suaugusiems-m-l-su-eriena-12-kg-kopeeri\/\",\"name\":\"Ibero Natural be gr\u016bd\u0173, suaugusiems M\/L su \u0117riena 2kg - MiuMjau\",\"isPartOf\":{\"@id\":\"https:\/\/miumjau.ee\/#website\"},\"primaryImageOfPage\":{\"@id\":\"https:\/\/miumjau.ee\/lt\/produktas\/ibero-natural-be-grudu-suaugusiems-m-l-su-eriena-12-kg-kopeeri\/#primaryimage\"},\"image\":{\"@id\":\"https:\/\/miumjau.ee\/lt\/produktas\/ibero-natural-be-grudu-suaugusiems-m-l-su-eriena-12-kg-kopeeri\/#primaryimage\"},\"thumbnailUrl\":\"https:\/\/miumjau.ee\/wp-content\/uploads\/2026\/02\/ibero-grainfree-ml-adult-lamb-2kg.jpg\",\"datePublished\":\"2026-02-15T10:10:52+00:00\",\"dateModified\":\"2026-02-15T21:25:35+00:00\",\"breadcrumb\":{\"@id\":\"https:\/\/miumjau.ee\/lt\/produktas\/ibero-natural-be-grudu-suaugusiems-m-l-su-eriena-12-kg-kopeeri\/#breadcrumb\"},\"inLanguage\":\"lt-LT\",\"potentialAction\":[{\"@type\":\"ReadAction\",\"target\":[\"https:\/\/miumjau.ee\/lt\/produktas\/ibero-natural-be-grudu-suaugusiems-m-l-su-eriena-12-kg-kopeeri\/\"]}]},{\"@type\":\"ImageObject\",\"inLanguage\":\"lt-LT\",\"@id\":\"https:\/\/miumjau.ee\/lt\/produktas\/ibero-natural-be-grudu-suaugusiems-m-l-su-eriena-12-kg-kopeeri\/#primaryimage\",\"url\":\"https:\/\/miumjau.ee\/wp-content\/uploads\/2026\/02\/ibero-grainfree-ml-adult-lamb-2kg.jpg\",\"contentUrl\":\"https:\/\/miumjau.ee\/wp-content\/uploads\/2026\/02\/ibero-grainfree-ml-adult-lamb-2kg.jpg\",\"width\":600,\"height\":800,\"caption\":\"Ibero Natural teraviljavaba, Adult M\/L lambaga 2kg\"},{\"@type\":\"BreadcrumbList\",\"@id\":\"https:\/\/miumjau.ee\/lt\/produktas\/ibero-natural-be-grudu-suaugusiems-m-l-su-eriena-12-kg-kopeeri\/#breadcrumb\",\"itemListElement\":[{\"@type\":\"ListItem\",\"position\":1,\"name\":\"Home\",\"item\":\"https:\/\/miumjau.ee\/lt\/\"},{\"@type\":\"ListItem\",\"position\":2,\"name\":\"Parduotuv\u0117\",\"item\":\"https:\/\/miumjau.ee\/lt\/parduotuve\/\"},{\"@type\":\"ListItem\",\"position\":3,\"name\":\"Ibero Natural be gr\u016bd\u0173, suaugusiems M\/L su \u0117riena 2kg\"}]},{\"@type\":\"WebSite\",\"@id\":\"https:\/\/miumjau.ee\/#website\",\"url\":\"https:\/\/miumjau.ee\/\",\"name\":\"MiuMjau\",\"description\":\"Kraapimispuud kassidele\",\"publisher\":{\"@id\":\"https:\/\/miumjau.ee\/#organization\"},\"potentialAction\":[{\"@type\":\"SearchAction\",\"target\":{\"@type\":\"EntryPoint\",\"urlTemplate\":\"https:\/\/miumjau.ee\/?s={search_term_string}\"},\"query-input\":{\"@type\":\"PropertyValueSpecification\",\"valueRequired\":true,\"valueName\":\"search_term_string\"}}],\"inLanguage\":\"lt-LT\"},{\"@type\":\"Organization\",\"@id\":\"https:\/\/miumjau.ee\/#organization\",\"name\":\"MiuMjau O\u00dc\",\"url\":\"https:\/\/miumjau.ee\/\",\"logo\":{\"@type\":\"ImageObject\",\"inLanguage\":\"lt-LT\",\"@id\":\"https:\/\/miumjau.ee\/#\/schema\/logo\/image\/\",\"url\":\"https:\/\/miumjau.ee\/wp-content\/uploads\/2022\/04\/MiuMjau-logo-kollane.png\",\"contentUrl\":\"https:\/\/miumjau.ee\/wp-content\/uploads\/2022\/04\/MiuMjau-logo-kollane.png\",\"width\":219,\"height\":100,\"caption\":\"MiuMjau O\u00dc\"},\"image\":{\"@id\":\"https:\/\/miumjau.ee\/#\/schema\/logo\/image\/\"},\"sameAs\":[\"https:\/\/www.facebook.com\/miumjaupood\/\"]}]}<\/script>\n<!-- \/ Yoast SEO plugin. -->","yoast_head_json":{"title":"Ibero Natural be gr\u016bd\u0173, suaugusiems M\/L su \u0117riena 2kg - MiuMjau","robots":{"index":"index","follow":"follow","max-snippet":"max-snippet:-1","max-image-preview":"max-image-preview:large","max-video-preview":"max-video-preview:-1"},"canonical":"https:\/\/miumjau.ee\/lt\/produktas\/ibero-natural-be-grudu-suaugusiems-m-l-su-eriena-12-kg-kopeeri\/","og_locale":"lt_LT","og_type":"article","og_title":"Ibero Natural be gr\u016bd\u0173, suaugusiems M\/L su \u0117riena 2kg - MiuMjau","og_description":"Pilnavertis pa\u0161aras suaugusiems \u0161unims, vis\u0173 veisli\u0173 ir dyd\u017ei\u0173, be gr\u016bd\u0173. Puikiai tinka \u0161unims, turintiems jautri\u0105 vir\u0161kinimo sistem\u0105 arba alergij\u0105 gr\u016bdams. Pagrindin\u0117 sudedamoji dalis \u2013 d\u017eiovinta \u0117riena, suteikianti auk\u0161tos kokyb\u0117s baltym\u0173, palaikan\u010di\u0173 raumen\u0173 mas\u0119 ir gyvybingum\u0105. Sald\u017ei\u0173j\u0173 bulvi\u0173 ir d\u017eiovint\u0173 bulvi\u0173 derinys yra lengvai vir\u0161kinamas energijos \u0161altinis, tinkamas jautresnio vir\u0161kinimo \u0161unims. Avienos kepenys ir jautienos riebalai pagerina pa\u0161aro skon\u012f ir praturtina j\u012f svarbiomis maistin\u0117mis med\u017eiagomis. Moli\u016bgas, morkos ir lin\u0173 s\u0117menys palaiko vir\u0161kinimo sistemos sveikat\u0105 ir gerina kailio kokyb\u0119. Lin\u0173 s\u0117menyse esantys omega-3 riebal\u0173 r\u016bg\u0161\u010di\u0173 \u0161altiniai palaiko sveik\u0105 od\u0105 ir nat\u016bral\u0173 kailio blizges\u012f. Funkciniai ingredientai, tokie kaip cikorijos ekstraktas, beta gliukanai, gliukozaminas ir chondroitino sulfatas, padeda palaikyti s\u0105nari\u0173 sveikat\u0105 ir stiprina imunin\u0119 sistem\u0105. Subalansuotas vitamin\u0173 ir mineral\u0173 kompleksas \u2013 A, D3, E, B grup\u0117s vitaminai, cinkas, gele\u017eis ir selenas \u2013 palaiko ilgalaik\u012f \u0161uns gyvybingum\u0105 ir sveikat\u0105.  Sudedamosios dalys: D\u017eiovinta \u0117riena 31 %, sald\u017eiosios bulv\u0117s, d\u017eiovintos bulv\u0117s, jautienos riebalai 14 %, avienos kepenys 5 %, d\u017eiovintas moli\u016bgas 2 %, d\u017eiovintos avienos kepenys 2 %, d\u017eiovintos morkos 1,2 %, \u010dija s\u0117klos 0,1 %, lin\u0173 s\u0117menys, cikorij\u0173 ekstraktas, juka, beta gliukanai, gliukozaminas, chondroitino sulfatas, vitamin\u0173 ir mineral\u0173 mi\u0161inys. Analitin\u0117 sud\u0117tis: \u017dali baltymai 25 %, \u017dali riebalai 14 %, \u017dalia l\u0105steliena 3,2 %, \u017dali pelenai 6,9 %, Kalcis 1,1 %, Fosforas 0,85 %, Natris 0,15 %, Maksimali dr\u0117gm\u0117 10 %. Priedai (1 kg): Vitaminas A 16 300 TV, vitaminas D3 1 620 TV, vitaminas E 160 mg, vitaminas B1 4,8 mg, vitaminas B2 8 mg, vitaminas B6 6,4 mg, vitaminas B12 0,07 mg, niacinas 40 mg, pantoteno r\u016bg\u0161tis 16 mg, folio r\u016bg\u0161tis 0,64 mg, biotinas 0,4 mg, vitaminas C 160 mg, jodas 4 mg, selenas 0,35 mg, gele\u017eis 96 mg, varis 12 mg, cinkas 120 mg, manganas 12 mg, cholino chloridas 1 728 mg, gliukozaminas 400 mg\/kg, chondroitino sulfatas 350 mg\/kg. Energijos kiekis: 3 790 kcal\/kg \u0160\u0117rimo rekomendacijos: (24 val. \/ \u0161uns svoris \/ sauso pa\u0161aro kiekis): 3 kg \u2013 60 g, 5 kg \u2013 80 g, 7 kg \u2013 110 g, 10 kg \u2013 140 g, 15 kg \u2013 180 g, 20 kg \u2013 230 g, 25 kg \u2013 270 g, 30 kg \u2013 320 g, 35 kg \u2013 360 g, 40 kg \u2013 390 g, 45 kg \u2013 440 g, 50 kg \u2013 480 g, 60 kg \u2013 570 g. Naudojimo instrukcija: duoti saus\u0105. Po adaptacijos laikotarpio \u0161erti pagal \u0161uns svor\u012f, kaip nurodyta lentel\u0117je. Nurodytas kiekis yra apytikslis \u2013 jei \u0161uo turi antsvorio, suma\u017einti kiek\u012f 10 %, jei yra per liesas \u2013 padidinti 10 %. U\u017etikrinti nuolatin\u0119 prieig\u0105 prie \u0161vie\u017eio geriamojo vandens. Laikyti v\u0117sioje ir tamsioje vietoje.","og_url":"https:\/\/miumjau.ee\/lt\/produktas\/ibero-natural-be-grudu-suaugusiems-m-l-su-eriena-12-kg-kopeeri\/","og_site_name":"MiuMjau","article_publisher":"https:\/\/www.facebook.com\/miumjaupood\/","article_modified_time":"2026-02-15T21:25:35+00:00","og_image":[{"width":600,"height":800,"url":"https:\/\/miumjau.ee\/wp-content\/uploads\/2026\/02\/ibero-grainfree-ml-adult-lamb-2kg.jpg","type":"image\/jpeg"}],"twitter_card":"summary_large_image","schema":{"@context":"https:\/\/schema.org","@graph":[{"@type":"WebPage","@id":"https:\/\/miumjau.ee\/lt\/produktas\/ibero-natural-be-grudu-suaugusiems-m-l-su-eriena-12-kg-kopeeri\/","url":"https:\/\/miumjau.ee\/lt\/produktas\/ibero-natural-be-grudu-suaugusiems-m-l-su-eriena-12-kg-kopeeri\/","name":"Ibero Natural be gr\u016bd\u0173, suaugusiems M\/L su \u0117riena 2kg - MiuMjau","isPartOf":{"@id":"https:\/\/miumjau.ee\/#website"},"primaryImageOfPage":{"@id":"https:\/\/miumjau.ee\/lt\/produktas\/ibero-natural-be-grudu-suaugusiems-m-l-su-eriena-12-kg-kopeeri\/#primaryimage"},"image":{"@id":"https:\/\/miumjau.ee\/lt\/produktas\/ibero-natural-be-grudu-suaugusiems-m-l-su-eriena-12-kg-kopeeri\/#primaryimage"},"thumbnailUrl":"https:\/\/miumjau.ee\/wp-content\/uploads\/2026\/02\/ibero-grainfree-ml-adult-lamb-2kg.jpg","datePublished":"2026-02-15T10:10:52+00:00","dateModified":"2026-02-15T21:25:35+00:00","breadcrumb":{"@id":"https:\/\/miumjau.ee\/lt\/produktas\/ibero-natural-be-grudu-suaugusiems-m-l-su-eriena-12-kg-kopeeri\/#breadcrumb"},"inLanguage":"lt-LT","potentialAction":[{"@type":"ReadAction","target":["https:\/\/miumjau.ee\/lt\/produktas\/ibero-natural-be-grudu-suaugusiems-m-l-su-eriena-12-kg-kopeeri\/"]}]},{"@type":"ImageObject","inLanguage":"lt-LT","@id":"https:\/\/miumjau.ee\/lt\/produktas\/ibero-natural-be-grudu-suaugusiems-m-l-su-eriena-12-kg-kopeeri\/#primaryimage","url":"https:\/\/miumjau.ee\/wp-content\/uploads\/2026\/02\/ibero-grainfree-ml-adult-lamb-2kg.jpg","contentUrl":"https:\/\/miumjau.ee\/wp-content\/uploads\/2026\/02\/ibero-grainfree-ml-adult-lamb-2kg.jpg","width":600,"height":800,"caption":"Ibero Natural teraviljavaba, Adult M\/L lambaga 2kg"},{"@type":"BreadcrumbList","@id":"https:\/\/miumjau.ee\/lt\/produktas\/ibero-natural-be-grudu-suaugusiems-m-l-su-eriena-12-kg-kopeeri\/#breadcrumb","itemListElement":[{"@type":"ListItem","position":1,"name":"Home","item":"https:\/\/miumjau.ee\/lt\/"},{"@type":"ListItem","position":2,"name":"Parduotuv\u0117","item":"https:\/\/miumjau.ee\/lt\/parduotuve\/"},{"@type":"ListItem","position":3,"name":"Ibero Natural be gr\u016bd\u0173, suaugusiems M\/L su \u0117riena 2kg"}]},{"@type":"WebSite","@id":"https:\/\/miumjau.ee\/#website","url":"https:\/\/miumjau.ee\/","name":"MiuMjau","description":"Kraapimispuud kassidele","publisher":{"@id":"https:\/\/miumjau.ee\/#organization"},"potentialAction":[{"@type":"SearchAction","target":{"@type":"EntryPoint","urlTemplate":"https:\/\/miumjau.ee\/?s={search_term_string}"},"query-input":{"@type":"PropertyValueSpecification","valueRequired":true,"valueName":"search_term_string"}}],"inLanguage":"lt-LT"},{"@type":"Organization","@id":"https:\/\/miumjau.ee\/#organization","name":"MiuMjau O\u00dc","url":"https:\/\/miumjau.ee\/","logo":{"@type":"ImageObject","inLanguage":"lt-LT","@id":"https:\/\/miumjau.ee\/#\/schema\/logo\/image\/","url":"https:\/\/miumjau.ee\/wp-content\/uploads\/2022\/04\/MiuMjau-logo-kollane.png","contentUrl":"https:\/\/miumjau.ee\/wp-content\/uploads\/2022\/04\/MiuMjau-logo-kollane.png","width":219,"height":100,"caption":"MiuMjau O\u00dc"},"image":{"@id":"https:\/\/miumjau.ee\/#\/schema\/logo\/image\/"},"sameAs":["https:\/\/www.facebook.com\/miumjaupood\/"]}]}},"_links":{"self":[{"href":"https:\/\/miumjau.ee\/lt\/wp-json\/wp\/v2\/product\/53887","targetHints":{"allow":["GET"]}}],"collection":[{"href":"https:\/\/miumjau.ee\/lt\/wp-json\/wp\/v2\/product"}],"about":[{"href":"https:\/\/miumjau.ee\/lt\/wp-json\/wp\/v2\/types\/product"}],"wp:featuredmedia":[{"embeddable":true,"href":"https:\/\/miumjau.ee\/lt\/wp-json\/wp\/v2\/media\/53894"}],"wp:attachment":[{"href":"https:\/\/miumjau.ee\/lt\/wp-json\/wp\/v2\/media?parent=53887"}],"wp:term":[{"taxonomy":"product_brand","embeddable":true,"href":"https:\/\/miumjau.ee\/lt\/wp-json\/wp\/v2\/product_brand?post=53887"},{"taxonomy":"product_cat","embeddable":true,"href":"https:\/\/miumjau.ee\/lt\/wp-json\/wp\/v2\/product_cat?post=53887"},{"taxonomy":"product_tag","embeddable":true,"href":"https:\/\/miumjau.ee\/lt\/wp-json\/wp\/v2\/product_tag?post=53887"}],"curies":[{"name":"wp","href":"https:\/\/api.w.org\/{rel}","templated":true}]}}