{"id":53634,"date":"2026-01-27T09:15:14","date_gmt":"2026-01-27T07:15:14","guid":{"rendered":"https:\/\/miumjau.ee\/toode\/kong-lazeris-katems\/"},"modified":"2026-01-27T09:15:14","modified_gmt":"2026-01-27T07:15:14","slug":"kong-lazeris-katems","status":"publish","type":"product","link":"https:\/\/miumjau.ee\/lt\/produktas\/kong-lazeris-katems\/","title":{"rendered":"Kong lazeris kat\u0117ms"},"content":{"rendered":"","protected":false},"excerpt":{"rendered":"<p data-start=\"3040\" data-end=\"3111\">\u017daidimas su lazeriu stimuliuoja nat\u016bralius kat\u0117s med\u017eiokl\u0117s instinktus.<\/p>\n<p data-start=\"3113\" data-end=\"3153\">Paprastas, lengvas ir patvarus dizainas.<\/p>\n<p data-start=\"3155\" data-end=\"3201\">Skatina aktyv\u0173 gyvenimo b\u016bd\u0105 ir bendr\u0105 gerov\u0119.<\/p>\n<p data-start=\"3203\" data-end=\"3491\">KONG Laser Pointer yra modernus \u017eaislas, sukurtas specialiai kat\u0117s med\u017eiokl\u0117s instinktui skatinti smagiu ir saugiu b\u016bdu. Galingas lazerio spindulys skatina kat\u0119 b\u0117gioti, \u0161okin\u0117ti ir gaudyti judan\u010di\u0105 \u0161vies\u0105. Tai palaiko augintinio fizin\u012f aktyvum\u0105 ir suteikia reikiam\u0105 protin\u0119 stimuliacij\u0105.<\/p>\n<p data-start=\"3493\" data-end=\"3695\" data-is-last-node=\"\" data-is-only-node=\"\">Lazerio rodykl\u0119 labai lengva naudoti, o ergonomi\u0161kas dizainas leid\u017eia j\u0105 patogiai laikyti rankoje. D\u0117l patvari\u0173 med\u017eiag\u0173 KONG Laser Pointer tarnauja ilgai ir atlaiko net intensyviausias \u017eaidim\u0173 sesijas.<\/p>\n","protected":false},"featured_media":53003,"template":"","meta":[],"product_brand":[],"product_cat":[520],"product_tag":[],"class_list":{"0":"post-53634","1":"product","2":"type-product","3":"status-publish","4":"has-post-thumbnail","6":"product_cat-kaciu-zaislai","8":"first","9":"instock","10":"sale","11":"taxable","12":"shipping-taxable","13":"purchasable","14":"product-type-simple"},"yoast_head":"<!-- This site is optimized with the Yoast SEO plugin v27.2 - https:\/\/yoast.com\/product\/yoast-seo-wordpress\/ -->\n<title>Kong lazeris kat\u0117ms - MiuMjau<\/title>\n<meta name=\"robots\" content=\"index, follow, max-snippet:-1, max-image-preview:large, max-video-preview:-1\" \/>\n<link rel=\"canonical\" href=\"https:\/\/miumjau.ee\/lt\/produktas\/kong-lazeris-katems\/\" \/>\n<meta property=\"og:locale\" content=\"lt_LT\" \/>\n<meta property=\"og:type\" content=\"article\" \/>\n<meta property=\"og:title\" content=\"Kong lazeris kat\u0117ms - MiuMjau\" \/>\n<meta property=\"og:description\" content=\"\u017daidimas su lazeriu stimuliuoja nat\u016bralius kat\u0117s med\u017eiokl\u0117s instinktus. Paprastas, lengvas ir patvarus dizainas. Skatina aktyv\u0173 gyvenimo b\u016bd\u0105 ir bendr\u0105 gerov\u0119. KONG Laser Pointer yra modernus \u017eaislas, sukurtas specialiai kat\u0117s med\u017eiokl\u0117s instinktui skatinti smagiu ir saugiu b\u016bdu. Galingas lazerio spindulys skatina kat\u0119 b\u0117gioti, \u0161okin\u0117ti ir gaudyti judan\u010di\u0105 \u0161vies\u0105. Tai palaiko augintinio fizin\u012f aktyvum\u0105 ir suteikia reikiam\u0105 protin\u0119 stimuliacij\u0105. Lazerio rodykl\u0119 labai lengva naudoti, o ergonomi\u0161kas dizainas leid\u017eia j\u0105 patogiai laikyti rankoje. D\u0117l patvari\u0173 med\u017eiag\u0173 KONG Laser Pointer tarnauja ilgai ir atlaiko net intensyviausias \u017eaidim\u0173 sesijas.\" \/>\n<meta property=\"og:url\" content=\"https:\/\/miumjau.ee\/lt\/produktas\/kong-lazeris-katems\/\" \/>\n<meta property=\"og:site_name\" content=\"MiuMjau\" \/>\n<meta property=\"article:publisher\" content=\"https:\/\/www.facebook.com\/miumjaupood\/\" \/>\n<meta property=\"og:image\" content=\"https:\/\/miumjau.ee\/wp-content\/uploads\/2026\/01\/kong-laser-kassidele3.jpg\" \/>\n\t<meta property=\"og:image:width\" content=\"600\" \/>\n\t<meta property=\"og:image:height\" content=\"800\" \/>\n\t<meta property=\"og:image:type\" content=\"image\/jpeg\" \/>\n<meta name=\"twitter:card\" content=\"summary_large_image\" \/>\n<script type=\"application\/ld+json\" class=\"yoast-schema-graph\">{\"@context\":\"https:\/\/schema.org\",\"@graph\":[{\"@type\":\"WebPage\",\"@id\":\"https:\/\/miumjau.ee\/lt\/produktas\/kong-lazeris-katems\/\",\"url\":\"https:\/\/miumjau.ee\/lt\/produktas\/kong-lazeris-katems\/\",\"name\":\"Kong lazeris kat\u0117ms - MiuMjau\",\"isPartOf\":{\"@id\":\"https:\/\/miumjau.ee\/#website\"},\"primaryImageOfPage\":{\"@id\":\"https:\/\/miumjau.ee\/lt\/produktas\/kong-lazeris-katems\/#primaryimage\"},\"image\":{\"@id\":\"https:\/\/miumjau.ee\/lt\/produktas\/kong-lazeris-katems\/#primaryimage\"},\"thumbnailUrl\":\"https:\/\/miumjau.ee\/wp-content\/uploads\/2026\/01\/kong-laser-kassidele3.jpg\",\"datePublished\":\"2026-01-27T07:15:14+00:00\",\"breadcrumb\":{\"@id\":\"https:\/\/miumjau.ee\/lt\/produktas\/kong-lazeris-katems\/#breadcrumb\"},\"inLanguage\":\"lt-LT\",\"potentialAction\":[{\"@type\":\"ReadAction\",\"target\":[\"https:\/\/miumjau.ee\/lt\/produktas\/kong-lazeris-katems\/\"]}]},{\"@type\":\"ImageObject\",\"inLanguage\":\"lt-LT\",\"@id\":\"https:\/\/miumjau.ee\/lt\/produktas\/kong-lazeris-katems\/#primaryimage\",\"url\":\"https:\/\/miumjau.ee\/wp-content\/uploads\/2026\/01\/kong-laser-kassidele3.jpg\",\"contentUrl\":\"https:\/\/miumjau.ee\/wp-content\/uploads\/2026\/01\/kong-laser-kassidele3.jpg\",\"width\":600,\"height\":800,\"caption\":\"Kong laser kassidele\"},{\"@type\":\"BreadcrumbList\",\"@id\":\"https:\/\/miumjau.ee\/lt\/produktas\/kong-lazeris-katems\/#breadcrumb\",\"itemListElement\":[{\"@type\":\"ListItem\",\"position\":1,\"name\":\"Home\",\"item\":\"https:\/\/miumjau.ee\/lt\/\"},{\"@type\":\"ListItem\",\"position\":2,\"name\":\"Parduotuv\u0117\",\"item\":\"https:\/\/miumjau.ee\/lt\/parduotuve\/\"},{\"@type\":\"ListItem\",\"position\":3,\"name\":\"Kong lazeris kat\u0117ms\"}]},{\"@type\":\"WebSite\",\"@id\":\"https:\/\/miumjau.ee\/#website\",\"url\":\"https:\/\/miumjau.ee\/\",\"name\":\"MiuMjau\",\"description\":\"Kraapimispuud kassidele\",\"publisher\":{\"@id\":\"https:\/\/miumjau.ee\/#organization\"},\"potentialAction\":[{\"@type\":\"SearchAction\",\"target\":{\"@type\":\"EntryPoint\",\"urlTemplate\":\"https:\/\/miumjau.ee\/?s={search_term_string}\"},\"query-input\":{\"@type\":\"PropertyValueSpecification\",\"valueRequired\":true,\"valueName\":\"search_term_string\"}}],\"inLanguage\":\"lt-LT\"},{\"@type\":\"Organization\",\"@id\":\"https:\/\/miumjau.ee\/#organization\",\"name\":\"MiuMjau O\u00dc\",\"url\":\"https:\/\/miumjau.ee\/\",\"logo\":{\"@type\":\"ImageObject\",\"inLanguage\":\"lt-LT\",\"@id\":\"https:\/\/miumjau.ee\/#\/schema\/logo\/image\/\",\"url\":\"https:\/\/miumjau.ee\/wp-content\/uploads\/2022\/04\/MiuMjau-logo-kollane.png\",\"contentUrl\":\"https:\/\/miumjau.ee\/wp-content\/uploads\/2022\/04\/MiuMjau-logo-kollane.png\",\"width\":219,\"height\":100,\"caption\":\"MiuMjau O\u00dc\"},\"image\":{\"@id\":\"https:\/\/miumjau.ee\/#\/schema\/logo\/image\/\"},\"sameAs\":[\"https:\/\/www.facebook.com\/miumjaupood\/\"]}]}<\/script>\n<!-- \/ Yoast SEO plugin. -->","yoast_head_json":{"title":"Kong lazeris kat\u0117ms - MiuMjau","robots":{"index":"index","follow":"follow","max-snippet":"max-snippet:-1","max-image-preview":"max-image-preview:large","max-video-preview":"max-video-preview:-1"},"canonical":"https:\/\/miumjau.ee\/lt\/produktas\/kong-lazeris-katems\/","og_locale":"lt_LT","og_type":"article","og_title":"Kong lazeris kat\u0117ms - MiuMjau","og_description":"\u017daidimas su lazeriu stimuliuoja nat\u016bralius kat\u0117s med\u017eiokl\u0117s instinktus. Paprastas, lengvas ir patvarus dizainas. Skatina aktyv\u0173 gyvenimo b\u016bd\u0105 ir bendr\u0105 gerov\u0119. KONG Laser Pointer yra modernus \u017eaislas, sukurtas specialiai kat\u0117s med\u017eiokl\u0117s instinktui skatinti smagiu ir saugiu b\u016bdu. Galingas lazerio spindulys skatina kat\u0119 b\u0117gioti, \u0161okin\u0117ti ir gaudyti judan\u010di\u0105 \u0161vies\u0105. Tai palaiko augintinio fizin\u012f aktyvum\u0105 ir suteikia reikiam\u0105 protin\u0119 stimuliacij\u0105. Lazerio rodykl\u0119 labai lengva naudoti, o ergonomi\u0161kas dizainas leid\u017eia j\u0105 patogiai laikyti rankoje. D\u0117l patvari\u0173 med\u017eiag\u0173 KONG Laser Pointer tarnauja ilgai ir atlaiko net intensyviausias \u017eaidim\u0173 sesijas.","og_url":"https:\/\/miumjau.ee\/lt\/produktas\/kong-lazeris-katems\/","og_site_name":"MiuMjau","article_publisher":"https:\/\/www.facebook.com\/miumjaupood\/","og_image":[{"width":600,"height":800,"url":"https:\/\/miumjau.ee\/wp-content\/uploads\/2026\/01\/kong-laser-kassidele3.jpg","type":"image\/jpeg"}],"twitter_card":"summary_large_image","schema":{"@context":"https:\/\/schema.org","@graph":[{"@type":"WebPage","@id":"https:\/\/miumjau.ee\/lt\/produktas\/kong-lazeris-katems\/","url":"https:\/\/miumjau.ee\/lt\/produktas\/kong-lazeris-katems\/","name":"Kong lazeris kat\u0117ms - MiuMjau","isPartOf":{"@id":"https:\/\/miumjau.ee\/#website"},"primaryImageOfPage":{"@id":"https:\/\/miumjau.ee\/lt\/produktas\/kong-lazeris-katems\/#primaryimage"},"image":{"@id":"https:\/\/miumjau.ee\/lt\/produktas\/kong-lazeris-katems\/#primaryimage"},"thumbnailUrl":"https:\/\/miumjau.ee\/wp-content\/uploads\/2026\/01\/kong-laser-kassidele3.jpg","datePublished":"2026-01-27T07:15:14+00:00","breadcrumb":{"@id":"https:\/\/miumjau.ee\/lt\/produktas\/kong-lazeris-katems\/#breadcrumb"},"inLanguage":"lt-LT","potentialAction":[{"@type":"ReadAction","target":["https:\/\/miumjau.ee\/lt\/produktas\/kong-lazeris-katems\/"]}]},{"@type":"ImageObject","inLanguage":"lt-LT","@id":"https:\/\/miumjau.ee\/lt\/produktas\/kong-lazeris-katems\/#primaryimage","url":"https:\/\/miumjau.ee\/wp-content\/uploads\/2026\/01\/kong-laser-kassidele3.jpg","contentUrl":"https:\/\/miumjau.ee\/wp-content\/uploads\/2026\/01\/kong-laser-kassidele3.jpg","width":600,"height":800,"caption":"Kong laser kassidele"},{"@type":"BreadcrumbList","@id":"https:\/\/miumjau.ee\/lt\/produktas\/kong-lazeris-katems\/#breadcrumb","itemListElement":[{"@type":"ListItem","position":1,"name":"Home","item":"https:\/\/miumjau.ee\/lt\/"},{"@type":"ListItem","position":2,"name":"Parduotuv\u0117","item":"https:\/\/miumjau.ee\/lt\/parduotuve\/"},{"@type":"ListItem","position":3,"name":"Kong lazeris kat\u0117ms"}]},{"@type":"WebSite","@id":"https:\/\/miumjau.ee\/#website","url":"https:\/\/miumjau.ee\/","name":"MiuMjau","description":"Kraapimispuud kassidele","publisher":{"@id":"https:\/\/miumjau.ee\/#organization"},"potentialAction":[{"@type":"SearchAction","target":{"@type":"EntryPoint","urlTemplate":"https:\/\/miumjau.ee\/?s={search_term_string}"},"query-input":{"@type":"PropertyValueSpecification","valueRequired":true,"valueName":"search_term_string"}}],"inLanguage":"lt-LT"},{"@type":"Organization","@id":"https:\/\/miumjau.ee\/#organization","name":"MiuMjau O\u00dc","url":"https:\/\/miumjau.ee\/","logo":{"@type":"ImageObject","inLanguage":"lt-LT","@id":"https:\/\/miumjau.ee\/#\/schema\/logo\/image\/","url":"https:\/\/miumjau.ee\/wp-content\/uploads\/2022\/04\/MiuMjau-logo-kollane.png","contentUrl":"https:\/\/miumjau.ee\/wp-content\/uploads\/2022\/04\/MiuMjau-logo-kollane.png","width":219,"height":100,"caption":"MiuMjau O\u00dc"},"image":{"@id":"https:\/\/miumjau.ee\/#\/schema\/logo\/image\/"},"sameAs":["https:\/\/www.facebook.com\/miumjaupood\/"]}]}},"_links":{"self":[{"href":"https:\/\/miumjau.ee\/lt\/wp-json\/wp\/v2\/product\/53634","targetHints":{"allow":["GET"]}}],"collection":[{"href":"https:\/\/miumjau.ee\/lt\/wp-json\/wp\/v2\/product"}],"about":[{"href":"https:\/\/miumjau.ee\/lt\/wp-json\/wp\/v2\/types\/product"}],"wp:featuredmedia":[{"embeddable":true,"href":"https:\/\/miumjau.ee\/lt\/wp-json\/wp\/v2\/media\/53003"}],"wp:attachment":[{"href":"https:\/\/miumjau.ee\/lt\/wp-json\/wp\/v2\/media?parent=53634"}],"wp:term":[{"taxonomy":"product_brand","embeddable":true,"href":"https:\/\/miumjau.ee\/lt\/wp-json\/wp\/v2\/product_brand?post=53634"},{"taxonomy":"product_cat","embeddable":true,"href":"https:\/\/miumjau.ee\/lt\/wp-json\/wp\/v2\/product_cat?post=53634"},{"taxonomy":"product_tag","embeddable":true,"href":"https:\/\/miumjau.ee\/lt\/wp-json\/wp\/v2\/product_tag?post=53634"}],"curies":[{"name":"wp","href":"https:\/\/api.w.org\/{rel}","templated":true}]}}