{"id":53620,"date":"2026-02-03T12:19:23","date_gmt":"2026-02-03T10:19:23","guid":{"rendered":"https:\/\/miumjau.ee\/toode\/nutrolin-senior-omega-aliejus-katems-150-ml\/"},"modified":"2026-02-03T12:19:23","modified_gmt":"2026-02-03T10:19:23","slug":"nutrolin-senior-omega-aliejus-katems-150-ml","status":"publish","type":"product","link":"https:\/\/miumjau.ee\/lt\/produktas\/nutrolin-senior-omega-aliejus-katems-150-ml\/","title":{"rendered":"Nutrolin Senior Omega aliejus kat\u0117ms, 150 ml"},"content":{"rendered":"","protected":false},"excerpt":{"rendered":"<p data-start=\"5018\" data-end=\"5472\">Nutrolin Senior aliejus vyresnio am\u017eiaus kat\u0117ms yra papildomas pa\u0161aras, praturtintas riebal\u0173 r\u016bg\u0161timis ir antioksidantais sveikatos palaikymui. Gerina vyresn\u0117s kat\u0117s judrum\u0105, palaiko smegen\u0173 ir \u0161irdies veikl\u0105, maitina ir saugo od\u0105 bei gerina kailio kokyb\u0119. Sud\u0117tyje yra daug omega-3 riebal\u0173 r\u016bg\u0161\u010di\u0173 (200 mg\/ml), kurios palaiko s\u0105narius ir gyvybi\u0161kai svarbius organus. Omega-3 riebal\u0173 r\u016bg\u0161tys taip pat gali pagerinti vyresni\u0173 ka\u010di\u0173 kognityvines funkcijas.<\/p>\n<p data-start=\"5474\" data-end=\"5657\"><strong data-start=\"5474\" data-end=\"5500\">Naudojimo instrukcija:<\/strong><br data-start=\"5500\" data-end=\"5503\" \/>Riebal\u0173 r\u016bg\u0161\u010di\u0173 ir antioksidant\u0173 mi\u0161inys tinka kat\u0117ms nuo 7 met\u0173 am\u017eiaus. Mai\u0161yti vien\u0105 kart\u0105 per dien\u0105 su maistu. Dozavimo informacija: \u017er. ant pakuot\u0117s.<\/p>\n<p data-start=\"5659\" data-end=\"5849\"><strong data-start=\"5659\" data-end=\"5671\">Sud\u0117tis:<\/strong> \u017duv\u0173 aliejaus mi\u0161inys*, Nat\u016bral\u016bs priedai: Vitaminas E 2,5 mg\/ml, Tokoferoli\u0173 ekstraktas, Rozmarin\u0173 ekstraktas. Analitin\u0117s sudedamosios dalys: Omega-3 riebal\u0173 r\u016bg\u0161tys 200 mg\/ml.<\/p>\n<p data-start=\"5851\" data-end=\"6218\" data-is-last-node=\"\" data-is-only-node=\"\"><strong data-start=\"5851\" data-end=\"5875\">Laikymo informacija:<\/strong> Atidarius pakuot\u0119, produktas tinkamas naudoti iki 4 m\u0117nesi\u0173. Laikyti pakuotes sausoje vietoje, apsaugotoje nuo tiesiogini\u0173 saul\u0117s spinduli\u0173. Atidarytus butelius visada laikyti vertikalioje pad\u0117tyje. Butelio nereikia purtyti. Geriausiam i\u0161saugojimui aliej\u0173 rekomenduojama laikyti \u0161aldytuve. Aliej\u0173 taip pat galima u\u017e\u0161aldyti ilgesniam laikymui.<\/p>\n","protected":false},"featured_media":53466,"template":"","meta":[],"product_brand":[],"product_cat":[879],"product_tag":[],"class_list":{"0":"post-53620","1":"product","2":"type-product","3":"status-publish","4":"has-post-thumbnail","6":"product_cat-vitaminai-ir-papildai-katems","8":"first","9":"instock","10":"sale","11":"taxable","12":"shipping-taxable","13":"purchasable","14":"product-type-simple"},"yoast_head":"<!-- This site is optimized with the Yoast SEO plugin v27.4 - https:\/\/yoast.com\/product\/yoast-seo-wordpress\/ -->\n<title>Nutrolin Senior Omega aliejus kat\u0117ms, 150 ml - MiuMjau<\/title>\n<meta name=\"robots\" content=\"index, follow, max-snippet:-1, max-image-preview:large, max-video-preview:-1\" \/>\n<link rel=\"canonical\" href=\"https:\/\/miumjau.ee\/lt\/produktas\/nutrolin-senior-omega-aliejus-katems-150-ml\/\" \/>\n<meta property=\"og:locale\" content=\"lt_LT\" \/>\n<meta property=\"og:type\" content=\"article\" \/>\n<meta property=\"og:title\" content=\"Nutrolin Senior Omega aliejus kat\u0117ms, 150 ml - MiuMjau\" \/>\n<meta property=\"og:description\" content=\"Nutrolin Senior aliejus vyresnio am\u017eiaus kat\u0117ms yra papildomas pa\u0161aras, praturtintas riebal\u0173 r\u016bg\u0161timis ir antioksidantais sveikatos palaikymui. Gerina vyresn\u0117s kat\u0117s judrum\u0105, palaiko smegen\u0173 ir \u0161irdies veikl\u0105, maitina ir saugo od\u0105 bei gerina kailio kokyb\u0119. Sud\u0117tyje yra daug omega-3 riebal\u0173 r\u016bg\u0161\u010di\u0173 (200 mg\/ml), kurios palaiko s\u0105narius ir gyvybi\u0161kai svarbius organus. Omega-3 riebal\u0173 r\u016bg\u0161tys taip pat gali pagerinti vyresni\u0173 ka\u010di\u0173 kognityvines funkcijas. Naudojimo instrukcija:Riebal\u0173 r\u016bg\u0161\u010di\u0173 ir antioksidant\u0173 mi\u0161inys tinka kat\u0117ms nuo 7 met\u0173 am\u017eiaus. Mai\u0161yti vien\u0105 kart\u0105 per dien\u0105 su maistu. Dozavimo informacija: \u017er. ant pakuot\u0117s. Sud\u0117tis: \u017duv\u0173 aliejaus mi\u0161inys*, Nat\u016bral\u016bs priedai: Vitaminas E 2,5 mg\/ml, Tokoferoli\u0173 ekstraktas, Rozmarin\u0173 ekstraktas. Analitin\u0117s sudedamosios dalys: Omega-3 riebal\u0173 r\u016bg\u0161tys 200 mg\/ml. Laikymo informacija: Atidarius pakuot\u0119, produktas tinkamas naudoti iki 4 m\u0117nesi\u0173. Laikyti pakuotes sausoje vietoje, apsaugotoje nuo tiesiogini\u0173 saul\u0117s spinduli\u0173. Atidarytus butelius visada laikyti vertikalioje pad\u0117tyje. Butelio nereikia purtyti. Geriausiam i\u0161saugojimui aliej\u0173 rekomenduojama laikyti \u0161aldytuve. Aliej\u0173 taip pat galima u\u017e\u0161aldyti ilgesniam laikymui.\" \/>\n<meta property=\"og:url\" content=\"https:\/\/miumjau.ee\/lt\/produktas\/nutrolin-senior-omega-aliejus-katems-150-ml\/\" \/>\n<meta property=\"og:site_name\" content=\"MiuMjau\" \/>\n<meta property=\"article:publisher\" content=\"https:\/\/www.facebook.com\/miumjaupood\/\" \/>\n<meta property=\"og:image\" content=\"https:\/\/miumjau.ee\/wp-content\/uploads\/2026\/02\/NutrolinCATSENIOR150ml.jpg\" \/>\n\t<meta property=\"og:image:width\" content=\"600\" \/>\n\t<meta property=\"og:image:height\" content=\"800\" \/>\n\t<meta property=\"og:image:type\" content=\"image\/jpeg\" \/>\n<meta name=\"twitter:card\" content=\"summary_large_image\" \/>\n<script type=\"application\/ld+json\" class=\"yoast-schema-graph\">{\"@context\":\"https:\\\/\\\/schema.org\",\"@graph\":[{\"@type\":\"WebPage\",\"@id\":\"https:\\\/\\\/miumjau.ee\\\/lt\\\/produktas\\\/nutrolin-senior-omega-aliejus-katems-150-ml\\\/\",\"url\":\"https:\\\/\\\/miumjau.ee\\\/lt\\\/produktas\\\/nutrolin-senior-omega-aliejus-katems-150-ml\\\/\",\"name\":\"Nutrolin Senior Omega aliejus kat\u0117ms, 150 ml - MiuMjau\",\"isPartOf\":{\"@id\":\"https:\\\/\\\/miumjau.ee\\\/#website\"},\"primaryImageOfPage\":{\"@id\":\"https:\\\/\\\/miumjau.ee\\\/lt\\\/produktas\\\/nutrolin-senior-omega-aliejus-katems-150-ml\\\/#primaryimage\"},\"image\":{\"@id\":\"https:\\\/\\\/miumjau.ee\\\/lt\\\/produktas\\\/nutrolin-senior-omega-aliejus-katems-150-ml\\\/#primaryimage\"},\"thumbnailUrl\":\"https:\\\/\\\/miumjau.ee\\\/wp-content\\\/uploads\\\/2026\\\/02\\\/NutrolinCATSENIOR150ml.jpg\",\"datePublished\":\"2026-02-03T10:19:23+00:00\",\"breadcrumb\":{\"@id\":\"https:\\\/\\\/miumjau.ee\\\/lt\\\/produktas\\\/nutrolin-senior-omega-aliejus-katems-150-ml\\\/#breadcrumb\"},\"inLanguage\":\"lt-LT\",\"potentialAction\":[{\"@type\":\"ReadAction\",\"target\":[\"https:\\\/\\\/miumjau.ee\\\/lt\\\/produktas\\\/nutrolin-senior-omega-aliejus-katems-150-ml\\\/\"]}]},{\"@type\":\"ImageObject\",\"inLanguage\":\"lt-LT\",\"@id\":\"https:\\\/\\\/miumjau.ee\\\/lt\\\/produktas\\\/nutrolin-senior-omega-aliejus-katems-150-ml\\\/#primaryimage\",\"url\":\"https:\\\/\\\/miumjau.ee\\\/wp-content\\\/uploads\\\/2026\\\/02\\\/NutrolinCATSENIOR150ml.jpg\",\"contentUrl\":\"https:\\\/\\\/miumjau.ee\\\/wp-content\\\/uploads\\\/2026\\\/02\\\/NutrolinCATSENIOR150ml.jpg\",\"width\":600,\"height\":800,\"caption\":\"Nutrolin Senior Oomega \u00f5li eakatele kassidele 150ml\"},{\"@type\":\"BreadcrumbList\",\"@id\":\"https:\\\/\\\/miumjau.ee\\\/lt\\\/produktas\\\/nutrolin-senior-omega-aliejus-katems-150-ml\\\/#breadcrumb\",\"itemListElement\":[{\"@type\":\"ListItem\",\"position\":1,\"name\":\"Home\",\"item\":\"https:\\\/\\\/miumjau.ee\\\/lt\\\/\"},{\"@type\":\"ListItem\",\"position\":2,\"name\":\"Parduotuv\u0117\",\"item\":\"https:\\\/\\\/miumjau.ee\\\/lt\\\/parduotuve\\\/\"},{\"@type\":\"ListItem\",\"position\":3,\"name\":\"Nutrolin Senior Omega aliejus kat\u0117ms, 150 ml\"}]},{\"@type\":\"WebSite\",\"@id\":\"https:\\\/\\\/miumjau.ee\\\/#website\",\"url\":\"https:\\\/\\\/miumjau.ee\\\/\",\"name\":\"MiuMjau\",\"description\":\"Kraapimispuud kassidele\",\"publisher\":{\"@id\":\"https:\\\/\\\/miumjau.ee\\\/#organization\"},\"potentialAction\":[{\"@type\":\"SearchAction\",\"target\":{\"@type\":\"EntryPoint\",\"urlTemplate\":\"https:\\\/\\\/miumjau.ee\\\/?s={search_term_string}\"},\"query-input\":{\"@type\":\"PropertyValueSpecification\",\"valueRequired\":true,\"valueName\":\"search_term_string\"}}],\"inLanguage\":\"lt-LT\"},{\"@type\":\"Organization\",\"@id\":\"https:\\\/\\\/miumjau.ee\\\/#organization\",\"name\":\"MiuMjau O\u00dc\",\"url\":\"https:\\\/\\\/miumjau.ee\\\/\",\"logo\":{\"@type\":\"ImageObject\",\"inLanguage\":\"lt-LT\",\"@id\":\"https:\\\/\\\/miumjau.ee\\\/#\\\/schema\\\/logo\\\/image\\\/\",\"url\":\"https:\\\/\\\/miumjau.ee\\\/wp-content\\\/uploads\\\/2022\\\/04\\\/MiuMjau-logo-kollane.png\",\"contentUrl\":\"https:\\\/\\\/miumjau.ee\\\/wp-content\\\/uploads\\\/2022\\\/04\\\/MiuMjau-logo-kollane.png\",\"width\":219,\"height\":100,\"caption\":\"MiuMjau O\u00dc\"},\"image\":{\"@id\":\"https:\\\/\\\/miumjau.ee\\\/#\\\/schema\\\/logo\\\/image\\\/\"},\"sameAs\":[\"https:\\\/\\\/www.facebook.com\\\/miumjaupood\\\/\"]}]}<\/script>\n<!-- \/ Yoast SEO plugin. -->","yoast_head_json":{"title":"Nutrolin Senior Omega aliejus kat\u0117ms, 150 ml - MiuMjau","robots":{"index":"index","follow":"follow","max-snippet":"max-snippet:-1","max-image-preview":"max-image-preview:large","max-video-preview":"max-video-preview:-1"},"canonical":"https:\/\/miumjau.ee\/lt\/produktas\/nutrolin-senior-omega-aliejus-katems-150-ml\/","og_locale":"lt_LT","og_type":"article","og_title":"Nutrolin Senior Omega aliejus kat\u0117ms, 150 ml - MiuMjau","og_description":"Nutrolin Senior aliejus vyresnio am\u017eiaus kat\u0117ms yra papildomas pa\u0161aras, praturtintas riebal\u0173 r\u016bg\u0161timis ir antioksidantais sveikatos palaikymui. Gerina vyresn\u0117s kat\u0117s judrum\u0105, palaiko smegen\u0173 ir \u0161irdies veikl\u0105, maitina ir saugo od\u0105 bei gerina kailio kokyb\u0119. Sud\u0117tyje yra daug omega-3 riebal\u0173 r\u016bg\u0161\u010di\u0173 (200 mg\/ml), kurios palaiko s\u0105narius ir gyvybi\u0161kai svarbius organus. Omega-3 riebal\u0173 r\u016bg\u0161tys taip pat gali pagerinti vyresni\u0173 ka\u010di\u0173 kognityvines funkcijas. Naudojimo instrukcija:Riebal\u0173 r\u016bg\u0161\u010di\u0173 ir antioksidant\u0173 mi\u0161inys tinka kat\u0117ms nuo 7 met\u0173 am\u017eiaus. Mai\u0161yti vien\u0105 kart\u0105 per dien\u0105 su maistu. Dozavimo informacija: \u017er. ant pakuot\u0117s. Sud\u0117tis: \u017duv\u0173 aliejaus mi\u0161inys*, Nat\u016bral\u016bs priedai: Vitaminas E 2,5 mg\/ml, Tokoferoli\u0173 ekstraktas, Rozmarin\u0173 ekstraktas. Analitin\u0117s sudedamosios dalys: Omega-3 riebal\u0173 r\u016bg\u0161tys 200 mg\/ml. Laikymo informacija: Atidarius pakuot\u0119, produktas tinkamas naudoti iki 4 m\u0117nesi\u0173. Laikyti pakuotes sausoje vietoje, apsaugotoje nuo tiesiogini\u0173 saul\u0117s spinduli\u0173. Atidarytus butelius visada laikyti vertikalioje pad\u0117tyje. Butelio nereikia purtyti. Geriausiam i\u0161saugojimui aliej\u0173 rekomenduojama laikyti \u0161aldytuve. Aliej\u0173 taip pat galima u\u017e\u0161aldyti ilgesniam laikymui.","og_url":"https:\/\/miumjau.ee\/lt\/produktas\/nutrolin-senior-omega-aliejus-katems-150-ml\/","og_site_name":"MiuMjau","article_publisher":"https:\/\/www.facebook.com\/miumjaupood\/","og_image":[{"width":600,"height":800,"url":"https:\/\/miumjau.ee\/wp-content\/uploads\/2026\/02\/NutrolinCATSENIOR150ml.jpg","type":"image\/jpeg"}],"twitter_card":"summary_large_image","schema":{"@context":"https:\/\/schema.org","@graph":[{"@type":"WebPage","@id":"https:\/\/miumjau.ee\/lt\/produktas\/nutrolin-senior-omega-aliejus-katems-150-ml\/","url":"https:\/\/miumjau.ee\/lt\/produktas\/nutrolin-senior-omega-aliejus-katems-150-ml\/","name":"Nutrolin Senior Omega aliejus kat\u0117ms, 150 ml - MiuMjau","isPartOf":{"@id":"https:\/\/miumjau.ee\/#website"},"primaryImageOfPage":{"@id":"https:\/\/miumjau.ee\/lt\/produktas\/nutrolin-senior-omega-aliejus-katems-150-ml\/#primaryimage"},"image":{"@id":"https:\/\/miumjau.ee\/lt\/produktas\/nutrolin-senior-omega-aliejus-katems-150-ml\/#primaryimage"},"thumbnailUrl":"https:\/\/miumjau.ee\/wp-content\/uploads\/2026\/02\/NutrolinCATSENIOR150ml.jpg","datePublished":"2026-02-03T10:19:23+00:00","breadcrumb":{"@id":"https:\/\/miumjau.ee\/lt\/produktas\/nutrolin-senior-omega-aliejus-katems-150-ml\/#breadcrumb"},"inLanguage":"lt-LT","potentialAction":[{"@type":"ReadAction","target":["https:\/\/miumjau.ee\/lt\/produktas\/nutrolin-senior-omega-aliejus-katems-150-ml\/"]}]},{"@type":"ImageObject","inLanguage":"lt-LT","@id":"https:\/\/miumjau.ee\/lt\/produktas\/nutrolin-senior-omega-aliejus-katems-150-ml\/#primaryimage","url":"https:\/\/miumjau.ee\/wp-content\/uploads\/2026\/02\/NutrolinCATSENIOR150ml.jpg","contentUrl":"https:\/\/miumjau.ee\/wp-content\/uploads\/2026\/02\/NutrolinCATSENIOR150ml.jpg","width":600,"height":800,"caption":"Nutrolin Senior Oomega \u00f5li eakatele kassidele 150ml"},{"@type":"BreadcrumbList","@id":"https:\/\/miumjau.ee\/lt\/produktas\/nutrolin-senior-omega-aliejus-katems-150-ml\/#breadcrumb","itemListElement":[{"@type":"ListItem","position":1,"name":"Home","item":"https:\/\/miumjau.ee\/lt\/"},{"@type":"ListItem","position":2,"name":"Parduotuv\u0117","item":"https:\/\/miumjau.ee\/lt\/parduotuve\/"},{"@type":"ListItem","position":3,"name":"Nutrolin Senior Omega aliejus kat\u0117ms, 150 ml"}]},{"@type":"WebSite","@id":"https:\/\/miumjau.ee\/#website","url":"https:\/\/miumjau.ee\/","name":"MiuMjau","description":"Kraapimispuud kassidele","publisher":{"@id":"https:\/\/miumjau.ee\/#organization"},"potentialAction":[{"@type":"SearchAction","target":{"@type":"EntryPoint","urlTemplate":"https:\/\/miumjau.ee\/?s={search_term_string}"},"query-input":{"@type":"PropertyValueSpecification","valueRequired":true,"valueName":"search_term_string"}}],"inLanguage":"lt-LT"},{"@type":"Organization","@id":"https:\/\/miumjau.ee\/#organization","name":"MiuMjau O\u00dc","url":"https:\/\/miumjau.ee\/","logo":{"@type":"ImageObject","inLanguage":"lt-LT","@id":"https:\/\/miumjau.ee\/#\/schema\/logo\/image\/","url":"https:\/\/miumjau.ee\/wp-content\/uploads\/2022\/04\/MiuMjau-logo-kollane.png","contentUrl":"https:\/\/miumjau.ee\/wp-content\/uploads\/2022\/04\/MiuMjau-logo-kollane.png","width":219,"height":100,"caption":"MiuMjau O\u00dc"},"image":{"@id":"https:\/\/miumjau.ee\/#\/schema\/logo\/image\/"},"sameAs":["https:\/\/www.facebook.com\/miumjaupood\/"]}]}},"_links":{"self":[{"href":"https:\/\/miumjau.ee\/lt\/wp-json\/wp\/v2\/product\/53620","targetHints":{"allow":["GET"]}}],"collection":[{"href":"https:\/\/miumjau.ee\/lt\/wp-json\/wp\/v2\/product"}],"about":[{"href":"https:\/\/miumjau.ee\/lt\/wp-json\/wp\/v2\/types\/product"}],"wp:featuredmedia":[{"embeddable":true,"href":"https:\/\/miumjau.ee\/lt\/wp-json\/wp\/v2\/media\/53466"}],"wp:attachment":[{"href":"https:\/\/miumjau.ee\/lt\/wp-json\/wp\/v2\/media?parent=53620"}],"wp:term":[{"taxonomy":"product_brand","embeddable":true,"href":"https:\/\/miumjau.ee\/lt\/wp-json\/wp\/v2\/product_brand?post=53620"},{"taxonomy":"product_cat","embeddable":true,"href":"https:\/\/miumjau.ee\/lt\/wp-json\/wp\/v2\/product_cat?post=53620"},{"taxonomy":"product_tag","embeddable":true,"href":"https:\/\/miumjau.ee\/lt\/wp-json\/wp\/v2\/product_tag?post=53620"}],"curies":[{"name":"wp","href":"https:\/\/api.w.org\/{rel}","templated":true}]}}