{"id":53602,"date":"2026-02-03T12:41:47","date_gmt":"2026-02-03T10:41:47","guid":{"rendered":"https:\/\/miumjau.ee\/toode\/nutrolin-omega-sensitive-aliejus-katems-ir-sunims-990-ml\/"},"modified":"2026-02-03T12:41:47","modified_gmt":"2026-02-03T10:41:47","slug":"nutrolin-omega-sensitive-aliejus-katems-ir-sunims-990-ml","status":"publish","type":"product","link":"https:\/\/miumjau.ee\/lt\/produktas\/nutrolin-omega-sensitive-aliejus-katems-ir-sunims-990-ml\/","title":{"rendered":"Nutrolin Omega &#038; Sensitive aliejus kat\u0117ms ir \u0161unims, 990 ml"},"content":{"rendered":"","protected":false},"excerpt":{"rendered":"<p data-start=\"5853\" data-end=\"6331\">Nutrolin Omega &amp; Sensitive yra papildomas pa\u0161aras jautriems augintiniams. Puikus omega-3 EPA ir DHA riebal\u0173 r\u016bg\u0161\u010di\u0173 \u0161altinis, ypa\u010d svarbus \u0161uniukams ir ka\u010diukams, senstantiems augintiniams ir augintiniams, ken\u010diantiems nuo s\u0105nari\u0173 problem\u0173. Produktas tinka tiek kat\u0117ms, tiek \u0161unims. Tinka gyv\u016bnams, jautriems \u012fvairiems alergenams. Sud\u0117tyje yra toks pats omega-3 EPA ir DHA riebal\u0173 r\u016bg\u0161\u010di\u0173 kiekis kaip auk\u0161tos kokyb\u0117s \u017euv\u0173 taukuose (ir apie 4 kartus daugiau nei la\u0161i\u0161\u0173 aliejuje).<\/p>\n<p data-start=\"6333\" data-end=\"7238\" data-is-last-node=\"\" data-is-only-node=\"\"><strong data-start=\"6333\" data-end=\"6356\">Sudedamosios dalys:<\/strong> Mikroalg\u0173 aliejus, Saul\u0117gr\u0105\u017e\u0173 aliejus, Schizochytrium mikroalg\u0117s kaip omega-3 EPA + DHA \u0161altinis, Saul\u0117gr\u0105\u017e\u0173 aliejaus stabilizavimui, Nat\u016bral\u016bs priedai: Vitaminas E (3a700) 2,5 mg\/ml, Tokoferoli\u0173 ekstraktas (1b306), Rozmarin\u0173 ekstraktas (2b).<br data-start=\"6599\" data-end=\"6602\" \/><strong data-start=\"6602\" data-end=\"6636\">Analitin\u0117s sudedamosios dalys:<\/strong> Omega-3 EPA + DHA 200 mg\/ml, \u017dali riebalai 100 %, \u017dali baltymai 0 %, Skaidulos 0 %, \u017dali pelenai 0 %<br data-start=\"6737\" data-end=\"6740\" \/><strong data-start=\"6740\" data-end=\"6755\">Naudojimas:<\/strong> Tinka kasdieniam naudojimui. Mai\u0161yti vien\u0105 kart\u0105 per dien\u0105 su \u0161uns ar kat\u0117s maistu. Dozavimo informacija: \u017er. ant pakuot\u0117s.<br data-start=\"6879\" data-end=\"6882\" \/><strong data-start=\"6882\" data-end=\"6895\">Laikymas:<\/strong> Atidarius pakuot\u0119, produktas tinkamas naudoti iki 3 m\u0117nesi\u0173. Laikyti pakuotes sausoje vietoje, apsaugotoje nuo tiesiogini\u0173 saul\u0117s spinduli\u0173. Atidarytus butelius visada laikyti vertikalioje pad\u0117tyje. Butelio nereikia purtyti. Geriausiam i\u0161saugojimui aliej\u0173 rekomenduojama laikyti \u0161aldytuve. Aliej\u0173 taip pat galima u\u017e\u0161aldyti ilgesniam laikymui.<\/p>\n","protected":false},"featured_media":53412,"template":"","meta":[],"product_brand":[],"product_cat":[871],"product_tag":[],"class_list":{"0":"post-53602","1":"product","2":"type-product","3":"status-publish","4":"has-post-thumbnail","6":"product_cat-maisto-papildai-sunims","8":"first","9":"instock","10":"sale","11":"taxable","12":"shipping-taxable","13":"purchasable","14":"product-type-simple"},"yoast_head":"<!-- This site is optimized with the Yoast SEO plugin v27.4 - https:\/\/yoast.com\/product\/yoast-seo-wordpress\/ -->\n<title>Nutrolin Omega &amp; Sensitive aliejus kat\u0117ms ir \u0161unims, 990 ml - MiuMjau<\/title>\n<meta name=\"robots\" content=\"index, follow, max-snippet:-1, max-image-preview:large, max-video-preview:-1\" \/>\n<link rel=\"canonical\" href=\"https:\/\/miumjau.ee\/lt\/produktas\/nutrolin-omega-sensitive-aliejus-katems-ir-sunims-990-ml\/\" \/>\n<meta property=\"og:locale\" content=\"lt_LT\" \/>\n<meta property=\"og:type\" content=\"article\" \/>\n<meta property=\"og:title\" content=\"Nutrolin Omega &amp; Sensitive aliejus kat\u0117ms ir \u0161unims, 990 ml - MiuMjau\" \/>\n<meta property=\"og:description\" content=\"Nutrolin Omega &amp; Sensitive yra papildomas pa\u0161aras jautriems augintiniams. Puikus omega-3 EPA ir DHA riebal\u0173 r\u016bg\u0161\u010di\u0173 \u0161altinis, ypa\u010d svarbus \u0161uniukams ir ka\u010diukams, senstantiems augintiniams ir augintiniams, ken\u010diantiems nuo s\u0105nari\u0173 problem\u0173. Produktas tinka tiek kat\u0117ms, tiek \u0161unims. Tinka gyv\u016bnams, jautriems \u012fvairiems alergenams. Sud\u0117tyje yra toks pats omega-3 EPA ir DHA riebal\u0173 r\u016bg\u0161\u010di\u0173 kiekis kaip auk\u0161tos kokyb\u0117s \u017euv\u0173 taukuose (ir apie 4 kartus daugiau nei la\u0161i\u0161\u0173 aliejuje). Sudedamosios dalys: Mikroalg\u0173 aliejus, Saul\u0117gr\u0105\u017e\u0173 aliejus, Schizochytrium mikroalg\u0117s kaip omega-3 EPA + DHA \u0161altinis, Saul\u0117gr\u0105\u017e\u0173 aliejaus stabilizavimui, Nat\u016bral\u016bs priedai: Vitaminas E (3a700) 2,5 mg\/ml, Tokoferoli\u0173 ekstraktas (1b306), Rozmarin\u0173 ekstraktas (2b).Analitin\u0117s sudedamosios dalys: Omega-3 EPA + DHA 200 mg\/ml, \u017dali riebalai 100 %, \u017dali baltymai 0 %, Skaidulos 0 %, \u017dali pelenai 0 %Naudojimas: Tinka kasdieniam naudojimui. Mai\u0161yti vien\u0105 kart\u0105 per dien\u0105 su \u0161uns ar kat\u0117s maistu. Dozavimo informacija: \u017er. ant pakuot\u0117s.Laikymas: Atidarius pakuot\u0119, produktas tinkamas naudoti iki 3 m\u0117nesi\u0173. Laikyti pakuotes sausoje vietoje, apsaugotoje nuo tiesiogini\u0173 saul\u0117s spinduli\u0173. Atidarytus butelius visada laikyti vertikalioje pad\u0117tyje. Butelio nereikia purtyti. Geriausiam i\u0161saugojimui aliej\u0173 rekomenduojama laikyti \u0161aldytuve. Aliej\u0173 taip pat galima u\u017e\u0161aldyti ilgesniam laikymui.\" \/>\n<meta property=\"og:url\" content=\"https:\/\/miumjau.ee\/lt\/produktas\/nutrolin-omega-sensitive-aliejus-katems-ir-sunims-990-ml\/\" \/>\n<meta property=\"og:site_name\" content=\"MiuMjau\" \/>\n<meta property=\"article:publisher\" content=\"https:\/\/www.facebook.com\/miumjaupood\/\" \/>\n<meta property=\"og:image\" content=\"https:\/\/miumjau.ee\/wp-content\/uploads\/2026\/02\/Nutrolin\u00aeOmegaSensitive990mlwhite.jpg\" \/>\n\t<meta property=\"og:image:width\" content=\"600\" \/>\n\t<meta property=\"og:image:height\" content=\"800\" \/>\n\t<meta property=\"og:image:type\" content=\"image\/jpeg\" \/>\n<meta name=\"twitter:card\" content=\"summary_large_image\" \/>\n<script type=\"application\/ld+json\" class=\"yoast-schema-graph\">{\"@context\":\"https:\\\/\\\/schema.org\",\"@graph\":[{\"@type\":\"WebPage\",\"@id\":\"https:\\\/\\\/miumjau.ee\\\/lt\\\/produktas\\\/nutrolin-omega-sensitive-aliejus-katems-ir-sunims-990-ml\\\/\",\"url\":\"https:\\\/\\\/miumjau.ee\\\/lt\\\/produktas\\\/nutrolin-omega-sensitive-aliejus-katems-ir-sunims-990-ml\\\/\",\"name\":\"Nutrolin Omega & Sensitive aliejus kat\u0117ms ir \u0161unims, 990 ml - MiuMjau\",\"isPartOf\":{\"@id\":\"https:\\\/\\\/miumjau.ee\\\/#website\"},\"primaryImageOfPage\":{\"@id\":\"https:\\\/\\\/miumjau.ee\\\/lt\\\/produktas\\\/nutrolin-omega-sensitive-aliejus-katems-ir-sunims-990-ml\\\/#primaryimage\"},\"image\":{\"@id\":\"https:\\\/\\\/miumjau.ee\\\/lt\\\/produktas\\\/nutrolin-omega-sensitive-aliejus-katems-ir-sunims-990-ml\\\/#primaryimage\"},\"thumbnailUrl\":\"https:\\\/\\\/miumjau.ee\\\/wp-content\\\/uploads\\\/2026\\\/02\\\/Nutrolin\u00aeOmegaSensitive990mlwhite.jpg\",\"datePublished\":\"2026-02-03T10:41:47+00:00\",\"breadcrumb\":{\"@id\":\"https:\\\/\\\/miumjau.ee\\\/lt\\\/produktas\\\/nutrolin-omega-sensitive-aliejus-katems-ir-sunims-990-ml\\\/#breadcrumb\"},\"inLanguage\":\"lt-LT\",\"potentialAction\":[{\"@type\":\"ReadAction\",\"target\":[\"https:\\\/\\\/miumjau.ee\\\/lt\\\/produktas\\\/nutrolin-omega-sensitive-aliejus-katems-ir-sunims-990-ml\\\/\"]}]},{\"@type\":\"ImageObject\",\"inLanguage\":\"lt-LT\",\"@id\":\"https:\\\/\\\/miumjau.ee\\\/lt\\\/produktas\\\/nutrolin-omega-sensitive-aliejus-katems-ir-sunims-990-ml\\\/#primaryimage\",\"url\":\"https:\\\/\\\/miumjau.ee\\\/wp-content\\\/uploads\\\/2026\\\/02\\\/Nutrolin\u00aeOmegaSensitive990mlwhite.jpg\",\"contentUrl\":\"https:\\\/\\\/miumjau.ee\\\/wp-content\\\/uploads\\\/2026\\\/02\\\/Nutrolin\u00aeOmegaSensitive990mlwhite.jpg\",\"width\":600,\"height\":800,\"caption\":\"Nutrolin \u00f5li Oomega & Sensitive kassidele ja koertele, 990ml\"},{\"@type\":\"BreadcrumbList\",\"@id\":\"https:\\\/\\\/miumjau.ee\\\/lt\\\/produktas\\\/nutrolin-omega-sensitive-aliejus-katems-ir-sunims-990-ml\\\/#breadcrumb\",\"itemListElement\":[{\"@type\":\"ListItem\",\"position\":1,\"name\":\"Home\",\"item\":\"https:\\\/\\\/miumjau.ee\\\/lt\\\/\"},{\"@type\":\"ListItem\",\"position\":2,\"name\":\"Parduotuv\u0117\",\"item\":\"https:\\\/\\\/miumjau.ee\\\/lt\\\/parduotuve\\\/\"},{\"@type\":\"ListItem\",\"position\":3,\"name\":\"Nutrolin Omega &#038; Sensitive aliejus kat\u0117ms ir \u0161unims, 990 ml\"}]},{\"@type\":\"WebSite\",\"@id\":\"https:\\\/\\\/miumjau.ee\\\/#website\",\"url\":\"https:\\\/\\\/miumjau.ee\\\/\",\"name\":\"MiuMjau\",\"description\":\"Kraapimispuud kassidele\",\"publisher\":{\"@id\":\"https:\\\/\\\/miumjau.ee\\\/#organization\"},\"potentialAction\":[{\"@type\":\"SearchAction\",\"target\":{\"@type\":\"EntryPoint\",\"urlTemplate\":\"https:\\\/\\\/miumjau.ee\\\/?s={search_term_string}\"},\"query-input\":{\"@type\":\"PropertyValueSpecification\",\"valueRequired\":true,\"valueName\":\"search_term_string\"}}],\"inLanguage\":\"lt-LT\"},{\"@type\":\"Organization\",\"@id\":\"https:\\\/\\\/miumjau.ee\\\/#organization\",\"name\":\"MiuMjau O\u00dc\",\"url\":\"https:\\\/\\\/miumjau.ee\\\/\",\"logo\":{\"@type\":\"ImageObject\",\"inLanguage\":\"lt-LT\",\"@id\":\"https:\\\/\\\/miumjau.ee\\\/#\\\/schema\\\/logo\\\/image\\\/\",\"url\":\"https:\\\/\\\/miumjau.ee\\\/wp-content\\\/uploads\\\/2022\\\/04\\\/MiuMjau-logo-kollane.png\",\"contentUrl\":\"https:\\\/\\\/miumjau.ee\\\/wp-content\\\/uploads\\\/2022\\\/04\\\/MiuMjau-logo-kollane.png\",\"width\":219,\"height\":100,\"caption\":\"MiuMjau O\u00dc\"},\"image\":{\"@id\":\"https:\\\/\\\/miumjau.ee\\\/#\\\/schema\\\/logo\\\/image\\\/\"},\"sameAs\":[\"https:\\\/\\\/www.facebook.com\\\/miumjaupood\\\/\"]}]}<\/script>\n<!-- \/ Yoast SEO plugin. -->","yoast_head_json":{"title":"Nutrolin Omega & Sensitive aliejus kat\u0117ms ir \u0161unims, 990 ml - MiuMjau","robots":{"index":"index","follow":"follow","max-snippet":"max-snippet:-1","max-image-preview":"max-image-preview:large","max-video-preview":"max-video-preview:-1"},"canonical":"https:\/\/miumjau.ee\/lt\/produktas\/nutrolin-omega-sensitive-aliejus-katems-ir-sunims-990-ml\/","og_locale":"lt_LT","og_type":"article","og_title":"Nutrolin Omega & Sensitive aliejus kat\u0117ms ir \u0161unims, 990 ml - MiuMjau","og_description":"Nutrolin Omega &amp; Sensitive yra papildomas pa\u0161aras jautriems augintiniams. Puikus omega-3 EPA ir DHA riebal\u0173 r\u016bg\u0161\u010di\u0173 \u0161altinis, ypa\u010d svarbus \u0161uniukams ir ka\u010diukams, senstantiems augintiniams ir augintiniams, ken\u010diantiems nuo s\u0105nari\u0173 problem\u0173. Produktas tinka tiek kat\u0117ms, tiek \u0161unims. Tinka gyv\u016bnams, jautriems \u012fvairiems alergenams. Sud\u0117tyje yra toks pats omega-3 EPA ir DHA riebal\u0173 r\u016bg\u0161\u010di\u0173 kiekis kaip auk\u0161tos kokyb\u0117s \u017euv\u0173 taukuose (ir apie 4 kartus daugiau nei la\u0161i\u0161\u0173 aliejuje). Sudedamosios dalys: Mikroalg\u0173 aliejus, Saul\u0117gr\u0105\u017e\u0173 aliejus, Schizochytrium mikroalg\u0117s kaip omega-3 EPA + DHA \u0161altinis, Saul\u0117gr\u0105\u017e\u0173 aliejaus stabilizavimui, Nat\u016bral\u016bs priedai: Vitaminas E (3a700) 2,5 mg\/ml, Tokoferoli\u0173 ekstraktas (1b306), Rozmarin\u0173 ekstraktas (2b).Analitin\u0117s sudedamosios dalys: Omega-3 EPA + DHA 200 mg\/ml, \u017dali riebalai 100 %, \u017dali baltymai 0 %, Skaidulos 0 %, \u017dali pelenai 0 %Naudojimas: Tinka kasdieniam naudojimui. Mai\u0161yti vien\u0105 kart\u0105 per dien\u0105 su \u0161uns ar kat\u0117s maistu. Dozavimo informacija: \u017er. ant pakuot\u0117s.Laikymas: Atidarius pakuot\u0119, produktas tinkamas naudoti iki 3 m\u0117nesi\u0173. Laikyti pakuotes sausoje vietoje, apsaugotoje nuo tiesiogini\u0173 saul\u0117s spinduli\u0173. Atidarytus butelius visada laikyti vertikalioje pad\u0117tyje. Butelio nereikia purtyti. Geriausiam i\u0161saugojimui aliej\u0173 rekomenduojama laikyti \u0161aldytuve. Aliej\u0173 taip pat galima u\u017e\u0161aldyti ilgesniam laikymui.","og_url":"https:\/\/miumjau.ee\/lt\/produktas\/nutrolin-omega-sensitive-aliejus-katems-ir-sunims-990-ml\/","og_site_name":"MiuMjau","article_publisher":"https:\/\/www.facebook.com\/miumjaupood\/","og_image":[{"width":600,"height":800,"url":"https:\/\/miumjau.ee\/wp-content\/uploads\/2026\/02\/Nutrolin\u00aeOmegaSensitive990mlwhite.jpg","type":"image\/jpeg"}],"twitter_card":"summary_large_image","schema":{"@context":"https:\/\/schema.org","@graph":[{"@type":"WebPage","@id":"https:\/\/miumjau.ee\/lt\/produktas\/nutrolin-omega-sensitive-aliejus-katems-ir-sunims-990-ml\/","url":"https:\/\/miumjau.ee\/lt\/produktas\/nutrolin-omega-sensitive-aliejus-katems-ir-sunims-990-ml\/","name":"Nutrolin Omega & Sensitive aliejus kat\u0117ms ir \u0161unims, 990 ml - MiuMjau","isPartOf":{"@id":"https:\/\/miumjau.ee\/#website"},"primaryImageOfPage":{"@id":"https:\/\/miumjau.ee\/lt\/produktas\/nutrolin-omega-sensitive-aliejus-katems-ir-sunims-990-ml\/#primaryimage"},"image":{"@id":"https:\/\/miumjau.ee\/lt\/produktas\/nutrolin-omega-sensitive-aliejus-katems-ir-sunims-990-ml\/#primaryimage"},"thumbnailUrl":"https:\/\/miumjau.ee\/wp-content\/uploads\/2026\/02\/Nutrolin\u00aeOmegaSensitive990mlwhite.jpg","datePublished":"2026-02-03T10:41:47+00:00","breadcrumb":{"@id":"https:\/\/miumjau.ee\/lt\/produktas\/nutrolin-omega-sensitive-aliejus-katems-ir-sunims-990-ml\/#breadcrumb"},"inLanguage":"lt-LT","potentialAction":[{"@type":"ReadAction","target":["https:\/\/miumjau.ee\/lt\/produktas\/nutrolin-omega-sensitive-aliejus-katems-ir-sunims-990-ml\/"]}]},{"@type":"ImageObject","inLanguage":"lt-LT","@id":"https:\/\/miumjau.ee\/lt\/produktas\/nutrolin-omega-sensitive-aliejus-katems-ir-sunims-990-ml\/#primaryimage","url":"https:\/\/miumjau.ee\/wp-content\/uploads\/2026\/02\/Nutrolin\u00aeOmegaSensitive990mlwhite.jpg","contentUrl":"https:\/\/miumjau.ee\/wp-content\/uploads\/2026\/02\/Nutrolin\u00aeOmegaSensitive990mlwhite.jpg","width":600,"height":800,"caption":"Nutrolin \u00f5li Oomega & Sensitive kassidele ja koertele, 990ml"},{"@type":"BreadcrumbList","@id":"https:\/\/miumjau.ee\/lt\/produktas\/nutrolin-omega-sensitive-aliejus-katems-ir-sunims-990-ml\/#breadcrumb","itemListElement":[{"@type":"ListItem","position":1,"name":"Home","item":"https:\/\/miumjau.ee\/lt\/"},{"@type":"ListItem","position":2,"name":"Parduotuv\u0117","item":"https:\/\/miumjau.ee\/lt\/parduotuve\/"},{"@type":"ListItem","position":3,"name":"Nutrolin Omega &#038; Sensitive aliejus kat\u0117ms ir \u0161unims, 990 ml"}]},{"@type":"WebSite","@id":"https:\/\/miumjau.ee\/#website","url":"https:\/\/miumjau.ee\/","name":"MiuMjau","description":"Kraapimispuud kassidele","publisher":{"@id":"https:\/\/miumjau.ee\/#organization"},"potentialAction":[{"@type":"SearchAction","target":{"@type":"EntryPoint","urlTemplate":"https:\/\/miumjau.ee\/?s={search_term_string}"},"query-input":{"@type":"PropertyValueSpecification","valueRequired":true,"valueName":"search_term_string"}}],"inLanguage":"lt-LT"},{"@type":"Organization","@id":"https:\/\/miumjau.ee\/#organization","name":"MiuMjau O\u00dc","url":"https:\/\/miumjau.ee\/","logo":{"@type":"ImageObject","inLanguage":"lt-LT","@id":"https:\/\/miumjau.ee\/#\/schema\/logo\/image\/","url":"https:\/\/miumjau.ee\/wp-content\/uploads\/2022\/04\/MiuMjau-logo-kollane.png","contentUrl":"https:\/\/miumjau.ee\/wp-content\/uploads\/2022\/04\/MiuMjau-logo-kollane.png","width":219,"height":100,"caption":"MiuMjau O\u00dc"},"image":{"@id":"https:\/\/miumjau.ee\/#\/schema\/logo\/image\/"},"sameAs":["https:\/\/www.facebook.com\/miumjaupood\/"]}]}},"_links":{"self":[{"href":"https:\/\/miumjau.ee\/lt\/wp-json\/wp\/v2\/product\/53602","targetHints":{"allow":["GET"]}}],"collection":[{"href":"https:\/\/miumjau.ee\/lt\/wp-json\/wp\/v2\/product"}],"about":[{"href":"https:\/\/miumjau.ee\/lt\/wp-json\/wp\/v2\/types\/product"}],"wp:featuredmedia":[{"embeddable":true,"href":"https:\/\/miumjau.ee\/lt\/wp-json\/wp\/v2\/media\/53412"}],"wp:attachment":[{"href":"https:\/\/miumjau.ee\/lt\/wp-json\/wp\/v2\/media?parent=53602"}],"wp:term":[{"taxonomy":"product_brand","embeddable":true,"href":"https:\/\/miumjau.ee\/lt\/wp-json\/wp\/v2\/product_brand?post=53602"},{"taxonomy":"product_cat","embeddable":true,"href":"https:\/\/miumjau.ee\/lt\/wp-json\/wp\/v2\/product_cat?post=53602"},{"taxonomy":"product_tag","embeddable":true,"href":"https:\/\/miumjau.ee\/lt\/wp-json\/wp\/v2\/product_tag?post=53602"}],"curies":[{"name":"wp","href":"https:\/\/api.w.org\/{rel}","templated":true}]}}