{"id":53586,"date":"2026-02-03T12:46:13","date_gmt":"2026-02-03T10:46:13","guid":{"rendered":"https:\/\/miumjau.ee\/toode\/nutrolin-sport-aliejus-sunims-990-ml\/"},"modified":"2026-02-03T12:46:13","modified_gmt":"2026-02-03T10:46:13","slug":"nutrolin-sport-aliejus-sunims-990-ml","status":"publish","type":"product","link":"https:\/\/miumjau.ee\/lt\/produktas\/nutrolin-sport-aliejus-sunims-990-ml\/","title":{"rendered":"Nutrolin Sport aliejus \u0161unims 990 ml"},"content":{"rendered":"","protected":false},"excerpt":{"rendered":"<p data-start=\"5834\" data-end=\"6441\">Nutrolin Sport aliejus \u0161unims 265 ml yra papildomas pa\u0161aras sporti\u0161kiems \u0161unims. Didelis omega-3 EPA ir DHA kiekis saugo \u0161un\u012f intensyvaus kr\u016bvio metu. Prid\u0117tas krili\u0173 aliejus turi astaksantino \u2013 stipriausi\u0105 nat\u016bral\u0173 antioksidant\u0105. Krili\u0173 aliejaus riebal\u0173 r\u016bg\u0161tys yra fosfolipid\u0173 formos, kuri\u0173 veiksmingumas \u012frodytas tyrimuose, atliktuose su kinkomaisiais \u0161unimis. Nutrolin aliejus pagreitina aktyvaus \u0161uns atsistatym\u0105 ir saugo raumen\u0173 bei skeleto sistem\u0105. Saugo darbini\u0173, sportini\u0173 ir med\u017eioklini\u0173 \u0161un\u0173 raumenis, kaulus ir s\u0105narius, taip pat prisideda prie prie\u0161u\u017edegiminio poveikio ir padeda esant stresui.<\/p>\n<p data-start=\"6443\" data-end=\"6637\"><strong data-start=\"6443\" data-end=\"6458\">Naudojimas:<\/strong> Prad\u0117kite duoti aliej\u0173 likus dviem m\u0117nesiams iki sezono prad\u017eios. Tinka vis\u0173 veisli\u0173 \u0161unims. Mai\u0161yti vien\u0105 kart\u0105 per dien\u0105 su \u0161uns maistu. Dozavimo informacija: \u017er. ant pakuot\u0117s.<\/p>\n<p data-start=\"6639\" data-end=\"6875\"><strong data-start=\"6639\" data-end=\"6651\">Sud\u0117tis:<\/strong> \u017duv\u0173 kepen\u0173 aliejus* \u2013 omega-3 EPA + DHA 200 mg\/ml, Krili\u0173 aliejus (Euphausia superba). Nat\u016bral\u016bs priedai (prid\u0117ti \u012f augalin\u012f aliej\u0173): Vitaminas E (d-alfa-tokoferolis) 10 mg\/ml, Tokoferoli\u0173 ekstraktas, Rozmarin\u0173 ekstraktas.<\/p>\n<p data-start=\"6877\" data-end=\"7233\" data-is-last-node=\"\" data-is-only-node=\"\"><strong data-start=\"6877\" data-end=\"6890\">Laikymas:<\/strong> Atidarius pakuot\u0119, produktas tinkamas naudoti iki 3 m\u0117nesi\u0173. Laikyti pakuotes sausoje vietoje, apsaugotoje nuo tiesiogini\u0173 saul\u0117s spinduli\u0173. Atidarytus butelius visada laikyti vertikalioje pad\u0117tyje. Butelio nereikia purtyti. Geriausiam i\u0161saugojimui aliej\u0173 rekomenduojama laikyti \u0161aldytuve. Aliej\u0173 taip pat galima u\u017e\u0161aldyti ilgesniam laikymui.<\/p>\n","protected":false},"featured_media":53460,"template":"","meta":[],"product_brand":[],"product_cat":[871],"product_tag":[],"class_list":{"0":"post-53586","1":"product","2":"type-product","3":"status-publish","4":"has-post-thumbnail","6":"product_cat-maisto-papildai-sunims","8":"first","9":"instock","10":"sale","11":"taxable","12":"shipping-taxable","13":"purchasable","14":"product-type-simple"},"yoast_head":"<!-- This site is optimized with the Yoast SEO plugin v27.4 - https:\/\/yoast.com\/product\/yoast-seo-wordpress\/ -->\n<title>Nutrolin Sport aliejus \u0161unims 990 ml - MiuMjau<\/title>\n<meta name=\"robots\" content=\"index, follow, max-snippet:-1, max-image-preview:large, max-video-preview:-1\" \/>\n<link rel=\"canonical\" href=\"https:\/\/miumjau.ee\/lt\/produktas\/nutrolin-sport-aliejus-sunims-990-ml\/\" \/>\n<meta property=\"og:locale\" content=\"lt_LT\" \/>\n<meta property=\"og:type\" content=\"article\" \/>\n<meta property=\"og:title\" content=\"Nutrolin Sport aliejus \u0161unims 990 ml - MiuMjau\" \/>\n<meta property=\"og:description\" content=\"Nutrolin Sport aliejus \u0161unims 265 ml yra papildomas pa\u0161aras sporti\u0161kiems \u0161unims. Didelis omega-3 EPA ir DHA kiekis saugo \u0161un\u012f intensyvaus kr\u016bvio metu. Prid\u0117tas krili\u0173 aliejus turi astaksantino \u2013 stipriausi\u0105 nat\u016bral\u0173 antioksidant\u0105. Krili\u0173 aliejaus riebal\u0173 r\u016bg\u0161tys yra fosfolipid\u0173 formos, kuri\u0173 veiksmingumas \u012frodytas tyrimuose, atliktuose su kinkomaisiais \u0161unimis. Nutrolin aliejus pagreitina aktyvaus \u0161uns atsistatym\u0105 ir saugo raumen\u0173 bei skeleto sistem\u0105. Saugo darbini\u0173, sportini\u0173 ir med\u017eioklini\u0173 \u0161un\u0173 raumenis, kaulus ir s\u0105narius, taip pat prisideda prie prie\u0161u\u017edegiminio poveikio ir padeda esant stresui. Naudojimas: Prad\u0117kite duoti aliej\u0173 likus dviem m\u0117nesiams iki sezono prad\u017eios. Tinka vis\u0173 veisli\u0173 \u0161unims. Mai\u0161yti vien\u0105 kart\u0105 per dien\u0105 su \u0161uns maistu. Dozavimo informacija: \u017er. ant pakuot\u0117s. Sud\u0117tis: \u017duv\u0173 kepen\u0173 aliejus* \u2013 omega-3 EPA + DHA 200 mg\/ml, Krili\u0173 aliejus (Euphausia superba). Nat\u016bral\u016bs priedai (prid\u0117ti \u012f augalin\u012f aliej\u0173): Vitaminas E (d-alfa-tokoferolis) 10 mg\/ml, Tokoferoli\u0173 ekstraktas, Rozmarin\u0173 ekstraktas. Laikymas: Atidarius pakuot\u0119, produktas tinkamas naudoti iki 3 m\u0117nesi\u0173. Laikyti pakuotes sausoje vietoje, apsaugotoje nuo tiesiogini\u0173 saul\u0117s spinduli\u0173. Atidarytus butelius visada laikyti vertikalioje pad\u0117tyje. Butelio nereikia purtyti. Geriausiam i\u0161saugojimui aliej\u0173 rekomenduojama laikyti \u0161aldytuve. Aliej\u0173 taip pat galima u\u017e\u0161aldyti ilgesniam laikymui.\" \/>\n<meta property=\"og:url\" content=\"https:\/\/miumjau.ee\/lt\/produktas\/nutrolin-sport-aliejus-sunims-990-ml\/\" \/>\n<meta property=\"og:site_name\" content=\"MiuMjau\" \/>\n<meta property=\"article:publisher\" content=\"https:\/\/www.facebook.com\/miumjaupood\/\" \/>\n<meta property=\"og:image\" content=\"https:\/\/miumjau.ee\/wp-content\/uploads\/2026\/02\/Nutrolin\u00aeSPORT990ml.jpg\" \/>\n\t<meta property=\"og:image:width\" content=\"600\" \/>\n\t<meta property=\"og:image:height\" content=\"800\" \/>\n\t<meta property=\"og:image:type\" content=\"image\/jpeg\" \/>\n<meta name=\"twitter:card\" content=\"summary_large_image\" \/>\n<script type=\"application\/ld+json\" class=\"yoast-schema-graph\">{\"@context\":\"https:\\\/\\\/schema.org\",\"@graph\":[{\"@type\":\"WebPage\",\"@id\":\"https:\\\/\\\/miumjau.ee\\\/lt\\\/produktas\\\/nutrolin-sport-aliejus-sunims-990-ml\\\/\",\"url\":\"https:\\\/\\\/miumjau.ee\\\/lt\\\/produktas\\\/nutrolin-sport-aliejus-sunims-990-ml\\\/\",\"name\":\"Nutrolin Sport aliejus \u0161unims 990 ml - MiuMjau\",\"isPartOf\":{\"@id\":\"https:\\\/\\\/miumjau.ee\\\/#website\"},\"primaryImageOfPage\":{\"@id\":\"https:\\\/\\\/miumjau.ee\\\/lt\\\/produktas\\\/nutrolin-sport-aliejus-sunims-990-ml\\\/#primaryimage\"},\"image\":{\"@id\":\"https:\\\/\\\/miumjau.ee\\\/lt\\\/produktas\\\/nutrolin-sport-aliejus-sunims-990-ml\\\/#primaryimage\"},\"thumbnailUrl\":\"https:\\\/\\\/miumjau.ee\\\/wp-content\\\/uploads\\\/2026\\\/02\\\/Nutrolin\u00aeSPORT990ml.jpg\",\"datePublished\":\"2026-02-03T10:46:13+00:00\",\"breadcrumb\":{\"@id\":\"https:\\\/\\\/miumjau.ee\\\/lt\\\/produktas\\\/nutrolin-sport-aliejus-sunims-990-ml\\\/#breadcrumb\"},\"inLanguage\":\"lt-LT\",\"potentialAction\":[{\"@type\":\"ReadAction\",\"target\":[\"https:\\\/\\\/miumjau.ee\\\/lt\\\/produktas\\\/nutrolin-sport-aliejus-sunims-990-ml\\\/\"]}]},{\"@type\":\"ImageObject\",\"inLanguage\":\"lt-LT\",\"@id\":\"https:\\\/\\\/miumjau.ee\\\/lt\\\/produktas\\\/nutrolin-sport-aliejus-sunims-990-ml\\\/#primaryimage\",\"url\":\"https:\\\/\\\/miumjau.ee\\\/wp-content\\\/uploads\\\/2026\\\/02\\\/Nutrolin\u00aeSPORT990ml.jpg\",\"contentUrl\":\"https:\\\/\\\/miumjau.ee\\\/wp-content\\\/uploads\\\/2026\\\/02\\\/Nutrolin\u00aeSPORT990ml.jpg\",\"width\":600,\"height\":800,\"caption\":\"Nutrolin Sport \u00f5li koertele 260ml\"},{\"@type\":\"BreadcrumbList\",\"@id\":\"https:\\\/\\\/miumjau.ee\\\/lt\\\/produktas\\\/nutrolin-sport-aliejus-sunims-990-ml\\\/#breadcrumb\",\"itemListElement\":[{\"@type\":\"ListItem\",\"position\":1,\"name\":\"Home\",\"item\":\"https:\\\/\\\/miumjau.ee\\\/lt\\\/\"},{\"@type\":\"ListItem\",\"position\":2,\"name\":\"Parduotuv\u0117\",\"item\":\"https:\\\/\\\/miumjau.ee\\\/lt\\\/parduotuve\\\/\"},{\"@type\":\"ListItem\",\"position\":3,\"name\":\"Nutrolin Sport aliejus \u0161unims 990 ml\"}]},{\"@type\":\"WebSite\",\"@id\":\"https:\\\/\\\/miumjau.ee\\\/#website\",\"url\":\"https:\\\/\\\/miumjau.ee\\\/\",\"name\":\"MiuMjau\",\"description\":\"Kraapimispuud kassidele\",\"publisher\":{\"@id\":\"https:\\\/\\\/miumjau.ee\\\/#organization\"},\"potentialAction\":[{\"@type\":\"SearchAction\",\"target\":{\"@type\":\"EntryPoint\",\"urlTemplate\":\"https:\\\/\\\/miumjau.ee\\\/?s={search_term_string}\"},\"query-input\":{\"@type\":\"PropertyValueSpecification\",\"valueRequired\":true,\"valueName\":\"search_term_string\"}}],\"inLanguage\":\"lt-LT\"},{\"@type\":\"Organization\",\"@id\":\"https:\\\/\\\/miumjau.ee\\\/#organization\",\"name\":\"MiuMjau O\u00dc\",\"url\":\"https:\\\/\\\/miumjau.ee\\\/\",\"logo\":{\"@type\":\"ImageObject\",\"inLanguage\":\"lt-LT\",\"@id\":\"https:\\\/\\\/miumjau.ee\\\/#\\\/schema\\\/logo\\\/image\\\/\",\"url\":\"https:\\\/\\\/miumjau.ee\\\/wp-content\\\/uploads\\\/2022\\\/04\\\/MiuMjau-logo-kollane.png\",\"contentUrl\":\"https:\\\/\\\/miumjau.ee\\\/wp-content\\\/uploads\\\/2022\\\/04\\\/MiuMjau-logo-kollane.png\",\"width\":219,\"height\":100,\"caption\":\"MiuMjau O\u00dc\"},\"image\":{\"@id\":\"https:\\\/\\\/miumjau.ee\\\/#\\\/schema\\\/logo\\\/image\\\/\"},\"sameAs\":[\"https:\\\/\\\/www.facebook.com\\\/miumjaupood\\\/\"]}]}<\/script>\n<!-- \/ Yoast SEO plugin. -->","yoast_head_json":{"title":"Nutrolin Sport aliejus \u0161unims 990 ml - MiuMjau","robots":{"index":"index","follow":"follow","max-snippet":"max-snippet:-1","max-image-preview":"max-image-preview:large","max-video-preview":"max-video-preview:-1"},"canonical":"https:\/\/miumjau.ee\/lt\/produktas\/nutrolin-sport-aliejus-sunims-990-ml\/","og_locale":"lt_LT","og_type":"article","og_title":"Nutrolin Sport aliejus \u0161unims 990 ml - MiuMjau","og_description":"Nutrolin Sport aliejus \u0161unims 265 ml yra papildomas pa\u0161aras sporti\u0161kiems \u0161unims. Didelis omega-3 EPA ir DHA kiekis saugo \u0161un\u012f intensyvaus kr\u016bvio metu. Prid\u0117tas krili\u0173 aliejus turi astaksantino \u2013 stipriausi\u0105 nat\u016bral\u0173 antioksidant\u0105. Krili\u0173 aliejaus riebal\u0173 r\u016bg\u0161tys yra fosfolipid\u0173 formos, kuri\u0173 veiksmingumas \u012frodytas tyrimuose, atliktuose su kinkomaisiais \u0161unimis. Nutrolin aliejus pagreitina aktyvaus \u0161uns atsistatym\u0105 ir saugo raumen\u0173 bei skeleto sistem\u0105. Saugo darbini\u0173, sportini\u0173 ir med\u017eioklini\u0173 \u0161un\u0173 raumenis, kaulus ir s\u0105narius, taip pat prisideda prie prie\u0161u\u017edegiminio poveikio ir padeda esant stresui. Naudojimas: Prad\u0117kite duoti aliej\u0173 likus dviem m\u0117nesiams iki sezono prad\u017eios. Tinka vis\u0173 veisli\u0173 \u0161unims. Mai\u0161yti vien\u0105 kart\u0105 per dien\u0105 su \u0161uns maistu. Dozavimo informacija: \u017er. ant pakuot\u0117s. Sud\u0117tis: \u017duv\u0173 kepen\u0173 aliejus* \u2013 omega-3 EPA + DHA 200 mg\/ml, Krili\u0173 aliejus (Euphausia superba). Nat\u016bral\u016bs priedai (prid\u0117ti \u012f augalin\u012f aliej\u0173): Vitaminas E (d-alfa-tokoferolis) 10 mg\/ml, Tokoferoli\u0173 ekstraktas, Rozmarin\u0173 ekstraktas. Laikymas: Atidarius pakuot\u0119, produktas tinkamas naudoti iki 3 m\u0117nesi\u0173. Laikyti pakuotes sausoje vietoje, apsaugotoje nuo tiesiogini\u0173 saul\u0117s spinduli\u0173. Atidarytus butelius visada laikyti vertikalioje pad\u0117tyje. Butelio nereikia purtyti. Geriausiam i\u0161saugojimui aliej\u0173 rekomenduojama laikyti \u0161aldytuve. Aliej\u0173 taip pat galima u\u017e\u0161aldyti ilgesniam laikymui.","og_url":"https:\/\/miumjau.ee\/lt\/produktas\/nutrolin-sport-aliejus-sunims-990-ml\/","og_site_name":"MiuMjau","article_publisher":"https:\/\/www.facebook.com\/miumjaupood\/","og_image":[{"width":600,"height":800,"url":"https:\/\/miumjau.ee\/wp-content\/uploads\/2026\/02\/Nutrolin\u00aeSPORT990ml.jpg","type":"image\/jpeg"}],"twitter_card":"summary_large_image","schema":{"@context":"https:\/\/schema.org","@graph":[{"@type":"WebPage","@id":"https:\/\/miumjau.ee\/lt\/produktas\/nutrolin-sport-aliejus-sunims-990-ml\/","url":"https:\/\/miumjau.ee\/lt\/produktas\/nutrolin-sport-aliejus-sunims-990-ml\/","name":"Nutrolin Sport aliejus \u0161unims 990 ml - MiuMjau","isPartOf":{"@id":"https:\/\/miumjau.ee\/#website"},"primaryImageOfPage":{"@id":"https:\/\/miumjau.ee\/lt\/produktas\/nutrolin-sport-aliejus-sunims-990-ml\/#primaryimage"},"image":{"@id":"https:\/\/miumjau.ee\/lt\/produktas\/nutrolin-sport-aliejus-sunims-990-ml\/#primaryimage"},"thumbnailUrl":"https:\/\/miumjau.ee\/wp-content\/uploads\/2026\/02\/Nutrolin\u00aeSPORT990ml.jpg","datePublished":"2026-02-03T10:46:13+00:00","breadcrumb":{"@id":"https:\/\/miumjau.ee\/lt\/produktas\/nutrolin-sport-aliejus-sunims-990-ml\/#breadcrumb"},"inLanguage":"lt-LT","potentialAction":[{"@type":"ReadAction","target":["https:\/\/miumjau.ee\/lt\/produktas\/nutrolin-sport-aliejus-sunims-990-ml\/"]}]},{"@type":"ImageObject","inLanguage":"lt-LT","@id":"https:\/\/miumjau.ee\/lt\/produktas\/nutrolin-sport-aliejus-sunims-990-ml\/#primaryimage","url":"https:\/\/miumjau.ee\/wp-content\/uploads\/2026\/02\/Nutrolin\u00aeSPORT990ml.jpg","contentUrl":"https:\/\/miumjau.ee\/wp-content\/uploads\/2026\/02\/Nutrolin\u00aeSPORT990ml.jpg","width":600,"height":800,"caption":"Nutrolin Sport \u00f5li koertele 260ml"},{"@type":"BreadcrumbList","@id":"https:\/\/miumjau.ee\/lt\/produktas\/nutrolin-sport-aliejus-sunims-990-ml\/#breadcrumb","itemListElement":[{"@type":"ListItem","position":1,"name":"Home","item":"https:\/\/miumjau.ee\/lt\/"},{"@type":"ListItem","position":2,"name":"Parduotuv\u0117","item":"https:\/\/miumjau.ee\/lt\/parduotuve\/"},{"@type":"ListItem","position":3,"name":"Nutrolin Sport aliejus \u0161unims 990 ml"}]},{"@type":"WebSite","@id":"https:\/\/miumjau.ee\/#website","url":"https:\/\/miumjau.ee\/","name":"MiuMjau","description":"Kraapimispuud kassidele","publisher":{"@id":"https:\/\/miumjau.ee\/#organization"},"potentialAction":[{"@type":"SearchAction","target":{"@type":"EntryPoint","urlTemplate":"https:\/\/miumjau.ee\/?s={search_term_string}"},"query-input":{"@type":"PropertyValueSpecification","valueRequired":true,"valueName":"search_term_string"}}],"inLanguage":"lt-LT"},{"@type":"Organization","@id":"https:\/\/miumjau.ee\/#organization","name":"MiuMjau O\u00dc","url":"https:\/\/miumjau.ee\/","logo":{"@type":"ImageObject","inLanguage":"lt-LT","@id":"https:\/\/miumjau.ee\/#\/schema\/logo\/image\/","url":"https:\/\/miumjau.ee\/wp-content\/uploads\/2022\/04\/MiuMjau-logo-kollane.png","contentUrl":"https:\/\/miumjau.ee\/wp-content\/uploads\/2022\/04\/MiuMjau-logo-kollane.png","width":219,"height":100,"caption":"MiuMjau O\u00dc"},"image":{"@id":"https:\/\/miumjau.ee\/#\/schema\/logo\/image\/"},"sameAs":["https:\/\/www.facebook.com\/miumjaupood\/"]}]}},"_links":{"self":[{"href":"https:\/\/miumjau.ee\/lt\/wp-json\/wp\/v2\/product\/53586","targetHints":{"allow":["GET"]}}],"collection":[{"href":"https:\/\/miumjau.ee\/lt\/wp-json\/wp\/v2\/product"}],"about":[{"href":"https:\/\/miumjau.ee\/lt\/wp-json\/wp\/v2\/types\/product"}],"wp:featuredmedia":[{"embeddable":true,"href":"https:\/\/miumjau.ee\/lt\/wp-json\/wp\/v2\/media\/53460"}],"wp:attachment":[{"href":"https:\/\/miumjau.ee\/lt\/wp-json\/wp\/v2\/media?parent=53586"}],"wp:term":[{"taxonomy":"product_brand","embeddable":true,"href":"https:\/\/miumjau.ee\/lt\/wp-json\/wp\/v2\/product_brand?post=53586"},{"taxonomy":"product_cat","embeddable":true,"href":"https:\/\/miumjau.ee\/lt\/wp-json\/wp\/v2\/product_cat?post=53586"},{"taxonomy":"product_tag","embeddable":true,"href":"https:\/\/miumjau.ee\/lt\/wp-json\/wp\/v2\/product_tag?post=53586"}],"curies":[{"name":"wp","href":"https:\/\/api.w.org\/{rel}","templated":true}]}}