{"id":53567,"date":"2026-02-03T12:46:20","date_gmt":"2026-02-03T10:46:20","guid":{"rendered":"https:\/\/miumjau.ee\/toode\/nutrolin-puppy-mom-aliejus-sveikam-vystymuisi-150-ml\/"},"modified":"2026-02-03T12:46:20","modified_gmt":"2026-02-03T10:46:20","slug":"nutrolin-puppy-mom-aliejus-sveikam-vystymuisi-150-ml","status":"publish","type":"product","link":"https:\/\/miumjau.ee\/lt\/produktas\/nutrolin-puppy-mom-aliejus-sveikam-vystymuisi-150-ml\/","title":{"rendered":"Nutrolin Puppy &#038; Mom aliejus sveikam vystymuisi, 150 ml"},"content":{"rendered":"","protected":false},"excerpt":{"rendered":"<p data-start=\"5305\" data-end=\"5733\">Nutrolin Puppy &amp; Mom aliejus yra papildomas pa\u0161aras \u0161uniukams ir suaugusioms vaikingoms kal\u0117ms. Nutrolin Puppy &amp; Mom aliejuje yra i\u0161skirtinai daug omega-3 DHA (ne ma\u017eiau kaip 130 mg\/ml aliejaus). Omega-3 DHA yra labai svarbi smegen\u0173 ir aki\u0173 vystymuisi. Aliejus praturtintas nat\u016braliu vitaminu E.<br data-start=\"5600\" data-end=\"5603\" \/>Nutrolin aliej\u0173 gamyboje naudojamas \u017eali\u0173 \u017euv\u0173 tauk\u0173 mi\u0161inys, gautas i\u0161 laukini\u0173 \u017euv\u0173, sugaut\u0173 Ramiojo vandenyno \u017evejybos \u016bkiuose.<\/p>\n<p data-start=\"5735\" data-end=\"6524\" data-is-last-node=\"\" data-is-only-node=\"\"><strong data-start=\"5735\" data-end=\"5747\">Sud\u0117tis:<\/strong> \u017duv\u0173 tauk\u0173 mi\u0161inys* (omega-3 DHA 130 mg\/ml). Nat\u016bral\u016bs papildomieji pa\u0161arai (prid\u0117ti \u012f augalin\u012f aliej\u0173): Vitaminas E (d-alfa-tokoferolis) 2,5 mg\/ml, tokoferoli\u0173 ekstraktas, rozmarin\u0173 ekstraktas.<br data-start=\"5942\" data-end=\"5945\" \/><strong data-start=\"5945\" data-end=\"5960\">Naudojimas:<\/strong> Tinka naudoti vaikingoms kal\u0117ms nuo paskutinio vaikingumo trimestro iki nujunkymo. \u0160uniukams iki 6\u201312 m\u0117nesi\u0173 am\u017eiaus. Mai\u0161yti vien\u0105 kart\u0105 per dien\u0105 su \u0161uns maistu. Dozavimo informacija: \u017er. ant pakuot\u0117s.<br data-start=\"6165\" data-end=\"6168\" \/><strong data-start=\"6168\" data-end=\"6181\">Laikymas:<\/strong> Atidarius pakuot\u0119, produktas tinkamas naudoti iki 4 m\u0117nesi\u0173. Laikyti pakuotes sausoje vietoje, apsaugotoje nuo tiesiogini\u0173 saul\u0117s spinduli\u0173. Atidarytus butelius visada laikyti vertikalioje pad\u0117tyje. Butelio nereikia purtyti. Geriausiam i\u0161saugojimui aliej\u0173 rekomenduojama laikyti \u0161aldytuve. Aliej\u0173 taip pat galima u\u017e\u0161aldyti ilgesniam laikymui.<\/p>\n","protected":false},"featured_media":53513,"template":"","meta":[],"product_brand":[],"product_cat":[871],"product_tag":[],"class_list":{"0":"post-53567","1":"product","2":"type-product","3":"status-publish","4":"has-post-thumbnail","6":"product_cat-maisto-papildai-sunims","8":"first","9":"instock","10":"sale","11":"taxable","12":"shipping-taxable","13":"purchasable","14":"product-type-simple"},"yoast_head":"<!-- This site is optimized with the Yoast SEO plugin v27.4 - https:\/\/yoast.com\/product\/yoast-seo-wordpress\/ -->\n<title>Nutrolin Puppy &amp; Mom aliejus sveikam vystymuisi, 150 ml - MiuMjau<\/title>\n<meta name=\"robots\" content=\"index, follow, max-snippet:-1, max-image-preview:large, max-video-preview:-1\" \/>\n<link rel=\"canonical\" href=\"https:\/\/miumjau.ee\/lt\/produktas\/nutrolin-puppy-mom-aliejus-sveikam-vystymuisi-150-ml\/\" \/>\n<meta property=\"og:locale\" content=\"lt_LT\" \/>\n<meta property=\"og:type\" content=\"article\" \/>\n<meta property=\"og:title\" content=\"Nutrolin Puppy &amp; Mom aliejus sveikam vystymuisi, 150 ml - MiuMjau\" \/>\n<meta property=\"og:description\" content=\"Nutrolin Puppy &amp; Mom aliejus yra papildomas pa\u0161aras \u0161uniukams ir suaugusioms vaikingoms kal\u0117ms. Nutrolin Puppy &amp; Mom aliejuje yra i\u0161skirtinai daug omega-3 DHA (ne ma\u017eiau kaip 130 mg\/ml aliejaus). Omega-3 DHA yra labai svarbi smegen\u0173 ir aki\u0173 vystymuisi. Aliejus praturtintas nat\u016braliu vitaminu E.Nutrolin aliej\u0173 gamyboje naudojamas \u017eali\u0173 \u017euv\u0173 tauk\u0173 mi\u0161inys, gautas i\u0161 laukini\u0173 \u017euv\u0173, sugaut\u0173 Ramiojo vandenyno \u017evejybos \u016bkiuose. Sud\u0117tis: \u017duv\u0173 tauk\u0173 mi\u0161inys* (omega-3 DHA 130 mg\/ml). Nat\u016bral\u016bs papildomieji pa\u0161arai (prid\u0117ti \u012f augalin\u012f aliej\u0173): Vitaminas E (d-alfa-tokoferolis) 2,5 mg\/ml, tokoferoli\u0173 ekstraktas, rozmarin\u0173 ekstraktas.Naudojimas: Tinka naudoti vaikingoms kal\u0117ms nuo paskutinio vaikingumo trimestro iki nujunkymo. \u0160uniukams iki 6\u201312 m\u0117nesi\u0173 am\u017eiaus. Mai\u0161yti vien\u0105 kart\u0105 per dien\u0105 su \u0161uns maistu. Dozavimo informacija: \u017er. ant pakuot\u0117s.Laikymas: Atidarius pakuot\u0119, produktas tinkamas naudoti iki 4 m\u0117nesi\u0173. Laikyti pakuotes sausoje vietoje, apsaugotoje nuo tiesiogini\u0173 saul\u0117s spinduli\u0173. Atidarytus butelius visada laikyti vertikalioje pad\u0117tyje. Butelio nereikia purtyti. Geriausiam i\u0161saugojimui aliej\u0173 rekomenduojama laikyti \u0161aldytuve. Aliej\u0173 taip pat galima u\u017e\u0161aldyti ilgesniam laikymui.\" \/>\n<meta property=\"og:url\" content=\"https:\/\/miumjau.ee\/lt\/produktas\/nutrolin-puppy-mom-aliejus-sveikam-vystymuisi-150-ml\/\" \/>\n<meta property=\"og:site_name\" content=\"MiuMjau\" \/>\n<meta property=\"article:publisher\" content=\"https:\/\/www.facebook.com\/miumjaupood\/\" \/>\n<meta property=\"og:image\" content=\"https:\/\/miumjau.ee\/wp-content\/uploads\/2026\/02\/NutrolinPUPPYMOM150ml-1.jpg\" \/>\n\t<meta property=\"og:image:width\" content=\"600\" \/>\n\t<meta property=\"og:image:height\" content=\"800\" \/>\n\t<meta property=\"og:image:type\" content=\"image\/jpeg\" \/>\n<meta name=\"twitter:card\" content=\"summary_large_image\" \/>\n<script type=\"application\/ld+json\" class=\"yoast-schema-graph\">{\"@context\":\"https:\\\/\\\/schema.org\",\"@graph\":[{\"@type\":\"WebPage\",\"@id\":\"https:\\\/\\\/miumjau.ee\\\/lt\\\/produktas\\\/nutrolin-puppy-mom-aliejus-sveikam-vystymuisi-150-ml\\\/\",\"url\":\"https:\\\/\\\/miumjau.ee\\\/lt\\\/produktas\\\/nutrolin-puppy-mom-aliejus-sveikam-vystymuisi-150-ml\\\/\",\"name\":\"Nutrolin Puppy & Mom aliejus sveikam vystymuisi, 150 ml - MiuMjau\",\"isPartOf\":{\"@id\":\"https:\\\/\\\/miumjau.ee\\\/#website\"},\"primaryImageOfPage\":{\"@id\":\"https:\\\/\\\/miumjau.ee\\\/lt\\\/produktas\\\/nutrolin-puppy-mom-aliejus-sveikam-vystymuisi-150-ml\\\/#primaryimage\"},\"image\":{\"@id\":\"https:\\\/\\\/miumjau.ee\\\/lt\\\/produktas\\\/nutrolin-puppy-mom-aliejus-sveikam-vystymuisi-150-ml\\\/#primaryimage\"},\"thumbnailUrl\":\"https:\\\/\\\/miumjau.ee\\\/wp-content\\\/uploads\\\/2026\\\/02\\\/NutrolinPUPPYMOM150ml-1.jpg\",\"datePublished\":\"2026-02-03T10:46:20+00:00\",\"breadcrumb\":{\"@id\":\"https:\\\/\\\/miumjau.ee\\\/lt\\\/produktas\\\/nutrolin-puppy-mom-aliejus-sveikam-vystymuisi-150-ml\\\/#breadcrumb\"},\"inLanguage\":\"lt-LT\",\"potentialAction\":[{\"@type\":\"ReadAction\",\"target\":[\"https:\\\/\\\/miumjau.ee\\\/lt\\\/produktas\\\/nutrolin-puppy-mom-aliejus-sveikam-vystymuisi-150-ml\\\/\"]}]},{\"@type\":\"ImageObject\",\"inLanguage\":\"lt-LT\",\"@id\":\"https:\\\/\\\/miumjau.ee\\\/lt\\\/produktas\\\/nutrolin-puppy-mom-aliejus-sveikam-vystymuisi-150-ml\\\/#primaryimage\",\"url\":\"https:\\\/\\\/miumjau.ee\\\/wp-content\\\/uploads\\\/2026\\\/02\\\/NutrolinPUPPYMOM150ml-1.jpg\",\"contentUrl\":\"https:\\\/\\\/miumjau.ee\\\/wp-content\\\/uploads\\\/2026\\\/02\\\/NutrolinPUPPYMOM150ml-1.jpg\",\"width\":600,\"height\":800,\"caption\":\"Nutrolin Puppy & Mom \u00f5li terve arengu heaks, 150ml\"},{\"@type\":\"BreadcrumbList\",\"@id\":\"https:\\\/\\\/miumjau.ee\\\/lt\\\/produktas\\\/nutrolin-puppy-mom-aliejus-sveikam-vystymuisi-150-ml\\\/#breadcrumb\",\"itemListElement\":[{\"@type\":\"ListItem\",\"position\":1,\"name\":\"Home\",\"item\":\"https:\\\/\\\/miumjau.ee\\\/lt\\\/\"},{\"@type\":\"ListItem\",\"position\":2,\"name\":\"Parduotuv\u0117\",\"item\":\"https:\\\/\\\/miumjau.ee\\\/lt\\\/parduotuve\\\/\"},{\"@type\":\"ListItem\",\"position\":3,\"name\":\"Nutrolin Puppy &#038; Mom aliejus sveikam vystymuisi, 150 ml\"}]},{\"@type\":\"WebSite\",\"@id\":\"https:\\\/\\\/miumjau.ee\\\/#website\",\"url\":\"https:\\\/\\\/miumjau.ee\\\/\",\"name\":\"MiuMjau\",\"description\":\"Kraapimispuud kassidele\",\"publisher\":{\"@id\":\"https:\\\/\\\/miumjau.ee\\\/#organization\"},\"potentialAction\":[{\"@type\":\"SearchAction\",\"target\":{\"@type\":\"EntryPoint\",\"urlTemplate\":\"https:\\\/\\\/miumjau.ee\\\/?s={search_term_string}\"},\"query-input\":{\"@type\":\"PropertyValueSpecification\",\"valueRequired\":true,\"valueName\":\"search_term_string\"}}],\"inLanguage\":\"lt-LT\"},{\"@type\":\"Organization\",\"@id\":\"https:\\\/\\\/miumjau.ee\\\/#organization\",\"name\":\"MiuMjau O\u00dc\",\"url\":\"https:\\\/\\\/miumjau.ee\\\/\",\"logo\":{\"@type\":\"ImageObject\",\"inLanguage\":\"lt-LT\",\"@id\":\"https:\\\/\\\/miumjau.ee\\\/#\\\/schema\\\/logo\\\/image\\\/\",\"url\":\"https:\\\/\\\/miumjau.ee\\\/wp-content\\\/uploads\\\/2022\\\/04\\\/MiuMjau-logo-kollane.png\",\"contentUrl\":\"https:\\\/\\\/miumjau.ee\\\/wp-content\\\/uploads\\\/2022\\\/04\\\/MiuMjau-logo-kollane.png\",\"width\":219,\"height\":100,\"caption\":\"MiuMjau O\u00dc\"},\"image\":{\"@id\":\"https:\\\/\\\/miumjau.ee\\\/#\\\/schema\\\/logo\\\/image\\\/\"},\"sameAs\":[\"https:\\\/\\\/www.facebook.com\\\/miumjaupood\\\/\"]}]}<\/script>\n<!-- \/ Yoast SEO plugin. -->","yoast_head_json":{"title":"Nutrolin Puppy & Mom aliejus sveikam vystymuisi, 150 ml - MiuMjau","robots":{"index":"index","follow":"follow","max-snippet":"max-snippet:-1","max-image-preview":"max-image-preview:large","max-video-preview":"max-video-preview:-1"},"canonical":"https:\/\/miumjau.ee\/lt\/produktas\/nutrolin-puppy-mom-aliejus-sveikam-vystymuisi-150-ml\/","og_locale":"lt_LT","og_type":"article","og_title":"Nutrolin Puppy & Mom aliejus sveikam vystymuisi, 150 ml - MiuMjau","og_description":"Nutrolin Puppy &amp; Mom aliejus yra papildomas pa\u0161aras \u0161uniukams ir suaugusioms vaikingoms kal\u0117ms. Nutrolin Puppy &amp; Mom aliejuje yra i\u0161skirtinai daug omega-3 DHA (ne ma\u017eiau kaip 130 mg\/ml aliejaus). Omega-3 DHA yra labai svarbi smegen\u0173 ir aki\u0173 vystymuisi. Aliejus praturtintas nat\u016braliu vitaminu E.Nutrolin aliej\u0173 gamyboje naudojamas \u017eali\u0173 \u017euv\u0173 tauk\u0173 mi\u0161inys, gautas i\u0161 laukini\u0173 \u017euv\u0173, sugaut\u0173 Ramiojo vandenyno \u017evejybos \u016bkiuose. Sud\u0117tis: \u017duv\u0173 tauk\u0173 mi\u0161inys* (omega-3 DHA 130 mg\/ml). Nat\u016bral\u016bs papildomieji pa\u0161arai (prid\u0117ti \u012f augalin\u012f aliej\u0173): Vitaminas E (d-alfa-tokoferolis) 2,5 mg\/ml, tokoferoli\u0173 ekstraktas, rozmarin\u0173 ekstraktas.Naudojimas: Tinka naudoti vaikingoms kal\u0117ms nuo paskutinio vaikingumo trimestro iki nujunkymo. \u0160uniukams iki 6\u201312 m\u0117nesi\u0173 am\u017eiaus. Mai\u0161yti vien\u0105 kart\u0105 per dien\u0105 su \u0161uns maistu. Dozavimo informacija: \u017er. ant pakuot\u0117s.Laikymas: Atidarius pakuot\u0119, produktas tinkamas naudoti iki 4 m\u0117nesi\u0173. Laikyti pakuotes sausoje vietoje, apsaugotoje nuo tiesiogini\u0173 saul\u0117s spinduli\u0173. Atidarytus butelius visada laikyti vertikalioje pad\u0117tyje. Butelio nereikia purtyti. Geriausiam i\u0161saugojimui aliej\u0173 rekomenduojama laikyti \u0161aldytuve. Aliej\u0173 taip pat galima u\u017e\u0161aldyti ilgesniam laikymui.","og_url":"https:\/\/miumjau.ee\/lt\/produktas\/nutrolin-puppy-mom-aliejus-sveikam-vystymuisi-150-ml\/","og_site_name":"MiuMjau","article_publisher":"https:\/\/www.facebook.com\/miumjaupood\/","og_image":[{"width":600,"height":800,"url":"https:\/\/miumjau.ee\/wp-content\/uploads\/2026\/02\/NutrolinPUPPYMOM150ml-1.jpg","type":"image\/jpeg"}],"twitter_card":"summary_large_image","schema":{"@context":"https:\/\/schema.org","@graph":[{"@type":"WebPage","@id":"https:\/\/miumjau.ee\/lt\/produktas\/nutrolin-puppy-mom-aliejus-sveikam-vystymuisi-150-ml\/","url":"https:\/\/miumjau.ee\/lt\/produktas\/nutrolin-puppy-mom-aliejus-sveikam-vystymuisi-150-ml\/","name":"Nutrolin Puppy & Mom aliejus sveikam vystymuisi, 150 ml - MiuMjau","isPartOf":{"@id":"https:\/\/miumjau.ee\/#website"},"primaryImageOfPage":{"@id":"https:\/\/miumjau.ee\/lt\/produktas\/nutrolin-puppy-mom-aliejus-sveikam-vystymuisi-150-ml\/#primaryimage"},"image":{"@id":"https:\/\/miumjau.ee\/lt\/produktas\/nutrolin-puppy-mom-aliejus-sveikam-vystymuisi-150-ml\/#primaryimage"},"thumbnailUrl":"https:\/\/miumjau.ee\/wp-content\/uploads\/2026\/02\/NutrolinPUPPYMOM150ml-1.jpg","datePublished":"2026-02-03T10:46:20+00:00","breadcrumb":{"@id":"https:\/\/miumjau.ee\/lt\/produktas\/nutrolin-puppy-mom-aliejus-sveikam-vystymuisi-150-ml\/#breadcrumb"},"inLanguage":"lt-LT","potentialAction":[{"@type":"ReadAction","target":["https:\/\/miumjau.ee\/lt\/produktas\/nutrolin-puppy-mom-aliejus-sveikam-vystymuisi-150-ml\/"]}]},{"@type":"ImageObject","inLanguage":"lt-LT","@id":"https:\/\/miumjau.ee\/lt\/produktas\/nutrolin-puppy-mom-aliejus-sveikam-vystymuisi-150-ml\/#primaryimage","url":"https:\/\/miumjau.ee\/wp-content\/uploads\/2026\/02\/NutrolinPUPPYMOM150ml-1.jpg","contentUrl":"https:\/\/miumjau.ee\/wp-content\/uploads\/2026\/02\/NutrolinPUPPYMOM150ml-1.jpg","width":600,"height":800,"caption":"Nutrolin Puppy & Mom \u00f5li terve arengu heaks, 150ml"},{"@type":"BreadcrumbList","@id":"https:\/\/miumjau.ee\/lt\/produktas\/nutrolin-puppy-mom-aliejus-sveikam-vystymuisi-150-ml\/#breadcrumb","itemListElement":[{"@type":"ListItem","position":1,"name":"Home","item":"https:\/\/miumjau.ee\/lt\/"},{"@type":"ListItem","position":2,"name":"Parduotuv\u0117","item":"https:\/\/miumjau.ee\/lt\/parduotuve\/"},{"@type":"ListItem","position":3,"name":"Nutrolin Puppy &#038; Mom aliejus sveikam vystymuisi, 150 ml"}]},{"@type":"WebSite","@id":"https:\/\/miumjau.ee\/#website","url":"https:\/\/miumjau.ee\/","name":"MiuMjau","description":"Kraapimispuud kassidele","publisher":{"@id":"https:\/\/miumjau.ee\/#organization"},"potentialAction":[{"@type":"SearchAction","target":{"@type":"EntryPoint","urlTemplate":"https:\/\/miumjau.ee\/?s={search_term_string}"},"query-input":{"@type":"PropertyValueSpecification","valueRequired":true,"valueName":"search_term_string"}}],"inLanguage":"lt-LT"},{"@type":"Organization","@id":"https:\/\/miumjau.ee\/#organization","name":"MiuMjau O\u00dc","url":"https:\/\/miumjau.ee\/","logo":{"@type":"ImageObject","inLanguage":"lt-LT","@id":"https:\/\/miumjau.ee\/#\/schema\/logo\/image\/","url":"https:\/\/miumjau.ee\/wp-content\/uploads\/2022\/04\/MiuMjau-logo-kollane.png","contentUrl":"https:\/\/miumjau.ee\/wp-content\/uploads\/2022\/04\/MiuMjau-logo-kollane.png","width":219,"height":100,"caption":"MiuMjau O\u00dc"},"image":{"@id":"https:\/\/miumjau.ee\/#\/schema\/logo\/image\/"},"sameAs":["https:\/\/www.facebook.com\/miumjaupood\/"]}]}},"_links":{"self":[{"href":"https:\/\/miumjau.ee\/lt\/wp-json\/wp\/v2\/product\/53567","targetHints":{"allow":["GET"]}}],"collection":[{"href":"https:\/\/miumjau.ee\/lt\/wp-json\/wp\/v2\/product"}],"about":[{"href":"https:\/\/miumjau.ee\/lt\/wp-json\/wp\/v2\/types\/product"}],"wp:featuredmedia":[{"embeddable":true,"href":"https:\/\/miumjau.ee\/lt\/wp-json\/wp\/v2\/media\/53513"}],"wp:attachment":[{"href":"https:\/\/miumjau.ee\/lt\/wp-json\/wp\/v2\/media?parent=53567"}],"wp:term":[{"taxonomy":"product_brand","embeddable":true,"href":"https:\/\/miumjau.ee\/lt\/wp-json\/wp\/v2\/product_brand?post=53567"},{"taxonomy":"product_cat","embeddable":true,"href":"https:\/\/miumjau.ee\/lt\/wp-json\/wp\/v2\/product_cat?post=53567"},{"taxonomy":"product_tag","embeddable":true,"href":"https:\/\/miumjau.ee\/lt\/wp-json\/wp\/v2\/product_tag?post=53567"}],"curies":[{"name":"wp","href":"https:\/\/api.w.org\/{rel}","templated":true}]}}