{"id":53541,"date":"2026-02-03T13:13:52","date_gmt":"2026-02-03T11:13:52","guid":{"rendered":"https:\/\/miumjau.ee\/toode\/nutrolin-skin-coat-aliejus-sunims-260-ml\/"},"modified":"2026-02-03T13:13:52","modified_gmt":"2026-02-03T11:13:52","slug":"nutrolin-skin-coat-aliejus-sunims-260-ml","status":"publish","type":"product","link":"https:\/\/miumjau.ee\/lt\/produktas\/nutrolin-skin-coat-aliejus-sunims-260-ml\/","title":{"rendered":"Nutrolin Skin &#038; Coat aliejus \u0161unims 260 ml"},"content":{"rendered":"","protected":false},"excerpt":{"rendered":"<p data-start=\"5173\" data-end=\"5677\">Nutrolin Skin &amp; Coat aliejus yra papildomas pa\u0161aras \u0161unims, kuris maitina ir saugo \u0161uns kail\u012f. Patentuota riebal\u0173 r\u016bg\u0161\u010di\u0173 ir antioksidant\u0173 formul\u0117 veiksmingai veikia vis\u0173 tip\u0173 kail\u012f. Aliejuje gausu nepakei\u010diam\u0173j\u0173 riebal\u0173 r\u016bg\u0161\u010di\u0173, taip pat GLA ir SDA, padedan\u010di\u0173 palaikyti nat\u016brali\u0105 odos apsaugin\u0119 funkcij\u0105. Gerina odos dr\u0117gm\u0117s balans\u0105, pad\u0117damas kovoti su alergenais ir kitais dirgikliais. Palaiko odos, nag\u0173 ir leten\u0173 atsinaujinim\u0105 bei sveikat\u0105. Turtingas nat\u016braliu vitaminu E. Sud\u0117tyje n\u0117ra \u017euv\u0173 tauk\u0173.<\/p>\n<p data-start=\"5679\" data-end=\"5819\"><strong data-start=\"5679\" data-end=\"5694\">Naudojimas:<\/strong> Tinka vis\u0173 veisli\u0173 suaugusiems \u0161unims. Mai\u0161yti vien\u0105 kart\u0105 per dien\u0105 su \u0161uns maistu. Dozavimo informacija: \u017er. ant pakuot\u0117s.<\/p>\n<p data-start=\"5821\" data-end=\"6025\"><strong data-start=\"5821\" data-end=\"5833\">Sud\u0117tis:<\/strong> Nepakei\u010diamosios riebal\u0173 r\u016bg\u0161tys (480 mg\/ml), Kanapi\u0173 s\u0117kl\u0173 aliejus, Raps\u0173 aliejus, Lin\u0173 s\u0117men\u0173 aliejus. Nat\u016bral\u016bs priedai: Vitaminas E (d-alfa-tokoferolis) 2,5 mg\/ml, Tokoferoli\u0173 ekstraktas.<\/p>\n<p data-start=\"6027\" data-end=\"6383\" data-is-last-node=\"\" data-is-only-node=\"\"><strong data-start=\"6027\" data-end=\"6040\">Laikymas:<\/strong> Atidarius pakuot\u0119, produktas tinkamas naudoti iki 4 m\u0117nesi\u0173. Laikyti pakuotes sausoje vietoje, apsaugotoje nuo tiesiogini\u0173 saul\u0117s spinduli\u0173. Atidarytus butelius visada laikyti vertikalioje pad\u0117tyje. Butelio nereikia purtyti. Geriausiam i\u0161saugojimui aliej\u0173 rekomenduojama laikyti \u0161aldytuve. Aliej\u0173 taip pat galima u\u017e\u0161aldyti ilgesniam laikymui.<\/p>\n","protected":false},"featured_media":53442,"template":"","meta":[],"product_brand":[],"product_cat":[871],"product_tag":[],"class_list":{"0":"post-53541","1":"product","2":"type-product","3":"status-publish","4":"has-post-thumbnail","6":"product_cat-maisto-papildai-sunims","8":"first","9":"instock","10":"sale","11":"taxable","12":"shipping-taxable","13":"purchasable","14":"product-type-simple"},"yoast_head":"<!-- This site is optimized with the Yoast SEO plugin v27.4 - https:\/\/yoast.com\/product\/yoast-seo-wordpress\/ -->\n<title>Nutrolin Skin &amp; Coat aliejus \u0161unims 260 ml - MiuMjau<\/title>\n<meta name=\"robots\" content=\"index, follow, max-snippet:-1, max-image-preview:large, max-video-preview:-1\" \/>\n<link rel=\"canonical\" href=\"https:\/\/miumjau.ee\/lt\/produktas\/nutrolin-skin-coat-aliejus-sunims-260-ml\/\" \/>\n<meta property=\"og:locale\" content=\"lt_LT\" \/>\n<meta property=\"og:type\" content=\"article\" \/>\n<meta property=\"og:title\" content=\"Nutrolin Skin &amp; Coat aliejus \u0161unims 260 ml - MiuMjau\" \/>\n<meta property=\"og:description\" content=\"Nutrolin Skin &amp; Coat aliejus yra papildomas pa\u0161aras \u0161unims, kuris maitina ir saugo \u0161uns kail\u012f. Patentuota riebal\u0173 r\u016bg\u0161\u010di\u0173 ir antioksidant\u0173 formul\u0117 veiksmingai veikia vis\u0173 tip\u0173 kail\u012f. Aliejuje gausu nepakei\u010diam\u0173j\u0173 riebal\u0173 r\u016bg\u0161\u010di\u0173, taip pat GLA ir SDA, padedan\u010di\u0173 palaikyti nat\u016brali\u0105 odos apsaugin\u0119 funkcij\u0105. Gerina odos dr\u0117gm\u0117s balans\u0105, pad\u0117damas kovoti su alergenais ir kitais dirgikliais. Palaiko odos, nag\u0173 ir leten\u0173 atsinaujinim\u0105 bei sveikat\u0105. Turtingas nat\u016braliu vitaminu E. Sud\u0117tyje n\u0117ra \u017euv\u0173 tauk\u0173. Naudojimas: Tinka vis\u0173 veisli\u0173 suaugusiems \u0161unims. Mai\u0161yti vien\u0105 kart\u0105 per dien\u0105 su \u0161uns maistu. Dozavimo informacija: \u017er. ant pakuot\u0117s. Sud\u0117tis: Nepakei\u010diamosios riebal\u0173 r\u016bg\u0161tys (480 mg\/ml), Kanapi\u0173 s\u0117kl\u0173 aliejus, Raps\u0173 aliejus, Lin\u0173 s\u0117men\u0173 aliejus. Nat\u016bral\u016bs priedai: Vitaminas E (d-alfa-tokoferolis) 2,5 mg\/ml, Tokoferoli\u0173 ekstraktas. Laikymas: Atidarius pakuot\u0119, produktas tinkamas naudoti iki 4 m\u0117nesi\u0173. Laikyti pakuotes sausoje vietoje, apsaugotoje nuo tiesiogini\u0173 saul\u0117s spinduli\u0173. Atidarytus butelius visada laikyti vertikalioje pad\u0117tyje. Butelio nereikia purtyti. Geriausiam i\u0161saugojimui aliej\u0173 rekomenduojama laikyti \u0161aldytuve. Aliej\u0173 taip pat galima u\u017e\u0161aldyti ilgesniam laikymui.\" \/>\n<meta property=\"og:url\" content=\"https:\/\/miumjau.ee\/lt\/produktas\/nutrolin-skin-coat-aliejus-sunims-260-ml\/\" \/>\n<meta property=\"og:site_name\" content=\"MiuMjau\" \/>\n<meta property=\"article:publisher\" content=\"https:\/\/www.facebook.com\/miumjaupood\/\" \/>\n<meta property=\"og:image\" content=\"https:\/\/miumjau.ee\/wp-content\/uploads\/2026\/02\/Nutrolin\u00aeSKINCOAT260ml.jpg\" \/>\n\t<meta property=\"og:image:width\" content=\"600\" \/>\n\t<meta property=\"og:image:height\" content=\"800\" \/>\n\t<meta property=\"og:image:type\" content=\"image\/jpeg\" \/>\n<meta name=\"twitter:card\" content=\"summary_large_image\" \/>\n<script type=\"application\/ld+json\" class=\"yoast-schema-graph\">{\"@context\":\"https:\\\/\\\/schema.org\",\"@graph\":[{\"@type\":\"WebPage\",\"@id\":\"https:\\\/\\\/miumjau.ee\\\/lt\\\/produktas\\\/nutrolin-skin-coat-aliejus-sunims-260-ml\\\/\",\"url\":\"https:\\\/\\\/miumjau.ee\\\/lt\\\/produktas\\\/nutrolin-skin-coat-aliejus-sunims-260-ml\\\/\",\"name\":\"Nutrolin Skin & Coat aliejus \u0161unims 260 ml - MiuMjau\",\"isPartOf\":{\"@id\":\"https:\\\/\\\/miumjau.ee\\\/#website\"},\"primaryImageOfPage\":{\"@id\":\"https:\\\/\\\/miumjau.ee\\\/lt\\\/produktas\\\/nutrolin-skin-coat-aliejus-sunims-260-ml\\\/#primaryimage\"},\"image\":{\"@id\":\"https:\\\/\\\/miumjau.ee\\\/lt\\\/produktas\\\/nutrolin-skin-coat-aliejus-sunims-260-ml\\\/#primaryimage\"},\"thumbnailUrl\":\"https:\\\/\\\/miumjau.ee\\\/wp-content\\\/uploads\\\/2026\\\/02\\\/Nutrolin\u00aeSKINCOAT260ml.jpg\",\"datePublished\":\"2026-02-03T11:13:52+00:00\",\"breadcrumb\":{\"@id\":\"https:\\\/\\\/miumjau.ee\\\/lt\\\/produktas\\\/nutrolin-skin-coat-aliejus-sunims-260-ml\\\/#breadcrumb\"},\"inLanguage\":\"lt-LT\",\"potentialAction\":[{\"@type\":\"ReadAction\",\"target\":[\"https:\\\/\\\/miumjau.ee\\\/lt\\\/produktas\\\/nutrolin-skin-coat-aliejus-sunims-260-ml\\\/\"]}]},{\"@type\":\"ImageObject\",\"inLanguage\":\"lt-LT\",\"@id\":\"https:\\\/\\\/miumjau.ee\\\/lt\\\/produktas\\\/nutrolin-skin-coat-aliejus-sunims-260-ml\\\/#primaryimage\",\"url\":\"https:\\\/\\\/miumjau.ee\\\/wp-content\\\/uploads\\\/2026\\\/02\\\/Nutrolin\u00aeSKINCOAT260ml.jpg\",\"contentUrl\":\"https:\\\/\\\/miumjau.ee\\\/wp-content\\\/uploads\\\/2026\\\/02\\\/Nutrolin\u00aeSKINCOAT260ml.jpg\",\"width\":600,\"height\":800,\"caption\":\"Nutrolin Skin & Coat \u00f5li koertele 260 ml\"},{\"@type\":\"BreadcrumbList\",\"@id\":\"https:\\\/\\\/miumjau.ee\\\/lt\\\/produktas\\\/nutrolin-skin-coat-aliejus-sunims-260-ml\\\/#breadcrumb\",\"itemListElement\":[{\"@type\":\"ListItem\",\"position\":1,\"name\":\"Home\",\"item\":\"https:\\\/\\\/miumjau.ee\\\/lt\\\/\"},{\"@type\":\"ListItem\",\"position\":2,\"name\":\"Parduotuv\u0117\",\"item\":\"https:\\\/\\\/miumjau.ee\\\/lt\\\/parduotuve\\\/\"},{\"@type\":\"ListItem\",\"position\":3,\"name\":\"Nutrolin Skin &#038; Coat aliejus \u0161unims 260 ml\"}]},{\"@type\":\"WebSite\",\"@id\":\"https:\\\/\\\/miumjau.ee\\\/#website\",\"url\":\"https:\\\/\\\/miumjau.ee\\\/\",\"name\":\"MiuMjau\",\"description\":\"Kraapimispuud kassidele\",\"publisher\":{\"@id\":\"https:\\\/\\\/miumjau.ee\\\/#organization\"},\"potentialAction\":[{\"@type\":\"SearchAction\",\"target\":{\"@type\":\"EntryPoint\",\"urlTemplate\":\"https:\\\/\\\/miumjau.ee\\\/?s={search_term_string}\"},\"query-input\":{\"@type\":\"PropertyValueSpecification\",\"valueRequired\":true,\"valueName\":\"search_term_string\"}}],\"inLanguage\":\"lt-LT\"},{\"@type\":\"Organization\",\"@id\":\"https:\\\/\\\/miumjau.ee\\\/#organization\",\"name\":\"MiuMjau O\u00dc\",\"url\":\"https:\\\/\\\/miumjau.ee\\\/\",\"logo\":{\"@type\":\"ImageObject\",\"inLanguage\":\"lt-LT\",\"@id\":\"https:\\\/\\\/miumjau.ee\\\/#\\\/schema\\\/logo\\\/image\\\/\",\"url\":\"https:\\\/\\\/miumjau.ee\\\/wp-content\\\/uploads\\\/2022\\\/04\\\/MiuMjau-logo-kollane.png\",\"contentUrl\":\"https:\\\/\\\/miumjau.ee\\\/wp-content\\\/uploads\\\/2022\\\/04\\\/MiuMjau-logo-kollane.png\",\"width\":219,\"height\":100,\"caption\":\"MiuMjau O\u00dc\"},\"image\":{\"@id\":\"https:\\\/\\\/miumjau.ee\\\/#\\\/schema\\\/logo\\\/image\\\/\"},\"sameAs\":[\"https:\\\/\\\/www.facebook.com\\\/miumjaupood\\\/\"]}]}<\/script>\n<!-- \/ Yoast SEO plugin. -->","yoast_head_json":{"title":"Nutrolin Skin & Coat aliejus \u0161unims 260 ml - MiuMjau","robots":{"index":"index","follow":"follow","max-snippet":"max-snippet:-1","max-image-preview":"max-image-preview:large","max-video-preview":"max-video-preview:-1"},"canonical":"https:\/\/miumjau.ee\/lt\/produktas\/nutrolin-skin-coat-aliejus-sunims-260-ml\/","og_locale":"lt_LT","og_type":"article","og_title":"Nutrolin Skin & Coat aliejus \u0161unims 260 ml - MiuMjau","og_description":"Nutrolin Skin &amp; Coat aliejus yra papildomas pa\u0161aras \u0161unims, kuris maitina ir saugo \u0161uns kail\u012f. Patentuota riebal\u0173 r\u016bg\u0161\u010di\u0173 ir antioksidant\u0173 formul\u0117 veiksmingai veikia vis\u0173 tip\u0173 kail\u012f. Aliejuje gausu nepakei\u010diam\u0173j\u0173 riebal\u0173 r\u016bg\u0161\u010di\u0173, taip pat GLA ir SDA, padedan\u010di\u0173 palaikyti nat\u016brali\u0105 odos apsaugin\u0119 funkcij\u0105. Gerina odos dr\u0117gm\u0117s balans\u0105, pad\u0117damas kovoti su alergenais ir kitais dirgikliais. Palaiko odos, nag\u0173 ir leten\u0173 atsinaujinim\u0105 bei sveikat\u0105. Turtingas nat\u016braliu vitaminu E. Sud\u0117tyje n\u0117ra \u017euv\u0173 tauk\u0173. Naudojimas: Tinka vis\u0173 veisli\u0173 suaugusiems \u0161unims. Mai\u0161yti vien\u0105 kart\u0105 per dien\u0105 su \u0161uns maistu. Dozavimo informacija: \u017er. ant pakuot\u0117s. Sud\u0117tis: Nepakei\u010diamosios riebal\u0173 r\u016bg\u0161tys (480 mg\/ml), Kanapi\u0173 s\u0117kl\u0173 aliejus, Raps\u0173 aliejus, Lin\u0173 s\u0117men\u0173 aliejus. Nat\u016bral\u016bs priedai: Vitaminas E (d-alfa-tokoferolis) 2,5 mg\/ml, Tokoferoli\u0173 ekstraktas. Laikymas: Atidarius pakuot\u0119, produktas tinkamas naudoti iki 4 m\u0117nesi\u0173. Laikyti pakuotes sausoje vietoje, apsaugotoje nuo tiesiogini\u0173 saul\u0117s spinduli\u0173. Atidarytus butelius visada laikyti vertikalioje pad\u0117tyje. Butelio nereikia purtyti. Geriausiam i\u0161saugojimui aliej\u0173 rekomenduojama laikyti \u0161aldytuve. Aliej\u0173 taip pat galima u\u017e\u0161aldyti ilgesniam laikymui.","og_url":"https:\/\/miumjau.ee\/lt\/produktas\/nutrolin-skin-coat-aliejus-sunims-260-ml\/","og_site_name":"MiuMjau","article_publisher":"https:\/\/www.facebook.com\/miumjaupood\/","og_image":[{"width":600,"height":800,"url":"https:\/\/miumjau.ee\/wp-content\/uploads\/2026\/02\/Nutrolin\u00aeSKINCOAT260ml.jpg","type":"image\/jpeg"}],"twitter_card":"summary_large_image","schema":{"@context":"https:\/\/schema.org","@graph":[{"@type":"WebPage","@id":"https:\/\/miumjau.ee\/lt\/produktas\/nutrolin-skin-coat-aliejus-sunims-260-ml\/","url":"https:\/\/miumjau.ee\/lt\/produktas\/nutrolin-skin-coat-aliejus-sunims-260-ml\/","name":"Nutrolin Skin & Coat aliejus \u0161unims 260 ml - MiuMjau","isPartOf":{"@id":"https:\/\/miumjau.ee\/#website"},"primaryImageOfPage":{"@id":"https:\/\/miumjau.ee\/lt\/produktas\/nutrolin-skin-coat-aliejus-sunims-260-ml\/#primaryimage"},"image":{"@id":"https:\/\/miumjau.ee\/lt\/produktas\/nutrolin-skin-coat-aliejus-sunims-260-ml\/#primaryimage"},"thumbnailUrl":"https:\/\/miumjau.ee\/wp-content\/uploads\/2026\/02\/Nutrolin\u00aeSKINCOAT260ml.jpg","datePublished":"2026-02-03T11:13:52+00:00","breadcrumb":{"@id":"https:\/\/miumjau.ee\/lt\/produktas\/nutrolin-skin-coat-aliejus-sunims-260-ml\/#breadcrumb"},"inLanguage":"lt-LT","potentialAction":[{"@type":"ReadAction","target":["https:\/\/miumjau.ee\/lt\/produktas\/nutrolin-skin-coat-aliejus-sunims-260-ml\/"]}]},{"@type":"ImageObject","inLanguage":"lt-LT","@id":"https:\/\/miumjau.ee\/lt\/produktas\/nutrolin-skin-coat-aliejus-sunims-260-ml\/#primaryimage","url":"https:\/\/miumjau.ee\/wp-content\/uploads\/2026\/02\/Nutrolin\u00aeSKINCOAT260ml.jpg","contentUrl":"https:\/\/miumjau.ee\/wp-content\/uploads\/2026\/02\/Nutrolin\u00aeSKINCOAT260ml.jpg","width":600,"height":800,"caption":"Nutrolin Skin & Coat \u00f5li koertele 260 ml"},{"@type":"BreadcrumbList","@id":"https:\/\/miumjau.ee\/lt\/produktas\/nutrolin-skin-coat-aliejus-sunims-260-ml\/#breadcrumb","itemListElement":[{"@type":"ListItem","position":1,"name":"Home","item":"https:\/\/miumjau.ee\/lt\/"},{"@type":"ListItem","position":2,"name":"Parduotuv\u0117","item":"https:\/\/miumjau.ee\/lt\/parduotuve\/"},{"@type":"ListItem","position":3,"name":"Nutrolin Skin &#038; Coat aliejus \u0161unims 260 ml"}]},{"@type":"WebSite","@id":"https:\/\/miumjau.ee\/#website","url":"https:\/\/miumjau.ee\/","name":"MiuMjau","description":"Kraapimispuud kassidele","publisher":{"@id":"https:\/\/miumjau.ee\/#organization"},"potentialAction":[{"@type":"SearchAction","target":{"@type":"EntryPoint","urlTemplate":"https:\/\/miumjau.ee\/?s={search_term_string}"},"query-input":{"@type":"PropertyValueSpecification","valueRequired":true,"valueName":"search_term_string"}}],"inLanguage":"lt-LT"},{"@type":"Organization","@id":"https:\/\/miumjau.ee\/#organization","name":"MiuMjau O\u00dc","url":"https:\/\/miumjau.ee\/","logo":{"@type":"ImageObject","inLanguage":"lt-LT","@id":"https:\/\/miumjau.ee\/#\/schema\/logo\/image\/","url":"https:\/\/miumjau.ee\/wp-content\/uploads\/2022\/04\/MiuMjau-logo-kollane.png","contentUrl":"https:\/\/miumjau.ee\/wp-content\/uploads\/2022\/04\/MiuMjau-logo-kollane.png","width":219,"height":100,"caption":"MiuMjau O\u00dc"},"image":{"@id":"https:\/\/miumjau.ee\/#\/schema\/logo\/image\/"},"sameAs":["https:\/\/www.facebook.com\/miumjaupood\/"]}]}},"_links":{"self":[{"href":"https:\/\/miumjau.ee\/lt\/wp-json\/wp\/v2\/product\/53541","targetHints":{"allow":["GET"]}}],"collection":[{"href":"https:\/\/miumjau.ee\/lt\/wp-json\/wp\/v2\/product"}],"about":[{"href":"https:\/\/miumjau.ee\/lt\/wp-json\/wp\/v2\/types\/product"}],"wp:featuredmedia":[{"embeddable":true,"href":"https:\/\/miumjau.ee\/lt\/wp-json\/wp\/v2\/media\/53442"}],"wp:attachment":[{"href":"https:\/\/miumjau.ee\/lt\/wp-json\/wp\/v2\/media?parent=53541"}],"wp:term":[{"taxonomy":"product_brand","embeddable":true,"href":"https:\/\/miumjau.ee\/lt\/wp-json\/wp\/v2\/product_brand?post=53541"},{"taxonomy":"product_cat","embeddable":true,"href":"https:\/\/miumjau.ee\/lt\/wp-json\/wp\/v2\/product_cat?post=53541"},{"taxonomy":"product_tag","embeddable":true,"href":"https:\/\/miumjau.ee\/lt\/wp-json\/wp\/v2\/product_tag?post=53541"}],"curies":[{"name":"wp","href":"https:\/\/api.w.org\/{rel}","templated":true}]}}