{"id":53531,"date":"2026-02-03T13:21:33","date_gmt":"2026-02-03T11:21:33","guid":{"rendered":"https:\/\/miumjau.ee\/toode\/nutrolin-senior-aliejus-vyresniems-sunims-990-ml\/"},"modified":"2026-02-03T13:21:33","modified_gmt":"2026-02-03T11:21:33","slug":"nutrolin-senior-aliejus-vyresniems-sunims-990-ml","status":"publish","type":"product","link":"https:\/\/miumjau.ee\/lt\/produktas\/nutrolin-senior-aliejus-vyresniems-sunims-990-ml\/","title":{"rendered":"Nutrolin Senior aliejus vyresniems \u0161unims 990 ml"},"content":{"rendered":"","protected":false},"excerpt":{"rendered":"<p data-start=\"4912\" data-end=\"5277\">Nutrolin Senior aliejus vyresniems \u0161unims yra papildomas pa\u0161aras, praturtintas Omega-3 \u017euv\u0173 kepen\u0173 aliejumi, skirtas palaikyti vyresni\u0173 \u0161un\u0173 judrum\u0105, smegen\u0173 veikl\u0105, aki\u0173, \u0161irdies ir dant\u0173 gerov\u0119. Tinka ir \u0161unims su jautriu skrand\u017eiu. Aliejuje esantis vitaminas D padeda palaikyti dant\u0173 ir kaul\u0173 sveikat\u0105. Aliejus padeda palaikyti ir gerinti vyresnio \u0161uns sveikat\u0105.<\/p>\n<p data-start=\"5279\" data-end=\"5418\"><strong data-start=\"5279\" data-end=\"5294\">Naudojimas:<\/strong> Tinka vis\u0173 veisli\u0173 vyresniems \u0161unims. Mai\u0161yti vien\u0105 kart\u0105 per dien\u0105 su \u0161uns maistu. Dozavimo informacija: \u017er. ant pakuot\u0117s.<\/p>\n<p data-start=\"5420\" data-end=\"5685\"><strong data-start=\"5420\" data-end=\"5432\">Sud\u0117tis:<\/strong> \u017duv\u0173 kepen\u0173 aliejus* \u2013 omega-3 EPA + DHA 200 mg\/ml (1:1), Lecitinas (fosfocholino \u0161altinis), Nat\u016bral\u016bs priedai (prid\u0117ti \u012f augalin\u012f aliej\u0173): Vitaminas E (d-alfa-tokoferolis) 2,5 mg\/ml, Vitaminas D 1,0 \u00b5g\/ml, Tokoferoli\u0173 ekstraktas, Rozmarin\u0173 ekstraktas.<\/p>\n<p data-start=\"5687\" data-end=\"6043\"><strong data-start=\"5687\" data-end=\"5700\">Laikymas:<\/strong> Atidarius pakuot\u0119, produktas tinkamas naudoti iki 4 m\u0117nesi\u0173. Laikyti pakuotes sausoje vietoje, apsaugotoje nuo tiesiogini\u0173 saul\u0117s spinduli\u0173. Atidarytus butelius visada laikyti vertikalioje pad\u0117tyje. Butelio nereikia purtyti. Geriausiam i\u0161saugojimui aliej\u0173 rekomenduojama laikyti \u0161aldytuve. Aliej\u0173 taip pat galima u\u017e\u0161aldyti ilgesniam laikymui.<\/p>\n","protected":false},"featured_media":53436,"template":"","meta":[],"product_brand":[],"product_cat":[871],"product_tag":[],"class_list":{"0":"post-53531","1":"product","2":"type-product","3":"status-publish","4":"has-post-thumbnail","6":"product_cat-maisto-papildai-sunims","8":"first","9":"instock","10":"sale","11":"taxable","12":"shipping-taxable","13":"purchasable","14":"product-type-simple"},"yoast_head":"<!-- This site is optimized with the Yoast SEO plugin v27.4 - https:\/\/yoast.com\/product\/yoast-seo-wordpress\/ -->\n<title>Nutrolin Senior aliejus vyresniems \u0161unims 990 ml - MiuMjau<\/title>\n<meta name=\"robots\" content=\"index, follow, max-snippet:-1, max-image-preview:large, max-video-preview:-1\" \/>\n<link rel=\"canonical\" href=\"https:\/\/miumjau.ee\/lt\/produktas\/nutrolin-senior-aliejus-vyresniems-sunims-990-ml\/\" \/>\n<meta property=\"og:locale\" content=\"lt_LT\" \/>\n<meta property=\"og:type\" content=\"article\" \/>\n<meta property=\"og:title\" content=\"Nutrolin Senior aliejus vyresniems \u0161unims 990 ml - MiuMjau\" \/>\n<meta property=\"og:description\" content=\"Nutrolin Senior aliejus vyresniems \u0161unims yra papildomas pa\u0161aras, praturtintas Omega-3 \u017euv\u0173 kepen\u0173 aliejumi, skirtas palaikyti vyresni\u0173 \u0161un\u0173 judrum\u0105, smegen\u0173 veikl\u0105, aki\u0173, \u0161irdies ir dant\u0173 gerov\u0119. Tinka ir \u0161unims su jautriu skrand\u017eiu. Aliejuje esantis vitaminas D padeda palaikyti dant\u0173 ir kaul\u0173 sveikat\u0105. Aliejus padeda palaikyti ir gerinti vyresnio \u0161uns sveikat\u0105. Naudojimas: Tinka vis\u0173 veisli\u0173 vyresniems \u0161unims. Mai\u0161yti vien\u0105 kart\u0105 per dien\u0105 su \u0161uns maistu. Dozavimo informacija: \u017er. ant pakuot\u0117s. Sud\u0117tis: \u017duv\u0173 kepen\u0173 aliejus* \u2013 omega-3 EPA + DHA 200 mg\/ml (1:1), Lecitinas (fosfocholino \u0161altinis), Nat\u016bral\u016bs priedai (prid\u0117ti \u012f augalin\u012f aliej\u0173): Vitaminas E (d-alfa-tokoferolis) 2,5 mg\/ml, Vitaminas D 1,0 \u00b5g\/ml, Tokoferoli\u0173 ekstraktas, Rozmarin\u0173 ekstraktas. Laikymas: Atidarius pakuot\u0119, produktas tinkamas naudoti iki 4 m\u0117nesi\u0173. Laikyti pakuotes sausoje vietoje, apsaugotoje nuo tiesiogini\u0173 saul\u0117s spinduli\u0173. Atidarytus butelius visada laikyti vertikalioje pad\u0117tyje. Butelio nereikia purtyti. Geriausiam i\u0161saugojimui aliej\u0173 rekomenduojama laikyti \u0161aldytuve. Aliej\u0173 taip pat galima u\u017e\u0161aldyti ilgesniam laikymui.\" \/>\n<meta property=\"og:url\" content=\"https:\/\/miumjau.ee\/lt\/produktas\/nutrolin-senior-aliejus-vyresniems-sunims-990-ml\/\" \/>\n<meta property=\"og:site_name\" content=\"MiuMjau\" \/>\n<meta property=\"article:publisher\" content=\"https:\/\/www.facebook.com\/miumjaupood\/\" \/>\n<meta property=\"og:image\" content=\"https:\/\/miumjau.ee\/wp-content\/uploads\/2026\/02\/Nutrolin\u00aeSENIOR990ml.jpg\" \/>\n\t<meta property=\"og:image:width\" content=\"600\" \/>\n\t<meta property=\"og:image:height\" content=\"800\" \/>\n\t<meta property=\"og:image:type\" content=\"image\/jpeg\" \/>\n<meta name=\"twitter:card\" content=\"summary_large_image\" \/>\n<script type=\"application\/ld+json\" class=\"yoast-schema-graph\">{\"@context\":\"https:\\\/\\\/schema.org\",\"@graph\":[{\"@type\":\"WebPage\",\"@id\":\"https:\\\/\\\/miumjau.ee\\\/lt\\\/produktas\\\/nutrolin-senior-aliejus-vyresniems-sunims-990-ml\\\/\",\"url\":\"https:\\\/\\\/miumjau.ee\\\/lt\\\/produktas\\\/nutrolin-senior-aliejus-vyresniems-sunims-990-ml\\\/\",\"name\":\"Nutrolin Senior aliejus vyresniems \u0161unims 990 ml - MiuMjau\",\"isPartOf\":{\"@id\":\"https:\\\/\\\/miumjau.ee\\\/#website\"},\"primaryImageOfPage\":{\"@id\":\"https:\\\/\\\/miumjau.ee\\\/lt\\\/produktas\\\/nutrolin-senior-aliejus-vyresniems-sunims-990-ml\\\/#primaryimage\"},\"image\":{\"@id\":\"https:\\\/\\\/miumjau.ee\\\/lt\\\/produktas\\\/nutrolin-senior-aliejus-vyresniems-sunims-990-ml\\\/#primaryimage\"},\"thumbnailUrl\":\"https:\\\/\\\/miumjau.ee\\\/wp-content\\\/uploads\\\/2026\\\/02\\\/Nutrolin\u00aeSENIOR990ml.jpg\",\"datePublished\":\"2026-02-03T11:21:33+00:00\",\"breadcrumb\":{\"@id\":\"https:\\\/\\\/miumjau.ee\\\/lt\\\/produktas\\\/nutrolin-senior-aliejus-vyresniems-sunims-990-ml\\\/#breadcrumb\"},\"inLanguage\":\"lt-LT\",\"potentialAction\":[{\"@type\":\"ReadAction\",\"target\":[\"https:\\\/\\\/miumjau.ee\\\/lt\\\/produktas\\\/nutrolin-senior-aliejus-vyresniems-sunims-990-ml\\\/\"]}]},{\"@type\":\"ImageObject\",\"inLanguage\":\"lt-LT\",\"@id\":\"https:\\\/\\\/miumjau.ee\\\/lt\\\/produktas\\\/nutrolin-senior-aliejus-vyresniems-sunims-990-ml\\\/#primaryimage\",\"url\":\"https:\\\/\\\/miumjau.ee\\\/wp-content\\\/uploads\\\/2026\\\/02\\\/Nutrolin\u00aeSENIOR990ml.jpg\",\"contentUrl\":\"https:\\\/\\\/miumjau.ee\\\/wp-content\\\/uploads\\\/2026\\\/02\\\/Nutrolin\u00aeSENIOR990ml.jpg\",\"width\":600,\"height\":800,\"caption\":\"Nutrolin Senior \u00f5li eakatele koertele 990ml\"},{\"@type\":\"BreadcrumbList\",\"@id\":\"https:\\\/\\\/miumjau.ee\\\/lt\\\/produktas\\\/nutrolin-senior-aliejus-vyresniems-sunims-990-ml\\\/#breadcrumb\",\"itemListElement\":[{\"@type\":\"ListItem\",\"position\":1,\"name\":\"Home\",\"item\":\"https:\\\/\\\/miumjau.ee\\\/lt\\\/\"},{\"@type\":\"ListItem\",\"position\":2,\"name\":\"Parduotuv\u0117\",\"item\":\"https:\\\/\\\/miumjau.ee\\\/lt\\\/parduotuve\\\/\"},{\"@type\":\"ListItem\",\"position\":3,\"name\":\"Nutrolin Senior aliejus vyresniems \u0161unims 990 ml\"}]},{\"@type\":\"WebSite\",\"@id\":\"https:\\\/\\\/miumjau.ee\\\/#website\",\"url\":\"https:\\\/\\\/miumjau.ee\\\/\",\"name\":\"MiuMjau\",\"description\":\"Kraapimispuud kassidele\",\"publisher\":{\"@id\":\"https:\\\/\\\/miumjau.ee\\\/#organization\"},\"potentialAction\":[{\"@type\":\"SearchAction\",\"target\":{\"@type\":\"EntryPoint\",\"urlTemplate\":\"https:\\\/\\\/miumjau.ee\\\/?s={search_term_string}\"},\"query-input\":{\"@type\":\"PropertyValueSpecification\",\"valueRequired\":true,\"valueName\":\"search_term_string\"}}],\"inLanguage\":\"lt-LT\"},{\"@type\":\"Organization\",\"@id\":\"https:\\\/\\\/miumjau.ee\\\/#organization\",\"name\":\"MiuMjau O\u00dc\",\"url\":\"https:\\\/\\\/miumjau.ee\\\/\",\"logo\":{\"@type\":\"ImageObject\",\"inLanguage\":\"lt-LT\",\"@id\":\"https:\\\/\\\/miumjau.ee\\\/#\\\/schema\\\/logo\\\/image\\\/\",\"url\":\"https:\\\/\\\/miumjau.ee\\\/wp-content\\\/uploads\\\/2022\\\/04\\\/MiuMjau-logo-kollane.png\",\"contentUrl\":\"https:\\\/\\\/miumjau.ee\\\/wp-content\\\/uploads\\\/2022\\\/04\\\/MiuMjau-logo-kollane.png\",\"width\":219,\"height\":100,\"caption\":\"MiuMjau O\u00dc\"},\"image\":{\"@id\":\"https:\\\/\\\/miumjau.ee\\\/#\\\/schema\\\/logo\\\/image\\\/\"},\"sameAs\":[\"https:\\\/\\\/www.facebook.com\\\/miumjaupood\\\/\"]}]}<\/script>\n<!-- \/ Yoast SEO plugin. -->","yoast_head_json":{"title":"Nutrolin Senior aliejus vyresniems \u0161unims 990 ml - MiuMjau","robots":{"index":"index","follow":"follow","max-snippet":"max-snippet:-1","max-image-preview":"max-image-preview:large","max-video-preview":"max-video-preview:-1"},"canonical":"https:\/\/miumjau.ee\/lt\/produktas\/nutrolin-senior-aliejus-vyresniems-sunims-990-ml\/","og_locale":"lt_LT","og_type":"article","og_title":"Nutrolin Senior aliejus vyresniems \u0161unims 990 ml - MiuMjau","og_description":"Nutrolin Senior aliejus vyresniems \u0161unims yra papildomas pa\u0161aras, praturtintas Omega-3 \u017euv\u0173 kepen\u0173 aliejumi, skirtas palaikyti vyresni\u0173 \u0161un\u0173 judrum\u0105, smegen\u0173 veikl\u0105, aki\u0173, \u0161irdies ir dant\u0173 gerov\u0119. Tinka ir \u0161unims su jautriu skrand\u017eiu. Aliejuje esantis vitaminas D padeda palaikyti dant\u0173 ir kaul\u0173 sveikat\u0105. Aliejus padeda palaikyti ir gerinti vyresnio \u0161uns sveikat\u0105. Naudojimas: Tinka vis\u0173 veisli\u0173 vyresniems \u0161unims. Mai\u0161yti vien\u0105 kart\u0105 per dien\u0105 su \u0161uns maistu. Dozavimo informacija: \u017er. ant pakuot\u0117s. Sud\u0117tis: \u017duv\u0173 kepen\u0173 aliejus* \u2013 omega-3 EPA + DHA 200 mg\/ml (1:1), Lecitinas (fosfocholino \u0161altinis), Nat\u016bral\u016bs priedai (prid\u0117ti \u012f augalin\u012f aliej\u0173): Vitaminas E (d-alfa-tokoferolis) 2,5 mg\/ml, Vitaminas D 1,0 \u00b5g\/ml, Tokoferoli\u0173 ekstraktas, Rozmarin\u0173 ekstraktas. Laikymas: Atidarius pakuot\u0119, produktas tinkamas naudoti iki 4 m\u0117nesi\u0173. Laikyti pakuotes sausoje vietoje, apsaugotoje nuo tiesiogini\u0173 saul\u0117s spinduli\u0173. Atidarytus butelius visada laikyti vertikalioje pad\u0117tyje. Butelio nereikia purtyti. Geriausiam i\u0161saugojimui aliej\u0173 rekomenduojama laikyti \u0161aldytuve. Aliej\u0173 taip pat galima u\u017e\u0161aldyti ilgesniam laikymui.","og_url":"https:\/\/miumjau.ee\/lt\/produktas\/nutrolin-senior-aliejus-vyresniems-sunims-990-ml\/","og_site_name":"MiuMjau","article_publisher":"https:\/\/www.facebook.com\/miumjaupood\/","og_image":[{"width":600,"height":800,"url":"https:\/\/miumjau.ee\/wp-content\/uploads\/2026\/02\/Nutrolin\u00aeSENIOR990ml.jpg","type":"image\/jpeg"}],"twitter_card":"summary_large_image","schema":{"@context":"https:\/\/schema.org","@graph":[{"@type":"WebPage","@id":"https:\/\/miumjau.ee\/lt\/produktas\/nutrolin-senior-aliejus-vyresniems-sunims-990-ml\/","url":"https:\/\/miumjau.ee\/lt\/produktas\/nutrolin-senior-aliejus-vyresniems-sunims-990-ml\/","name":"Nutrolin Senior aliejus vyresniems \u0161unims 990 ml - MiuMjau","isPartOf":{"@id":"https:\/\/miumjau.ee\/#website"},"primaryImageOfPage":{"@id":"https:\/\/miumjau.ee\/lt\/produktas\/nutrolin-senior-aliejus-vyresniems-sunims-990-ml\/#primaryimage"},"image":{"@id":"https:\/\/miumjau.ee\/lt\/produktas\/nutrolin-senior-aliejus-vyresniems-sunims-990-ml\/#primaryimage"},"thumbnailUrl":"https:\/\/miumjau.ee\/wp-content\/uploads\/2026\/02\/Nutrolin\u00aeSENIOR990ml.jpg","datePublished":"2026-02-03T11:21:33+00:00","breadcrumb":{"@id":"https:\/\/miumjau.ee\/lt\/produktas\/nutrolin-senior-aliejus-vyresniems-sunims-990-ml\/#breadcrumb"},"inLanguage":"lt-LT","potentialAction":[{"@type":"ReadAction","target":["https:\/\/miumjau.ee\/lt\/produktas\/nutrolin-senior-aliejus-vyresniems-sunims-990-ml\/"]}]},{"@type":"ImageObject","inLanguage":"lt-LT","@id":"https:\/\/miumjau.ee\/lt\/produktas\/nutrolin-senior-aliejus-vyresniems-sunims-990-ml\/#primaryimage","url":"https:\/\/miumjau.ee\/wp-content\/uploads\/2026\/02\/Nutrolin\u00aeSENIOR990ml.jpg","contentUrl":"https:\/\/miumjau.ee\/wp-content\/uploads\/2026\/02\/Nutrolin\u00aeSENIOR990ml.jpg","width":600,"height":800,"caption":"Nutrolin Senior \u00f5li eakatele koertele 990ml"},{"@type":"BreadcrumbList","@id":"https:\/\/miumjau.ee\/lt\/produktas\/nutrolin-senior-aliejus-vyresniems-sunims-990-ml\/#breadcrumb","itemListElement":[{"@type":"ListItem","position":1,"name":"Home","item":"https:\/\/miumjau.ee\/lt\/"},{"@type":"ListItem","position":2,"name":"Parduotuv\u0117","item":"https:\/\/miumjau.ee\/lt\/parduotuve\/"},{"@type":"ListItem","position":3,"name":"Nutrolin Senior aliejus vyresniems \u0161unims 990 ml"}]},{"@type":"WebSite","@id":"https:\/\/miumjau.ee\/#website","url":"https:\/\/miumjau.ee\/","name":"MiuMjau","description":"Kraapimispuud kassidele","publisher":{"@id":"https:\/\/miumjau.ee\/#organization"},"potentialAction":[{"@type":"SearchAction","target":{"@type":"EntryPoint","urlTemplate":"https:\/\/miumjau.ee\/?s={search_term_string}"},"query-input":{"@type":"PropertyValueSpecification","valueRequired":true,"valueName":"search_term_string"}}],"inLanguage":"lt-LT"},{"@type":"Organization","@id":"https:\/\/miumjau.ee\/#organization","name":"MiuMjau O\u00dc","url":"https:\/\/miumjau.ee\/","logo":{"@type":"ImageObject","inLanguage":"lt-LT","@id":"https:\/\/miumjau.ee\/#\/schema\/logo\/image\/","url":"https:\/\/miumjau.ee\/wp-content\/uploads\/2022\/04\/MiuMjau-logo-kollane.png","contentUrl":"https:\/\/miumjau.ee\/wp-content\/uploads\/2022\/04\/MiuMjau-logo-kollane.png","width":219,"height":100,"caption":"MiuMjau O\u00dc"},"image":{"@id":"https:\/\/miumjau.ee\/#\/schema\/logo\/image\/"},"sameAs":["https:\/\/www.facebook.com\/miumjaupood\/"]}]}},"_links":{"self":[{"href":"https:\/\/miumjau.ee\/lt\/wp-json\/wp\/v2\/product\/53531","targetHints":{"allow":["GET"]}}],"collection":[{"href":"https:\/\/miumjau.ee\/lt\/wp-json\/wp\/v2\/product"}],"about":[{"href":"https:\/\/miumjau.ee\/lt\/wp-json\/wp\/v2\/types\/product"}],"wp:featuredmedia":[{"embeddable":true,"href":"https:\/\/miumjau.ee\/lt\/wp-json\/wp\/v2\/media\/53436"}],"wp:attachment":[{"href":"https:\/\/miumjau.ee\/lt\/wp-json\/wp\/v2\/media?parent=53531"}],"wp:term":[{"taxonomy":"product_brand","embeddable":true,"href":"https:\/\/miumjau.ee\/lt\/wp-json\/wp\/v2\/product_brand?post=53531"},{"taxonomy":"product_cat","embeddable":true,"href":"https:\/\/miumjau.ee\/lt\/wp-json\/wp\/v2\/product_cat?post=53531"},{"taxonomy":"product_tag","embeddable":true,"href":"https:\/\/miumjau.ee\/lt\/wp-json\/wp\/v2\/product_tag?post=53531"}],"curies":[{"name":"wp","href":"https:\/\/api.w.org\/{rel}","templated":true}]}}