{"id":53191,"date":"2026-01-27T13:07:49","date_gmt":"2026-01-27T11:07:49","guid":{"rendered":"https:\/\/miumjau.ee\/toode\/aatas-cat-tantalizing-mix-mesos-gausus-konservai-24-x-80g\/"},"modified":"2026-01-27T13:07:49","modified_gmt":"2026-01-27T11:07:49","slug":"aatas-cat-tantalizing-mix-mesos-gausus-konservai-24-x-80g","status":"publish","type":"product","link":"https:\/\/miumjau.ee\/lt\/produktas\/aatas-cat-tantalizing-mix-mesos-gausus-konservai-24-x-80g\/","title":{"rendered":"Aatas Cat Tantalizing Mix m\u0117sos gaus\u016bs konservai 24 x 80g"},"content":{"rendered":"","protected":false},"excerpt":{"rendered":"<p data-path-to-node=\"28\"><b data-path-to-node=\"28\" data-index-in-node=\"0\">PERKAMIAUSIA MIUMJAU PREK\u0116 2025<\/b> Skanus papildomas pa\u0161aras kat\u0117ms, pagamintas i\u0161 gausaus m\u0117sos kiekio. \u0160iame rinkinyje yra \u201eTantalizing\u201c serijos skoni\u0173 MIX, ma\u017eiausiai 3 skirtingi skoniai. Kat\u0117s m\u0117gsta \u012fvairov\u0119!<\/p>\n<p data-path-to-node=\"29\"><b data-path-to-node=\"29\" data-index-in-node=\"0\">D\u0117\u017eut\u0117je galite rasti \u0161iuos skonius:<\/b> <b data-path-to-node=\"29\" data-index-in-node=\"37\">Tiunas ir jautiena.<\/b> Sud\u0117tis: tiun\u0173 sultinys, tiunas, jautiena, geliuojan\u010dios med\u017eiagos (j\u016bros dumbliai, kasijos derva, guaro derva, sald\u017eiavaisi\u0173 pupmed\u017ei\u0173 derva, kalio chloridas ir karbonatai). Analitin\u0117 sud\u0117tis: \u017eali baltymai 10,0%, \u017eali riebalai 0,4%, \u017ealia l\u0105steliena 1,0%, \u017eali pelenai 3,0%, dr\u0117gnis 89,0%. <b data-path-to-node=\"29\" data-index-in-node=\"349\">Tiunas ir krevet\u0117s.<\/b> Sud\u0117tis: tiun\u0173 sultinys, tiunas, krevet\u0117s, geliuojan\u010dios med\u017eiagos (j\u016bros dumbliai, kasijos derva, guaro derva, sald\u017eiavaisi\u0173 pupmed\u017ei\u0173 derva, kalio chloridas ir karbonatai). Analitin\u0117 sud\u0117tis: \u017eali baltymai 10,0%, \u017eali riebalai 0,4%, \u017ealia l\u0105steliena 1,0%, \u017eali pelenai 2,0%, dr\u0117gnis 89,0%. <b data-path-to-node=\"29\" data-index-in-node=\"661\">Tiunas ir surimis.<\/b> Sud\u0117tis: tiun\u0173 sultinys, tiunas, surimis, geliuojan\u010dios med\u017eiagos (j\u016bros dumbliai, kasijos derva, guaro derva, sald\u017eiavaisi\u0173 pupmed\u017ei\u0173 derva, kalio chloridas ir karbonatai). Analitin\u0117 sud\u0117tis: \u017eali baltymai 10,0%, \u017eali riebalai 0,4%, \u017ealia l\u0105steliena 1,0%, \u017eali pelenai 2,0%, dr\u0117gnis 89,0%. <b data-path-to-node=\"29\" data-index-in-node=\"971\">Tiunas ir tilapija.<\/b> Sud\u0117tis: tiun\u0173 sultinys, tiunas, tilapija, geliuojan\u010dios med\u017eiagos (j\u016bros dumbliai, kasijos derva, guaro derva, sald\u017eiavaisi\u0173 pupmed\u017ei\u0173 derva, kalio chloridas ir karbonatai). Analitin\u0117 sud\u0117tis: \u017eali baltymai 10,0%, \u017eali riebalai 0,4%, \u017ealia l\u0105steliena 1,0%, \u017eali pelenai 2,0%, dr\u0117gnis 89,0%. <b data-path-to-node=\"29\" data-index-in-node=\"1283\">Tiunas ir la\u0161i\u0161a.<\/b> Sud\u0117tis: tiun\u0173 sultinys, tiunas, la\u0161i\u0161a, geliuojan\u010dios med\u017eiagos (j\u016bros dumbliai, kasijos derva, guaro derva, sald\u017eiavaisi\u0173 pupmed\u017ei\u0173 derva, kalio chloridas og karbonatai). Analitin\u0117 sud\u0117tis: \u017eali baltymai 10,0%, \u017eali riebalai 0,3%, \u017ealia l\u0105steliena 1,0%, \u017eali pelenai 3,0%, dr\u0117gnis 89,0%. <b data-path-to-node=\"29\" data-index-in-node=\"1591\">Tiunas ir makrel\u0117.<\/b> Sud\u0117tis: tiun\u0173 sultinys, tiunas, makrel\u0117 (uodega), geliuojan\u010dios med\u017eiagos (j\u016bros dumbliai, kasijos derva, guaro derva, sald\u017eiavaisi\u0173 pupmed\u017ei\u0173 derva, kalio chloridas og karbonatai). Analitin\u0117 sud\u0117tis: \u017eali baltymai 10,0%, \u017eali riebalai 0,4%, \u017ealia l\u0105steliena 1,0%, \u017eali pelenai 2,0%, dr\u0117gnis 89,0%.<\/p>\n<p data-path-to-node=\"30\"><b data-path-to-node=\"30\" data-index-in-node=\"0\">Savyb\u0117s:<\/b><\/p>\n<ul data-path-to-node=\"31\">\n<li>\n<p data-path-to-node=\"31,0,0\">Nat\u016brali m\u0117sa<\/p>\n<\/li>\n<li>\n<p data-path-to-node=\"31,1,0\">Ma\u017eai riebal\u0173 ir kalorij\u0173<\/p>\n<\/li>\n<li>\n<p data-path-to-node=\"31,2,0\">Patinka beveik visoms kat\u0117ms<\/p>\n<\/li>\n<li>\n<p data-path-to-node=\"31,3,0\">Sud\u0117tyje n\u0117ra gr\u016bd\u0173<\/p>\n<\/li>\n<li>\n<p data-path-to-node=\"31,4,0\">Be konservant\u0173<\/p>\n<\/li>\n<li>\n<p data-path-to-node=\"31,5,0\">Be GMO<\/p>\n<\/li>\n<li>\n<p data-path-to-node=\"31,6,0\">I\u0161 viso 24 konservai, kiekvienas po 80g.<\/p>\n<\/li>\n<\/ul>\n<p data-path-to-node=\"32\"><b data-path-to-node=\"32\" data-index-in-node=\"0\">Maitinimo nurodymai:<\/b> Neatidarytus konservus laikyti kambario temperat\u016broje. Neu\u017e\u0161aldyti. Likusi\u0105 maisto dal\u012f laikyti \u0161aldytuve. Tik ka\u010di\u0173 maitinimui. Patarimas: jei maistas per \u0161altas, j\u012f galima maloniai su\u0161ildyti dubenyje su \u0161iltu vandeniu.<\/p>\n","protected":false},"featured_media":53161,"template":"","meta":[],"product_brand":[],"product_cat":[526],"product_tag":[],"class_list":{"0":"post-53191","1":"product","2":"type-product","3":"status-publish","4":"has-post-thumbnail","6":"product_cat-slapias-maistas","8":"first","9":"instock","10":"taxable","11":"shipping-taxable","12":"purchasable","13":"product-type-simple"},"yoast_head":"<!-- This site is optimized with the Yoast SEO plugin v27.4 - https:\/\/yoast.com\/product\/yoast-seo-wordpress\/ -->\n<title>Aatas Cat Tantalizing Mix m\u0117sos gaus\u016bs konservai 24 x 80g - MiuMjau<\/title>\n<meta name=\"robots\" content=\"index, follow, max-snippet:-1, max-image-preview:large, max-video-preview:-1\" \/>\n<link rel=\"canonical\" href=\"https:\/\/miumjau.ee\/lt\/produktas\/aatas-cat-tantalizing-mix-mesos-gausus-konservai-24-x-80g\/\" \/>\n<meta property=\"og:locale\" content=\"lt_LT\" \/>\n<meta property=\"og:type\" content=\"article\" \/>\n<meta property=\"og:title\" content=\"Aatas Cat Tantalizing Mix m\u0117sos gaus\u016bs konservai 24 x 80g - MiuMjau\" \/>\n<meta property=\"og:description\" content=\"PERKAMIAUSIA MIUMJAU PREK\u0116 2025 Skanus papildomas pa\u0161aras kat\u0117ms, pagamintas i\u0161 gausaus m\u0117sos kiekio. \u0160iame rinkinyje yra \u201eTantalizing\u201c serijos skoni\u0173 MIX, ma\u017eiausiai 3 skirtingi skoniai. Kat\u0117s m\u0117gsta \u012fvairov\u0119! D\u0117\u017eut\u0117je galite rasti \u0161iuos skonius: Tiunas ir jautiena. Sud\u0117tis: tiun\u0173 sultinys, tiunas, jautiena, geliuojan\u010dios med\u017eiagos (j\u016bros dumbliai, kasijos derva, guaro derva, sald\u017eiavaisi\u0173 pupmed\u017ei\u0173 derva, kalio chloridas ir karbonatai). Analitin\u0117 sud\u0117tis: \u017eali baltymai 10,0%, \u017eali riebalai 0,4%, \u017ealia l\u0105steliena 1,0%, \u017eali pelenai 3,0%, dr\u0117gnis 89,0%. Tiunas ir krevet\u0117s. Sud\u0117tis: tiun\u0173 sultinys, tiunas, krevet\u0117s, geliuojan\u010dios med\u017eiagos (j\u016bros dumbliai, kasijos derva, guaro derva, sald\u017eiavaisi\u0173 pupmed\u017ei\u0173 derva, kalio chloridas ir karbonatai). Analitin\u0117 sud\u0117tis: \u017eali baltymai 10,0%, \u017eali riebalai 0,4%, \u017ealia l\u0105steliena 1,0%, \u017eali pelenai 2,0%, dr\u0117gnis 89,0%. Tiunas ir surimis. Sud\u0117tis: tiun\u0173 sultinys, tiunas, surimis, geliuojan\u010dios med\u017eiagos (j\u016bros dumbliai, kasijos derva, guaro derva, sald\u017eiavaisi\u0173 pupmed\u017ei\u0173 derva, kalio chloridas ir karbonatai). Analitin\u0117 sud\u0117tis: \u017eali baltymai 10,0%, \u017eali riebalai 0,4%, \u017ealia l\u0105steliena 1,0%, \u017eali pelenai 2,0%, dr\u0117gnis 89,0%. Tiunas ir tilapija. Sud\u0117tis: tiun\u0173 sultinys, tiunas, tilapija, geliuojan\u010dios med\u017eiagos (j\u016bros dumbliai, kasijos derva, guaro derva, sald\u017eiavaisi\u0173 pupmed\u017ei\u0173 derva, kalio chloridas ir karbonatai). Analitin\u0117 sud\u0117tis: \u017eali baltymai 10,0%, \u017eali riebalai 0,4%, \u017ealia l\u0105steliena 1,0%, \u017eali pelenai 2,0%, dr\u0117gnis 89,0%. Tiunas ir la\u0161i\u0161a. Sud\u0117tis: tiun\u0173 sultinys, tiunas, la\u0161i\u0161a, geliuojan\u010dios med\u017eiagos (j\u016bros dumbliai, kasijos derva, guaro derva, sald\u017eiavaisi\u0173 pupmed\u017ei\u0173 derva, kalio chloridas og karbonatai). Analitin\u0117 sud\u0117tis: \u017eali baltymai 10,0%, \u017eali riebalai 0,3%, \u017ealia l\u0105steliena 1,0%, \u017eali pelenai 3,0%, dr\u0117gnis 89,0%. Tiunas ir makrel\u0117. Sud\u0117tis: tiun\u0173 sultinys, tiunas, makrel\u0117 (uodega), geliuojan\u010dios med\u017eiagos (j\u016bros dumbliai, kasijos derva, guaro derva, sald\u017eiavaisi\u0173 pupmed\u017ei\u0173 derva, kalio chloridas og karbonatai). Analitin\u0117 sud\u0117tis: \u017eali baltymai 10,0%, \u017eali riebalai 0,4%, \u017ealia l\u0105steliena 1,0%, \u017eali pelenai 2,0%, dr\u0117gnis 89,0%. Savyb\u0117s:     Nat\u016brali m\u0117sa    Ma\u017eai riebal\u0173 ir kalorij\u0173    Patinka beveik visoms kat\u0117ms    Sud\u0117tyje n\u0117ra gr\u016bd\u0173    Be konservant\u0173    Be GMO    I\u0161 viso 24 konservai, kiekvienas po 80g.   Maitinimo nurodymai: Neatidarytus konservus laikyti kambario temperat\u016broje. Neu\u017e\u0161aldyti. Likusi\u0105 maisto dal\u012f laikyti \u0161aldytuve. Tik ka\u010di\u0173 maitinimui. Patarimas: jei maistas per \u0161altas, j\u012f galima maloniai su\u0161ildyti dubenyje su \u0161iltu vandeniu.\" \/>\n<meta property=\"og:url\" content=\"https:\/\/miumjau.ee\/lt\/produktas\/aatas-cat-tantalizing-mix-mesos-gausus-konservai-24-x-80g\/\" \/>\n<meta property=\"og:site_name\" content=\"MiuMjau\" \/>\n<meta property=\"article:publisher\" content=\"https:\/\/www.facebook.com\/miumjaupood\/\" \/>\n<meta property=\"og:image\" content=\"https:\/\/miumjau.ee\/wp-content\/uploads\/2026\/01\/aatas-cat-tantalizing-mix.png\" \/>\n\t<meta property=\"og:image:width\" content=\"600\" \/>\n\t<meta property=\"og:image:height\" content=\"800\" \/>\n\t<meta property=\"og:image:type\" content=\"image\/png\" \/>\n<meta name=\"twitter:card\" content=\"summary_large_image\" \/>\n<script type=\"application\/ld+json\" class=\"yoast-schema-graph\">{\"@context\":\"https:\\\/\\\/schema.org\",\"@graph\":[{\"@type\":\"WebPage\",\"@id\":\"https:\\\/\\\/miumjau.ee\\\/lt\\\/produktas\\\/aatas-cat-tantalizing-mix-mesos-gausus-konservai-24-x-80g\\\/\",\"url\":\"https:\\\/\\\/miumjau.ee\\\/lt\\\/produktas\\\/aatas-cat-tantalizing-mix-mesos-gausus-konservai-24-x-80g\\\/\",\"name\":\"Aatas Cat Tantalizing Mix m\u0117sos gaus\u016bs konservai 24 x 80g - MiuMjau\",\"isPartOf\":{\"@id\":\"https:\\\/\\\/miumjau.ee\\\/#website\"},\"primaryImageOfPage\":{\"@id\":\"https:\\\/\\\/miumjau.ee\\\/lt\\\/produktas\\\/aatas-cat-tantalizing-mix-mesos-gausus-konservai-24-x-80g\\\/#primaryimage\"},\"image\":{\"@id\":\"https:\\\/\\\/miumjau.ee\\\/lt\\\/produktas\\\/aatas-cat-tantalizing-mix-mesos-gausus-konservai-24-x-80g\\\/#primaryimage\"},\"thumbnailUrl\":\"https:\\\/\\\/miumjau.ee\\\/wp-content\\\/uploads\\\/2026\\\/01\\\/aatas-cat-tantalizing-mix.png\",\"datePublished\":\"2026-01-27T11:07:49+00:00\",\"breadcrumb\":{\"@id\":\"https:\\\/\\\/miumjau.ee\\\/lt\\\/produktas\\\/aatas-cat-tantalizing-mix-mesos-gausus-konservai-24-x-80g\\\/#breadcrumb\"},\"inLanguage\":\"lt-LT\",\"potentialAction\":[{\"@type\":\"ReadAction\",\"target\":[\"https:\\\/\\\/miumjau.ee\\\/lt\\\/produktas\\\/aatas-cat-tantalizing-mix-mesos-gausus-konservai-24-x-80g\\\/\"]}]},{\"@type\":\"ImageObject\",\"inLanguage\":\"lt-LT\",\"@id\":\"https:\\\/\\\/miumjau.ee\\\/lt\\\/produktas\\\/aatas-cat-tantalizing-mix-mesos-gausus-konservai-24-x-80g\\\/#primaryimage\",\"url\":\"https:\\\/\\\/miumjau.ee\\\/wp-content\\\/uploads\\\/2026\\\/01\\\/aatas-cat-tantalizing-mix.png\",\"contentUrl\":\"https:\\\/\\\/miumjau.ee\\\/wp-content\\\/uploads\\\/2026\\\/01\\\/aatas-cat-tantalizing-mix.png\",\"width\":600,\"height\":800,\"caption\":\"Aatas Cat Tantalizing Mix liharohked konservid 24 x 80g\"},{\"@type\":\"BreadcrumbList\",\"@id\":\"https:\\\/\\\/miumjau.ee\\\/lt\\\/produktas\\\/aatas-cat-tantalizing-mix-mesos-gausus-konservai-24-x-80g\\\/#breadcrumb\",\"itemListElement\":[{\"@type\":\"ListItem\",\"position\":1,\"name\":\"Home\",\"item\":\"https:\\\/\\\/miumjau.ee\\\/lt\\\/\"},{\"@type\":\"ListItem\",\"position\":2,\"name\":\"Parduotuv\u0117\",\"item\":\"https:\\\/\\\/miumjau.ee\\\/lt\\\/parduotuve\\\/\"},{\"@type\":\"ListItem\",\"position\":3,\"name\":\"Aatas Cat Tantalizing Mix m\u0117sos gaus\u016bs konservai 24 x 80g\"}]},{\"@type\":\"WebSite\",\"@id\":\"https:\\\/\\\/miumjau.ee\\\/#website\",\"url\":\"https:\\\/\\\/miumjau.ee\\\/\",\"name\":\"MiuMjau\",\"description\":\"Kraapimispuud kassidele\",\"publisher\":{\"@id\":\"https:\\\/\\\/miumjau.ee\\\/#organization\"},\"potentialAction\":[{\"@type\":\"SearchAction\",\"target\":{\"@type\":\"EntryPoint\",\"urlTemplate\":\"https:\\\/\\\/miumjau.ee\\\/?s={search_term_string}\"},\"query-input\":{\"@type\":\"PropertyValueSpecification\",\"valueRequired\":true,\"valueName\":\"search_term_string\"}}],\"inLanguage\":\"lt-LT\"},{\"@type\":\"Organization\",\"@id\":\"https:\\\/\\\/miumjau.ee\\\/#organization\",\"name\":\"MiuMjau O\u00dc\",\"url\":\"https:\\\/\\\/miumjau.ee\\\/\",\"logo\":{\"@type\":\"ImageObject\",\"inLanguage\":\"lt-LT\",\"@id\":\"https:\\\/\\\/miumjau.ee\\\/#\\\/schema\\\/logo\\\/image\\\/\",\"url\":\"https:\\\/\\\/miumjau.ee\\\/wp-content\\\/uploads\\\/2022\\\/04\\\/MiuMjau-logo-kollane.png\",\"contentUrl\":\"https:\\\/\\\/miumjau.ee\\\/wp-content\\\/uploads\\\/2022\\\/04\\\/MiuMjau-logo-kollane.png\",\"width\":219,\"height\":100,\"caption\":\"MiuMjau O\u00dc\"},\"image\":{\"@id\":\"https:\\\/\\\/miumjau.ee\\\/#\\\/schema\\\/logo\\\/image\\\/\"},\"sameAs\":[\"https:\\\/\\\/www.facebook.com\\\/miumjaupood\\\/\"]}]}<\/script>\n<!-- \/ Yoast SEO plugin. -->","yoast_head_json":{"title":"Aatas Cat Tantalizing Mix m\u0117sos gaus\u016bs konservai 24 x 80g - MiuMjau","robots":{"index":"index","follow":"follow","max-snippet":"max-snippet:-1","max-image-preview":"max-image-preview:large","max-video-preview":"max-video-preview:-1"},"canonical":"https:\/\/miumjau.ee\/lt\/produktas\/aatas-cat-tantalizing-mix-mesos-gausus-konservai-24-x-80g\/","og_locale":"lt_LT","og_type":"article","og_title":"Aatas Cat Tantalizing Mix m\u0117sos gaus\u016bs konservai 24 x 80g - MiuMjau","og_description":"PERKAMIAUSIA MIUMJAU PREK\u0116 2025 Skanus papildomas pa\u0161aras kat\u0117ms, pagamintas i\u0161 gausaus m\u0117sos kiekio. \u0160iame rinkinyje yra \u201eTantalizing\u201c serijos skoni\u0173 MIX, ma\u017eiausiai 3 skirtingi skoniai. Kat\u0117s m\u0117gsta \u012fvairov\u0119! D\u0117\u017eut\u0117je galite rasti \u0161iuos skonius: Tiunas ir jautiena. Sud\u0117tis: tiun\u0173 sultinys, tiunas, jautiena, geliuojan\u010dios med\u017eiagos (j\u016bros dumbliai, kasijos derva, guaro derva, sald\u017eiavaisi\u0173 pupmed\u017ei\u0173 derva, kalio chloridas ir karbonatai). Analitin\u0117 sud\u0117tis: \u017eali baltymai 10,0%, \u017eali riebalai 0,4%, \u017ealia l\u0105steliena 1,0%, \u017eali pelenai 3,0%, dr\u0117gnis 89,0%. Tiunas ir krevet\u0117s. Sud\u0117tis: tiun\u0173 sultinys, tiunas, krevet\u0117s, geliuojan\u010dios med\u017eiagos (j\u016bros dumbliai, kasijos derva, guaro derva, sald\u017eiavaisi\u0173 pupmed\u017ei\u0173 derva, kalio chloridas ir karbonatai). Analitin\u0117 sud\u0117tis: \u017eali baltymai 10,0%, \u017eali riebalai 0,4%, \u017ealia l\u0105steliena 1,0%, \u017eali pelenai 2,0%, dr\u0117gnis 89,0%. Tiunas ir surimis. Sud\u0117tis: tiun\u0173 sultinys, tiunas, surimis, geliuojan\u010dios med\u017eiagos (j\u016bros dumbliai, kasijos derva, guaro derva, sald\u017eiavaisi\u0173 pupmed\u017ei\u0173 derva, kalio chloridas ir karbonatai). Analitin\u0117 sud\u0117tis: \u017eali baltymai 10,0%, \u017eali riebalai 0,4%, \u017ealia l\u0105steliena 1,0%, \u017eali pelenai 2,0%, dr\u0117gnis 89,0%. Tiunas ir tilapija. Sud\u0117tis: tiun\u0173 sultinys, tiunas, tilapija, geliuojan\u010dios med\u017eiagos (j\u016bros dumbliai, kasijos derva, guaro derva, sald\u017eiavaisi\u0173 pupmed\u017ei\u0173 derva, kalio chloridas ir karbonatai). Analitin\u0117 sud\u0117tis: \u017eali baltymai 10,0%, \u017eali riebalai 0,4%, \u017ealia l\u0105steliena 1,0%, \u017eali pelenai 2,0%, dr\u0117gnis 89,0%. Tiunas ir la\u0161i\u0161a. Sud\u0117tis: tiun\u0173 sultinys, tiunas, la\u0161i\u0161a, geliuojan\u010dios med\u017eiagos (j\u016bros dumbliai, kasijos derva, guaro derva, sald\u017eiavaisi\u0173 pupmed\u017ei\u0173 derva, kalio chloridas og karbonatai). Analitin\u0117 sud\u0117tis: \u017eali baltymai 10,0%, \u017eali riebalai 0,3%, \u017ealia l\u0105steliena 1,0%, \u017eali pelenai 3,0%, dr\u0117gnis 89,0%. Tiunas ir makrel\u0117. Sud\u0117tis: tiun\u0173 sultinys, tiunas, makrel\u0117 (uodega), geliuojan\u010dios med\u017eiagos (j\u016bros dumbliai, kasijos derva, guaro derva, sald\u017eiavaisi\u0173 pupmed\u017ei\u0173 derva, kalio chloridas og karbonatai). Analitin\u0117 sud\u0117tis: \u017eali baltymai 10,0%, \u017eali riebalai 0,4%, \u017ealia l\u0105steliena 1,0%, \u017eali pelenai 2,0%, dr\u0117gnis 89,0%. Savyb\u0117s:     Nat\u016brali m\u0117sa    Ma\u017eai riebal\u0173 ir kalorij\u0173    Patinka beveik visoms kat\u0117ms    Sud\u0117tyje n\u0117ra gr\u016bd\u0173    Be konservant\u0173    Be GMO    I\u0161 viso 24 konservai, kiekvienas po 80g.   Maitinimo nurodymai: Neatidarytus konservus laikyti kambario temperat\u016broje. Neu\u017e\u0161aldyti. Likusi\u0105 maisto dal\u012f laikyti \u0161aldytuve. Tik ka\u010di\u0173 maitinimui. Patarimas: jei maistas per \u0161altas, j\u012f galima maloniai su\u0161ildyti dubenyje su \u0161iltu vandeniu.","og_url":"https:\/\/miumjau.ee\/lt\/produktas\/aatas-cat-tantalizing-mix-mesos-gausus-konservai-24-x-80g\/","og_site_name":"MiuMjau","article_publisher":"https:\/\/www.facebook.com\/miumjaupood\/","og_image":[{"width":600,"height":800,"url":"https:\/\/miumjau.ee\/wp-content\/uploads\/2026\/01\/aatas-cat-tantalizing-mix.png","type":"image\/png"}],"twitter_card":"summary_large_image","schema":{"@context":"https:\/\/schema.org","@graph":[{"@type":"WebPage","@id":"https:\/\/miumjau.ee\/lt\/produktas\/aatas-cat-tantalizing-mix-mesos-gausus-konservai-24-x-80g\/","url":"https:\/\/miumjau.ee\/lt\/produktas\/aatas-cat-tantalizing-mix-mesos-gausus-konservai-24-x-80g\/","name":"Aatas Cat Tantalizing Mix m\u0117sos gaus\u016bs konservai 24 x 80g - MiuMjau","isPartOf":{"@id":"https:\/\/miumjau.ee\/#website"},"primaryImageOfPage":{"@id":"https:\/\/miumjau.ee\/lt\/produktas\/aatas-cat-tantalizing-mix-mesos-gausus-konservai-24-x-80g\/#primaryimage"},"image":{"@id":"https:\/\/miumjau.ee\/lt\/produktas\/aatas-cat-tantalizing-mix-mesos-gausus-konservai-24-x-80g\/#primaryimage"},"thumbnailUrl":"https:\/\/miumjau.ee\/wp-content\/uploads\/2026\/01\/aatas-cat-tantalizing-mix.png","datePublished":"2026-01-27T11:07:49+00:00","breadcrumb":{"@id":"https:\/\/miumjau.ee\/lt\/produktas\/aatas-cat-tantalizing-mix-mesos-gausus-konservai-24-x-80g\/#breadcrumb"},"inLanguage":"lt-LT","potentialAction":[{"@type":"ReadAction","target":["https:\/\/miumjau.ee\/lt\/produktas\/aatas-cat-tantalizing-mix-mesos-gausus-konservai-24-x-80g\/"]}]},{"@type":"ImageObject","inLanguage":"lt-LT","@id":"https:\/\/miumjau.ee\/lt\/produktas\/aatas-cat-tantalizing-mix-mesos-gausus-konservai-24-x-80g\/#primaryimage","url":"https:\/\/miumjau.ee\/wp-content\/uploads\/2026\/01\/aatas-cat-tantalizing-mix.png","contentUrl":"https:\/\/miumjau.ee\/wp-content\/uploads\/2026\/01\/aatas-cat-tantalizing-mix.png","width":600,"height":800,"caption":"Aatas Cat Tantalizing Mix liharohked konservid 24 x 80g"},{"@type":"BreadcrumbList","@id":"https:\/\/miumjau.ee\/lt\/produktas\/aatas-cat-tantalizing-mix-mesos-gausus-konservai-24-x-80g\/#breadcrumb","itemListElement":[{"@type":"ListItem","position":1,"name":"Home","item":"https:\/\/miumjau.ee\/lt\/"},{"@type":"ListItem","position":2,"name":"Parduotuv\u0117","item":"https:\/\/miumjau.ee\/lt\/parduotuve\/"},{"@type":"ListItem","position":3,"name":"Aatas Cat Tantalizing Mix m\u0117sos gaus\u016bs konservai 24 x 80g"}]},{"@type":"WebSite","@id":"https:\/\/miumjau.ee\/#website","url":"https:\/\/miumjau.ee\/","name":"MiuMjau","description":"Kraapimispuud kassidele","publisher":{"@id":"https:\/\/miumjau.ee\/#organization"},"potentialAction":[{"@type":"SearchAction","target":{"@type":"EntryPoint","urlTemplate":"https:\/\/miumjau.ee\/?s={search_term_string}"},"query-input":{"@type":"PropertyValueSpecification","valueRequired":true,"valueName":"search_term_string"}}],"inLanguage":"lt-LT"},{"@type":"Organization","@id":"https:\/\/miumjau.ee\/#organization","name":"MiuMjau O\u00dc","url":"https:\/\/miumjau.ee\/","logo":{"@type":"ImageObject","inLanguage":"lt-LT","@id":"https:\/\/miumjau.ee\/#\/schema\/logo\/image\/","url":"https:\/\/miumjau.ee\/wp-content\/uploads\/2022\/04\/MiuMjau-logo-kollane.png","contentUrl":"https:\/\/miumjau.ee\/wp-content\/uploads\/2022\/04\/MiuMjau-logo-kollane.png","width":219,"height":100,"caption":"MiuMjau O\u00dc"},"image":{"@id":"https:\/\/miumjau.ee\/#\/schema\/logo\/image\/"},"sameAs":["https:\/\/www.facebook.com\/miumjaupood\/"]}]}},"_links":{"self":[{"href":"https:\/\/miumjau.ee\/lt\/wp-json\/wp\/v2\/product\/53191","targetHints":{"allow":["GET"]}}],"collection":[{"href":"https:\/\/miumjau.ee\/lt\/wp-json\/wp\/v2\/product"}],"about":[{"href":"https:\/\/miumjau.ee\/lt\/wp-json\/wp\/v2\/types\/product"}],"wp:featuredmedia":[{"embeddable":true,"href":"https:\/\/miumjau.ee\/lt\/wp-json\/wp\/v2\/media\/53161"}],"wp:attachment":[{"href":"https:\/\/miumjau.ee\/lt\/wp-json\/wp\/v2\/media?parent=53191"}],"wp:term":[{"taxonomy":"product_brand","embeddable":true,"href":"https:\/\/miumjau.ee\/lt\/wp-json\/wp\/v2\/product_brand?post=53191"},{"taxonomy":"product_cat","embeddable":true,"href":"https:\/\/miumjau.ee\/lt\/wp-json\/wp\/v2\/product_cat?post=53191"},{"taxonomy":"product_tag","embeddable":true,"href":"https:\/\/miumjau.ee\/lt\/wp-json\/wp\/v2\/product_tag?post=53191"}],"curies":[{"name":"wp","href":"https:\/\/api.w.org\/{rel}","templated":true}]}}