{"id":53186,"date":"2026-01-26T16:05:32","date_gmt":"2026-01-26T14:05:32","guid":{"rendered":"https:\/\/miumjau.ee\/toode\/dr-malou-salciu-dziovinti-vistienos-vafliai-sunims-120g\/"},"modified":"2026-01-26T16:05:32","modified_gmt":"2026-01-26T14:05:32","slug":"dr-malou-salciu-dziovinti-vistienos-vafliai-sunims-120g","status":"publish","type":"product","link":"https:\/\/miumjau.ee\/lt\/produktas\/dr-malou-salciu-dziovinti-vistienos-vafliai-sunims-120g\/","title":{"rendered":"Dr Malou \u0161al\u010diu d\u017eiovinti vi\u0161tienos vafliai \u0161unims 120g"},"content":{"rendered":"","protected":false},"excerpt":{"rendered":"<p data-path-to-node=\"37\"><b data-path-to-node=\"37\" data-index-in-node=\"0\">Dr. Malou \u0161al\u010diu d\u017eiovinti vi\u0161tienos vafliai \u0161unims \u2013 skanus ir maistingas nat\u016bralus papildomas pa\u0161aras<\/b> \u0160ie vafliai \u0161unims yra pagaminti i\u0161 <b data-path-to-node=\"37\" data-index-in-node=\"140\">84 % vi\u0161tienos ir 10 % vi\u0161t\u0173 kepen\u0117li\u0173<\/b>, tod\u0117l tai yra <b data-path-to-node=\"37\" data-index-in-node=\"194\">skanus ir sveikas u\u017ekandis<\/b> tarp valgi\u0173 arba <b data-path-to-node=\"37\" data-index-in-node=\"238\">atlygis treniruo\u010di\u0173 metu<\/b>. Kiekvienoje pakuot\u0117je yra <b data-path-to-node=\"37\" data-index-in-node=\"290\">skoni\u0173 derinys<\/b>, kuris j\u016bs\u0173 \u0161uniui tikrai patiks.<\/p>\n<p data-path-to-node=\"38\"><b data-path-to-node=\"38\" data-index-in-node=\"0\">Sveiki ir vertingi ingredientai \u2013 i\u0161sirinkite geriausi\u0105 skan\u0117st\u0105 savo \u0161uniui<\/b> <b data-path-to-node=\"38\" data-index-in-node=\"77\">Vi\u0161tiena ir kepen\u0117l\u0117s<\/b> yra lengvai vir\u0161kinamos, jose gausu <b data-path-to-node=\"38\" data-index-in-node=\"135\">baltym\u0173, B grup\u0117s vitamin\u0173, vitamino A ir seleno<\/b>. Tai <b data-path-to-node=\"38\" data-index-in-node=\"189\">puikus energijos \u0161altinis, turintis imunin\u0119 sistem\u0105 palaikan\u010di\u0173 ingredient\u0173<\/b>. <b data-path-to-node=\"38\" data-index-in-node=\"266\">Jams\u0173 milteliai<\/b> reguliuoja vir\u0161kinimo sistem\u0105, palaiko vir\u0161kinim\u0105 ir \u017earnyno peristaltik\u0105. <b data-path-to-node=\"38\" data-index-in-node=\"357\">Moli\u016bgas<\/b> yra <b data-path-to-node=\"38\" data-index-in-node=\"370\">vitamino E, skaidul\u0173 ir B grup\u0117s vitamin\u0173<\/b> \u0161altinis. Jis palaiko \u017earnyno sveikat\u0105 ir nat\u016bral\u0173 imunitet\u0105. <b data-path-to-node=\"38\" data-index-in-node=\"474\">\u0160ilauog\u0117s<\/b> yra <b data-path-to-node=\"38\" data-index-in-node=\"488\">nat\u016bral\u016bs antioksidantai<\/b>, kuriuose gausu <b data-path-to-node=\"38\" data-index-in-node=\"529\">vitamin\u0173 C ir K bei mangano<\/b>, palaikan\u010di\u0173 reg\u0117jim\u0105 ir neutralizuojan\u010di\u0173 laisvuosius radikalus. <b data-path-to-node=\"38\" data-index-in-node=\"623\">Spanguol\u0117s<\/b> vertinamos d\u0117l <b data-path-to-node=\"38\" data-index-in-node=\"649\">\u0161lapimo takus stimuliuojan\u010di\u0173<\/b> savybi\u0173, jose taip pat gausu <b data-path-to-node=\"38\" data-index-in-node=\"708\">vitamino C<\/b>. \u0160ie vafliai <b data-path-to-node=\"38\" data-index-in-node=\"732\">neturi dirbtini\u0173 konservant\u0173, da\u017eikli\u0173 ar nereikaling\u0173 u\u017epild\u0173<\/b>. Tai <b data-path-to-node=\"38\" data-index-in-node=\"800\">saugus pasirinkimas visiems \u0161unims<\/b>, net ir turintiems jautri\u0105 vir\u0161kinimo sistem\u0105.<\/p>\n<p data-path-to-node=\"39\"><b data-path-to-node=\"39\" data-index-in-node=\"0\">\u0160al\u010diu d\u017eiovinimas \u2013 inovatyvus metodas maksimaliai maistinei vertei i\u0161saugoti<\/b> Liofilizacijos (d\u017eiovinimo \u0161altyje) metu ingredientai d\u017eiovinami \u017eemoje temperat\u016broje, taip i\u0161saugant vis\u0105 j\u0173 skon\u012f, aromat\u0105 ir maistin\u0119 vert\u0119. Tai rei\u0161kia, kad Dr. Malou \u0161al\u010diu d\u017eiovinti m\u0117sos vafliai <b data-path-to-node=\"39\" data-index-in-node=\"281\">ne tik kvepia ir yra tokio pat skonio kaip \u0161vie\u017eia m\u0117sa<\/b>, bet ir turi visus <b data-path-to-node=\"39\" data-index-in-node=\"356\">svarbiausius mikro- ir makroelementus<\/b>.<\/p>\n<p data-path-to-node=\"40\"><b data-path-to-node=\"40\" data-index-in-node=\"0\">Ne tik sveikata \u2013 Dr. Malou vafliai yra pramoga ir u\u017eimtumas j\u016bs\u0173 \u0161uniui<\/b> Dr. Malou vafliai \u0161unims yra daugiau nei tik sveikas skan\u0117stas \u2013 tai <b data-path-to-node=\"40\" data-index-in-node=\"142\">kasdienis j\u016bs\u0173 augintinio gyvenimo praturtinimas<\/b>. J\u0173 tekst\u016bra ir forma <b data-path-to-node=\"40\" data-index-in-node=\"213\">stimuliuoja j\u016bs\u0173 \u0161uns poj\u016b\u010dius<\/b> bei <b data-path-to-node=\"40\" data-index-in-node=\"248\">patenkina nat\u016bral\u0173 poreik\u012f kramtyti ir tyrin\u0117ti<\/b>.<\/p>\n<p data-path-to-node=\"41\"><b data-path-to-node=\"41\" data-index-in-node=\"0\">Moli\u016bg\u0173 vafli\u0173 sud\u0117tis:<\/b> \u0161aldyta vi\u0161tiena 84 %, \u0161aldytos vi\u0161t\u0173 kepen\u0117l\u0117s 10 %, d\u017eiovintas moli\u016bgas 2,5 %, jams\u0173 milteliai 3 %, celiulioz\u0117 0,5 % <b data-path-to-node=\"41\" data-index-in-node=\"143\">Vafli\u0173 su \u0161ilauog\u0117mis sud\u0117tis:<\/b> \u0161aldyta vi\u0161tiena 84 %, \u0161aldytos vi\u0161t\u0173 kepen\u0117l\u0117s 10 %, d\u017eiovintos \u0161ilauog\u0117s 2,5 %, jams\u0173 milteliai 3 %, celiulioz\u0117 0,5 % <b data-path-to-node=\"41\" data-index-in-node=\"294\">Vafli\u0173 su spanguol\u0117mis sud\u0117tis:<\/b> \u0161aldyta vi\u0161tiena 84 %, \u0161aldytos vi\u0161t\u0173 kepen\u0117l\u0117s 10 %, d\u017eiovintos spanguol\u0117s 2,5 %, jams\u0173 \u0161akn\u0173 milteliai 3 %, celiulioz\u0117 0,5 % <b data-path-to-node=\"41\" data-index-in-node=\"453\">Analitin\u0117s sudedamosios dalys:<\/b> \u017eali baltymai 72 %, \u017eali riebalai 10 %, \u017ealia l\u0105steliena 2 %, \u017eali pelenai 6 %, dr\u0117gm\u0117 6 %. <b data-path-to-node=\"41\" data-index-in-node=\"576\">Technologiniai priedai:<\/b> nat\u016bralus rozmarino ekstraktas.<\/p>\n<p data-path-to-node=\"42\"><b data-path-to-node=\"42\" data-index-in-node=\"0\">Vartojimo b\u016bdas ir dozavimas<\/b> <b data-path-to-node=\"42\" data-index-in-node=\"29\">Energin\u0117 vert\u0117:<\/b> 351 kcal\/100 g <b data-path-to-node=\"42\" data-index-in-node=\"60\">1 vieneto (2 g) energin\u0117 vert\u0117:<\/b> 7 kcal <b data-path-to-node=\"42\" data-index-in-node=\"99\">Rekomenduojamas paros kiekis<\/b><\/p>\n<ul data-path-to-node=\"43\">\n<li>\n<p data-path-to-node=\"43,0,0\">\u0160uns svoris (kg): 1\u20135 | 5\u201310 | 10\u201320 | vir\u0161 20<\/p>\n<\/li>\n<li>\n<p data-path-to-node=\"43,1,0\">Kiekis (g\/per dien\u0105): 1\u20137 | 5\u201310 | 8\u201315 | 12\u201320<\/p>\n<\/li>\n<\/ul>\n<p data-path-to-node=\"44\"><b data-path-to-node=\"44\" data-index-in-node=\"0\">\u0160\u0117rimo instrukcija:<\/b> \u0160ie vafliai yra skan\u016bs ir tra\u0161k\u016bs skan\u0117stai, paruo\u0161ti vartoti i\u0161 karto. Jei norite, galite pabandyti juos pamirkyti vandenyje, kad \u0161uniui b\u016bt\u0173 lengviau juos su\u0117sti. U\u017etikrinkite, kad \u0161uo visada tur\u0117t\u0173 laisv\u0105 prieig\u0105 prie \u0161vie\u017eio ir \u0161varaus geriamojo vandens.<\/p>\n","protected":false},"featured_media":52939,"template":"","meta":[],"product_brand":[],"product_cat":[540],"product_tag":[],"class_list":{"0":"post-53186","1":"product","2":"type-product","3":"status-publish","4":"has-post-thumbnail","6":"product_cat-skanestai-sunims","8":"first","9":"instock","10":"taxable","11":"shipping-taxable","12":"purchasable","13":"product-type-simple"},"yoast_head":"<!-- This site is optimized with the Yoast SEO plugin v27.4 - https:\/\/yoast.com\/product\/yoast-seo-wordpress\/ -->\n<title>Dr Malou \u0161al\u010diu d\u017eiovinti vi\u0161tienos vafliai \u0161unims 120g - MiuMjau<\/title>\n<meta name=\"robots\" content=\"index, follow, max-snippet:-1, max-image-preview:large, max-video-preview:-1\" \/>\n<link rel=\"canonical\" href=\"https:\/\/miumjau.ee\/lt\/produktas\/dr-malou-salciu-dziovinti-vistienos-vafliai-sunims-120g\/\" \/>\n<meta property=\"og:locale\" content=\"lt_LT\" \/>\n<meta property=\"og:type\" content=\"article\" \/>\n<meta property=\"og:title\" content=\"Dr Malou \u0161al\u010diu d\u017eiovinti vi\u0161tienos vafliai \u0161unims 120g - MiuMjau\" \/>\n<meta property=\"og:description\" content=\"Dr. Malou \u0161al\u010diu d\u017eiovinti vi\u0161tienos vafliai \u0161unims \u2013 skanus ir maistingas nat\u016bralus papildomas pa\u0161aras \u0160ie vafliai \u0161unims yra pagaminti i\u0161 84 % vi\u0161tienos ir 10 % vi\u0161t\u0173 kepen\u0117li\u0173, tod\u0117l tai yra skanus ir sveikas u\u017ekandis tarp valgi\u0173 arba atlygis treniruo\u010di\u0173 metu. Kiekvienoje pakuot\u0117je yra skoni\u0173 derinys, kuris j\u016bs\u0173 \u0161uniui tikrai patiks. Sveiki ir vertingi ingredientai \u2013 i\u0161sirinkite geriausi\u0105 skan\u0117st\u0105 savo \u0161uniui Vi\u0161tiena ir kepen\u0117l\u0117s yra lengvai vir\u0161kinamos, jose gausu baltym\u0173, B grup\u0117s vitamin\u0173, vitamino A ir seleno. Tai puikus energijos \u0161altinis, turintis imunin\u0119 sistem\u0105 palaikan\u010di\u0173 ingredient\u0173. Jams\u0173 milteliai reguliuoja vir\u0161kinimo sistem\u0105, palaiko vir\u0161kinim\u0105 ir \u017earnyno peristaltik\u0105. Moli\u016bgas yra vitamino E, skaidul\u0173 ir B grup\u0117s vitamin\u0173 \u0161altinis. Jis palaiko \u017earnyno sveikat\u0105 ir nat\u016bral\u0173 imunitet\u0105. \u0160ilauog\u0117s yra nat\u016bral\u016bs antioksidantai, kuriuose gausu vitamin\u0173 C ir K bei mangano, palaikan\u010di\u0173 reg\u0117jim\u0105 ir neutralizuojan\u010di\u0173 laisvuosius radikalus. Spanguol\u0117s vertinamos d\u0117l \u0161lapimo takus stimuliuojan\u010di\u0173 savybi\u0173, jose taip pat gausu vitamino C. \u0160ie vafliai neturi dirbtini\u0173 konservant\u0173, da\u017eikli\u0173 ar nereikaling\u0173 u\u017epild\u0173. Tai saugus pasirinkimas visiems \u0161unims, net ir turintiems jautri\u0105 vir\u0161kinimo sistem\u0105. \u0160al\u010diu d\u017eiovinimas \u2013 inovatyvus metodas maksimaliai maistinei vertei i\u0161saugoti Liofilizacijos (d\u017eiovinimo \u0161altyje) metu ingredientai d\u017eiovinami \u017eemoje temperat\u016broje, taip i\u0161saugant vis\u0105 j\u0173 skon\u012f, aromat\u0105 ir maistin\u0119 vert\u0119. Tai rei\u0161kia, kad Dr. Malou \u0161al\u010diu d\u017eiovinti m\u0117sos vafliai ne tik kvepia ir yra tokio pat skonio kaip \u0161vie\u017eia m\u0117sa, bet ir turi visus svarbiausius mikro- ir makroelementus. Ne tik sveikata \u2013 Dr. Malou vafliai yra pramoga ir u\u017eimtumas j\u016bs\u0173 \u0161uniui Dr. Malou vafliai \u0161unims yra daugiau nei tik sveikas skan\u0117stas \u2013 tai kasdienis j\u016bs\u0173 augintinio gyvenimo praturtinimas. J\u0173 tekst\u016bra ir forma stimuliuoja j\u016bs\u0173 \u0161uns poj\u016b\u010dius bei patenkina nat\u016bral\u0173 poreik\u012f kramtyti ir tyrin\u0117ti. Moli\u016bg\u0173 vafli\u0173 sud\u0117tis: \u0161aldyta vi\u0161tiena 84 %, \u0161aldytos vi\u0161t\u0173 kepen\u0117l\u0117s 10 %, d\u017eiovintas moli\u016bgas 2,5 %, jams\u0173 milteliai 3 %, celiulioz\u0117 0,5 % Vafli\u0173 su \u0161ilauog\u0117mis sud\u0117tis: \u0161aldyta vi\u0161tiena 84 %, \u0161aldytos vi\u0161t\u0173 kepen\u0117l\u0117s 10 %, d\u017eiovintos \u0161ilauog\u0117s 2,5 %, jams\u0173 milteliai 3 %, celiulioz\u0117 0,5 % Vafli\u0173 su spanguol\u0117mis sud\u0117tis: \u0161aldyta vi\u0161tiena 84 %, \u0161aldytos vi\u0161t\u0173 kepen\u0117l\u0117s 10 %, d\u017eiovintos spanguol\u0117s 2,5 %, jams\u0173 \u0161akn\u0173 milteliai 3 %, celiulioz\u0117 0,5 % Analitin\u0117s sudedamosios dalys: \u017eali baltymai 72 %, \u017eali riebalai 10 %, \u017ealia l\u0105steliena 2 %, \u017eali pelenai 6 %, dr\u0117gm\u0117 6 %. Technologiniai priedai: nat\u016bralus rozmarino ekstraktas. Vartojimo b\u016bdas ir dozavimas Energin\u0117 vert\u0117: 351 kcal\/100 g 1 vieneto (2 g) energin\u0117 vert\u0117: 7 kcal Rekomenduojamas paros kiekis     \u0160uns svoris (kg): 1\u20135 | 5\u201310 | 10\u201320 | vir\u0161 20    Kiekis (g\/per dien\u0105): 1\u20137 | 5\u201310 | 8\u201315 | 12\u201320   \u0160\u0117rimo instrukcija: \u0160ie vafliai yra skan\u016bs ir tra\u0161k\u016bs skan\u0117stai, paruo\u0161ti vartoti i\u0161 karto. Jei norite, galite pabandyti juos pamirkyti vandenyje, kad \u0161uniui b\u016bt\u0173 lengviau juos su\u0117sti. U\u017etikrinkite, kad \u0161uo visada tur\u0117t\u0173 laisv\u0105 prieig\u0105 prie \u0161vie\u017eio ir \u0161varaus geriamojo vandens.\" \/>\n<meta property=\"og:url\" content=\"https:\/\/miumjau.ee\/lt\/produktas\/dr-malou-salciu-dziovinti-vistienos-vafliai-sunims-120g\/\" \/>\n<meta property=\"og:site_name\" content=\"MiuMjau\" \/>\n<meta property=\"article:publisher\" content=\"https:\/\/www.facebook.com\/miumjaupood\/\" \/>\n<meta property=\"og:image\" content=\"https:\/\/miumjau.ee\/wp-content\/uploads\/2026\/01\/dr-malou-vahvlid-koertele1.jpg\" \/>\n\t<meta property=\"og:image:width\" content=\"600\" \/>\n\t<meta property=\"og:image:height\" content=\"800\" \/>\n\t<meta property=\"og:image:type\" content=\"image\/jpeg\" \/>\n<meta name=\"twitter:card\" content=\"summary_large_image\" \/>\n<script type=\"application\/ld+json\" class=\"yoast-schema-graph\">{\"@context\":\"https:\\\/\\\/schema.org\",\"@graph\":[{\"@type\":\"WebPage\",\"@id\":\"https:\\\/\\\/miumjau.ee\\\/lt\\\/produktas\\\/dr-malou-salciu-dziovinti-vistienos-vafliai-sunims-120g\\\/\",\"url\":\"https:\\\/\\\/miumjau.ee\\\/lt\\\/produktas\\\/dr-malou-salciu-dziovinti-vistienos-vafliai-sunims-120g\\\/\",\"name\":\"Dr Malou \u0161al\u010diu d\u017eiovinti vi\u0161tienos vafliai \u0161unims 120g - MiuMjau\",\"isPartOf\":{\"@id\":\"https:\\\/\\\/miumjau.ee\\\/#website\"},\"primaryImageOfPage\":{\"@id\":\"https:\\\/\\\/miumjau.ee\\\/lt\\\/produktas\\\/dr-malou-salciu-dziovinti-vistienos-vafliai-sunims-120g\\\/#primaryimage\"},\"image\":{\"@id\":\"https:\\\/\\\/miumjau.ee\\\/lt\\\/produktas\\\/dr-malou-salciu-dziovinti-vistienos-vafliai-sunims-120g\\\/#primaryimage\"},\"thumbnailUrl\":\"https:\\\/\\\/miumjau.ee\\\/wp-content\\\/uploads\\\/2026\\\/01\\\/dr-malou-vahvlid-koertele1.jpg\",\"datePublished\":\"2026-01-26T14:05:32+00:00\",\"breadcrumb\":{\"@id\":\"https:\\\/\\\/miumjau.ee\\\/lt\\\/produktas\\\/dr-malou-salciu-dziovinti-vistienos-vafliai-sunims-120g\\\/#breadcrumb\"},\"inLanguage\":\"lt-LT\",\"potentialAction\":[{\"@type\":\"ReadAction\",\"target\":[\"https:\\\/\\\/miumjau.ee\\\/lt\\\/produktas\\\/dr-malou-salciu-dziovinti-vistienos-vafliai-sunims-120g\\\/\"]}]},{\"@type\":\"ImageObject\",\"inLanguage\":\"lt-LT\",\"@id\":\"https:\\\/\\\/miumjau.ee\\\/lt\\\/produktas\\\/dr-malou-salciu-dziovinti-vistienos-vafliai-sunims-120g\\\/#primaryimage\",\"url\":\"https:\\\/\\\/miumjau.ee\\\/wp-content\\\/uploads\\\/2026\\\/01\\\/dr-malou-vahvlid-koertele1.jpg\",\"contentUrl\":\"https:\\\/\\\/miumjau.ee\\\/wp-content\\\/uploads\\\/2026\\\/01\\\/dr-malou-vahvlid-koertele1.jpg\",\"width\":600,\"height\":800,\"caption\":\"Dr Malou k\u00fclmkuivatatud kanavahvlid koertele 120g\"},{\"@type\":\"BreadcrumbList\",\"@id\":\"https:\\\/\\\/miumjau.ee\\\/lt\\\/produktas\\\/dr-malou-salciu-dziovinti-vistienos-vafliai-sunims-120g\\\/#breadcrumb\",\"itemListElement\":[{\"@type\":\"ListItem\",\"position\":1,\"name\":\"Home\",\"item\":\"https:\\\/\\\/miumjau.ee\\\/lt\\\/\"},{\"@type\":\"ListItem\",\"position\":2,\"name\":\"Parduotuv\u0117\",\"item\":\"https:\\\/\\\/miumjau.ee\\\/lt\\\/parduotuve\\\/\"},{\"@type\":\"ListItem\",\"position\":3,\"name\":\"Dr Malou \u0161al\u010diu d\u017eiovinti vi\u0161tienos vafliai \u0161unims 120g\"}]},{\"@type\":\"WebSite\",\"@id\":\"https:\\\/\\\/miumjau.ee\\\/#website\",\"url\":\"https:\\\/\\\/miumjau.ee\\\/\",\"name\":\"MiuMjau\",\"description\":\"Kraapimispuud kassidele\",\"publisher\":{\"@id\":\"https:\\\/\\\/miumjau.ee\\\/#organization\"},\"potentialAction\":[{\"@type\":\"SearchAction\",\"target\":{\"@type\":\"EntryPoint\",\"urlTemplate\":\"https:\\\/\\\/miumjau.ee\\\/?s={search_term_string}\"},\"query-input\":{\"@type\":\"PropertyValueSpecification\",\"valueRequired\":true,\"valueName\":\"search_term_string\"}}],\"inLanguage\":\"lt-LT\"},{\"@type\":\"Organization\",\"@id\":\"https:\\\/\\\/miumjau.ee\\\/#organization\",\"name\":\"MiuMjau O\u00dc\",\"url\":\"https:\\\/\\\/miumjau.ee\\\/\",\"logo\":{\"@type\":\"ImageObject\",\"inLanguage\":\"lt-LT\",\"@id\":\"https:\\\/\\\/miumjau.ee\\\/#\\\/schema\\\/logo\\\/image\\\/\",\"url\":\"https:\\\/\\\/miumjau.ee\\\/wp-content\\\/uploads\\\/2022\\\/04\\\/MiuMjau-logo-kollane.png\",\"contentUrl\":\"https:\\\/\\\/miumjau.ee\\\/wp-content\\\/uploads\\\/2022\\\/04\\\/MiuMjau-logo-kollane.png\",\"width\":219,\"height\":100,\"caption\":\"MiuMjau O\u00dc\"},\"image\":{\"@id\":\"https:\\\/\\\/miumjau.ee\\\/#\\\/schema\\\/logo\\\/image\\\/\"},\"sameAs\":[\"https:\\\/\\\/www.facebook.com\\\/miumjaupood\\\/\"]}]}<\/script>\n<!-- \/ Yoast SEO plugin. -->","yoast_head_json":{"title":"Dr Malou \u0161al\u010diu d\u017eiovinti vi\u0161tienos vafliai \u0161unims 120g - MiuMjau","robots":{"index":"index","follow":"follow","max-snippet":"max-snippet:-1","max-image-preview":"max-image-preview:large","max-video-preview":"max-video-preview:-1"},"canonical":"https:\/\/miumjau.ee\/lt\/produktas\/dr-malou-salciu-dziovinti-vistienos-vafliai-sunims-120g\/","og_locale":"lt_LT","og_type":"article","og_title":"Dr Malou \u0161al\u010diu d\u017eiovinti vi\u0161tienos vafliai \u0161unims 120g - MiuMjau","og_description":"Dr. Malou \u0161al\u010diu d\u017eiovinti vi\u0161tienos vafliai \u0161unims \u2013 skanus ir maistingas nat\u016bralus papildomas pa\u0161aras \u0160ie vafliai \u0161unims yra pagaminti i\u0161 84 % vi\u0161tienos ir 10 % vi\u0161t\u0173 kepen\u0117li\u0173, tod\u0117l tai yra skanus ir sveikas u\u017ekandis tarp valgi\u0173 arba atlygis treniruo\u010di\u0173 metu. Kiekvienoje pakuot\u0117je yra skoni\u0173 derinys, kuris j\u016bs\u0173 \u0161uniui tikrai patiks. Sveiki ir vertingi ingredientai \u2013 i\u0161sirinkite geriausi\u0105 skan\u0117st\u0105 savo \u0161uniui Vi\u0161tiena ir kepen\u0117l\u0117s yra lengvai vir\u0161kinamos, jose gausu baltym\u0173, B grup\u0117s vitamin\u0173, vitamino A ir seleno. Tai puikus energijos \u0161altinis, turintis imunin\u0119 sistem\u0105 palaikan\u010di\u0173 ingredient\u0173. Jams\u0173 milteliai reguliuoja vir\u0161kinimo sistem\u0105, palaiko vir\u0161kinim\u0105 ir \u017earnyno peristaltik\u0105. Moli\u016bgas yra vitamino E, skaidul\u0173 ir B grup\u0117s vitamin\u0173 \u0161altinis. Jis palaiko \u017earnyno sveikat\u0105 ir nat\u016bral\u0173 imunitet\u0105. \u0160ilauog\u0117s yra nat\u016bral\u016bs antioksidantai, kuriuose gausu vitamin\u0173 C ir K bei mangano, palaikan\u010di\u0173 reg\u0117jim\u0105 ir neutralizuojan\u010di\u0173 laisvuosius radikalus. Spanguol\u0117s vertinamos d\u0117l \u0161lapimo takus stimuliuojan\u010di\u0173 savybi\u0173, jose taip pat gausu vitamino C. \u0160ie vafliai neturi dirbtini\u0173 konservant\u0173, da\u017eikli\u0173 ar nereikaling\u0173 u\u017epild\u0173. Tai saugus pasirinkimas visiems \u0161unims, net ir turintiems jautri\u0105 vir\u0161kinimo sistem\u0105. \u0160al\u010diu d\u017eiovinimas \u2013 inovatyvus metodas maksimaliai maistinei vertei i\u0161saugoti Liofilizacijos (d\u017eiovinimo \u0161altyje) metu ingredientai d\u017eiovinami \u017eemoje temperat\u016broje, taip i\u0161saugant vis\u0105 j\u0173 skon\u012f, aromat\u0105 ir maistin\u0119 vert\u0119. Tai rei\u0161kia, kad Dr. Malou \u0161al\u010diu d\u017eiovinti m\u0117sos vafliai ne tik kvepia ir yra tokio pat skonio kaip \u0161vie\u017eia m\u0117sa, bet ir turi visus svarbiausius mikro- ir makroelementus. Ne tik sveikata \u2013 Dr. Malou vafliai yra pramoga ir u\u017eimtumas j\u016bs\u0173 \u0161uniui Dr. Malou vafliai \u0161unims yra daugiau nei tik sveikas skan\u0117stas \u2013 tai kasdienis j\u016bs\u0173 augintinio gyvenimo praturtinimas. J\u0173 tekst\u016bra ir forma stimuliuoja j\u016bs\u0173 \u0161uns poj\u016b\u010dius bei patenkina nat\u016bral\u0173 poreik\u012f kramtyti ir tyrin\u0117ti. Moli\u016bg\u0173 vafli\u0173 sud\u0117tis: \u0161aldyta vi\u0161tiena 84 %, \u0161aldytos vi\u0161t\u0173 kepen\u0117l\u0117s 10 %, d\u017eiovintas moli\u016bgas 2,5 %, jams\u0173 milteliai 3 %, celiulioz\u0117 0,5 % Vafli\u0173 su \u0161ilauog\u0117mis sud\u0117tis: \u0161aldyta vi\u0161tiena 84 %, \u0161aldytos vi\u0161t\u0173 kepen\u0117l\u0117s 10 %, d\u017eiovintos \u0161ilauog\u0117s 2,5 %, jams\u0173 milteliai 3 %, celiulioz\u0117 0,5 % Vafli\u0173 su spanguol\u0117mis sud\u0117tis: \u0161aldyta vi\u0161tiena 84 %, \u0161aldytos vi\u0161t\u0173 kepen\u0117l\u0117s 10 %, d\u017eiovintos spanguol\u0117s 2,5 %, jams\u0173 \u0161akn\u0173 milteliai 3 %, celiulioz\u0117 0,5 % Analitin\u0117s sudedamosios dalys: \u017eali baltymai 72 %, \u017eali riebalai 10 %, \u017ealia l\u0105steliena 2 %, \u017eali pelenai 6 %, dr\u0117gm\u0117 6 %. Technologiniai priedai: nat\u016bralus rozmarino ekstraktas. Vartojimo b\u016bdas ir dozavimas Energin\u0117 vert\u0117: 351 kcal\/100 g 1 vieneto (2 g) energin\u0117 vert\u0117: 7 kcal Rekomenduojamas paros kiekis     \u0160uns svoris (kg): 1\u20135 | 5\u201310 | 10\u201320 | vir\u0161 20    Kiekis (g\/per dien\u0105): 1\u20137 | 5\u201310 | 8\u201315 | 12\u201320   \u0160\u0117rimo instrukcija: \u0160ie vafliai yra skan\u016bs ir tra\u0161k\u016bs skan\u0117stai, paruo\u0161ti vartoti i\u0161 karto. Jei norite, galite pabandyti juos pamirkyti vandenyje, kad \u0161uniui b\u016bt\u0173 lengviau juos su\u0117sti. U\u017etikrinkite, kad \u0161uo visada tur\u0117t\u0173 laisv\u0105 prieig\u0105 prie \u0161vie\u017eio ir \u0161varaus geriamojo vandens.","og_url":"https:\/\/miumjau.ee\/lt\/produktas\/dr-malou-salciu-dziovinti-vistienos-vafliai-sunims-120g\/","og_site_name":"MiuMjau","article_publisher":"https:\/\/www.facebook.com\/miumjaupood\/","og_image":[{"width":600,"height":800,"url":"https:\/\/miumjau.ee\/wp-content\/uploads\/2026\/01\/dr-malou-vahvlid-koertele1.jpg","type":"image\/jpeg"}],"twitter_card":"summary_large_image","schema":{"@context":"https:\/\/schema.org","@graph":[{"@type":"WebPage","@id":"https:\/\/miumjau.ee\/lt\/produktas\/dr-malou-salciu-dziovinti-vistienos-vafliai-sunims-120g\/","url":"https:\/\/miumjau.ee\/lt\/produktas\/dr-malou-salciu-dziovinti-vistienos-vafliai-sunims-120g\/","name":"Dr Malou \u0161al\u010diu d\u017eiovinti vi\u0161tienos vafliai \u0161unims 120g - MiuMjau","isPartOf":{"@id":"https:\/\/miumjau.ee\/#website"},"primaryImageOfPage":{"@id":"https:\/\/miumjau.ee\/lt\/produktas\/dr-malou-salciu-dziovinti-vistienos-vafliai-sunims-120g\/#primaryimage"},"image":{"@id":"https:\/\/miumjau.ee\/lt\/produktas\/dr-malou-salciu-dziovinti-vistienos-vafliai-sunims-120g\/#primaryimage"},"thumbnailUrl":"https:\/\/miumjau.ee\/wp-content\/uploads\/2026\/01\/dr-malou-vahvlid-koertele1.jpg","datePublished":"2026-01-26T14:05:32+00:00","breadcrumb":{"@id":"https:\/\/miumjau.ee\/lt\/produktas\/dr-malou-salciu-dziovinti-vistienos-vafliai-sunims-120g\/#breadcrumb"},"inLanguage":"lt-LT","potentialAction":[{"@type":"ReadAction","target":["https:\/\/miumjau.ee\/lt\/produktas\/dr-malou-salciu-dziovinti-vistienos-vafliai-sunims-120g\/"]}]},{"@type":"ImageObject","inLanguage":"lt-LT","@id":"https:\/\/miumjau.ee\/lt\/produktas\/dr-malou-salciu-dziovinti-vistienos-vafliai-sunims-120g\/#primaryimage","url":"https:\/\/miumjau.ee\/wp-content\/uploads\/2026\/01\/dr-malou-vahvlid-koertele1.jpg","contentUrl":"https:\/\/miumjau.ee\/wp-content\/uploads\/2026\/01\/dr-malou-vahvlid-koertele1.jpg","width":600,"height":800,"caption":"Dr Malou k\u00fclmkuivatatud kanavahvlid koertele 120g"},{"@type":"BreadcrumbList","@id":"https:\/\/miumjau.ee\/lt\/produktas\/dr-malou-salciu-dziovinti-vistienos-vafliai-sunims-120g\/#breadcrumb","itemListElement":[{"@type":"ListItem","position":1,"name":"Home","item":"https:\/\/miumjau.ee\/lt\/"},{"@type":"ListItem","position":2,"name":"Parduotuv\u0117","item":"https:\/\/miumjau.ee\/lt\/parduotuve\/"},{"@type":"ListItem","position":3,"name":"Dr Malou \u0161al\u010diu d\u017eiovinti vi\u0161tienos vafliai \u0161unims 120g"}]},{"@type":"WebSite","@id":"https:\/\/miumjau.ee\/#website","url":"https:\/\/miumjau.ee\/","name":"MiuMjau","description":"Kraapimispuud kassidele","publisher":{"@id":"https:\/\/miumjau.ee\/#organization"},"potentialAction":[{"@type":"SearchAction","target":{"@type":"EntryPoint","urlTemplate":"https:\/\/miumjau.ee\/?s={search_term_string}"},"query-input":{"@type":"PropertyValueSpecification","valueRequired":true,"valueName":"search_term_string"}}],"inLanguage":"lt-LT"},{"@type":"Organization","@id":"https:\/\/miumjau.ee\/#organization","name":"MiuMjau O\u00dc","url":"https:\/\/miumjau.ee\/","logo":{"@type":"ImageObject","inLanguage":"lt-LT","@id":"https:\/\/miumjau.ee\/#\/schema\/logo\/image\/","url":"https:\/\/miumjau.ee\/wp-content\/uploads\/2022\/04\/MiuMjau-logo-kollane.png","contentUrl":"https:\/\/miumjau.ee\/wp-content\/uploads\/2022\/04\/MiuMjau-logo-kollane.png","width":219,"height":100,"caption":"MiuMjau O\u00dc"},"image":{"@id":"https:\/\/miumjau.ee\/#\/schema\/logo\/image\/"},"sameAs":["https:\/\/www.facebook.com\/miumjaupood\/"]}]}},"_links":{"self":[{"href":"https:\/\/miumjau.ee\/lt\/wp-json\/wp\/v2\/product\/53186","targetHints":{"allow":["GET"]}}],"collection":[{"href":"https:\/\/miumjau.ee\/lt\/wp-json\/wp\/v2\/product"}],"about":[{"href":"https:\/\/miumjau.ee\/lt\/wp-json\/wp\/v2\/types\/product"}],"wp:featuredmedia":[{"embeddable":true,"href":"https:\/\/miumjau.ee\/lt\/wp-json\/wp\/v2\/media\/52939"}],"wp:attachment":[{"href":"https:\/\/miumjau.ee\/lt\/wp-json\/wp\/v2\/media?parent=53186"}],"wp:term":[{"taxonomy":"product_brand","embeddable":true,"href":"https:\/\/miumjau.ee\/lt\/wp-json\/wp\/v2\/product_brand?post=53186"},{"taxonomy":"product_cat","embeddable":true,"href":"https:\/\/miumjau.ee\/lt\/wp-json\/wp\/v2\/product_cat?post=53186"},{"taxonomy":"product_tag","embeddable":true,"href":"https:\/\/miumjau.ee\/lt\/wp-json\/wp\/v2\/product_tag?post=53186"}],"curies":[{"name":"wp","href":"https:\/\/api.w.org\/{rel}","templated":true}]}}