{"id":53180,"date":"2026-01-26T16:05:31","date_gmt":"2026-01-26T14:05:31","guid":{"rendered":"https:\/\/miumjau.ee\/toode\/dr-malou-salciu-dziovinti-vistienos-vafliai-katems-60g\/"},"modified":"2026-01-26T16:05:31","modified_gmt":"2026-01-26T14:05:31","slug":"dr-malou-salciu-dziovinti-vistienos-vafliai-katems-60g","status":"publish","type":"product","link":"https:\/\/miumjau.ee\/lt\/produktas\/dr-malou-salciu-dziovinti-vistienos-vafliai-katems-60g\/","title":{"rendered":"Dr Malou \u0161al\u010diu d\u017eiovinti vi\u0161tienos vafliai kat\u0117ms 60g"},"content":{"rendered":"","protected":false},"excerpt":{"rendered":"<p data-path-to-node=\"19\"><b data-path-to-node=\"19\" data-index-in-node=\"0\">Vi\u0161tienos vafliai kat\u0117ms \u2013 nat\u016bralus skan\u0117stas, palaikantis ka\u010di\u0173 sveikat\u0105 ir instinktus<\/b> Ie\u0161kote patogaus, bet skanaus u\u017ekand\u017eio savo augintiniui? \u201eDr. Malou\u201c kat\u0117ms skirti \u0161al\u010diu d\u017eiovinti m\u0117sos vafliai yra inovatyv\u016bs skan\u0117stai, jungiantys auk\u0161tos kokyb\u0117s ingredientus ir tra\u0161k\u0117jimo malonum\u0105. Daug m\u0117sos, saugu ir nat\u016bralu \u2013 idealu kasdieniam naudojimui. Atraskite \u0161iuos vaflius, kurie j\u016bs\u0173 katei patiks ir kuri\u0173 jai niekada nebus per daug!<\/p>\n<p data-path-to-node=\"20\">Kiekvienoje pakuot\u0117je yra <b data-path-to-node=\"20\" data-index-in-node=\"26\">skirting\u0173 skoni\u0173 derinys<\/b>, skirtas pa\u012fvairinti j\u016bs\u0173 kat\u0117s mityb\u0105 ir suteikti jai \u012fvairi\u0173 maistini\u0173 med\u017eiag\u0173. \u201eDr. Malou\u201c vafliai kat\u0117ms gaminami \u0161i\u0173 variant\u0173:<\/p>\n<ul data-path-to-node=\"21\">\n<li>\n<p data-path-to-node=\"21,0,0\"><b data-path-to-node=\"21,0,0\" data-index-in-node=\"0\">Vi\u0161tiena su moli\u016bgu<\/b> \u2013 palaiko vir\u0161kinim\u0105 ir suteikia skaidul\u0173.<\/p>\n<\/li>\n<li>\n<p data-path-to-node=\"21,1,0\"><b data-path-to-node=\"21,1,0\" data-index-in-node=\"0\">Vi\u0161tiena su \u0161ilauog\u0117mis<\/b> \u2013 nat\u016bralus antioksidantas, vitamin\u0173 C ir K \u0161altinis.<\/p>\n<\/li>\n<li>\n<p data-path-to-node=\"21,2,0\"><b data-path-to-node=\"21,2,0\" data-index-in-node=\"0\">Vi\u0161tiena su spanguol\u0117mis<\/b> \u2013 palaiko \u0161lapimo tak\u0173 sveikat\u0105.<\/p>\n<\/li>\n<li>\n<p data-path-to-node=\"21,3,0\"><b data-path-to-node=\"21,3,0\" data-index-in-node=\"0\">Vi\u0161tiena su mie\u017ei\u0173 \u017eole<\/b> \u2013 folio r\u016bg\u0161ties ir kalio \u0161altinis.<\/p>\n<\/li>\n<li>\n<p data-path-to-node=\"21,4,0\"><b data-path-to-node=\"21,4,0\" data-index-in-node=\"0\">Vi\u0161tiena su kiau\u0161inio tryniu<\/b> \u2013 nat\u016bralus multivitaminas odai, kailiui ir akims.<\/p>\n<\/li>\n<\/ul>\n<p data-path-to-node=\"22\"><b data-path-to-node=\"22\" data-index-in-node=\"0\">Kas yra sud\u0117tyje? Tik tai, kas svarbiausia.<\/b> \u201eDr. Malou\u201c vafliai kat\u0117ms susideda i\u0161 <b data-path-to-node=\"22\" data-index-in-node=\"83\">88 % vi\u0161tienos<\/b> ir yra praturtinti tik pasirinktais funkciniais priedais:<\/p>\n<ul data-path-to-node=\"23\">\n<li>\n<p data-path-to-node=\"23,0,0\"><b data-path-to-node=\"23,0,0\" data-index-in-node=\"0\">Vi\u0161t\u0173 kepen\u0117l\u0117s<\/b> \u2013 vitamino A, B grup\u0117s vitamin\u0173 ir seleno \u0161altinis.<\/p>\n<\/li>\n<li>\n<p data-path-to-node=\"23,1,0\"><b data-path-to-node=\"23,1,0\" data-index-in-node=\"0\">\u0160ilauog\u0117s ir spanguol\u0117s<\/b>, pasi\u017eymin\u010dios antioksidacin\u0117mis ir diuretin\u0117mis savyb\u0117mis.<\/p>\n<\/li>\n<li>\n<p data-path-to-node=\"23,2,0\"><b data-path-to-node=\"23,2,0\" data-index-in-node=\"0\">Mie\u017ei\u0173 \u017eol\u0117<\/b>, suteikianti svarbi\u0173 mikroelement\u0173 ir palaikanti vir\u0161kinim\u0105.<\/p>\n<\/li>\n<li>\n<p data-path-to-node=\"23,3,0\"><b data-path-to-node=\"23,3,0\" data-index-in-node=\"0\">Kiau\u0161inio trynys<\/b>, kuriame gausu biotino ir liuteino, sveikams kailiui ir akims.<\/p>\n<\/li>\n<li>\n<p data-path-to-node=\"23,4,0\"><b data-path-to-node=\"23,4,0\" data-index-in-node=\"0\">Jams\u0173 milteliai<\/b>, palaikantys \u017earnyno flor\u0105 ir vir\u0161kinamojo trakto veikl\u0105.<\/p>\n<\/li>\n<\/ul>\n<p data-path-to-node=\"24\">Svarbu \u017einoti, kad \u0161ie vafliai kat\u0117ms <b data-path-to-node=\"24\" data-index-in-node=\"38\">neturi dirbtini\u0173 konservant\u0173, da\u017eikli\u0173 ar nereikaling\u0173 u\u017epild\u0173<\/b> \u2013 jie i\u0161lieka nat\u016bral\u016bs d\u0117l sud\u0117tyje esan\u010dio rozmarino ekstrakto.<\/p>\n<p data-path-to-node=\"25\"><b data-path-to-node=\"25\" data-index-in-node=\"0\">Auk\u0161\u010diausia kokyb\u0117 nat\u016braliu pavidalu<\/b> Pasirinkome \u0161al\u010diu d\u017eiovintus u\u017ekand\u017eius, nes liofilizacijos procesas i\u0161saugo vis\u0173 ingredient\u0173 maistin\u0119 vert\u0119, piln\u0105 m\u0117sos skon\u012f bei aromat\u0105 ir u\u017etikrina ilg\u0105 galiojimo laik\u0105 prakti\u0161kai nepakitusia forma. Tai paver\u010dia kiekvien\u0105 vafl\u012f ne tik skaniu, bet ir sveiku. \u0160ie skan\u0117stai suteikia elgsenos ir sensorin\u0119 naud\u0105, kuri yra svarbi j\u016bs\u0173 augintinio gerovei. Sensorin\u0117 stimuliacija padeda jiems susidoroti su stresu, gerina elgsen\u0105 bei padeda kat\u0117ms tapti ramesn\u0117ms ir labiau pasitikin\u010dioms savimi.<\/p>\n<ul data-path-to-node=\"26\">\n<li>\n<p data-path-to-node=\"26,0,0\"><b data-path-to-node=\"26,0,0\" data-index-in-node=\"0\">Tra\u0161k\u016bs vafliai<\/b> palaiko burnos higien\u0105 ir patenkina nat\u016bral\u0173 poreik\u012f kramtyti.<\/p>\n<\/li>\n<li>\n<p data-path-to-node=\"26,1,0\"><b data-path-to-node=\"26,1,0\" data-index-in-node=\"0\">Galima patiekti ir sudr\u0117kintus<\/b> \u2013 tiesiog pamerkite \u012f vanden\u012f, kad sumink\u0161t\u0117t\u0173.<\/p>\n<\/li>\n<li>\n<p data-path-to-node=\"26,2,0\"><b data-path-to-node=\"26,2,0\" data-index-in-node=\"0\">Atlygis<\/b> \u2013 puikiai tinka treniruot\u0117ms, \u017eaidimams ar kaip u\u017ekandis tarp pagrindini\u0173 maitinim\u0173.<\/p>\n<\/li>\n<\/ul>\n<p data-path-to-node=\"27\"><b data-path-to-node=\"27\" data-index-in-node=\"0\">Analitin\u0117s sudedamosios dalys:<\/b> \u017eali baltymai 74 %, \u017eali riebalai 10 %, \u017ealia l\u0105steliena 2 %, \u017eali pelenai 6 %, dr\u0117gm\u0117 6 %. <b data-path-to-node=\"27\" data-index-in-node=\"123\">Energin\u0117 vert\u0117:<\/b> 351 kcal\/100 g (1 vaflis = 7 kcal).<\/p>\n<p data-path-to-node=\"28\"><b data-path-to-node=\"28\" data-index-in-node=\"0\">Rekomenduojama doz\u0117:<\/b><\/p>\n<ul data-path-to-node=\"29\">\n<li>\n<p data-path-to-node=\"29,0,0\">Gyv\u016bno svoris (kg): 0,5\u20132 | 2\u20134 | 4\u20136 | vir\u0161 6<\/p>\n<\/li>\n<li>\n<p data-path-to-node=\"29,1,0\">Kiekis (vnt.\/dien\u0105): 1\u20132 | 2\u20134 | 3\u20135 | 4\u20137<\/p>\n<\/li>\n<\/ul>\n","protected":false},"featured_media":52921,"template":"","meta":[],"product_brand":[],"product_cat":[527],"product_tag":[],"class_list":{"0":"post-53180","1":"product","2":"type-product","3":"status-publish","4":"has-post-thumbnail","6":"product_cat-skanestai","8":"first","9":"instock","10":"taxable","11":"shipping-taxable","12":"purchasable","13":"product-type-simple"},"yoast_head":"<!-- This site is optimized with the Yoast SEO plugin v27.4 - https:\/\/yoast.com\/product\/yoast-seo-wordpress\/ -->\n<title>Dr Malou \u0161al\u010diu d\u017eiovinti vi\u0161tienos vafliai kat\u0117ms 60g - MiuMjau<\/title>\n<meta name=\"robots\" content=\"index, follow, max-snippet:-1, max-image-preview:large, max-video-preview:-1\" \/>\n<link rel=\"canonical\" href=\"https:\/\/miumjau.ee\/lt\/produktas\/dr-malou-salciu-dziovinti-vistienos-vafliai-katems-60g\/\" \/>\n<meta property=\"og:locale\" content=\"lt_LT\" \/>\n<meta property=\"og:type\" content=\"article\" \/>\n<meta property=\"og:title\" content=\"Dr Malou \u0161al\u010diu d\u017eiovinti vi\u0161tienos vafliai kat\u0117ms 60g - MiuMjau\" \/>\n<meta property=\"og:description\" content=\"Vi\u0161tienos vafliai kat\u0117ms \u2013 nat\u016bralus skan\u0117stas, palaikantis ka\u010di\u0173 sveikat\u0105 ir instinktus Ie\u0161kote patogaus, bet skanaus u\u017ekand\u017eio savo augintiniui? \u201eDr. Malou\u201c kat\u0117ms skirti \u0161al\u010diu d\u017eiovinti m\u0117sos vafliai yra inovatyv\u016bs skan\u0117stai, jungiantys auk\u0161tos kokyb\u0117s ingredientus ir tra\u0161k\u0117jimo malonum\u0105. Daug m\u0117sos, saugu ir nat\u016bralu \u2013 idealu kasdieniam naudojimui. Atraskite \u0161iuos vaflius, kurie j\u016bs\u0173 katei patiks ir kuri\u0173 jai niekada nebus per daug! Kiekvienoje pakuot\u0117je yra skirting\u0173 skoni\u0173 derinys, skirtas pa\u012fvairinti j\u016bs\u0173 kat\u0117s mityb\u0105 ir suteikti jai \u012fvairi\u0173 maistini\u0173 med\u017eiag\u0173. \u201eDr. Malou\u201c vafliai kat\u0117ms gaminami \u0161i\u0173 variant\u0173:     Vi\u0161tiena su moli\u016bgu \u2013 palaiko vir\u0161kinim\u0105 ir suteikia skaidul\u0173.    Vi\u0161tiena su \u0161ilauog\u0117mis \u2013 nat\u016bralus antioksidantas, vitamin\u0173 C ir K \u0161altinis.    Vi\u0161tiena su spanguol\u0117mis \u2013 palaiko \u0161lapimo tak\u0173 sveikat\u0105.    Vi\u0161tiena su mie\u017ei\u0173 \u017eole \u2013 folio r\u016bg\u0161ties ir kalio \u0161altinis.    Vi\u0161tiena su kiau\u0161inio tryniu \u2013 nat\u016bralus multivitaminas odai, kailiui ir akims.   Kas yra sud\u0117tyje? Tik tai, kas svarbiausia. \u201eDr. Malou\u201c vafliai kat\u0117ms susideda i\u0161 88 % vi\u0161tienos ir yra praturtinti tik pasirinktais funkciniais priedais:     Vi\u0161t\u0173 kepen\u0117l\u0117s \u2013 vitamino A, B grup\u0117s vitamin\u0173 ir seleno \u0161altinis.    \u0160ilauog\u0117s ir spanguol\u0117s, pasi\u017eymin\u010dios antioksidacin\u0117mis ir diuretin\u0117mis savyb\u0117mis.    Mie\u017ei\u0173 \u017eol\u0117, suteikianti svarbi\u0173 mikroelement\u0173 ir palaikanti vir\u0161kinim\u0105.    Kiau\u0161inio trynys, kuriame gausu biotino ir liuteino, sveikams kailiui ir akims.    Jams\u0173 milteliai, palaikantys \u017earnyno flor\u0105 ir vir\u0161kinamojo trakto veikl\u0105.   Svarbu \u017einoti, kad \u0161ie vafliai kat\u0117ms neturi dirbtini\u0173 konservant\u0173, da\u017eikli\u0173 ar nereikaling\u0173 u\u017epild\u0173 \u2013 jie i\u0161lieka nat\u016bral\u016bs d\u0117l sud\u0117tyje esan\u010dio rozmarino ekstrakto. Auk\u0161\u010diausia kokyb\u0117 nat\u016braliu pavidalu Pasirinkome \u0161al\u010diu d\u017eiovintus u\u017ekand\u017eius, nes liofilizacijos procesas i\u0161saugo vis\u0173 ingredient\u0173 maistin\u0119 vert\u0119, piln\u0105 m\u0117sos skon\u012f bei aromat\u0105 ir u\u017etikrina ilg\u0105 galiojimo laik\u0105 prakti\u0161kai nepakitusia forma. Tai paver\u010dia kiekvien\u0105 vafl\u012f ne tik skaniu, bet ir sveiku. \u0160ie skan\u0117stai suteikia elgsenos ir sensorin\u0119 naud\u0105, kuri yra svarbi j\u016bs\u0173 augintinio gerovei. Sensorin\u0117 stimuliacija padeda jiems susidoroti su stresu, gerina elgsen\u0105 bei padeda kat\u0117ms tapti ramesn\u0117ms ir labiau pasitikin\u010dioms savimi.     Tra\u0161k\u016bs vafliai palaiko burnos higien\u0105 ir patenkina nat\u016bral\u0173 poreik\u012f kramtyti.    Galima patiekti ir sudr\u0117kintus \u2013 tiesiog pamerkite \u012f vanden\u012f, kad sumink\u0161t\u0117t\u0173.    Atlygis \u2013 puikiai tinka treniruot\u0117ms, \u017eaidimams ar kaip u\u017ekandis tarp pagrindini\u0173 maitinim\u0173.   Analitin\u0117s sudedamosios dalys: \u017eali baltymai 74 %, \u017eali riebalai 10 %, \u017ealia l\u0105steliena 2 %, \u017eali pelenai 6 %, dr\u0117gm\u0117 6 %. Energin\u0117 vert\u0117: 351 kcal\/100 g (1 vaflis = 7 kcal). Rekomenduojama doz\u0117:     Gyv\u016bno svoris (kg): 0,5\u20132 | 2\u20134 | 4\u20136 | vir\u0161 6    Kiekis (vnt.\/dien\u0105): 1\u20132 | 2\u20134 | 3\u20135 | 4\u20137\" \/>\n<meta property=\"og:url\" content=\"https:\/\/miumjau.ee\/lt\/produktas\/dr-malou-salciu-dziovinti-vistienos-vafliai-katems-60g\/\" \/>\n<meta property=\"og:site_name\" content=\"MiuMjau\" \/>\n<meta property=\"article:publisher\" content=\"https:\/\/www.facebook.com\/miumjaupood\/\" \/>\n<meta property=\"og:image\" content=\"https:\/\/miumjau.ee\/wp-content\/uploads\/2026\/01\/dr-malou-vahvlid-kassidele1.jpg\" \/>\n\t<meta property=\"og:image:width\" content=\"600\" \/>\n\t<meta property=\"og:image:height\" content=\"800\" \/>\n\t<meta property=\"og:image:type\" content=\"image\/jpeg\" \/>\n<meta name=\"twitter:card\" content=\"summary_large_image\" \/>\n<script type=\"application\/ld+json\" class=\"yoast-schema-graph\">{\"@context\":\"https:\\\/\\\/schema.org\",\"@graph\":[{\"@type\":\"WebPage\",\"@id\":\"https:\\\/\\\/miumjau.ee\\\/lt\\\/produktas\\\/dr-malou-salciu-dziovinti-vistienos-vafliai-katems-60g\\\/\",\"url\":\"https:\\\/\\\/miumjau.ee\\\/lt\\\/produktas\\\/dr-malou-salciu-dziovinti-vistienos-vafliai-katems-60g\\\/\",\"name\":\"Dr Malou \u0161al\u010diu d\u017eiovinti vi\u0161tienos vafliai kat\u0117ms 60g - MiuMjau\",\"isPartOf\":{\"@id\":\"https:\\\/\\\/miumjau.ee\\\/#website\"},\"primaryImageOfPage\":{\"@id\":\"https:\\\/\\\/miumjau.ee\\\/lt\\\/produktas\\\/dr-malou-salciu-dziovinti-vistienos-vafliai-katems-60g\\\/#primaryimage\"},\"image\":{\"@id\":\"https:\\\/\\\/miumjau.ee\\\/lt\\\/produktas\\\/dr-malou-salciu-dziovinti-vistienos-vafliai-katems-60g\\\/#primaryimage\"},\"thumbnailUrl\":\"https:\\\/\\\/miumjau.ee\\\/wp-content\\\/uploads\\\/2026\\\/01\\\/dr-malou-vahvlid-kassidele1.jpg\",\"datePublished\":\"2026-01-26T14:05:31+00:00\",\"breadcrumb\":{\"@id\":\"https:\\\/\\\/miumjau.ee\\\/lt\\\/produktas\\\/dr-malou-salciu-dziovinti-vistienos-vafliai-katems-60g\\\/#breadcrumb\"},\"inLanguage\":\"lt-LT\",\"potentialAction\":[{\"@type\":\"ReadAction\",\"target\":[\"https:\\\/\\\/miumjau.ee\\\/lt\\\/produktas\\\/dr-malou-salciu-dziovinti-vistienos-vafliai-katems-60g\\\/\"]}]},{\"@type\":\"ImageObject\",\"inLanguage\":\"lt-LT\",\"@id\":\"https:\\\/\\\/miumjau.ee\\\/lt\\\/produktas\\\/dr-malou-salciu-dziovinti-vistienos-vafliai-katems-60g\\\/#primaryimage\",\"url\":\"https:\\\/\\\/miumjau.ee\\\/wp-content\\\/uploads\\\/2026\\\/01\\\/dr-malou-vahvlid-kassidele1.jpg\",\"contentUrl\":\"https:\\\/\\\/miumjau.ee\\\/wp-content\\\/uploads\\\/2026\\\/01\\\/dr-malou-vahvlid-kassidele1.jpg\",\"width\":600,\"height\":800,\"caption\":\"Dr Malou k\u00fclmkuivatatud kanavahvlid kassidele 60g\"},{\"@type\":\"BreadcrumbList\",\"@id\":\"https:\\\/\\\/miumjau.ee\\\/lt\\\/produktas\\\/dr-malou-salciu-dziovinti-vistienos-vafliai-katems-60g\\\/#breadcrumb\",\"itemListElement\":[{\"@type\":\"ListItem\",\"position\":1,\"name\":\"Home\",\"item\":\"https:\\\/\\\/miumjau.ee\\\/lt\\\/\"},{\"@type\":\"ListItem\",\"position\":2,\"name\":\"Parduotuv\u0117\",\"item\":\"https:\\\/\\\/miumjau.ee\\\/lt\\\/parduotuve\\\/\"},{\"@type\":\"ListItem\",\"position\":3,\"name\":\"Dr Malou \u0161al\u010diu d\u017eiovinti vi\u0161tienos vafliai kat\u0117ms 60g\"}]},{\"@type\":\"WebSite\",\"@id\":\"https:\\\/\\\/miumjau.ee\\\/#website\",\"url\":\"https:\\\/\\\/miumjau.ee\\\/\",\"name\":\"MiuMjau\",\"description\":\"Kraapimispuud kassidele\",\"publisher\":{\"@id\":\"https:\\\/\\\/miumjau.ee\\\/#organization\"},\"potentialAction\":[{\"@type\":\"SearchAction\",\"target\":{\"@type\":\"EntryPoint\",\"urlTemplate\":\"https:\\\/\\\/miumjau.ee\\\/?s={search_term_string}\"},\"query-input\":{\"@type\":\"PropertyValueSpecification\",\"valueRequired\":true,\"valueName\":\"search_term_string\"}}],\"inLanguage\":\"lt-LT\"},{\"@type\":\"Organization\",\"@id\":\"https:\\\/\\\/miumjau.ee\\\/#organization\",\"name\":\"MiuMjau O\u00dc\",\"url\":\"https:\\\/\\\/miumjau.ee\\\/\",\"logo\":{\"@type\":\"ImageObject\",\"inLanguage\":\"lt-LT\",\"@id\":\"https:\\\/\\\/miumjau.ee\\\/#\\\/schema\\\/logo\\\/image\\\/\",\"url\":\"https:\\\/\\\/miumjau.ee\\\/wp-content\\\/uploads\\\/2022\\\/04\\\/MiuMjau-logo-kollane.png\",\"contentUrl\":\"https:\\\/\\\/miumjau.ee\\\/wp-content\\\/uploads\\\/2022\\\/04\\\/MiuMjau-logo-kollane.png\",\"width\":219,\"height\":100,\"caption\":\"MiuMjau O\u00dc\"},\"image\":{\"@id\":\"https:\\\/\\\/miumjau.ee\\\/#\\\/schema\\\/logo\\\/image\\\/\"},\"sameAs\":[\"https:\\\/\\\/www.facebook.com\\\/miumjaupood\\\/\"]}]}<\/script>\n<!-- \/ Yoast SEO plugin. -->","yoast_head_json":{"title":"Dr Malou \u0161al\u010diu d\u017eiovinti vi\u0161tienos vafliai kat\u0117ms 60g - MiuMjau","robots":{"index":"index","follow":"follow","max-snippet":"max-snippet:-1","max-image-preview":"max-image-preview:large","max-video-preview":"max-video-preview:-1"},"canonical":"https:\/\/miumjau.ee\/lt\/produktas\/dr-malou-salciu-dziovinti-vistienos-vafliai-katems-60g\/","og_locale":"lt_LT","og_type":"article","og_title":"Dr Malou \u0161al\u010diu d\u017eiovinti vi\u0161tienos vafliai kat\u0117ms 60g - MiuMjau","og_description":"Vi\u0161tienos vafliai kat\u0117ms \u2013 nat\u016bralus skan\u0117stas, palaikantis ka\u010di\u0173 sveikat\u0105 ir instinktus Ie\u0161kote patogaus, bet skanaus u\u017ekand\u017eio savo augintiniui? \u201eDr. Malou\u201c kat\u0117ms skirti \u0161al\u010diu d\u017eiovinti m\u0117sos vafliai yra inovatyv\u016bs skan\u0117stai, jungiantys auk\u0161tos kokyb\u0117s ingredientus ir tra\u0161k\u0117jimo malonum\u0105. Daug m\u0117sos, saugu ir nat\u016bralu \u2013 idealu kasdieniam naudojimui. Atraskite \u0161iuos vaflius, kurie j\u016bs\u0173 katei patiks ir kuri\u0173 jai niekada nebus per daug! Kiekvienoje pakuot\u0117je yra skirting\u0173 skoni\u0173 derinys, skirtas pa\u012fvairinti j\u016bs\u0173 kat\u0117s mityb\u0105 ir suteikti jai \u012fvairi\u0173 maistini\u0173 med\u017eiag\u0173. \u201eDr. Malou\u201c vafliai kat\u0117ms gaminami \u0161i\u0173 variant\u0173:     Vi\u0161tiena su moli\u016bgu \u2013 palaiko vir\u0161kinim\u0105 ir suteikia skaidul\u0173.    Vi\u0161tiena su \u0161ilauog\u0117mis \u2013 nat\u016bralus antioksidantas, vitamin\u0173 C ir K \u0161altinis.    Vi\u0161tiena su spanguol\u0117mis \u2013 palaiko \u0161lapimo tak\u0173 sveikat\u0105.    Vi\u0161tiena su mie\u017ei\u0173 \u017eole \u2013 folio r\u016bg\u0161ties ir kalio \u0161altinis.    Vi\u0161tiena su kiau\u0161inio tryniu \u2013 nat\u016bralus multivitaminas odai, kailiui ir akims.   Kas yra sud\u0117tyje? Tik tai, kas svarbiausia. \u201eDr. Malou\u201c vafliai kat\u0117ms susideda i\u0161 88 % vi\u0161tienos ir yra praturtinti tik pasirinktais funkciniais priedais:     Vi\u0161t\u0173 kepen\u0117l\u0117s \u2013 vitamino A, B grup\u0117s vitamin\u0173 ir seleno \u0161altinis.    \u0160ilauog\u0117s ir spanguol\u0117s, pasi\u017eymin\u010dios antioksidacin\u0117mis ir diuretin\u0117mis savyb\u0117mis.    Mie\u017ei\u0173 \u017eol\u0117, suteikianti svarbi\u0173 mikroelement\u0173 ir palaikanti vir\u0161kinim\u0105.    Kiau\u0161inio trynys, kuriame gausu biotino ir liuteino, sveikams kailiui ir akims.    Jams\u0173 milteliai, palaikantys \u017earnyno flor\u0105 ir vir\u0161kinamojo trakto veikl\u0105.   Svarbu \u017einoti, kad \u0161ie vafliai kat\u0117ms neturi dirbtini\u0173 konservant\u0173, da\u017eikli\u0173 ar nereikaling\u0173 u\u017epild\u0173 \u2013 jie i\u0161lieka nat\u016bral\u016bs d\u0117l sud\u0117tyje esan\u010dio rozmarino ekstrakto. Auk\u0161\u010diausia kokyb\u0117 nat\u016braliu pavidalu Pasirinkome \u0161al\u010diu d\u017eiovintus u\u017ekand\u017eius, nes liofilizacijos procesas i\u0161saugo vis\u0173 ingredient\u0173 maistin\u0119 vert\u0119, piln\u0105 m\u0117sos skon\u012f bei aromat\u0105 ir u\u017etikrina ilg\u0105 galiojimo laik\u0105 prakti\u0161kai nepakitusia forma. Tai paver\u010dia kiekvien\u0105 vafl\u012f ne tik skaniu, bet ir sveiku. \u0160ie skan\u0117stai suteikia elgsenos ir sensorin\u0119 naud\u0105, kuri yra svarbi j\u016bs\u0173 augintinio gerovei. Sensorin\u0117 stimuliacija padeda jiems susidoroti su stresu, gerina elgsen\u0105 bei padeda kat\u0117ms tapti ramesn\u0117ms ir labiau pasitikin\u010dioms savimi.     Tra\u0161k\u016bs vafliai palaiko burnos higien\u0105 ir patenkina nat\u016bral\u0173 poreik\u012f kramtyti.    Galima patiekti ir sudr\u0117kintus \u2013 tiesiog pamerkite \u012f vanden\u012f, kad sumink\u0161t\u0117t\u0173.    Atlygis \u2013 puikiai tinka treniruot\u0117ms, \u017eaidimams ar kaip u\u017ekandis tarp pagrindini\u0173 maitinim\u0173.   Analitin\u0117s sudedamosios dalys: \u017eali baltymai 74 %, \u017eali riebalai 10 %, \u017ealia l\u0105steliena 2 %, \u017eali pelenai 6 %, dr\u0117gm\u0117 6 %. Energin\u0117 vert\u0117: 351 kcal\/100 g (1 vaflis = 7 kcal). Rekomenduojama doz\u0117:     Gyv\u016bno svoris (kg): 0,5\u20132 | 2\u20134 | 4\u20136 | vir\u0161 6    Kiekis (vnt.\/dien\u0105): 1\u20132 | 2\u20134 | 3\u20135 | 4\u20137","og_url":"https:\/\/miumjau.ee\/lt\/produktas\/dr-malou-salciu-dziovinti-vistienos-vafliai-katems-60g\/","og_site_name":"MiuMjau","article_publisher":"https:\/\/www.facebook.com\/miumjaupood\/","og_image":[{"width":600,"height":800,"url":"https:\/\/miumjau.ee\/wp-content\/uploads\/2026\/01\/dr-malou-vahvlid-kassidele1.jpg","type":"image\/jpeg"}],"twitter_card":"summary_large_image","schema":{"@context":"https:\/\/schema.org","@graph":[{"@type":"WebPage","@id":"https:\/\/miumjau.ee\/lt\/produktas\/dr-malou-salciu-dziovinti-vistienos-vafliai-katems-60g\/","url":"https:\/\/miumjau.ee\/lt\/produktas\/dr-malou-salciu-dziovinti-vistienos-vafliai-katems-60g\/","name":"Dr Malou \u0161al\u010diu d\u017eiovinti vi\u0161tienos vafliai kat\u0117ms 60g - MiuMjau","isPartOf":{"@id":"https:\/\/miumjau.ee\/#website"},"primaryImageOfPage":{"@id":"https:\/\/miumjau.ee\/lt\/produktas\/dr-malou-salciu-dziovinti-vistienos-vafliai-katems-60g\/#primaryimage"},"image":{"@id":"https:\/\/miumjau.ee\/lt\/produktas\/dr-malou-salciu-dziovinti-vistienos-vafliai-katems-60g\/#primaryimage"},"thumbnailUrl":"https:\/\/miumjau.ee\/wp-content\/uploads\/2026\/01\/dr-malou-vahvlid-kassidele1.jpg","datePublished":"2026-01-26T14:05:31+00:00","breadcrumb":{"@id":"https:\/\/miumjau.ee\/lt\/produktas\/dr-malou-salciu-dziovinti-vistienos-vafliai-katems-60g\/#breadcrumb"},"inLanguage":"lt-LT","potentialAction":[{"@type":"ReadAction","target":["https:\/\/miumjau.ee\/lt\/produktas\/dr-malou-salciu-dziovinti-vistienos-vafliai-katems-60g\/"]}]},{"@type":"ImageObject","inLanguage":"lt-LT","@id":"https:\/\/miumjau.ee\/lt\/produktas\/dr-malou-salciu-dziovinti-vistienos-vafliai-katems-60g\/#primaryimage","url":"https:\/\/miumjau.ee\/wp-content\/uploads\/2026\/01\/dr-malou-vahvlid-kassidele1.jpg","contentUrl":"https:\/\/miumjau.ee\/wp-content\/uploads\/2026\/01\/dr-malou-vahvlid-kassidele1.jpg","width":600,"height":800,"caption":"Dr Malou k\u00fclmkuivatatud kanavahvlid kassidele 60g"},{"@type":"BreadcrumbList","@id":"https:\/\/miumjau.ee\/lt\/produktas\/dr-malou-salciu-dziovinti-vistienos-vafliai-katems-60g\/#breadcrumb","itemListElement":[{"@type":"ListItem","position":1,"name":"Home","item":"https:\/\/miumjau.ee\/lt\/"},{"@type":"ListItem","position":2,"name":"Parduotuv\u0117","item":"https:\/\/miumjau.ee\/lt\/parduotuve\/"},{"@type":"ListItem","position":3,"name":"Dr Malou \u0161al\u010diu d\u017eiovinti vi\u0161tienos vafliai kat\u0117ms 60g"}]},{"@type":"WebSite","@id":"https:\/\/miumjau.ee\/#website","url":"https:\/\/miumjau.ee\/","name":"MiuMjau","description":"Kraapimispuud kassidele","publisher":{"@id":"https:\/\/miumjau.ee\/#organization"},"potentialAction":[{"@type":"SearchAction","target":{"@type":"EntryPoint","urlTemplate":"https:\/\/miumjau.ee\/?s={search_term_string}"},"query-input":{"@type":"PropertyValueSpecification","valueRequired":true,"valueName":"search_term_string"}}],"inLanguage":"lt-LT"},{"@type":"Organization","@id":"https:\/\/miumjau.ee\/#organization","name":"MiuMjau O\u00dc","url":"https:\/\/miumjau.ee\/","logo":{"@type":"ImageObject","inLanguage":"lt-LT","@id":"https:\/\/miumjau.ee\/#\/schema\/logo\/image\/","url":"https:\/\/miumjau.ee\/wp-content\/uploads\/2022\/04\/MiuMjau-logo-kollane.png","contentUrl":"https:\/\/miumjau.ee\/wp-content\/uploads\/2022\/04\/MiuMjau-logo-kollane.png","width":219,"height":100,"caption":"MiuMjau O\u00dc"},"image":{"@id":"https:\/\/miumjau.ee\/#\/schema\/logo\/image\/"},"sameAs":["https:\/\/www.facebook.com\/miumjaupood\/"]}]}},"_links":{"self":[{"href":"https:\/\/miumjau.ee\/lt\/wp-json\/wp\/v2\/product\/53180","targetHints":{"allow":["GET"]}}],"collection":[{"href":"https:\/\/miumjau.ee\/lt\/wp-json\/wp\/v2\/product"}],"about":[{"href":"https:\/\/miumjau.ee\/lt\/wp-json\/wp\/v2\/types\/product"}],"wp:featuredmedia":[{"embeddable":true,"href":"https:\/\/miumjau.ee\/lt\/wp-json\/wp\/v2\/media\/52921"}],"wp:attachment":[{"href":"https:\/\/miumjau.ee\/lt\/wp-json\/wp\/v2\/media?parent=53180"}],"wp:term":[{"taxonomy":"product_brand","embeddable":true,"href":"https:\/\/miumjau.ee\/lt\/wp-json\/wp\/v2\/product_brand?post=53180"},{"taxonomy":"product_cat","embeddable":true,"href":"https:\/\/miumjau.ee\/lt\/wp-json\/wp\/v2\/product_cat?post=53180"},{"taxonomy":"product_tag","embeddable":true,"href":"https:\/\/miumjau.ee\/lt\/wp-json\/wp\/v2\/product_tag?post=53180"}],"curies":[{"name":"wp","href":"https:\/\/api.w.org\/{rel}","templated":true}]}}