{"id":52699,"date":"2025-03-26T13:46:58","date_gmt":"2025-03-26T11:46:58","guid":{"rendered":"https:\/\/miumjau.ee\/toode\/brit-care-mini-suniuku-edalo-maiselis-suniukams-eriena-padaze-85-g\/"},"modified":"2025-03-26T13:46:58","modified_gmt":"2025-03-26T11:46:58","slug":"brit-care-mini-suniuku-edalo-maiselis-suniukams-eriena-padaze-85-g","status":"publish","type":"product","link":"https:\/\/miumjau.ee\/lt\/produktas\/brit-care-mini-suniuku-edalo-maiselis-suniukams-eriena-padaze-85-g\/","title":{"rendered":"Brit Care mini \u0161uniuk\u0173 \u0117dalo mai\u0161elis \u0161uniukams, \u0117riena pada\u017ee, 85 g"},"content":{"rendered":"","protected":false},"excerpt":{"rendered":"<p>Brit Care Mini serija si\u016blo m\u0117sos gabal\u0117lius gard\u017eiame pada\u017ee, specialiai ma\u017e\u0173 veisli\u0173 \u0161unims. Tai idealus sauso \u0117dalo priedas ir suteikia \u012fvairov\u0117s ma\u017e\u0173 ir mini veisli\u0173 \u0161unims. Visavertis super premium klas\u0117s \u0117dalas suaugusiems mini veisli\u0173 \u0161unims.<\/p>\n<p>Puikus skonis<br \/>\nPraturtintas prebiotikais, u\u017etikrinan\u010diais ger\u0105 vir\u0161kinim\u0105<br \/>\nSud\u0117tyje yra rozmarino, ciber\u017eol\u0117s, gvazdik\u0117li\u0173, citrusini\u0173 vaisi\u0173 ir m\u0117lyni\u0173<br \/>\nPuikus pasirinkimas i\u0161rankiems \u0161unims<br \/>\nSud\u0117tis: 85 % m\u0117sos ir gyv\u016bnin\u0117s kilm\u0117s produkt\u0173 (8 % \u0117rienos), 2,7 % \u017eirni\u0173 milt\u0173, 1,5 % d\u017eiovint\u0173 m\u0117lyni\u0173, 0,9 % lignoceliulioz\u0117s, 0,4 % d\u017eiovint\u0173 gvazdik\u0117li\u0173, 0,4 % d\u017eiovint\u0173 citrusini\u0173 vaisi\u0173, 0,4 % d\u017eiovinto rozmarino, 0,4 % d\u017eiovintos ciber\u017eol\u0117s, 0,2 % kalcio karbonato.<\/p>\n<p>Analitin\u0117s sudedamosios dalys: \u017eali baltymai 6,5 %, \u017eali riebalai 4,5 %, \u017eali pelenai 1,2 %, \u017ealia l\u0105steliena 0,4 %, dr\u0117gm\u0117 83 %, kalcis 0,3 %, fosforas 0,2 %, natris 0,3 %.<\/p>\n<p>Maistin\u0117 sud\u0117tis: vitaminas A (3a672a) 300 TV, vitaminas D3 (3a671) 65 TV, vitaminas E (3a700) 35 mg, biotinas (3a880) 0,1 mg, cinkas (3b606) 3 mg, gele\u017eis (3b106) 2,4 mg, manganas (3b504) 0,7 mg, jodas (3b201) 0,2 mg, varis (3b406) 1 mg, taurinas (3a370) 240 mg.<\/p>\n<p>Metabolizuojama energija: 830 kcal\/kg<\/p>\n","protected":false},"featured_media":52700,"template":"","meta":[],"product_brand":[],"product_cat":[539],"product_tag":[],"class_list":{"0":"post-52699","1":"product","2":"type-product","3":"status-publish","4":"has-post-thumbnail","6":"product_cat-slapias-maistas-sunims","8":"first","9":"instock","10":"sale","11":"taxable","12":"shipping-taxable","13":"purchasable","14":"product-type-simple"},"yoast_head":"<!-- This site is optimized with the Yoast SEO plugin v27.2 - https:\/\/yoast.com\/product\/yoast-seo-wordpress\/ -->\n<title>Brit Care mini \u0161uniuk\u0173 \u0117dalo mai\u0161elis \u0161uniukams, \u0117riena pada\u017ee, 85 g - MiuMjau<\/title>\n<meta name=\"description\" content=\"Brit Care Mini serija si\u016blo m\u0117sos gabaliukus gard\u017eiame pada\u017ee, specialiai pritaikyt\u0105 ma\u017e\u0173 veisli\u0173 \u0161unims. Tai puikus sauso maisto papildas ir \u012fvairov\u0117s suteikiantis maistas.\" \/>\n<meta name=\"robots\" content=\"index, follow, max-snippet:-1, max-image-preview:large, max-video-preview:-1\" \/>\n<link rel=\"canonical\" href=\"https:\/\/miumjau.ee\/lt\/produktas\/brit-care-mini-suniuku-edalo-maiselis-suniukams-eriena-padaze-85-g\/\" \/>\n<meta property=\"og:locale\" content=\"lt_LT\" \/>\n<meta property=\"og:type\" content=\"article\" \/>\n<meta property=\"og:title\" content=\"Brit Care mini \u0161uniuk\u0173 \u0117dalo mai\u0161elis \u0161uniukams, \u0117riena pada\u017ee, 85 g - MiuMjau\" \/>\n<meta property=\"og:description\" content=\"Brit Care Mini serija si\u016blo m\u0117sos gabaliukus gard\u017eiame pada\u017ee, specialiai pritaikyt\u0105 ma\u017e\u0173 veisli\u0173 \u0161unims. Tai puikus sauso maisto papildas ir \u012fvairov\u0117s suteikiantis maistas.\" \/>\n<meta property=\"og:url\" content=\"https:\/\/miumjau.ee\/lt\/produktas\/brit-care-mini-suniuku-edalo-maiselis-suniukams-eriena-padaze-85-g\/\" \/>\n<meta property=\"og:site_name\" content=\"MiuMjau\" \/>\n<meta property=\"article:publisher\" content=\"https:\/\/www.facebook.com\/miumjaupood\/\" \/>\n<meta property=\"og:image\" content=\"https:\/\/miumjau.ee\/wp-content\/uploads\/2025\/03\/brit-care-mini-koeratoit-85g4-Photoroom-1.webp\" \/>\n\t<meta property=\"og:image:width\" content=\"600\" \/>\n\t<meta property=\"og:image:height\" content=\"800\" \/>\n\t<meta property=\"og:image:type\" content=\"image\/webp\" \/>\n<meta name=\"twitter:card\" content=\"summary_large_image\" \/>\n<script type=\"application\/ld+json\" class=\"yoast-schema-graph\">{\"@context\":\"https:\/\/schema.org\",\"@graph\":[{\"@type\":\"WebPage\",\"@id\":\"https:\/\/miumjau.ee\/lt\/produktas\/brit-care-mini-suniuku-edalo-maiselis-suniukams-eriena-padaze-85-g\/\",\"url\":\"https:\/\/miumjau.ee\/lt\/produktas\/brit-care-mini-suniuku-edalo-maiselis-suniukams-eriena-padaze-85-g\/\",\"name\":\"Brit Care mini \u0161uniuk\u0173 \u0117dalo mai\u0161elis \u0161uniukams, \u0117riena pada\u017ee, 85 g - MiuMjau\",\"isPartOf\":{\"@id\":\"https:\/\/miumjau.ee\/#website\"},\"primaryImageOfPage\":{\"@id\":\"https:\/\/miumjau.ee\/lt\/produktas\/brit-care-mini-suniuku-edalo-maiselis-suniukams-eriena-padaze-85-g\/#primaryimage\"},\"image\":{\"@id\":\"https:\/\/miumjau.ee\/lt\/produktas\/brit-care-mini-suniuku-edalo-maiselis-suniukams-eriena-padaze-85-g\/#primaryimage\"},\"thumbnailUrl\":\"https:\/\/miumjau.ee\/wp-content\/uploads\/2025\/03\/brit-care-mini-koeratoit-85g4-Photoroom-1.webp\",\"datePublished\":\"2025-03-26T11:46:58+00:00\",\"description\":\"Brit Care Mini serija si\u016blo m\u0117sos gabaliukus gard\u017eiame pada\u017ee, specialiai pritaikyt\u0105 ma\u017e\u0173 veisli\u0173 \u0161unims. Tai puikus sauso maisto papildas ir \u012fvairov\u0117s suteikiantis maistas.\",\"breadcrumb\":{\"@id\":\"https:\/\/miumjau.ee\/lt\/produktas\/brit-care-mini-suniuku-edalo-maiselis-suniukams-eriena-padaze-85-g\/#breadcrumb\"},\"inLanguage\":\"lt-LT\",\"potentialAction\":[{\"@type\":\"ReadAction\",\"target\":[\"https:\/\/miumjau.ee\/lt\/produktas\/brit-care-mini-suniuku-edalo-maiselis-suniukams-eriena-padaze-85-g\/\"]}]},{\"@type\":\"ImageObject\",\"inLanguage\":\"lt-LT\",\"@id\":\"https:\/\/miumjau.ee\/lt\/produktas\/brit-care-mini-suniuku-edalo-maiselis-suniukams-eriena-padaze-85-g\/#primaryimage\",\"url\":\"https:\/\/miumjau.ee\/wp-content\/uploads\/2025\/03\/brit-care-mini-koeratoit-85g4-Photoroom-1.webp\",\"contentUrl\":\"https:\/\/miumjau.ee\/wp-content\/uploads\/2025\/03\/brit-care-mini-koeratoit-85g4-Photoroom-1.webp\",\"width\":600,\"height\":800},{\"@type\":\"BreadcrumbList\",\"@id\":\"https:\/\/miumjau.ee\/lt\/produktas\/brit-care-mini-suniuku-edalo-maiselis-suniukams-eriena-padaze-85-g\/#breadcrumb\",\"itemListElement\":[{\"@type\":\"ListItem\",\"position\":1,\"name\":\"Home\",\"item\":\"https:\/\/miumjau.ee\/lt\/\"},{\"@type\":\"ListItem\",\"position\":2,\"name\":\"Parduotuv\u0117\",\"item\":\"https:\/\/miumjau.ee\/lt\/parduotuve\/\"},{\"@type\":\"ListItem\",\"position\":3,\"name\":\"Brit Care mini \u0161uniuk\u0173 \u0117dalo mai\u0161elis \u0161uniukams, \u0117riena pada\u017ee, 85 g\"}]},{\"@type\":\"WebSite\",\"@id\":\"https:\/\/miumjau.ee\/#website\",\"url\":\"https:\/\/miumjau.ee\/\",\"name\":\"MiuMjau\",\"description\":\"Kraapimispuud kassidele\",\"publisher\":{\"@id\":\"https:\/\/miumjau.ee\/#organization\"},\"potentialAction\":[{\"@type\":\"SearchAction\",\"target\":{\"@type\":\"EntryPoint\",\"urlTemplate\":\"https:\/\/miumjau.ee\/?s={search_term_string}\"},\"query-input\":{\"@type\":\"PropertyValueSpecification\",\"valueRequired\":true,\"valueName\":\"search_term_string\"}}],\"inLanguage\":\"lt-LT\"},{\"@type\":\"Organization\",\"@id\":\"https:\/\/miumjau.ee\/#organization\",\"name\":\"MiuMjau O\u00dc\",\"url\":\"https:\/\/miumjau.ee\/\",\"logo\":{\"@type\":\"ImageObject\",\"inLanguage\":\"lt-LT\",\"@id\":\"https:\/\/miumjau.ee\/#\/schema\/logo\/image\/\",\"url\":\"https:\/\/miumjau.ee\/wp-content\/uploads\/2022\/04\/MiuMjau-logo-kollane.png\",\"contentUrl\":\"https:\/\/miumjau.ee\/wp-content\/uploads\/2022\/04\/MiuMjau-logo-kollane.png\",\"width\":219,\"height\":100,\"caption\":\"MiuMjau O\u00dc\"},\"image\":{\"@id\":\"https:\/\/miumjau.ee\/#\/schema\/logo\/image\/\"},\"sameAs\":[\"https:\/\/www.facebook.com\/miumjaupood\/\"]}]}<\/script>\n<!-- \/ Yoast SEO plugin. -->","yoast_head_json":{"title":"Brit Care mini \u0161uniuk\u0173 \u0117dalo mai\u0161elis \u0161uniukams, \u0117riena pada\u017ee, 85 g - MiuMjau","description":"Brit Care Mini serija si\u016blo m\u0117sos gabaliukus gard\u017eiame pada\u017ee, specialiai pritaikyt\u0105 ma\u017e\u0173 veisli\u0173 \u0161unims. Tai puikus sauso maisto papildas ir \u012fvairov\u0117s suteikiantis maistas.","robots":{"index":"index","follow":"follow","max-snippet":"max-snippet:-1","max-image-preview":"max-image-preview:large","max-video-preview":"max-video-preview:-1"},"canonical":"https:\/\/miumjau.ee\/lt\/produktas\/brit-care-mini-suniuku-edalo-maiselis-suniukams-eriena-padaze-85-g\/","og_locale":"lt_LT","og_type":"article","og_title":"Brit Care mini \u0161uniuk\u0173 \u0117dalo mai\u0161elis \u0161uniukams, \u0117riena pada\u017ee, 85 g - MiuMjau","og_description":"Brit Care Mini serija si\u016blo m\u0117sos gabaliukus gard\u017eiame pada\u017ee, specialiai pritaikyt\u0105 ma\u017e\u0173 veisli\u0173 \u0161unims. Tai puikus sauso maisto papildas ir \u012fvairov\u0117s suteikiantis maistas.","og_url":"https:\/\/miumjau.ee\/lt\/produktas\/brit-care-mini-suniuku-edalo-maiselis-suniukams-eriena-padaze-85-g\/","og_site_name":"MiuMjau","article_publisher":"https:\/\/www.facebook.com\/miumjaupood\/","og_image":[{"width":600,"height":800,"url":"https:\/\/miumjau.ee\/wp-content\/uploads\/2025\/03\/brit-care-mini-koeratoit-85g4-Photoroom-1.webp","type":"image\/webp"}],"twitter_card":"summary_large_image","schema":{"@context":"https:\/\/schema.org","@graph":[{"@type":"WebPage","@id":"https:\/\/miumjau.ee\/lt\/produktas\/brit-care-mini-suniuku-edalo-maiselis-suniukams-eriena-padaze-85-g\/","url":"https:\/\/miumjau.ee\/lt\/produktas\/brit-care-mini-suniuku-edalo-maiselis-suniukams-eriena-padaze-85-g\/","name":"Brit Care mini \u0161uniuk\u0173 \u0117dalo mai\u0161elis \u0161uniukams, \u0117riena pada\u017ee, 85 g - MiuMjau","isPartOf":{"@id":"https:\/\/miumjau.ee\/#website"},"primaryImageOfPage":{"@id":"https:\/\/miumjau.ee\/lt\/produktas\/brit-care-mini-suniuku-edalo-maiselis-suniukams-eriena-padaze-85-g\/#primaryimage"},"image":{"@id":"https:\/\/miumjau.ee\/lt\/produktas\/brit-care-mini-suniuku-edalo-maiselis-suniukams-eriena-padaze-85-g\/#primaryimage"},"thumbnailUrl":"https:\/\/miumjau.ee\/wp-content\/uploads\/2025\/03\/brit-care-mini-koeratoit-85g4-Photoroom-1.webp","datePublished":"2025-03-26T11:46:58+00:00","description":"Brit Care Mini serija si\u016blo m\u0117sos gabaliukus gard\u017eiame pada\u017ee, specialiai pritaikyt\u0105 ma\u017e\u0173 veisli\u0173 \u0161unims. Tai puikus sauso maisto papildas ir \u012fvairov\u0117s suteikiantis maistas.","breadcrumb":{"@id":"https:\/\/miumjau.ee\/lt\/produktas\/brit-care-mini-suniuku-edalo-maiselis-suniukams-eriena-padaze-85-g\/#breadcrumb"},"inLanguage":"lt-LT","potentialAction":[{"@type":"ReadAction","target":["https:\/\/miumjau.ee\/lt\/produktas\/brit-care-mini-suniuku-edalo-maiselis-suniukams-eriena-padaze-85-g\/"]}]},{"@type":"ImageObject","inLanguage":"lt-LT","@id":"https:\/\/miumjau.ee\/lt\/produktas\/brit-care-mini-suniuku-edalo-maiselis-suniukams-eriena-padaze-85-g\/#primaryimage","url":"https:\/\/miumjau.ee\/wp-content\/uploads\/2025\/03\/brit-care-mini-koeratoit-85g4-Photoroom-1.webp","contentUrl":"https:\/\/miumjau.ee\/wp-content\/uploads\/2025\/03\/brit-care-mini-koeratoit-85g4-Photoroom-1.webp","width":600,"height":800},{"@type":"BreadcrumbList","@id":"https:\/\/miumjau.ee\/lt\/produktas\/brit-care-mini-suniuku-edalo-maiselis-suniukams-eriena-padaze-85-g\/#breadcrumb","itemListElement":[{"@type":"ListItem","position":1,"name":"Home","item":"https:\/\/miumjau.ee\/lt\/"},{"@type":"ListItem","position":2,"name":"Parduotuv\u0117","item":"https:\/\/miumjau.ee\/lt\/parduotuve\/"},{"@type":"ListItem","position":3,"name":"Brit Care mini \u0161uniuk\u0173 \u0117dalo mai\u0161elis \u0161uniukams, \u0117riena pada\u017ee, 85 g"}]},{"@type":"WebSite","@id":"https:\/\/miumjau.ee\/#website","url":"https:\/\/miumjau.ee\/","name":"MiuMjau","description":"Kraapimispuud kassidele","publisher":{"@id":"https:\/\/miumjau.ee\/#organization"},"potentialAction":[{"@type":"SearchAction","target":{"@type":"EntryPoint","urlTemplate":"https:\/\/miumjau.ee\/?s={search_term_string}"},"query-input":{"@type":"PropertyValueSpecification","valueRequired":true,"valueName":"search_term_string"}}],"inLanguage":"lt-LT"},{"@type":"Organization","@id":"https:\/\/miumjau.ee\/#organization","name":"MiuMjau O\u00dc","url":"https:\/\/miumjau.ee\/","logo":{"@type":"ImageObject","inLanguage":"lt-LT","@id":"https:\/\/miumjau.ee\/#\/schema\/logo\/image\/","url":"https:\/\/miumjau.ee\/wp-content\/uploads\/2022\/04\/MiuMjau-logo-kollane.png","contentUrl":"https:\/\/miumjau.ee\/wp-content\/uploads\/2022\/04\/MiuMjau-logo-kollane.png","width":219,"height":100,"caption":"MiuMjau O\u00dc"},"image":{"@id":"https:\/\/miumjau.ee\/#\/schema\/logo\/image\/"},"sameAs":["https:\/\/www.facebook.com\/miumjaupood\/"]}]}},"_links":{"self":[{"href":"https:\/\/miumjau.ee\/lt\/wp-json\/wp\/v2\/product\/52699","targetHints":{"allow":["GET"]}}],"collection":[{"href":"https:\/\/miumjau.ee\/lt\/wp-json\/wp\/v2\/product"}],"about":[{"href":"https:\/\/miumjau.ee\/lt\/wp-json\/wp\/v2\/types\/product"}],"wp:featuredmedia":[{"embeddable":true,"href":"https:\/\/miumjau.ee\/lt\/wp-json\/wp\/v2\/media\/52700"}],"wp:attachment":[{"href":"https:\/\/miumjau.ee\/lt\/wp-json\/wp\/v2\/media?parent=52699"}],"wp:term":[{"taxonomy":"product_brand","embeddable":true,"href":"https:\/\/miumjau.ee\/lt\/wp-json\/wp\/v2\/product_brand?post=52699"},{"taxonomy":"product_cat","embeddable":true,"href":"https:\/\/miumjau.ee\/lt\/wp-json\/wp\/v2\/product_cat?post=52699"},{"taxonomy":"product_tag","embeddable":true,"href":"https:\/\/miumjau.ee\/lt\/wp-json\/wp\/v2\/product_tag?post=52699"}],"curies":[{"name":"wp","href":"https:\/\/api.w.org\/{rel}","templated":true}]}}