{"id":52506,"date":"2025-02-18T09:20:14","date_gmt":"2025-02-18T07:20:14","guid":{"rendered":"https:\/\/miumjau.ee\/toode\/ontario-kramtomi-skanestai-katems-vistiena-ir-antis-3x5-g\/"},"modified":"2025-02-18T09:20:14","modified_gmt":"2025-02-18T07:20:14","slug":"ontario-kramtomi-skanestai-katems-vistiena-ir-antis-3x5-g","status":"publish","type":"product","link":"https:\/\/miumjau.ee\/lt\/produktas\/ontario-kramtomi-skanestai-katems-vistiena-ir-antis-3x5-g\/","title":{"rendered":"Ontario kramtomi skan\u0117stai kat\u0117ms, vi\u0161tiena ir antis 3\u00d75 g"},"content":{"rendered":"","protected":false},"excerpt":{"rendered":"<p data-start=\"731\" data-end=\"824\">Papildomas pa\u0161aras kat\u0117ms. Pakuot\u0117je yra 3 atskirai supakuotos lazdel\u0117s \u2013 puikus skan\u0117stas!<\/p>\n<p data-start=\"826\" data-end=\"948\"><strong data-start=\"826\" data-end=\"838\">Sud\u0117tis:<\/strong> 90 % m\u0117sa ir gyv\u016bnin\u0117s kilm\u0117s produktai (vi\u0161tiena 33 %, antis 15 %), miel\u0117s, cukrus, mineralin\u0117s med\u017eiagos.<\/p>\n<p data-start=\"950\" data-end=\"1061\"><strong data-start=\"950\" data-end=\"969\">Maistin\u0117 vert\u0117:<\/strong> \u017eali baltymai 38 %, dr\u0117gm\u0117 27 %, \u017eali riebalai 19 %, \u017eali pelenai 9 %, \u017eali pluo\u0161tai 1 %.<\/p>\n<p data-start=\"1063\" data-end=\"1192\"><strong data-start=\"1063\" data-end=\"1110\">Papildom\u0173 maistini\u0173 med\u017eiag\u0173 kiekis (1 kg):<\/strong> vitaminas A 5 000 TV, vitaminas D3 500 TV, vitaminas E 5 TV, taurinas 1 000 mg.<\/p>\n<p data-start=\"1194\" data-end=\"1235\" data-is-last-node=\"\" data-is-only-node=\"\">Skanus ir naudingas skan\u0117stas j\u016bs\u0173 katei!<\/p>\n","protected":false},"featured_media":52507,"template":"","meta":[],"product_brand":[],"product_cat":[527],"product_tag":[],"class_list":{"0":"post-52506","1":"product","2":"type-product","3":"status-publish","4":"has-post-thumbnail","6":"product_cat-skanestai","8":"first","9":"instock","10":"taxable","11":"shipping-taxable","12":"purchasable","13":"product-type-simple"},"yoast_head":"<!-- This site is optimized with the Yoast SEO plugin v27.2 - https:\/\/yoast.com\/product\/yoast-seo-wordpress\/ -->\n<title>Ontario kramtomi skan\u0117stai kat\u0117ms, vi\u0161tiena ir antis 3\u00d75 g - MiuMjau<\/title>\n<meta name=\"robots\" content=\"index, follow, max-snippet:-1, max-image-preview:large, max-video-preview:-1\" \/>\n<link rel=\"canonical\" href=\"https:\/\/miumjau.ee\/lt\/produktas\/ontario-kramtomi-skanestai-katems-vistiena-ir-antis-3x5-g\/\" \/>\n<meta property=\"og:locale\" content=\"lt_LT\" \/>\n<meta property=\"og:type\" content=\"article\" \/>\n<meta property=\"og:title\" content=\"Ontario kramtomi skan\u0117stai kat\u0117ms, vi\u0161tiena ir antis 3\u00d75 g - MiuMjau\" \/>\n<meta property=\"og:description\" content=\"Papildomas pa\u0161aras kat\u0117ms. Pakuot\u0117je yra 3 atskirai supakuotos lazdel\u0117s \u2013 puikus skan\u0117stas! Sud\u0117tis: 90 % m\u0117sa ir gyv\u016bnin\u0117s kilm\u0117s produktai (vi\u0161tiena 33 %, antis 15 %), miel\u0117s, cukrus, mineralin\u0117s med\u017eiagos. Maistin\u0117 vert\u0117: \u017eali baltymai 38 %, dr\u0117gm\u0117 27 %, \u017eali riebalai 19 %, \u017eali pelenai 9 %, \u017eali pluo\u0161tai 1 %. Papildom\u0173 maistini\u0173 med\u017eiag\u0173 kiekis (1 kg): vitaminas A 5 000 TV, vitaminas D3 500 TV, vitaminas E 5 TV, taurinas 1 000 mg. Skanus ir naudingas skan\u0117stas j\u016bs\u0173 katei!\" \/>\n<meta property=\"og:url\" content=\"https:\/\/miumjau.ee\/lt\/produktas\/ontario-kramtomi-skanestai-katems-vistiena-ir-antis-3x5-g\/\" \/>\n<meta property=\"og:site_name\" content=\"MiuMjau\" \/>\n<meta property=\"article:publisher\" content=\"https:\/\/www.facebook.com\/miumjaupood\/\" \/>\n<meta property=\"og:image\" content=\"https:\/\/miumjau.ee\/wp-content\/uploads\/2025\/02\/maius-kassidele-ontario5.jpg\" \/>\n\t<meta property=\"og:image:width\" content=\"600\" \/>\n\t<meta property=\"og:image:height\" content=\"800\" \/>\n\t<meta property=\"og:image:type\" content=\"image\/jpeg\" \/>\n<meta name=\"twitter:card\" content=\"summary_large_image\" \/>\n<script type=\"application\/ld+json\" class=\"yoast-schema-graph\">{\"@context\":\"https:\/\/schema.org\",\"@graph\":[{\"@type\":\"WebPage\",\"@id\":\"https:\/\/miumjau.ee\/lt\/produktas\/ontario-kramtomi-skanestai-katems-vistiena-ir-antis-3x5-g\/\",\"url\":\"https:\/\/miumjau.ee\/lt\/produktas\/ontario-kramtomi-skanestai-katems-vistiena-ir-antis-3x5-g\/\",\"name\":\"Ontario kramtomi skan\u0117stai kat\u0117ms, vi\u0161tiena ir antis 3\u00d75 g - MiuMjau\",\"isPartOf\":{\"@id\":\"https:\/\/miumjau.ee\/#website\"},\"primaryImageOfPage\":{\"@id\":\"https:\/\/miumjau.ee\/lt\/produktas\/ontario-kramtomi-skanestai-katems-vistiena-ir-antis-3x5-g\/#primaryimage\"},\"image\":{\"@id\":\"https:\/\/miumjau.ee\/lt\/produktas\/ontario-kramtomi-skanestai-katems-vistiena-ir-antis-3x5-g\/#primaryimage\"},\"thumbnailUrl\":\"https:\/\/miumjau.ee\/wp-content\/uploads\/2025\/02\/maius-kassidele-ontario5.jpg\",\"datePublished\":\"2025-02-18T07:20:14+00:00\",\"breadcrumb\":{\"@id\":\"https:\/\/miumjau.ee\/lt\/produktas\/ontario-kramtomi-skanestai-katems-vistiena-ir-antis-3x5-g\/#breadcrumb\"},\"inLanguage\":\"lt-LT\",\"potentialAction\":[{\"@type\":\"ReadAction\",\"target\":[\"https:\/\/miumjau.ee\/lt\/produktas\/ontario-kramtomi-skanestai-katems-vistiena-ir-antis-3x5-g\/\"]}]},{\"@type\":\"ImageObject\",\"inLanguage\":\"lt-LT\",\"@id\":\"https:\/\/miumjau.ee\/lt\/produktas\/ontario-kramtomi-skanestai-katems-vistiena-ir-antis-3x5-g\/#primaryimage\",\"url\":\"https:\/\/miumjau.ee\/wp-content\/uploads\/2025\/02\/maius-kassidele-ontario5.jpg\",\"contentUrl\":\"https:\/\/miumjau.ee\/wp-content\/uploads\/2025\/02\/maius-kassidele-ontario5.jpg\",\"width\":600,\"height\":800},{\"@type\":\"BreadcrumbList\",\"@id\":\"https:\/\/miumjau.ee\/lt\/produktas\/ontario-kramtomi-skanestai-katems-vistiena-ir-antis-3x5-g\/#breadcrumb\",\"itemListElement\":[{\"@type\":\"ListItem\",\"position\":1,\"name\":\"Home\",\"item\":\"https:\/\/miumjau.ee\/lt\/\"},{\"@type\":\"ListItem\",\"position\":2,\"name\":\"Parduotuv\u0117\",\"item\":\"https:\/\/miumjau.ee\/lt\/parduotuve\/\"},{\"@type\":\"ListItem\",\"position\":3,\"name\":\"Ontario kramtomi skan\u0117stai kat\u0117ms, vi\u0161tiena ir antis 3\u00d75 g\"}]},{\"@type\":\"WebSite\",\"@id\":\"https:\/\/miumjau.ee\/#website\",\"url\":\"https:\/\/miumjau.ee\/\",\"name\":\"MiuMjau\",\"description\":\"Kraapimispuud kassidele\",\"publisher\":{\"@id\":\"https:\/\/miumjau.ee\/#organization\"},\"potentialAction\":[{\"@type\":\"SearchAction\",\"target\":{\"@type\":\"EntryPoint\",\"urlTemplate\":\"https:\/\/miumjau.ee\/?s={search_term_string}\"},\"query-input\":{\"@type\":\"PropertyValueSpecification\",\"valueRequired\":true,\"valueName\":\"search_term_string\"}}],\"inLanguage\":\"lt-LT\"},{\"@type\":\"Organization\",\"@id\":\"https:\/\/miumjau.ee\/#organization\",\"name\":\"MiuMjau O\u00dc\",\"url\":\"https:\/\/miumjau.ee\/\",\"logo\":{\"@type\":\"ImageObject\",\"inLanguage\":\"lt-LT\",\"@id\":\"https:\/\/miumjau.ee\/#\/schema\/logo\/image\/\",\"url\":\"https:\/\/miumjau.ee\/wp-content\/uploads\/2022\/04\/MiuMjau-logo-kollane.png\",\"contentUrl\":\"https:\/\/miumjau.ee\/wp-content\/uploads\/2022\/04\/MiuMjau-logo-kollane.png\",\"width\":219,\"height\":100,\"caption\":\"MiuMjau O\u00dc\"},\"image\":{\"@id\":\"https:\/\/miumjau.ee\/#\/schema\/logo\/image\/\"},\"sameAs\":[\"https:\/\/www.facebook.com\/miumjaupood\/\"]}]}<\/script>\n<!-- \/ Yoast SEO plugin. -->","yoast_head_json":{"title":"Ontario kramtomi skan\u0117stai kat\u0117ms, vi\u0161tiena ir antis 3\u00d75 g - MiuMjau","robots":{"index":"index","follow":"follow","max-snippet":"max-snippet:-1","max-image-preview":"max-image-preview:large","max-video-preview":"max-video-preview:-1"},"canonical":"https:\/\/miumjau.ee\/lt\/produktas\/ontario-kramtomi-skanestai-katems-vistiena-ir-antis-3x5-g\/","og_locale":"lt_LT","og_type":"article","og_title":"Ontario kramtomi skan\u0117stai kat\u0117ms, vi\u0161tiena ir antis 3\u00d75 g - MiuMjau","og_description":"Papildomas pa\u0161aras kat\u0117ms. Pakuot\u0117je yra 3 atskirai supakuotos lazdel\u0117s \u2013 puikus skan\u0117stas! Sud\u0117tis: 90 % m\u0117sa ir gyv\u016bnin\u0117s kilm\u0117s produktai (vi\u0161tiena 33 %, antis 15 %), miel\u0117s, cukrus, mineralin\u0117s med\u017eiagos. Maistin\u0117 vert\u0117: \u017eali baltymai 38 %, dr\u0117gm\u0117 27 %, \u017eali riebalai 19 %, \u017eali pelenai 9 %, \u017eali pluo\u0161tai 1 %. Papildom\u0173 maistini\u0173 med\u017eiag\u0173 kiekis (1 kg): vitaminas A 5 000 TV, vitaminas D3 500 TV, vitaminas E 5 TV, taurinas 1 000 mg. Skanus ir naudingas skan\u0117stas j\u016bs\u0173 katei!","og_url":"https:\/\/miumjau.ee\/lt\/produktas\/ontario-kramtomi-skanestai-katems-vistiena-ir-antis-3x5-g\/","og_site_name":"MiuMjau","article_publisher":"https:\/\/www.facebook.com\/miumjaupood\/","og_image":[{"width":600,"height":800,"url":"https:\/\/miumjau.ee\/wp-content\/uploads\/2025\/02\/maius-kassidele-ontario5.jpg","type":"image\/jpeg"}],"twitter_card":"summary_large_image","schema":{"@context":"https:\/\/schema.org","@graph":[{"@type":"WebPage","@id":"https:\/\/miumjau.ee\/lt\/produktas\/ontario-kramtomi-skanestai-katems-vistiena-ir-antis-3x5-g\/","url":"https:\/\/miumjau.ee\/lt\/produktas\/ontario-kramtomi-skanestai-katems-vistiena-ir-antis-3x5-g\/","name":"Ontario kramtomi skan\u0117stai kat\u0117ms, vi\u0161tiena ir antis 3\u00d75 g - MiuMjau","isPartOf":{"@id":"https:\/\/miumjau.ee\/#website"},"primaryImageOfPage":{"@id":"https:\/\/miumjau.ee\/lt\/produktas\/ontario-kramtomi-skanestai-katems-vistiena-ir-antis-3x5-g\/#primaryimage"},"image":{"@id":"https:\/\/miumjau.ee\/lt\/produktas\/ontario-kramtomi-skanestai-katems-vistiena-ir-antis-3x5-g\/#primaryimage"},"thumbnailUrl":"https:\/\/miumjau.ee\/wp-content\/uploads\/2025\/02\/maius-kassidele-ontario5.jpg","datePublished":"2025-02-18T07:20:14+00:00","breadcrumb":{"@id":"https:\/\/miumjau.ee\/lt\/produktas\/ontario-kramtomi-skanestai-katems-vistiena-ir-antis-3x5-g\/#breadcrumb"},"inLanguage":"lt-LT","potentialAction":[{"@type":"ReadAction","target":["https:\/\/miumjau.ee\/lt\/produktas\/ontario-kramtomi-skanestai-katems-vistiena-ir-antis-3x5-g\/"]}]},{"@type":"ImageObject","inLanguage":"lt-LT","@id":"https:\/\/miumjau.ee\/lt\/produktas\/ontario-kramtomi-skanestai-katems-vistiena-ir-antis-3x5-g\/#primaryimage","url":"https:\/\/miumjau.ee\/wp-content\/uploads\/2025\/02\/maius-kassidele-ontario5.jpg","contentUrl":"https:\/\/miumjau.ee\/wp-content\/uploads\/2025\/02\/maius-kassidele-ontario5.jpg","width":600,"height":800},{"@type":"BreadcrumbList","@id":"https:\/\/miumjau.ee\/lt\/produktas\/ontario-kramtomi-skanestai-katems-vistiena-ir-antis-3x5-g\/#breadcrumb","itemListElement":[{"@type":"ListItem","position":1,"name":"Home","item":"https:\/\/miumjau.ee\/lt\/"},{"@type":"ListItem","position":2,"name":"Parduotuv\u0117","item":"https:\/\/miumjau.ee\/lt\/parduotuve\/"},{"@type":"ListItem","position":3,"name":"Ontario kramtomi skan\u0117stai kat\u0117ms, vi\u0161tiena ir antis 3\u00d75 g"}]},{"@type":"WebSite","@id":"https:\/\/miumjau.ee\/#website","url":"https:\/\/miumjau.ee\/","name":"MiuMjau","description":"Kraapimispuud kassidele","publisher":{"@id":"https:\/\/miumjau.ee\/#organization"},"potentialAction":[{"@type":"SearchAction","target":{"@type":"EntryPoint","urlTemplate":"https:\/\/miumjau.ee\/?s={search_term_string}"},"query-input":{"@type":"PropertyValueSpecification","valueRequired":true,"valueName":"search_term_string"}}],"inLanguage":"lt-LT"},{"@type":"Organization","@id":"https:\/\/miumjau.ee\/#organization","name":"MiuMjau O\u00dc","url":"https:\/\/miumjau.ee\/","logo":{"@type":"ImageObject","inLanguage":"lt-LT","@id":"https:\/\/miumjau.ee\/#\/schema\/logo\/image\/","url":"https:\/\/miumjau.ee\/wp-content\/uploads\/2022\/04\/MiuMjau-logo-kollane.png","contentUrl":"https:\/\/miumjau.ee\/wp-content\/uploads\/2022\/04\/MiuMjau-logo-kollane.png","width":219,"height":100,"caption":"MiuMjau O\u00dc"},"image":{"@id":"https:\/\/miumjau.ee\/#\/schema\/logo\/image\/"},"sameAs":["https:\/\/www.facebook.com\/miumjaupood\/"]}]}},"_links":{"self":[{"href":"https:\/\/miumjau.ee\/lt\/wp-json\/wp\/v2\/product\/52506","targetHints":{"allow":["GET"]}}],"collection":[{"href":"https:\/\/miumjau.ee\/lt\/wp-json\/wp\/v2\/product"}],"about":[{"href":"https:\/\/miumjau.ee\/lt\/wp-json\/wp\/v2\/types\/product"}],"wp:featuredmedia":[{"embeddable":true,"href":"https:\/\/miumjau.ee\/lt\/wp-json\/wp\/v2\/media\/52507"}],"wp:attachment":[{"href":"https:\/\/miumjau.ee\/lt\/wp-json\/wp\/v2\/media?parent=52506"}],"wp:term":[{"taxonomy":"product_brand","embeddable":true,"href":"https:\/\/miumjau.ee\/lt\/wp-json\/wp\/v2\/product_brand?post=52506"},{"taxonomy":"product_cat","embeddable":true,"href":"https:\/\/miumjau.ee\/lt\/wp-json\/wp\/v2\/product_cat?post=52506"},{"taxonomy":"product_tag","embeddable":true,"href":"https:\/\/miumjau.ee\/lt\/wp-json\/wp\/v2\/product_tag?post=52506"}],"curies":[{"name":"wp","href":"https:\/\/api.w.org\/{rel}","templated":true}]}}