{"id":52502,"date":"2025-02-18T09:09:50","date_gmt":"2025-02-18T07:09:50","guid":{"rendered":"https:\/\/miumjau.ee\/toode\/ontario-kramtomi-skanestai-katems-antis-ir-triusis-3x5-g\/"},"modified":"2025-02-18T09:09:50","modified_gmt":"2025-02-18T07:09:50","slug":"ontario-kramtomi-skanestai-katems-antis-ir-triusis-3x5-g","status":"publish","type":"product","link":"https:\/\/miumjau.ee\/lt\/produktas\/ontario-kramtomi-skanestai-katems-antis-ir-triusis-3x5-g\/","title":{"rendered":"Ontario kramtomi skan\u0117stai kat\u0117ms, antis ir triu\u0161is 3\u00d75 g"},"content":{"rendered":"","protected":false},"excerpt":{"rendered":"<p data-start=\"1065\" data-end=\"1244\">Skanus, mink\u0161tas ir m\u0117singas skan\u0117stas, puikiai tinkantis kaip u\u017ekandis j\u016bs\u0173 katei! Sud\u0117tyje yra 90 % gyv\u016bnin\u0117s kilm\u0117s ingredient\u0173, \u012fskaitant skani\u0105 ant\u012f (15 %) ir triu\u0161\u012f (5 %).<\/p>\n<p data-start=\"1246\" data-end=\"1504\"><strong data-start=\"1246\" data-end=\"1270\">\u0160\u0117rimo instrukcijos:<\/strong> Duokite katei 1\u20132 lazdeles per dien\u0105, priklausomai nuo dyd\u017eio ir aktyvumo. Si\u016blykite kaip u\u017ekand\u012f tarp pagrindini\u0173 valgym\u0173 ir koreguokite kiek\u012f, kad palaikytum\u0117te sveik\u0105 k\u016bno svor\u012f. Visada u\u017etikrinkite prieig\u0105 prie \u0161vie\u017eio vandens.<\/p>\n<p data-start=\"1506\" data-end=\"1626\"><strong data-start=\"1506\" data-end=\"1518\">Sud\u0117tis:<\/strong> m\u0117sa ir gyv\u016bnin\u0117s kilm\u0117s produktai 90 % (antis 15 %, triu\u0161is 5 %), miel\u0117s, cukrus, mineralin\u0117s med\u017eiagos.<\/p>\n<p data-start=\"1628\" data-end=\"1739\"><strong data-start=\"1628\" data-end=\"1647\">Maistin\u0117 vert\u0117:<\/strong> \u017eali baltymai 38 %, \u017eali riebalai 19 %, \u017eali pluo\u0161tai 1 %, \u017eali pelenai 9 %, dr\u0117gm\u0117 27 %.<\/p>\n<p data-start=\"1741\" data-end=\"1870\"><strong data-start=\"1741\" data-end=\"1788\">Papildom\u0173 maistini\u0173 med\u017eiag\u0173 kiekis (1 kg):<\/strong> vitaminas A 5 000 TV, vitaminas D3 500 TV, vitaminas E 5 mg, taurinas 1 000 mg.<\/p>\n<p data-start=\"1872\" data-end=\"1926\" data-is-last-node=\"\" data-is-only-node=\"\">Skanus ir maistingas skan\u0117stas, kur\u012f j\u016bs\u0173 kat\u0117 pam\u0117gs!<\/p>\n","protected":false},"featured_media":52503,"template":"","meta":[],"product_brand":[],"product_cat":[527],"product_tag":[],"class_list":{"0":"post-52502","1":"product","2":"type-product","3":"status-publish","4":"has-post-thumbnail","6":"product_cat-skanestai","8":"first","9":"instock","10":"taxable","11":"shipping-taxable","12":"purchasable","13":"product-type-simple"},"yoast_head":"<!-- This site is optimized with the Yoast SEO plugin v27.2 - https:\/\/yoast.com\/product\/yoast-seo-wordpress\/ -->\n<title>Ontario kramtomi skan\u0117stai kat\u0117ms, antis ir triu\u0161is 3\u00d75 g - MiuMjau<\/title>\n<meta name=\"robots\" content=\"index, follow, max-snippet:-1, max-image-preview:large, max-video-preview:-1\" \/>\n<link rel=\"canonical\" href=\"https:\/\/miumjau.ee\/lt\/produktas\/ontario-kramtomi-skanestai-katems-antis-ir-triusis-3x5-g\/\" \/>\n<meta property=\"og:locale\" content=\"lt_LT\" \/>\n<meta property=\"og:type\" content=\"article\" \/>\n<meta property=\"og:title\" content=\"Ontario kramtomi skan\u0117stai kat\u0117ms, antis ir triu\u0161is 3\u00d75 g - MiuMjau\" \/>\n<meta property=\"og:description\" content=\"Skanus, mink\u0161tas ir m\u0117singas skan\u0117stas, puikiai tinkantis kaip u\u017ekandis j\u016bs\u0173 katei! Sud\u0117tyje yra 90 % gyv\u016bnin\u0117s kilm\u0117s ingredient\u0173, \u012fskaitant skani\u0105 ant\u012f (15 %) ir triu\u0161\u012f (5 %). \u0160\u0117rimo instrukcijos: Duokite katei 1\u20132 lazdeles per dien\u0105, priklausomai nuo dyd\u017eio ir aktyvumo. Si\u016blykite kaip u\u017ekand\u012f tarp pagrindini\u0173 valgym\u0173 ir koreguokite kiek\u012f, kad palaikytum\u0117te sveik\u0105 k\u016bno svor\u012f. Visada u\u017etikrinkite prieig\u0105 prie \u0161vie\u017eio vandens. Sud\u0117tis: m\u0117sa ir gyv\u016bnin\u0117s kilm\u0117s produktai 90 % (antis 15 %, triu\u0161is 5 %), miel\u0117s, cukrus, mineralin\u0117s med\u017eiagos. Maistin\u0117 vert\u0117: \u017eali baltymai 38 %, \u017eali riebalai 19 %, \u017eali pluo\u0161tai 1 %, \u017eali pelenai 9 %, dr\u0117gm\u0117 27 %. Papildom\u0173 maistini\u0173 med\u017eiag\u0173 kiekis (1 kg): vitaminas A 5 000 TV, vitaminas D3 500 TV, vitaminas E 5 mg, taurinas 1 000 mg. Skanus ir maistingas skan\u0117stas, kur\u012f j\u016bs\u0173 kat\u0117 pam\u0117gs!\" \/>\n<meta property=\"og:url\" content=\"https:\/\/miumjau.ee\/lt\/produktas\/ontario-kramtomi-skanestai-katems-antis-ir-triusis-3x5-g\/\" \/>\n<meta property=\"og:site_name\" content=\"MiuMjau\" \/>\n<meta property=\"article:publisher\" content=\"https:\/\/www.facebook.com\/miumjaupood\/\" \/>\n<meta property=\"og:image\" content=\"https:\/\/miumjau.ee\/wp-content\/uploads\/2025\/02\/maius-kassidele-ontario2.jpg\" \/>\n\t<meta property=\"og:image:width\" content=\"600\" \/>\n\t<meta property=\"og:image:height\" content=\"800\" \/>\n\t<meta property=\"og:image:type\" content=\"image\/jpeg\" \/>\n<meta name=\"twitter:card\" content=\"summary_large_image\" \/>\n<script type=\"application\/ld+json\" class=\"yoast-schema-graph\">{\"@context\":\"https:\/\/schema.org\",\"@graph\":[{\"@type\":\"WebPage\",\"@id\":\"https:\/\/miumjau.ee\/lt\/produktas\/ontario-kramtomi-skanestai-katems-antis-ir-triusis-3x5-g\/\",\"url\":\"https:\/\/miumjau.ee\/lt\/produktas\/ontario-kramtomi-skanestai-katems-antis-ir-triusis-3x5-g\/\",\"name\":\"Ontario kramtomi skan\u0117stai kat\u0117ms, antis ir triu\u0161is 3\u00d75 g - MiuMjau\",\"isPartOf\":{\"@id\":\"https:\/\/miumjau.ee\/#website\"},\"primaryImageOfPage\":{\"@id\":\"https:\/\/miumjau.ee\/lt\/produktas\/ontario-kramtomi-skanestai-katems-antis-ir-triusis-3x5-g\/#primaryimage\"},\"image\":{\"@id\":\"https:\/\/miumjau.ee\/lt\/produktas\/ontario-kramtomi-skanestai-katems-antis-ir-triusis-3x5-g\/#primaryimage\"},\"thumbnailUrl\":\"https:\/\/miumjau.ee\/wp-content\/uploads\/2025\/02\/maius-kassidele-ontario2.jpg\",\"datePublished\":\"2025-02-18T07:09:50+00:00\",\"breadcrumb\":{\"@id\":\"https:\/\/miumjau.ee\/lt\/produktas\/ontario-kramtomi-skanestai-katems-antis-ir-triusis-3x5-g\/#breadcrumb\"},\"inLanguage\":\"lt-LT\",\"potentialAction\":[{\"@type\":\"ReadAction\",\"target\":[\"https:\/\/miumjau.ee\/lt\/produktas\/ontario-kramtomi-skanestai-katems-antis-ir-triusis-3x5-g\/\"]}]},{\"@type\":\"ImageObject\",\"inLanguage\":\"lt-LT\",\"@id\":\"https:\/\/miumjau.ee\/lt\/produktas\/ontario-kramtomi-skanestai-katems-antis-ir-triusis-3x5-g\/#primaryimage\",\"url\":\"https:\/\/miumjau.ee\/wp-content\/uploads\/2025\/02\/maius-kassidele-ontario2.jpg\",\"contentUrl\":\"https:\/\/miumjau.ee\/wp-content\/uploads\/2025\/02\/maius-kassidele-ontario2.jpg\",\"width\":600,\"height\":800},{\"@type\":\"BreadcrumbList\",\"@id\":\"https:\/\/miumjau.ee\/lt\/produktas\/ontario-kramtomi-skanestai-katems-antis-ir-triusis-3x5-g\/#breadcrumb\",\"itemListElement\":[{\"@type\":\"ListItem\",\"position\":1,\"name\":\"Home\",\"item\":\"https:\/\/miumjau.ee\/lt\/\"},{\"@type\":\"ListItem\",\"position\":2,\"name\":\"Parduotuv\u0117\",\"item\":\"https:\/\/miumjau.ee\/lt\/parduotuve\/\"},{\"@type\":\"ListItem\",\"position\":3,\"name\":\"Ontario kramtomi skan\u0117stai kat\u0117ms, antis ir triu\u0161is 3\u00d75 g\"}]},{\"@type\":\"WebSite\",\"@id\":\"https:\/\/miumjau.ee\/#website\",\"url\":\"https:\/\/miumjau.ee\/\",\"name\":\"MiuMjau\",\"description\":\"Kraapimispuud kassidele\",\"publisher\":{\"@id\":\"https:\/\/miumjau.ee\/#organization\"},\"potentialAction\":[{\"@type\":\"SearchAction\",\"target\":{\"@type\":\"EntryPoint\",\"urlTemplate\":\"https:\/\/miumjau.ee\/?s={search_term_string}\"},\"query-input\":{\"@type\":\"PropertyValueSpecification\",\"valueRequired\":true,\"valueName\":\"search_term_string\"}}],\"inLanguage\":\"lt-LT\"},{\"@type\":\"Organization\",\"@id\":\"https:\/\/miumjau.ee\/#organization\",\"name\":\"MiuMjau O\u00dc\",\"url\":\"https:\/\/miumjau.ee\/\",\"logo\":{\"@type\":\"ImageObject\",\"inLanguage\":\"lt-LT\",\"@id\":\"https:\/\/miumjau.ee\/#\/schema\/logo\/image\/\",\"url\":\"https:\/\/miumjau.ee\/wp-content\/uploads\/2022\/04\/MiuMjau-logo-kollane.png\",\"contentUrl\":\"https:\/\/miumjau.ee\/wp-content\/uploads\/2022\/04\/MiuMjau-logo-kollane.png\",\"width\":219,\"height\":100,\"caption\":\"MiuMjau O\u00dc\"},\"image\":{\"@id\":\"https:\/\/miumjau.ee\/#\/schema\/logo\/image\/\"},\"sameAs\":[\"https:\/\/www.facebook.com\/miumjaupood\/\"]}]}<\/script>\n<!-- \/ Yoast SEO plugin. -->","yoast_head_json":{"title":"Ontario kramtomi skan\u0117stai kat\u0117ms, antis ir triu\u0161is 3\u00d75 g - MiuMjau","robots":{"index":"index","follow":"follow","max-snippet":"max-snippet:-1","max-image-preview":"max-image-preview:large","max-video-preview":"max-video-preview:-1"},"canonical":"https:\/\/miumjau.ee\/lt\/produktas\/ontario-kramtomi-skanestai-katems-antis-ir-triusis-3x5-g\/","og_locale":"lt_LT","og_type":"article","og_title":"Ontario kramtomi skan\u0117stai kat\u0117ms, antis ir triu\u0161is 3\u00d75 g - MiuMjau","og_description":"Skanus, mink\u0161tas ir m\u0117singas skan\u0117stas, puikiai tinkantis kaip u\u017ekandis j\u016bs\u0173 katei! Sud\u0117tyje yra 90 % gyv\u016bnin\u0117s kilm\u0117s ingredient\u0173, \u012fskaitant skani\u0105 ant\u012f (15 %) ir triu\u0161\u012f (5 %). \u0160\u0117rimo instrukcijos: Duokite katei 1\u20132 lazdeles per dien\u0105, priklausomai nuo dyd\u017eio ir aktyvumo. Si\u016blykite kaip u\u017ekand\u012f tarp pagrindini\u0173 valgym\u0173 ir koreguokite kiek\u012f, kad palaikytum\u0117te sveik\u0105 k\u016bno svor\u012f. Visada u\u017etikrinkite prieig\u0105 prie \u0161vie\u017eio vandens. Sud\u0117tis: m\u0117sa ir gyv\u016bnin\u0117s kilm\u0117s produktai 90 % (antis 15 %, triu\u0161is 5 %), miel\u0117s, cukrus, mineralin\u0117s med\u017eiagos. Maistin\u0117 vert\u0117: \u017eali baltymai 38 %, \u017eali riebalai 19 %, \u017eali pluo\u0161tai 1 %, \u017eali pelenai 9 %, dr\u0117gm\u0117 27 %. Papildom\u0173 maistini\u0173 med\u017eiag\u0173 kiekis (1 kg): vitaminas A 5 000 TV, vitaminas D3 500 TV, vitaminas E 5 mg, taurinas 1 000 mg. Skanus ir maistingas skan\u0117stas, kur\u012f j\u016bs\u0173 kat\u0117 pam\u0117gs!","og_url":"https:\/\/miumjau.ee\/lt\/produktas\/ontario-kramtomi-skanestai-katems-antis-ir-triusis-3x5-g\/","og_site_name":"MiuMjau","article_publisher":"https:\/\/www.facebook.com\/miumjaupood\/","og_image":[{"width":600,"height":800,"url":"https:\/\/miumjau.ee\/wp-content\/uploads\/2025\/02\/maius-kassidele-ontario2.jpg","type":"image\/jpeg"}],"twitter_card":"summary_large_image","schema":{"@context":"https:\/\/schema.org","@graph":[{"@type":"WebPage","@id":"https:\/\/miumjau.ee\/lt\/produktas\/ontario-kramtomi-skanestai-katems-antis-ir-triusis-3x5-g\/","url":"https:\/\/miumjau.ee\/lt\/produktas\/ontario-kramtomi-skanestai-katems-antis-ir-triusis-3x5-g\/","name":"Ontario kramtomi skan\u0117stai kat\u0117ms, antis ir triu\u0161is 3\u00d75 g - MiuMjau","isPartOf":{"@id":"https:\/\/miumjau.ee\/#website"},"primaryImageOfPage":{"@id":"https:\/\/miumjau.ee\/lt\/produktas\/ontario-kramtomi-skanestai-katems-antis-ir-triusis-3x5-g\/#primaryimage"},"image":{"@id":"https:\/\/miumjau.ee\/lt\/produktas\/ontario-kramtomi-skanestai-katems-antis-ir-triusis-3x5-g\/#primaryimage"},"thumbnailUrl":"https:\/\/miumjau.ee\/wp-content\/uploads\/2025\/02\/maius-kassidele-ontario2.jpg","datePublished":"2025-02-18T07:09:50+00:00","breadcrumb":{"@id":"https:\/\/miumjau.ee\/lt\/produktas\/ontario-kramtomi-skanestai-katems-antis-ir-triusis-3x5-g\/#breadcrumb"},"inLanguage":"lt-LT","potentialAction":[{"@type":"ReadAction","target":["https:\/\/miumjau.ee\/lt\/produktas\/ontario-kramtomi-skanestai-katems-antis-ir-triusis-3x5-g\/"]}]},{"@type":"ImageObject","inLanguage":"lt-LT","@id":"https:\/\/miumjau.ee\/lt\/produktas\/ontario-kramtomi-skanestai-katems-antis-ir-triusis-3x5-g\/#primaryimage","url":"https:\/\/miumjau.ee\/wp-content\/uploads\/2025\/02\/maius-kassidele-ontario2.jpg","contentUrl":"https:\/\/miumjau.ee\/wp-content\/uploads\/2025\/02\/maius-kassidele-ontario2.jpg","width":600,"height":800},{"@type":"BreadcrumbList","@id":"https:\/\/miumjau.ee\/lt\/produktas\/ontario-kramtomi-skanestai-katems-antis-ir-triusis-3x5-g\/#breadcrumb","itemListElement":[{"@type":"ListItem","position":1,"name":"Home","item":"https:\/\/miumjau.ee\/lt\/"},{"@type":"ListItem","position":2,"name":"Parduotuv\u0117","item":"https:\/\/miumjau.ee\/lt\/parduotuve\/"},{"@type":"ListItem","position":3,"name":"Ontario kramtomi skan\u0117stai kat\u0117ms, antis ir triu\u0161is 3\u00d75 g"}]},{"@type":"WebSite","@id":"https:\/\/miumjau.ee\/#website","url":"https:\/\/miumjau.ee\/","name":"MiuMjau","description":"Kraapimispuud kassidele","publisher":{"@id":"https:\/\/miumjau.ee\/#organization"},"potentialAction":[{"@type":"SearchAction","target":{"@type":"EntryPoint","urlTemplate":"https:\/\/miumjau.ee\/?s={search_term_string}"},"query-input":{"@type":"PropertyValueSpecification","valueRequired":true,"valueName":"search_term_string"}}],"inLanguage":"lt-LT"},{"@type":"Organization","@id":"https:\/\/miumjau.ee\/#organization","name":"MiuMjau O\u00dc","url":"https:\/\/miumjau.ee\/","logo":{"@type":"ImageObject","inLanguage":"lt-LT","@id":"https:\/\/miumjau.ee\/#\/schema\/logo\/image\/","url":"https:\/\/miumjau.ee\/wp-content\/uploads\/2022\/04\/MiuMjau-logo-kollane.png","contentUrl":"https:\/\/miumjau.ee\/wp-content\/uploads\/2022\/04\/MiuMjau-logo-kollane.png","width":219,"height":100,"caption":"MiuMjau O\u00dc"},"image":{"@id":"https:\/\/miumjau.ee\/#\/schema\/logo\/image\/"},"sameAs":["https:\/\/www.facebook.com\/miumjaupood\/"]}]}},"_links":{"self":[{"href":"https:\/\/miumjau.ee\/lt\/wp-json\/wp\/v2\/product\/52502","targetHints":{"allow":["GET"]}}],"collection":[{"href":"https:\/\/miumjau.ee\/lt\/wp-json\/wp\/v2\/product"}],"about":[{"href":"https:\/\/miumjau.ee\/lt\/wp-json\/wp\/v2\/types\/product"}],"wp:featuredmedia":[{"embeddable":true,"href":"https:\/\/miumjau.ee\/lt\/wp-json\/wp\/v2\/media\/52503"}],"wp:attachment":[{"href":"https:\/\/miumjau.ee\/lt\/wp-json\/wp\/v2\/media?parent=52502"}],"wp:term":[{"taxonomy":"product_brand","embeddable":true,"href":"https:\/\/miumjau.ee\/lt\/wp-json\/wp\/v2\/product_brand?post=52502"},{"taxonomy":"product_cat","embeddable":true,"href":"https:\/\/miumjau.ee\/lt\/wp-json\/wp\/v2\/product_cat?post=52502"},{"taxonomy":"product_tag","embeddable":true,"href":"https:\/\/miumjau.ee\/lt\/wp-json\/wp\/v2\/product_tag?post=52502"}],"curies":[{"name":"wp","href":"https:\/\/api.w.org\/{rel}","templated":true}]}}