{"id":52494,"date":"2025-02-18T09:03:48","date_gmt":"2025-02-18T07:03:48","guid":{"rendered":"https:\/\/miumjau.ee\/toode\/ontario-dental-skanestai-katems-palaikantys-burnos-higiena-75-g\/"},"modified":"2025-02-18T09:03:48","modified_gmt":"2025-02-18T07:03:48","slug":"ontario-dental-skanestai-katems-palaikantys-burnos-higiena-75-g","status":"publish","type":"product","link":"https:\/\/miumjau.ee\/lt\/produktas\/ontario-dental-skanestai-katems-palaikantys-burnos-higiena-75-g\/","title":{"rendered":"Ontario Dental skan\u0117stai kat\u0117ms, palaikantys burnos higien\u0105 75 g"},"content":{"rendered":"","protected":false},"excerpt":{"rendered":"<p data-start=\"1264\" data-end=\"1347\">Vi\u0161tienos skonio skan\u0117stai kat\u0117ms \u2013 r\u016bpinkit\u0117s savo kat\u0117s dantimis ir dantenomis!<\/p>\n<p data-start=\"1349\" data-end=\"1532\">Palepinkite savo kat\u0119 skaniu ir nauding\u0173 skan\u0117stu! \u0160ie specialios formos skan\u0117stai padeda i\u0161laikyti kat\u0117s dantis ir dantenas sveikas, kartu si\u016blydami neatsispiriam\u0105 vi\u0161tienos skon\u012f.<\/p>\n<p data-start=\"1534\" data-end=\"1784\"><strong data-start=\"1534\" data-end=\"1546\">Sud\u0117tis:<\/strong> gr\u016bdai 50,1 %, m\u0117sa ir gyv\u016bnin\u0117s kilm\u0117s produktai 24,8 %, \u017euvys ir \u017euvies produktai 10,7 %, aliejai ir riebalai 8,1 %, mineralin\u0117s med\u017eiagos 2,1 %, augaliniai baltym\u0173 ekstraktai 1,8 %, kiau\u0161iniai ir kiau\u0161ini\u0173 produktai 1 %, miel\u0117s 1 %.<\/p>\n<p data-start=\"1786\" data-end=\"1900\"><strong data-start=\"1786\" data-end=\"1805\">Maistin\u0117 vert\u0117:<\/strong> \u017eali baltymai 28 %, \u017eali riebalai 14 %, \u017eali pluo\u0161tai 1 %, \u017eali pelenai 7,5 %, dr\u0117gm\u0117 &lt;10 %.<\/p>\n<p data-start=\"1902\" data-end=\"2002\"><strong data-start=\"1902\" data-end=\"1934\">Vitaminai ir priedai (1 kg):<\/strong><br data-start=\"1934\" data-end=\"1937\" \/>Vitaminas A 12 000 TV, vitaminas D3 840 TV, vitaminas E 120 mg.<\/p>\n<p data-start=\"2004\" data-end=\"2221\"><strong data-start=\"2004\" data-end=\"2019\">Kaip duoti:<\/strong><br data-start=\"2019\" data-end=\"2022\" \/>Duokite katei 5\u201310 skan\u0117st\u0173 per dien\u0105. Koreguokite kiek\u012f priklausomai nuo kat\u0117s am\u017eiaus, aktyvumo ir sveikatos b\u016bkl\u0117s. Nepamir\u0161kite \u2013 kat\u0117 visada turi tur\u0117ti prieig\u0105 prie \u0161vie\u017eio geriamojo vandens.<\/p>\n<p data-start=\"2223\" data-end=\"2276\"><strong data-start=\"2223\" data-end=\"2236\">Laikymas:<\/strong><br data-start=\"2236\" data-end=\"2239\" \/>Laikyti sausoje ir v\u0117sioje vietoje.<\/p>\n<p data-start=\"2278\" data-end=\"2326\" data-is-last-node=\"\" data-is-only-node=\"\">\ud83d\udc95 Padarykite savo kat\u0117s dien\u0105 skani\u0105 ir sveik\u0105!<\/p>\n","protected":false},"featured_media":52495,"template":"","meta":[],"product_brand":[],"product_cat":[527,879],"product_tag":[],"class_list":{"0":"post-52494","1":"product","2":"type-product","3":"status-publish","4":"has-post-thumbnail","6":"product_cat-skanestai","7":"product_cat-vitaminai-ir-papildai-katems","9":"first","10":"instock","11":"taxable","12":"shipping-taxable","13":"purchasable","14":"product-type-simple"},"yoast_head":"<!-- This site is optimized with the Yoast SEO plugin v27.2 - https:\/\/yoast.com\/product\/yoast-seo-wordpress\/ -->\n<title>Ontario Dental skan\u0117stai kat\u0117ms, palaikantys burnos higien\u0105 75 g - MiuMjau<\/title>\n<meta name=\"robots\" content=\"index, follow, max-snippet:-1, max-image-preview:large, max-video-preview:-1\" \/>\n<link rel=\"canonical\" href=\"https:\/\/miumjau.ee\/lt\/produktas\/ontario-dental-skanestai-katems-palaikantys-burnos-higiena-75-g\/\" \/>\n<meta property=\"og:locale\" content=\"lt_LT\" \/>\n<meta property=\"og:type\" content=\"article\" \/>\n<meta property=\"og:title\" content=\"Ontario Dental skan\u0117stai kat\u0117ms, palaikantys burnos higien\u0105 75 g - MiuMjau\" \/>\n<meta property=\"og:description\" content=\"Vi\u0161tienos skonio skan\u0117stai kat\u0117ms \u2013 r\u016bpinkit\u0117s savo kat\u0117s dantimis ir dantenomis! Palepinkite savo kat\u0119 skaniu ir nauding\u0173 skan\u0117stu! \u0160ie specialios formos skan\u0117stai padeda i\u0161laikyti kat\u0117s dantis ir dantenas sveikas, kartu si\u016blydami neatsispiriam\u0105 vi\u0161tienos skon\u012f. Sud\u0117tis: gr\u016bdai 50,1 %, m\u0117sa ir gyv\u016bnin\u0117s kilm\u0117s produktai 24,8 %, \u017euvys ir \u017euvies produktai 10,7 %, aliejai ir riebalai 8,1 %, mineralin\u0117s med\u017eiagos 2,1 %, augaliniai baltym\u0173 ekstraktai 1,8 %, kiau\u0161iniai ir kiau\u0161ini\u0173 produktai 1 %, miel\u0117s 1 %. Maistin\u0117 vert\u0117: \u017eali baltymai 28 %, \u017eali riebalai 14 %, \u017eali pluo\u0161tai 1 %, \u017eali pelenai 7,5 %, dr\u0117gm\u0117 &lt;10 %. Vitaminai ir priedai (1 kg):Vitaminas A 12 000 TV, vitaminas D3 840 TV, vitaminas E 120 mg. Kaip duoti:Duokite katei 5\u201310 skan\u0117st\u0173 per dien\u0105. Koreguokite kiek\u012f priklausomai nuo kat\u0117s am\u017eiaus, aktyvumo ir sveikatos b\u016bkl\u0117s. Nepamir\u0161kite \u2013 kat\u0117 visada turi tur\u0117ti prieig\u0105 prie \u0161vie\u017eio geriamojo vandens. Laikymas:Laikyti sausoje ir v\u0117sioje vietoje. \ud83d\udc95 Padarykite savo kat\u0117s dien\u0105 skani\u0105 ir sveik\u0105!\" \/>\n<meta property=\"og:url\" content=\"https:\/\/miumjau.ee\/lt\/produktas\/ontario-dental-skanestai-katems-palaikantys-burnos-higiena-75-g\/\" \/>\n<meta property=\"og:site_name\" content=\"MiuMjau\" \/>\n<meta property=\"article:publisher\" content=\"https:\/\/www.facebook.com\/miumjaupood\/\" \/>\n<meta property=\"og:image\" content=\"https:\/\/miumjau.ee\/wp-content\/uploads\/2025\/02\/maius-kassidele-ontario4.jpg\" \/>\n\t<meta property=\"og:image:width\" content=\"600\" \/>\n\t<meta property=\"og:image:height\" content=\"800\" \/>\n\t<meta property=\"og:image:type\" content=\"image\/jpeg\" \/>\n<meta name=\"twitter:card\" content=\"summary_large_image\" \/>\n<script type=\"application\/ld+json\" class=\"yoast-schema-graph\">{\"@context\":\"https:\/\/schema.org\",\"@graph\":[{\"@type\":\"WebPage\",\"@id\":\"https:\/\/miumjau.ee\/lt\/produktas\/ontario-dental-skanestai-katems-palaikantys-burnos-higiena-75-g\/\",\"url\":\"https:\/\/miumjau.ee\/lt\/produktas\/ontario-dental-skanestai-katems-palaikantys-burnos-higiena-75-g\/\",\"name\":\"Ontario Dental skan\u0117stai kat\u0117ms, palaikantys burnos higien\u0105 75 g - MiuMjau\",\"isPartOf\":{\"@id\":\"https:\/\/miumjau.ee\/#website\"},\"primaryImageOfPage\":{\"@id\":\"https:\/\/miumjau.ee\/lt\/produktas\/ontario-dental-skanestai-katems-palaikantys-burnos-higiena-75-g\/#primaryimage\"},\"image\":{\"@id\":\"https:\/\/miumjau.ee\/lt\/produktas\/ontario-dental-skanestai-katems-palaikantys-burnos-higiena-75-g\/#primaryimage\"},\"thumbnailUrl\":\"https:\/\/miumjau.ee\/wp-content\/uploads\/2025\/02\/maius-kassidele-ontario4.jpg\",\"datePublished\":\"2025-02-18T07:03:48+00:00\",\"breadcrumb\":{\"@id\":\"https:\/\/miumjau.ee\/lt\/produktas\/ontario-dental-skanestai-katems-palaikantys-burnos-higiena-75-g\/#breadcrumb\"},\"inLanguage\":\"lt-LT\",\"potentialAction\":[{\"@type\":\"ReadAction\",\"target\":[\"https:\/\/miumjau.ee\/lt\/produktas\/ontario-dental-skanestai-katems-palaikantys-burnos-higiena-75-g\/\"]}]},{\"@type\":\"ImageObject\",\"inLanguage\":\"lt-LT\",\"@id\":\"https:\/\/miumjau.ee\/lt\/produktas\/ontario-dental-skanestai-katems-palaikantys-burnos-higiena-75-g\/#primaryimage\",\"url\":\"https:\/\/miumjau.ee\/wp-content\/uploads\/2025\/02\/maius-kassidele-ontario4.jpg\",\"contentUrl\":\"https:\/\/miumjau.ee\/wp-content\/uploads\/2025\/02\/maius-kassidele-ontario4.jpg\",\"width\":600,\"height\":800},{\"@type\":\"BreadcrumbList\",\"@id\":\"https:\/\/miumjau.ee\/lt\/produktas\/ontario-dental-skanestai-katems-palaikantys-burnos-higiena-75-g\/#breadcrumb\",\"itemListElement\":[{\"@type\":\"ListItem\",\"position\":1,\"name\":\"Home\",\"item\":\"https:\/\/miumjau.ee\/lt\/\"},{\"@type\":\"ListItem\",\"position\":2,\"name\":\"Parduotuv\u0117\",\"item\":\"https:\/\/miumjau.ee\/lt\/parduotuve\/\"},{\"@type\":\"ListItem\",\"position\":3,\"name\":\"Ontario Dental skan\u0117stai kat\u0117ms, palaikantys burnos higien\u0105 75 g\"}]},{\"@type\":\"WebSite\",\"@id\":\"https:\/\/miumjau.ee\/#website\",\"url\":\"https:\/\/miumjau.ee\/\",\"name\":\"MiuMjau\",\"description\":\"Kraapimispuud kassidele\",\"publisher\":{\"@id\":\"https:\/\/miumjau.ee\/#organization\"},\"potentialAction\":[{\"@type\":\"SearchAction\",\"target\":{\"@type\":\"EntryPoint\",\"urlTemplate\":\"https:\/\/miumjau.ee\/?s={search_term_string}\"},\"query-input\":{\"@type\":\"PropertyValueSpecification\",\"valueRequired\":true,\"valueName\":\"search_term_string\"}}],\"inLanguage\":\"lt-LT\"},{\"@type\":\"Organization\",\"@id\":\"https:\/\/miumjau.ee\/#organization\",\"name\":\"MiuMjau O\u00dc\",\"url\":\"https:\/\/miumjau.ee\/\",\"logo\":{\"@type\":\"ImageObject\",\"inLanguage\":\"lt-LT\",\"@id\":\"https:\/\/miumjau.ee\/#\/schema\/logo\/image\/\",\"url\":\"https:\/\/miumjau.ee\/wp-content\/uploads\/2022\/04\/MiuMjau-logo-kollane.png\",\"contentUrl\":\"https:\/\/miumjau.ee\/wp-content\/uploads\/2022\/04\/MiuMjau-logo-kollane.png\",\"width\":219,\"height\":100,\"caption\":\"MiuMjau O\u00dc\"},\"image\":{\"@id\":\"https:\/\/miumjau.ee\/#\/schema\/logo\/image\/\"},\"sameAs\":[\"https:\/\/www.facebook.com\/miumjaupood\/\"]}]}<\/script>\n<!-- \/ Yoast SEO plugin. -->","yoast_head_json":{"title":"Ontario Dental skan\u0117stai kat\u0117ms, palaikantys burnos higien\u0105 75 g - MiuMjau","robots":{"index":"index","follow":"follow","max-snippet":"max-snippet:-1","max-image-preview":"max-image-preview:large","max-video-preview":"max-video-preview:-1"},"canonical":"https:\/\/miumjau.ee\/lt\/produktas\/ontario-dental-skanestai-katems-palaikantys-burnos-higiena-75-g\/","og_locale":"lt_LT","og_type":"article","og_title":"Ontario Dental skan\u0117stai kat\u0117ms, palaikantys burnos higien\u0105 75 g - MiuMjau","og_description":"Vi\u0161tienos skonio skan\u0117stai kat\u0117ms \u2013 r\u016bpinkit\u0117s savo kat\u0117s dantimis ir dantenomis! Palepinkite savo kat\u0119 skaniu ir nauding\u0173 skan\u0117stu! \u0160ie specialios formos skan\u0117stai padeda i\u0161laikyti kat\u0117s dantis ir dantenas sveikas, kartu si\u016blydami neatsispiriam\u0105 vi\u0161tienos skon\u012f. Sud\u0117tis: gr\u016bdai 50,1 %, m\u0117sa ir gyv\u016bnin\u0117s kilm\u0117s produktai 24,8 %, \u017euvys ir \u017euvies produktai 10,7 %, aliejai ir riebalai 8,1 %, mineralin\u0117s med\u017eiagos 2,1 %, augaliniai baltym\u0173 ekstraktai 1,8 %, kiau\u0161iniai ir kiau\u0161ini\u0173 produktai 1 %, miel\u0117s 1 %. Maistin\u0117 vert\u0117: \u017eali baltymai 28 %, \u017eali riebalai 14 %, \u017eali pluo\u0161tai 1 %, \u017eali pelenai 7,5 %, dr\u0117gm\u0117 &lt;10 %. Vitaminai ir priedai (1 kg):Vitaminas A 12 000 TV, vitaminas D3 840 TV, vitaminas E 120 mg. Kaip duoti:Duokite katei 5\u201310 skan\u0117st\u0173 per dien\u0105. Koreguokite kiek\u012f priklausomai nuo kat\u0117s am\u017eiaus, aktyvumo ir sveikatos b\u016bkl\u0117s. Nepamir\u0161kite \u2013 kat\u0117 visada turi tur\u0117ti prieig\u0105 prie \u0161vie\u017eio geriamojo vandens. Laikymas:Laikyti sausoje ir v\u0117sioje vietoje. \ud83d\udc95 Padarykite savo kat\u0117s dien\u0105 skani\u0105 ir sveik\u0105!","og_url":"https:\/\/miumjau.ee\/lt\/produktas\/ontario-dental-skanestai-katems-palaikantys-burnos-higiena-75-g\/","og_site_name":"MiuMjau","article_publisher":"https:\/\/www.facebook.com\/miumjaupood\/","og_image":[{"width":600,"height":800,"url":"https:\/\/miumjau.ee\/wp-content\/uploads\/2025\/02\/maius-kassidele-ontario4.jpg","type":"image\/jpeg"}],"twitter_card":"summary_large_image","schema":{"@context":"https:\/\/schema.org","@graph":[{"@type":"WebPage","@id":"https:\/\/miumjau.ee\/lt\/produktas\/ontario-dental-skanestai-katems-palaikantys-burnos-higiena-75-g\/","url":"https:\/\/miumjau.ee\/lt\/produktas\/ontario-dental-skanestai-katems-palaikantys-burnos-higiena-75-g\/","name":"Ontario Dental skan\u0117stai kat\u0117ms, palaikantys burnos higien\u0105 75 g - MiuMjau","isPartOf":{"@id":"https:\/\/miumjau.ee\/#website"},"primaryImageOfPage":{"@id":"https:\/\/miumjau.ee\/lt\/produktas\/ontario-dental-skanestai-katems-palaikantys-burnos-higiena-75-g\/#primaryimage"},"image":{"@id":"https:\/\/miumjau.ee\/lt\/produktas\/ontario-dental-skanestai-katems-palaikantys-burnos-higiena-75-g\/#primaryimage"},"thumbnailUrl":"https:\/\/miumjau.ee\/wp-content\/uploads\/2025\/02\/maius-kassidele-ontario4.jpg","datePublished":"2025-02-18T07:03:48+00:00","breadcrumb":{"@id":"https:\/\/miumjau.ee\/lt\/produktas\/ontario-dental-skanestai-katems-palaikantys-burnos-higiena-75-g\/#breadcrumb"},"inLanguage":"lt-LT","potentialAction":[{"@type":"ReadAction","target":["https:\/\/miumjau.ee\/lt\/produktas\/ontario-dental-skanestai-katems-palaikantys-burnos-higiena-75-g\/"]}]},{"@type":"ImageObject","inLanguage":"lt-LT","@id":"https:\/\/miumjau.ee\/lt\/produktas\/ontario-dental-skanestai-katems-palaikantys-burnos-higiena-75-g\/#primaryimage","url":"https:\/\/miumjau.ee\/wp-content\/uploads\/2025\/02\/maius-kassidele-ontario4.jpg","contentUrl":"https:\/\/miumjau.ee\/wp-content\/uploads\/2025\/02\/maius-kassidele-ontario4.jpg","width":600,"height":800},{"@type":"BreadcrumbList","@id":"https:\/\/miumjau.ee\/lt\/produktas\/ontario-dental-skanestai-katems-palaikantys-burnos-higiena-75-g\/#breadcrumb","itemListElement":[{"@type":"ListItem","position":1,"name":"Home","item":"https:\/\/miumjau.ee\/lt\/"},{"@type":"ListItem","position":2,"name":"Parduotuv\u0117","item":"https:\/\/miumjau.ee\/lt\/parduotuve\/"},{"@type":"ListItem","position":3,"name":"Ontario Dental skan\u0117stai kat\u0117ms, palaikantys burnos higien\u0105 75 g"}]},{"@type":"WebSite","@id":"https:\/\/miumjau.ee\/#website","url":"https:\/\/miumjau.ee\/","name":"MiuMjau","description":"Kraapimispuud kassidele","publisher":{"@id":"https:\/\/miumjau.ee\/#organization"},"potentialAction":[{"@type":"SearchAction","target":{"@type":"EntryPoint","urlTemplate":"https:\/\/miumjau.ee\/?s={search_term_string}"},"query-input":{"@type":"PropertyValueSpecification","valueRequired":true,"valueName":"search_term_string"}}],"inLanguage":"lt-LT"},{"@type":"Organization","@id":"https:\/\/miumjau.ee\/#organization","name":"MiuMjau O\u00dc","url":"https:\/\/miumjau.ee\/","logo":{"@type":"ImageObject","inLanguage":"lt-LT","@id":"https:\/\/miumjau.ee\/#\/schema\/logo\/image\/","url":"https:\/\/miumjau.ee\/wp-content\/uploads\/2022\/04\/MiuMjau-logo-kollane.png","contentUrl":"https:\/\/miumjau.ee\/wp-content\/uploads\/2022\/04\/MiuMjau-logo-kollane.png","width":219,"height":100,"caption":"MiuMjau O\u00dc"},"image":{"@id":"https:\/\/miumjau.ee\/#\/schema\/logo\/image\/"},"sameAs":["https:\/\/www.facebook.com\/miumjaupood\/"]}]}},"_links":{"self":[{"href":"https:\/\/miumjau.ee\/lt\/wp-json\/wp\/v2\/product\/52494","targetHints":{"allow":["GET"]}}],"collection":[{"href":"https:\/\/miumjau.ee\/lt\/wp-json\/wp\/v2\/product"}],"about":[{"href":"https:\/\/miumjau.ee\/lt\/wp-json\/wp\/v2\/types\/product"}],"wp:featuredmedia":[{"embeddable":true,"href":"https:\/\/miumjau.ee\/lt\/wp-json\/wp\/v2\/media\/52495"}],"wp:attachment":[{"href":"https:\/\/miumjau.ee\/lt\/wp-json\/wp\/v2\/media?parent=52494"}],"wp:term":[{"taxonomy":"product_brand","embeddable":true,"href":"https:\/\/miumjau.ee\/lt\/wp-json\/wp\/v2\/product_brand?post=52494"},{"taxonomy":"product_cat","embeddable":true,"href":"https:\/\/miumjau.ee\/lt\/wp-json\/wp\/v2\/product_cat?post=52494"},{"taxonomy":"product_tag","embeddable":true,"href":"https:\/\/miumjau.ee\/lt\/wp-json\/wp\/v2\/product_tag?post=52494"}],"curies":[{"name":"wp","href":"https:\/\/api.w.org\/{rel}","templated":true}]}}