{"id":52491,"date":"2025-02-17T21:19:17","date_gmt":"2025-02-17T19:19:17","guid":{"rendered":"https:\/\/miumjau.ee\/toode\/ontario-herb-kitten-chicken-herbs-liver-80-g\/"},"modified":"2025-02-17T21:19:17","modified_gmt":"2025-02-17T19:19:17","slug":"ontario-herb-kitten-chicken-herbs-liver-80-g","status":"publish","type":"product","link":"https:\/\/miumjau.ee\/lt\/produktas\/ontario-herb-kitten-chicken-herbs-liver-80-g\/","title":{"rendered":"Ontario Herb Kitten chicken, herbs, liver 80 g"},"content":{"rendered":"","protected":false},"excerpt":{"rendered":"<p data-start=\"1393\" data-end=\"1769\">Papildomas pa\u0161aras ka\u010diukams nuo 1 m\u0117nesio am\u017eiaus. Gard\u016bs vi\u0161tienos gabal\u0117liai su kepen\u0117l\u0117mis ir sald\u017eiosiomis bulv\u0117mis skaniame pada\u017ee, kuris padeda palaikyti skys\u010di\u0173 suvartojim\u0105. Puikus pasirinkimas augan\u010diam ka\u010diukui, suteikiantis maisting\u0173 ingredient\u0173 sveikam vystymuisi ir gyvybingumui. Nat\u016brali ir kruop\u0161\u010diai subalansuota recept\u016bra u\u017etikrina geriausi\u0105 gyvenimo prad\u017ei\u0105.<\/p>\n<p data-start=\"1771\" data-end=\"2219\">\u2714 <strong data-start=\"1773\" data-end=\"1793\">Nat\u016brali sud\u0117tis<\/strong> \u2013 42 % vi\u0161tiena, vi\u0161tienos kepen\u0117l\u0117s, sald\u017eiosios bulv\u0117s, spanguol\u0117s ir ry\u017eiai.<br data-start=\"1873\" data-end=\"1876\" \/>\u2714 <strong data-start=\"1878\" data-end=\"1897\">Sveikos \u017eolel\u0117s<\/strong> \u2013 rozmarinas palaiko vir\u0161kinim\u0105 ir veikia kaip nat\u016bralus antioksidantas.<br data-start=\"1970\" data-end=\"1973\" \/>\u2714 <strong data-start=\"1975\" data-end=\"2004\">Supermaistas \u2013 spanguol\u0117s<\/strong> \u2013 gausus antioksidant\u0173 ir vitamin\u0173 \u0161altinis.<br data-start=\"2049\" data-end=\"2052\" \/>\u2714 <strong data-start=\"2054\" data-end=\"2077\">Be dirbtini\u0173 pried\u0173<\/strong> \u2013 be da\u017eikli\u0173, konservant\u0173 ir nereikaling\u0173 pried\u0173.<br data-start=\"2128\" data-end=\"2131\" \/>\u2714 <strong data-start=\"2133\" data-end=\"2159\">Universalus naudojimas<\/strong> \u2013 puikiai tinka kaip u\u017ekandis arba mai\u0161yti su sausu pa\u0161aru.<\/p>\n<p data-start=\"2221\" data-end=\"2341\"><strong data-start=\"2221\" data-end=\"2233\">Sud\u0117tis:<\/strong> 42 % vi\u0161tiena, 5 % vi\u0161tienos kepen\u0117l\u0117s, 2 % sald\u017eiosios bulv\u0117s, 1,2 % spanguol\u0117s, ry\u017eiai, rozmarinas ir kt.<\/p>\n<p data-start=\"2343\" data-end=\"2450\"><strong data-start=\"2343\" data-end=\"2377\">Analitin\u0117s sudedamosios dalys:<\/strong> Baltymai 9,5 %, riebalai 1 %, skaidulos 0,5 %, pelenai 2 %, dr\u0117gm\u0117 86 %.<\/p>\n<p data-start=\"2452\" data-end=\"2594\" data-is-last-node=\"\" data-is-only-node=\"\"><strong data-start=\"2452\" data-end=\"2465\">Laikymas:<\/strong> Laikyti sausoje ir v\u0117sioje vietoje. Atidarius laikyti \u0161aldytuve ir sunaudoti per 3 dienas. U\u017etikrinti, kad b\u016bt\u0173 \u0161vie\u017eio vandens.<\/p>\n","protected":false},"featured_media":52485,"template":"","meta":[],"product_brand":[],"product_cat":[526],"product_tag":[],"class_list":{"0":"post-52491","1":"product","2":"type-product","3":"status-publish","4":"has-post-thumbnail","6":"product_cat-slapias-maistas","8":"first","9":"instock","10":"sale","11":"taxable","12":"shipping-taxable","13":"purchasable","14":"product-type-simple"},"yoast_head":"<!-- This site is optimized with the Yoast SEO plugin v27.2 - https:\/\/yoast.com\/product\/yoast-seo-wordpress\/ -->\n<title>Ontario Herb Kitten chicken, herbs, liver 80 g - MiuMjau<\/title>\n<meta name=\"robots\" content=\"index, follow, max-snippet:-1, max-image-preview:large, max-video-preview:-1\" \/>\n<link rel=\"canonical\" href=\"https:\/\/miumjau.ee\/lt\/produktas\/ontario-herb-kitten-chicken-herbs-liver-80-g\/\" \/>\n<meta property=\"og:locale\" content=\"lt_LT\" \/>\n<meta property=\"og:type\" content=\"article\" \/>\n<meta property=\"og:title\" content=\"Ontario Herb Kitten chicken, herbs, liver 80 g - MiuMjau\" \/>\n<meta property=\"og:description\" content=\"Papildomas pa\u0161aras ka\u010diukams nuo 1 m\u0117nesio am\u017eiaus. Gard\u016bs vi\u0161tienos gabal\u0117liai su kepen\u0117l\u0117mis ir sald\u017eiosiomis bulv\u0117mis skaniame pada\u017ee, kuris padeda palaikyti skys\u010di\u0173 suvartojim\u0105. Puikus pasirinkimas augan\u010diam ka\u010diukui, suteikiantis maisting\u0173 ingredient\u0173 sveikam vystymuisi ir gyvybingumui. Nat\u016brali ir kruop\u0161\u010diai subalansuota recept\u016bra u\u017etikrina geriausi\u0105 gyvenimo prad\u017ei\u0105. \u2714 Nat\u016brali sud\u0117tis \u2013 42 % vi\u0161tiena, vi\u0161tienos kepen\u0117l\u0117s, sald\u017eiosios bulv\u0117s, spanguol\u0117s ir ry\u017eiai.\u2714 Sveikos \u017eolel\u0117s \u2013 rozmarinas palaiko vir\u0161kinim\u0105 ir veikia kaip nat\u016bralus antioksidantas.\u2714 Supermaistas \u2013 spanguol\u0117s \u2013 gausus antioksidant\u0173 ir vitamin\u0173 \u0161altinis.\u2714 Be dirbtini\u0173 pried\u0173 \u2013 be da\u017eikli\u0173, konservant\u0173 ir nereikaling\u0173 pried\u0173.\u2714 Universalus naudojimas \u2013 puikiai tinka kaip u\u017ekandis arba mai\u0161yti su sausu pa\u0161aru. Sud\u0117tis: 42 % vi\u0161tiena, 5 % vi\u0161tienos kepen\u0117l\u0117s, 2 % sald\u017eiosios bulv\u0117s, 1,2 % spanguol\u0117s, ry\u017eiai, rozmarinas ir kt. Analitin\u0117s sudedamosios dalys: Baltymai 9,5 %, riebalai 1 %, skaidulos 0,5 %, pelenai 2 %, dr\u0117gm\u0117 86 %. Laikymas: Laikyti sausoje ir v\u0117sioje vietoje. Atidarius laikyti \u0161aldytuve ir sunaudoti per 3 dienas. U\u017etikrinti, kad b\u016bt\u0173 \u0161vie\u017eio vandens.\" \/>\n<meta property=\"og:url\" content=\"https:\/\/miumjau.ee\/lt\/produktas\/ontario-herb-kitten-chicken-herbs-liver-80-g\/\" \/>\n<meta property=\"og:site_name\" content=\"MiuMjau\" \/>\n<meta property=\"article:publisher\" content=\"https:\/\/www.facebook.com\/miumjaupood\/\" \/>\n<meta property=\"og:image\" content=\"https:\/\/miumjau.ee\/wp-content\/uploads\/2025\/02\/ontario-herb-margtoit-kassile1.jpg\" \/>\n\t<meta property=\"og:image:width\" content=\"600\" \/>\n\t<meta property=\"og:image:height\" content=\"800\" \/>\n\t<meta property=\"og:image:type\" content=\"image\/jpeg\" \/>\n<meta name=\"twitter:card\" content=\"summary_large_image\" \/>\n<script type=\"application\/ld+json\" class=\"yoast-schema-graph\">{\"@context\":\"https:\/\/schema.org\",\"@graph\":[{\"@type\":\"WebPage\",\"@id\":\"https:\/\/miumjau.ee\/lt\/produktas\/ontario-herb-kitten-chicken-herbs-liver-80-g\/\",\"url\":\"https:\/\/miumjau.ee\/lt\/produktas\/ontario-herb-kitten-chicken-herbs-liver-80-g\/\",\"name\":\"Ontario Herb Kitten chicken, herbs, liver 80 g - MiuMjau\",\"isPartOf\":{\"@id\":\"https:\/\/miumjau.ee\/#website\"},\"primaryImageOfPage\":{\"@id\":\"https:\/\/miumjau.ee\/lt\/produktas\/ontario-herb-kitten-chicken-herbs-liver-80-g\/#primaryimage\"},\"image\":{\"@id\":\"https:\/\/miumjau.ee\/lt\/produktas\/ontario-herb-kitten-chicken-herbs-liver-80-g\/#primaryimage\"},\"thumbnailUrl\":\"https:\/\/miumjau.ee\/wp-content\/uploads\/2025\/02\/ontario-herb-margtoit-kassile1.jpg\",\"datePublished\":\"2025-02-17T19:19:17+00:00\",\"breadcrumb\":{\"@id\":\"https:\/\/miumjau.ee\/lt\/produktas\/ontario-herb-kitten-chicken-herbs-liver-80-g\/#breadcrumb\"},\"inLanguage\":\"lt-LT\",\"potentialAction\":[{\"@type\":\"ReadAction\",\"target\":[\"https:\/\/miumjau.ee\/lt\/produktas\/ontario-herb-kitten-chicken-herbs-liver-80-g\/\"]}]},{\"@type\":\"ImageObject\",\"inLanguage\":\"lt-LT\",\"@id\":\"https:\/\/miumjau.ee\/lt\/produktas\/ontario-herb-kitten-chicken-herbs-liver-80-g\/#primaryimage\",\"url\":\"https:\/\/miumjau.ee\/wp-content\/uploads\/2025\/02\/ontario-herb-margtoit-kassile1.jpg\",\"contentUrl\":\"https:\/\/miumjau.ee\/wp-content\/uploads\/2025\/02\/ontario-herb-margtoit-kassile1.jpg\",\"width\":600,\"height\":800},{\"@type\":\"BreadcrumbList\",\"@id\":\"https:\/\/miumjau.ee\/lt\/produktas\/ontario-herb-kitten-chicken-herbs-liver-80-g\/#breadcrumb\",\"itemListElement\":[{\"@type\":\"ListItem\",\"position\":1,\"name\":\"Home\",\"item\":\"https:\/\/miumjau.ee\/lt\/\"},{\"@type\":\"ListItem\",\"position\":2,\"name\":\"Parduotuv\u0117\",\"item\":\"https:\/\/miumjau.ee\/lt\/parduotuve\/\"},{\"@type\":\"ListItem\",\"position\":3,\"name\":\"Ontario Herb Kitten chicken, herbs, liver 80 g\"}]},{\"@type\":\"WebSite\",\"@id\":\"https:\/\/miumjau.ee\/#website\",\"url\":\"https:\/\/miumjau.ee\/\",\"name\":\"MiuMjau\",\"description\":\"Kraapimispuud kassidele\",\"publisher\":{\"@id\":\"https:\/\/miumjau.ee\/#organization\"},\"potentialAction\":[{\"@type\":\"SearchAction\",\"target\":{\"@type\":\"EntryPoint\",\"urlTemplate\":\"https:\/\/miumjau.ee\/?s={search_term_string}\"},\"query-input\":{\"@type\":\"PropertyValueSpecification\",\"valueRequired\":true,\"valueName\":\"search_term_string\"}}],\"inLanguage\":\"lt-LT\"},{\"@type\":\"Organization\",\"@id\":\"https:\/\/miumjau.ee\/#organization\",\"name\":\"MiuMjau O\u00dc\",\"url\":\"https:\/\/miumjau.ee\/\",\"logo\":{\"@type\":\"ImageObject\",\"inLanguage\":\"lt-LT\",\"@id\":\"https:\/\/miumjau.ee\/#\/schema\/logo\/image\/\",\"url\":\"https:\/\/miumjau.ee\/wp-content\/uploads\/2022\/04\/MiuMjau-logo-kollane.png\",\"contentUrl\":\"https:\/\/miumjau.ee\/wp-content\/uploads\/2022\/04\/MiuMjau-logo-kollane.png\",\"width\":219,\"height\":100,\"caption\":\"MiuMjau O\u00dc\"},\"image\":{\"@id\":\"https:\/\/miumjau.ee\/#\/schema\/logo\/image\/\"},\"sameAs\":[\"https:\/\/www.facebook.com\/miumjaupood\/\"]}]}<\/script>\n<!-- \/ Yoast SEO plugin. -->","yoast_head_json":{"title":"Ontario Herb Kitten chicken, herbs, liver 80 g - MiuMjau","robots":{"index":"index","follow":"follow","max-snippet":"max-snippet:-1","max-image-preview":"max-image-preview:large","max-video-preview":"max-video-preview:-1"},"canonical":"https:\/\/miumjau.ee\/lt\/produktas\/ontario-herb-kitten-chicken-herbs-liver-80-g\/","og_locale":"lt_LT","og_type":"article","og_title":"Ontario Herb Kitten chicken, herbs, liver 80 g - MiuMjau","og_description":"Papildomas pa\u0161aras ka\u010diukams nuo 1 m\u0117nesio am\u017eiaus. Gard\u016bs vi\u0161tienos gabal\u0117liai su kepen\u0117l\u0117mis ir sald\u017eiosiomis bulv\u0117mis skaniame pada\u017ee, kuris padeda palaikyti skys\u010di\u0173 suvartojim\u0105. Puikus pasirinkimas augan\u010diam ka\u010diukui, suteikiantis maisting\u0173 ingredient\u0173 sveikam vystymuisi ir gyvybingumui. Nat\u016brali ir kruop\u0161\u010diai subalansuota recept\u016bra u\u017etikrina geriausi\u0105 gyvenimo prad\u017ei\u0105. \u2714 Nat\u016brali sud\u0117tis \u2013 42 % vi\u0161tiena, vi\u0161tienos kepen\u0117l\u0117s, sald\u017eiosios bulv\u0117s, spanguol\u0117s ir ry\u017eiai.\u2714 Sveikos \u017eolel\u0117s \u2013 rozmarinas palaiko vir\u0161kinim\u0105 ir veikia kaip nat\u016bralus antioksidantas.\u2714 Supermaistas \u2013 spanguol\u0117s \u2013 gausus antioksidant\u0173 ir vitamin\u0173 \u0161altinis.\u2714 Be dirbtini\u0173 pried\u0173 \u2013 be da\u017eikli\u0173, konservant\u0173 ir nereikaling\u0173 pried\u0173.\u2714 Universalus naudojimas \u2013 puikiai tinka kaip u\u017ekandis arba mai\u0161yti su sausu pa\u0161aru. Sud\u0117tis: 42 % vi\u0161tiena, 5 % vi\u0161tienos kepen\u0117l\u0117s, 2 % sald\u017eiosios bulv\u0117s, 1,2 % spanguol\u0117s, ry\u017eiai, rozmarinas ir kt. Analitin\u0117s sudedamosios dalys: Baltymai 9,5 %, riebalai 1 %, skaidulos 0,5 %, pelenai 2 %, dr\u0117gm\u0117 86 %. Laikymas: Laikyti sausoje ir v\u0117sioje vietoje. Atidarius laikyti \u0161aldytuve ir sunaudoti per 3 dienas. U\u017etikrinti, kad b\u016bt\u0173 \u0161vie\u017eio vandens.","og_url":"https:\/\/miumjau.ee\/lt\/produktas\/ontario-herb-kitten-chicken-herbs-liver-80-g\/","og_site_name":"MiuMjau","article_publisher":"https:\/\/www.facebook.com\/miumjaupood\/","og_image":[{"width":600,"height":800,"url":"https:\/\/miumjau.ee\/wp-content\/uploads\/2025\/02\/ontario-herb-margtoit-kassile1.jpg","type":"image\/jpeg"}],"twitter_card":"summary_large_image","schema":{"@context":"https:\/\/schema.org","@graph":[{"@type":"WebPage","@id":"https:\/\/miumjau.ee\/lt\/produktas\/ontario-herb-kitten-chicken-herbs-liver-80-g\/","url":"https:\/\/miumjau.ee\/lt\/produktas\/ontario-herb-kitten-chicken-herbs-liver-80-g\/","name":"Ontario Herb Kitten chicken, herbs, liver 80 g - MiuMjau","isPartOf":{"@id":"https:\/\/miumjau.ee\/#website"},"primaryImageOfPage":{"@id":"https:\/\/miumjau.ee\/lt\/produktas\/ontario-herb-kitten-chicken-herbs-liver-80-g\/#primaryimage"},"image":{"@id":"https:\/\/miumjau.ee\/lt\/produktas\/ontario-herb-kitten-chicken-herbs-liver-80-g\/#primaryimage"},"thumbnailUrl":"https:\/\/miumjau.ee\/wp-content\/uploads\/2025\/02\/ontario-herb-margtoit-kassile1.jpg","datePublished":"2025-02-17T19:19:17+00:00","breadcrumb":{"@id":"https:\/\/miumjau.ee\/lt\/produktas\/ontario-herb-kitten-chicken-herbs-liver-80-g\/#breadcrumb"},"inLanguage":"lt-LT","potentialAction":[{"@type":"ReadAction","target":["https:\/\/miumjau.ee\/lt\/produktas\/ontario-herb-kitten-chicken-herbs-liver-80-g\/"]}]},{"@type":"ImageObject","inLanguage":"lt-LT","@id":"https:\/\/miumjau.ee\/lt\/produktas\/ontario-herb-kitten-chicken-herbs-liver-80-g\/#primaryimage","url":"https:\/\/miumjau.ee\/wp-content\/uploads\/2025\/02\/ontario-herb-margtoit-kassile1.jpg","contentUrl":"https:\/\/miumjau.ee\/wp-content\/uploads\/2025\/02\/ontario-herb-margtoit-kassile1.jpg","width":600,"height":800},{"@type":"BreadcrumbList","@id":"https:\/\/miumjau.ee\/lt\/produktas\/ontario-herb-kitten-chicken-herbs-liver-80-g\/#breadcrumb","itemListElement":[{"@type":"ListItem","position":1,"name":"Home","item":"https:\/\/miumjau.ee\/lt\/"},{"@type":"ListItem","position":2,"name":"Parduotuv\u0117","item":"https:\/\/miumjau.ee\/lt\/parduotuve\/"},{"@type":"ListItem","position":3,"name":"Ontario Herb Kitten chicken, herbs, liver 80 g"}]},{"@type":"WebSite","@id":"https:\/\/miumjau.ee\/#website","url":"https:\/\/miumjau.ee\/","name":"MiuMjau","description":"Kraapimispuud kassidele","publisher":{"@id":"https:\/\/miumjau.ee\/#organization"},"potentialAction":[{"@type":"SearchAction","target":{"@type":"EntryPoint","urlTemplate":"https:\/\/miumjau.ee\/?s={search_term_string}"},"query-input":{"@type":"PropertyValueSpecification","valueRequired":true,"valueName":"search_term_string"}}],"inLanguage":"lt-LT"},{"@type":"Organization","@id":"https:\/\/miumjau.ee\/#organization","name":"MiuMjau O\u00dc","url":"https:\/\/miumjau.ee\/","logo":{"@type":"ImageObject","inLanguage":"lt-LT","@id":"https:\/\/miumjau.ee\/#\/schema\/logo\/image\/","url":"https:\/\/miumjau.ee\/wp-content\/uploads\/2022\/04\/MiuMjau-logo-kollane.png","contentUrl":"https:\/\/miumjau.ee\/wp-content\/uploads\/2022\/04\/MiuMjau-logo-kollane.png","width":219,"height":100,"caption":"MiuMjau O\u00dc"},"image":{"@id":"https:\/\/miumjau.ee\/#\/schema\/logo\/image\/"},"sameAs":["https:\/\/www.facebook.com\/miumjaupood\/"]}]}},"_links":{"self":[{"href":"https:\/\/miumjau.ee\/lt\/wp-json\/wp\/v2\/product\/52491","targetHints":{"allow":["GET"]}}],"collection":[{"href":"https:\/\/miumjau.ee\/lt\/wp-json\/wp\/v2\/product"}],"about":[{"href":"https:\/\/miumjau.ee\/lt\/wp-json\/wp\/v2\/types\/product"}],"wp:featuredmedia":[{"embeddable":true,"href":"https:\/\/miumjau.ee\/lt\/wp-json\/wp\/v2\/media\/52485"}],"wp:attachment":[{"href":"https:\/\/miumjau.ee\/lt\/wp-json\/wp\/v2\/media?parent=52491"}],"wp:term":[{"taxonomy":"product_brand","embeddable":true,"href":"https:\/\/miumjau.ee\/lt\/wp-json\/wp\/v2\/product_brand?post=52491"},{"taxonomy":"product_cat","embeddable":true,"href":"https:\/\/miumjau.ee\/lt\/wp-json\/wp\/v2\/product_cat?post=52491"},{"taxonomy":"product_tag","embeddable":true,"href":"https:\/\/miumjau.ee\/lt\/wp-json\/wp\/v2\/product_tag?post=52491"}],"curies":[{"name":"wp","href":"https:\/\/api.w.org\/{rel}","templated":true}]}}