{"id":52484,"date":"2025-02-17T21:18:19","date_gmt":"2025-02-17T19:18:19","guid":{"rendered":"https:\/\/miumjau.ee\/toode\/ontario-herb-dregnas-edalas-katems-vistiena-su-skumbre-80-g\/"},"modified":"2025-02-17T21:18:19","modified_gmt":"2025-02-17T19:18:19","slug":"ontario-herb-dregnas-edalas-katems-vistiena-su-skumbre-80-g","status":"publish","type":"product","link":"https:\/\/miumjau.ee\/lt\/produktas\/ontario-herb-dregnas-edalas-katems-vistiena-su-skumbre-80-g\/","title":{"rendered":"Ontario Herb dr\u0117gnas \u0117dalas kat\u0117ms, vi\u0161tiena su skumbre 80 g"},"content":{"rendered":"","protected":false},"excerpt":{"rendered":"<p data-start=\"867\" data-end=\"1225\">Nat\u016bralus ir skanus papildomas pa\u0161aras suaugusioms kat\u0117ms, patenkinantis net i\u0161rankiausi\u0105 skon\u012f. Specialus rozmarino priedas palaiko vir\u0161kinim\u0105 ir suteikia sveik\u0105 pasirinkim\u0105 kasdieniam maitinimui ar kaip u\u017ekand\u012f. Didelis vi\u0161tienos kiekis u\u017etikrina puik\u0173 baltym\u0173 \u0161altin\u012f, o skumbr\u0117 suteikia sveik\u0173j\u0173 riebal\u0173, baltym\u0173, omega-3 riebal\u0173 r\u016bg\u0161\u010di\u0173 ir vitamino B12.<\/p>\n<p data-start=\"1227\" data-end=\"1352\">Pagaminta i\u0161 kruop\u0161\u010diai atrinkt\u0173 ingredient\u0173 be dirbtini\u0173 pried\u0173, da\u017eikli\u0173 ir konservant\u0173 \u2013 b\u016btent tai, ko reikia j\u016bs\u0173 katei.<\/p>\n<p data-start=\"1354\" data-end=\"1500\" data-is-last-node=\"\" data-is-only-node=\"\"><strong data-start=\"1354\" data-end=\"1366\">Sud\u0117tis:<\/strong> Vi\u0161tiena 51 %, vanduo 41,8 %, skumbr\u0117 4 %, ry\u017eiai 1 %, ry\u017ei\u0173 miltai 1 %, bulvi\u0173 krakmolas 0,8 %, guaro derva 0,3 %, rozmarinas 0,1 %.<\/p>\n","protected":false},"featured_media":52486,"template":"","meta":[],"product_brand":[],"product_cat":[526],"product_tag":[],"class_list":{"0":"post-52484","1":"product","2":"type-product","3":"status-publish","4":"has-post-thumbnail","6":"product_cat-slapias-maistas","8":"first","9":"instock","10":"sale","11":"taxable","12":"shipping-taxable","13":"purchasable","14":"product-type-simple"},"yoast_head":"<!-- This site is optimized with the Yoast SEO plugin v27.2 - https:\/\/yoast.com\/product\/yoast-seo-wordpress\/ -->\n<title>Ontario Herb dr\u0117gnas \u0117dalas kat\u0117ms, vi\u0161tiena su skumbre 80 g - MiuMjau<\/title>\n<meta name=\"robots\" content=\"index, follow, max-snippet:-1, max-image-preview:large, max-video-preview:-1\" \/>\n<link rel=\"canonical\" href=\"https:\/\/miumjau.ee\/lt\/produktas\/ontario-herb-dregnas-edalas-katems-vistiena-su-skumbre-80-g\/\" \/>\n<meta property=\"og:locale\" content=\"lt_LT\" \/>\n<meta property=\"og:type\" content=\"article\" \/>\n<meta property=\"og:title\" content=\"Ontario Herb dr\u0117gnas \u0117dalas kat\u0117ms, vi\u0161tiena su skumbre 80 g - MiuMjau\" \/>\n<meta property=\"og:description\" content=\"Nat\u016bralus ir skanus papildomas pa\u0161aras suaugusioms kat\u0117ms, patenkinantis net i\u0161rankiausi\u0105 skon\u012f. Specialus rozmarino priedas palaiko vir\u0161kinim\u0105 ir suteikia sveik\u0105 pasirinkim\u0105 kasdieniam maitinimui ar kaip u\u017ekand\u012f. Didelis vi\u0161tienos kiekis u\u017etikrina puik\u0173 baltym\u0173 \u0161altin\u012f, o skumbr\u0117 suteikia sveik\u0173j\u0173 riebal\u0173, baltym\u0173, omega-3 riebal\u0173 r\u016bg\u0161\u010di\u0173 ir vitamino B12. Pagaminta i\u0161 kruop\u0161\u010diai atrinkt\u0173 ingredient\u0173 be dirbtini\u0173 pried\u0173, da\u017eikli\u0173 ir konservant\u0173 \u2013 b\u016btent tai, ko reikia j\u016bs\u0173 katei. Sud\u0117tis: Vi\u0161tiena 51 %, vanduo 41,8 %, skumbr\u0117 4 %, ry\u017eiai 1 %, ry\u017ei\u0173 miltai 1 %, bulvi\u0173 krakmolas 0,8 %, guaro derva 0,3 %, rozmarinas 0,1 %.\" \/>\n<meta property=\"og:url\" content=\"https:\/\/miumjau.ee\/lt\/produktas\/ontario-herb-dregnas-edalas-katems-vistiena-su-skumbre-80-g\/\" \/>\n<meta property=\"og:site_name\" content=\"MiuMjau\" \/>\n<meta property=\"article:publisher\" content=\"https:\/\/www.facebook.com\/miumjaupood\/\" \/>\n<meta property=\"og:image\" content=\"https:\/\/miumjau.ee\/wp-content\/uploads\/2025\/02\/ontario-herb-margtoit-kassile2.jpg\" \/>\n\t<meta property=\"og:image:width\" content=\"600\" \/>\n\t<meta property=\"og:image:height\" content=\"800\" \/>\n\t<meta property=\"og:image:type\" content=\"image\/jpeg\" \/>\n<meta name=\"twitter:card\" content=\"summary_large_image\" \/>\n<script type=\"application\/ld+json\" class=\"yoast-schema-graph\">{\"@context\":\"https:\/\/schema.org\",\"@graph\":[{\"@type\":\"WebPage\",\"@id\":\"https:\/\/miumjau.ee\/lt\/produktas\/ontario-herb-dregnas-edalas-katems-vistiena-su-skumbre-80-g\/\",\"url\":\"https:\/\/miumjau.ee\/lt\/produktas\/ontario-herb-dregnas-edalas-katems-vistiena-su-skumbre-80-g\/\",\"name\":\"Ontario Herb dr\u0117gnas \u0117dalas kat\u0117ms, vi\u0161tiena su skumbre 80 g - MiuMjau\",\"isPartOf\":{\"@id\":\"https:\/\/miumjau.ee\/#website\"},\"primaryImageOfPage\":{\"@id\":\"https:\/\/miumjau.ee\/lt\/produktas\/ontario-herb-dregnas-edalas-katems-vistiena-su-skumbre-80-g\/#primaryimage\"},\"image\":{\"@id\":\"https:\/\/miumjau.ee\/lt\/produktas\/ontario-herb-dregnas-edalas-katems-vistiena-su-skumbre-80-g\/#primaryimage\"},\"thumbnailUrl\":\"https:\/\/miumjau.ee\/wp-content\/uploads\/2025\/02\/ontario-herb-margtoit-kassile2.jpg\",\"datePublished\":\"2025-02-17T19:18:19+00:00\",\"breadcrumb\":{\"@id\":\"https:\/\/miumjau.ee\/lt\/produktas\/ontario-herb-dregnas-edalas-katems-vistiena-su-skumbre-80-g\/#breadcrumb\"},\"inLanguage\":\"lt-LT\",\"potentialAction\":[{\"@type\":\"ReadAction\",\"target\":[\"https:\/\/miumjau.ee\/lt\/produktas\/ontario-herb-dregnas-edalas-katems-vistiena-su-skumbre-80-g\/\"]}]},{\"@type\":\"ImageObject\",\"inLanguage\":\"lt-LT\",\"@id\":\"https:\/\/miumjau.ee\/lt\/produktas\/ontario-herb-dregnas-edalas-katems-vistiena-su-skumbre-80-g\/#primaryimage\",\"url\":\"https:\/\/miumjau.ee\/wp-content\/uploads\/2025\/02\/ontario-herb-margtoit-kassile2.jpg\",\"contentUrl\":\"https:\/\/miumjau.ee\/wp-content\/uploads\/2025\/02\/ontario-herb-margtoit-kassile2.jpg\",\"width\":600,\"height\":800},{\"@type\":\"BreadcrumbList\",\"@id\":\"https:\/\/miumjau.ee\/lt\/produktas\/ontario-herb-dregnas-edalas-katems-vistiena-su-skumbre-80-g\/#breadcrumb\",\"itemListElement\":[{\"@type\":\"ListItem\",\"position\":1,\"name\":\"Home\",\"item\":\"https:\/\/miumjau.ee\/lt\/\"},{\"@type\":\"ListItem\",\"position\":2,\"name\":\"Parduotuv\u0117\",\"item\":\"https:\/\/miumjau.ee\/lt\/parduotuve\/\"},{\"@type\":\"ListItem\",\"position\":3,\"name\":\"Ontario Herb dr\u0117gnas \u0117dalas kat\u0117ms, vi\u0161tiena su skumbre 80 g\"}]},{\"@type\":\"WebSite\",\"@id\":\"https:\/\/miumjau.ee\/#website\",\"url\":\"https:\/\/miumjau.ee\/\",\"name\":\"MiuMjau\",\"description\":\"Kraapimispuud kassidele\",\"publisher\":{\"@id\":\"https:\/\/miumjau.ee\/#organization\"},\"potentialAction\":[{\"@type\":\"SearchAction\",\"target\":{\"@type\":\"EntryPoint\",\"urlTemplate\":\"https:\/\/miumjau.ee\/?s={search_term_string}\"},\"query-input\":{\"@type\":\"PropertyValueSpecification\",\"valueRequired\":true,\"valueName\":\"search_term_string\"}}],\"inLanguage\":\"lt-LT\"},{\"@type\":\"Organization\",\"@id\":\"https:\/\/miumjau.ee\/#organization\",\"name\":\"MiuMjau O\u00dc\",\"url\":\"https:\/\/miumjau.ee\/\",\"logo\":{\"@type\":\"ImageObject\",\"inLanguage\":\"lt-LT\",\"@id\":\"https:\/\/miumjau.ee\/#\/schema\/logo\/image\/\",\"url\":\"https:\/\/miumjau.ee\/wp-content\/uploads\/2022\/04\/MiuMjau-logo-kollane.png\",\"contentUrl\":\"https:\/\/miumjau.ee\/wp-content\/uploads\/2022\/04\/MiuMjau-logo-kollane.png\",\"width\":219,\"height\":100,\"caption\":\"MiuMjau O\u00dc\"},\"image\":{\"@id\":\"https:\/\/miumjau.ee\/#\/schema\/logo\/image\/\"},\"sameAs\":[\"https:\/\/www.facebook.com\/miumjaupood\/\"]}]}<\/script>\n<!-- \/ Yoast SEO plugin. -->","yoast_head_json":{"title":"Ontario Herb dr\u0117gnas \u0117dalas kat\u0117ms, vi\u0161tiena su skumbre 80 g - MiuMjau","robots":{"index":"index","follow":"follow","max-snippet":"max-snippet:-1","max-image-preview":"max-image-preview:large","max-video-preview":"max-video-preview:-1"},"canonical":"https:\/\/miumjau.ee\/lt\/produktas\/ontario-herb-dregnas-edalas-katems-vistiena-su-skumbre-80-g\/","og_locale":"lt_LT","og_type":"article","og_title":"Ontario Herb dr\u0117gnas \u0117dalas kat\u0117ms, vi\u0161tiena su skumbre 80 g - MiuMjau","og_description":"Nat\u016bralus ir skanus papildomas pa\u0161aras suaugusioms kat\u0117ms, patenkinantis net i\u0161rankiausi\u0105 skon\u012f. Specialus rozmarino priedas palaiko vir\u0161kinim\u0105 ir suteikia sveik\u0105 pasirinkim\u0105 kasdieniam maitinimui ar kaip u\u017ekand\u012f. Didelis vi\u0161tienos kiekis u\u017etikrina puik\u0173 baltym\u0173 \u0161altin\u012f, o skumbr\u0117 suteikia sveik\u0173j\u0173 riebal\u0173, baltym\u0173, omega-3 riebal\u0173 r\u016bg\u0161\u010di\u0173 ir vitamino B12. Pagaminta i\u0161 kruop\u0161\u010diai atrinkt\u0173 ingredient\u0173 be dirbtini\u0173 pried\u0173, da\u017eikli\u0173 ir konservant\u0173 \u2013 b\u016btent tai, ko reikia j\u016bs\u0173 katei. Sud\u0117tis: Vi\u0161tiena 51 %, vanduo 41,8 %, skumbr\u0117 4 %, ry\u017eiai 1 %, ry\u017ei\u0173 miltai 1 %, bulvi\u0173 krakmolas 0,8 %, guaro derva 0,3 %, rozmarinas 0,1 %.","og_url":"https:\/\/miumjau.ee\/lt\/produktas\/ontario-herb-dregnas-edalas-katems-vistiena-su-skumbre-80-g\/","og_site_name":"MiuMjau","article_publisher":"https:\/\/www.facebook.com\/miumjaupood\/","og_image":[{"width":600,"height":800,"url":"https:\/\/miumjau.ee\/wp-content\/uploads\/2025\/02\/ontario-herb-margtoit-kassile2.jpg","type":"image\/jpeg"}],"twitter_card":"summary_large_image","schema":{"@context":"https:\/\/schema.org","@graph":[{"@type":"WebPage","@id":"https:\/\/miumjau.ee\/lt\/produktas\/ontario-herb-dregnas-edalas-katems-vistiena-su-skumbre-80-g\/","url":"https:\/\/miumjau.ee\/lt\/produktas\/ontario-herb-dregnas-edalas-katems-vistiena-su-skumbre-80-g\/","name":"Ontario Herb dr\u0117gnas \u0117dalas kat\u0117ms, vi\u0161tiena su skumbre 80 g - MiuMjau","isPartOf":{"@id":"https:\/\/miumjau.ee\/#website"},"primaryImageOfPage":{"@id":"https:\/\/miumjau.ee\/lt\/produktas\/ontario-herb-dregnas-edalas-katems-vistiena-su-skumbre-80-g\/#primaryimage"},"image":{"@id":"https:\/\/miumjau.ee\/lt\/produktas\/ontario-herb-dregnas-edalas-katems-vistiena-su-skumbre-80-g\/#primaryimage"},"thumbnailUrl":"https:\/\/miumjau.ee\/wp-content\/uploads\/2025\/02\/ontario-herb-margtoit-kassile2.jpg","datePublished":"2025-02-17T19:18:19+00:00","breadcrumb":{"@id":"https:\/\/miumjau.ee\/lt\/produktas\/ontario-herb-dregnas-edalas-katems-vistiena-su-skumbre-80-g\/#breadcrumb"},"inLanguage":"lt-LT","potentialAction":[{"@type":"ReadAction","target":["https:\/\/miumjau.ee\/lt\/produktas\/ontario-herb-dregnas-edalas-katems-vistiena-su-skumbre-80-g\/"]}]},{"@type":"ImageObject","inLanguage":"lt-LT","@id":"https:\/\/miumjau.ee\/lt\/produktas\/ontario-herb-dregnas-edalas-katems-vistiena-su-skumbre-80-g\/#primaryimage","url":"https:\/\/miumjau.ee\/wp-content\/uploads\/2025\/02\/ontario-herb-margtoit-kassile2.jpg","contentUrl":"https:\/\/miumjau.ee\/wp-content\/uploads\/2025\/02\/ontario-herb-margtoit-kassile2.jpg","width":600,"height":800},{"@type":"BreadcrumbList","@id":"https:\/\/miumjau.ee\/lt\/produktas\/ontario-herb-dregnas-edalas-katems-vistiena-su-skumbre-80-g\/#breadcrumb","itemListElement":[{"@type":"ListItem","position":1,"name":"Home","item":"https:\/\/miumjau.ee\/lt\/"},{"@type":"ListItem","position":2,"name":"Parduotuv\u0117","item":"https:\/\/miumjau.ee\/lt\/parduotuve\/"},{"@type":"ListItem","position":3,"name":"Ontario Herb dr\u0117gnas \u0117dalas kat\u0117ms, vi\u0161tiena su skumbre 80 g"}]},{"@type":"WebSite","@id":"https:\/\/miumjau.ee\/#website","url":"https:\/\/miumjau.ee\/","name":"MiuMjau","description":"Kraapimispuud kassidele","publisher":{"@id":"https:\/\/miumjau.ee\/#organization"},"potentialAction":[{"@type":"SearchAction","target":{"@type":"EntryPoint","urlTemplate":"https:\/\/miumjau.ee\/?s={search_term_string}"},"query-input":{"@type":"PropertyValueSpecification","valueRequired":true,"valueName":"search_term_string"}}],"inLanguage":"lt-LT"},{"@type":"Organization","@id":"https:\/\/miumjau.ee\/#organization","name":"MiuMjau O\u00dc","url":"https:\/\/miumjau.ee\/","logo":{"@type":"ImageObject","inLanguage":"lt-LT","@id":"https:\/\/miumjau.ee\/#\/schema\/logo\/image\/","url":"https:\/\/miumjau.ee\/wp-content\/uploads\/2022\/04\/MiuMjau-logo-kollane.png","contentUrl":"https:\/\/miumjau.ee\/wp-content\/uploads\/2022\/04\/MiuMjau-logo-kollane.png","width":219,"height":100,"caption":"MiuMjau O\u00dc"},"image":{"@id":"https:\/\/miumjau.ee\/#\/schema\/logo\/image\/"},"sameAs":["https:\/\/www.facebook.com\/miumjaupood\/"]}]}},"_links":{"self":[{"href":"https:\/\/miumjau.ee\/lt\/wp-json\/wp\/v2\/product\/52484","targetHints":{"allow":["GET"]}}],"collection":[{"href":"https:\/\/miumjau.ee\/lt\/wp-json\/wp\/v2\/product"}],"about":[{"href":"https:\/\/miumjau.ee\/lt\/wp-json\/wp\/v2\/types\/product"}],"wp:featuredmedia":[{"embeddable":true,"href":"https:\/\/miumjau.ee\/lt\/wp-json\/wp\/v2\/media\/52486"}],"wp:attachment":[{"href":"https:\/\/miumjau.ee\/lt\/wp-json\/wp\/v2\/media?parent=52484"}],"wp:term":[{"taxonomy":"product_brand","embeddable":true,"href":"https:\/\/miumjau.ee\/lt\/wp-json\/wp\/v2\/product_brand?post=52484"},{"taxonomy":"product_cat","embeddable":true,"href":"https:\/\/miumjau.ee\/lt\/wp-json\/wp\/v2\/product_cat?post=52484"},{"taxonomy":"product_tag","embeddable":true,"href":"https:\/\/miumjau.ee\/lt\/wp-json\/wp\/v2\/product_tag?post=52484"}],"curies":[{"name":"wp","href":"https:\/\/api.w.org\/{rel}","templated":true}]}}