{"id":52476,"date":"2025-03-17T22:50:26","date_gmt":"2025-03-17T20:50:26","guid":{"rendered":"https:\/\/miumjau.ee\/toode\/magic-cat-sitting-cat-dubenelis-katems\/"},"modified":"2025-03-17T22:50:26","modified_gmt":"2025-03-17T20:50:26","slug":"magic-cat-sitting-cat-dubenelis-katems","status":"publish","type":"product","link":"https:\/\/miumjau.ee\/lt\/produktas\/magic-cat-sitting-cat-dubenelis-katems\/","title":{"rendered":"Magic Cat Sitting Cat duben\u0117lis kat\u0117ms"},"content":{"rendered":"","protected":false},"excerpt":{"rendered":"<p data-start=\"1104\" data-end=\"1160\">Magic Cat Sitting Cat keraminis duben\u0117lis kat\u0117ms, 170 ml<\/p>\n<p data-start=\"1162\" data-end=\"1415\">Magic Cat Sitting Cat \u2013 tai stilingas ir prakti\u0161kas keraminis duben\u0117lis, puikiai tinkantis tiek maistui, tiek vandeniui. Auk\u0161tos kokyb\u0117s med\u017eiaga u\u017etikrina ilgaam\u017ei\u0161kum\u0105, o eleganti\u0161kas leten\u0117l\u0117s ir kat\u0117s dizainas suteikia j\u016bs\u0173 nam\u0173 interjerui stiliaus.<\/p>\n<p data-start=\"1417\" data-end=\"1820\"><strong data-start=\"1417\" data-end=\"1445\">Pagrindiniai privalumai:<\/strong><br data-start=\"1445\" data-end=\"1448\" \/>\u2714 Stilingas ir prakti\u0161kas \u2013 unikalus dizainas puo\u0161ia interjer\u0105 ir atspindi j\u016bs\u0173 r\u016bpest\u012f augintiniu.<br data-start=\"1547\" data-end=\"1550\" \/>\u2714 Patvari med\u017eiaga \u2013 \u012fbr\u0117\u017eimams atspari ir lengvai valoma keramika u\u017etikrina ilg\u0105 naudojim\u0105.<br data-start=\"1642\" data-end=\"1645\" \/>\u2714 Higieni\u0161kas \u2013 keraminis pavir\u0161ius ne\u012fgeria kvap\u0173 ir neleid\u017eia kauptis bakterijoms.<br data-start=\"1729\" data-end=\"1732\" \/>\u2714 Patogus dydis \u2013 170 ml talpa tinka kasdieniam naudojimui tiek maistui, tiek vandeniui.<\/p>\n<p data-start=\"1822\" data-end=\"1979\">Dubuo lengvai plaunamas \u2013 pakanka nuplauti \u0161iltu vandeniu. Stabili forma neleid\u017eia jam apvirsti, tod\u0117l augintiniui patogu valgyti. Galima plauti indaplov\u0117je.<\/p>\n<p data-start=\"1981\" data-end=\"2024\" data-is-last-node=\"\" data-is-only-node=\"\"><strong data-start=\"1981\" data-end=\"1997\">I\u0161matavimai:<\/strong> 13,4 \u00d7 4 cm, talpa 170 ml.<\/p>\n","protected":false},"featured_media":52477,"template":"","meta":[],"product_brand":[],"product_cat":[529],"product_tag":[],"class_list":{"0":"post-52476","1":"product","2":"type-product","3":"status-publish","4":"has-post-thumbnail","6":"product_cat-maisto-indai-katems","8":"first","9":"outofstock","10":"taxable","11":"shipping-taxable","12":"purchasable","13":"product-type-simple"},"yoast_head":"<!-- This site is optimized with the Yoast SEO plugin v27.2 - https:\/\/yoast.com\/product\/yoast-seo-wordpress\/ -->\n<title>Magic Cat Sitting Cat duben\u0117lis kat\u0117ms - MiuMjau<\/title>\n<meta name=\"robots\" content=\"index, follow, max-snippet:-1, max-image-preview:large, max-video-preview:-1\" \/>\n<link rel=\"canonical\" href=\"https:\/\/miumjau.ee\/lt\/produktas\/magic-cat-sitting-cat-dubenelis-katems\/\" \/>\n<meta property=\"og:locale\" content=\"lt_LT\" \/>\n<meta property=\"og:type\" content=\"article\" \/>\n<meta property=\"og:title\" content=\"Magic Cat Sitting Cat duben\u0117lis kat\u0117ms - MiuMjau\" \/>\n<meta property=\"og:description\" content=\"Magic Cat Sitting Cat keraminis duben\u0117lis kat\u0117ms, 170 ml Magic Cat Sitting Cat \u2013 tai stilingas ir prakti\u0161kas keraminis duben\u0117lis, puikiai tinkantis tiek maistui, tiek vandeniui. Auk\u0161tos kokyb\u0117s med\u017eiaga u\u017etikrina ilgaam\u017ei\u0161kum\u0105, o eleganti\u0161kas leten\u0117l\u0117s ir kat\u0117s dizainas suteikia j\u016bs\u0173 nam\u0173 interjerui stiliaus. Pagrindiniai privalumai:\u2714 Stilingas ir prakti\u0161kas \u2013 unikalus dizainas puo\u0161ia interjer\u0105 ir atspindi j\u016bs\u0173 r\u016bpest\u012f augintiniu.\u2714 Patvari med\u017eiaga \u2013 \u012fbr\u0117\u017eimams atspari ir lengvai valoma keramika u\u017etikrina ilg\u0105 naudojim\u0105.\u2714 Higieni\u0161kas \u2013 keraminis pavir\u0161ius ne\u012fgeria kvap\u0173 ir neleid\u017eia kauptis bakterijoms.\u2714 Patogus dydis \u2013 170 ml talpa tinka kasdieniam naudojimui tiek maistui, tiek vandeniui. Dubuo lengvai plaunamas \u2013 pakanka nuplauti \u0161iltu vandeniu. Stabili forma neleid\u017eia jam apvirsti, tod\u0117l augintiniui patogu valgyti. Galima plauti indaplov\u0117je. I\u0161matavimai: 13,4 \u00d7 4 cm, talpa 170 ml.\" \/>\n<meta property=\"og:url\" content=\"https:\/\/miumjau.ee\/lt\/produktas\/magic-cat-sitting-cat-dubenelis-katems\/\" \/>\n<meta property=\"og:site_name\" content=\"MiuMjau\" \/>\n<meta property=\"article:publisher\" content=\"https:\/\/www.facebook.com\/miumjaupood\/\" \/>\n<meta property=\"og:image\" content=\"https:\/\/miumjau.ee\/wp-content\/uploads\/2025\/03\/kauss-kassidele-magic-cat-sitting-cat.jpg\" \/>\n\t<meta property=\"og:image:width\" content=\"600\" \/>\n\t<meta property=\"og:image:height\" content=\"800\" \/>\n\t<meta property=\"og:image:type\" content=\"image\/jpeg\" \/>\n<meta name=\"twitter:card\" content=\"summary_large_image\" \/>\n<script type=\"application\/ld+json\" class=\"yoast-schema-graph\">{\"@context\":\"https:\/\/schema.org\",\"@graph\":[{\"@type\":\"WebPage\",\"@id\":\"https:\/\/miumjau.ee\/lt\/produktas\/magic-cat-sitting-cat-dubenelis-katems\/\",\"url\":\"https:\/\/miumjau.ee\/lt\/produktas\/magic-cat-sitting-cat-dubenelis-katems\/\",\"name\":\"Magic Cat Sitting Cat duben\u0117lis kat\u0117ms - MiuMjau\",\"isPartOf\":{\"@id\":\"https:\/\/miumjau.ee\/#website\"},\"primaryImageOfPage\":{\"@id\":\"https:\/\/miumjau.ee\/lt\/produktas\/magic-cat-sitting-cat-dubenelis-katems\/#primaryimage\"},\"image\":{\"@id\":\"https:\/\/miumjau.ee\/lt\/produktas\/magic-cat-sitting-cat-dubenelis-katems\/#primaryimage\"},\"thumbnailUrl\":\"https:\/\/miumjau.ee\/wp-content\/uploads\/2025\/03\/kauss-kassidele-magic-cat-sitting-cat.jpg\",\"datePublished\":\"2025-03-17T20:50:26+00:00\",\"breadcrumb\":{\"@id\":\"https:\/\/miumjau.ee\/lt\/produktas\/magic-cat-sitting-cat-dubenelis-katems\/#breadcrumb\"},\"inLanguage\":\"lt-LT\",\"potentialAction\":[{\"@type\":\"ReadAction\",\"target\":[\"https:\/\/miumjau.ee\/lt\/produktas\/magic-cat-sitting-cat-dubenelis-katems\/\"]}]},{\"@type\":\"ImageObject\",\"inLanguage\":\"lt-LT\",\"@id\":\"https:\/\/miumjau.ee\/lt\/produktas\/magic-cat-sitting-cat-dubenelis-katems\/#primaryimage\",\"url\":\"https:\/\/miumjau.ee\/wp-content\/uploads\/2025\/03\/kauss-kassidele-magic-cat-sitting-cat.jpg\",\"contentUrl\":\"https:\/\/miumjau.ee\/wp-content\/uploads\/2025\/03\/kauss-kassidele-magic-cat-sitting-cat.jpg\",\"width\":600,\"height\":800},{\"@type\":\"BreadcrumbList\",\"@id\":\"https:\/\/miumjau.ee\/lt\/produktas\/magic-cat-sitting-cat-dubenelis-katems\/#breadcrumb\",\"itemListElement\":[{\"@type\":\"ListItem\",\"position\":1,\"name\":\"Home\",\"item\":\"https:\/\/miumjau.ee\/lt\/\"},{\"@type\":\"ListItem\",\"position\":2,\"name\":\"Parduotuv\u0117\",\"item\":\"https:\/\/miumjau.ee\/lt\/parduotuve\/\"},{\"@type\":\"ListItem\",\"position\":3,\"name\":\"Magic Cat Sitting Cat duben\u0117lis kat\u0117ms\"}]},{\"@type\":\"WebSite\",\"@id\":\"https:\/\/miumjau.ee\/#website\",\"url\":\"https:\/\/miumjau.ee\/\",\"name\":\"MiuMjau\",\"description\":\"Kraapimispuud kassidele\",\"publisher\":{\"@id\":\"https:\/\/miumjau.ee\/#organization\"},\"potentialAction\":[{\"@type\":\"SearchAction\",\"target\":{\"@type\":\"EntryPoint\",\"urlTemplate\":\"https:\/\/miumjau.ee\/?s={search_term_string}\"},\"query-input\":{\"@type\":\"PropertyValueSpecification\",\"valueRequired\":true,\"valueName\":\"search_term_string\"}}],\"inLanguage\":\"lt-LT\"},{\"@type\":\"Organization\",\"@id\":\"https:\/\/miumjau.ee\/#organization\",\"name\":\"MiuMjau O\u00dc\",\"url\":\"https:\/\/miumjau.ee\/\",\"logo\":{\"@type\":\"ImageObject\",\"inLanguage\":\"lt-LT\",\"@id\":\"https:\/\/miumjau.ee\/#\/schema\/logo\/image\/\",\"url\":\"https:\/\/miumjau.ee\/wp-content\/uploads\/2022\/04\/MiuMjau-logo-kollane.png\",\"contentUrl\":\"https:\/\/miumjau.ee\/wp-content\/uploads\/2022\/04\/MiuMjau-logo-kollane.png\",\"width\":219,\"height\":100,\"caption\":\"MiuMjau O\u00dc\"},\"image\":{\"@id\":\"https:\/\/miumjau.ee\/#\/schema\/logo\/image\/\"},\"sameAs\":[\"https:\/\/www.facebook.com\/miumjaupood\/\"]}]}<\/script>\n<!-- \/ Yoast SEO plugin. -->","yoast_head_json":{"title":"Magic Cat Sitting Cat duben\u0117lis kat\u0117ms - MiuMjau","robots":{"index":"index","follow":"follow","max-snippet":"max-snippet:-1","max-image-preview":"max-image-preview:large","max-video-preview":"max-video-preview:-1"},"canonical":"https:\/\/miumjau.ee\/lt\/produktas\/magic-cat-sitting-cat-dubenelis-katems\/","og_locale":"lt_LT","og_type":"article","og_title":"Magic Cat Sitting Cat duben\u0117lis kat\u0117ms - MiuMjau","og_description":"Magic Cat Sitting Cat keraminis duben\u0117lis kat\u0117ms, 170 ml Magic Cat Sitting Cat \u2013 tai stilingas ir prakti\u0161kas keraminis duben\u0117lis, puikiai tinkantis tiek maistui, tiek vandeniui. Auk\u0161tos kokyb\u0117s med\u017eiaga u\u017etikrina ilgaam\u017ei\u0161kum\u0105, o eleganti\u0161kas leten\u0117l\u0117s ir kat\u0117s dizainas suteikia j\u016bs\u0173 nam\u0173 interjerui stiliaus. Pagrindiniai privalumai:\u2714 Stilingas ir prakti\u0161kas \u2013 unikalus dizainas puo\u0161ia interjer\u0105 ir atspindi j\u016bs\u0173 r\u016bpest\u012f augintiniu.\u2714 Patvari med\u017eiaga \u2013 \u012fbr\u0117\u017eimams atspari ir lengvai valoma keramika u\u017etikrina ilg\u0105 naudojim\u0105.\u2714 Higieni\u0161kas \u2013 keraminis pavir\u0161ius ne\u012fgeria kvap\u0173 ir neleid\u017eia kauptis bakterijoms.\u2714 Patogus dydis \u2013 170 ml talpa tinka kasdieniam naudojimui tiek maistui, tiek vandeniui. Dubuo lengvai plaunamas \u2013 pakanka nuplauti \u0161iltu vandeniu. Stabili forma neleid\u017eia jam apvirsti, tod\u0117l augintiniui patogu valgyti. Galima plauti indaplov\u0117je. I\u0161matavimai: 13,4 \u00d7 4 cm, talpa 170 ml.","og_url":"https:\/\/miumjau.ee\/lt\/produktas\/magic-cat-sitting-cat-dubenelis-katems\/","og_site_name":"MiuMjau","article_publisher":"https:\/\/www.facebook.com\/miumjaupood\/","og_image":[{"width":600,"height":800,"url":"https:\/\/miumjau.ee\/wp-content\/uploads\/2025\/03\/kauss-kassidele-magic-cat-sitting-cat.jpg","type":"image\/jpeg"}],"twitter_card":"summary_large_image","schema":{"@context":"https:\/\/schema.org","@graph":[{"@type":"WebPage","@id":"https:\/\/miumjau.ee\/lt\/produktas\/magic-cat-sitting-cat-dubenelis-katems\/","url":"https:\/\/miumjau.ee\/lt\/produktas\/magic-cat-sitting-cat-dubenelis-katems\/","name":"Magic Cat Sitting Cat duben\u0117lis kat\u0117ms - MiuMjau","isPartOf":{"@id":"https:\/\/miumjau.ee\/#website"},"primaryImageOfPage":{"@id":"https:\/\/miumjau.ee\/lt\/produktas\/magic-cat-sitting-cat-dubenelis-katems\/#primaryimage"},"image":{"@id":"https:\/\/miumjau.ee\/lt\/produktas\/magic-cat-sitting-cat-dubenelis-katems\/#primaryimage"},"thumbnailUrl":"https:\/\/miumjau.ee\/wp-content\/uploads\/2025\/03\/kauss-kassidele-magic-cat-sitting-cat.jpg","datePublished":"2025-03-17T20:50:26+00:00","breadcrumb":{"@id":"https:\/\/miumjau.ee\/lt\/produktas\/magic-cat-sitting-cat-dubenelis-katems\/#breadcrumb"},"inLanguage":"lt-LT","potentialAction":[{"@type":"ReadAction","target":["https:\/\/miumjau.ee\/lt\/produktas\/magic-cat-sitting-cat-dubenelis-katems\/"]}]},{"@type":"ImageObject","inLanguage":"lt-LT","@id":"https:\/\/miumjau.ee\/lt\/produktas\/magic-cat-sitting-cat-dubenelis-katems\/#primaryimage","url":"https:\/\/miumjau.ee\/wp-content\/uploads\/2025\/03\/kauss-kassidele-magic-cat-sitting-cat.jpg","contentUrl":"https:\/\/miumjau.ee\/wp-content\/uploads\/2025\/03\/kauss-kassidele-magic-cat-sitting-cat.jpg","width":600,"height":800},{"@type":"BreadcrumbList","@id":"https:\/\/miumjau.ee\/lt\/produktas\/magic-cat-sitting-cat-dubenelis-katems\/#breadcrumb","itemListElement":[{"@type":"ListItem","position":1,"name":"Home","item":"https:\/\/miumjau.ee\/lt\/"},{"@type":"ListItem","position":2,"name":"Parduotuv\u0117","item":"https:\/\/miumjau.ee\/lt\/parduotuve\/"},{"@type":"ListItem","position":3,"name":"Magic Cat Sitting Cat duben\u0117lis kat\u0117ms"}]},{"@type":"WebSite","@id":"https:\/\/miumjau.ee\/#website","url":"https:\/\/miumjau.ee\/","name":"MiuMjau","description":"Kraapimispuud kassidele","publisher":{"@id":"https:\/\/miumjau.ee\/#organization"},"potentialAction":[{"@type":"SearchAction","target":{"@type":"EntryPoint","urlTemplate":"https:\/\/miumjau.ee\/?s={search_term_string}"},"query-input":{"@type":"PropertyValueSpecification","valueRequired":true,"valueName":"search_term_string"}}],"inLanguage":"lt-LT"},{"@type":"Organization","@id":"https:\/\/miumjau.ee\/#organization","name":"MiuMjau O\u00dc","url":"https:\/\/miumjau.ee\/","logo":{"@type":"ImageObject","inLanguage":"lt-LT","@id":"https:\/\/miumjau.ee\/#\/schema\/logo\/image\/","url":"https:\/\/miumjau.ee\/wp-content\/uploads\/2022\/04\/MiuMjau-logo-kollane.png","contentUrl":"https:\/\/miumjau.ee\/wp-content\/uploads\/2022\/04\/MiuMjau-logo-kollane.png","width":219,"height":100,"caption":"MiuMjau O\u00dc"},"image":{"@id":"https:\/\/miumjau.ee\/#\/schema\/logo\/image\/"},"sameAs":["https:\/\/www.facebook.com\/miumjaupood\/"]}]}},"_links":{"self":[{"href":"https:\/\/miumjau.ee\/lt\/wp-json\/wp\/v2\/product\/52476","targetHints":{"allow":["GET"]}}],"collection":[{"href":"https:\/\/miumjau.ee\/lt\/wp-json\/wp\/v2\/product"}],"about":[{"href":"https:\/\/miumjau.ee\/lt\/wp-json\/wp\/v2\/types\/product"}],"wp:featuredmedia":[{"embeddable":true,"href":"https:\/\/miumjau.ee\/lt\/wp-json\/wp\/v2\/media\/52477"}],"wp:attachment":[{"href":"https:\/\/miumjau.ee\/lt\/wp-json\/wp\/v2\/media?parent=52476"}],"wp:term":[{"taxonomy":"product_brand","embeddable":true,"href":"https:\/\/miumjau.ee\/lt\/wp-json\/wp\/v2\/product_brand?post=52476"},{"taxonomy":"product_cat","embeddable":true,"href":"https:\/\/miumjau.ee\/lt\/wp-json\/wp\/v2\/product_cat?post=52476"},{"taxonomy":"product_tag","embeddable":true,"href":"https:\/\/miumjau.ee\/lt\/wp-json\/wp\/v2\/product_tag?post=52476"}],"curies":[{"name":"wp","href":"https:\/\/api.w.org\/{rel}","templated":true}]}}