{"id":52416,"date":"2025-03-23T13:45:26","date_gmt":"2025-03-23T11:45:26","guid":{"rendered":"https:\/\/miumjau.ee\/toode\/sana-mini-dresuros-skanestai-su-triusiena-obuoliais-ir-lapiniais-kopustais-1-kg\/"},"modified":"2025-03-23T13:45:26","modified_gmt":"2025-03-23T11:45:26","slug":"sana-mini-dresuros-skanestai-su-triusiena-obuoliais-ir-lapiniais-kopustais-1-kg","status":"publish","type":"product","link":"https:\/\/miumjau.ee\/lt\/produktas\/sana-mini-dresuros-skanestai-su-triusiena-obuoliais-ir-lapiniais-kopustais-1-kg\/","title":{"rendered":"Sana Mini dres\u016bros skan\u0117stai su triu\u0161iena, obuoliais ir lapiniais kop\u016bstais 1 kg"},"content":{"rendered":"","protected":false},"excerpt":{"rendered":"<p data-start=\"4119\" data-end=\"4368\">Sana dres\u016bros skan\u0117stai yra sveiki ir mink\u0161tos konsistencijos, tod\u0117l puikiai tinka kasdien\u0117ms treniruot\u0117ms ir motyvacijai. Jie idealiai tinka pozityvaus pastiprinimo metodams \u2013 taip j\u016bs\u0173 \u0161uo apdovanojamas u\u017e pageidaujam\u0105 elges\u012f skan\u0117stu ar pagyrimu.<\/p>\n<p data-start=\"4370\" data-end=\"4610\">Kruop\u0161\u010diai atrinkta triu\u0161iena, obuoliai ir lapiniai kop\u016bstai gaunami i\u0161 vietini\u0173 gamintoj\u0173 ir yra 100 % atsekami. D\u0117l \u0161velnaus gamybos proceso i\u0161saugomos maistin\u0117s med\u017eiagos, padedan\u010dios j\u016bs\u0173 \u0161uniui i\u0161likti sveikam ir energingam ilg\u0105 laik\u0105.<\/p>\n<p data-start=\"4612\" data-end=\"4814\">SANADOG skan\u0117stai su triu\u0161iena, obuoliais ir lapiniais kop\u016bstais yra nepaprastai skanus ir sveikas atlygis. Jie netrupa ir neriebaluoja, tod\u0117l juos patogu laikyti ki\u0161en\u0117je ir naudoti treniruot\u0117ms lauke.<\/p>\n<p data-start=\"4816\" data-end=\"5056\"><strong data-start=\"4816\" data-end=\"4828\">Sud\u0117tis:<\/strong> 90 % triu\u0161iena, 4 % obuoliai, 4 % lapiniai kop\u016bstai, 2 % nat\u016bralus augalinis glicerinas.<br data-start=\"4917\" data-end=\"4920\" \/><strong data-start=\"4920\" data-end=\"4954\">Analitin\u0117s sudedamosios dalys:<\/strong> Baltymai 36 %, Riebalai 19 %, Dr\u0117gm\u0117 8 %, Pelenai 8 %, Skaidulos 2 %<br data-start=\"5023\" data-end=\"5026\" \/><strong data-start=\"5026\" data-end=\"5056\">Papildomas pa\u0161aras \u0161unims.<\/strong><\/p>\n<p data-start=\"5058\" data-end=\"5147\"><strong data-start=\"5058\" data-end=\"5071\">Laikymas:<\/strong> Laikyti v\u0117sioje, sausoje vietoje, saugoti nuo tiesiogini\u0173 saul\u0117s spinduli\u0173.<\/p>\n<p data-start=\"5149\" data-end=\"5305\" data-is-last-node=\"\" data-is-only-node=\"\"><strong data-start=\"5149\" data-end=\"5174\">\u0160\u0117rimo rekomendacija:<\/strong> Tinka \u0161uniukams nuo 12 savai\u010di\u0173 am\u017eiaus.<br data-start=\"5215\" data-end=\"5218\" \/>\u0160\u0117rimo metu steb\u0117kite \u0161un\u012f ir visada u\u017etikrinkite, kad b\u016bt\u0173 \u0161vie\u017eio ir \u0161varaus vandens.<\/p>\n","protected":false},"featured_media":52417,"template":"","meta":[],"product_brand":[],"product_cat":[540],"product_tag":[],"class_list":{"0":"post-52416","1":"product","2":"type-product","3":"status-publish","4":"has-post-thumbnail","6":"product_cat-skanestai-sunims","8":"first","9":"outofstock","10":"taxable","11":"shipping-taxable","12":"purchasable","13":"product-type-simple"},"yoast_head":"<!-- This site is optimized with the Yoast SEO plugin v27.2 - https:\/\/yoast.com\/product\/yoast-seo-wordpress\/ -->\n<title>Sana Mini dres\u016bros skan\u0117stai su triu\u0161iena, obuoliais ir lapiniais kop\u016bstais 1 kg - MiuMjau<\/title>\n<meta name=\"robots\" content=\"index, follow, max-snippet:-1, max-image-preview:large, max-video-preview:-1\" \/>\n<link rel=\"canonical\" href=\"https:\/\/miumjau.ee\/lt\/produktas\/sana-mini-dresuros-skanestai-su-triusiena-obuoliais-ir-lapiniais-kopustais-1-kg\/\" \/>\n<meta property=\"og:locale\" content=\"lt_LT\" \/>\n<meta property=\"og:type\" content=\"article\" \/>\n<meta property=\"og:title\" content=\"Sana Mini dres\u016bros skan\u0117stai su triu\u0161iena, obuoliais ir lapiniais kop\u016bstais 1 kg - MiuMjau\" \/>\n<meta property=\"og:description\" content=\"Sana dres\u016bros skan\u0117stai yra sveiki ir mink\u0161tos konsistencijos, tod\u0117l puikiai tinka kasdien\u0117ms treniruot\u0117ms ir motyvacijai. Jie idealiai tinka pozityvaus pastiprinimo metodams \u2013 taip j\u016bs\u0173 \u0161uo apdovanojamas u\u017e pageidaujam\u0105 elges\u012f skan\u0117stu ar pagyrimu. Kruop\u0161\u010diai atrinkta triu\u0161iena, obuoliai ir lapiniai kop\u016bstai gaunami i\u0161 vietini\u0173 gamintoj\u0173 ir yra 100 % atsekami. D\u0117l \u0161velnaus gamybos proceso i\u0161saugomos maistin\u0117s med\u017eiagos, padedan\u010dios j\u016bs\u0173 \u0161uniui i\u0161likti sveikam ir energingam ilg\u0105 laik\u0105. SANADOG skan\u0117stai su triu\u0161iena, obuoliais ir lapiniais kop\u016bstais yra nepaprastai skanus ir sveikas atlygis. Jie netrupa ir neriebaluoja, tod\u0117l juos patogu laikyti ki\u0161en\u0117je ir naudoti treniruot\u0117ms lauke. Sud\u0117tis: 90 % triu\u0161iena, 4 % obuoliai, 4 % lapiniai kop\u016bstai, 2 % nat\u016bralus augalinis glicerinas.Analitin\u0117s sudedamosios dalys: Baltymai 36 %, Riebalai 19 %, Dr\u0117gm\u0117 8 %, Pelenai 8 %, Skaidulos 2 %Papildomas pa\u0161aras \u0161unims. Laikymas: Laikyti v\u0117sioje, sausoje vietoje, saugoti nuo tiesiogini\u0173 saul\u0117s spinduli\u0173. \u0160\u0117rimo rekomendacija: Tinka \u0161uniukams nuo 12 savai\u010di\u0173 am\u017eiaus.\u0160\u0117rimo metu steb\u0117kite \u0161un\u012f ir visada u\u017etikrinkite, kad b\u016bt\u0173 \u0161vie\u017eio ir \u0161varaus vandens.\" \/>\n<meta property=\"og:url\" content=\"https:\/\/miumjau.ee\/lt\/produktas\/sana-mini-dresuros-skanestai-su-triusiena-obuoliais-ir-lapiniais-kopustais-1-kg\/\" \/>\n<meta property=\"og:site_name\" content=\"MiuMjau\" \/>\n<meta property=\"article:publisher\" content=\"https:\/\/www.facebook.com\/miumjaupood\/\" \/>\n<meta property=\"og:image\" content=\"https:\/\/miumjau.ee\/wp-content\/uploads\/2025\/03\/treeningmaius-sana-janes-superfoods-1kg.webp\" \/>\n\t<meta property=\"og:image:width\" content=\"600\" \/>\n\t<meta property=\"og:image:height\" content=\"800\" \/>\n\t<meta property=\"og:image:type\" content=\"image\/webp\" \/>\n<meta name=\"twitter:card\" content=\"summary_large_image\" \/>\n<script type=\"application\/ld+json\" class=\"yoast-schema-graph\">{\"@context\":\"https:\/\/schema.org\",\"@graph\":[{\"@type\":\"WebPage\",\"@id\":\"https:\/\/miumjau.ee\/lt\/produktas\/sana-mini-dresuros-skanestai-su-triusiena-obuoliais-ir-lapiniais-kopustais-1-kg\/\",\"url\":\"https:\/\/miumjau.ee\/lt\/produktas\/sana-mini-dresuros-skanestai-su-triusiena-obuoliais-ir-lapiniais-kopustais-1-kg\/\",\"name\":\"Sana Mini dres\u016bros skan\u0117stai su triu\u0161iena, obuoliais ir lapiniais kop\u016bstais 1 kg - MiuMjau\",\"isPartOf\":{\"@id\":\"https:\/\/miumjau.ee\/#website\"},\"primaryImageOfPage\":{\"@id\":\"https:\/\/miumjau.ee\/lt\/produktas\/sana-mini-dresuros-skanestai-su-triusiena-obuoliais-ir-lapiniais-kopustais-1-kg\/#primaryimage\"},\"image\":{\"@id\":\"https:\/\/miumjau.ee\/lt\/produktas\/sana-mini-dresuros-skanestai-su-triusiena-obuoliais-ir-lapiniais-kopustais-1-kg\/#primaryimage\"},\"thumbnailUrl\":\"https:\/\/miumjau.ee\/wp-content\/uploads\/2025\/03\/treeningmaius-sana-janes-superfoods-1kg.webp\",\"datePublished\":\"2025-03-23T11:45:26+00:00\",\"breadcrumb\":{\"@id\":\"https:\/\/miumjau.ee\/lt\/produktas\/sana-mini-dresuros-skanestai-su-triusiena-obuoliais-ir-lapiniais-kopustais-1-kg\/#breadcrumb\"},\"inLanguage\":\"lt-LT\",\"potentialAction\":[{\"@type\":\"ReadAction\",\"target\":[\"https:\/\/miumjau.ee\/lt\/produktas\/sana-mini-dresuros-skanestai-su-triusiena-obuoliais-ir-lapiniais-kopustais-1-kg\/\"]}]},{\"@type\":\"ImageObject\",\"inLanguage\":\"lt-LT\",\"@id\":\"https:\/\/miumjau.ee\/lt\/produktas\/sana-mini-dresuros-skanestai-su-triusiena-obuoliais-ir-lapiniais-kopustais-1-kg\/#primaryimage\",\"url\":\"https:\/\/miumjau.ee\/wp-content\/uploads\/2025\/03\/treeningmaius-sana-janes-superfoods-1kg.webp\",\"contentUrl\":\"https:\/\/miumjau.ee\/wp-content\/uploads\/2025\/03\/treeningmaius-sana-janes-superfoods-1kg.webp\",\"width\":600,\"height\":800},{\"@type\":\"BreadcrumbList\",\"@id\":\"https:\/\/miumjau.ee\/lt\/produktas\/sana-mini-dresuros-skanestai-su-triusiena-obuoliais-ir-lapiniais-kopustais-1-kg\/#breadcrumb\",\"itemListElement\":[{\"@type\":\"ListItem\",\"position\":1,\"name\":\"Home\",\"item\":\"https:\/\/miumjau.ee\/lt\/\"},{\"@type\":\"ListItem\",\"position\":2,\"name\":\"Parduotuv\u0117\",\"item\":\"https:\/\/miumjau.ee\/lt\/parduotuve\/\"},{\"@type\":\"ListItem\",\"position\":3,\"name\":\"Sana Mini dres\u016bros skan\u0117stai su triu\u0161iena, obuoliais ir lapiniais kop\u016bstais 1 kg\"}]},{\"@type\":\"WebSite\",\"@id\":\"https:\/\/miumjau.ee\/#website\",\"url\":\"https:\/\/miumjau.ee\/\",\"name\":\"MiuMjau\",\"description\":\"Kraapimispuud kassidele\",\"publisher\":{\"@id\":\"https:\/\/miumjau.ee\/#organization\"},\"potentialAction\":[{\"@type\":\"SearchAction\",\"target\":{\"@type\":\"EntryPoint\",\"urlTemplate\":\"https:\/\/miumjau.ee\/?s={search_term_string}\"},\"query-input\":{\"@type\":\"PropertyValueSpecification\",\"valueRequired\":true,\"valueName\":\"search_term_string\"}}],\"inLanguage\":\"lt-LT\"},{\"@type\":\"Organization\",\"@id\":\"https:\/\/miumjau.ee\/#organization\",\"name\":\"MiuMjau O\u00dc\",\"url\":\"https:\/\/miumjau.ee\/\",\"logo\":{\"@type\":\"ImageObject\",\"inLanguage\":\"lt-LT\",\"@id\":\"https:\/\/miumjau.ee\/#\/schema\/logo\/image\/\",\"url\":\"https:\/\/miumjau.ee\/wp-content\/uploads\/2022\/04\/MiuMjau-logo-kollane.png\",\"contentUrl\":\"https:\/\/miumjau.ee\/wp-content\/uploads\/2022\/04\/MiuMjau-logo-kollane.png\",\"width\":219,\"height\":100,\"caption\":\"MiuMjau O\u00dc\"},\"image\":{\"@id\":\"https:\/\/miumjau.ee\/#\/schema\/logo\/image\/\"},\"sameAs\":[\"https:\/\/www.facebook.com\/miumjaupood\/\"]}]}<\/script>\n<!-- \/ Yoast SEO plugin. -->","yoast_head_json":{"title":"Sana Mini dres\u016bros skan\u0117stai su triu\u0161iena, obuoliais ir lapiniais kop\u016bstais 1 kg - MiuMjau","robots":{"index":"index","follow":"follow","max-snippet":"max-snippet:-1","max-image-preview":"max-image-preview:large","max-video-preview":"max-video-preview:-1"},"canonical":"https:\/\/miumjau.ee\/lt\/produktas\/sana-mini-dresuros-skanestai-su-triusiena-obuoliais-ir-lapiniais-kopustais-1-kg\/","og_locale":"lt_LT","og_type":"article","og_title":"Sana Mini dres\u016bros skan\u0117stai su triu\u0161iena, obuoliais ir lapiniais kop\u016bstais 1 kg - MiuMjau","og_description":"Sana dres\u016bros skan\u0117stai yra sveiki ir mink\u0161tos konsistencijos, tod\u0117l puikiai tinka kasdien\u0117ms treniruot\u0117ms ir motyvacijai. Jie idealiai tinka pozityvaus pastiprinimo metodams \u2013 taip j\u016bs\u0173 \u0161uo apdovanojamas u\u017e pageidaujam\u0105 elges\u012f skan\u0117stu ar pagyrimu. Kruop\u0161\u010diai atrinkta triu\u0161iena, obuoliai ir lapiniai kop\u016bstai gaunami i\u0161 vietini\u0173 gamintoj\u0173 ir yra 100 % atsekami. D\u0117l \u0161velnaus gamybos proceso i\u0161saugomos maistin\u0117s med\u017eiagos, padedan\u010dios j\u016bs\u0173 \u0161uniui i\u0161likti sveikam ir energingam ilg\u0105 laik\u0105. SANADOG skan\u0117stai su triu\u0161iena, obuoliais ir lapiniais kop\u016bstais yra nepaprastai skanus ir sveikas atlygis. Jie netrupa ir neriebaluoja, tod\u0117l juos patogu laikyti ki\u0161en\u0117je ir naudoti treniruot\u0117ms lauke. Sud\u0117tis: 90 % triu\u0161iena, 4 % obuoliai, 4 % lapiniai kop\u016bstai, 2 % nat\u016bralus augalinis glicerinas.Analitin\u0117s sudedamosios dalys: Baltymai 36 %, Riebalai 19 %, Dr\u0117gm\u0117 8 %, Pelenai 8 %, Skaidulos 2 %Papildomas pa\u0161aras \u0161unims. Laikymas: Laikyti v\u0117sioje, sausoje vietoje, saugoti nuo tiesiogini\u0173 saul\u0117s spinduli\u0173. \u0160\u0117rimo rekomendacija: Tinka \u0161uniukams nuo 12 savai\u010di\u0173 am\u017eiaus.\u0160\u0117rimo metu steb\u0117kite \u0161un\u012f ir visada u\u017etikrinkite, kad b\u016bt\u0173 \u0161vie\u017eio ir \u0161varaus vandens.","og_url":"https:\/\/miumjau.ee\/lt\/produktas\/sana-mini-dresuros-skanestai-su-triusiena-obuoliais-ir-lapiniais-kopustais-1-kg\/","og_site_name":"MiuMjau","article_publisher":"https:\/\/www.facebook.com\/miumjaupood\/","og_image":[{"width":600,"height":800,"url":"https:\/\/miumjau.ee\/wp-content\/uploads\/2025\/03\/treeningmaius-sana-janes-superfoods-1kg.webp","type":"image\/webp"}],"twitter_card":"summary_large_image","schema":{"@context":"https:\/\/schema.org","@graph":[{"@type":"WebPage","@id":"https:\/\/miumjau.ee\/lt\/produktas\/sana-mini-dresuros-skanestai-su-triusiena-obuoliais-ir-lapiniais-kopustais-1-kg\/","url":"https:\/\/miumjau.ee\/lt\/produktas\/sana-mini-dresuros-skanestai-su-triusiena-obuoliais-ir-lapiniais-kopustais-1-kg\/","name":"Sana Mini dres\u016bros skan\u0117stai su triu\u0161iena, obuoliais ir lapiniais kop\u016bstais 1 kg - MiuMjau","isPartOf":{"@id":"https:\/\/miumjau.ee\/#website"},"primaryImageOfPage":{"@id":"https:\/\/miumjau.ee\/lt\/produktas\/sana-mini-dresuros-skanestai-su-triusiena-obuoliais-ir-lapiniais-kopustais-1-kg\/#primaryimage"},"image":{"@id":"https:\/\/miumjau.ee\/lt\/produktas\/sana-mini-dresuros-skanestai-su-triusiena-obuoliais-ir-lapiniais-kopustais-1-kg\/#primaryimage"},"thumbnailUrl":"https:\/\/miumjau.ee\/wp-content\/uploads\/2025\/03\/treeningmaius-sana-janes-superfoods-1kg.webp","datePublished":"2025-03-23T11:45:26+00:00","breadcrumb":{"@id":"https:\/\/miumjau.ee\/lt\/produktas\/sana-mini-dresuros-skanestai-su-triusiena-obuoliais-ir-lapiniais-kopustais-1-kg\/#breadcrumb"},"inLanguage":"lt-LT","potentialAction":[{"@type":"ReadAction","target":["https:\/\/miumjau.ee\/lt\/produktas\/sana-mini-dresuros-skanestai-su-triusiena-obuoliais-ir-lapiniais-kopustais-1-kg\/"]}]},{"@type":"ImageObject","inLanguage":"lt-LT","@id":"https:\/\/miumjau.ee\/lt\/produktas\/sana-mini-dresuros-skanestai-su-triusiena-obuoliais-ir-lapiniais-kopustais-1-kg\/#primaryimage","url":"https:\/\/miumjau.ee\/wp-content\/uploads\/2025\/03\/treeningmaius-sana-janes-superfoods-1kg.webp","contentUrl":"https:\/\/miumjau.ee\/wp-content\/uploads\/2025\/03\/treeningmaius-sana-janes-superfoods-1kg.webp","width":600,"height":800},{"@type":"BreadcrumbList","@id":"https:\/\/miumjau.ee\/lt\/produktas\/sana-mini-dresuros-skanestai-su-triusiena-obuoliais-ir-lapiniais-kopustais-1-kg\/#breadcrumb","itemListElement":[{"@type":"ListItem","position":1,"name":"Home","item":"https:\/\/miumjau.ee\/lt\/"},{"@type":"ListItem","position":2,"name":"Parduotuv\u0117","item":"https:\/\/miumjau.ee\/lt\/parduotuve\/"},{"@type":"ListItem","position":3,"name":"Sana Mini dres\u016bros skan\u0117stai su triu\u0161iena, obuoliais ir lapiniais kop\u016bstais 1 kg"}]},{"@type":"WebSite","@id":"https:\/\/miumjau.ee\/#website","url":"https:\/\/miumjau.ee\/","name":"MiuMjau","description":"Kraapimispuud kassidele","publisher":{"@id":"https:\/\/miumjau.ee\/#organization"},"potentialAction":[{"@type":"SearchAction","target":{"@type":"EntryPoint","urlTemplate":"https:\/\/miumjau.ee\/?s={search_term_string}"},"query-input":{"@type":"PropertyValueSpecification","valueRequired":true,"valueName":"search_term_string"}}],"inLanguage":"lt-LT"},{"@type":"Organization","@id":"https:\/\/miumjau.ee\/#organization","name":"MiuMjau O\u00dc","url":"https:\/\/miumjau.ee\/","logo":{"@type":"ImageObject","inLanguage":"lt-LT","@id":"https:\/\/miumjau.ee\/#\/schema\/logo\/image\/","url":"https:\/\/miumjau.ee\/wp-content\/uploads\/2022\/04\/MiuMjau-logo-kollane.png","contentUrl":"https:\/\/miumjau.ee\/wp-content\/uploads\/2022\/04\/MiuMjau-logo-kollane.png","width":219,"height":100,"caption":"MiuMjau O\u00dc"},"image":{"@id":"https:\/\/miumjau.ee\/#\/schema\/logo\/image\/"},"sameAs":["https:\/\/www.facebook.com\/miumjaupood\/"]}]}},"_links":{"self":[{"href":"https:\/\/miumjau.ee\/lt\/wp-json\/wp\/v2\/product\/52416","targetHints":{"allow":["GET"]}}],"collection":[{"href":"https:\/\/miumjau.ee\/lt\/wp-json\/wp\/v2\/product"}],"about":[{"href":"https:\/\/miumjau.ee\/lt\/wp-json\/wp\/v2\/types\/product"}],"wp:featuredmedia":[{"embeddable":true,"href":"https:\/\/miumjau.ee\/lt\/wp-json\/wp\/v2\/media\/52417"}],"wp:attachment":[{"href":"https:\/\/miumjau.ee\/lt\/wp-json\/wp\/v2\/media?parent=52416"}],"wp:term":[{"taxonomy":"product_brand","embeddable":true,"href":"https:\/\/miumjau.ee\/lt\/wp-json\/wp\/v2\/product_brand?post=52416"},{"taxonomy":"product_cat","embeddable":true,"href":"https:\/\/miumjau.ee\/lt\/wp-json\/wp\/v2\/product_cat?post=52416"},{"taxonomy":"product_tag","embeddable":true,"href":"https:\/\/miumjau.ee\/lt\/wp-json\/wp\/v2\/product_tag?post=52416"}],"curies":[{"name":"wp","href":"https:\/\/api.w.org\/{rel}","templated":true}]}}